{"id":30015,"date":"2025-04-20T20:32:17","date_gmt":"2025-04-20T16:32:17","guid":{"rendered":"https:\/\/airsystems.ge\/shop\/product\/rce-rce-s-external-condensing-for-precision-air-conditioning-units\/"},"modified":"2025-04-20T20:40:15","modified_gmt":"2025-04-20T16:40:15","slug":"rce-rce-s-external-condensing-for-precision-air-conditioning-units","status":"publish","type":"product","link":"https:\/\/geoclimate.ge\/fr\/produit\/rce-rce-s-external-condensing-for-precision-air-conditioning-units\/","title":{"rendered":"RCE \/ RCE-S Condensation ext\u00e9rieure pour climatiseurs de pr\u00e9cision"},"content":{"rendered":"<p>Caract\u00e9ristiques\u00a0: \u00c9changeur de chaleur avec une configuration sp\u00e9ciale d&rsquo;ailettes tr\u00e8s proches les unes des autres, optimisant et augmentant les performances d&rsquo;\u00e9change thermique gr\u00e2ce \u00e0 l&rsquo;utilisation de tubes sp\u00e9ciaux \u00e0 haut rendement avec rainures internes. Les nouveaux condenseurs \u00e0 distance RCE-RCES peuvent \u00eatre fournis avec un rev\u00eatement nano sp\u00e9cial qui ralentit progressivement le d\u00e9p\u00f4t de poussi\u00e8re et de pollution sur la surface des ailettes, pr\u00e9servant ainsi la propret\u00e9 de la surface d&rsquo;\u00e9change thermique, optimisant ainsi son efficacit\u00e9 et offrant une r\u00e9sistance accrue \u00e0 la corrosion. Tous les mod\u00e8les sont disponibles en versions standard, silencieuse et super silencieuse.<\/p>\n<p>ACCESSOIRES<\/p>\n<p>\u2022 Fonctionnement jusqu&rsquo;\u00e0 -40 \u00b0C<\/p>\n<p>\u2022 R\u00e9gulation de la vitesse du ventilateur<\/p>\n<p>\u2022 Batterie cuivre\/cuivre<\/p>\n<p>\u2022 Ventilateurs axiaux avec moteur \u00e0 commande \u00e9lectronique (EC)<\/p>\n","protected":false},"excerpt":{"rendered":"<p>Unit\u00e9s de condensation ext\u00e9rieures pour climatiseurs de pr\u00e9cision. Condenseurs d\u00e9port\u00e9s avec ventilateurs axiaux pour installation ext\u00e9rieure. Les condenseurs peuvent \u00eatre install\u00e9s en position verticale (flux d&rsquo;air horizontal) ou horizontale (flux d&rsquo;air vertical) \u00e0 l&rsquo;aide des pieds appropri\u00e9s. Les ventilateurs \u00e0 vitesse variable et tr\u00e8s silencieux sont parfaits pour les projets o\u00f9 les \u00e9missions acoustiques jouent un r\u00f4le essentiel.<\/p>\n","protected":false},"featured_media":30010,"template":"","meta":[],"product_brand":[],"product_cat":[1269,1258,682],"product_tag":[],"class_list":{"0":"post-30015","1":"product","2":"type-product","3":"status-publish","4":"has-post-thumbnail","6":"product_cat-climatisation-de-precision-crac-fr","7":"product_cat-climatisation-de-precision-crac-crah","8":"product_cat-climatiseurs-fr-industriels","10":"first","11":"instock","12":"shipping-taxable","13":"product-type-simple"},"yoast_head":"<!-- This site is optimized with the Yoast SEO plugin v27.1.1 - https:\/\/yoast.com\/product\/yoast-seo-wordpress\/ -->\n<title>RCE \/ RCE-S Condensation ext\u00e9rieure pour climatiseurs de pr\u00e9cision - GeoClimate.ge<\/title>\n<meta name=\"robots\" content=\"index, follow, max-snippet:-1, max-image-preview:large, max-video-preview:-1\" \/>\n<link rel=\"canonical\" href=\"https:\/\/geoclimate.ge\/fr\/produit\/rce-rce-s-external-condensing-for-precision-air-conditioning-units\/\" \/>\n<meta property=\"og:locale\" content=\"fr_FR\" \/>\n<meta property=\"og:type\" content=\"article\" \/>\n<meta property=\"og:title\" content=\"RCE \/ RCE-S Condensation ext\u00e9rieure pour climatiseurs de pr\u00e9cision - GeoClimate.ge\" \/>\n<meta property=\"og:description\" content=\"Unit\u00e9s de condensation ext\u00e9rieures pour climatiseurs de pr\u00e9cision. Condenseurs d\u00e9port\u00e9s avec ventilateurs axiaux pour installation ext\u00e9rieure. Les condenseurs peuvent \u00eatre install\u00e9s en position verticale (flux d&#039;air horizontal) ou horizontale (flux d&#039;air vertical) \u00e0 l&#039;aide des pieds appropri\u00e9s. Les ventilateurs \u00e0 vitesse variable et tr\u00e8s silencieux sont parfaits pour les projets o\u00f9 les \u00e9missions acoustiques jouent un r\u00f4le essentiel.\" \/>\n<meta property=\"og:url\" content=\"https:\/\/geoclimate.ge\/fr\/produit\/rce-rce-s-external-condensing-for-precision-air-conditioning-units\/\" \/>\n<meta property=\"og:site_name\" content=\"GeoClimate.ge\" \/>\n<meta property=\"article:modified_time\" content=\"2025-04-20T16:40:15+00:00\" \/>\n<meta property=\"og:image\" content=\"https:\/\/geoclimate.ge\/wp-content\/uploads\/2025\/04\/RCE_no-logo-1-scaled-1.jpg\" \/>\n\t<meta property=\"og:image:width\" content=\"2560\" \/>\n\t<meta property=\"og:image:height\" content=\"1129\" \/>\n\t<meta property=\"og:image:type\" content=\"image\/jpeg\" \/>\n<meta name=\"twitter:card\" content=\"summary_large_image\" \/>\n<meta name=\"twitter:label1\" content=\"Dur\u00e9e de lecture estim\u00e9e\" \/>\n\t<meta name=\"twitter:data1\" content=\"1 minute\" \/>\n<script type=\"application\/ld+json\" class=\"yoast-schema-graph\">{\"@context\":\"https:\/\/schema.org\",\"@graph\":[{\"@type\":\"WebPage\",\"@id\":\"https:\/\/geoclimate.ge\/fr\/produit\/rce-rce-s-external-condensing-for-precision-air-conditioning-units\/\",\"url\":\"https:\/\/geoclimate.ge\/fr\/produit\/rce-rce-s-external-condensing-for-precision-air-conditioning-units\/\",\"name\":\"RCE \/ RCE-S Condensation ext\u00e9rieure pour climatiseurs de pr\u00e9cision - GeoClimate.ge\",\"isPartOf\":{\"@id\":\"https:\/\/geoclimate.ge\/#website\"},\"primaryImageOfPage\":{\"@id\":\"https:\/\/geoclimate.ge\/fr\/produit\/rce-rce-s-external-condensing-for-precision-air-conditioning-units\/#primaryimage\"},\"image\":{\"@id\":\"https:\/\/geoclimate.ge\/fr\/produit\/rce-rce-s-external-condensing-for-precision-air-conditioning-units\/#primaryimage\"},\"thumbnailUrl\":\"https:\/\/geoclimate.ge\/wp-content\/uploads\/2025\/04\/RCE_no-logo-1-scaled-1.jpg\",\"datePublished\":\"2025-04-20T16:32:17+00:00\",\"dateModified\":\"2025-04-20T16:40:15+00:00\",\"breadcrumb\":{\"@id\":\"https:\/\/geoclimate.ge\/fr\/produit\/rce-rce-s-external-condensing-for-precision-air-conditioning-units\/#breadcrumb\"},\"inLanguage\":\"fr-FR\",\"potentialAction\":[{\"@type\":\"ReadAction\",\"target\":[\"https:\/\/geoclimate.ge\/fr\/produit\/rce-rce-s-external-condensing-for-precision-air-conditioning-units\/\"]}]},{\"@type\":\"ImageObject\",\"inLanguage\":\"fr-FR\",\"@id\":\"https:\/\/geoclimate.ge\/fr\/produit\/rce-rce-s-external-condensing-for-precision-air-conditioning-units\/#primaryimage\",\"url\":\"https:\/\/geoclimate.ge\/wp-content\/uploads\/2025\/04\/RCE_no-logo-1-scaled-1.jpg\",\"contentUrl\":\"https:\/\/geoclimate.ge\/wp-content\/uploads\/2025\/04\/RCE_no-logo-1-scaled-1.jpg\",\"width\":2560,\"height\":1129},{\"@type\":\"BreadcrumbList\",\"@id\":\"https:\/\/geoclimate.ge\/fr\/produit\/rce-rce-s-external-condensing-for-precision-air-conditioning-units\/#breadcrumb\",\"itemListElement\":[{\"@type\":\"ListItem\",\"position\":1,\"name\":\"Home\",\"item\":\"https:\/\/geoclimate.ge\/fr\/\"},{\"@type\":\"ListItem\",\"position\":2,\"name\":\"Products\",\"item\":\"https:\/\/geoclimate.ge\/fr\/products\/\"},{\"@type\":\"ListItem\",\"position\":3,\"name\":\"RCE \/ RCE-S Condensation ext\u00e9rieure pour climatiseurs de pr\u00e9cision\"}]},{\"@type\":\"WebSite\",\"@id\":\"https:\/\/geoclimate.ge\/#website\",\"url\":\"https:\/\/geoclimate.ge\/\",\"name\":\"GeoClimate\",\"description\":\"\",\"publisher\":{\"@id\":\"https:\/\/geoclimate.ge\/#organization\"},\"potentialAction\":[{\"@type\":\"SearchAction\",\"target\":{\"@type\":\"EntryPoint\",\"urlTemplate\":\"https:\/\/geoclimate.ge\/?s={search_term_string}\"},\"query-input\":{\"@type\":\"PropertyValueSpecification\",\"valueRequired\":true,\"valueName\":\"search_term_string\"}}],\"inLanguage\":\"fr-FR\"},{\"@type\":\"Organization\",\"@id\":\"https:\/\/geoclimate.ge\/#organization\",\"name\":\"GeoClimate\",\"url\":\"https:\/\/geoclimate.ge\/\",\"logo\":{\"@type\":\"ImageObject\",\"inLanguage\":\"fr-FR\",\"@id\":\"https:\/\/geoclimate.ge\/#\/schema\/logo\/image\/\",\"url\":\"https:\/\/geoclimate.ge\/wp-content\/uploads\/2026\/03\/geoclimate-SEO.png\",\"contentUrl\":\"https:\/\/geoclimate.ge\/wp-content\/uploads\/2026\/03\/geoclimate-SEO.png\",\"width\":1536,\"height\":1024,\"caption\":\"GeoClimate\"},\"image\":{\"@id\":\"https:\/\/geoclimate.ge\/#\/schema\/logo\/image\/\"}}]}<\/script>\n<!-- \/ Yoast SEO plugin. -->","yoast_head_json":{"title":"RCE \/ RCE-S Condensation ext\u00e9rieure pour climatiseurs de pr\u00e9cision - GeoClimate.ge","robots":{"index":"index","follow":"follow","max-snippet":"max-snippet:-1","max-image-preview":"max-image-preview:large","max-video-preview":"max-video-preview:-1"},"canonical":"https:\/\/geoclimate.ge\/fr\/produit\/rce-rce-s-external-condensing-for-precision-air-conditioning-units\/","og_locale":"fr_FR","og_type":"article","og_title":"RCE \/ RCE-S Condensation ext\u00e9rieure pour climatiseurs de pr\u00e9cision - GeoClimate.ge","og_description":"Unit\u00e9s de condensation ext\u00e9rieures pour climatiseurs de pr\u00e9cision. Condenseurs d\u00e9port\u00e9s avec ventilateurs axiaux pour installation ext\u00e9rieure. Les condenseurs peuvent \u00eatre install\u00e9s en position verticale (flux d'air horizontal) ou horizontale (flux d'air vertical) \u00e0 l'aide des pieds appropri\u00e9s. Les ventilateurs \u00e0 vitesse variable et tr\u00e8s silencieux sont parfaits pour les projets o\u00f9 les \u00e9missions acoustiques jouent un r\u00f4le essentiel.","og_url":"https:\/\/geoclimate.ge\/fr\/produit\/rce-rce-s-external-condensing-for-precision-air-conditioning-units\/","og_site_name":"GeoClimate.ge","article_modified_time":"2025-04-20T16:40:15+00:00","og_image":[{"width":2560,"height":1129,"url":"https:\/\/geoclimate.ge\/wp-content\/uploads\/2025\/04\/RCE_no-logo-1-scaled-1.jpg","type":"image\/jpeg"}],"twitter_card":"summary_large_image","twitter_misc":{"Dur\u00e9e de lecture estim\u00e9e":"1 minute"},"schema":{"@context":"https:\/\/schema.org","@graph":[{"@type":"WebPage","@id":"https:\/\/geoclimate.ge\/fr\/produit\/rce-rce-s-external-condensing-for-precision-air-conditioning-units\/","url":"https:\/\/geoclimate.ge\/fr\/produit\/rce-rce-s-external-condensing-for-precision-air-conditioning-units\/","name":"RCE \/ RCE-S Condensation ext\u00e9rieure pour climatiseurs de pr\u00e9cision - GeoClimate.ge","isPartOf":{"@id":"https:\/\/geoclimate.ge\/#website"},"primaryImageOfPage":{"@id":"https:\/\/geoclimate.ge\/fr\/produit\/rce-rce-s-external-condensing-for-precision-air-conditioning-units\/#primaryimage"},"image":{"@id":"https:\/\/geoclimate.ge\/fr\/produit\/rce-rce-s-external-condensing-for-precision-air-conditioning-units\/#primaryimage"},"thumbnailUrl":"https:\/\/geoclimate.ge\/wp-content\/uploads\/2025\/04\/RCE_no-logo-1-scaled-1.jpg","datePublished":"2025-04-20T16:32:17+00:00","dateModified":"2025-04-20T16:40:15+00:00","breadcrumb":{"@id":"https:\/\/geoclimate.ge\/fr\/produit\/rce-rce-s-external-condensing-for-precision-air-conditioning-units\/#breadcrumb"},"inLanguage":"fr-FR","potentialAction":[{"@type":"ReadAction","target":["https:\/\/geoclimate.ge\/fr\/produit\/rce-rce-s-external-condensing-for-precision-air-conditioning-units\/"]}]},{"@type":"ImageObject","inLanguage":"fr-FR","@id":"https:\/\/geoclimate.ge\/fr\/produit\/rce-rce-s-external-condensing-for-precision-air-conditioning-units\/#primaryimage","url":"https:\/\/geoclimate.ge\/wp-content\/uploads\/2025\/04\/RCE_no-logo-1-scaled-1.jpg","contentUrl":"https:\/\/geoclimate.ge\/wp-content\/uploads\/2025\/04\/RCE_no-logo-1-scaled-1.jpg","width":2560,"height":1129},{"@type":"BreadcrumbList","@id":"https:\/\/geoclimate.ge\/fr\/produit\/rce-rce-s-external-condensing-for-precision-air-conditioning-units\/#breadcrumb","itemListElement":[{"@type":"ListItem","position":1,"name":"Home","item":"https:\/\/geoclimate.ge\/fr\/"},{"@type":"ListItem","position":2,"name":"Products","item":"https:\/\/geoclimate.ge\/fr\/products\/"},{"@type":"ListItem","position":3,"name":"RCE \/ RCE-S Condensation ext\u00e9rieure pour climatiseurs de pr\u00e9cision"}]},{"@type":"WebSite","@id":"https:\/\/geoclimate.ge\/#website","url":"https:\/\/geoclimate.ge\/","name":"GeoClimate","description":"","publisher":{"@id":"https:\/\/geoclimate.ge\/#organization"},"potentialAction":[{"@type":"SearchAction","target":{"@type":"EntryPoint","urlTemplate":"https:\/\/geoclimate.ge\/?s={search_term_string}"},"query-input":{"@type":"PropertyValueSpecification","valueRequired":true,"valueName":"search_term_string"}}],"inLanguage":"fr-FR"},{"@type":"Organization","@id":"https:\/\/geoclimate.ge\/#organization","name":"GeoClimate","url":"https:\/\/geoclimate.ge\/","logo":{"@type":"ImageObject","inLanguage":"fr-FR","@id":"https:\/\/geoclimate.ge\/#\/schema\/logo\/image\/","url":"https:\/\/geoclimate.ge\/wp-content\/uploads\/2026\/03\/geoclimate-SEO.png","contentUrl":"https:\/\/geoclimate.ge\/wp-content\/uploads\/2026\/03\/geoclimate-SEO.png","width":1536,"height":1024,"caption":"GeoClimate"},"image":{"@id":"https:\/\/geoclimate.ge\/#\/schema\/logo\/image\/"}}]}},"_links":{"self":[{"href":"https:\/\/geoclimate.ge\/fr\/wp-json\/wp\/v2\/product\/30015","targetHints":{"allow":["GET"]}}],"collection":[{"href":"https:\/\/geoclimate.ge\/fr\/wp-json\/wp\/v2\/product"}],"about":[{"href":"https:\/\/geoclimate.ge\/fr\/wp-json\/wp\/v2\/types\/product"}],"wp:featuredmedia":[{"embeddable":true,"href":"https:\/\/geoclimate.ge\/fr\/wp-json\/wp\/v2\/media\/30010"}],"wp:attachment":[{"href":"https:\/\/geoclimate.ge\/fr\/wp-json\/wp\/v2\/media?parent=30015"}],"wp:term":[{"taxonomy":"product_brand","embeddable":true,"href":"https:\/\/geoclimate.ge\/fr\/wp-json\/wp\/v2\/product_brand?post=30015"},{"taxonomy":"product_cat","embeddable":true,"href":"https:\/\/geoclimate.ge\/fr\/wp-json\/wp\/v2\/product_cat?post=30015"},{"taxonomy":"product_tag","embeddable":true,"href":"https:\/\/geoclimate.ge\/fr\/wp-json\/wp\/v2\/product_tag?post=30015"}],"curies":[{"name":"wp","href":"https:\/\/api.w.org\/{rel}","templated":true}]}}