{"id":30031,"date":"2025-04-20T20:54:55","date_gmt":"2025-04-20T16:54:55","guid":{"rendered":"https:\/\/airsystems.ge\/shop\/product\/dxi-h-direct-expansion-close-control-unit-water-cooled-with-inverter-compressor\/"},"modified":"2025-04-20T21:00:05","modified_gmt":"2025-04-20T17:00:05","slug":"dxi-h-direct-expansion-close-control-unit-water-cooled-with-inverter-compressor","status":"publish","type":"product","link":"https:\/\/geoclimate.ge\/fr\/produit\/dxi-h-direct-expansion-close-control-unit-water-cooled-with-inverter-compressor\/","title":{"rendered":"DXi.H Unit\u00e9 de r\u00e9gulation \u00e0 d\u00e9tente directe, refroidie par eau, avec compresseur Inverter."},"content":{"rendered":"","protected":false},"excerpt":{"rendered":"<p>Climatiseurs de r\u00e9gulation pour installations verticales et refroidissement seul, avec chauffage par r\u00e9sistance en option, humidificateur et d\u00e9shumidificateur en option pour un contr\u00f4le pr\u00e9cis de la temp\u00e9rature et de l&rsquo;humidit\u00e9.<\/p>\n<p>Particuli\u00e8rement adapt\u00e9 \u00e0 la climatisation de pr\u00e9cision des serveurs, des salles informatiques et de toutes les applications technologiques en g\u00e9n\u00e9ral.<\/p>\n<p>Le compresseur INVERTER permet de moduler la puissance frigorifique en fonction de la charge interne r\u00e9elle, particuli\u00e8rement efficace aux charges partielles, optimisant la puissance absorb\u00e9e et \u00e9liminant le courant de d\u00e9marrage. Ce mod\u00e8le est \u00e9quip\u00e9 de s\u00e9rie d&rsquo;un d\u00e9tendeur \u00e9lectronique et de ventilateurs EC Inverter. Les unit\u00e9s Emibyte sont enti\u00e8rement con\u00e7ues et test\u00e9es dans les laboratoires de validation Emicon.<\/p>\n","protected":false},"featured_media":30026,"template":"","meta":[],"product_brand":[],"product_cat":[1258,1263,682],"product_tag":[],"class_list":{"0":"post-30031","1":"product","2":"type-product","3":"status-publish","4":"has-post-thumbnail","6":"product_cat-climatisation-de-precision-crac-crah","7":"product_cat-climatisation-de-precision-crah-fr","8":"product_cat-climatiseurs-fr-industriels","10":"first","11":"instock","12":"shipping-taxable","13":"product-type-simple"},"yoast_head":"<!-- This site is optimized with the Yoast SEO plugin v27.1.1 - https:\/\/yoast.com\/product\/yoast-seo-wordpress\/ -->\n<title>DXi.H Unit\u00e9 de r\u00e9gulation \u00e0 d\u00e9tente directe, refroidie par eau, avec compresseur Inverter. - GeoClimate.ge<\/title>\n<meta name=\"robots\" content=\"index, follow, max-snippet:-1, max-image-preview:large, max-video-preview:-1\" \/>\n<link rel=\"canonical\" href=\"https:\/\/geoclimate.ge\/fr\/produit\/dxi-h-direct-expansion-close-control-unit-water-cooled-with-inverter-compressor\/\" \/>\n<meta property=\"og:locale\" content=\"fr_FR\" \/>\n<meta property=\"og:type\" content=\"article\" \/>\n<meta property=\"og:title\" content=\"DXi.H Unit\u00e9 de r\u00e9gulation \u00e0 d\u00e9tente directe, refroidie par eau, avec compresseur Inverter. - GeoClimate.ge\" \/>\n<meta property=\"og:description\" content=\"Climatiseurs de r\u00e9gulation pour installations verticales et refroidissement seul, avec chauffage par r\u00e9sistance en option, humidificateur et d\u00e9shumidificateur en option pour un contr\u00f4le pr\u00e9cis de la temp\u00e9rature et de l&#039;humidit\u00e9.  Particuli\u00e8rement adapt\u00e9 \u00e0 la climatisation de pr\u00e9cision des serveurs, des salles informatiques et de toutes les applications technologiques en g\u00e9n\u00e9ral.  Le compresseur INVERTER permet de moduler la puissance frigorifique en fonction de la charge interne r\u00e9elle, particuli\u00e8rement efficace aux charges partielles, optimisant la puissance absorb\u00e9e et \u00e9liminant le courant de d\u00e9marrage. Ce mod\u00e8le est \u00e9quip\u00e9 de s\u00e9rie d&#039;un d\u00e9tendeur \u00e9lectronique et de ventilateurs EC Inverter. Les unit\u00e9s Emibyte sont enti\u00e8rement con\u00e7ues et test\u00e9es dans les laboratoires de validation Emicon.\" \/>\n<meta property=\"og:url\" content=\"https:\/\/geoclimate.ge\/fr\/produit\/dxi-h-direct-expansion-close-control-unit-water-cooled-with-inverter-compressor\/\" \/>\n<meta property=\"og:site_name\" content=\"GeoClimate.ge\" \/>\n<meta property=\"article:modified_time\" content=\"2025-04-20T17:00:05+00:00\" \/>\n<meta property=\"og:image\" content=\"https:\/\/geoclimate.ge\/wp-content\/uploads\/2025\/04\/DXA-qh4ucv134jnc80daakorl9l7qlykalm6l6bnv22dq8.png\" \/>\n\t<meta property=\"og:image:width\" content=\"345\" \/>\n\t<meta property=\"og:image:height\" content=\"540\" \/>\n\t<meta property=\"og:image:type\" content=\"image\/png\" \/>\n<meta name=\"twitter:card\" content=\"summary_large_image\" \/>\n<script type=\"application\/ld+json\" class=\"yoast-schema-graph\">{\"@context\":\"https:\/\/schema.org\",\"@graph\":[{\"@type\":\"WebPage\",\"@id\":\"https:\/\/geoclimate.ge\/fr\/produit\/dxi-h-direct-expansion-close-control-unit-water-cooled-with-inverter-compressor\/\",\"url\":\"https:\/\/geoclimate.ge\/fr\/produit\/dxi-h-direct-expansion-close-control-unit-water-cooled-with-inverter-compressor\/\",\"name\":\"DXi.H Unit\u00e9 de r\u00e9gulation \u00e0 d\u00e9tente directe, refroidie par eau, avec compresseur Inverter. - GeoClimate.ge\",\"isPartOf\":{\"@id\":\"https:\/\/geoclimate.ge\/#website\"},\"primaryImageOfPage\":{\"@id\":\"https:\/\/geoclimate.ge\/fr\/produit\/dxi-h-direct-expansion-close-control-unit-water-cooled-with-inverter-compressor\/#primaryimage\"},\"image\":{\"@id\":\"https:\/\/geoclimate.ge\/fr\/produit\/dxi-h-direct-expansion-close-control-unit-water-cooled-with-inverter-compressor\/#primaryimage\"},\"thumbnailUrl\":\"https:\/\/geoclimate.ge\/wp-content\/uploads\/2025\/04\/DXA-qh4ucv134jnc80daakorl9l7qlykalm6l6bnv22dq8.png\",\"datePublished\":\"2025-04-20T16:54:55+00:00\",\"dateModified\":\"2025-04-20T17:00:05+00:00\",\"breadcrumb\":{\"@id\":\"https:\/\/geoclimate.ge\/fr\/produit\/dxi-h-direct-expansion-close-control-unit-water-cooled-with-inverter-compressor\/#breadcrumb\"},\"inLanguage\":\"fr-FR\",\"potentialAction\":[{\"@type\":\"ReadAction\",\"target\":[\"https:\/\/geoclimate.ge\/fr\/produit\/dxi-h-direct-expansion-close-control-unit-water-cooled-with-inverter-compressor\/\"]}]},{\"@type\":\"ImageObject\",\"inLanguage\":\"fr-FR\",\"@id\":\"https:\/\/geoclimate.ge\/fr\/produit\/dxi-h-direct-expansion-close-control-unit-water-cooled-with-inverter-compressor\/#primaryimage\",\"url\":\"https:\/\/geoclimate.ge\/wp-content\/uploads\/2025\/04\/DXA-qh4ucv134jnc80daakorl9l7qlykalm6l6bnv22dq8.png\",\"contentUrl\":\"https:\/\/geoclimate.ge\/wp-content\/uploads\/2025\/04\/DXA-qh4ucv134jnc80daakorl9l7qlykalm6l6bnv22dq8.png\",\"width\":345,\"height\":540},{\"@type\":\"BreadcrumbList\",\"@id\":\"https:\/\/geoclimate.ge\/fr\/produit\/dxi-h-direct-expansion-close-control-unit-water-cooled-with-inverter-compressor\/#breadcrumb\",\"itemListElement\":[{\"@type\":\"ListItem\",\"position\":1,\"name\":\"Home\",\"item\":\"https:\/\/geoclimate.ge\/fr\/\"},{\"@type\":\"ListItem\",\"position\":2,\"name\":\"Products\",\"item\":\"https:\/\/geoclimate.ge\/fr\/products\/\"},{\"@type\":\"ListItem\",\"position\":3,\"name\":\"DXi.H Unit\u00e9 de r\u00e9gulation \u00e0 d\u00e9tente directe, refroidie par eau, avec compresseur Inverter.\"}]},{\"@type\":\"WebSite\",\"@id\":\"https:\/\/geoclimate.ge\/#website\",\"url\":\"https:\/\/geoclimate.ge\/\",\"name\":\"GeoClimate\",\"description\":\"\",\"publisher\":{\"@id\":\"https:\/\/geoclimate.ge\/#organization\"},\"potentialAction\":[{\"@type\":\"SearchAction\",\"target\":{\"@type\":\"EntryPoint\",\"urlTemplate\":\"https:\/\/geoclimate.ge\/?s={search_term_string}\"},\"query-input\":{\"@type\":\"PropertyValueSpecification\",\"valueRequired\":true,\"valueName\":\"search_term_string\"}}],\"inLanguage\":\"fr-FR\"},{\"@type\":\"Organization\",\"@id\":\"https:\/\/geoclimate.ge\/#organization\",\"name\":\"GeoClimate\",\"url\":\"https:\/\/geoclimate.ge\/\",\"logo\":{\"@type\":\"ImageObject\",\"inLanguage\":\"fr-FR\",\"@id\":\"https:\/\/geoclimate.ge\/#\/schema\/logo\/image\/\",\"url\":\"https:\/\/geoclimate.ge\/wp-content\/uploads\/2026\/03\/geoclimate-SEO.png\",\"contentUrl\":\"https:\/\/geoclimate.ge\/wp-content\/uploads\/2026\/03\/geoclimate-SEO.png\",\"width\":1536,\"height\":1024,\"caption\":\"GeoClimate\"},\"image\":{\"@id\":\"https:\/\/geoclimate.ge\/#\/schema\/logo\/image\/\"}}]}<\/script>\n<!-- \/ Yoast SEO plugin. -->","yoast_head_json":{"title":"DXi.H Unit\u00e9 de r\u00e9gulation \u00e0 d\u00e9tente directe, refroidie par eau, avec compresseur Inverter. - GeoClimate.ge","robots":{"index":"index","follow":"follow","max-snippet":"max-snippet:-1","max-image-preview":"max-image-preview:large","max-video-preview":"max-video-preview:-1"},"canonical":"https:\/\/geoclimate.ge\/fr\/produit\/dxi-h-direct-expansion-close-control-unit-water-cooled-with-inverter-compressor\/","og_locale":"fr_FR","og_type":"article","og_title":"DXi.H Unit\u00e9 de r\u00e9gulation \u00e0 d\u00e9tente directe, refroidie par eau, avec compresseur Inverter. - GeoClimate.ge","og_description":"Climatiseurs de r\u00e9gulation pour installations verticales et refroidissement seul, avec chauffage par r\u00e9sistance en option, humidificateur et d\u00e9shumidificateur en option pour un contr\u00f4le pr\u00e9cis de la temp\u00e9rature et de l'humidit\u00e9.  Particuli\u00e8rement adapt\u00e9 \u00e0 la climatisation de pr\u00e9cision des serveurs, des salles informatiques et de toutes les applications technologiques en g\u00e9n\u00e9ral.  Le compresseur INVERTER permet de moduler la puissance frigorifique en fonction de la charge interne r\u00e9elle, particuli\u00e8rement efficace aux charges partielles, optimisant la puissance absorb\u00e9e et \u00e9liminant le courant de d\u00e9marrage. Ce mod\u00e8le est \u00e9quip\u00e9 de s\u00e9rie d'un d\u00e9tendeur \u00e9lectronique et de ventilateurs EC Inverter. Les unit\u00e9s Emibyte sont enti\u00e8rement con\u00e7ues et test\u00e9es dans les laboratoires de validation Emicon.","og_url":"https:\/\/geoclimate.ge\/fr\/produit\/dxi-h-direct-expansion-close-control-unit-water-cooled-with-inverter-compressor\/","og_site_name":"GeoClimate.ge","article_modified_time":"2025-04-20T17:00:05+00:00","og_image":[{"width":345,"height":540,"url":"https:\/\/geoclimate.ge\/wp-content\/uploads\/2025\/04\/DXA-qh4ucv134jnc80daakorl9l7qlykalm6l6bnv22dq8.png","type":"image\/png"}],"twitter_card":"summary_large_image","schema":{"@context":"https:\/\/schema.org","@graph":[{"@type":"WebPage","@id":"https:\/\/geoclimate.ge\/fr\/produit\/dxi-h-direct-expansion-close-control-unit-water-cooled-with-inverter-compressor\/","url":"https:\/\/geoclimate.ge\/fr\/produit\/dxi-h-direct-expansion-close-control-unit-water-cooled-with-inverter-compressor\/","name":"DXi.H Unit\u00e9 de r\u00e9gulation \u00e0 d\u00e9tente directe, refroidie par eau, avec compresseur Inverter. - GeoClimate.ge","isPartOf":{"@id":"https:\/\/geoclimate.ge\/#website"},"primaryImageOfPage":{"@id":"https:\/\/geoclimate.ge\/fr\/produit\/dxi-h-direct-expansion-close-control-unit-water-cooled-with-inverter-compressor\/#primaryimage"},"image":{"@id":"https:\/\/geoclimate.ge\/fr\/produit\/dxi-h-direct-expansion-close-control-unit-water-cooled-with-inverter-compressor\/#primaryimage"},"thumbnailUrl":"https:\/\/geoclimate.ge\/wp-content\/uploads\/2025\/04\/DXA-qh4ucv134jnc80daakorl9l7qlykalm6l6bnv22dq8.png","datePublished":"2025-04-20T16:54:55+00:00","dateModified":"2025-04-20T17:00:05+00:00","breadcrumb":{"@id":"https:\/\/geoclimate.ge\/fr\/produit\/dxi-h-direct-expansion-close-control-unit-water-cooled-with-inverter-compressor\/#breadcrumb"},"inLanguage":"fr-FR","potentialAction":[{"@type":"ReadAction","target":["https:\/\/geoclimate.ge\/fr\/produit\/dxi-h-direct-expansion-close-control-unit-water-cooled-with-inverter-compressor\/"]}]},{"@type":"ImageObject","inLanguage":"fr-FR","@id":"https:\/\/geoclimate.ge\/fr\/produit\/dxi-h-direct-expansion-close-control-unit-water-cooled-with-inverter-compressor\/#primaryimage","url":"https:\/\/geoclimate.ge\/wp-content\/uploads\/2025\/04\/DXA-qh4ucv134jnc80daakorl9l7qlykalm6l6bnv22dq8.png","contentUrl":"https:\/\/geoclimate.ge\/wp-content\/uploads\/2025\/04\/DXA-qh4ucv134jnc80daakorl9l7qlykalm6l6bnv22dq8.png","width":345,"height":540},{"@type":"BreadcrumbList","@id":"https:\/\/geoclimate.ge\/fr\/produit\/dxi-h-direct-expansion-close-control-unit-water-cooled-with-inverter-compressor\/#breadcrumb","itemListElement":[{"@type":"ListItem","position":1,"name":"Home","item":"https:\/\/geoclimate.ge\/fr\/"},{"@type":"ListItem","position":2,"name":"Products","item":"https:\/\/geoclimate.ge\/fr\/products\/"},{"@type":"ListItem","position":3,"name":"DXi.H Unit\u00e9 de r\u00e9gulation \u00e0 d\u00e9tente directe, refroidie par eau, avec compresseur Inverter."}]},{"@type":"WebSite","@id":"https:\/\/geoclimate.ge\/#website","url":"https:\/\/geoclimate.ge\/","name":"GeoClimate","description":"","publisher":{"@id":"https:\/\/geoclimate.ge\/#organization"},"potentialAction":[{"@type":"SearchAction","target":{"@type":"EntryPoint","urlTemplate":"https:\/\/geoclimate.ge\/?s={search_term_string}"},"query-input":{"@type":"PropertyValueSpecification","valueRequired":true,"valueName":"search_term_string"}}],"inLanguage":"fr-FR"},{"@type":"Organization","@id":"https:\/\/geoclimate.ge\/#organization","name":"GeoClimate","url":"https:\/\/geoclimate.ge\/","logo":{"@type":"ImageObject","inLanguage":"fr-FR","@id":"https:\/\/geoclimate.ge\/#\/schema\/logo\/image\/","url":"https:\/\/geoclimate.ge\/wp-content\/uploads\/2026\/03\/geoclimate-SEO.png","contentUrl":"https:\/\/geoclimate.ge\/wp-content\/uploads\/2026\/03\/geoclimate-SEO.png","width":1536,"height":1024,"caption":"GeoClimate"},"image":{"@id":"https:\/\/geoclimate.ge\/#\/schema\/logo\/image\/"}}]}},"_links":{"self":[{"href":"https:\/\/geoclimate.ge\/fr\/wp-json\/wp\/v2\/product\/30031","targetHints":{"allow":["GET"]}}],"collection":[{"href":"https:\/\/geoclimate.ge\/fr\/wp-json\/wp\/v2\/product"}],"about":[{"href":"https:\/\/geoclimate.ge\/fr\/wp-json\/wp\/v2\/types\/product"}],"wp:featuredmedia":[{"embeddable":true,"href":"https:\/\/geoclimate.ge\/fr\/wp-json\/wp\/v2\/media\/30026"}],"wp:attachment":[{"href":"https:\/\/geoclimate.ge\/fr\/wp-json\/wp\/v2\/media?parent=30031"}],"wp:term":[{"taxonomy":"product_brand","embeddable":true,"href":"https:\/\/geoclimate.ge\/fr\/wp-json\/wp\/v2\/product_brand?post=30031"},{"taxonomy":"product_cat","embeddable":true,"href":"https:\/\/geoclimate.ge\/fr\/wp-json\/wp\/v2\/product_cat?post=30031"},{"taxonomy":"product_tag","embeddable":true,"href":"https:\/\/geoclimate.ge\/fr\/wp-json\/wp\/v2\/product_tag?post=30031"}],"curies":[{"name":"wp","href":"https:\/\/api.w.org\/{rel}","templated":true}]}}