{"id":30112,"date":"2025-04-20T22:21:27","date_gmt":"2025-04-20T18:21:27","guid":{"rendered":"https:\/\/airsystems.ge\/shop\/product\/irwu-water-cooled-close-control-unit-for-high-density-racks-30-60-cm\/"},"modified":"2025-04-20T22:25:58","modified_gmt":"2025-04-20T18:25:58","slug":"irwu-water-cooled-close-control-unit-for-high-density-racks-30-60-cm","status":"publish","type":"product","link":"https:\/\/geoclimate.ge\/fr\/produit\/irwu-water-cooled-close-control-unit-for-high-density-racks-30-60-cm\/","title":{"rendered":"IRWU Unit\u00e9 de contr\u00f4le de proximit\u00e9 refroidie par eau pour racks haute densit\u00e9 (30 \u00e0 60 cm)"},"content":{"rendered":"","protected":false},"excerpt":{"rendered":"<div id=\"page\" class=\"site\">\n<div id=\"content\" class=\"site-content\" data-mobile-menu-resolution=\"868\">\n<div class=\"elementor elementor-15803 elementor-location-single post-17444 product type-product status-publish has-post-thumbnail hentry\" data-elementor-type=\"single-post\" data-elementor-id=\"15803\" data-elementor-post-type=\"elementor_library\">\n<div class=\"elementor-element elementor-element-4182285c e-con-full e-flex e-con e-parent e-lazyloaded\" data-id=\"4182285c\" data-element_type=\"container\">\n<div class=\"elementor-element elementor-element-27029276 e-con-full e-flex e-con e-child\" data-id=\"27029276\" data-element_type=\"container\">\n<div class=\"elementor-element elementor-element-391e72ec elementor-widget elementor-widget-theme-post-content\" data-id=\"391e72ec\" data-element_type=\"widget\" data-widget_type=\"theme-post-content.default\">\n<div class=\"elementor-widget-container\">\n<p>Puissance de refroidissement de 11,1 kW \u00e0 68,9 kW<\/p>\n<p>Les climatiseurs verticaux int\u00e9rieurs RACK COOLER \u00ab\u00a0IRUW\u00a0\u00bb constituent un syst\u00e8me de gestion efficace des points chauds du datacenter. Ils garantissent une faible consommation d&rsquo;\u00e9nergie et des possibilit\u00e9s d&rsquo;utilisation optimales, m\u00eame sous des charges extr\u00eamement \u00e9lev\u00e9es, pour les racks HAUTE DENSIT\u00c9 jusqu&rsquo;\u00e0 40 kW\/m\u00b2.<br \/>\nEn version hydronique, le refroidissement est assur\u00e9 par un refroidisseur externe. L&rsquo;utilisation de syst\u00e8mes de ventilation EC, \u00e9quip\u00e9s de moteurs brushless \u00e0 commutation \u00e9lectronique de derni\u00e8re g\u00e9n\u00e9ration, garantit d&rsquo;excellentes performances et une faible consommation. Disponibles en standard avec la gestion dynamique de N+1 ventilateurs EC pour optimiser la consommation et la redondance du syst\u00e8me de refroidissement. Ces unit\u00e9s individuelles sont positionn\u00e9es entre les racks de la rang\u00e9e afin d&rsquo;agir localement pour dissiper la charge des serveurs. Les \u00e9quipements Emibyte sont enti\u00e8rement con\u00e7us et test\u00e9s dans les laboratoires de validation d&rsquo;Emicon.<\/p>\n<\/div>\n<\/div>\n<\/div>\n<\/div>\n<\/div>\n<\/div>\n<\/div>\n","protected":false},"featured_media":30107,"template":"","meta":[],"product_brand":[],"product_cat":[1258,1263,682],"product_tag":[],"class_list":{"0":"post-30112","1":"product","2":"type-product","3":"status-publish","4":"has-post-thumbnail","6":"product_cat-climatisation-de-precision-crac-crah","7":"product_cat-climatisation-de-precision-crah-fr","8":"product_cat-climatiseurs-fr-industriels","10":"first","11":"instock","12":"shipping-taxable","13":"product-type-simple"},"yoast_head":"<!-- This site is optimized with the Yoast SEO plugin v27.1.1 - https:\/\/yoast.com\/product\/yoast-seo-wordpress\/ -->\n<title>IRWU Unit\u00e9 de contr\u00f4le de proximit\u00e9 refroidie par eau pour racks haute densit\u00e9 (30 \u00e0 60 cm) - GeoClimate.ge<\/title>\n<meta name=\"robots\" content=\"index, follow, max-snippet:-1, max-image-preview:large, max-video-preview:-1\" \/>\n<link rel=\"canonical\" href=\"https:\/\/geoclimate.ge\/fr\/produit\/irwu-water-cooled-close-control-unit-for-high-density-racks-30-60-cm\/\" \/>\n<meta property=\"og:locale\" content=\"fr_FR\" \/>\n<meta property=\"og:type\" content=\"article\" \/>\n<meta property=\"og:title\" content=\"IRWU Unit\u00e9 de contr\u00f4le de proximit\u00e9 refroidie par eau pour racks haute densit\u00e9 (30 \u00e0 60 cm) - GeoClimate.ge\" \/>\n<meta property=\"og:description\" content=\"Puissance de refroidissement de 11,1 kW \u00e0 68,9 kW  Les climatiseurs verticaux int\u00e9rieurs RACK COOLER \u00ab\u00a0IRUW\u00a0\u00bb constituent un syst\u00e8me de gestion efficace des points chauds du datacenter. Ils garantissent une faible consommation d&#039;\u00e9nergie et des possibilit\u00e9s d&#039;utilisation optimales, m\u00eame sous des charges extr\u00eamement \u00e9lev\u00e9es, pour les racks HAUTE DENSIT\u00c9 jusqu&#039;\u00e0 40 kW\/m\u00b2. En version hydronique, le refroidissement est assur\u00e9 par un refroidisseur externe. L&#039;utilisation de syst\u00e8mes de ventilation EC, \u00e9quip\u00e9s de moteurs brushless \u00e0 commutation \u00e9lectronique de derni\u00e8re g\u00e9n\u00e9ration, garantit d&#039;excellentes performances et une faible consommation. Disponibles en standard avec la gestion dynamique de N+1 ventilateurs EC pour optimiser la consommation et la redondance du syst\u00e8me de refroidissement. Ces unit\u00e9s individuelles sont positionn\u00e9es entre les racks de la rang\u00e9e afin d&#039;agir localement pour dissiper la charge des serveurs. Les \u00e9quipements Emibyte sont enti\u00e8rement con\u00e7us et test\u00e9s dans les laboratoires de validation d&#039;Emicon.\" \/>\n<meta property=\"og:url\" content=\"https:\/\/geoclimate.ge\/fr\/produit\/irwu-water-cooled-close-control-unit-for-high-density-racks-30-60-cm\/\" \/>\n<meta property=\"og:site_name\" content=\"GeoClimate.ge\" \/>\n<meta property=\"article:modified_time\" content=\"2025-04-20T18:25:58+00:00\" \/>\n<meta property=\"og:image\" content=\"https:\/\/geoclimate.ge\/wp-content\/uploads\/2025\/04\/IRWU-qjeyex3ztzyztny5il1s6ws2esf2me3c78hc7fe5ts.png\" \/>\n\t<meta property=\"og:image:width\" content=\"700\" \/>\n\t<meta property=\"og:image:height\" content=\"700\" \/>\n\t<meta property=\"og:image:type\" content=\"image\/png\" \/>\n<meta name=\"twitter:card\" content=\"summary_large_image\" \/>\n<script type=\"application\/ld+json\" class=\"yoast-schema-graph\">{\"@context\":\"https:\/\/schema.org\",\"@graph\":[{\"@type\":\"WebPage\",\"@id\":\"https:\/\/geoclimate.ge\/fr\/produit\/irwu-water-cooled-close-control-unit-for-high-density-racks-30-60-cm\/\",\"url\":\"https:\/\/geoclimate.ge\/fr\/produit\/irwu-water-cooled-close-control-unit-for-high-density-racks-30-60-cm\/\",\"name\":\"IRWU Unit\u00e9 de contr\u00f4le de proximit\u00e9 refroidie par eau pour racks haute densit\u00e9 (30 \u00e0 60 cm) - GeoClimate.ge\",\"isPartOf\":{\"@id\":\"https:\/\/geoclimate.ge\/#website\"},\"primaryImageOfPage\":{\"@id\":\"https:\/\/geoclimate.ge\/fr\/produit\/irwu-water-cooled-close-control-unit-for-high-density-racks-30-60-cm\/#primaryimage\"},\"image\":{\"@id\":\"https:\/\/geoclimate.ge\/fr\/produit\/irwu-water-cooled-close-control-unit-for-high-density-racks-30-60-cm\/#primaryimage\"},\"thumbnailUrl\":\"https:\/\/geoclimate.ge\/wp-content\/uploads\/2025\/04\/IRWU-qjeyex3ztzyztny5il1s6ws2esf2me3c78hc7fe5ts.png\",\"datePublished\":\"2025-04-20T18:21:27+00:00\",\"dateModified\":\"2025-04-20T18:25:58+00:00\",\"breadcrumb\":{\"@id\":\"https:\/\/geoclimate.ge\/fr\/produit\/irwu-water-cooled-close-control-unit-for-high-density-racks-30-60-cm\/#breadcrumb\"},\"inLanguage\":\"fr-FR\",\"potentialAction\":[{\"@type\":\"ReadAction\",\"target\":[\"https:\/\/geoclimate.ge\/fr\/produit\/irwu-water-cooled-close-control-unit-for-high-density-racks-30-60-cm\/\"]}]},{\"@type\":\"ImageObject\",\"inLanguage\":\"fr-FR\",\"@id\":\"https:\/\/geoclimate.ge\/fr\/produit\/irwu-water-cooled-close-control-unit-for-high-density-racks-30-60-cm\/#primaryimage\",\"url\":\"https:\/\/geoclimate.ge\/wp-content\/uploads\/2025\/04\/IRWU-qjeyex3ztzyztny5il1s6ws2esf2me3c78hc7fe5ts.png\",\"contentUrl\":\"https:\/\/geoclimate.ge\/wp-content\/uploads\/2025\/04\/IRWU-qjeyex3ztzyztny5il1s6ws2esf2me3c78hc7fe5ts.png\",\"width\":700,\"height\":700},{\"@type\":\"BreadcrumbList\",\"@id\":\"https:\/\/geoclimate.ge\/fr\/produit\/irwu-water-cooled-close-control-unit-for-high-density-racks-30-60-cm\/#breadcrumb\",\"itemListElement\":[{\"@type\":\"ListItem\",\"position\":1,\"name\":\"Home\",\"item\":\"https:\/\/geoclimate.ge\/fr\/\"},{\"@type\":\"ListItem\",\"position\":2,\"name\":\"Products\",\"item\":\"https:\/\/geoclimate.ge\/fr\/products\/\"},{\"@type\":\"ListItem\",\"position\":3,\"name\":\"IRWU Unit\u00e9 de contr\u00f4le de proximit\u00e9 refroidie par eau pour racks haute densit\u00e9 (30 \u00e0 60 cm)\"}]},{\"@type\":\"WebSite\",\"@id\":\"https:\/\/geoclimate.ge\/#website\",\"url\":\"https:\/\/geoclimate.ge\/\",\"name\":\"GeoClimate\",\"description\":\"\",\"publisher\":{\"@id\":\"https:\/\/geoclimate.ge\/#organization\"},\"potentialAction\":[{\"@type\":\"SearchAction\",\"target\":{\"@type\":\"EntryPoint\",\"urlTemplate\":\"https:\/\/geoclimate.ge\/?s={search_term_string}\"},\"query-input\":{\"@type\":\"PropertyValueSpecification\",\"valueRequired\":true,\"valueName\":\"search_term_string\"}}],\"inLanguage\":\"fr-FR\"},{\"@type\":\"Organization\",\"@id\":\"https:\/\/geoclimate.ge\/#organization\",\"name\":\"GeoClimate\",\"url\":\"https:\/\/geoclimate.ge\/\",\"logo\":{\"@type\":\"ImageObject\",\"inLanguage\":\"fr-FR\",\"@id\":\"https:\/\/geoclimate.ge\/#\/schema\/logo\/image\/\",\"url\":\"https:\/\/geoclimate.ge\/wp-content\/uploads\/2026\/03\/geoclimate-SEO.png\",\"contentUrl\":\"https:\/\/geoclimate.ge\/wp-content\/uploads\/2026\/03\/geoclimate-SEO.png\",\"width\":1536,\"height\":1024,\"caption\":\"GeoClimate\"},\"image\":{\"@id\":\"https:\/\/geoclimate.ge\/#\/schema\/logo\/image\/\"}}]}<\/script>\n<!-- \/ Yoast SEO plugin. -->","yoast_head_json":{"title":"IRWU Unit\u00e9 de contr\u00f4le de proximit\u00e9 refroidie par eau pour racks haute densit\u00e9 (30 \u00e0 60 cm) - GeoClimate.ge","robots":{"index":"index","follow":"follow","max-snippet":"max-snippet:-1","max-image-preview":"max-image-preview:large","max-video-preview":"max-video-preview:-1"},"canonical":"https:\/\/geoclimate.ge\/fr\/produit\/irwu-water-cooled-close-control-unit-for-high-density-racks-30-60-cm\/","og_locale":"fr_FR","og_type":"article","og_title":"IRWU Unit\u00e9 de contr\u00f4le de proximit\u00e9 refroidie par eau pour racks haute densit\u00e9 (30 \u00e0 60 cm) - GeoClimate.ge","og_description":"Puissance de refroidissement de 11,1 kW \u00e0 68,9 kW  Les climatiseurs verticaux int\u00e9rieurs RACK COOLER \u00ab\u00a0IRUW\u00a0\u00bb constituent un syst\u00e8me de gestion efficace des points chauds du datacenter. Ils garantissent une faible consommation d'\u00e9nergie et des possibilit\u00e9s d'utilisation optimales, m\u00eame sous des charges extr\u00eamement \u00e9lev\u00e9es, pour les racks HAUTE DENSIT\u00c9 jusqu'\u00e0 40 kW\/m\u00b2. En version hydronique, le refroidissement est assur\u00e9 par un refroidisseur externe. L'utilisation de syst\u00e8mes de ventilation EC, \u00e9quip\u00e9s de moteurs brushless \u00e0 commutation \u00e9lectronique de derni\u00e8re g\u00e9n\u00e9ration, garantit d'excellentes performances et une faible consommation. Disponibles en standard avec la gestion dynamique de N+1 ventilateurs EC pour optimiser la consommation et la redondance du syst\u00e8me de refroidissement. Ces unit\u00e9s individuelles sont positionn\u00e9es entre les racks de la rang\u00e9e afin d'agir localement pour dissiper la charge des serveurs. Les \u00e9quipements Emibyte sont enti\u00e8rement con\u00e7us et test\u00e9s dans les laboratoires de validation d'Emicon.","og_url":"https:\/\/geoclimate.ge\/fr\/produit\/irwu-water-cooled-close-control-unit-for-high-density-racks-30-60-cm\/","og_site_name":"GeoClimate.ge","article_modified_time":"2025-04-20T18:25:58+00:00","og_image":[{"width":700,"height":700,"url":"https:\/\/geoclimate.ge\/wp-content\/uploads\/2025\/04\/IRWU-qjeyex3ztzyztny5il1s6ws2esf2me3c78hc7fe5ts.png","type":"image\/png"}],"twitter_card":"summary_large_image","schema":{"@context":"https:\/\/schema.org","@graph":[{"@type":"WebPage","@id":"https:\/\/geoclimate.ge\/fr\/produit\/irwu-water-cooled-close-control-unit-for-high-density-racks-30-60-cm\/","url":"https:\/\/geoclimate.ge\/fr\/produit\/irwu-water-cooled-close-control-unit-for-high-density-racks-30-60-cm\/","name":"IRWU Unit\u00e9 de contr\u00f4le de proximit\u00e9 refroidie par eau pour racks haute densit\u00e9 (30 \u00e0 60 cm) - GeoClimate.ge","isPartOf":{"@id":"https:\/\/geoclimate.ge\/#website"},"primaryImageOfPage":{"@id":"https:\/\/geoclimate.ge\/fr\/produit\/irwu-water-cooled-close-control-unit-for-high-density-racks-30-60-cm\/#primaryimage"},"image":{"@id":"https:\/\/geoclimate.ge\/fr\/produit\/irwu-water-cooled-close-control-unit-for-high-density-racks-30-60-cm\/#primaryimage"},"thumbnailUrl":"https:\/\/geoclimate.ge\/wp-content\/uploads\/2025\/04\/IRWU-qjeyex3ztzyztny5il1s6ws2esf2me3c78hc7fe5ts.png","datePublished":"2025-04-20T18:21:27+00:00","dateModified":"2025-04-20T18:25:58+00:00","breadcrumb":{"@id":"https:\/\/geoclimate.ge\/fr\/produit\/irwu-water-cooled-close-control-unit-for-high-density-racks-30-60-cm\/#breadcrumb"},"inLanguage":"fr-FR","potentialAction":[{"@type":"ReadAction","target":["https:\/\/geoclimate.ge\/fr\/produit\/irwu-water-cooled-close-control-unit-for-high-density-racks-30-60-cm\/"]}]},{"@type":"ImageObject","inLanguage":"fr-FR","@id":"https:\/\/geoclimate.ge\/fr\/produit\/irwu-water-cooled-close-control-unit-for-high-density-racks-30-60-cm\/#primaryimage","url":"https:\/\/geoclimate.ge\/wp-content\/uploads\/2025\/04\/IRWU-qjeyex3ztzyztny5il1s6ws2esf2me3c78hc7fe5ts.png","contentUrl":"https:\/\/geoclimate.ge\/wp-content\/uploads\/2025\/04\/IRWU-qjeyex3ztzyztny5il1s6ws2esf2me3c78hc7fe5ts.png","width":700,"height":700},{"@type":"BreadcrumbList","@id":"https:\/\/geoclimate.ge\/fr\/produit\/irwu-water-cooled-close-control-unit-for-high-density-racks-30-60-cm\/#breadcrumb","itemListElement":[{"@type":"ListItem","position":1,"name":"Home","item":"https:\/\/geoclimate.ge\/fr\/"},{"@type":"ListItem","position":2,"name":"Products","item":"https:\/\/geoclimate.ge\/fr\/products\/"},{"@type":"ListItem","position":3,"name":"IRWU Unit\u00e9 de contr\u00f4le de proximit\u00e9 refroidie par eau pour racks haute densit\u00e9 (30 \u00e0 60 cm)"}]},{"@type":"WebSite","@id":"https:\/\/geoclimate.ge\/#website","url":"https:\/\/geoclimate.ge\/","name":"GeoClimate","description":"","publisher":{"@id":"https:\/\/geoclimate.ge\/#organization"},"potentialAction":[{"@type":"SearchAction","target":{"@type":"EntryPoint","urlTemplate":"https:\/\/geoclimate.ge\/?s={search_term_string}"},"query-input":{"@type":"PropertyValueSpecification","valueRequired":true,"valueName":"search_term_string"}}],"inLanguage":"fr-FR"},{"@type":"Organization","@id":"https:\/\/geoclimate.ge\/#organization","name":"GeoClimate","url":"https:\/\/geoclimate.ge\/","logo":{"@type":"ImageObject","inLanguage":"fr-FR","@id":"https:\/\/geoclimate.ge\/#\/schema\/logo\/image\/","url":"https:\/\/geoclimate.ge\/wp-content\/uploads\/2026\/03\/geoclimate-SEO.png","contentUrl":"https:\/\/geoclimate.ge\/wp-content\/uploads\/2026\/03\/geoclimate-SEO.png","width":1536,"height":1024,"caption":"GeoClimate"},"image":{"@id":"https:\/\/geoclimate.ge\/#\/schema\/logo\/image\/"}}]}},"_links":{"self":[{"href":"https:\/\/geoclimate.ge\/fr\/wp-json\/wp\/v2\/product\/30112","targetHints":{"allow":["GET"]}}],"collection":[{"href":"https:\/\/geoclimate.ge\/fr\/wp-json\/wp\/v2\/product"}],"about":[{"href":"https:\/\/geoclimate.ge\/fr\/wp-json\/wp\/v2\/types\/product"}],"wp:featuredmedia":[{"embeddable":true,"href":"https:\/\/geoclimate.ge\/fr\/wp-json\/wp\/v2\/media\/30107"}],"wp:attachment":[{"href":"https:\/\/geoclimate.ge\/fr\/wp-json\/wp\/v2\/media?parent=30112"}],"wp:term":[{"taxonomy":"product_brand","embeddable":true,"href":"https:\/\/geoclimate.ge\/fr\/wp-json\/wp\/v2\/product_brand?post=30112"},{"taxonomy":"product_cat","embeddable":true,"href":"https:\/\/geoclimate.ge\/fr\/wp-json\/wp\/v2\/product_cat?post=30112"},{"taxonomy":"product_tag","embeddable":true,"href":"https:\/\/geoclimate.ge\/fr\/wp-json\/wp\/v2\/product_tag?post=30112"}],"curies":[{"name":"wp","href":"https:\/\/api.w.org\/{rel}","templated":true}]}}