{"id":30129,"date":"2025-04-20T23:01:00","date_gmt":"2025-04-20T19:01:00","guid":{"rendered":"https:\/\/airsystems.ge\/shop\/product\/ae-sf_dpv-ceiling-mounting-horizontal-flow-with-free-cooling\/"},"modified":"2025-04-20T23:52:18","modified_gmt":"2025-04-20T19:52:18","slug":"ae-sf_dpv-ceiling-mounting-horizontal-flow-with-free-cooling","status":"publish","type":"product","link":"https:\/\/geoclimate.ge\/fr\/produit\/ae-sf_dpv-ceiling-mounting-horizontal-flow-with-free-cooling\/","title":{"rendered":"AE SF_DPV Climatiseurs split pour t\u00e9l\u00e9communications  Installation au plafond &#8211; flux horizontal &#8211; avec free cooling"},"content":{"rendered":"<div class=\"elementor-element elementor-element-70da8153 elementor-widget elementor-widget-theme-page-title elementor-page-title elementor-widget-heading\" data-id=\"70da8153\" data-element_type=\"widget\" data-widget_type=\"theme-page-title.default\">\n<div class=\"elementor-widget-container\">\n<p><strong>Caract\u00e9ristiques techniques\u00a0:<\/strong><br \/>\n\u2022 Unit\u00e9 ext\u00e9rieure avec ch\u00e2ssis principal en acier et panneaux en aluminium<br \/>\n\u2022 Unit\u00e9 int\u00e9rieure avec ch\u00e2ssis principal et panneaux en aluminium<br \/>\n\u2022 Haute r\u00e9sistance \u00e0 la corrosion<br \/>\n\u2022 Batterie de condenseurs \u00e0 microcanaux en aluminium-aluminium<br \/>\n\u2022 Red\u00e9marrage automatique en cas de coupure de courant<br \/>\n\u2022 Ventilateurs de la section d&rsquo;\u00e9vaporation EC<br \/>\n\u2022 Ventilateurs de la section de condensation \u00e0 vitesse variable en fonction de la pression de condensation<br \/>\n\u2022 Vanne thermostatique \u00e9lectronique<br \/>\n\u2022 Section de traitement d&rsquo;air 48\u00a0VCC<\/p>\n<p><strong>Accessoires\u00a0:<\/strong><br \/>\n\u2022 Kit de fixation murale\/sol UE (avec amortisseurs de vibrations)<br \/>\n\u2022 Kit d&rsquo;installation pour grille FC<br \/>\n\u2022 Kit d&rsquo;installation pour canalisation FC<br \/>\n\u2022 R\u00e9sistance chauffante<br \/>\n\u2022 Carte d&rsquo;interface RS232\/485<br \/>\n\u2022 Carte d&rsquo;interface Ethernet<br \/>\n\u2022 Carte d&rsquo;interface SNMP et Web<br \/>\n\u2022 Contr\u00f4le de l&rsquo;humidit\u00e9 (limite de d\u00e9shumidification\u00a0: 40\u00a0% HR \u00e0 30\u00a0\u00b0C)<\/p>\n<\/div>\n<\/div>\n<div class=\"elementor-element elementor-element-427e8a79 e-flex e-con-boxed e-con e-child\" data-id=\"427e8a79\" data-element_type=\"container\">\n<div class=\"e-con-inner\">\n<div class=\"elementor-element elementor-element-6e19ed90 hidebutton mc-bl elementor-align-left elementor-widget elementor-widget-button\" data-id=\"6e19ed90\" data-element_type=\"widget\" data-widget_type=\"button.default\">\n<div class=\"elementor-widget-container\">\n<div class=\"elementor-button-wrapper\"><a class=\"elementor-button elementor-button-link elementor-size-sm\" href=\"https:\/\/www.enextechnologies.com\/wp-content\/uploads\/2024\/08\/B_AE__SF_DP-ENG-A4-Rev.5-1.pdf\" target=\"_blank\" rel=\"noopener\"><span class=\"elementor-button-content-wrapper\"><span class=\"elementor-button-text\">BROCHURE AE_SF_DP<\/span><\/span><\/a><\/div>\n<\/div>\n<\/div>\n<div class=\"elementor-element elementor-element-13f5f820 hidebutton mc-bl elementor-align-left elementor-widget elementor-widget-button\" data-id=\"13f5f820\" data-element_type=\"widget\" data-widget_type=\"button.default\">\n<div class=\"elementor-widget-container\">\n<div class=\"elementor-button-wrapper\"><a class=\"elementor-button elementor-button-link elementor-size-sm\" href=\"https:\/\/www.enextechnologies.com\/wp-content\/uploads\/2024\/08\/B_AE__SF_DP_inverter-ENG-.pdf\" target=\"_blank\" rel=\"noopener\"><span class=\"elementor-button-content-wrapper\"><span class=\"elementor-button-text\">BROCHURE AE_SF_DP INVERTER<\/span><\/span><\/a><\/div>\n<\/div>\n<\/div>\n<\/div>\n<\/div>\n","protected":false},"excerpt":{"rendered":"<p>De 2,0 kW \u00e0 10,2 kW<\/p>\n<p>Climatiseurs split \u00e0 condensation par air, id\u00e9aux pour les installations en int\u00e9rieur, les abris pour stations de base radio et les centres de traitement de donn\u00e9es.<br \/>\nLe r\u00e9glage de la temp\u00e9rature s&rsquo;effectue par variation de la puissance frigorifique du climatiseur gr\u00e2ce \u00e0 la technologie Inverter (variation de la vitesse de rotation du compresseur).<br \/>\nCes climatiseurs sont \u00e9quip\u00e9s d&rsquo;un syst\u00e8me free cooling qui permet de r\u00e9aliser des \u00e9conomies d&rsquo;\u00e9nergie consid\u00e9rables lorsque les conditions climatiques le permettent.<br \/>\nLe flux d&rsquo;air de l&rsquo;unit\u00e9 interne peut \u00eatre vertical (d\u00e9placement) ou horizontal (conventionnel).<br \/>\nCes \u00e9quipements sont \u00e9quip\u00e9s du free cooling. Le syst\u00e8me free cooling consiste en un syst\u00e8me de renouvellement d&rsquo;air, de l&rsquo;ext\u00e9rieur vers l&rsquo;int\u00e9rieur et inversement, permettant de r\u00e9aliser des \u00e9conomies d&rsquo;\u00e9nergie significatives lorsque les conditions m\u00e9t\u00e9orologiques le permettent.<br \/>\nLes climatiseurs sont \u00e9quip\u00e9s d&rsquo;un contr\u00f4leur interne et de sondes de temp\u00e9rature et de pression, permettant d&rsquo;obtenir un syst\u00e8me de refroidissement ind\u00e9pendant ou coordonn\u00e9, assurant une redondance compl\u00e8te de toutes les fonctions de contr\u00f4le et de climatisation.<br \/>\nLes climatiseurs sont \u00e9quip\u00e9s d&rsquo;un panneau de commande \u00e0 distance pour la gestion des commandes et des contr\u00f4les, avec sectionneurs et protection \u00e9lectrique interne contre les surintensit\u00e9s.<\/p>\n","protected":false},"featured_media":30124,"template":"","meta":[],"product_brand":[],"product_cat":[682,1275,1280],"product_tag":[],"class_list":{"0":"post-30129","1":"product","2":"type-product","3":"status-publish","4":"has-post-thumbnail","6":"product_cat-climatiseurs-fr-industriels","7":"product_cat-climatiseurs-split-pour-telecommunications","8":"product_cat-climatiseurs-split-pour-telecommunications-avec-free-cooling","10":"first","11":"instock","12":"shipping-taxable","13":"product-type-simple"},"yoast_head":"<!-- This site is optimized with the Yoast SEO plugin v27.1.1 - https:\/\/yoast.com\/product\/yoast-seo-wordpress\/ -->\n<title>AE SF_DPV Climatiseurs split pour t\u00e9l\u00e9communications Installation au plafond - flux horizontal - avec free cooling - GeoClimate.ge<\/title>\n<meta name=\"robots\" content=\"index, follow, max-snippet:-1, max-image-preview:large, max-video-preview:-1\" \/>\n<link rel=\"canonical\" href=\"https:\/\/geoclimate.ge\/fr\/produit\/ae-sf_dpv-ceiling-mounting-horizontal-flow-with-free-cooling\/\" \/>\n<meta property=\"og:locale\" content=\"fr_FR\" \/>\n<meta property=\"og:type\" content=\"article\" \/>\n<meta property=\"og:title\" content=\"AE SF_DPV Climatiseurs split pour t\u00e9l\u00e9communications Installation au plafond - flux horizontal - avec free cooling - GeoClimate.ge\" \/>\n<meta property=\"og:description\" content=\"De 2,0 kW \u00e0 10,2 kW  Climatiseurs split \u00e0 condensation par air, id\u00e9aux pour les installations en int\u00e9rieur, les abris pour stations de base radio et les centres de traitement de donn\u00e9es. Le r\u00e9glage de la temp\u00e9rature s&#039;effectue par variation de la puissance frigorifique du climatiseur gr\u00e2ce \u00e0 la technologie Inverter (variation de la vitesse de rotation du compresseur). Ces climatiseurs sont \u00e9quip\u00e9s d&#039;un syst\u00e8me free cooling qui permet de r\u00e9aliser des \u00e9conomies d&#039;\u00e9nergie consid\u00e9rables lorsque les conditions climatiques le permettent. Le flux d&#039;air de l&#039;unit\u00e9 interne peut \u00eatre vertical (d\u00e9placement) ou horizontal (conventionnel). Ces \u00e9quipements sont \u00e9quip\u00e9s du free cooling. Le syst\u00e8me free cooling consiste en un syst\u00e8me de renouvellement d&#039;air, de l&#039;ext\u00e9rieur vers l&#039;int\u00e9rieur et inversement, permettant de r\u00e9aliser des \u00e9conomies d&#039;\u00e9nergie significatives lorsque les conditions m\u00e9t\u00e9orologiques le permettent. Les climatiseurs sont \u00e9quip\u00e9s d&#039;un contr\u00f4leur interne et de sondes de temp\u00e9rature et de pression, permettant d&#039;obtenir un syst\u00e8me de refroidissement ind\u00e9pendant ou coordonn\u00e9, assurant une redondance compl\u00e8te de toutes les fonctions de contr\u00f4le et de climatisation. Les climatiseurs sont \u00e9quip\u00e9s d&#039;un panneau de commande \u00e0 distance pour la gestion des commandes et des contr\u00f4les, avec sectionneurs et protection \u00e9lectrique interne contre les surintensit\u00e9s.\" \/>\n<meta property=\"og:url\" content=\"https:\/\/geoclimate.ge\/fr\/produit\/ae-sf_dpv-ceiling-mounting-horizontal-flow-with-free-cooling\/\" \/>\n<meta property=\"og:site_name\" content=\"GeoClimate.ge\" \/>\n<meta property=\"article:modified_time\" content=\"2025-04-20T19:52:18+00:00\" \/>\n<meta property=\"og:image\" content=\"https:\/\/geoclimate.ge\/wp-content\/uploads\/2025\/04\/Ceiling-mounting-horizontal-flow-with-free-cooling.png\" \/>\n\t<meta property=\"og:image:width\" content=\"2560\" \/>\n\t<meta property=\"og:image:height\" content=\"1920\" \/>\n\t<meta property=\"og:image:type\" content=\"image\/png\" \/>\n<meta name=\"twitter:card\" content=\"summary_large_image\" \/>\n<meta name=\"twitter:label1\" content=\"Dur\u00e9e de lecture estim\u00e9e\" \/>\n\t<meta name=\"twitter:data1\" content=\"1 minute\" \/>\n<script type=\"application\/ld+json\" class=\"yoast-schema-graph\">{\"@context\":\"https:\/\/schema.org\",\"@graph\":[{\"@type\":\"WebPage\",\"@id\":\"https:\/\/geoclimate.ge\/fr\/produit\/ae-sf_dpv-ceiling-mounting-horizontal-flow-with-free-cooling\/\",\"url\":\"https:\/\/geoclimate.ge\/fr\/produit\/ae-sf_dpv-ceiling-mounting-horizontal-flow-with-free-cooling\/\",\"name\":\"AE SF_DPV Climatiseurs split pour t\u00e9l\u00e9communications Installation au plafond - flux horizontal - avec free cooling - GeoClimate.ge\",\"isPartOf\":{\"@id\":\"https:\/\/geoclimate.ge\/#website\"},\"primaryImageOfPage\":{\"@id\":\"https:\/\/geoclimate.ge\/fr\/produit\/ae-sf_dpv-ceiling-mounting-horizontal-flow-with-free-cooling\/#primaryimage\"},\"image\":{\"@id\":\"https:\/\/geoclimate.ge\/fr\/produit\/ae-sf_dpv-ceiling-mounting-horizontal-flow-with-free-cooling\/#primaryimage\"},\"thumbnailUrl\":\"https:\/\/geoclimate.ge\/wp-content\/uploads\/2025\/04\/Ceiling-mounting-horizontal-flow-with-free-cooling.png\",\"datePublished\":\"2025-04-20T19:01:00+00:00\",\"dateModified\":\"2025-04-20T19:52:18+00:00\",\"breadcrumb\":{\"@id\":\"https:\/\/geoclimate.ge\/fr\/produit\/ae-sf_dpv-ceiling-mounting-horizontal-flow-with-free-cooling\/#breadcrumb\"},\"inLanguage\":\"fr-FR\",\"potentialAction\":[{\"@type\":\"ReadAction\",\"target\":[\"https:\/\/geoclimate.ge\/fr\/produit\/ae-sf_dpv-ceiling-mounting-horizontal-flow-with-free-cooling\/\"]}]},{\"@type\":\"ImageObject\",\"inLanguage\":\"fr-FR\",\"@id\":\"https:\/\/geoclimate.ge\/fr\/produit\/ae-sf_dpv-ceiling-mounting-horizontal-flow-with-free-cooling\/#primaryimage\",\"url\":\"https:\/\/geoclimate.ge\/wp-content\/uploads\/2025\/04\/Ceiling-mounting-horizontal-flow-with-free-cooling.png\",\"contentUrl\":\"https:\/\/geoclimate.ge\/wp-content\/uploads\/2025\/04\/Ceiling-mounting-horizontal-flow-with-free-cooling.png\",\"width\":2560,\"height\":1920},{\"@type\":\"BreadcrumbList\",\"@id\":\"https:\/\/geoclimate.ge\/fr\/produit\/ae-sf_dpv-ceiling-mounting-horizontal-flow-with-free-cooling\/#breadcrumb\",\"itemListElement\":[{\"@type\":\"ListItem\",\"position\":1,\"name\":\"Home\",\"item\":\"https:\/\/geoclimate.ge\/fr\/\"},{\"@type\":\"ListItem\",\"position\":2,\"name\":\"Products\",\"item\":\"https:\/\/geoclimate.ge\/fr\/products\/\"},{\"@type\":\"ListItem\",\"position\":3,\"name\":\"AE SF_DPV Climatiseurs split pour t\u00e9l\u00e9communications Installation au plafond &#8211; flux horizontal &#8211; avec free cooling\"}]},{\"@type\":\"WebSite\",\"@id\":\"https:\/\/geoclimate.ge\/#website\",\"url\":\"https:\/\/geoclimate.ge\/\",\"name\":\"GeoClimate\",\"description\":\"\",\"publisher\":{\"@id\":\"https:\/\/geoclimate.ge\/#organization\"},\"potentialAction\":[{\"@type\":\"SearchAction\",\"target\":{\"@type\":\"EntryPoint\",\"urlTemplate\":\"https:\/\/geoclimate.ge\/?s={search_term_string}\"},\"query-input\":{\"@type\":\"PropertyValueSpecification\",\"valueRequired\":true,\"valueName\":\"search_term_string\"}}],\"inLanguage\":\"fr-FR\"},{\"@type\":\"Organization\",\"@id\":\"https:\/\/geoclimate.ge\/#organization\",\"name\":\"GeoClimate\",\"url\":\"https:\/\/geoclimate.ge\/\",\"logo\":{\"@type\":\"ImageObject\",\"inLanguage\":\"fr-FR\",\"@id\":\"https:\/\/geoclimate.ge\/#\/schema\/logo\/image\/\",\"url\":\"https:\/\/geoclimate.ge\/wp-content\/uploads\/2026\/03\/geoclimate-SEO.png\",\"contentUrl\":\"https:\/\/geoclimate.ge\/wp-content\/uploads\/2026\/03\/geoclimate-SEO.png\",\"width\":1536,\"height\":1024,\"caption\":\"GeoClimate\"},\"image\":{\"@id\":\"https:\/\/geoclimate.ge\/#\/schema\/logo\/image\/\"}}]}<\/script>\n<!-- \/ Yoast SEO plugin. -->","yoast_head_json":{"title":"AE SF_DPV Climatiseurs split pour t\u00e9l\u00e9communications Installation au plafond - flux horizontal - avec free cooling - GeoClimate.ge","robots":{"index":"index","follow":"follow","max-snippet":"max-snippet:-1","max-image-preview":"max-image-preview:large","max-video-preview":"max-video-preview:-1"},"canonical":"https:\/\/geoclimate.ge\/fr\/produit\/ae-sf_dpv-ceiling-mounting-horizontal-flow-with-free-cooling\/","og_locale":"fr_FR","og_type":"article","og_title":"AE SF_DPV Climatiseurs split pour t\u00e9l\u00e9communications Installation au plafond - flux horizontal - avec free cooling - GeoClimate.ge","og_description":"De 2,0 kW \u00e0 10,2 kW  Climatiseurs split \u00e0 condensation par air, id\u00e9aux pour les installations en int\u00e9rieur, les abris pour stations de base radio et les centres de traitement de donn\u00e9es. Le r\u00e9glage de la temp\u00e9rature s'effectue par variation de la puissance frigorifique du climatiseur gr\u00e2ce \u00e0 la technologie Inverter (variation de la vitesse de rotation du compresseur). Ces climatiseurs sont \u00e9quip\u00e9s d'un syst\u00e8me free cooling qui permet de r\u00e9aliser des \u00e9conomies d'\u00e9nergie consid\u00e9rables lorsque les conditions climatiques le permettent. Le flux d'air de l'unit\u00e9 interne peut \u00eatre vertical (d\u00e9placement) ou horizontal (conventionnel). Ces \u00e9quipements sont \u00e9quip\u00e9s du free cooling. Le syst\u00e8me free cooling consiste en un syst\u00e8me de renouvellement d'air, de l'ext\u00e9rieur vers l'int\u00e9rieur et inversement, permettant de r\u00e9aliser des \u00e9conomies d'\u00e9nergie significatives lorsque les conditions m\u00e9t\u00e9orologiques le permettent. Les climatiseurs sont \u00e9quip\u00e9s d'un contr\u00f4leur interne et de sondes de temp\u00e9rature et de pression, permettant d'obtenir un syst\u00e8me de refroidissement ind\u00e9pendant ou coordonn\u00e9, assurant une redondance compl\u00e8te de toutes les fonctions de contr\u00f4le et de climatisation. Les climatiseurs sont \u00e9quip\u00e9s d'un panneau de commande \u00e0 distance pour la gestion des commandes et des contr\u00f4les, avec sectionneurs et protection \u00e9lectrique interne contre les surintensit\u00e9s.","og_url":"https:\/\/geoclimate.ge\/fr\/produit\/ae-sf_dpv-ceiling-mounting-horizontal-flow-with-free-cooling\/","og_site_name":"GeoClimate.ge","article_modified_time":"2025-04-20T19:52:18+00:00","og_image":[{"width":2560,"height":1920,"url":"https:\/\/geoclimate.ge\/wp-content\/uploads\/2025\/04\/Ceiling-mounting-horizontal-flow-with-free-cooling.png","type":"image\/png"}],"twitter_card":"summary_large_image","twitter_misc":{"Dur\u00e9e de lecture estim\u00e9e":"1 minute"},"schema":{"@context":"https:\/\/schema.org","@graph":[{"@type":"WebPage","@id":"https:\/\/geoclimate.ge\/fr\/produit\/ae-sf_dpv-ceiling-mounting-horizontal-flow-with-free-cooling\/","url":"https:\/\/geoclimate.ge\/fr\/produit\/ae-sf_dpv-ceiling-mounting-horizontal-flow-with-free-cooling\/","name":"AE SF_DPV Climatiseurs split pour t\u00e9l\u00e9communications Installation au plafond - flux horizontal - avec free cooling - GeoClimate.ge","isPartOf":{"@id":"https:\/\/geoclimate.ge\/#website"},"primaryImageOfPage":{"@id":"https:\/\/geoclimate.ge\/fr\/produit\/ae-sf_dpv-ceiling-mounting-horizontal-flow-with-free-cooling\/#primaryimage"},"image":{"@id":"https:\/\/geoclimate.ge\/fr\/produit\/ae-sf_dpv-ceiling-mounting-horizontal-flow-with-free-cooling\/#primaryimage"},"thumbnailUrl":"https:\/\/geoclimate.ge\/wp-content\/uploads\/2025\/04\/Ceiling-mounting-horizontal-flow-with-free-cooling.png","datePublished":"2025-04-20T19:01:00+00:00","dateModified":"2025-04-20T19:52:18+00:00","breadcrumb":{"@id":"https:\/\/geoclimate.ge\/fr\/produit\/ae-sf_dpv-ceiling-mounting-horizontal-flow-with-free-cooling\/#breadcrumb"},"inLanguage":"fr-FR","potentialAction":[{"@type":"ReadAction","target":["https:\/\/geoclimate.ge\/fr\/produit\/ae-sf_dpv-ceiling-mounting-horizontal-flow-with-free-cooling\/"]}]},{"@type":"ImageObject","inLanguage":"fr-FR","@id":"https:\/\/geoclimate.ge\/fr\/produit\/ae-sf_dpv-ceiling-mounting-horizontal-flow-with-free-cooling\/#primaryimage","url":"https:\/\/geoclimate.ge\/wp-content\/uploads\/2025\/04\/Ceiling-mounting-horizontal-flow-with-free-cooling.png","contentUrl":"https:\/\/geoclimate.ge\/wp-content\/uploads\/2025\/04\/Ceiling-mounting-horizontal-flow-with-free-cooling.png","width":2560,"height":1920},{"@type":"BreadcrumbList","@id":"https:\/\/geoclimate.ge\/fr\/produit\/ae-sf_dpv-ceiling-mounting-horizontal-flow-with-free-cooling\/#breadcrumb","itemListElement":[{"@type":"ListItem","position":1,"name":"Home","item":"https:\/\/geoclimate.ge\/fr\/"},{"@type":"ListItem","position":2,"name":"Products","item":"https:\/\/geoclimate.ge\/fr\/products\/"},{"@type":"ListItem","position":3,"name":"AE SF_DPV Climatiseurs split pour t\u00e9l\u00e9communications Installation au plafond &#8211; flux horizontal &#8211; avec free cooling"}]},{"@type":"WebSite","@id":"https:\/\/geoclimate.ge\/#website","url":"https:\/\/geoclimate.ge\/","name":"GeoClimate","description":"","publisher":{"@id":"https:\/\/geoclimate.ge\/#organization"},"potentialAction":[{"@type":"SearchAction","target":{"@type":"EntryPoint","urlTemplate":"https:\/\/geoclimate.ge\/?s={search_term_string}"},"query-input":{"@type":"PropertyValueSpecification","valueRequired":true,"valueName":"search_term_string"}}],"inLanguage":"fr-FR"},{"@type":"Organization","@id":"https:\/\/geoclimate.ge\/#organization","name":"GeoClimate","url":"https:\/\/geoclimate.ge\/","logo":{"@type":"ImageObject","inLanguage":"fr-FR","@id":"https:\/\/geoclimate.ge\/#\/schema\/logo\/image\/","url":"https:\/\/geoclimate.ge\/wp-content\/uploads\/2026\/03\/geoclimate-SEO.png","contentUrl":"https:\/\/geoclimate.ge\/wp-content\/uploads\/2026\/03\/geoclimate-SEO.png","width":1536,"height":1024,"caption":"GeoClimate"},"image":{"@id":"https:\/\/geoclimate.ge\/#\/schema\/logo\/image\/"}}]}},"_links":{"self":[{"href":"https:\/\/geoclimate.ge\/fr\/wp-json\/wp\/v2\/product\/30129","targetHints":{"allow":["GET"]}}],"collection":[{"href":"https:\/\/geoclimate.ge\/fr\/wp-json\/wp\/v2\/product"}],"about":[{"href":"https:\/\/geoclimate.ge\/fr\/wp-json\/wp\/v2\/types\/product"}],"wp:featuredmedia":[{"embeddable":true,"href":"https:\/\/geoclimate.ge\/fr\/wp-json\/wp\/v2\/media\/30124"}],"wp:attachment":[{"href":"https:\/\/geoclimate.ge\/fr\/wp-json\/wp\/v2\/media?parent=30129"}],"wp:term":[{"taxonomy":"product_brand","embeddable":true,"href":"https:\/\/geoclimate.ge\/fr\/wp-json\/wp\/v2\/product_brand?post=30129"},{"taxonomy":"product_cat","embeddable":true,"href":"https:\/\/geoclimate.ge\/fr\/wp-json\/wp\/v2\/product_cat?post=30129"},{"taxonomy":"product_tag","embeddable":true,"href":"https:\/\/geoclimate.ge\/fr\/wp-json\/wp\/v2\/product_tag?post=30129"}],"curies":[{"name":"wp","href":"https:\/\/api.w.org\/{rel}","templated":true}]}}