{"id":30177,"date":"2025-04-21T12:34:21","date_gmt":"2025-04-21T08:34:21","guid":{"rendered":"https:\/\/airsystems.ge\/shop\/product\/ae-sr_up-split-system-air-conditioner-for-telecommunications-ceiling-mounting-vertical-flow-without-free-cooling-20c-45c\/"},"modified":"2025-04-21T12:39:06","modified_gmt":"2025-04-21T08:39:06","slug":"ae-sr_up-split-system-air-conditioner-for-telecommunications-ceiling-mounting-vertical-flow-without-free-cooling-20c-45c","status":"publish","type":"product","link":"https:\/\/geoclimate.ge\/fr\/produit\/ae-sr_up-split-system-air-conditioner-for-telecommunications-ceiling-mounting-vertical-flow-without-free-cooling-20c-45c\/","title":{"rendered":"AE SR_UP Climatiseurs split pour t\u00e9l\u00e9communications Installation au plafond &#8211; flux vertical &#8211; sans free cooling -20\u00b0C +45\u00b0C"},"content":{"rendered":"<div class=\"elementor-element elementor-element-391e72ec elementor-widget elementor-widget-theme-post-content\" data-id=\"391e72ec\" data-element_type=\"widget\" data-widget_type=\"theme-post-content.default\">\n<div class=\"elementor-widget-container\">\n<p><strong>Caract\u00e9ristiques techniques\u00a0:<\/strong><\/p>\n<p>Unit\u00e9 externe avec ch\u00e2ssis principal en acier peint<br \/>\nUnit\u00e9 interne avec ch\u00e2ssis principal et panneaux en aluminium<br \/>\nHaute r\u00e9sistance \u00e0 la corrosion<br \/>\nBatterie de condenseur \u00e0 microcanaux en aluminium<br \/>\nRed\u00e9marrage automatique en cas de coupure de courant<br \/>\nVentilateurs de la section d&rsquo;\u00e9vaporation de type EC<br \/>\nVentilateurs de la section de condensation \u00e0 vitesse variable en fonction de la pression de condensation<br \/>\nVanne thermostatique \u00e9lectronique<br \/>\nSection de traitement d&rsquo;air 48\u00a0VCC<\/p>\n<p><strong>Accessoires\u00a0:<\/strong><\/p>\n<p>Kit de fixation murale\/sol UE (avec amortisseurs de vibrations)<br \/>\nR\u00e9sistance chauffante<br \/>\nCarte d&rsquo;interface RS232\/485<br \/>\nCarte d&rsquo;interface Ethernet<br \/>\nCarte d&rsquo;interface SNMP et Web<br \/>\nContr\u00f4le de l&rsquo;humidit\u00e9 (limite de d\u00e9shumidification\u00a0: 40\u00a0% HR \u00e0 30\u00a0\u00b0C)<\/p>\n<\/div>\n<\/div>\n<div class=\"elementor-element elementor-element-427e8a79 e-flex e-con-boxed e-con e-child\" data-id=\"427e8a79\" data-element_type=\"container\">\n<div class=\"e-con-inner\">\n<div class=\"elementor-element elementor-element-6e19ed90 hidebutton mc-bl elementor-align-left elementor-widget elementor-widget-button\" data-id=\"6e19ed90\" data-element_type=\"widget\" data-widget_type=\"button.default\">\n<div class=\"elementor-widget-container\">\n<div class=\"elementor-button-wrapper\"><a class=\"elementor-button elementor-button-link elementor-size-sm\" href=\"https:\/\/www.enextechnologies.com\/wp-content\/uploads\/2024\/08\/B_AE__SR_UP_inverter-EN-R-1.pdf\" target=\"_blank\" rel=\"noopener\"><span class=\"elementor-button-content-wrapper\"><span class=\"elementor-button-text\">BROCHURE<\/span><\/span><\/a><\/div>\n<\/div>\n<\/div>\n<\/div>\n<\/div>\n","protected":false},"excerpt":{"rendered":"<p>De 2,0 \u00e0 17,2 kW<\/p>\n<p>Les climatiseurs de la s\u00e9rie Under sont des syst\u00e8mes split \u00e0 condensation par air, id\u00e9aux pour les installations en int\u00e9rieur, les abris pour stations de base radio et les centres de traitement de donn\u00e9es.<br \/>\nLe r\u00e9glage de la temp\u00e9rature s&rsquo;effectue par variation de la puissance frigorifique du climatiseur gr\u00e2ce \u00e0 la technologie Inverter (variation de la vitesse de rotation du compresseur).<br \/>\nLe flux d&rsquo;air de l&rsquo;unit\u00e9 int\u00e9rieure est dirig\u00e9 vers le bas.<br \/>\nLes climatiseurs sont \u00e9quip\u00e9s d&rsquo;un r\u00e9gulateur interne et de sondes de temp\u00e9rature et de pression, permettant d&rsquo;obtenir un syst\u00e8me de refroidissement ind\u00e9pendant ou coordonn\u00e9, assurant une redondance compl\u00e8te de toutes les fonctions de contr\u00f4le et de climatisation.<\/p>\n<p>Les climatiseurs sont \u00e9quip\u00e9s d&rsquo;un panneau de commande \u00e0 distance pour la gestion des commandes et des contr\u00f4les, avec sectionneurs et protection \u00e9lectrique interne contre les surintensit\u00e9s.<br \/>\nGr\u00e2ce \u00e0 leurs caract\u00e9ristiques m\u00e9caniques, toutes les unit\u00e9s int\u00e9rieures peuvent \u00eatre install\u00e9es c\u00f4te \u00e0 c\u00f4te, m\u00eame avec des puissances frigorifiques diff\u00e9rentes.<\/p>\n","protected":false},"featured_media":30172,"template":"","meta":[],"product_brand":[],"product_cat":[682,1275,1286],"product_tag":[],"class_list":{"0":"post-30177","1":"product","2":"type-product","3":"status-publish","4":"has-post-thumbnail","6":"product_cat-climatiseurs-fr-industriels","7":"product_cat-climatiseurs-split-pour-telecommunications","8":"product_cat-climatiseurs-split-pour-telecommunications-sans-free-cooling","10":"first","11":"instock","12":"shipping-taxable","13":"product-type-simple"},"yoast_head":"<!-- This site is optimized with the Yoast SEO plugin v27.1.1 - https:\/\/yoast.com\/product\/yoast-seo-wordpress\/ -->\n<title>AE SR_UP Climatiseurs split pour t\u00e9l\u00e9communications Installation au plafond - flux vertical - sans free cooling -20\u00b0C +45\u00b0C - GeoClimate.ge<\/title>\n<meta name=\"robots\" content=\"index, follow, max-snippet:-1, max-image-preview:large, max-video-preview:-1\" \/>\n<link rel=\"canonical\" href=\"https:\/\/geoclimate.ge\/fr\/produit\/ae-sr_up-split-system-air-conditioner-for-telecommunications-ceiling-mounting-vertical-flow-without-free-cooling-20c-45c\/\" \/>\n<meta property=\"og:locale\" content=\"fr_FR\" \/>\n<meta property=\"og:type\" content=\"article\" \/>\n<meta property=\"og:title\" content=\"AE SR_UP Climatiseurs split pour t\u00e9l\u00e9communications Installation au plafond - flux vertical - sans free cooling -20\u00b0C +45\u00b0C - GeoClimate.ge\" \/>\n<meta property=\"og:description\" content=\"De 2,0 \u00e0 17,2 kW  Les climatiseurs de la s\u00e9rie Under sont des syst\u00e8mes split \u00e0 condensation par air, id\u00e9aux pour les installations en int\u00e9rieur, les abris pour stations de base radio et les centres de traitement de donn\u00e9es. Le r\u00e9glage de la temp\u00e9rature s&#039;effectue par variation de la puissance frigorifique du climatiseur gr\u00e2ce \u00e0 la technologie Inverter (variation de la vitesse de rotation du compresseur). Le flux d&#039;air de l&#039;unit\u00e9 int\u00e9rieure est dirig\u00e9 vers le bas. Les climatiseurs sont \u00e9quip\u00e9s d&#039;un r\u00e9gulateur interne et de sondes de temp\u00e9rature et de pression, permettant d&#039;obtenir un syst\u00e8me de refroidissement ind\u00e9pendant ou coordonn\u00e9, assurant une redondance compl\u00e8te de toutes les fonctions de contr\u00f4le et de climatisation.  Les climatiseurs sont \u00e9quip\u00e9s d&#039;un panneau de commande \u00e0 distance pour la gestion des commandes et des contr\u00f4les, avec sectionneurs et protection \u00e9lectrique interne contre les surintensit\u00e9s. Gr\u00e2ce \u00e0 leurs caract\u00e9ristiques m\u00e9caniques, toutes les unit\u00e9s int\u00e9rieures peuvent \u00eatre install\u00e9es c\u00f4te \u00e0 c\u00f4te, m\u00eame avec des puissances frigorifiques diff\u00e9rentes.\" \/>\n<meta property=\"og:url\" content=\"https:\/\/geoclimate.ge\/fr\/produit\/ae-sr_up-split-system-air-conditioner-for-telecommunications-ceiling-mounting-vertical-flow-without-free-cooling-20c-45c\/\" \/>\n<meta property=\"og:site_name\" content=\"GeoClimate.ge\" \/>\n<meta property=\"article:modified_time\" content=\"2025-04-21T08:39:06+00:00\" \/>\n<meta property=\"og:image\" content=\"https:\/\/geoclimate.ge\/wp-content\/uploads\/2025\/04\/split-unita-esterna-10-kw_2.982_under-1-1.png\" \/>\n\t<meta property=\"og:image:width\" content=\"2560\" \/>\n\t<meta property=\"og:image:height\" content=\"1920\" \/>\n\t<meta property=\"og:image:type\" content=\"image\/png\" \/>\n<meta name=\"twitter:card\" content=\"summary_large_image\" \/>\n<meta name=\"twitter:label1\" content=\"Dur\u00e9e de lecture estim\u00e9e\" \/>\n\t<meta name=\"twitter:data1\" content=\"1 minute\" \/>\n<script type=\"application\/ld+json\" class=\"yoast-schema-graph\">{\"@context\":\"https:\/\/schema.org\",\"@graph\":[{\"@type\":\"WebPage\",\"@id\":\"https:\/\/geoclimate.ge\/fr\/produit\/ae-sr_up-split-system-air-conditioner-for-telecommunications-ceiling-mounting-vertical-flow-without-free-cooling-20c-45c\/\",\"url\":\"https:\/\/geoclimate.ge\/fr\/produit\/ae-sr_up-split-system-air-conditioner-for-telecommunications-ceiling-mounting-vertical-flow-without-free-cooling-20c-45c\/\",\"name\":\"AE SR_UP Climatiseurs split pour t\u00e9l\u00e9communications Installation au plafond - flux vertical - sans free cooling -20\u00b0C +45\u00b0C - GeoClimate.ge\",\"isPartOf\":{\"@id\":\"https:\/\/geoclimate.ge\/#website\"},\"primaryImageOfPage\":{\"@id\":\"https:\/\/geoclimate.ge\/fr\/produit\/ae-sr_up-split-system-air-conditioner-for-telecommunications-ceiling-mounting-vertical-flow-without-free-cooling-20c-45c\/#primaryimage\"},\"image\":{\"@id\":\"https:\/\/geoclimate.ge\/fr\/produit\/ae-sr_up-split-system-air-conditioner-for-telecommunications-ceiling-mounting-vertical-flow-without-free-cooling-20c-45c\/#primaryimage\"},\"thumbnailUrl\":\"https:\/\/geoclimate.ge\/wp-content\/uploads\/2025\/04\/split-unita-esterna-10-kw_2.982_under-1-1.png\",\"datePublished\":\"2025-04-21T08:34:21+00:00\",\"dateModified\":\"2025-04-21T08:39:06+00:00\",\"breadcrumb\":{\"@id\":\"https:\/\/geoclimate.ge\/fr\/produit\/ae-sr_up-split-system-air-conditioner-for-telecommunications-ceiling-mounting-vertical-flow-without-free-cooling-20c-45c\/#breadcrumb\"},\"inLanguage\":\"fr-FR\",\"potentialAction\":[{\"@type\":\"ReadAction\",\"target\":[\"https:\/\/geoclimate.ge\/fr\/produit\/ae-sr_up-split-system-air-conditioner-for-telecommunications-ceiling-mounting-vertical-flow-without-free-cooling-20c-45c\/\"]}]},{\"@type\":\"ImageObject\",\"inLanguage\":\"fr-FR\",\"@id\":\"https:\/\/geoclimate.ge\/fr\/produit\/ae-sr_up-split-system-air-conditioner-for-telecommunications-ceiling-mounting-vertical-flow-without-free-cooling-20c-45c\/#primaryimage\",\"url\":\"https:\/\/geoclimate.ge\/wp-content\/uploads\/2025\/04\/split-unita-esterna-10-kw_2.982_under-1-1.png\",\"contentUrl\":\"https:\/\/geoclimate.ge\/wp-content\/uploads\/2025\/04\/split-unita-esterna-10-kw_2.982_under-1-1.png\",\"width\":2560,\"height\":1920},{\"@type\":\"BreadcrumbList\",\"@id\":\"https:\/\/geoclimate.ge\/fr\/produit\/ae-sr_up-split-system-air-conditioner-for-telecommunications-ceiling-mounting-vertical-flow-without-free-cooling-20c-45c\/#breadcrumb\",\"itemListElement\":[{\"@type\":\"ListItem\",\"position\":1,\"name\":\"Home\",\"item\":\"https:\/\/geoclimate.ge\/fr\/\"},{\"@type\":\"ListItem\",\"position\":2,\"name\":\"Products\",\"item\":\"https:\/\/geoclimate.ge\/fr\/products\/\"},{\"@type\":\"ListItem\",\"position\":3,\"name\":\"AE SR_UP Climatiseurs split pour t\u00e9l\u00e9communications Installation au plafond &#8211; flux vertical &#8211; sans free cooling -20\u00b0C +45\u00b0C\"}]},{\"@type\":\"WebSite\",\"@id\":\"https:\/\/geoclimate.ge\/#website\",\"url\":\"https:\/\/geoclimate.ge\/\",\"name\":\"GeoClimate\",\"description\":\"\",\"publisher\":{\"@id\":\"https:\/\/geoclimate.ge\/#organization\"},\"potentialAction\":[{\"@type\":\"SearchAction\",\"target\":{\"@type\":\"EntryPoint\",\"urlTemplate\":\"https:\/\/geoclimate.ge\/?s={search_term_string}\"},\"query-input\":{\"@type\":\"PropertyValueSpecification\",\"valueRequired\":true,\"valueName\":\"search_term_string\"}}],\"inLanguage\":\"fr-FR\"},{\"@type\":\"Organization\",\"@id\":\"https:\/\/geoclimate.ge\/#organization\",\"name\":\"GeoClimate\",\"url\":\"https:\/\/geoclimate.ge\/\",\"logo\":{\"@type\":\"ImageObject\",\"inLanguage\":\"fr-FR\",\"@id\":\"https:\/\/geoclimate.ge\/#\/schema\/logo\/image\/\",\"url\":\"https:\/\/geoclimate.ge\/wp-content\/uploads\/2026\/03\/geoclimate-SEO.png\",\"contentUrl\":\"https:\/\/geoclimate.ge\/wp-content\/uploads\/2026\/03\/geoclimate-SEO.png\",\"width\":1536,\"height\":1024,\"caption\":\"GeoClimate\"},\"image\":{\"@id\":\"https:\/\/geoclimate.ge\/#\/schema\/logo\/image\/\"}}]}<\/script>\n<!-- \/ Yoast SEO plugin. -->","yoast_head_json":{"title":"AE SR_UP Climatiseurs split pour t\u00e9l\u00e9communications Installation au plafond - flux vertical - sans free cooling -20\u00b0C +45\u00b0C - GeoClimate.ge","robots":{"index":"index","follow":"follow","max-snippet":"max-snippet:-1","max-image-preview":"max-image-preview:large","max-video-preview":"max-video-preview:-1"},"canonical":"https:\/\/geoclimate.ge\/fr\/produit\/ae-sr_up-split-system-air-conditioner-for-telecommunications-ceiling-mounting-vertical-flow-without-free-cooling-20c-45c\/","og_locale":"fr_FR","og_type":"article","og_title":"AE SR_UP Climatiseurs split pour t\u00e9l\u00e9communications Installation au plafond - flux vertical - sans free cooling -20\u00b0C +45\u00b0C - GeoClimate.ge","og_description":"De 2,0 \u00e0 17,2 kW  Les climatiseurs de la s\u00e9rie Under sont des syst\u00e8mes split \u00e0 condensation par air, id\u00e9aux pour les installations en int\u00e9rieur, les abris pour stations de base radio et les centres de traitement de donn\u00e9es. Le r\u00e9glage de la temp\u00e9rature s'effectue par variation de la puissance frigorifique du climatiseur gr\u00e2ce \u00e0 la technologie Inverter (variation de la vitesse de rotation du compresseur). Le flux d'air de l'unit\u00e9 int\u00e9rieure est dirig\u00e9 vers le bas. Les climatiseurs sont \u00e9quip\u00e9s d'un r\u00e9gulateur interne et de sondes de temp\u00e9rature et de pression, permettant d'obtenir un syst\u00e8me de refroidissement ind\u00e9pendant ou coordonn\u00e9, assurant une redondance compl\u00e8te de toutes les fonctions de contr\u00f4le et de climatisation.  Les climatiseurs sont \u00e9quip\u00e9s d'un panneau de commande \u00e0 distance pour la gestion des commandes et des contr\u00f4les, avec sectionneurs et protection \u00e9lectrique interne contre les surintensit\u00e9s. Gr\u00e2ce \u00e0 leurs caract\u00e9ristiques m\u00e9caniques, toutes les unit\u00e9s int\u00e9rieures peuvent \u00eatre install\u00e9es c\u00f4te \u00e0 c\u00f4te, m\u00eame avec des puissances frigorifiques diff\u00e9rentes.","og_url":"https:\/\/geoclimate.ge\/fr\/produit\/ae-sr_up-split-system-air-conditioner-for-telecommunications-ceiling-mounting-vertical-flow-without-free-cooling-20c-45c\/","og_site_name":"GeoClimate.ge","article_modified_time":"2025-04-21T08:39:06+00:00","og_image":[{"width":2560,"height":1920,"url":"https:\/\/geoclimate.ge\/wp-content\/uploads\/2025\/04\/split-unita-esterna-10-kw_2.982_under-1-1.png","type":"image\/png"}],"twitter_card":"summary_large_image","twitter_misc":{"Dur\u00e9e de lecture estim\u00e9e":"1 minute"},"schema":{"@context":"https:\/\/schema.org","@graph":[{"@type":"WebPage","@id":"https:\/\/geoclimate.ge\/fr\/produit\/ae-sr_up-split-system-air-conditioner-for-telecommunications-ceiling-mounting-vertical-flow-without-free-cooling-20c-45c\/","url":"https:\/\/geoclimate.ge\/fr\/produit\/ae-sr_up-split-system-air-conditioner-for-telecommunications-ceiling-mounting-vertical-flow-without-free-cooling-20c-45c\/","name":"AE SR_UP Climatiseurs split pour t\u00e9l\u00e9communications Installation au plafond - flux vertical - sans free cooling -20\u00b0C +45\u00b0C - GeoClimate.ge","isPartOf":{"@id":"https:\/\/geoclimate.ge\/#website"},"primaryImageOfPage":{"@id":"https:\/\/geoclimate.ge\/fr\/produit\/ae-sr_up-split-system-air-conditioner-for-telecommunications-ceiling-mounting-vertical-flow-without-free-cooling-20c-45c\/#primaryimage"},"image":{"@id":"https:\/\/geoclimate.ge\/fr\/produit\/ae-sr_up-split-system-air-conditioner-for-telecommunications-ceiling-mounting-vertical-flow-without-free-cooling-20c-45c\/#primaryimage"},"thumbnailUrl":"https:\/\/geoclimate.ge\/wp-content\/uploads\/2025\/04\/split-unita-esterna-10-kw_2.982_under-1-1.png","datePublished":"2025-04-21T08:34:21+00:00","dateModified":"2025-04-21T08:39:06+00:00","breadcrumb":{"@id":"https:\/\/geoclimate.ge\/fr\/produit\/ae-sr_up-split-system-air-conditioner-for-telecommunications-ceiling-mounting-vertical-flow-without-free-cooling-20c-45c\/#breadcrumb"},"inLanguage":"fr-FR","potentialAction":[{"@type":"ReadAction","target":["https:\/\/geoclimate.ge\/fr\/produit\/ae-sr_up-split-system-air-conditioner-for-telecommunications-ceiling-mounting-vertical-flow-without-free-cooling-20c-45c\/"]}]},{"@type":"ImageObject","inLanguage":"fr-FR","@id":"https:\/\/geoclimate.ge\/fr\/produit\/ae-sr_up-split-system-air-conditioner-for-telecommunications-ceiling-mounting-vertical-flow-without-free-cooling-20c-45c\/#primaryimage","url":"https:\/\/geoclimate.ge\/wp-content\/uploads\/2025\/04\/split-unita-esterna-10-kw_2.982_under-1-1.png","contentUrl":"https:\/\/geoclimate.ge\/wp-content\/uploads\/2025\/04\/split-unita-esterna-10-kw_2.982_under-1-1.png","width":2560,"height":1920},{"@type":"BreadcrumbList","@id":"https:\/\/geoclimate.ge\/fr\/produit\/ae-sr_up-split-system-air-conditioner-for-telecommunications-ceiling-mounting-vertical-flow-without-free-cooling-20c-45c\/#breadcrumb","itemListElement":[{"@type":"ListItem","position":1,"name":"Home","item":"https:\/\/geoclimate.ge\/fr\/"},{"@type":"ListItem","position":2,"name":"Products","item":"https:\/\/geoclimate.ge\/fr\/products\/"},{"@type":"ListItem","position":3,"name":"AE SR_UP Climatiseurs split pour t\u00e9l\u00e9communications Installation au plafond &#8211; flux vertical &#8211; sans free cooling -20\u00b0C +45\u00b0C"}]},{"@type":"WebSite","@id":"https:\/\/geoclimate.ge\/#website","url":"https:\/\/geoclimate.ge\/","name":"GeoClimate","description":"","publisher":{"@id":"https:\/\/geoclimate.ge\/#organization"},"potentialAction":[{"@type":"SearchAction","target":{"@type":"EntryPoint","urlTemplate":"https:\/\/geoclimate.ge\/?s={search_term_string}"},"query-input":{"@type":"PropertyValueSpecification","valueRequired":true,"valueName":"search_term_string"}}],"inLanguage":"fr-FR"},{"@type":"Organization","@id":"https:\/\/geoclimate.ge\/#organization","name":"GeoClimate","url":"https:\/\/geoclimate.ge\/","logo":{"@type":"ImageObject","inLanguage":"fr-FR","@id":"https:\/\/geoclimate.ge\/#\/schema\/logo\/image\/","url":"https:\/\/geoclimate.ge\/wp-content\/uploads\/2026\/03\/geoclimate-SEO.png","contentUrl":"https:\/\/geoclimate.ge\/wp-content\/uploads\/2026\/03\/geoclimate-SEO.png","width":1536,"height":1024,"caption":"GeoClimate"},"image":{"@id":"https:\/\/geoclimate.ge\/#\/schema\/logo\/image\/"}}]}},"_links":{"self":[{"href":"https:\/\/geoclimate.ge\/fr\/wp-json\/wp\/v2\/product\/30177","targetHints":{"allow":["GET"]}}],"collection":[{"href":"https:\/\/geoclimate.ge\/fr\/wp-json\/wp\/v2\/product"}],"about":[{"href":"https:\/\/geoclimate.ge\/fr\/wp-json\/wp\/v2\/types\/product"}],"wp:featuredmedia":[{"embeddable":true,"href":"https:\/\/geoclimate.ge\/fr\/wp-json\/wp\/v2\/media\/30172"}],"wp:attachment":[{"href":"https:\/\/geoclimate.ge\/fr\/wp-json\/wp\/v2\/media?parent=30177"}],"wp:term":[{"taxonomy":"product_brand","embeddable":true,"href":"https:\/\/geoclimate.ge\/fr\/wp-json\/wp\/v2\/product_brand?post=30177"},{"taxonomy":"product_cat","embeddable":true,"href":"https:\/\/geoclimate.ge\/fr\/wp-json\/wp\/v2\/product_cat?post=30177"},{"taxonomy":"product_tag","embeddable":true,"href":"https:\/\/geoclimate.ge\/fr\/wp-json\/wp\/v2\/product_tag?post=30177"}],"curies":[{"name":"wp","href":"https:\/\/api.w.org\/{rel}","templated":true}]}}