{"id":30190,"date":"2025-04-21T12:55:06","date_gmt":"2025-04-21T08:55:06","guid":{"rendered":"https:\/\/airsystems.ge\/shop\/product\/sf_dpv-split-system-air-conditioner-for-telecommunications-wall-mounting-with-free-cooling-20c-45c\/"},"modified":"2025-04-21T12:58:13","modified_gmt":"2025-04-21T08:58:13","slug":"sf_dpv-split-system-air-conditioner-for-telecommunications-wall-mounting-with-free-cooling-20c-45c","status":"publish","type":"product","link":"https:\/\/geoclimate.ge\/fr\/produit\/sf_dpv-split-system-air-conditioner-for-telecommunications-wall-mounting-with-free-cooling-20c-45c\/","title":{"rendered":"SF_DPV Climatiseurs split pour t\u00e9l\u00e9communications Montage mural &#8211; avec refroidissement naturel -20\u00b0C +45\u00b0C"},"content":{"rendered":"<div class=\"elementor-element elementor-element-391e72ec elementor-widget elementor-widget-theme-post-content\" data-id=\"391e72ec\" data-element_type=\"widget\" data-widget_type=\"theme-post-content.default\">\n<div class=\"elementor-widget-container\">\n<p><strong>CARACT\u00c9RISTIQUES TECHNIQUES<\/strong><\/p>\n<p>Unit\u00e9 externe avec ch\u00e2ssis principal en acier peint<br \/>\nUnit\u00e9 interne avec ch\u00e2ssis principal et panneaux en aluminium<br \/>\nHaute r\u00e9sistance \u00e0 la corrosion<br \/>\nBatterie de condensation \u00e0 microcanaux en aluminium<br \/>\nRed\u00e9marrage automatique en cas de coupure de courant<br \/>\nVentilateurs de la section d&rsquo;\u00e9vaporation EC<br \/>\nVitesse variable des ventilateurs de la section de condensation en fonction de la pression de condensation<br \/>\nVanne thermostatique \u00e9lectronique<br \/>\nSection de traitement d&rsquo;air 48 Vcc<\/p>\n<p><strong>ACCESSOIRES<\/strong><\/p>\n<p>Kit de fixation murale\/sol UE(1) (avec amortisseurs de vibrations)<br \/>\nR\u00e9sistance chauffante<br \/>\nCarte d&rsquo;interface RS232\/485<br \/>\nCarte d&rsquo;interface Ethernet<br \/>\nCarte d&rsquo;interface SNMP et Web<br \/>\nContr\u00f4le de l&rsquo;humidit\u00e9 (limite de d\u00e9shumidification 40 % HR \u00e0 30 \u00b0C)(1) = Unit\u00e9 externe<\/p>\n<\/div>\n<\/div>\n<div class=\"elementor-element elementor-element-427e8a79 e-flex e-con-boxed e-con e-child\" data-id=\"427e8a79\" data-element_type=\"container\">\n<div class=\"e-con-inner\">\n<div class=\"elementor-element elementor-element-6e19ed90 hidebutton mc-bl elementor-align-left elementor-widget elementor-widget-button\" data-id=\"6e19ed90\" data-element_type=\"widget\" data-widget_type=\"button.default\">\n<div class=\"elementor-widget-container\">\n<div class=\"elementor-button-wrapper\"><a class=\"elementor-button elementor-button-link elementor-size-sm\" href=\"https:\/\/www.enextechnologies.com\/wp-content\/uploads\/2024\/08\/B_AE__SR_DPV-ENG-A4-Rev.4-1.pdf\" target=\"_blank\" rel=\"noopener\"><span class=\"elementor-button-content-wrapper\"><span class=\"elementor-button-text\">BROCHURE AE_SR_DPV<\/span><\/span><\/a><\/div>\n<\/div>\n<\/div>\n<div class=\"elementor-element elementor-element-13f5f820 hidebutton mc-bl elementor-align-left elementor-widget elementor-widget-button\" data-id=\"13f5f820\" data-element_type=\"widget\" data-widget_type=\"button.default\">\n<div class=\"elementor-widget-container\">\n<div class=\"elementor-button-wrapper\"><a class=\"elementor-button elementor-button-link elementor-size-sm\" href=\"https:\/\/www.enextechnologies.com\/wp-content\/uploads\/2024\/08\/B_AE__SR_DPV_inverter-ENG-1-1.pdf\" target=\"_blank\" rel=\"noopener\"><span class=\"elementor-button-content-wrapper\"><span class=\"elementor-button-text\">BROCHURE AE_SR_DPV INVERTER<\/span><\/span><\/a><\/div>\n<\/div>\n<\/div>\n<\/div>\n<\/div>\n","protected":false},"excerpt":{"rendered":"<p>De 6,3 kW \u00e0 17,2 kW<\/p>\n<p>Climatiseurs split \u00e0 condensation par air, adapt\u00e9s aux installations en int\u00e9rieur, aux abris pour stations radio et aux centres de traitement de donn\u00e9es.<\/p>\n<p>L&rsquo;unit\u00e9 int\u00e9rieure est fix\u00e9e au mur.<\/p>\n<p>Les climatiseurs sont \u00e9quip\u00e9s d&rsquo;un r\u00e9gulateur interne et de sondes de temp\u00e9rature et de pression, permettant d&rsquo;obtenir un syst\u00e8me de refroidissement ind\u00e9pendant ou coordonn\u00e9, assurant une redondance compl\u00e8te de toutes les fonctions de contr\u00f4le et de climatisation.<\/p>\n<p>Les climatiseurs sont \u00e9quip\u00e9s d&rsquo;un panneau de commande \u00e0 distance pour la gestion des commandes et des contr\u00f4les, avec sectionneurs et protection \u00e9lectrique interne contre les surintensit\u00e9s.<\/p>\n","protected":false},"featured_media":30185,"template":"","meta":[],"product_brand":[],"product_cat":[682,1275,1280],"product_tag":[],"class_list":{"0":"post-30190","1":"product","2":"type-product","3":"status-publish","4":"has-post-thumbnail","6":"product_cat-climatiseurs-fr-industriels","7":"product_cat-climatiseurs-split-pour-telecommunications","8":"product_cat-climatiseurs-split-pour-telecommunications-avec-free-cooling","10":"first","11":"instock","12":"shipping-taxable","13":"product-type-simple"},"yoast_head":"<!-- This site is optimized with the Yoast SEO plugin v27.1.1 - https:\/\/yoast.com\/product\/yoast-seo-wordpress\/ -->\n<title>SF_DPV Climatiseurs split pour t\u00e9l\u00e9communications Montage mural - avec refroidissement naturel -20\u00b0C +45\u00b0C - GeoClimate.ge<\/title>\n<meta name=\"robots\" content=\"index, follow, max-snippet:-1, max-image-preview:large, max-video-preview:-1\" \/>\n<link rel=\"canonical\" href=\"https:\/\/geoclimate.ge\/fr\/produit\/sf_dpv-split-system-air-conditioner-for-telecommunications-wall-mounting-with-free-cooling-20c-45c\/\" \/>\n<meta property=\"og:locale\" content=\"fr_FR\" \/>\n<meta property=\"og:type\" content=\"article\" \/>\n<meta property=\"og:title\" content=\"SF_DPV Climatiseurs split pour t\u00e9l\u00e9communications Montage mural - avec refroidissement naturel -20\u00b0C +45\u00b0C - GeoClimate.ge\" \/>\n<meta property=\"og:description\" content=\"De 6,3 kW \u00e0 17,2 kW  Climatiseurs split \u00e0 condensation par air, adapt\u00e9s aux installations en int\u00e9rieur, aux abris pour stations radio et aux centres de traitement de donn\u00e9es.  L&#039;unit\u00e9 int\u00e9rieure est fix\u00e9e au mur.  Les climatiseurs sont \u00e9quip\u00e9s d&#039;un r\u00e9gulateur interne et de sondes de temp\u00e9rature et de pression, permettant d&#039;obtenir un syst\u00e8me de refroidissement ind\u00e9pendant ou coordonn\u00e9, assurant une redondance compl\u00e8te de toutes les fonctions de contr\u00f4le et de climatisation.  Les climatiseurs sont \u00e9quip\u00e9s d&#039;un panneau de commande \u00e0 distance pour la gestion des commandes et des contr\u00f4les, avec sectionneurs et protection \u00e9lectrique interne contre les surintensit\u00e9s.\" \/>\n<meta property=\"og:url\" content=\"https:\/\/geoclimate.ge\/fr\/produit\/sf_dpv-split-system-air-conditioner-for-telecommunications-wall-mounting-with-free-cooling-20c-45c\/\" \/>\n<meta property=\"og:site_name\" content=\"GeoClimate.ge\" \/>\n<meta property=\"article:modified_time\" content=\"2025-04-21T08:58:13+00:00\" \/>\n<meta property=\"og:image\" content=\"https:\/\/geoclimate.ge\/wp-content\/uploads\/2025\/04\/split-unita-esterna-10-kw_2.982.png\" \/>\n\t<meta property=\"og:image:width\" content=\"2560\" \/>\n\t<meta property=\"og:image:height\" content=\"1920\" \/>\n\t<meta property=\"og:image:type\" content=\"image\/png\" \/>\n<meta name=\"twitter:card\" content=\"summary_large_image\" \/>\n<meta name=\"twitter:label1\" content=\"Dur\u00e9e de lecture estim\u00e9e\" \/>\n\t<meta name=\"twitter:data1\" content=\"1 minute\" \/>\n<script type=\"application\/ld+json\" class=\"yoast-schema-graph\">{\"@context\":\"https:\/\/schema.org\",\"@graph\":[{\"@type\":\"WebPage\",\"@id\":\"https:\/\/geoclimate.ge\/fr\/produit\/sf_dpv-split-system-air-conditioner-for-telecommunications-wall-mounting-with-free-cooling-20c-45c\/\",\"url\":\"https:\/\/geoclimate.ge\/fr\/produit\/sf_dpv-split-system-air-conditioner-for-telecommunications-wall-mounting-with-free-cooling-20c-45c\/\",\"name\":\"SF_DPV Climatiseurs split pour t\u00e9l\u00e9communications Montage mural - avec refroidissement naturel -20\u00b0C +45\u00b0C - GeoClimate.ge\",\"isPartOf\":{\"@id\":\"https:\/\/geoclimate.ge\/#website\"},\"primaryImageOfPage\":{\"@id\":\"https:\/\/geoclimate.ge\/fr\/produit\/sf_dpv-split-system-air-conditioner-for-telecommunications-wall-mounting-with-free-cooling-20c-45c\/#primaryimage\"},\"image\":{\"@id\":\"https:\/\/geoclimate.ge\/fr\/produit\/sf_dpv-split-system-air-conditioner-for-telecommunications-wall-mounting-with-free-cooling-20c-45c\/#primaryimage\"},\"thumbnailUrl\":\"https:\/\/geoclimate.ge\/wp-content\/uploads\/2025\/04\/split-unita-esterna-10-kw_2.982.png\",\"datePublished\":\"2025-04-21T08:55:06+00:00\",\"dateModified\":\"2025-04-21T08:58:13+00:00\",\"breadcrumb\":{\"@id\":\"https:\/\/geoclimate.ge\/fr\/produit\/sf_dpv-split-system-air-conditioner-for-telecommunications-wall-mounting-with-free-cooling-20c-45c\/#breadcrumb\"},\"inLanguage\":\"fr-FR\",\"potentialAction\":[{\"@type\":\"ReadAction\",\"target\":[\"https:\/\/geoclimate.ge\/fr\/produit\/sf_dpv-split-system-air-conditioner-for-telecommunications-wall-mounting-with-free-cooling-20c-45c\/\"]}]},{\"@type\":\"ImageObject\",\"inLanguage\":\"fr-FR\",\"@id\":\"https:\/\/geoclimate.ge\/fr\/produit\/sf_dpv-split-system-air-conditioner-for-telecommunications-wall-mounting-with-free-cooling-20c-45c\/#primaryimage\",\"url\":\"https:\/\/geoclimate.ge\/wp-content\/uploads\/2025\/04\/split-unita-esterna-10-kw_2.982.png\",\"contentUrl\":\"https:\/\/geoclimate.ge\/wp-content\/uploads\/2025\/04\/split-unita-esterna-10-kw_2.982.png\",\"width\":2560,\"height\":1920},{\"@type\":\"BreadcrumbList\",\"@id\":\"https:\/\/geoclimate.ge\/fr\/produit\/sf_dpv-split-system-air-conditioner-for-telecommunications-wall-mounting-with-free-cooling-20c-45c\/#breadcrumb\",\"itemListElement\":[{\"@type\":\"ListItem\",\"position\":1,\"name\":\"Home\",\"item\":\"https:\/\/geoclimate.ge\/fr\/\"},{\"@type\":\"ListItem\",\"position\":2,\"name\":\"Products\",\"item\":\"https:\/\/geoclimate.ge\/fr\/products\/\"},{\"@type\":\"ListItem\",\"position\":3,\"name\":\"SF_DPV Climatiseurs split pour t\u00e9l\u00e9communications Montage mural &#8211; avec refroidissement naturel -20\u00b0C +45\u00b0C\"}]},{\"@type\":\"WebSite\",\"@id\":\"https:\/\/geoclimate.ge\/#website\",\"url\":\"https:\/\/geoclimate.ge\/\",\"name\":\"GeoClimate\",\"description\":\"\",\"publisher\":{\"@id\":\"https:\/\/geoclimate.ge\/#organization\"},\"potentialAction\":[{\"@type\":\"SearchAction\",\"target\":{\"@type\":\"EntryPoint\",\"urlTemplate\":\"https:\/\/geoclimate.ge\/?s={search_term_string}\"},\"query-input\":{\"@type\":\"PropertyValueSpecification\",\"valueRequired\":true,\"valueName\":\"search_term_string\"}}],\"inLanguage\":\"fr-FR\"},{\"@type\":\"Organization\",\"@id\":\"https:\/\/geoclimate.ge\/#organization\",\"name\":\"GeoClimate\",\"url\":\"https:\/\/geoclimate.ge\/\",\"logo\":{\"@type\":\"ImageObject\",\"inLanguage\":\"fr-FR\",\"@id\":\"https:\/\/geoclimate.ge\/#\/schema\/logo\/image\/\",\"url\":\"https:\/\/geoclimate.ge\/wp-content\/uploads\/2026\/03\/geoclimate-SEO.png\",\"contentUrl\":\"https:\/\/geoclimate.ge\/wp-content\/uploads\/2026\/03\/geoclimate-SEO.png\",\"width\":1536,\"height\":1024,\"caption\":\"GeoClimate\"},\"image\":{\"@id\":\"https:\/\/geoclimate.ge\/#\/schema\/logo\/image\/\"}}]}<\/script>\n<!-- \/ Yoast SEO plugin. -->","yoast_head_json":{"title":"SF_DPV Climatiseurs split pour t\u00e9l\u00e9communications Montage mural - avec refroidissement naturel -20\u00b0C +45\u00b0C - GeoClimate.ge","robots":{"index":"index","follow":"follow","max-snippet":"max-snippet:-1","max-image-preview":"max-image-preview:large","max-video-preview":"max-video-preview:-1"},"canonical":"https:\/\/geoclimate.ge\/fr\/produit\/sf_dpv-split-system-air-conditioner-for-telecommunications-wall-mounting-with-free-cooling-20c-45c\/","og_locale":"fr_FR","og_type":"article","og_title":"SF_DPV Climatiseurs split pour t\u00e9l\u00e9communications Montage mural - avec refroidissement naturel -20\u00b0C +45\u00b0C - GeoClimate.ge","og_description":"De 6,3 kW \u00e0 17,2 kW  Climatiseurs split \u00e0 condensation par air, adapt\u00e9s aux installations en int\u00e9rieur, aux abris pour stations radio et aux centres de traitement de donn\u00e9es.  L'unit\u00e9 int\u00e9rieure est fix\u00e9e au mur.  Les climatiseurs sont \u00e9quip\u00e9s d'un r\u00e9gulateur interne et de sondes de temp\u00e9rature et de pression, permettant d'obtenir un syst\u00e8me de refroidissement ind\u00e9pendant ou coordonn\u00e9, assurant une redondance compl\u00e8te de toutes les fonctions de contr\u00f4le et de climatisation.  Les climatiseurs sont \u00e9quip\u00e9s d'un panneau de commande \u00e0 distance pour la gestion des commandes et des contr\u00f4les, avec sectionneurs et protection \u00e9lectrique interne contre les surintensit\u00e9s.","og_url":"https:\/\/geoclimate.ge\/fr\/produit\/sf_dpv-split-system-air-conditioner-for-telecommunications-wall-mounting-with-free-cooling-20c-45c\/","og_site_name":"GeoClimate.ge","article_modified_time":"2025-04-21T08:58:13+00:00","og_image":[{"width":2560,"height":1920,"url":"https:\/\/geoclimate.ge\/wp-content\/uploads\/2025\/04\/split-unita-esterna-10-kw_2.982.png","type":"image\/png"}],"twitter_card":"summary_large_image","twitter_misc":{"Dur\u00e9e de lecture estim\u00e9e":"1 minute"},"schema":{"@context":"https:\/\/schema.org","@graph":[{"@type":"WebPage","@id":"https:\/\/geoclimate.ge\/fr\/produit\/sf_dpv-split-system-air-conditioner-for-telecommunications-wall-mounting-with-free-cooling-20c-45c\/","url":"https:\/\/geoclimate.ge\/fr\/produit\/sf_dpv-split-system-air-conditioner-for-telecommunications-wall-mounting-with-free-cooling-20c-45c\/","name":"SF_DPV Climatiseurs split pour t\u00e9l\u00e9communications Montage mural - avec refroidissement naturel -20\u00b0C +45\u00b0C - GeoClimate.ge","isPartOf":{"@id":"https:\/\/geoclimate.ge\/#website"},"primaryImageOfPage":{"@id":"https:\/\/geoclimate.ge\/fr\/produit\/sf_dpv-split-system-air-conditioner-for-telecommunications-wall-mounting-with-free-cooling-20c-45c\/#primaryimage"},"image":{"@id":"https:\/\/geoclimate.ge\/fr\/produit\/sf_dpv-split-system-air-conditioner-for-telecommunications-wall-mounting-with-free-cooling-20c-45c\/#primaryimage"},"thumbnailUrl":"https:\/\/geoclimate.ge\/wp-content\/uploads\/2025\/04\/split-unita-esterna-10-kw_2.982.png","datePublished":"2025-04-21T08:55:06+00:00","dateModified":"2025-04-21T08:58:13+00:00","breadcrumb":{"@id":"https:\/\/geoclimate.ge\/fr\/produit\/sf_dpv-split-system-air-conditioner-for-telecommunications-wall-mounting-with-free-cooling-20c-45c\/#breadcrumb"},"inLanguage":"fr-FR","potentialAction":[{"@type":"ReadAction","target":["https:\/\/geoclimate.ge\/fr\/produit\/sf_dpv-split-system-air-conditioner-for-telecommunications-wall-mounting-with-free-cooling-20c-45c\/"]}]},{"@type":"ImageObject","inLanguage":"fr-FR","@id":"https:\/\/geoclimate.ge\/fr\/produit\/sf_dpv-split-system-air-conditioner-for-telecommunications-wall-mounting-with-free-cooling-20c-45c\/#primaryimage","url":"https:\/\/geoclimate.ge\/wp-content\/uploads\/2025\/04\/split-unita-esterna-10-kw_2.982.png","contentUrl":"https:\/\/geoclimate.ge\/wp-content\/uploads\/2025\/04\/split-unita-esterna-10-kw_2.982.png","width":2560,"height":1920},{"@type":"BreadcrumbList","@id":"https:\/\/geoclimate.ge\/fr\/produit\/sf_dpv-split-system-air-conditioner-for-telecommunications-wall-mounting-with-free-cooling-20c-45c\/#breadcrumb","itemListElement":[{"@type":"ListItem","position":1,"name":"Home","item":"https:\/\/geoclimate.ge\/fr\/"},{"@type":"ListItem","position":2,"name":"Products","item":"https:\/\/geoclimate.ge\/fr\/products\/"},{"@type":"ListItem","position":3,"name":"SF_DPV Climatiseurs split pour t\u00e9l\u00e9communications Montage mural &#8211; avec refroidissement naturel -20\u00b0C +45\u00b0C"}]},{"@type":"WebSite","@id":"https:\/\/geoclimate.ge\/#website","url":"https:\/\/geoclimate.ge\/","name":"GeoClimate","description":"","publisher":{"@id":"https:\/\/geoclimate.ge\/#organization"},"potentialAction":[{"@type":"SearchAction","target":{"@type":"EntryPoint","urlTemplate":"https:\/\/geoclimate.ge\/?s={search_term_string}"},"query-input":{"@type":"PropertyValueSpecification","valueRequired":true,"valueName":"search_term_string"}}],"inLanguage":"fr-FR"},{"@type":"Organization","@id":"https:\/\/geoclimate.ge\/#organization","name":"GeoClimate","url":"https:\/\/geoclimate.ge\/","logo":{"@type":"ImageObject","inLanguage":"fr-FR","@id":"https:\/\/geoclimate.ge\/#\/schema\/logo\/image\/","url":"https:\/\/geoclimate.ge\/wp-content\/uploads\/2026\/03\/geoclimate-SEO.png","contentUrl":"https:\/\/geoclimate.ge\/wp-content\/uploads\/2026\/03\/geoclimate-SEO.png","width":1536,"height":1024,"caption":"GeoClimate"},"image":{"@id":"https:\/\/geoclimate.ge\/#\/schema\/logo\/image\/"}}]}},"_links":{"self":[{"href":"https:\/\/geoclimate.ge\/fr\/wp-json\/wp\/v2\/product\/30190","targetHints":{"allow":["GET"]}}],"collection":[{"href":"https:\/\/geoclimate.ge\/fr\/wp-json\/wp\/v2\/product"}],"about":[{"href":"https:\/\/geoclimate.ge\/fr\/wp-json\/wp\/v2\/types\/product"}],"wp:featuredmedia":[{"embeddable":true,"href":"https:\/\/geoclimate.ge\/fr\/wp-json\/wp\/v2\/media\/30185"}],"wp:attachment":[{"href":"https:\/\/geoclimate.ge\/fr\/wp-json\/wp\/v2\/media?parent=30190"}],"wp:term":[{"taxonomy":"product_brand","embeddable":true,"href":"https:\/\/geoclimate.ge\/fr\/wp-json\/wp\/v2\/product_brand?post=30190"},{"taxonomy":"product_cat","embeddable":true,"href":"https:\/\/geoclimate.ge\/fr\/wp-json\/wp\/v2\/product_cat?post=30190"},{"taxonomy":"product_tag","embeddable":true,"href":"https:\/\/geoclimate.ge\/fr\/wp-json\/wp\/v2\/product_tag?post=30190"}],"curies":[{"name":"wp","href":"https:\/\/api.w.org\/{rel}","templated":true}]}}