{"id":30229,"date":"2025-01-01T22:27:45","date_gmt":"2025-01-01T18:27:45","guid":{"rendered":"https:\/\/airsystems.ge\/shop\/product\/free-cooler-systems-air-extraction-canalized-vfc-vfc-from-1000-m3-h-to-4000-m3-h\/"},"modified":"2025-04-21T18:48:22","modified_gmt":"2025-04-21T14:48:22","slug":"free-cooler-systems-air-extraction-canalized-vfc-vfc-from-1000-m3-h-to-4000-m3-h","status":"publish","type":"product","link":"https:\/\/geoclimate.ge\/fr\/produit\/free-cooler-systems-air-extraction-canalized-vfc-vfc-from-1000-m3-h-to-4000-m3-h\/","title":{"rendered":"Syst\u00e8mes de refroidissement naturel Extraction d&rsquo;air &#8211; Extraction canalis\u00e9e VFC De 1\u00a0000 m\u00b3\/h \u00e0 4\u00a0000 m\u00b3\/h"},"content":{"rendered":"<div class=\"elementor-element elementor-element-70da8153 elementor-widget elementor-widget-theme-page-title elementor-page-title elementor-widget-heading\" data-id=\"70da8153\" data-element_type=\"widget\" data-widget_type=\"theme-page-title.default\">\n<div class=\"elementor-widget-container\">\n<p><strong>COMPOSITION DU SYST\u00c8ME<\/strong><br \/>\n\u2022 Syst\u00e8me de ventilation group\u00e9e (caisson + ventilateur(s))<br \/>\n\u2022 Tableau \u00e9lectrique \u00ab\u00a0Commande et Contr\u00f4le\u00a0\u00bb comprenant un sectionneur g\u00e9n\u00e9ral, un automate programmable et un thermostat de temp\u00e9rature maximale.<br \/>\n\u2022 Grille(s) d&rsquo;entr\u00e9e d&rsquo;air avec protection anti-insectes (horizontale)<br \/>\n\u2022 Filtre(s) anti-poussi\u00e8re<br \/>\n\u2022 Pl\u00e9num externe + Registre de surpression<br \/>\n\u2022 Pressostat diff\u00e9rentiel d&rsquo;air<\/p>\n<p>La vitesse du ventilateur est r\u00e9gl\u00e9e par un signal \u00ab\u00a0PROPORTIONNEL\u00a0\u00bb (0-10\u00a0V).<br \/>\nL&rsquo;adoption de la r\u00e9gulation \u00ab\u00a0PROPORTIONNELLE\u00a0\u00bb permet d&rsquo;\u00e9viter les chocs thermiques lorsque la temp\u00e9rature ext\u00e9rieure est tr\u00e8s basse.<br \/>\nCe syst\u00e8me peut \u00e9galement servir de syst\u00e8me d&rsquo;urgence pour refroidir une pi\u00e8ce gr\u00e2ce \u00e0 un r\u00e9gulateur \u00e9lectrom\u00e9canique (thermostat) qui permet d&rsquo;alimenter le ventilateur de mani\u00e8re ind\u00e9pendante et s\u00e9par\u00e9e lorsque la temp\u00e9rature d\u00e9tect\u00e9e d\u00e9passe les valeurs pr\u00e9d\u00e9finies.<br \/>\nSi le syst\u00e8me de ventilation group\u00e9e ne peut pas \u00eatre fix\u00e9 au mur ou s&rsquo;il est n\u00e9cessaire d&rsquo;installer les ventilateurs \u00e0 un autre endroit (par exemple dans une pi\u00e8ce), la solution VFC peut \u00eatre compl\u00e9t\u00e9e par la fourniture optionnelle d&rsquo;un conduit d&rsquo;extraction d&rsquo;air et de sa plaque de raccordement.<br \/>\nPour des conditions particuli\u00e8res, la s\u00e9rie VFCS peut \u00eatre fournie sur demande. Elle permet une installation dans des sites critiques \u00e0 faible niveau sonore gr\u00e2ce \u00e0 un pl\u00e9num externe insonoris\u00e9 suppl\u00e9mentaire.<\/p>\n<p><strong>Caract\u00e9ristiques techniques<\/strong><br \/>\n\u2022 Tr\u00e8s l\u00e9ger<br \/>\n\u2022 Installation facile<br \/>\n\u2022 Acc\u00e8s facile pour l&rsquo;entretien et la maintenance<\/p>\n<\/div>\n<\/div>\n<div class=\"elementor-element elementor-element-427e8a79 e-flex e-con-boxed e-con e-child\" data-id=\"427e8a79\" data-element_type=\"container\">\n<div class=\"e-con-inner\">\n<div class=\"elementor-element elementor-element-6e19ed90 hidebutton mc-bl elementor-align-left elementor-widget elementor-widget-button\" data-id=\"6e19ed90\" data-element_type=\"widget\" data-widget_type=\"button.default\">\n<div class=\"elementor-widget-container\">\n<div class=\"elementor-button-wrapper\"><a class=\"elementor-button elementor-button-link elementor-size-sm\" href=\"https:\/\/www.enextechnologies.com\/wp-content\/uploads\/2024\/08\/AE_VFC_S48-en-Rev.4-1.pdf\" target=\"_blank\" rel=\"noopener\"><span class=\"elementor-button-content-wrapper\"><span class=\"elementor-button-text\">BROCHURE<\/span><\/span><\/a><\/div>\n<\/div>\n<\/div>\n<\/div>\n<\/div>\n","protected":false},"excerpt":{"rendered":"<p>De 1\u00a0000 m\u00b3\/h \u00e0 4\u00a0000 m\u00b3\/h<\/p>\n<p>Le syst\u00e8me de refroidissement naturel assure un renouvellement d&rsquo;air continu, l&rsquo;objectif principal \u00e9tant de transf\u00e9rer la chaleur g\u00e9n\u00e9r\u00e9e par l&rsquo;\u00e9quipement vers l&rsquo;ext\u00e9rieur (pour la dissipation).<br \/>\nLe syst\u00e8me d&rsquo;extraction d&rsquo;air de la s\u00e9rie VFC est compos\u00e9 d&rsquo;un ou plusieurs ventilateurs centrifuges extrayant l&rsquo;air vici\u00e9 de l&rsquo;environnement int\u00e9rieur et d&rsquo;un automate programmable (PLC) contr\u00f4lant l&rsquo;ensemble du cycle de fonctionnement et g\u00e9rant et g\u00e9n\u00e9rant les alarmes correspondantes.<br \/>\nCoupl\u00e9 \u00e0 un climatiseur Ethra Tech, ce syst\u00e8me peut \u00eatre g\u00e9r\u00e9 par le m\u00eame contr\u00f4leur de climatiseur, sans n\u00e9cessiter d&rsquo;automate d\u00e9di\u00e9.<\/p>\n","protected":false},"featured_media":33540,"template":"","meta":[],"product_brand":[],"product_cat":[682,1301],"product_tag":[],"class_list":{"0":"post-30229","1":"product","2":"type-product","3":"status-publish","4":"has-post-thumbnail","6":"product_cat-climatiseurs-fr-industriels","7":"product_cat-free-cooling-refroidissement-fr","9":"first","10":"instock","11":"shipping-taxable","12":"product-type-simple"},"yoast_head":"<!-- This site is optimized with the Yoast SEO plugin v27.1.1 - https:\/\/yoast.com\/product\/yoast-seo-wordpress\/ -->\n<title>Syst\u00e8mes de refroidissement naturel Extraction d&#039;air - Extraction canalis\u00e9e VFC De 1\u00a0000 m\u00b3\/h \u00e0 4\u00a0000 m\u00b3\/h - GeoClimate.ge<\/title>\n<meta name=\"robots\" content=\"index, follow, max-snippet:-1, max-image-preview:large, max-video-preview:-1\" \/>\n<link rel=\"canonical\" href=\"https:\/\/geoclimate.ge\/fr\/produit\/free-cooler-systems-air-extraction-canalized-vfc-vfc-from-1000-m3-h-to-4000-m3-h\/\" \/>\n<meta property=\"og:locale\" content=\"fr_FR\" \/>\n<meta property=\"og:type\" content=\"article\" \/>\n<meta property=\"og:title\" content=\"Syst\u00e8mes de refroidissement naturel Extraction d&#039;air - Extraction canalis\u00e9e VFC De 1\u00a0000 m\u00b3\/h \u00e0 4\u00a0000 m\u00b3\/h - GeoClimate.ge\" \/>\n<meta property=\"og:description\" content=\"De 1\u00a0000 m\u00b3\/h \u00e0 4\u00a0000 m\u00b3\/h  Le syst\u00e8me de refroidissement naturel assure un renouvellement d&#039;air continu, l&#039;objectif principal \u00e9tant de transf\u00e9rer la chaleur g\u00e9n\u00e9r\u00e9e par l&#039;\u00e9quipement vers l&#039;ext\u00e9rieur (pour la dissipation). Le syst\u00e8me d&#039;extraction d&#039;air de la s\u00e9rie VFC est compos\u00e9 d&#039;un ou plusieurs ventilateurs centrifuges extrayant l&#039;air vici\u00e9 de l&#039;environnement int\u00e9rieur et d&#039;un automate programmable (PLC) contr\u00f4lant l&#039;ensemble du cycle de fonctionnement et g\u00e9rant et g\u00e9n\u00e9rant les alarmes correspondantes. Coupl\u00e9 \u00e0 un climatiseur Ethra Tech, ce syst\u00e8me peut \u00eatre g\u00e9r\u00e9 par le m\u00eame contr\u00f4leur de climatiseur, sans n\u00e9cessiter d&#039;automate d\u00e9di\u00e9.\" \/>\n<meta property=\"og:url\" content=\"https:\/\/geoclimate.ge\/fr\/produit\/free-cooler-systems-air-extraction-canalized-vfc-vfc-from-1000-m3-h-to-4000-m3-h\/\" \/>\n<meta property=\"og:site_name\" content=\"GeoClimate.ge\" \/>\n<meta property=\"article:modified_time\" content=\"2025-04-21T14:48:22+00:00\" \/>\n<meta property=\"og:image\" content=\"https:\/\/geoclimate.ge\/wp-content\/uploads\/2025\/01\/sistemi-free-cooling-serie-VFC.png\" \/>\n\t<meta property=\"og:image:width\" content=\"2560\" \/>\n\t<meta property=\"og:image:height\" content=\"1920\" \/>\n\t<meta property=\"og:image:type\" content=\"image\/png\" \/>\n<meta name=\"twitter:card\" content=\"summary_large_image\" \/>\n<meta name=\"twitter:label1\" content=\"Dur\u00e9e de lecture estim\u00e9e\" \/>\n\t<meta name=\"twitter:data1\" content=\"1 minute\" \/>\n<script type=\"application\/ld+json\" class=\"yoast-schema-graph\">{\"@context\":\"https:\/\/schema.org\",\"@graph\":[{\"@type\":\"WebPage\",\"@id\":\"https:\/\/geoclimate.ge\/fr\/produit\/free-cooler-systems-air-extraction-canalized-vfc-vfc-from-1000-m3-h-to-4000-m3-h\/\",\"url\":\"https:\/\/geoclimate.ge\/fr\/produit\/free-cooler-systems-air-extraction-canalized-vfc-vfc-from-1000-m3-h-to-4000-m3-h\/\",\"name\":\"Syst\u00e8mes de refroidissement naturel Extraction d'air - Extraction canalis\u00e9e VFC De 1\u00a0000 m\u00b3\/h \u00e0 4\u00a0000 m\u00b3\/h - GeoClimate.ge\",\"isPartOf\":{\"@id\":\"https:\/\/geoclimate.ge\/#website\"},\"primaryImageOfPage\":{\"@id\":\"https:\/\/geoclimate.ge\/fr\/produit\/free-cooler-systems-air-extraction-canalized-vfc-vfc-from-1000-m3-h-to-4000-m3-h\/#primaryimage\"},\"image\":{\"@id\":\"https:\/\/geoclimate.ge\/fr\/produit\/free-cooler-systems-air-extraction-canalized-vfc-vfc-from-1000-m3-h-to-4000-m3-h\/#primaryimage\"},\"thumbnailUrl\":\"https:\/\/geoclimate.ge\/wp-content\/uploads\/2025\/01\/sistemi-free-cooling-serie-VFC.png\",\"datePublished\":\"2025-01-01T18:27:45+00:00\",\"dateModified\":\"2025-04-21T14:48:22+00:00\",\"breadcrumb\":{\"@id\":\"https:\/\/geoclimate.ge\/fr\/produit\/free-cooler-systems-air-extraction-canalized-vfc-vfc-from-1000-m3-h-to-4000-m3-h\/#breadcrumb\"},\"inLanguage\":\"fr-FR\",\"potentialAction\":[{\"@type\":\"ReadAction\",\"target\":[\"https:\/\/geoclimate.ge\/fr\/produit\/free-cooler-systems-air-extraction-canalized-vfc-vfc-from-1000-m3-h-to-4000-m3-h\/\"]}]},{\"@type\":\"ImageObject\",\"inLanguage\":\"fr-FR\",\"@id\":\"https:\/\/geoclimate.ge\/fr\/produit\/free-cooler-systems-air-extraction-canalized-vfc-vfc-from-1000-m3-h-to-4000-m3-h\/#primaryimage\",\"url\":\"https:\/\/geoclimate.ge\/wp-content\/uploads\/2025\/01\/sistemi-free-cooling-serie-VFC.png\",\"contentUrl\":\"https:\/\/geoclimate.ge\/wp-content\/uploads\/2025\/01\/sistemi-free-cooling-serie-VFC.png\",\"width\":2560,\"height\":1920},{\"@type\":\"BreadcrumbList\",\"@id\":\"https:\/\/geoclimate.ge\/fr\/produit\/free-cooler-systems-air-extraction-canalized-vfc-vfc-from-1000-m3-h-to-4000-m3-h\/#breadcrumb\",\"itemListElement\":[{\"@type\":\"ListItem\",\"position\":1,\"name\":\"Home\",\"item\":\"https:\/\/geoclimate.ge\/fr\/\"},{\"@type\":\"ListItem\",\"position\":2,\"name\":\"Products\",\"item\":\"https:\/\/geoclimate.ge\/fr\/products\/\"},{\"@type\":\"ListItem\",\"position\":3,\"name\":\"Syst\u00e8mes de refroidissement naturel Extraction d&#8217;air &#8211; Extraction canalis\u00e9e VFC De 1\u00a0000 m\u00b3\/h \u00e0 4\u00a0000 m\u00b3\/h\"}]},{\"@type\":\"WebSite\",\"@id\":\"https:\/\/geoclimate.ge\/#website\",\"url\":\"https:\/\/geoclimate.ge\/\",\"name\":\"GeoClimate\",\"description\":\"\",\"publisher\":{\"@id\":\"https:\/\/geoclimate.ge\/#organization\"},\"potentialAction\":[{\"@type\":\"SearchAction\",\"target\":{\"@type\":\"EntryPoint\",\"urlTemplate\":\"https:\/\/geoclimate.ge\/?s={search_term_string}\"},\"query-input\":{\"@type\":\"PropertyValueSpecification\",\"valueRequired\":true,\"valueName\":\"search_term_string\"}}],\"inLanguage\":\"fr-FR\"},{\"@type\":\"Organization\",\"@id\":\"https:\/\/geoclimate.ge\/#organization\",\"name\":\"GeoClimate\",\"url\":\"https:\/\/geoclimate.ge\/\",\"logo\":{\"@type\":\"ImageObject\",\"inLanguage\":\"fr-FR\",\"@id\":\"https:\/\/geoclimate.ge\/#\/schema\/logo\/image\/\",\"url\":\"https:\/\/geoclimate.ge\/wp-content\/uploads\/2026\/03\/geoclimate-SEO.png\",\"contentUrl\":\"https:\/\/geoclimate.ge\/wp-content\/uploads\/2026\/03\/geoclimate-SEO.png\",\"width\":1536,\"height\":1024,\"caption\":\"GeoClimate\"},\"image\":{\"@id\":\"https:\/\/geoclimate.ge\/#\/schema\/logo\/image\/\"}}]}<\/script>\n<!-- \/ Yoast SEO plugin. -->","yoast_head_json":{"title":"Syst\u00e8mes de refroidissement naturel Extraction d'air - Extraction canalis\u00e9e VFC De 1\u00a0000 m\u00b3\/h \u00e0 4\u00a0000 m\u00b3\/h - GeoClimate.ge","robots":{"index":"index","follow":"follow","max-snippet":"max-snippet:-1","max-image-preview":"max-image-preview:large","max-video-preview":"max-video-preview:-1"},"canonical":"https:\/\/geoclimate.ge\/fr\/produit\/free-cooler-systems-air-extraction-canalized-vfc-vfc-from-1000-m3-h-to-4000-m3-h\/","og_locale":"fr_FR","og_type":"article","og_title":"Syst\u00e8mes de refroidissement naturel Extraction d'air - Extraction canalis\u00e9e VFC De 1\u00a0000 m\u00b3\/h \u00e0 4\u00a0000 m\u00b3\/h - GeoClimate.ge","og_description":"De 1\u00a0000 m\u00b3\/h \u00e0 4\u00a0000 m\u00b3\/h  Le syst\u00e8me de refroidissement naturel assure un renouvellement d'air continu, l'objectif principal \u00e9tant de transf\u00e9rer la chaleur g\u00e9n\u00e9r\u00e9e par l'\u00e9quipement vers l'ext\u00e9rieur (pour la dissipation). Le syst\u00e8me d'extraction d'air de la s\u00e9rie VFC est compos\u00e9 d'un ou plusieurs ventilateurs centrifuges extrayant l'air vici\u00e9 de l'environnement int\u00e9rieur et d'un automate programmable (PLC) contr\u00f4lant l'ensemble du cycle de fonctionnement et g\u00e9rant et g\u00e9n\u00e9rant les alarmes correspondantes. Coupl\u00e9 \u00e0 un climatiseur Ethra Tech, ce syst\u00e8me peut \u00eatre g\u00e9r\u00e9 par le m\u00eame contr\u00f4leur de climatiseur, sans n\u00e9cessiter d'automate d\u00e9di\u00e9.","og_url":"https:\/\/geoclimate.ge\/fr\/produit\/free-cooler-systems-air-extraction-canalized-vfc-vfc-from-1000-m3-h-to-4000-m3-h\/","og_site_name":"GeoClimate.ge","article_modified_time":"2025-04-21T14:48:22+00:00","og_image":[{"width":2560,"height":1920,"url":"https:\/\/geoclimate.ge\/wp-content\/uploads\/2025\/01\/sistemi-free-cooling-serie-VFC.png","type":"image\/png"}],"twitter_card":"summary_large_image","twitter_misc":{"Dur\u00e9e de lecture estim\u00e9e":"1 minute"},"schema":{"@context":"https:\/\/schema.org","@graph":[{"@type":"WebPage","@id":"https:\/\/geoclimate.ge\/fr\/produit\/free-cooler-systems-air-extraction-canalized-vfc-vfc-from-1000-m3-h-to-4000-m3-h\/","url":"https:\/\/geoclimate.ge\/fr\/produit\/free-cooler-systems-air-extraction-canalized-vfc-vfc-from-1000-m3-h-to-4000-m3-h\/","name":"Syst\u00e8mes de refroidissement naturel Extraction d'air - Extraction canalis\u00e9e VFC De 1\u00a0000 m\u00b3\/h \u00e0 4\u00a0000 m\u00b3\/h - GeoClimate.ge","isPartOf":{"@id":"https:\/\/geoclimate.ge\/#website"},"primaryImageOfPage":{"@id":"https:\/\/geoclimate.ge\/fr\/produit\/free-cooler-systems-air-extraction-canalized-vfc-vfc-from-1000-m3-h-to-4000-m3-h\/#primaryimage"},"image":{"@id":"https:\/\/geoclimate.ge\/fr\/produit\/free-cooler-systems-air-extraction-canalized-vfc-vfc-from-1000-m3-h-to-4000-m3-h\/#primaryimage"},"thumbnailUrl":"https:\/\/geoclimate.ge\/wp-content\/uploads\/2025\/01\/sistemi-free-cooling-serie-VFC.png","datePublished":"2025-01-01T18:27:45+00:00","dateModified":"2025-04-21T14:48:22+00:00","breadcrumb":{"@id":"https:\/\/geoclimate.ge\/fr\/produit\/free-cooler-systems-air-extraction-canalized-vfc-vfc-from-1000-m3-h-to-4000-m3-h\/#breadcrumb"},"inLanguage":"fr-FR","potentialAction":[{"@type":"ReadAction","target":["https:\/\/geoclimate.ge\/fr\/produit\/free-cooler-systems-air-extraction-canalized-vfc-vfc-from-1000-m3-h-to-4000-m3-h\/"]}]},{"@type":"ImageObject","inLanguage":"fr-FR","@id":"https:\/\/geoclimate.ge\/fr\/produit\/free-cooler-systems-air-extraction-canalized-vfc-vfc-from-1000-m3-h-to-4000-m3-h\/#primaryimage","url":"https:\/\/geoclimate.ge\/wp-content\/uploads\/2025\/01\/sistemi-free-cooling-serie-VFC.png","contentUrl":"https:\/\/geoclimate.ge\/wp-content\/uploads\/2025\/01\/sistemi-free-cooling-serie-VFC.png","width":2560,"height":1920},{"@type":"BreadcrumbList","@id":"https:\/\/geoclimate.ge\/fr\/produit\/free-cooler-systems-air-extraction-canalized-vfc-vfc-from-1000-m3-h-to-4000-m3-h\/#breadcrumb","itemListElement":[{"@type":"ListItem","position":1,"name":"Home","item":"https:\/\/geoclimate.ge\/fr\/"},{"@type":"ListItem","position":2,"name":"Products","item":"https:\/\/geoclimate.ge\/fr\/products\/"},{"@type":"ListItem","position":3,"name":"Syst\u00e8mes de refroidissement naturel Extraction d&#8217;air &#8211; Extraction canalis\u00e9e VFC De 1\u00a0000 m\u00b3\/h \u00e0 4\u00a0000 m\u00b3\/h"}]},{"@type":"WebSite","@id":"https:\/\/geoclimate.ge\/#website","url":"https:\/\/geoclimate.ge\/","name":"GeoClimate","description":"","publisher":{"@id":"https:\/\/geoclimate.ge\/#organization"},"potentialAction":[{"@type":"SearchAction","target":{"@type":"EntryPoint","urlTemplate":"https:\/\/geoclimate.ge\/?s={search_term_string}"},"query-input":{"@type":"PropertyValueSpecification","valueRequired":true,"valueName":"search_term_string"}}],"inLanguage":"fr-FR"},{"@type":"Organization","@id":"https:\/\/geoclimate.ge\/#organization","name":"GeoClimate","url":"https:\/\/geoclimate.ge\/","logo":{"@type":"ImageObject","inLanguage":"fr-FR","@id":"https:\/\/geoclimate.ge\/#\/schema\/logo\/image\/","url":"https:\/\/geoclimate.ge\/wp-content\/uploads\/2026\/03\/geoclimate-SEO.png","contentUrl":"https:\/\/geoclimate.ge\/wp-content\/uploads\/2026\/03\/geoclimate-SEO.png","width":1536,"height":1024,"caption":"GeoClimate"},"image":{"@id":"https:\/\/geoclimate.ge\/#\/schema\/logo\/image\/"}}]}},"_links":{"self":[{"href":"https:\/\/geoclimate.ge\/fr\/wp-json\/wp\/v2\/product\/30229","targetHints":{"allow":["GET"]}}],"collection":[{"href":"https:\/\/geoclimate.ge\/fr\/wp-json\/wp\/v2\/product"}],"about":[{"href":"https:\/\/geoclimate.ge\/fr\/wp-json\/wp\/v2\/types\/product"}],"wp:featuredmedia":[{"embeddable":true,"href":"https:\/\/geoclimate.ge\/fr\/wp-json\/wp\/v2\/media\/33540"}],"wp:attachment":[{"href":"https:\/\/geoclimate.ge\/fr\/wp-json\/wp\/v2\/media?parent=30229"}],"wp:term":[{"taxonomy":"product_brand","embeddable":true,"href":"https:\/\/geoclimate.ge\/fr\/wp-json\/wp\/v2\/product_brand?post=30229"},{"taxonomy":"product_cat","embeddable":true,"href":"https:\/\/geoclimate.ge\/fr\/wp-json\/wp\/v2\/product_cat?post=30229"},{"taxonomy":"product_tag","embeddable":true,"href":"https:\/\/geoclimate.ge\/fr\/wp-json\/wp\/v2\/product_tag?post=30229"}],"curies":[{"name":"wp","href":"https:\/\/api.w.org\/{rel}","templated":true}]}}