{"id":30259,"date":"2025-01-01T22:24:07","date_gmt":"2025-01-01T18:24:07","guid":{"rendered":"https:\/\/airsystems.ge\/shop\/product\/free-cooler-systems-air-introduction-with-settling-chamber-free-cooling-b_cam_im-cam-e-i_im-from-2600-m3-h-to-5000-m3-h\/"},"modified":"2025-04-21T20:56:17","modified_gmt":"2025-04-21T16:56:17","slug":"free-cooler-systems-air-introduction-with-settling-chamber-free-cooling-b_cam_im-cam-e-i_im-from-2600-m3-h-to-5000-m3-h","status":"publish","type":"product","link":"https:\/\/geoclimate.ge\/fr\/produit\/free-cooler-systems-air-introduction-with-settling-chamber-free-cooling-b_cam_im-cam-e-i_im-from-2600-m3-h-to-5000-m3-h\/","title":{"rendered":"Syst\u00e8mes de free cooling Introduction d&rsquo;air &#8211; avec chambre de d\u00e9cantation Free Cooling B_CAM_IM CAM E\/I_IM De 2600 m\u00b3\/h \u00e0 5000 m\u00b3\/h"},"content":{"rendered":"<div class=\"elementor-element elementor-element-391e72ec elementor-widget elementor-widget-theme-post-content\" data-id=\"391e72ec\" data-element_type=\"widget\" data-widget_type=\"theme-post-content.default\">\n<div class=\"elementor-widget-container\">\n<p><strong>KIT SYST\u00c8ME AVEC CHAMBRE DE D\u00c9CANTATION<\/strong><br \/>\n\u2022 Chambre de d\u00e9cantation INTERNE + ventilateur + filtres \u00e0 air + porte ext\u00e9rieure \/ Chambre de d\u00e9cantation EXTERNE + ventilateur + filtres \u00e0 air + grille d&rsquo;introduction d&rsquo;air<br \/>\n\u2022 Tableau \u00e9lectrique \u00ab\u00a0Commande et Contr\u00f4le\u00a0\u00bb comprenant un sectionneur g\u00e9n\u00e9ral, un automate programmable et un thermostat de temp\u00e9rature maximale<br \/>\n\u2022 Pl\u00e9num d&rsquo;extraction d&rsquo;air ext\u00e9rieur<br \/>\n\u2022 Registre de surpression<br \/>\n\u2022 Grille de pl\u00e9num interne (en option)<\/p>\n<p>Le syst\u00e8me est con\u00e7u pour \u00eatre g\u00e9r\u00e9 par son propre automate programmable afin de g\u00e9rer le cycle de fonctionnement et de d\u00e9tecter les \u00e9ventuelles causes d&rsquo;alarme. Associ\u00e9 \u00e0 un climatiseur Ethra Tech, ce syst\u00e8me peut \u00eatre g\u00e9r\u00e9 par le m\u00eame contr\u00f4leur de climatiseur, sans automate d\u00e9di\u00e9.<br \/>\nLa vitesse du ventilateur est r\u00e9gl\u00e9e par un signal \u00ab\u00a0PROPORTIONNEL\u00a0\u00bb (0-10\u00a0V). Gr\u00e2ce \u00e0 cette r\u00e9gulation, les chocs thermiques sont \u00e9vit\u00e9s lorsque la temp\u00e9rature ext\u00e9rieure est tr\u00e8s basse. Ce syst\u00e8me peut \u00e9galement servir de syst\u00e8me d&rsquo;urgence pour refroidir la pi\u00e8ce gr\u00e2ce \u00e0 un r\u00e9gulateur \u00e9lectrom\u00e9canique (thermostat) qui permet d&rsquo;alimenter le ventilateur de mani\u00e8re ind\u00e9pendante et s\u00e9par\u00e9e lorsque la temp\u00e9rature d\u00e9tect\u00e9e d\u00e9passe les valeurs pr\u00e9d\u00e9finies.<\/p>\n<p><strong>Caract\u00e9ristiques techniques<\/strong><br \/>\n\u2022 Panneaux ext\u00e9rieurs peints avec des poudres \u00e9poxy<br \/>\n\u2022 Tr\u00e8s l\u00e9ger<br \/>\n\u2022 Installation facile<br \/>\n\u2022 Acc\u00e8s facile pour l&rsquo;entretien et la maintenance<br \/>\n\u2022 Faible niveau sonore<\/p>\n<\/div>\n<\/div>\n<div class=\"elementor-element elementor-element-427e8a79 e-flex e-con-boxed e-con e-child\" data-id=\"427e8a79\" data-element_type=\"container\">\n<div class=\"e-con-inner\">\n<div class=\"elementor-element elementor-element-6e19ed90 hidebutton mc-bl elementor-align-left elementor-widget elementor-widget-button\" data-id=\"6e19ed90\" data-element_type=\"widget\" data-widget_type=\"button.default\">\n<div class=\"elementor-widget-container\">\n<div class=\"elementor-button-wrapper\"><a class=\"elementor-button elementor-button-link elementor-size-sm\" href=\"https:\/\/www.enextechnologies.com\/wp-content\/uploads\/2024\/08\/B_CAM-I48-_IM_internal_en-Rev.3-1.pdf\" target=\"_blank\" rel=\"noopener\"><span class=\"elementor-button-content-wrapper\"><span class=\"elementor-button-text\">BROCHURE CAM_IM_Internal<\/span><\/span><\/a><\/div>\n<\/div>\n<\/div>\n<div class=\"elementor-element elementor-element-13f5f820 hidebutton mc-bl elementor-align-left elementor-widget elementor-widget-button\" data-id=\"13f5f820\" data-element_type=\"widget\" data-widget_type=\"button.default\">\n<div class=\"elementor-widget-container\">\n<div class=\"elementor-button-wrapper\"><a class=\"elementor-button elementor-button-link elementor-size-sm\" href=\"https:\/\/www.enextechnologies.com\/wp-content\/uploads\/2024\/08\/B_CAM-E48-_IM_esternal-Rev.3-1.pdf\" target=\"_blank\" rel=\"noopener\"><span class=\"elementor-button-content-wrapper\"><span class=\"elementor-button-text\">BROCHURE CAM_IM Esternal<\/span><\/span><\/a><\/div>\n<\/div>\n<\/div>\n<\/div>\n<\/div>\n","protected":false},"excerpt":{"rendered":"<p>De 2600 m\u00b3\/h \u00e0 5000 m\u00b3\/h<\/p>\n<p>Le syst\u00e8me d&rsquo;introduction d&rsquo;air avec \u00ab chambre de d\u00e9cantation \u00bb assure un renouvellement d&rsquo;air continu, principalement pour le transfert de la chaleur g\u00e9n\u00e9r\u00e9e par l&rsquo;\u00e9quipement vers l&rsquo;ext\u00e9rieur (pour la dissipation).<br \/>\nCe syst\u00e8me est r\u00e9alis\u00e9 gr\u00e2ce au fonctionnement combin\u00e9 d&rsquo;un ventilateur plac\u00e9 \u00e0 l&rsquo;int\u00e9rieur de la chambre de d\u00e9cantation et des sections de filtration.<br \/>\nLa chambre de d\u00e9cantation peut \u00eatre install\u00e9e \u00e0 l&rsquo;ext\u00e9rieur ou \u00e0 l&rsquo;int\u00e9rieur, selon le type de climatiseurs install\u00e9s et l&rsquo;espace disponible dans le local.<\/p>\n","protected":false},"featured_media":33565,"template":"","meta":[],"product_brand":[],"product_cat":[682,1301],"product_tag":[],"class_list":{"0":"post-30259","1":"product","2":"type-product","3":"status-publish","4":"has-post-thumbnail","6":"product_cat-climatiseurs-fr-industriels","7":"product_cat-free-cooling-refroidissement-fr","9":"first","10":"instock","11":"shipping-taxable","12":"product-type-simple"},"yoast_head":"<!-- This site is optimized with the Yoast SEO plugin v27.1.1 - https:\/\/yoast.com\/product\/yoast-seo-wordpress\/ -->\n<title>Syst\u00e8mes de free cooling Introduction d&#039;air - avec chambre de d\u00e9cantation Free Cooling B_CAM_IM CAM E\/I_IM De 2600 m\u00b3\/h \u00e0 5000 m\u00b3\/h - GeoClimate.ge<\/title>\n<meta name=\"robots\" content=\"index, follow, max-snippet:-1, max-image-preview:large, max-video-preview:-1\" \/>\n<link rel=\"canonical\" href=\"https:\/\/geoclimate.ge\/fr\/produit\/free-cooler-systems-air-introduction-with-settling-chamber-free-cooling-b_cam_im-cam-e-i_im-from-2600-m3-h-to-5000-m3-h\/\" \/>\n<meta property=\"og:locale\" content=\"fr_FR\" \/>\n<meta property=\"og:type\" content=\"article\" \/>\n<meta property=\"og:title\" content=\"Syst\u00e8mes de free cooling Introduction d&#039;air - avec chambre de d\u00e9cantation Free Cooling B_CAM_IM CAM E\/I_IM De 2600 m\u00b3\/h \u00e0 5000 m\u00b3\/h - GeoClimate.ge\" \/>\n<meta property=\"og:description\" content=\"De 2600 m\u00b3\/h \u00e0 5000 m\u00b3\/h  Le syst\u00e8me d&#039;introduction d&#039;air avec \u00ab chambre de d\u00e9cantation \u00bb assure un renouvellement d&#039;air continu, principalement pour le transfert de la chaleur g\u00e9n\u00e9r\u00e9e par l&#039;\u00e9quipement vers l&#039;ext\u00e9rieur (pour la dissipation). Ce syst\u00e8me est r\u00e9alis\u00e9 gr\u00e2ce au fonctionnement combin\u00e9 d&#039;un ventilateur plac\u00e9 \u00e0 l&#039;int\u00e9rieur de la chambre de d\u00e9cantation et des sections de filtration. La chambre de d\u00e9cantation peut \u00eatre install\u00e9e \u00e0 l&#039;ext\u00e9rieur ou \u00e0 l&#039;int\u00e9rieur, selon le type de climatiseurs install\u00e9s et l&#039;espace disponible dans le local.\" \/>\n<meta property=\"og:url\" content=\"https:\/\/geoclimate.ge\/fr\/produit\/free-cooler-systems-air-introduction-with-settling-chamber-free-cooling-b_cam_im-cam-e-i_im-from-2600-m3-h-to-5000-m3-h\/\" \/>\n<meta property=\"og:site_name\" content=\"GeoClimate.ge\" \/>\n<meta property=\"article:modified_time\" content=\"2025-04-21T16:56:17+00:00\" \/>\n<meta property=\"og:image\" content=\"https:\/\/geoclimate.ge\/wp-content\/uploads\/2025\/01\/sistemi-free-cooling-serie-CAM-I-IM.png\" \/>\n\t<meta property=\"og:image:width\" content=\"1920\" \/>\n\t<meta property=\"og:image:height\" content=\"1666\" \/>\n\t<meta property=\"og:image:type\" content=\"image\/png\" \/>\n<meta name=\"twitter:card\" content=\"summary_large_image\" \/>\n<meta name=\"twitter:label1\" content=\"Dur\u00e9e de lecture estim\u00e9e\" \/>\n\t<meta name=\"twitter:data1\" content=\"1 minute\" \/>\n<script type=\"application\/ld+json\" class=\"yoast-schema-graph\">{\"@context\":\"https:\/\/schema.org\",\"@graph\":[{\"@type\":\"WebPage\",\"@id\":\"https:\/\/geoclimate.ge\/fr\/produit\/free-cooler-systems-air-introduction-with-settling-chamber-free-cooling-b_cam_im-cam-e-i_im-from-2600-m3-h-to-5000-m3-h\/\",\"url\":\"https:\/\/geoclimate.ge\/fr\/produit\/free-cooler-systems-air-introduction-with-settling-chamber-free-cooling-b_cam_im-cam-e-i_im-from-2600-m3-h-to-5000-m3-h\/\",\"name\":\"Syst\u00e8mes de free cooling Introduction d'air - avec chambre de d\u00e9cantation Free Cooling B_CAM_IM CAM E\/I_IM De 2600 m\u00b3\/h \u00e0 5000 m\u00b3\/h - GeoClimate.ge\",\"isPartOf\":{\"@id\":\"https:\/\/geoclimate.ge\/#website\"},\"primaryImageOfPage\":{\"@id\":\"https:\/\/geoclimate.ge\/fr\/produit\/free-cooler-systems-air-introduction-with-settling-chamber-free-cooling-b_cam_im-cam-e-i_im-from-2600-m3-h-to-5000-m3-h\/#primaryimage\"},\"image\":{\"@id\":\"https:\/\/geoclimate.ge\/fr\/produit\/free-cooler-systems-air-introduction-with-settling-chamber-free-cooling-b_cam_im-cam-e-i_im-from-2600-m3-h-to-5000-m3-h\/#primaryimage\"},\"thumbnailUrl\":\"https:\/\/geoclimate.ge\/wp-content\/uploads\/2025\/01\/sistemi-free-cooling-serie-CAM-I-IM.png\",\"datePublished\":\"2025-01-01T18:24:07+00:00\",\"dateModified\":\"2025-04-21T16:56:17+00:00\",\"breadcrumb\":{\"@id\":\"https:\/\/geoclimate.ge\/fr\/produit\/free-cooler-systems-air-introduction-with-settling-chamber-free-cooling-b_cam_im-cam-e-i_im-from-2600-m3-h-to-5000-m3-h\/#breadcrumb\"},\"inLanguage\":\"fr-FR\",\"potentialAction\":[{\"@type\":\"ReadAction\",\"target\":[\"https:\/\/geoclimate.ge\/fr\/produit\/free-cooler-systems-air-introduction-with-settling-chamber-free-cooling-b_cam_im-cam-e-i_im-from-2600-m3-h-to-5000-m3-h\/\"]}]},{\"@type\":\"ImageObject\",\"inLanguage\":\"fr-FR\",\"@id\":\"https:\/\/geoclimate.ge\/fr\/produit\/free-cooler-systems-air-introduction-with-settling-chamber-free-cooling-b_cam_im-cam-e-i_im-from-2600-m3-h-to-5000-m3-h\/#primaryimage\",\"url\":\"https:\/\/geoclimate.ge\/wp-content\/uploads\/2025\/01\/sistemi-free-cooling-serie-CAM-I-IM.png\",\"contentUrl\":\"https:\/\/geoclimate.ge\/wp-content\/uploads\/2025\/01\/sistemi-free-cooling-serie-CAM-I-IM.png\",\"width\":1920,\"height\":1666},{\"@type\":\"BreadcrumbList\",\"@id\":\"https:\/\/geoclimate.ge\/fr\/produit\/free-cooler-systems-air-introduction-with-settling-chamber-free-cooling-b_cam_im-cam-e-i_im-from-2600-m3-h-to-5000-m3-h\/#breadcrumb\",\"itemListElement\":[{\"@type\":\"ListItem\",\"position\":1,\"name\":\"Home\",\"item\":\"https:\/\/geoclimate.ge\/fr\/\"},{\"@type\":\"ListItem\",\"position\":2,\"name\":\"Products\",\"item\":\"https:\/\/geoclimate.ge\/fr\/products\/\"},{\"@type\":\"ListItem\",\"position\":3,\"name\":\"Syst\u00e8mes de free cooling Introduction d&#8217;air &#8211; avec chambre de d\u00e9cantation Free Cooling B_CAM_IM CAM E\/I_IM De 2600 m\u00b3\/h \u00e0 5000 m\u00b3\/h\"}]},{\"@type\":\"WebSite\",\"@id\":\"https:\/\/geoclimate.ge\/#website\",\"url\":\"https:\/\/geoclimate.ge\/\",\"name\":\"GeoClimate\",\"description\":\"\",\"publisher\":{\"@id\":\"https:\/\/geoclimate.ge\/#organization\"},\"potentialAction\":[{\"@type\":\"SearchAction\",\"target\":{\"@type\":\"EntryPoint\",\"urlTemplate\":\"https:\/\/geoclimate.ge\/?s={search_term_string}\"},\"query-input\":{\"@type\":\"PropertyValueSpecification\",\"valueRequired\":true,\"valueName\":\"search_term_string\"}}],\"inLanguage\":\"fr-FR\"},{\"@type\":\"Organization\",\"@id\":\"https:\/\/geoclimate.ge\/#organization\",\"name\":\"GeoClimate\",\"url\":\"https:\/\/geoclimate.ge\/\",\"logo\":{\"@type\":\"ImageObject\",\"inLanguage\":\"fr-FR\",\"@id\":\"https:\/\/geoclimate.ge\/#\/schema\/logo\/image\/\",\"url\":\"https:\/\/geoclimate.ge\/wp-content\/uploads\/2026\/03\/geoclimate-SEO.png\",\"contentUrl\":\"https:\/\/geoclimate.ge\/wp-content\/uploads\/2026\/03\/geoclimate-SEO.png\",\"width\":1536,\"height\":1024,\"caption\":\"GeoClimate\"},\"image\":{\"@id\":\"https:\/\/geoclimate.ge\/#\/schema\/logo\/image\/\"}}]}<\/script>\n<!-- \/ Yoast SEO plugin. -->","yoast_head_json":{"title":"Syst\u00e8mes de free cooling Introduction d'air - avec chambre de d\u00e9cantation Free Cooling B_CAM_IM CAM E\/I_IM De 2600 m\u00b3\/h \u00e0 5000 m\u00b3\/h - GeoClimate.ge","robots":{"index":"index","follow":"follow","max-snippet":"max-snippet:-1","max-image-preview":"max-image-preview:large","max-video-preview":"max-video-preview:-1"},"canonical":"https:\/\/geoclimate.ge\/fr\/produit\/free-cooler-systems-air-introduction-with-settling-chamber-free-cooling-b_cam_im-cam-e-i_im-from-2600-m3-h-to-5000-m3-h\/","og_locale":"fr_FR","og_type":"article","og_title":"Syst\u00e8mes de free cooling Introduction d'air - avec chambre de d\u00e9cantation Free Cooling B_CAM_IM CAM E\/I_IM De 2600 m\u00b3\/h \u00e0 5000 m\u00b3\/h - GeoClimate.ge","og_description":"De 2600 m\u00b3\/h \u00e0 5000 m\u00b3\/h  Le syst\u00e8me d'introduction d'air avec \u00ab chambre de d\u00e9cantation \u00bb assure un renouvellement d'air continu, principalement pour le transfert de la chaleur g\u00e9n\u00e9r\u00e9e par l'\u00e9quipement vers l'ext\u00e9rieur (pour la dissipation). Ce syst\u00e8me est r\u00e9alis\u00e9 gr\u00e2ce au fonctionnement combin\u00e9 d'un ventilateur plac\u00e9 \u00e0 l'int\u00e9rieur de la chambre de d\u00e9cantation et des sections de filtration. La chambre de d\u00e9cantation peut \u00eatre install\u00e9e \u00e0 l'ext\u00e9rieur ou \u00e0 l'int\u00e9rieur, selon le type de climatiseurs install\u00e9s et l'espace disponible dans le local.","og_url":"https:\/\/geoclimate.ge\/fr\/produit\/free-cooler-systems-air-introduction-with-settling-chamber-free-cooling-b_cam_im-cam-e-i_im-from-2600-m3-h-to-5000-m3-h\/","og_site_name":"GeoClimate.ge","article_modified_time":"2025-04-21T16:56:17+00:00","og_image":[{"width":1920,"height":1666,"url":"https:\/\/geoclimate.ge\/wp-content\/uploads\/2025\/01\/sistemi-free-cooling-serie-CAM-I-IM.png","type":"image\/png"}],"twitter_card":"summary_large_image","twitter_misc":{"Dur\u00e9e de lecture estim\u00e9e":"1 minute"},"schema":{"@context":"https:\/\/schema.org","@graph":[{"@type":"WebPage","@id":"https:\/\/geoclimate.ge\/fr\/produit\/free-cooler-systems-air-introduction-with-settling-chamber-free-cooling-b_cam_im-cam-e-i_im-from-2600-m3-h-to-5000-m3-h\/","url":"https:\/\/geoclimate.ge\/fr\/produit\/free-cooler-systems-air-introduction-with-settling-chamber-free-cooling-b_cam_im-cam-e-i_im-from-2600-m3-h-to-5000-m3-h\/","name":"Syst\u00e8mes de free cooling Introduction d'air - avec chambre de d\u00e9cantation Free Cooling B_CAM_IM CAM E\/I_IM De 2600 m\u00b3\/h \u00e0 5000 m\u00b3\/h - GeoClimate.ge","isPartOf":{"@id":"https:\/\/geoclimate.ge\/#website"},"primaryImageOfPage":{"@id":"https:\/\/geoclimate.ge\/fr\/produit\/free-cooler-systems-air-introduction-with-settling-chamber-free-cooling-b_cam_im-cam-e-i_im-from-2600-m3-h-to-5000-m3-h\/#primaryimage"},"image":{"@id":"https:\/\/geoclimate.ge\/fr\/produit\/free-cooler-systems-air-introduction-with-settling-chamber-free-cooling-b_cam_im-cam-e-i_im-from-2600-m3-h-to-5000-m3-h\/#primaryimage"},"thumbnailUrl":"https:\/\/geoclimate.ge\/wp-content\/uploads\/2025\/01\/sistemi-free-cooling-serie-CAM-I-IM.png","datePublished":"2025-01-01T18:24:07+00:00","dateModified":"2025-04-21T16:56:17+00:00","breadcrumb":{"@id":"https:\/\/geoclimate.ge\/fr\/produit\/free-cooler-systems-air-introduction-with-settling-chamber-free-cooling-b_cam_im-cam-e-i_im-from-2600-m3-h-to-5000-m3-h\/#breadcrumb"},"inLanguage":"fr-FR","potentialAction":[{"@type":"ReadAction","target":["https:\/\/geoclimate.ge\/fr\/produit\/free-cooler-systems-air-introduction-with-settling-chamber-free-cooling-b_cam_im-cam-e-i_im-from-2600-m3-h-to-5000-m3-h\/"]}]},{"@type":"ImageObject","inLanguage":"fr-FR","@id":"https:\/\/geoclimate.ge\/fr\/produit\/free-cooler-systems-air-introduction-with-settling-chamber-free-cooling-b_cam_im-cam-e-i_im-from-2600-m3-h-to-5000-m3-h\/#primaryimage","url":"https:\/\/geoclimate.ge\/wp-content\/uploads\/2025\/01\/sistemi-free-cooling-serie-CAM-I-IM.png","contentUrl":"https:\/\/geoclimate.ge\/wp-content\/uploads\/2025\/01\/sistemi-free-cooling-serie-CAM-I-IM.png","width":1920,"height":1666},{"@type":"BreadcrumbList","@id":"https:\/\/geoclimate.ge\/fr\/produit\/free-cooler-systems-air-introduction-with-settling-chamber-free-cooling-b_cam_im-cam-e-i_im-from-2600-m3-h-to-5000-m3-h\/#breadcrumb","itemListElement":[{"@type":"ListItem","position":1,"name":"Home","item":"https:\/\/geoclimate.ge\/fr\/"},{"@type":"ListItem","position":2,"name":"Products","item":"https:\/\/geoclimate.ge\/fr\/products\/"},{"@type":"ListItem","position":3,"name":"Syst\u00e8mes de free cooling Introduction d&#8217;air &#8211; avec chambre de d\u00e9cantation Free Cooling B_CAM_IM CAM E\/I_IM De 2600 m\u00b3\/h \u00e0 5000 m\u00b3\/h"}]},{"@type":"WebSite","@id":"https:\/\/geoclimate.ge\/#website","url":"https:\/\/geoclimate.ge\/","name":"GeoClimate","description":"","publisher":{"@id":"https:\/\/geoclimate.ge\/#organization"},"potentialAction":[{"@type":"SearchAction","target":{"@type":"EntryPoint","urlTemplate":"https:\/\/geoclimate.ge\/?s={search_term_string}"},"query-input":{"@type":"PropertyValueSpecification","valueRequired":true,"valueName":"search_term_string"}}],"inLanguage":"fr-FR"},{"@type":"Organization","@id":"https:\/\/geoclimate.ge\/#organization","name":"GeoClimate","url":"https:\/\/geoclimate.ge\/","logo":{"@type":"ImageObject","inLanguage":"fr-FR","@id":"https:\/\/geoclimate.ge\/#\/schema\/logo\/image\/","url":"https:\/\/geoclimate.ge\/wp-content\/uploads\/2026\/03\/geoclimate-SEO.png","contentUrl":"https:\/\/geoclimate.ge\/wp-content\/uploads\/2026\/03\/geoclimate-SEO.png","width":1536,"height":1024,"caption":"GeoClimate"},"image":{"@id":"https:\/\/geoclimate.ge\/#\/schema\/logo\/image\/"}}]}},"_links":{"self":[{"href":"https:\/\/geoclimate.ge\/fr\/wp-json\/wp\/v2\/product\/30259","targetHints":{"allow":["GET"]}}],"collection":[{"href":"https:\/\/geoclimate.ge\/fr\/wp-json\/wp\/v2\/product"}],"about":[{"href":"https:\/\/geoclimate.ge\/fr\/wp-json\/wp\/v2\/types\/product"}],"wp:featuredmedia":[{"embeddable":true,"href":"https:\/\/geoclimate.ge\/fr\/wp-json\/wp\/v2\/media\/33565"}],"wp:attachment":[{"href":"https:\/\/geoclimate.ge\/fr\/wp-json\/wp\/v2\/media?parent=30259"}],"wp:term":[{"taxonomy":"product_brand","embeddable":true,"href":"https:\/\/geoclimate.ge\/fr\/wp-json\/wp\/v2\/product_brand?post=30259"},{"taxonomy":"product_cat","embeddable":true,"href":"https:\/\/geoclimate.ge\/fr\/wp-json\/wp\/v2\/product_cat?post=30259"},{"taxonomy":"product_tag","embeddable":true,"href":"https:\/\/geoclimate.ge\/fr\/wp-json\/wp\/v2\/product_tag?post=30259"}],"curies":[{"name":"wp","href":"https:\/\/api.w.org\/{rel}","templated":true}]}}