{"id":30343,"date":"2025-01-01T22:07:19","date_gmt":"2025-01-01T18:07:19","guid":{"rendered":"https:\/\/airsystems.ge\/shop\/product\/co%e2%82%82-evaporating-coils\/"},"modified":"2025-06-07T15:30:28","modified_gmt":"2025-06-07T11:30:28","slug":"co%e2%82%82-evaporating-coils","status":"publish","type":"product","link":"https:\/\/geoclimate.ge\/fr\/produit\/co%e2%82%82-evaporating-coils\/","title":{"rendered":"Serpentins d&rsquo;\u00e9vaporation de CO\u2082 Spirales Nichrome-FeCrAl"},"content":{"rendered":"<div class=\"elementor-element elementor-element-391e72ec elementor-widget elementor-widget-theme-post-content\" data-id=\"391e72ec\" data-element_type=\"widget\" data-widget_type=\"theme-post-content.default\">\n<div class=\"elementor-widget-container\">\n<p>Caract\u00e9ristiques principales\u00a0:<\/p>\n<ul>\n<li>Personnalisation \u00e0 360\u00b0<br \/>\nPression de conception maximale\u00a0: 80\u00a0bar<br \/>\n5 g\u00e9om\u00e9tries disponibles pour s&rsquo;adapter \u00e0 toutes les applications et \u00e0 toutes les contraintes dimensionnelles<br \/>\n6 tubes disponibles<br \/>\n4 mat\u00e9riaux d&rsquo;ailettes disponibles pour r\u00e9pondre \u00e0 tous les besoins thermodynamiques et d&rsquo;endurance<br \/>\nEspacement des ailettes jusqu&rsquo;\u00e0 11,0\u00a0mm pour des intervalles de d\u00e9givrage optimaux<br \/>\nDiff\u00e9rents mat\u00e9riaux disponibles pour le cadre\u00a0: acier galvanis\u00e9, aluminium, acier inoxydable et cuivre<br \/>\n10 traitements de surface disponibles pour prolonger la dur\u00e9e de vie du produit dans les environnements agressifs<\/li>\n<\/ul>\n<\/div>\n<\/div>\n<div class=\"elementor-element elementor-element-427e8a79 e-flex e-con-boxed e-con e-child\" data-id=\"427e8a79\" data-element_type=\"container\">\n<div class=\"e-con-inner\">\n<div class=\"elementor-element elementor-element-6e19ed90 hidebutton mc-bl elementor-align-left elementor-widget elementor-widget-button\" data-id=\"6e19ed90\" data-element_type=\"widget\" data-widget_type=\"button.default\">\n<div class=\"elementor-widget-container\">\n<div class=\"elementor-button-wrapper\"><a class=\"elementor-button elementor-button-link elementor-size-sm\" href=\"https:\/\/www.enextechnologies.com\/wp-content\/uploads\/2025\/03\/HX_COILS_Catalog_ENG.pdf\" target=\"_blank\" rel=\"noopener\"><span class=\"elementor-button-content-wrapper\"><span class=\"elementor-button-text\">PRODUCT CATALOG<\/span><\/span><\/a><\/div>\n<\/div>\n<\/div>\n<\/div>\n<\/div>\n","protected":false},"excerpt":{"rendered":"<p>Les \u00e9changeurs de chaleur \u00e0 serpentin d&rsquo;\u00e9vaporation de CO\u2082 de Roen Est sont con\u00e7us pour l&rsquo;utilisation du CO\u2082 par \u00e9vaporation et couvrent tous les besoins li\u00e9s \u00e0 ce type de r\u00e9frig\u00e9rant naturel, en termes de pressions maximales atteignables et de particularit\u00e9s de conception. Ils sont con\u00e7us selon les sp\u00e9cifications du client en termes de performances thermodynamiques et de conformation du ch\u00e2ssis, afin de s&rsquo;int\u00e9grer parfaitement \u00e0 la machine ou au syst\u00e8me du client.<\/p>\n","protected":false},"featured_media":30338,"template":"","meta":[],"product_brand":[],"product_cat":[682,1313],"product_tag":[],"class_list":{"0":"post-30343","1":"product","2":"type-product","3":"status-publish","4":"has-post-thumbnail","6":"product_cat-climatiseurs-fr-industriels","7":"product_cat-spirales-nichrome-fecral-fr","9":"first","10":"instock","11":"shipping-taxable","12":"product-type-simple"},"yoast_head":"<!-- This site is optimized with the Yoast SEO plugin v27.1.1 - https:\/\/yoast.com\/product\/yoast-seo-wordpress\/ -->\n<title>Serpentins d&#039;\u00e9vaporation de CO\u2082 Spirales Nichrome-FeCrAl - GeoClimate.ge<\/title>\n<meta name=\"robots\" content=\"index, follow, max-snippet:-1, max-image-preview:large, max-video-preview:-1\" \/>\n<link rel=\"canonical\" href=\"https:\/\/geoclimate.ge\/fr\/produit\/co\u2082-evaporating-coils\/\" \/>\n<meta property=\"og:locale\" content=\"fr_FR\" \/>\n<meta property=\"og:type\" content=\"article\" \/>\n<meta property=\"og:title\" content=\"Serpentins d&#039;\u00e9vaporation de CO\u2082 Spirales Nichrome-FeCrAl - GeoClimate.ge\" \/>\n<meta property=\"og:description\" content=\"Les \u00e9changeurs de chaleur \u00e0 serpentin d&#039;\u00e9vaporation de CO\u2082 de Roen Est sont con\u00e7us pour l&#039;utilisation du CO\u2082 par \u00e9vaporation et couvrent tous les besoins li\u00e9s \u00e0 ce type de r\u00e9frig\u00e9rant naturel, en termes de pressions maximales atteignables et de particularit\u00e9s de conception. Ils sont con\u00e7us selon les sp\u00e9cifications du client en termes de performances thermodynamiques et de conformation du ch\u00e2ssis, afin de s&#039;int\u00e9grer parfaitement \u00e0 la machine ou au syst\u00e8me du client.\" \/>\n<meta property=\"og:url\" content=\"https:\/\/geoclimate.ge\/fr\/produit\/co\u2082-evaporating-coils\/\" \/>\n<meta property=\"og:site_name\" content=\"GeoClimate.ge\" \/>\n<meta property=\"article:modified_time\" content=\"2025-06-07T11:30:28+00:00\" \/>\n<meta property=\"og:image\" content=\"https:\/\/geoclimate.ge\/wp-content\/uploads\/2025\/04\/co2Evaporating-Coils-pymoz5tuhud7uzznn4rhmnznqws6m5rcqi4yun09og.png\" \/>\n\t<meta property=\"og:image:width\" content=\"384\" \/>\n\t<meta property=\"og:image:height\" content=\"500\" \/>\n\t<meta property=\"og:image:type\" content=\"image\/png\" \/>\n<meta name=\"twitter:card\" content=\"summary_large_image\" \/>\n<script type=\"application\/ld+json\" class=\"yoast-schema-graph\">{\"@context\":\"https:\/\/schema.org\",\"@graph\":[{\"@type\":\"WebPage\",\"@id\":\"https:\/\/geoclimate.ge\/fr\/produit\/co%e2%82%82-evaporating-coils\/\",\"url\":\"https:\/\/geoclimate.ge\/fr\/produit\/co%e2%82%82-evaporating-coils\/\",\"name\":\"Serpentins d'\u00e9vaporation de CO\u2082 Spirales Nichrome-FeCrAl - GeoClimate.ge\",\"isPartOf\":{\"@id\":\"https:\/\/geoclimate.ge\/#website\"},\"primaryImageOfPage\":{\"@id\":\"https:\/\/geoclimate.ge\/fr\/produit\/co%e2%82%82-evaporating-coils\/#primaryimage\"},\"image\":{\"@id\":\"https:\/\/geoclimate.ge\/fr\/produit\/co%e2%82%82-evaporating-coils\/#primaryimage\"},\"thumbnailUrl\":\"https:\/\/geoclimate.ge\/wp-content\/uploads\/2025\/04\/co2Evaporating-Coils-pymoz5tuhud7uzznn4rhmnznqws6m5rcqi4yun09og.png\",\"datePublished\":\"2025-01-01T18:07:19+00:00\",\"dateModified\":\"2025-06-07T11:30:28+00:00\",\"breadcrumb\":{\"@id\":\"https:\/\/geoclimate.ge\/fr\/produit\/co%e2%82%82-evaporating-coils\/#breadcrumb\"},\"inLanguage\":\"fr-FR\",\"potentialAction\":[{\"@type\":\"ReadAction\",\"target\":[\"https:\/\/geoclimate.ge\/fr\/produit\/co%e2%82%82-evaporating-coils\/\"]}]},{\"@type\":\"ImageObject\",\"inLanguage\":\"fr-FR\",\"@id\":\"https:\/\/geoclimate.ge\/fr\/produit\/co%e2%82%82-evaporating-coils\/#primaryimage\",\"url\":\"https:\/\/geoclimate.ge\/wp-content\/uploads\/2025\/04\/co2Evaporating-Coils-pymoz5tuhud7uzznn4rhmnznqws6m5rcqi4yun09og.png\",\"contentUrl\":\"https:\/\/geoclimate.ge\/wp-content\/uploads\/2025\/04\/co2Evaporating-Coils-pymoz5tuhud7uzznn4rhmnznqws6m5rcqi4yun09og.png\",\"width\":384,\"height\":500},{\"@type\":\"BreadcrumbList\",\"@id\":\"https:\/\/geoclimate.ge\/fr\/produit\/co%e2%82%82-evaporating-coils\/#breadcrumb\",\"itemListElement\":[{\"@type\":\"ListItem\",\"position\":1,\"name\":\"Home\",\"item\":\"https:\/\/geoclimate.ge\/fr\/\"},{\"@type\":\"ListItem\",\"position\":2,\"name\":\"Products\",\"item\":\"https:\/\/geoclimate.ge\/fr\/products\/\"},{\"@type\":\"ListItem\",\"position\":3,\"name\":\"Serpentins d&#8217;\u00e9vaporation de CO\u2082 Spirales Nichrome-FeCrAl\"}]},{\"@type\":\"WebSite\",\"@id\":\"https:\/\/geoclimate.ge\/#website\",\"url\":\"https:\/\/geoclimate.ge\/\",\"name\":\"GeoClimate\",\"description\":\"\",\"publisher\":{\"@id\":\"https:\/\/geoclimate.ge\/#organization\"},\"potentialAction\":[{\"@type\":\"SearchAction\",\"target\":{\"@type\":\"EntryPoint\",\"urlTemplate\":\"https:\/\/geoclimate.ge\/?s={search_term_string}\"},\"query-input\":{\"@type\":\"PropertyValueSpecification\",\"valueRequired\":true,\"valueName\":\"search_term_string\"}}],\"inLanguage\":\"fr-FR\"},{\"@type\":\"Organization\",\"@id\":\"https:\/\/geoclimate.ge\/#organization\",\"name\":\"GeoClimate\",\"url\":\"https:\/\/geoclimate.ge\/\",\"logo\":{\"@type\":\"ImageObject\",\"inLanguage\":\"fr-FR\",\"@id\":\"https:\/\/geoclimate.ge\/#\/schema\/logo\/image\/\",\"url\":\"https:\/\/geoclimate.ge\/wp-content\/uploads\/2026\/03\/geoclimate-SEO.png\",\"contentUrl\":\"https:\/\/geoclimate.ge\/wp-content\/uploads\/2026\/03\/geoclimate-SEO.png\",\"width\":1536,\"height\":1024,\"caption\":\"GeoClimate\"},\"image\":{\"@id\":\"https:\/\/geoclimate.ge\/#\/schema\/logo\/image\/\"}}]}<\/script>\n<!-- \/ Yoast SEO plugin. -->","yoast_head_json":{"title":"Serpentins d'\u00e9vaporation de CO\u2082 Spirales Nichrome-FeCrAl - GeoClimate.ge","robots":{"index":"index","follow":"follow","max-snippet":"max-snippet:-1","max-image-preview":"max-image-preview:large","max-video-preview":"max-video-preview:-1"},"canonical":"https:\/\/geoclimate.ge\/fr\/produit\/co\u2082-evaporating-coils\/","og_locale":"fr_FR","og_type":"article","og_title":"Serpentins d'\u00e9vaporation de CO\u2082 Spirales Nichrome-FeCrAl - GeoClimate.ge","og_description":"Les \u00e9changeurs de chaleur \u00e0 serpentin d'\u00e9vaporation de CO\u2082 de Roen Est sont con\u00e7us pour l'utilisation du CO\u2082 par \u00e9vaporation et couvrent tous les besoins li\u00e9s \u00e0 ce type de r\u00e9frig\u00e9rant naturel, en termes de pressions maximales atteignables et de particularit\u00e9s de conception. Ils sont con\u00e7us selon les sp\u00e9cifications du client en termes de performances thermodynamiques et de conformation du ch\u00e2ssis, afin de s'int\u00e9grer parfaitement \u00e0 la machine ou au syst\u00e8me du client.","og_url":"https:\/\/geoclimate.ge\/fr\/produit\/co\u2082-evaporating-coils\/","og_site_name":"GeoClimate.ge","article_modified_time":"2025-06-07T11:30:28+00:00","og_image":[{"width":384,"height":500,"url":"https:\/\/geoclimate.ge\/wp-content\/uploads\/2025\/04\/co2Evaporating-Coils-pymoz5tuhud7uzznn4rhmnznqws6m5rcqi4yun09og.png","type":"image\/png"}],"twitter_card":"summary_large_image","schema":{"@context":"https:\/\/schema.org","@graph":[{"@type":"WebPage","@id":"https:\/\/geoclimate.ge\/fr\/produit\/co%e2%82%82-evaporating-coils\/","url":"https:\/\/geoclimate.ge\/fr\/produit\/co%e2%82%82-evaporating-coils\/","name":"Serpentins d'\u00e9vaporation de CO\u2082 Spirales Nichrome-FeCrAl - GeoClimate.ge","isPartOf":{"@id":"https:\/\/geoclimate.ge\/#website"},"primaryImageOfPage":{"@id":"https:\/\/geoclimate.ge\/fr\/produit\/co%e2%82%82-evaporating-coils\/#primaryimage"},"image":{"@id":"https:\/\/geoclimate.ge\/fr\/produit\/co%e2%82%82-evaporating-coils\/#primaryimage"},"thumbnailUrl":"https:\/\/geoclimate.ge\/wp-content\/uploads\/2025\/04\/co2Evaporating-Coils-pymoz5tuhud7uzznn4rhmnznqws6m5rcqi4yun09og.png","datePublished":"2025-01-01T18:07:19+00:00","dateModified":"2025-06-07T11:30:28+00:00","breadcrumb":{"@id":"https:\/\/geoclimate.ge\/fr\/produit\/co%e2%82%82-evaporating-coils\/#breadcrumb"},"inLanguage":"fr-FR","potentialAction":[{"@type":"ReadAction","target":["https:\/\/geoclimate.ge\/fr\/produit\/co%e2%82%82-evaporating-coils\/"]}]},{"@type":"ImageObject","inLanguage":"fr-FR","@id":"https:\/\/geoclimate.ge\/fr\/produit\/co%e2%82%82-evaporating-coils\/#primaryimage","url":"https:\/\/geoclimate.ge\/wp-content\/uploads\/2025\/04\/co2Evaporating-Coils-pymoz5tuhud7uzznn4rhmnznqws6m5rcqi4yun09og.png","contentUrl":"https:\/\/geoclimate.ge\/wp-content\/uploads\/2025\/04\/co2Evaporating-Coils-pymoz5tuhud7uzznn4rhmnznqws6m5rcqi4yun09og.png","width":384,"height":500},{"@type":"BreadcrumbList","@id":"https:\/\/geoclimate.ge\/fr\/produit\/co%e2%82%82-evaporating-coils\/#breadcrumb","itemListElement":[{"@type":"ListItem","position":1,"name":"Home","item":"https:\/\/geoclimate.ge\/fr\/"},{"@type":"ListItem","position":2,"name":"Products","item":"https:\/\/geoclimate.ge\/fr\/products\/"},{"@type":"ListItem","position":3,"name":"Serpentins d&#8217;\u00e9vaporation de CO\u2082 Spirales Nichrome-FeCrAl"}]},{"@type":"WebSite","@id":"https:\/\/geoclimate.ge\/#website","url":"https:\/\/geoclimate.ge\/","name":"GeoClimate","description":"","publisher":{"@id":"https:\/\/geoclimate.ge\/#organization"},"potentialAction":[{"@type":"SearchAction","target":{"@type":"EntryPoint","urlTemplate":"https:\/\/geoclimate.ge\/?s={search_term_string}"},"query-input":{"@type":"PropertyValueSpecification","valueRequired":true,"valueName":"search_term_string"}}],"inLanguage":"fr-FR"},{"@type":"Organization","@id":"https:\/\/geoclimate.ge\/#organization","name":"GeoClimate","url":"https:\/\/geoclimate.ge\/","logo":{"@type":"ImageObject","inLanguage":"fr-FR","@id":"https:\/\/geoclimate.ge\/#\/schema\/logo\/image\/","url":"https:\/\/geoclimate.ge\/wp-content\/uploads\/2026\/03\/geoclimate-SEO.png","contentUrl":"https:\/\/geoclimate.ge\/wp-content\/uploads\/2026\/03\/geoclimate-SEO.png","width":1536,"height":1024,"caption":"GeoClimate"},"image":{"@id":"https:\/\/geoclimate.ge\/#\/schema\/logo\/image\/"}}]}},"_links":{"self":[{"href":"https:\/\/geoclimate.ge\/fr\/wp-json\/wp\/v2\/product\/30343","targetHints":{"allow":["GET"]}}],"collection":[{"href":"https:\/\/geoclimate.ge\/fr\/wp-json\/wp\/v2\/product"}],"about":[{"href":"https:\/\/geoclimate.ge\/fr\/wp-json\/wp\/v2\/types\/product"}],"wp:featuredmedia":[{"embeddable":true,"href":"https:\/\/geoclimate.ge\/fr\/wp-json\/wp\/v2\/media\/30338"}],"wp:attachment":[{"href":"https:\/\/geoclimate.ge\/fr\/wp-json\/wp\/v2\/media?parent=30343"}],"wp:term":[{"taxonomy":"product_brand","embeddable":true,"href":"https:\/\/geoclimate.ge\/fr\/wp-json\/wp\/v2\/product_brand?post=30343"},{"taxonomy":"product_cat","embeddable":true,"href":"https:\/\/geoclimate.ge\/fr\/wp-json\/wp\/v2\/product_cat?post=30343"},{"taxonomy":"product_tag","embeddable":true,"href":"https:\/\/geoclimate.ge\/fr\/wp-json\/wp\/v2\/product_tag?post=30343"}],"curies":[{"name":"wp","href":"https:\/\/api.w.org\/{rel}","templated":true}]}}