{"id":30526,"date":"2025-05-02T13:14:58","date_gmt":"2025-05-02T09:14:58","guid":{"rendered":"https:\/\/airsystems.ge\/shop\/product\/wind-park-monitoring-scada\/"},"modified":"2025-05-02T13:37:06","modified_gmt":"2025-05-02T09:37:06","slug":"wind-park-monitoring-scada","status":"publish","type":"product","link":"https:\/\/geoclimate.ge\/fr\/produit\/wind-park-monitoring-scada\/","title":{"rendered":"Surveillance des parcs \u00e9oliens \/ SCADA"},"content":{"rendered":"<h3>Composants de mesure du vent pour la surveillance des parcs \u00e9oliens<\/h3>\n<ul>\n<li>\n<ul>\n<li>Enregistreurs de\u00a0<a href=\"https:\/\/www.ammonit.com\/en\/products\/data-loggers\/\">donn\u00e9es<\/a>\u00a0pour l\u2019enregistrement et le calcul des donn\u00e9es \u00e9oliennes<\/li>\n<li><a href=\"https:\/\/www.ammonit.com\/en\/products\/wind-sensors\/anemometers\/\">An\u00e9mom\u00e8tres<\/a>\u00a0pour la mesure de la vitesse du vent<\/li>\n<li><a href=\"https:\/\/www.ammonit.com\/en\/products\/wind-sensors\/wind-vanes\/\">Girouettes<\/a>\u00a0pour la d\u00e9termination de la direction du vent<\/li>\n<li><a href=\"https:\/\/www.ammonit.com\/en\/products\/wind-sensors\/temperature-humidity-sensors\/\">Capteurs de temp\u00e9rature et d\u2019humidit\u00e9<\/a>\u00a0et capteurs de pression atmosph\u00e9rique pour la mesure de la\u00a0<a href=\"https:\/\/www.ammonit.com\/en\/products\/wind-sensors\/air-pressure-sensors\/\">densit\u00e9 de l\u2019air<\/a><\/li>\n<li><a href=\"https:\/\/www.ammonit.com\/en\/products\/remote-sensing\/\">devices Syst\u00e8mes de t\u00e9l\u00e9d\u00e9tection<\/a>\u00a0\u2013\u00a0<a href=\"https:\/\/www.ammonit.com\/products\/remote-sensing\/product-details\/meteolaser_lidar\/\">LiDAR<\/a><\/li>\n<li><a href=\"https:\/\/www.ammonit.com\/en\/products\/data-logger-accessories\/communication-systems\/\">Syst\u00e8mes de communication pour le transfert des donn\u00e9es de mesure<\/a><\/li>\n<li><a href=\"https:\/\/www.ammonit.com\/en\/products\/data-logger-accessories\/power-supply\/\" target=\"_blank\" rel=\"noopener\">Power supply systems<\/a><\/li>\n<\/ul>\n<h3>Normes et directives<\/h3>\n<p><a href=\"https:\/\/www.ammonit.com\/en\/customer-support\/knowledge\/standards-and-guidelines\/iec-61400-12-12017\/\" target=\"_blank\" rel=\"noopener\">IEC 61400-12-1:2017<\/a><\/p>\n<p><a href=\"https:\/\/www.ammonit.com\/en\/customer-support\/knowledge\/standards-and-guidelines\/measnet\/\" target=\"_blank\" rel=\"noopener\">MEASNET<\/a><\/p>\n<p><a href=\"https:\/\/www.ammonit.com\/en\/customer-support\/knowledge\/standards-and-guidelines\/tr6\/\" target=\"_blank\" rel=\"noopener\">TR6 (Rev.11)<\/a><\/li>\n<\/ul>\n<p>Pour plus d&rsquo;informations, consultez notre brochure \u00ab\u00a0<a href=\"http:\/\/chrome-extension:\/\/efaidnbmnnnibpcajpcglclefindmkaj\/https:\/\/www.ammonit.com\/media\/filer_public\/15\/15\/15150dc6-63b4-4fdb-b04c-fc1a794521fd\/en_ps_ammonit_scadawindmonitoringsystems.pdf\">Syst\u00e8mes de surveillance du vent SCADA Ammonit<\/a>\u00a0\u00bb<\/p>\n","protected":false},"excerpt":{"rendered":"<h1>Surveillance des parcs \u00e9oliens \/ SCADA<\/h1>\n<p>Une fois un parc \u00e9olien install\u00e9 et op\u00e9rationnel, il est essentiel d&rsquo;en garantir les meilleures performances. Pour ce faire, il est essentiel de surveiller et de contr\u00f4ler son fonctionnement. Nos enregistreurs de donn\u00e9es Meteo-40 s&rsquo;int\u00e8grent facilement aux syst\u00e8mes SCADA (Supervisory Control and Data Acquisition) pour fournir des donn\u00e9es m\u00e9t\u00e9orologiques comparatives fiables. L&rsquo;analyse des donn\u00e9es de mesure permet de v\u00e9rifier les pr\u00e9visions de production annuelle d&rsquo;\u00e9nergie d&rsquo;un parc \u00e9olien.<\/p>\n<p>Contactez-nous ou nos partenaires pour discuter de votre campagne de mesures \u00e9oliennes.<\/p>\n","protected":false},"featured_media":30521,"template":"","meta":[],"product_brand":[],"product_cat":[1348,1360],"product_tag":[],"class_list":{"0":"post-30526","1":"product","2":"type-product","3":"status-publish","4":"has-post-thumbnail","6":"product_cat-energie-eolienne","7":"product_cat-surveillance-des-parcs-eoliens-scada","9":"first","10":"instock","11":"shipping-taxable","12":"product-type-simple"},"yoast_head":"<!-- This site is optimized with the Yoast SEO plugin v27.1.1 - https:\/\/yoast.com\/product\/yoast-seo-wordpress\/ -->\n<title>Surveillance des parcs \u00e9oliens \/ SCADA - GeoClimate.ge<\/title>\n<meta name=\"robots\" content=\"index, follow, max-snippet:-1, max-image-preview:large, max-video-preview:-1\" \/>\n<link rel=\"canonical\" href=\"https:\/\/geoclimate.ge\/fr\/produit\/wind-park-monitoring-scada\/\" \/>\n<meta property=\"og:locale\" content=\"fr_FR\" \/>\n<meta property=\"og:type\" content=\"article\" \/>\n<meta property=\"og:title\" content=\"Surveillance des parcs \u00e9oliens \/ SCADA - GeoClimate.ge\" \/>\n<meta property=\"og:description\" content=\"Surveillance des parcs \u00e9oliens \/ SCADA Une fois un parc \u00e9olien install\u00e9 et op\u00e9rationnel, il est essentiel d&#039;en garantir les meilleures performances. Pour ce faire, il est essentiel de surveiller et de contr\u00f4ler son fonctionnement. Nos enregistreurs de donn\u00e9es Meteo-40 s&#039;int\u00e8grent facilement aux syst\u00e8mes SCADA (Supervisory Control and Data Acquisition) pour fournir des donn\u00e9es m\u00e9t\u00e9orologiques comparatives fiables. L&#039;analyse des donn\u00e9es de mesure permet de v\u00e9rifier les pr\u00e9visions de production annuelle d&#039;\u00e9nergie d&#039;un parc \u00e9olien.  Contactez-nous ou nos partenaires pour discuter de votre campagne de mesures \u00e9oliennes.\" \/>\n<meta property=\"og:url\" content=\"https:\/\/geoclimate.ge\/fr\/produit\/wind-park-monitoring-scada\/\" \/>\n<meta property=\"og:site_name\" content=\"GeoClimate.ge\" \/>\n<meta property=\"article:modified_time\" content=\"2025-05-02T09:37:06+00:00\" \/>\n<meta property=\"og:image\" content=\"https:\/\/geoclimate.ge\/wp-content\/uploads\/2025\/05\/ammonit-scada-wind.jpg__1200x298_q85_subsampling-2-1.jpg\" \/>\n\t<meta property=\"og:image:width\" content=\"1200\" \/>\n\t<meta property=\"og:image:height\" content=\"298\" \/>\n\t<meta property=\"og:image:type\" content=\"image\/jpeg\" \/>\n<meta name=\"twitter:card\" content=\"summary_large_image\" \/>\n<meta name=\"twitter:label1\" content=\"Dur\u00e9e de lecture estim\u00e9e\" \/>\n\t<meta name=\"twitter:data1\" content=\"1 minute\" \/>\n<script type=\"application\/ld+json\" class=\"yoast-schema-graph\">{\"@context\":\"https:\/\/schema.org\",\"@graph\":[{\"@type\":\"WebPage\",\"@id\":\"https:\/\/geoclimate.ge\/fr\/produit\/wind-park-monitoring-scada\/\",\"url\":\"https:\/\/geoclimate.ge\/fr\/produit\/wind-park-monitoring-scada\/\",\"name\":\"Surveillance des parcs \u00e9oliens \/ SCADA - GeoClimate.ge\",\"isPartOf\":{\"@id\":\"https:\/\/geoclimate.ge\/#website\"},\"primaryImageOfPage\":{\"@id\":\"https:\/\/geoclimate.ge\/fr\/produit\/wind-park-monitoring-scada\/#primaryimage\"},\"image\":{\"@id\":\"https:\/\/geoclimate.ge\/fr\/produit\/wind-park-monitoring-scada\/#primaryimage\"},\"thumbnailUrl\":\"https:\/\/geoclimate.ge\/wp-content\/uploads\/2025\/05\/ammonit-scada-wind.jpg__1200x298_q85_subsampling-2-1.jpg\",\"datePublished\":\"2025-05-02T09:14:58+00:00\",\"dateModified\":\"2025-05-02T09:37:06+00:00\",\"breadcrumb\":{\"@id\":\"https:\/\/geoclimate.ge\/fr\/produit\/wind-park-monitoring-scada\/#breadcrumb\"},\"inLanguage\":\"fr-FR\",\"potentialAction\":[{\"@type\":\"ReadAction\",\"target\":[\"https:\/\/geoclimate.ge\/fr\/produit\/wind-park-monitoring-scada\/\"]}]},{\"@type\":\"ImageObject\",\"inLanguage\":\"fr-FR\",\"@id\":\"https:\/\/geoclimate.ge\/fr\/produit\/wind-park-monitoring-scada\/#primaryimage\",\"url\":\"https:\/\/geoclimate.ge\/wp-content\/uploads\/2025\/05\/ammonit-scada-wind.jpg__1200x298_q85_subsampling-2-1.jpg\",\"contentUrl\":\"https:\/\/geoclimate.ge\/wp-content\/uploads\/2025\/05\/ammonit-scada-wind.jpg__1200x298_q85_subsampling-2-1.jpg\",\"width\":1200,\"height\":298},{\"@type\":\"BreadcrumbList\",\"@id\":\"https:\/\/geoclimate.ge\/fr\/produit\/wind-park-monitoring-scada\/#breadcrumb\",\"itemListElement\":[{\"@type\":\"ListItem\",\"position\":1,\"name\":\"Home\",\"item\":\"https:\/\/geoclimate.ge\/fr\/\"},{\"@type\":\"ListItem\",\"position\":2,\"name\":\"Products\",\"item\":\"https:\/\/geoclimate.ge\/fr\/products\/\"},{\"@type\":\"ListItem\",\"position\":3,\"name\":\"Surveillance des parcs \u00e9oliens \/ SCADA\"}]},{\"@type\":\"WebSite\",\"@id\":\"https:\/\/geoclimate.ge\/#website\",\"url\":\"https:\/\/geoclimate.ge\/\",\"name\":\"GeoClimate\",\"description\":\"\",\"publisher\":{\"@id\":\"https:\/\/geoclimate.ge\/#organization\"},\"potentialAction\":[{\"@type\":\"SearchAction\",\"target\":{\"@type\":\"EntryPoint\",\"urlTemplate\":\"https:\/\/geoclimate.ge\/?s={search_term_string}\"},\"query-input\":{\"@type\":\"PropertyValueSpecification\",\"valueRequired\":true,\"valueName\":\"search_term_string\"}}],\"inLanguage\":\"fr-FR\"},{\"@type\":\"Organization\",\"@id\":\"https:\/\/geoclimate.ge\/#organization\",\"name\":\"GeoClimate\",\"url\":\"https:\/\/geoclimate.ge\/\",\"logo\":{\"@type\":\"ImageObject\",\"inLanguage\":\"fr-FR\",\"@id\":\"https:\/\/geoclimate.ge\/#\/schema\/logo\/image\/\",\"url\":\"https:\/\/geoclimate.ge\/wp-content\/uploads\/2026\/03\/geoclimate-SEO.png\",\"contentUrl\":\"https:\/\/geoclimate.ge\/wp-content\/uploads\/2026\/03\/geoclimate-SEO.png\",\"width\":1536,\"height\":1024,\"caption\":\"GeoClimate\"},\"image\":{\"@id\":\"https:\/\/geoclimate.ge\/#\/schema\/logo\/image\/\"}}]}<\/script>\n<!-- \/ Yoast SEO plugin. -->","yoast_head_json":{"title":"Surveillance des parcs \u00e9oliens \/ SCADA - GeoClimate.ge","robots":{"index":"index","follow":"follow","max-snippet":"max-snippet:-1","max-image-preview":"max-image-preview:large","max-video-preview":"max-video-preview:-1"},"canonical":"https:\/\/geoclimate.ge\/fr\/produit\/wind-park-monitoring-scada\/","og_locale":"fr_FR","og_type":"article","og_title":"Surveillance des parcs \u00e9oliens \/ SCADA - GeoClimate.ge","og_description":"Surveillance des parcs \u00e9oliens \/ SCADA Une fois un parc \u00e9olien install\u00e9 et op\u00e9rationnel, il est essentiel d'en garantir les meilleures performances. Pour ce faire, il est essentiel de surveiller et de contr\u00f4ler son fonctionnement. Nos enregistreurs de donn\u00e9es Meteo-40 s'int\u00e8grent facilement aux syst\u00e8mes SCADA (Supervisory Control and Data Acquisition) pour fournir des donn\u00e9es m\u00e9t\u00e9orologiques comparatives fiables. L'analyse des donn\u00e9es de mesure permet de v\u00e9rifier les pr\u00e9visions de production annuelle d'\u00e9nergie d'un parc \u00e9olien.  Contactez-nous ou nos partenaires pour discuter de votre campagne de mesures \u00e9oliennes.","og_url":"https:\/\/geoclimate.ge\/fr\/produit\/wind-park-monitoring-scada\/","og_site_name":"GeoClimate.ge","article_modified_time":"2025-05-02T09:37:06+00:00","og_image":[{"width":1200,"height":298,"url":"https:\/\/geoclimate.ge\/wp-content\/uploads\/2025\/05\/ammonit-scada-wind.jpg__1200x298_q85_subsampling-2-1.jpg","type":"image\/jpeg"}],"twitter_card":"summary_large_image","twitter_misc":{"Dur\u00e9e de lecture estim\u00e9e":"1 minute"},"schema":{"@context":"https:\/\/schema.org","@graph":[{"@type":"WebPage","@id":"https:\/\/geoclimate.ge\/fr\/produit\/wind-park-monitoring-scada\/","url":"https:\/\/geoclimate.ge\/fr\/produit\/wind-park-monitoring-scada\/","name":"Surveillance des parcs \u00e9oliens \/ SCADA - GeoClimate.ge","isPartOf":{"@id":"https:\/\/geoclimate.ge\/#website"},"primaryImageOfPage":{"@id":"https:\/\/geoclimate.ge\/fr\/produit\/wind-park-monitoring-scada\/#primaryimage"},"image":{"@id":"https:\/\/geoclimate.ge\/fr\/produit\/wind-park-monitoring-scada\/#primaryimage"},"thumbnailUrl":"https:\/\/geoclimate.ge\/wp-content\/uploads\/2025\/05\/ammonit-scada-wind.jpg__1200x298_q85_subsampling-2-1.jpg","datePublished":"2025-05-02T09:14:58+00:00","dateModified":"2025-05-02T09:37:06+00:00","breadcrumb":{"@id":"https:\/\/geoclimate.ge\/fr\/produit\/wind-park-monitoring-scada\/#breadcrumb"},"inLanguage":"fr-FR","potentialAction":[{"@type":"ReadAction","target":["https:\/\/geoclimate.ge\/fr\/produit\/wind-park-monitoring-scada\/"]}]},{"@type":"ImageObject","inLanguage":"fr-FR","@id":"https:\/\/geoclimate.ge\/fr\/produit\/wind-park-monitoring-scada\/#primaryimage","url":"https:\/\/geoclimate.ge\/wp-content\/uploads\/2025\/05\/ammonit-scada-wind.jpg__1200x298_q85_subsampling-2-1.jpg","contentUrl":"https:\/\/geoclimate.ge\/wp-content\/uploads\/2025\/05\/ammonit-scada-wind.jpg__1200x298_q85_subsampling-2-1.jpg","width":1200,"height":298},{"@type":"BreadcrumbList","@id":"https:\/\/geoclimate.ge\/fr\/produit\/wind-park-monitoring-scada\/#breadcrumb","itemListElement":[{"@type":"ListItem","position":1,"name":"Home","item":"https:\/\/geoclimate.ge\/fr\/"},{"@type":"ListItem","position":2,"name":"Products","item":"https:\/\/geoclimate.ge\/fr\/products\/"},{"@type":"ListItem","position":3,"name":"Surveillance des parcs \u00e9oliens \/ SCADA"}]},{"@type":"WebSite","@id":"https:\/\/geoclimate.ge\/#website","url":"https:\/\/geoclimate.ge\/","name":"GeoClimate","description":"","publisher":{"@id":"https:\/\/geoclimate.ge\/#organization"},"potentialAction":[{"@type":"SearchAction","target":{"@type":"EntryPoint","urlTemplate":"https:\/\/geoclimate.ge\/?s={search_term_string}"},"query-input":{"@type":"PropertyValueSpecification","valueRequired":true,"valueName":"search_term_string"}}],"inLanguage":"fr-FR"},{"@type":"Organization","@id":"https:\/\/geoclimate.ge\/#organization","name":"GeoClimate","url":"https:\/\/geoclimate.ge\/","logo":{"@type":"ImageObject","inLanguage":"fr-FR","@id":"https:\/\/geoclimate.ge\/#\/schema\/logo\/image\/","url":"https:\/\/geoclimate.ge\/wp-content\/uploads\/2026\/03\/geoclimate-SEO.png","contentUrl":"https:\/\/geoclimate.ge\/wp-content\/uploads\/2026\/03\/geoclimate-SEO.png","width":1536,"height":1024,"caption":"GeoClimate"},"image":{"@id":"https:\/\/geoclimate.ge\/#\/schema\/logo\/image\/"}}]}},"_links":{"self":[{"href":"https:\/\/geoclimate.ge\/fr\/wp-json\/wp\/v2\/product\/30526","targetHints":{"allow":["GET"]}}],"collection":[{"href":"https:\/\/geoclimate.ge\/fr\/wp-json\/wp\/v2\/product"}],"about":[{"href":"https:\/\/geoclimate.ge\/fr\/wp-json\/wp\/v2\/types\/product"}],"wp:featuredmedia":[{"embeddable":true,"href":"https:\/\/geoclimate.ge\/fr\/wp-json\/wp\/v2\/media\/30521"}],"wp:attachment":[{"href":"https:\/\/geoclimate.ge\/fr\/wp-json\/wp\/v2\/media?parent=30526"}],"wp:term":[{"taxonomy":"product_brand","embeddable":true,"href":"https:\/\/geoclimate.ge\/fr\/wp-json\/wp\/v2\/product_brand?post=30526"},{"taxonomy":"product_cat","embeddable":true,"href":"https:\/\/geoclimate.ge\/fr\/wp-json\/wp\/v2\/product_cat?post=30526"},{"taxonomy":"product_tag","embeddable":true,"href":"https:\/\/geoclimate.ge\/fr\/wp-json\/wp\/v2\/product_tag?post=30526"}],"curies":[{"name":"wp","href":"https:\/\/api.w.org\/{rel}","templated":true}]}}