{"id":30596,"date":"2025-05-02T18:05:29","date_gmt":"2025-05-02T14:05:29","guid":{"rendered":"https:\/\/airsystems.ge\/shop\/product\/solar-park-monitoring-scada\/"},"modified":"2025-05-02T18:22:00","modified_gmt":"2025-05-02T14:22:00","slug":"solar-park-monitoring-scada","status":"publish","type":"product","link":"https:\/\/geoclimate.ge\/fr\/produit\/solar-park-monitoring-scada\/","title":{"rendered":"Surveillance des parcs solaires \/ SCADA"},"content":{"rendered":"","protected":false},"excerpt":{"rendered":"<h1>Surveillance des parcs solaires \/ SCADA<\/h1>\n<p>Apr\u00e8s la construction, les projets solaires b\u00e9n\u00e9ficient grandement de syst\u00e8mes de surveillance automatis\u00e9s. La performance financi\u00e8re de l&rsquo;installation peut \u00eatre \u00e9valu\u00e9e en comparant le rendement \u00e9nerg\u00e9tique attendu \u00e0 la production r\u00e9elle. Les sites ou appareils \u00e0 faible rendement peuvent alerter les op\u00e9rateurs et les techniciens de maintenance pour les programmes de nettoyage ou le remplacement des capteurs.<\/p>\n<p>Les composants de surveillance des parcs solaires sont identiques \u00e0 ceux de nos syst\u00e8mes de <a href=\"https:\/\/www.ammonit.com\/en\/application\/solar-energy\/solar-resource-assessment\/\">mesure solaire<\/a>. Ainsi, vous n&rsquo;avez pas besoin d&rsquo;acheter d&rsquo;\u00e9quipement de mesure suppl\u00e9mentaire pour surveiller votre parc solaire pendant son exploitation.<\/p>\n","protected":false},"featured_media":30591,"template":"","meta":[],"product_brand":[],"product_cat":[1390],"product_tag":[],"class_list":{"0":"post-30596","1":"product","2":"type-product","3":"status-publish","4":"has-post-thumbnail","6":"product_cat-surveillance-des-parcs-solaires-scada","8":"first","9":"instock","10":"shipping-taxable","11":"product-type-simple"},"yoast_head":"<!-- This site is optimized with the Yoast SEO plugin v27.1.1 - https:\/\/yoast.com\/product\/yoast-seo-wordpress\/ -->\n<title>Surveillance des parcs solaires \/ SCADA - GeoClimate.ge<\/title>\n<meta name=\"robots\" content=\"index, follow, max-snippet:-1, max-image-preview:large, max-video-preview:-1\" \/>\n<link rel=\"canonical\" href=\"https:\/\/geoclimate.ge\/fr\/produit\/solar-park-monitoring-scada\/\" \/>\n<meta property=\"og:locale\" content=\"fr_FR\" \/>\n<meta property=\"og:type\" content=\"article\" \/>\n<meta property=\"og:title\" content=\"Surveillance des parcs solaires \/ SCADA - GeoClimate.ge\" \/>\n<meta property=\"og:description\" content=\"Surveillance des parcs solaires \/ SCADA Apr\u00e8s la construction, les projets solaires b\u00e9n\u00e9ficient grandement de syst\u00e8mes de surveillance automatis\u00e9s. La performance financi\u00e8re de l&#039;installation peut \u00eatre \u00e9valu\u00e9e en comparant le rendement \u00e9nerg\u00e9tique attendu \u00e0 la production r\u00e9elle. Les sites ou appareils \u00e0 faible rendement peuvent alerter les op\u00e9rateurs et les techniciens de maintenance pour les programmes de nettoyage ou le remplacement des capteurs.  Les composants de surveillance des parcs solaires sont identiques \u00e0 ceux de nos syst\u00e8mes de mesure solaire. Ainsi, vous n&#039;avez pas besoin d&#039;acheter d&#039;\u00e9quipement de mesure suppl\u00e9mentaire pour surveiller votre parc solaire pendant son exploitation.\" \/>\n<meta property=\"og:url\" content=\"https:\/\/geoclimate.ge\/fr\/produit\/solar-park-monitoring-scada\/\" \/>\n<meta property=\"og:site_name\" content=\"GeoClimate.ge\" \/>\n<meta property=\"article:modified_time\" content=\"2025-05-02T14:22:00+00:00\" \/>\n<meta property=\"og:image\" content=\"https:\/\/geoclimate.ge\/wp-content\/uploads\/2025\/05\/ammonit-solar-park-monitoring.jpg__940x250_q85_subsampling-2.jpg\" \/>\n\t<meta property=\"og:image:width\" content=\"940\" \/>\n\t<meta property=\"og:image:height\" content=\"250\" \/>\n\t<meta property=\"og:image:type\" content=\"image\/jpeg\" \/>\n<meta name=\"twitter:card\" content=\"summary_large_image\" \/>\n<script type=\"application\/ld+json\" class=\"yoast-schema-graph\">{\"@context\":\"https:\/\/schema.org\",\"@graph\":[{\"@type\":\"WebPage\",\"@id\":\"https:\/\/geoclimate.ge\/fr\/produit\/solar-park-monitoring-scada\/\",\"url\":\"https:\/\/geoclimate.ge\/fr\/produit\/solar-park-monitoring-scada\/\",\"name\":\"Surveillance des parcs solaires \/ SCADA - GeoClimate.ge\",\"isPartOf\":{\"@id\":\"https:\/\/geoclimate.ge\/#website\"},\"primaryImageOfPage\":{\"@id\":\"https:\/\/geoclimate.ge\/fr\/produit\/solar-park-monitoring-scada\/#primaryimage\"},\"image\":{\"@id\":\"https:\/\/geoclimate.ge\/fr\/produit\/solar-park-monitoring-scada\/#primaryimage\"},\"thumbnailUrl\":\"https:\/\/geoclimate.ge\/wp-content\/uploads\/2025\/05\/ammonit-solar-park-monitoring.jpg__940x250_q85_subsampling-2.jpg\",\"datePublished\":\"2025-05-02T14:05:29+00:00\",\"dateModified\":\"2025-05-02T14:22:00+00:00\",\"breadcrumb\":{\"@id\":\"https:\/\/geoclimate.ge\/fr\/produit\/solar-park-monitoring-scada\/#breadcrumb\"},\"inLanguage\":\"fr-FR\",\"potentialAction\":[{\"@type\":\"ReadAction\",\"target\":[\"https:\/\/geoclimate.ge\/fr\/produit\/solar-park-monitoring-scada\/\"]}]},{\"@type\":\"ImageObject\",\"inLanguage\":\"fr-FR\",\"@id\":\"https:\/\/geoclimate.ge\/fr\/produit\/solar-park-monitoring-scada\/#primaryimage\",\"url\":\"https:\/\/geoclimate.ge\/wp-content\/uploads\/2025\/05\/ammonit-solar-park-monitoring.jpg__940x250_q85_subsampling-2.jpg\",\"contentUrl\":\"https:\/\/geoclimate.ge\/wp-content\/uploads\/2025\/05\/ammonit-solar-park-monitoring.jpg__940x250_q85_subsampling-2.jpg\",\"width\":940,\"height\":250},{\"@type\":\"BreadcrumbList\",\"@id\":\"https:\/\/geoclimate.ge\/fr\/produit\/solar-park-monitoring-scada\/#breadcrumb\",\"itemListElement\":[{\"@type\":\"ListItem\",\"position\":1,\"name\":\"Home\",\"item\":\"https:\/\/geoclimate.ge\/fr\/\"},{\"@type\":\"ListItem\",\"position\":2,\"name\":\"Products\",\"item\":\"https:\/\/geoclimate.ge\/fr\/products\/\"},{\"@type\":\"ListItem\",\"position\":3,\"name\":\"Surveillance des parcs solaires \/ SCADA\"}]},{\"@type\":\"WebSite\",\"@id\":\"https:\/\/geoclimate.ge\/#website\",\"url\":\"https:\/\/geoclimate.ge\/\",\"name\":\"GeoClimate\",\"description\":\"\",\"publisher\":{\"@id\":\"https:\/\/geoclimate.ge\/#organization\"},\"potentialAction\":[{\"@type\":\"SearchAction\",\"target\":{\"@type\":\"EntryPoint\",\"urlTemplate\":\"https:\/\/geoclimate.ge\/?s={search_term_string}\"},\"query-input\":{\"@type\":\"PropertyValueSpecification\",\"valueRequired\":true,\"valueName\":\"search_term_string\"}}],\"inLanguage\":\"fr-FR\"},{\"@type\":\"Organization\",\"@id\":\"https:\/\/geoclimate.ge\/#organization\",\"name\":\"GeoClimate\",\"url\":\"https:\/\/geoclimate.ge\/\",\"logo\":{\"@type\":\"ImageObject\",\"inLanguage\":\"fr-FR\",\"@id\":\"https:\/\/geoclimate.ge\/#\/schema\/logo\/image\/\",\"url\":\"https:\/\/geoclimate.ge\/wp-content\/uploads\/2026\/03\/geoclimate-SEO.png\",\"contentUrl\":\"https:\/\/geoclimate.ge\/wp-content\/uploads\/2026\/03\/geoclimate-SEO.png\",\"width\":1536,\"height\":1024,\"caption\":\"GeoClimate\"},\"image\":{\"@id\":\"https:\/\/geoclimate.ge\/#\/schema\/logo\/image\/\"}}]}<\/script>\n<!-- \/ Yoast SEO plugin. -->","yoast_head_json":{"title":"Surveillance des parcs solaires \/ SCADA - GeoClimate.ge","robots":{"index":"index","follow":"follow","max-snippet":"max-snippet:-1","max-image-preview":"max-image-preview:large","max-video-preview":"max-video-preview:-1"},"canonical":"https:\/\/geoclimate.ge\/fr\/produit\/solar-park-monitoring-scada\/","og_locale":"fr_FR","og_type":"article","og_title":"Surveillance des parcs solaires \/ SCADA - GeoClimate.ge","og_description":"Surveillance des parcs solaires \/ SCADA Apr\u00e8s la construction, les projets solaires b\u00e9n\u00e9ficient grandement de syst\u00e8mes de surveillance automatis\u00e9s. La performance financi\u00e8re de l'installation peut \u00eatre \u00e9valu\u00e9e en comparant le rendement \u00e9nerg\u00e9tique attendu \u00e0 la production r\u00e9elle. Les sites ou appareils \u00e0 faible rendement peuvent alerter les op\u00e9rateurs et les techniciens de maintenance pour les programmes de nettoyage ou le remplacement des capteurs.  Les composants de surveillance des parcs solaires sont identiques \u00e0 ceux de nos syst\u00e8mes de mesure solaire. Ainsi, vous n'avez pas besoin d'acheter d'\u00e9quipement de mesure suppl\u00e9mentaire pour surveiller votre parc solaire pendant son exploitation.","og_url":"https:\/\/geoclimate.ge\/fr\/produit\/solar-park-monitoring-scada\/","og_site_name":"GeoClimate.ge","article_modified_time":"2025-05-02T14:22:00+00:00","og_image":[{"width":940,"height":250,"url":"https:\/\/geoclimate.ge\/wp-content\/uploads\/2025\/05\/ammonit-solar-park-monitoring.jpg__940x250_q85_subsampling-2.jpg","type":"image\/jpeg"}],"twitter_card":"summary_large_image","schema":{"@context":"https:\/\/schema.org","@graph":[{"@type":"WebPage","@id":"https:\/\/geoclimate.ge\/fr\/produit\/solar-park-monitoring-scada\/","url":"https:\/\/geoclimate.ge\/fr\/produit\/solar-park-monitoring-scada\/","name":"Surveillance des parcs solaires \/ SCADA - GeoClimate.ge","isPartOf":{"@id":"https:\/\/geoclimate.ge\/#website"},"primaryImageOfPage":{"@id":"https:\/\/geoclimate.ge\/fr\/produit\/solar-park-monitoring-scada\/#primaryimage"},"image":{"@id":"https:\/\/geoclimate.ge\/fr\/produit\/solar-park-monitoring-scada\/#primaryimage"},"thumbnailUrl":"https:\/\/geoclimate.ge\/wp-content\/uploads\/2025\/05\/ammonit-solar-park-monitoring.jpg__940x250_q85_subsampling-2.jpg","datePublished":"2025-05-02T14:05:29+00:00","dateModified":"2025-05-02T14:22:00+00:00","breadcrumb":{"@id":"https:\/\/geoclimate.ge\/fr\/produit\/solar-park-monitoring-scada\/#breadcrumb"},"inLanguage":"fr-FR","potentialAction":[{"@type":"ReadAction","target":["https:\/\/geoclimate.ge\/fr\/produit\/solar-park-monitoring-scada\/"]}]},{"@type":"ImageObject","inLanguage":"fr-FR","@id":"https:\/\/geoclimate.ge\/fr\/produit\/solar-park-monitoring-scada\/#primaryimage","url":"https:\/\/geoclimate.ge\/wp-content\/uploads\/2025\/05\/ammonit-solar-park-monitoring.jpg__940x250_q85_subsampling-2.jpg","contentUrl":"https:\/\/geoclimate.ge\/wp-content\/uploads\/2025\/05\/ammonit-solar-park-monitoring.jpg__940x250_q85_subsampling-2.jpg","width":940,"height":250},{"@type":"BreadcrumbList","@id":"https:\/\/geoclimate.ge\/fr\/produit\/solar-park-monitoring-scada\/#breadcrumb","itemListElement":[{"@type":"ListItem","position":1,"name":"Home","item":"https:\/\/geoclimate.ge\/fr\/"},{"@type":"ListItem","position":2,"name":"Products","item":"https:\/\/geoclimate.ge\/fr\/products\/"},{"@type":"ListItem","position":3,"name":"Surveillance des parcs solaires \/ SCADA"}]},{"@type":"WebSite","@id":"https:\/\/geoclimate.ge\/#website","url":"https:\/\/geoclimate.ge\/","name":"GeoClimate","description":"","publisher":{"@id":"https:\/\/geoclimate.ge\/#organization"},"potentialAction":[{"@type":"SearchAction","target":{"@type":"EntryPoint","urlTemplate":"https:\/\/geoclimate.ge\/?s={search_term_string}"},"query-input":{"@type":"PropertyValueSpecification","valueRequired":true,"valueName":"search_term_string"}}],"inLanguage":"fr-FR"},{"@type":"Organization","@id":"https:\/\/geoclimate.ge\/#organization","name":"GeoClimate","url":"https:\/\/geoclimate.ge\/","logo":{"@type":"ImageObject","inLanguage":"fr-FR","@id":"https:\/\/geoclimate.ge\/#\/schema\/logo\/image\/","url":"https:\/\/geoclimate.ge\/wp-content\/uploads\/2026\/03\/geoclimate-SEO.png","contentUrl":"https:\/\/geoclimate.ge\/wp-content\/uploads\/2026\/03\/geoclimate-SEO.png","width":1536,"height":1024,"caption":"GeoClimate"},"image":{"@id":"https:\/\/geoclimate.ge\/#\/schema\/logo\/image\/"}}]}},"_links":{"self":[{"href":"https:\/\/geoclimate.ge\/fr\/wp-json\/wp\/v2\/product\/30596","targetHints":{"allow":["GET"]}}],"collection":[{"href":"https:\/\/geoclimate.ge\/fr\/wp-json\/wp\/v2\/product"}],"about":[{"href":"https:\/\/geoclimate.ge\/fr\/wp-json\/wp\/v2\/types\/product"}],"wp:featuredmedia":[{"embeddable":true,"href":"https:\/\/geoclimate.ge\/fr\/wp-json\/wp\/v2\/media\/30591"}],"wp:attachment":[{"href":"https:\/\/geoclimate.ge\/fr\/wp-json\/wp\/v2\/media?parent=30596"}],"wp:term":[{"taxonomy":"product_brand","embeddable":true,"href":"https:\/\/geoclimate.ge\/fr\/wp-json\/wp\/v2\/product_brand?post=30596"},{"taxonomy":"product_cat","embeddable":true,"href":"https:\/\/geoclimate.ge\/fr\/wp-json\/wp\/v2\/product_cat?post=30596"},{"taxonomy":"product_tag","embeddable":true,"href":"https:\/\/geoclimate.ge\/fr\/wp-json\/wp\/v2\/product_tag?post=30596"}],"curies":[{"name":"wp","href":"https:\/\/api.w.org\/{rel}","templated":true}]}}