{"id":30853,"date":"2025-05-10T22:02:37","date_gmt":"2025-05-10T18:02:37","guid":{"rendered":"https:\/\/airsystems.ge\/shop\/product\/anemometer-thies-first-class-advanced-ii\/"},"modified":"2025-05-10T22:18:38","modified_gmt":"2025-05-10T18:18:38","slug":"anemometer-thies-first-class-advanced-ii","status":"publish","type":"product","link":"https:\/\/geoclimate.ge\/fr\/produit\/anemometer-thies-first-class-advanced-ii\/","title":{"rendered":"An\u00e9mom\u00e8tre Thies First Class Advanced II"},"content":{"rendered":"<h3>Classification : Selon la norme CEI 61400-12-1, \u00e9dition 2.0 (2017-03)<\/h3>\n<h4>Classes A et B<\/h4>\n<p>Chauffage activ\u00e9<br \/>\nou plage de temp\u00e9ratures\u00a0: 15 &#8230; 40\u00a0\u00b0C<\/p>\n<table border=\"1\" width=\"606\" cellspacing=\"1\" cellpadding=\"1\">\n<tbody>\n<tr>\n<td><\/td>\n<td>Class A*<\/td>\n<td>Class B**<\/td>\n<\/tr>\n<tr>\n<td>Chauffage activ\u00e9<br \/>\nou plage de temp\u00e9ratures\u00a0: 15 &#8230; 40\u00a0\u00b0C<\/td>\n<td>1.8<\/td>\n<td>2.0<\/td>\n<\/tr>\n<tr>\n<td>Chauffage d\u00e9sactiv\u00e9<\/td>\n<td>2.3<\/td>\n<td>2.7<\/td>\n<\/tr>\n<\/tbody>\n<\/table>\n<p>*Classe A\u00a0: terrain simple (inclinaison -3 &#8230; 3\u00a0\u00b0) (faibles turbulences) (0 \u00b0C &#8230; 40 \u00b0C)<br \/>\n**Classe B\u00a0: terrain complexe (inclinaison -15 &#8230; +15\u00a0\u00b0) (fortes turbulences) (-10 \u00b0C &#8230; 40 \u00b0C)<br \/>\n<a href=\"https:\/\/www.ammonit.com\/en\/products\/wind-sensors\/anemometers\/product-details\/anemometer-thies-first-class-advanced-ii\/documents\/156-classification_report_thies_first_class_advanced_ll.pdf\">Source\u00a0: Rapport de classification des classes A et B<\/a><\/p>\n<h4>Classe S pour diff\u00e9rentes temp\u00e9ratures de l\u2019air<\/h4>\n<table border=\"1\" width=\"611\" cellspacing=\"1\" cellpadding=\"1\">\n<tbody>\n<tr>\n<td><\/td>\n<td>-10\u00b0C<\/td>\n<td>-5\u00b0C<\/td>\n<td>0\u00b0C<\/td>\n<td>5\u00b0C<\/td>\n<td>10\u00b0C<\/td>\n<td>15\u00b0C<\/td>\n<td>20\u00b0C<\/td>\n<td>25\u00b0C<\/td>\n<td>30\u00b0C<\/td>\n<\/tr>\n<tr>\n<td>Class &lsquo;S&rsquo;<\/td>\n<td>2.8<\/td>\n<td>2.6<\/td>\n<td>2.3<\/td>\n<td>2.1<\/td>\n<td>1.9<\/td>\n<td>1.8<\/td>\n<td>1.8<\/td>\n<td>1.8<\/td>\n<td>1.8<\/td>\n<\/tr>\n<\/tbody>\n<\/table>\n<p>La classe S est obtenue en utilisant les m\u00eames param\u00e8tres de classification que la classe A, \u00e0 l&rsquo;exception de la temp\u00e9rature.<\/p>\n<p>Source\u00a0: Rapport de classification, temp\u00e9rature de classe S<\/p>\n<h4>Incertitude type de fonctionnement selon la norme CEI 1400-12-1<\/h4>\n<p>L&rsquo;incertitude type de fonctionnement d\u00e9crit l&rsquo;\u00e9cart maximal de la vitesse du vent mesur\u00e9e par l&rsquo;an\u00e9mom\u00e8tre par rapport \u00e0 la vitesse r\u00e9elle. Le tableau indique l&rsquo;incertitude type de fonctionnement \u00e0 10 m\/s\u00a0:<\/p>\n<table border=\"1\" width=\"606\" cellspacing=\"1\" cellpadding=\"1\">\n<tbody>\n<tr>\n<td><\/td>\n<td>Class A*<\/td>\n<td>Class B**<\/td>\n<\/tr>\n<tr>\n<td>Chauffage activ\u00e9<br \/>\nou plage de temp\u00e9ratures\u00a0: 15 &#8230; 40\u00a0\u00b0C<\/td>\n<td>0.10 m\/s<\/td>\n<td>0.12 m\/s<\/td>\n<\/tr>\n<tr>\n<td>Chauffage d\u00e9sactiv\u00e9<\/td>\n<td>0.13 m\/s<\/td>\n<td>0.16 m\/s<\/td>\n<\/tr>\n<\/tbody>\n<\/table>\n<h3><\/h3>\n<h3>An\u00e9mom\u00e8tre \u00e0 coupelle \u00e0 balayage optique<\/h3>\n<p>Ce capteur First Class Advanced offre des performances exceptionnelles. Il est class\u00e9 selon la norme CEI 61400-12-1 \u00c9dition 2.0. Il offre des performances dynamiques optimales et pr\u00e9sente les caract\u00e9ristiques suivantes\u00a0:<\/p>\n<p>Haute pr\u00e9cision<br \/>\n\u00c9cart minimal par rapport \u00e0 la ligne cosinus<br \/>\nExcellent comportement aux turbulences<br \/>\nSurvitesse minimale<br \/>\nConstante de distance faible<br \/>\nFaible valeur de d\u00e9marrage<br \/>\nFaible consommation d&rsquo;\u00e9nergie<br \/>\nSortie num\u00e9rique<\/p>\n<p>Ce capteur est con\u00e7u pour mesurer la vitesse horizontale du vent en m\u00e9t\u00e9orologie, en climatologie, en \u00e9valuation de site et pour mesurer les caract\u00e9ristiques de puissance des \u00e9oliennes (courbes de puissance). Sa conception brevet\u00e9e est le fruit de longs essais en soufflerie. Ce capteur pr\u00e9sente un comportement dynamique m\u00eame en cas de forte intensit\u00e9 de turbulence, de survitesse minimale et de faibles valeurs de d\u00e9marrage. Gr\u00e2ce \u00e0 sa faible inertie et \u00e0 son \u00e9toile \u00e0 roulement \u00e0 billes, il ne n\u00e9cessite qu&rsquo;une maintenance r\u00e9duite. L&rsquo;an\u00e9mom\u00e8tre est \u00e9quip\u00e9 d&rsquo;un chauffage \u00e0 r\u00e9gulation \u00e9lectronique pour garantir le bon fonctionnement des roulements \u00e0 billes et \u00e9viter le givrage de l&rsquo;arbre et de la rainure en fonctionnement hivernal.<\/p>\n<p><img decoding=\"async\" src=\"https:\/\/www.ammonit.com\/media\/filer_public_thumbnails\/filer_public\/0f\/1d\/0f1d320c-19a9-4090-b113-a1034259c9ff\/anemometer_thiesfirstclassadvanced_ii_s11101-h_dimensional_drawing.png__311x437_q85_subsampling-2.png\" \/><\/p>\n<table id=\"table005\" width=\"637\">\n<thead>\n<tr>\n<th colspan=\"2\" scope=\"col\"><span style=\"font-weight: 400;\">Characteristics<\/span><\/th>\n<\/tr>\n<\/thead>\n<tbody>\n<tr>\n<td>Physical functionality<\/td>\n<td>Optically-scanned cup anemometer<\/td>\n<\/tr>\n<tr>\n<td>Delivered signal<\/td>\n<td>Frequency output (pulse)<\/td>\n<\/tr>\n<tr>\n<td>Accuracy<\/td>\n<td>0.3 &#8230; 50 m\/s\u00a0\u00a0\u00a0\u00a0\u00a0 1% of meas. value or &lt; 0.2 m\/s<\/td>\n<\/tr>\n<tr>\n<td>Linearity<\/td>\n<td>Correlation factor r between frequency f and wind speed y<br \/>\ny = 0.0462 \u00d7 f + 0.21 typical<br \/>\nr &gt; 0.999 99\u00a0\u00a0\u00a0\u00a0\u00a0 (4 &#8230; 20 m\/s)<\/td>\n<\/tr>\n<tr>\n<td>Starting velocity<\/td>\n<td>&lt; 0.3 m\/s<\/td>\n<\/tr>\n<tr>\n<td>Resolution<\/td>\n<td>0.05 m wind run<\/td>\n<\/tr>\n<tr>\n<td>Distance constant<\/td>\n<td>&lt; 3 m (acc. to ASTM D 5096 &#8211; 96)\u00a0\u00a0\u00a0\u00a0 3 m acc. to ISO 17713-1<\/td>\n<\/tr>\n<tr>\n<td>Turbulent flow<\/td>\n<td>Deviation \u0394v\u00a0 turbulent compared with stationary horizontal flow<br \/>\n-0.5 % &lt; \u0394v &lt; +2 %<br \/>\nFrequency &lt; 2 Hz<\/td>\n<\/tr>\n<tr>\n<td>Inclined flow<br \/>\n&#8211; mean deviation from cosinus line<br \/>\n&#8211; Turbulence effect<\/td>\n<td>&lt; 0.1 % (in range of \u00b120\u00b0)<br \/>\n&lt; 1 % (in the range up to 30% turbulence intensity)<\/td>\n<\/tr>\n<tr>\n<td>Wind load<\/td>\n<td>Approx. 100 N @ 75 m\/s<\/td>\n<\/tr>\n<tr>\n<td colspan=\"2\">Operating range<\/td>\n<\/tr>\n<tr>\n<td>Measuring range<\/td>\n<td>0.3 &#8230; 75 m\/s<\/td>\n<\/tr>\n<tr>\n<td>Survival speed<\/td>\n<td>80 m\/s (mind. 30 min)<\/td>\n<\/tr>\n<tr>\n<td>Permissible ambient conditions<\/td>\n<td>-50 &#8230; +80 \u00b0C, all occuring situations of relative humidity<\/td>\n<\/tr>\n<tr>\n<td colspan=\"2\">Electrical data<\/td>\n<\/tr>\n<tr>\n<td>Output signal<\/td>\n<td>Form rectangle, 1082 Hz @ 50 m\/s, supply voltage max. 15 V<\/td>\n<\/tr>\n<tr>\n<td>Electrical supply for optoelec. scanning<\/td>\n<td>Voltage: 3.3 &#8230; 48 VDC (galvanic isolation from housing)<br \/>\nCurrent: 0.3 mA @ 3.3 V (w\/o external load)<br \/>\n&lt; 0.5 mA @ 5 V (w\/o external load)<\/td>\n<\/tr>\n<tr>\n<td>Electrical supply for heating<\/td>\n<td>Voltage:\u00a0 24 V AC\/DC (galvanic isolation from housing)<br \/>\nIdling voltage: max. 30 V AC, max. 48 VDC<br \/>\nPower consumption:\u00a0\u00a0 25 W<\/td>\n<\/tr>\n<tr>\n<td colspan=\"2\">General<\/td>\n<\/tr>\n<tr>\n<td>Connection<\/td>\n<td>8-pole plug-connection for shielded cable in the shaft<\/td>\n<\/tr>\n<tr>\n<td>Mounting<\/td>\n<td>on mast tube R1\u201d<\/td>\n<\/tr>\n<tr>\n<td>Dimensions<\/td>\n<td>290 x 240 mm<\/td>\n<\/tr>\n<tr>\n<td>Fixing boring<\/td>\n<td>35 x 25 mm<\/td>\n<\/tr>\n<tr>\n<td>Weight<\/td>\n<td>approx. 0.5 kg<\/td>\n<\/tr>\n<tr>\n<td>Material Housing<\/p>\n<p>Cup star<\/td>\n<td>Anodised aluminiun<\/p>\n<p>Carbon-fibre-reinforced plastic<\/td>\n<\/tr>\n<tr>\n<td>Type of bearings<\/td>\n<td>Metallic ball bearings<\/td>\n<\/tr>\n<tr>\n<td>Protection<\/td>\n<td>IP 55 (DIN 40050)<\/td>\n<\/tr>\n<tr>\n<td>Patent<\/td>\n<td>EP 1 398 637<br \/>\nDE 103 27 632<br \/>\nEP 1 489 427<\/td>\n<\/tr>\n<tr>\n<td>EMC<\/td>\n<td>EN 61000-6-2:2001 (immunity)<br \/>\nEN 55022:2001, Class B (interfering transmission)<\/td>\n<\/tr>\n<tr>\n<td>Manufacturer<\/td>\n<td>Thies<\/td>\n<\/tr>\n<\/tbody>\n<\/table>\n","protected":false},"excerpt":{"rendered":"<h3>R\u00e9f\u00e9rence<\/h3>\n<p>S11101 \/ S11101H<\/p>\n","protected":false},"featured_media":30848,"template":"","meta":[],"product_brand":[],"product_cat":[1421,1415,1335],"product_tag":[],"class_list":{"0":"post-30853","1":"product","2":"type-product","3":"status-publish","4":"has-post-thumbnail","6":"product_cat-anemometre","7":"product_cat-capteur-de-vent","8":"product_cat-energies-renouvelables-mesure-de-lenergie-eolienne-et-solaire-fr","10":"first","11":"instock","12":"shipping-taxable","13":"product-type-simple"},"yoast_head":"<!-- This site is optimized with the Yoast SEO plugin v27.1.1 - https:\/\/yoast.com\/product\/yoast-seo-wordpress\/ -->\n<title>An\u00e9mom\u00e8tre Thies First Class Advanced II - GeoClimate.ge<\/title>\n<meta name=\"robots\" content=\"index, follow, max-snippet:-1, max-image-preview:large, max-video-preview:-1\" \/>\n<link rel=\"canonical\" href=\"https:\/\/geoclimate.ge\/fr\/produit\/anemometer-thies-first-class-advanced-ii\/\" \/>\n<meta property=\"og:locale\" content=\"fr_FR\" \/>\n<meta property=\"og:type\" content=\"article\" \/>\n<meta property=\"og:title\" content=\"An\u00e9mom\u00e8tre Thies First Class Advanced II - GeoClimate.ge\" \/>\n<meta property=\"og:description\" content=\"R\u00e9f\u00e9rence S11101 \/ S11101H\" \/>\n<meta property=\"og:url\" content=\"https:\/\/geoclimate.ge\/fr\/produit\/anemometer-thies-first-class-advanced-ii\/\" \/>\n<meta property=\"og:site_name\" content=\"GeoClimate.ge\" \/>\n<meta property=\"article:modified_time\" content=\"2025-05-10T18:18:38+00:00\" \/>\n<meta property=\"og:image\" content=\"https:\/\/geoclimate.ge\/wp-content\/uploads\/2025\/05\/anemometer-thies-firstclassadvanced.png__490x490_q85_crop_subsampling-2_upscale.png\" \/>\n\t<meta property=\"og:image:width\" content=\"490\" \/>\n\t<meta property=\"og:image:height\" content=\"490\" \/>\n\t<meta property=\"og:image:type\" content=\"image\/png\" \/>\n<meta name=\"twitter:card\" content=\"summary_large_image\" \/>\n<meta name=\"twitter:label1\" content=\"Dur\u00e9e de lecture estim\u00e9e\" \/>\n\t<meta name=\"twitter:data1\" content=\"3 minutes\" \/>\n<script type=\"application\/ld+json\" class=\"yoast-schema-graph\">{\"@context\":\"https:\/\/schema.org\",\"@graph\":[{\"@type\":\"WebPage\",\"@id\":\"https:\/\/geoclimate.ge\/fr\/produit\/anemometer-thies-first-class-advanced-ii\/\",\"url\":\"https:\/\/geoclimate.ge\/fr\/produit\/anemometer-thies-first-class-advanced-ii\/\",\"name\":\"An\u00e9mom\u00e8tre Thies First Class Advanced II - GeoClimate.ge\",\"isPartOf\":{\"@id\":\"https:\/\/geoclimate.ge\/#website\"},\"primaryImageOfPage\":{\"@id\":\"https:\/\/geoclimate.ge\/fr\/produit\/anemometer-thies-first-class-advanced-ii\/#primaryimage\"},\"image\":{\"@id\":\"https:\/\/geoclimate.ge\/fr\/produit\/anemometer-thies-first-class-advanced-ii\/#primaryimage\"},\"thumbnailUrl\":\"https:\/\/geoclimate.ge\/wp-content\/uploads\/2025\/05\/anemometer-thies-firstclassadvanced.png__490x490_q85_crop_subsampling-2_upscale.png\",\"datePublished\":\"2025-05-10T18:02:37+00:00\",\"dateModified\":\"2025-05-10T18:18:38+00:00\",\"breadcrumb\":{\"@id\":\"https:\/\/geoclimate.ge\/fr\/produit\/anemometer-thies-first-class-advanced-ii\/#breadcrumb\"},\"inLanguage\":\"fr-FR\",\"potentialAction\":[{\"@type\":\"ReadAction\",\"target\":[\"https:\/\/geoclimate.ge\/fr\/produit\/anemometer-thies-first-class-advanced-ii\/\"]}]},{\"@type\":\"ImageObject\",\"inLanguage\":\"fr-FR\",\"@id\":\"https:\/\/geoclimate.ge\/fr\/produit\/anemometer-thies-first-class-advanced-ii\/#primaryimage\",\"url\":\"https:\/\/geoclimate.ge\/wp-content\/uploads\/2025\/05\/anemometer-thies-firstclassadvanced.png__490x490_q85_crop_subsampling-2_upscale.png\",\"contentUrl\":\"https:\/\/geoclimate.ge\/wp-content\/uploads\/2025\/05\/anemometer-thies-firstclassadvanced.png__490x490_q85_crop_subsampling-2_upscale.png\",\"width\":490,\"height\":490},{\"@type\":\"BreadcrumbList\",\"@id\":\"https:\/\/geoclimate.ge\/fr\/produit\/anemometer-thies-first-class-advanced-ii\/#breadcrumb\",\"itemListElement\":[{\"@type\":\"ListItem\",\"position\":1,\"name\":\"Home\",\"item\":\"https:\/\/geoclimate.ge\/fr\/\"},{\"@type\":\"ListItem\",\"position\":2,\"name\":\"Products\",\"item\":\"https:\/\/geoclimate.ge\/fr\/products\/\"},{\"@type\":\"ListItem\",\"position\":3,\"name\":\"An\u00e9mom\u00e8tre Thies First Class Advanced II\"}]},{\"@type\":\"WebSite\",\"@id\":\"https:\/\/geoclimate.ge\/#website\",\"url\":\"https:\/\/geoclimate.ge\/\",\"name\":\"GeoClimate\",\"description\":\"\",\"publisher\":{\"@id\":\"https:\/\/geoclimate.ge\/#organization\"},\"potentialAction\":[{\"@type\":\"SearchAction\",\"target\":{\"@type\":\"EntryPoint\",\"urlTemplate\":\"https:\/\/geoclimate.ge\/?s={search_term_string}\"},\"query-input\":{\"@type\":\"PropertyValueSpecification\",\"valueRequired\":true,\"valueName\":\"search_term_string\"}}],\"inLanguage\":\"fr-FR\"},{\"@type\":\"Organization\",\"@id\":\"https:\/\/geoclimate.ge\/#organization\",\"name\":\"GeoClimate\",\"url\":\"https:\/\/geoclimate.ge\/\",\"logo\":{\"@type\":\"ImageObject\",\"inLanguage\":\"fr-FR\",\"@id\":\"https:\/\/geoclimate.ge\/#\/schema\/logo\/image\/\",\"url\":\"https:\/\/geoclimate.ge\/wp-content\/uploads\/2026\/03\/geoclimate-SEO.png\",\"contentUrl\":\"https:\/\/geoclimate.ge\/wp-content\/uploads\/2026\/03\/geoclimate-SEO.png\",\"width\":1536,\"height\":1024,\"caption\":\"GeoClimate\"},\"image\":{\"@id\":\"https:\/\/geoclimate.ge\/#\/schema\/logo\/image\/\"}}]}<\/script>\n<!-- \/ Yoast SEO plugin. -->","yoast_head_json":{"title":"An\u00e9mom\u00e8tre Thies First Class Advanced II - GeoClimate.ge","robots":{"index":"index","follow":"follow","max-snippet":"max-snippet:-1","max-image-preview":"max-image-preview:large","max-video-preview":"max-video-preview:-1"},"canonical":"https:\/\/geoclimate.ge\/fr\/produit\/anemometer-thies-first-class-advanced-ii\/","og_locale":"fr_FR","og_type":"article","og_title":"An\u00e9mom\u00e8tre Thies First Class Advanced II - GeoClimate.ge","og_description":"R\u00e9f\u00e9rence S11101 \/ S11101H","og_url":"https:\/\/geoclimate.ge\/fr\/produit\/anemometer-thies-first-class-advanced-ii\/","og_site_name":"GeoClimate.ge","article_modified_time":"2025-05-10T18:18:38+00:00","og_image":[{"width":490,"height":490,"url":"https:\/\/geoclimate.ge\/wp-content\/uploads\/2025\/05\/anemometer-thies-firstclassadvanced.png__490x490_q85_crop_subsampling-2_upscale.png","type":"image\/png"}],"twitter_card":"summary_large_image","twitter_misc":{"Dur\u00e9e de lecture estim\u00e9e":"3 minutes"},"schema":{"@context":"https:\/\/schema.org","@graph":[{"@type":"WebPage","@id":"https:\/\/geoclimate.ge\/fr\/produit\/anemometer-thies-first-class-advanced-ii\/","url":"https:\/\/geoclimate.ge\/fr\/produit\/anemometer-thies-first-class-advanced-ii\/","name":"An\u00e9mom\u00e8tre Thies First Class Advanced II - GeoClimate.ge","isPartOf":{"@id":"https:\/\/geoclimate.ge\/#website"},"primaryImageOfPage":{"@id":"https:\/\/geoclimate.ge\/fr\/produit\/anemometer-thies-first-class-advanced-ii\/#primaryimage"},"image":{"@id":"https:\/\/geoclimate.ge\/fr\/produit\/anemometer-thies-first-class-advanced-ii\/#primaryimage"},"thumbnailUrl":"https:\/\/geoclimate.ge\/wp-content\/uploads\/2025\/05\/anemometer-thies-firstclassadvanced.png__490x490_q85_crop_subsampling-2_upscale.png","datePublished":"2025-05-10T18:02:37+00:00","dateModified":"2025-05-10T18:18:38+00:00","breadcrumb":{"@id":"https:\/\/geoclimate.ge\/fr\/produit\/anemometer-thies-first-class-advanced-ii\/#breadcrumb"},"inLanguage":"fr-FR","potentialAction":[{"@type":"ReadAction","target":["https:\/\/geoclimate.ge\/fr\/produit\/anemometer-thies-first-class-advanced-ii\/"]}]},{"@type":"ImageObject","inLanguage":"fr-FR","@id":"https:\/\/geoclimate.ge\/fr\/produit\/anemometer-thies-first-class-advanced-ii\/#primaryimage","url":"https:\/\/geoclimate.ge\/wp-content\/uploads\/2025\/05\/anemometer-thies-firstclassadvanced.png__490x490_q85_crop_subsampling-2_upscale.png","contentUrl":"https:\/\/geoclimate.ge\/wp-content\/uploads\/2025\/05\/anemometer-thies-firstclassadvanced.png__490x490_q85_crop_subsampling-2_upscale.png","width":490,"height":490},{"@type":"BreadcrumbList","@id":"https:\/\/geoclimate.ge\/fr\/produit\/anemometer-thies-first-class-advanced-ii\/#breadcrumb","itemListElement":[{"@type":"ListItem","position":1,"name":"Home","item":"https:\/\/geoclimate.ge\/fr\/"},{"@type":"ListItem","position":2,"name":"Products","item":"https:\/\/geoclimate.ge\/fr\/products\/"},{"@type":"ListItem","position":3,"name":"An\u00e9mom\u00e8tre Thies First Class Advanced II"}]},{"@type":"WebSite","@id":"https:\/\/geoclimate.ge\/#website","url":"https:\/\/geoclimate.ge\/","name":"GeoClimate","description":"","publisher":{"@id":"https:\/\/geoclimate.ge\/#organization"},"potentialAction":[{"@type":"SearchAction","target":{"@type":"EntryPoint","urlTemplate":"https:\/\/geoclimate.ge\/?s={search_term_string}"},"query-input":{"@type":"PropertyValueSpecification","valueRequired":true,"valueName":"search_term_string"}}],"inLanguage":"fr-FR"},{"@type":"Organization","@id":"https:\/\/geoclimate.ge\/#organization","name":"GeoClimate","url":"https:\/\/geoclimate.ge\/","logo":{"@type":"ImageObject","inLanguage":"fr-FR","@id":"https:\/\/geoclimate.ge\/#\/schema\/logo\/image\/","url":"https:\/\/geoclimate.ge\/wp-content\/uploads\/2026\/03\/geoclimate-SEO.png","contentUrl":"https:\/\/geoclimate.ge\/wp-content\/uploads\/2026\/03\/geoclimate-SEO.png","width":1536,"height":1024,"caption":"GeoClimate"},"image":{"@id":"https:\/\/geoclimate.ge\/#\/schema\/logo\/image\/"}}]}},"_links":{"self":[{"href":"https:\/\/geoclimate.ge\/fr\/wp-json\/wp\/v2\/product\/30853","targetHints":{"allow":["GET"]}}],"collection":[{"href":"https:\/\/geoclimate.ge\/fr\/wp-json\/wp\/v2\/product"}],"about":[{"href":"https:\/\/geoclimate.ge\/fr\/wp-json\/wp\/v2\/types\/product"}],"wp:featuredmedia":[{"embeddable":true,"href":"https:\/\/geoclimate.ge\/fr\/wp-json\/wp\/v2\/media\/30848"}],"wp:attachment":[{"href":"https:\/\/geoclimate.ge\/fr\/wp-json\/wp\/v2\/media?parent=30853"}],"wp:term":[{"taxonomy":"product_brand","embeddable":true,"href":"https:\/\/geoclimate.ge\/fr\/wp-json\/wp\/v2\/product_brand?post=30853"},{"taxonomy":"product_cat","embeddable":true,"href":"https:\/\/geoclimate.ge\/fr\/wp-json\/wp\/v2\/product_cat?post=30853"},{"taxonomy":"product_tag","embeddable":true,"href":"https:\/\/geoclimate.ge\/fr\/wp-json\/wp\/v2\/product_tag?post=30853"}],"curies":[{"name":"wp","href":"https:\/\/api.w.org\/{rel}","templated":true}]}}