{"id":30939,"date":"2025-05-10T23:25:36","date_gmt":"2025-05-10T19:25:36","guid":{"rendered":"https:\/\/airsystems.ge\/shop\/product\/wind-vane-thies-compact-pot\/"},"modified":"2025-05-10T23:29:16","modified_gmt":"2025-05-10T19:29:16","slug":"wind-vane-thies-compact-pot","status":"publish","type":"product","link":"https:\/\/geoclimate.ge\/fr\/produit\/wind-vane-thies-compact-pot\/","title":{"rendered":"Girouette Thies Compact POT"},"content":{"rendered":"<ul>\n<li>Transmetteur potentiom\u00e9trique de direction du vent<br \/>\nPlage compl\u00e8te 0 &#8230; 360\u00b0<br \/>\nPotentiom\u00e8tre haute qualit\u00e9 0 &#8230; 2 k\u03a9<\/p>\n<p><strong>Principe de mesure<\/strong><\/p>\n<p>Un potentiom\u00e8tre convertit la valeur physique en un signal de sortie analogique. \u00c0 z\u00e9ro, le transducteur doit franchir la transition nord, entre les limites de z\u00e9ro et 2 k\u03a9.<\/p>\n<p>Le conditionnement du signal de direction du vent et le traitement des donn\u00e9es de tous les syst\u00e8mes d&rsquo;acquisition de donn\u00e9es Ammonit prennent en compte cette particularit\u00e9.<\/p>\n<p>La girouette peut \u00eatre \u00e9quip\u00e9e d&rsquo;un syst\u00e8me de chauffage \u00e0 r\u00e9gulation \u00e9lectronique afin d&rsquo;\u00e9viter la formation de glace sur les paliers. Pour utiliser ce chauffage, le c\u00e2ble de raccordement doit comporter des conducteurs suppl\u00e9mentaires et une alimentation \u00e9lectrique suffisante (raccordement secteur) doit \u00eatre pr\u00e9vue.<\/li>\n<\/ul>\n<table border=\"1\" width=\"645\" cellspacing=\"1\" cellpadding=\"1\">\n<thead>\n<tr>\n<th scope=\"col\"><span style=\"font-weight: 400;\">Characteristic<\/span><\/th>\n<th scope=\"col\"><span style=\"font-weight: 400;\">Description \/ Value<\/span><\/th>\n<\/tr>\n<\/thead>\n<tbody>\n<tr>\n<td>Measuring range<\/td>\n<td>0 &#8230; 360\u00b0<\/td>\n<\/tr>\n<tr>\n<td>Measuring accuracy<\/td>\n<td>\u00b1 2\u00b0<\/td>\n<\/tr>\n<tr>\n<td>Survival speed<\/td>\n<td>max. 80 m\/s, 30 min<\/td>\n<\/tr>\n<tr>\n<td>Ambient temperature<\/td>\n<td>-40 &#8230; +70 \u00b0C<\/td>\n<\/tr>\n<tr>\n<td>Measurement principle<\/td>\n<td>Potentiometer 2 k\u03a9<\/td>\n<\/tr>\n<tr>\n<td>Resolution<\/td>\n<td>0.5\u00b0<\/td>\n<\/tr>\n<tr>\n<td>Starting threshold<\/td>\n<td>\u2264 1 m\/s\u00a0\u00a0\u00a0\u00a0\u00a0\u00a0\u00a0\u00a0\u00a0\u00a0 according to ASTM-Standards D5366-96<br \/>\n\u2264 0.4 m\/s\u00a0\u00a0\u00a0\u00a0\u00a0\u00a0\u00a0 according to VDI-Standard 3786 Part 2<\/td>\n<\/tr>\n<tr>\n<td>Delay distance<\/td>\n<td>&lt; 2.5 m acc. ASTM D 5366-96<\/td>\n<\/tr>\n<tr>\n<td>Electrical supply<br \/>\nPotentiometer<\/td>\n<td>Voltage U<sub>s<\/sub>:\u00a0 0 &#8230; 24 VDC<br \/>\nImportant:<br \/>\nThe supply voltage of the potentiometer must show a current limitation of max. 1 mA. An additional protective resistance is strongly recommended.<br \/>\nResistor Rv: 15 k\u03a9 @ supply voltage: 12 &#8230; 15 V<\/td>\n<\/tr>\n<tr>\n<td>Heating<\/td>\n<td>24 VDC\/AC (Power consumption: max. 20 W)<\/td>\n<\/tr>\n<tr>\n<td>Connection<\/td>\n<td>7-pole plug<\/td>\n<\/tr>\n<tr>\n<td>Mast fixture<\/td>\n<td>Mounted on a steel tube with an inner thread of PG21 or mounted on a traverse with a drill of 29 mm<\/td>\n<\/tr>\n<tr>\n<td>Material<\/td>\n<td>Aluminum, stainless steel and plastic (Housing and wind vane)<\/td>\n<\/tr>\n<tr>\n<td>Type of ball bearings<\/td>\n<td>Metallic ball bearings<\/td>\n<\/tr>\n<tr>\n<td>Protection<\/td>\n<td>IP 55<\/td>\n<\/tr>\n<tr>\n<td>Weight<\/td>\n<td>approx. 0.4 kg<\/td>\n<\/tr>\n<tr>\n<td>Manufacturer<\/td>\n<td>Thies<\/td>\n<\/tr>\n<\/tbody>\n<\/table>\n","protected":false},"excerpt":{"rendered":"<h3>R\u00e9f\u00e9rence<\/h3>\n<p>S22200<\/p>\n","protected":false},"featured_media":30934,"template":"","meta":[],"product_brand":[],"product_cat":[1415,1335,1427],"product_tag":[],"class_list":{"0":"post-30939","1":"product","2":"type-product","3":"status-publish","4":"has-post-thumbnail","6":"product_cat-capteur-de-vent","7":"product_cat-energies-renouvelables-mesure-de-lenergie-eolienne-et-solaire-fr","8":"product_cat-girouettes","10":"first","11":"instock","12":"shipping-taxable","13":"product-type-simple"},"yoast_head":"<!-- This site is optimized with the Yoast SEO plugin v27.1.1 - https:\/\/yoast.com\/product\/yoast-seo-wordpress\/ -->\n<title>Girouette Thies Compact POT - GeoClimate.ge<\/title>\n<meta name=\"robots\" content=\"index, follow, max-snippet:-1, max-image-preview:large, max-video-preview:-1\" \/>\n<link rel=\"canonical\" href=\"https:\/\/geoclimate.ge\/fr\/produit\/wind-vane-thies-compact-pot\/\" \/>\n<meta property=\"og:locale\" content=\"fr_FR\" \/>\n<meta property=\"og:type\" content=\"article\" \/>\n<meta property=\"og:title\" content=\"Girouette Thies Compact POT - GeoClimate.ge\" \/>\n<meta property=\"og:description\" content=\"R\u00e9f\u00e9rence S22200\" \/>\n<meta property=\"og:url\" content=\"https:\/\/geoclimate.ge\/fr\/produit\/wind-vane-thies-compact-pot\/\" \/>\n<meta property=\"og:site_name\" content=\"GeoClimate.ge\" \/>\n<meta property=\"article:modified_time\" content=\"2025-05-10T19:29:16+00:00\" \/>\n<meta property=\"og:image\" content=\"https:\/\/geoclimate.ge\/wp-content\/uploads\/2025\/05\/windvane-thies-compact.png__490x490_q85_crop_subsampling-2_upscale.png\" \/>\n\t<meta property=\"og:image:width\" content=\"490\" \/>\n\t<meta property=\"og:image:height\" content=\"490\" \/>\n\t<meta property=\"og:image:type\" content=\"image\/png\" \/>\n<meta name=\"twitter:card\" content=\"summary_large_image\" \/>\n<meta name=\"twitter:label1\" content=\"Dur\u00e9e de lecture estim\u00e9e\" \/>\n\t<meta name=\"twitter:data1\" content=\"1 minute\" \/>\n<script type=\"application\/ld+json\" class=\"yoast-schema-graph\">{\"@context\":\"https:\/\/schema.org\",\"@graph\":[{\"@type\":\"WebPage\",\"@id\":\"https:\/\/geoclimate.ge\/fr\/produit\/wind-vane-thies-compact-pot\/\",\"url\":\"https:\/\/geoclimate.ge\/fr\/produit\/wind-vane-thies-compact-pot\/\",\"name\":\"Girouette Thies Compact POT - GeoClimate.ge\",\"isPartOf\":{\"@id\":\"https:\/\/geoclimate.ge\/#website\"},\"primaryImageOfPage\":{\"@id\":\"https:\/\/geoclimate.ge\/fr\/produit\/wind-vane-thies-compact-pot\/#primaryimage\"},\"image\":{\"@id\":\"https:\/\/geoclimate.ge\/fr\/produit\/wind-vane-thies-compact-pot\/#primaryimage\"},\"thumbnailUrl\":\"https:\/\/geoclimate.ge\/wp-content\/uploads\/2025\/05\/windvane-thies-compact.png__490x490_q85_crop_subsampling-2_upscale.png\",\"datePublished\":\"2025-05-10T19:25:36+00:00\",\"dateModified\":\"2025-05-10T19:29:16+00:00\",\"breadcrumb\":{\"@id\":\"https:\/\/geoclimate.ge\/fr\/produit\/wind-vane-thies-compact-pot\/#breadcrumb\"},\"inLanguage\":\"fr-FR\",\"potentialAction\":[{\"@type\":\"ReadAction\",\"target\":[\"https:\/\/geoclimate.ge\/fr\/produit\/wind-vane-thies-compact-pot\/\"]}]},{\"@type\":\"ImageObject\",\"inLanguage\":\"fr-FR\",\"@id\":\"https:\/\/geoclimate.ge\/fr\/produit\/wind-vane-thies-compact-pot\/#primaryimage\",\"url\":\"https:\/\/geoclimate.ge\/wp-content\/uploads\/2025\/05\/windvane-thies-compact.png__490x490_q85_crop_subsampling-2_upscale.png\",\"contentUrl\":\"https:\/\/geoclimate.ge\/wp-content\/uploads\/2025\/05\/windvane-thies-compact.png__490x490_q85_crop_subsampling-2_upscale.png\",\"width\":490,\"height\":490},{\"@type\":\"BreadcrumbList\",\"@id\":\"https:\/\/geoclimate.ge\/fr\/produit\/wind-vane-thies-compact-pot\/#breadcrumb\",\"itemListElement\":[{\"@type\":\"ListItem\",\"position\":1,\"name\":\"Home\",\"item\":\"https:\/\/geoclimate.ge\/fr\/\"},{\"@type\":\"ListItem\",\"position\":2,\"name\":\"Products\",\"item\":\"https:\/\/geoclimate.ge\/fr\/products\/\"},{\"@type\":\"ListItem\",\"position\":3,\"name\":\"Girouette Thies Compact POT\"}]},{\"@type\":\"WebSite\",\"@id\":\"https:\/\/geoclimate.ge\/#website\",\"url\":\"https:\/\/geoclimate.ge\/\",\"name\":\"GeoClimate\",\"description\":\"\",\"publisher\":{\"@id\":\"https:\/\/geoclimate.ge\/#organization\"},\"potentialAction\":[{\"@type\":\"SearchAction\",\"target\":{\"@type\":\"EntryPoint\",\"urlTemplate\":\"https:\/\/geoclimate.ge\/?s={search_term_string}\"},\"query-input\":{\"@type\":\"PropertyValueSpecification\",\"valueRequired\":true,\"valueName\":\"search_term_string\"}}],\"inLanguage\":\"fr-FR\"},{\"@type\":\"Organization\",\"@id\":\"https:\/\/geoclimate.ge\/#organization\",\"name\":\"GeoClimate\",\"url\":\"https:\/\/geoclimate.ge\/\",\"logo\":{\"@type\":\"ImageObject\",\"inLanguage\":\"fr-FR\",\"@id\":\"https:\/\/geoclimate.ge\/#\/schema\/logo\/image\/\",\"url\":\"https:\/\/geoclimate.ge\/wp-content\/uploads\/2026\/03\/geoclimate-SEO.png\",\"contentUrl\":\"https:\/\/geoclimate.ge\/wp-content\/uploads\/2026\/03\/geoclimate-SEO.png\",\"width\":1536,\"height\":1024,\"caption\":\"GeoClimate\"},\"image\":{\"@id\":\"https:\/\/geoclimate.ge\/#\/schema\/logo\/image\/\"}}]}<\/script>\n<!-- \/ Yoast SEO plugin. -->","yoast_head_json":{"title":"Girouette Thies Compact POT - GeoClimate.ge","robots":{"index":"index","follow":"follow","max-snippet":"max-snippet:-1","max-image-preview":"max-image-preview:large","max-video-preview":"max-video-preview:-1"},"canonical":"https:\/\/geoclimate.ge\/fr\/produit\/wind-vane-thies-compact-pot\/","og_locale":"fr_FR","og_type":"article","og_title":"Girouette Thies Compact POT - GeoClimate.ge","og_description":"R\u00e9f\u00e9rence S22200","og_url":"https:\/\/geoclimate.ge\/fr\/produit\/wind-vane-thies-compact-pot\/","og_site_name":"GeoClimate.ge","article_modified_time":"2025-05-10T19:29:16+00:00","og_image":[{"width":490,"height":490,"url":"https:\/\/geoclimate.ge\/wp-content\/uploads\/2025\/05\/windvane-thies-compact.png__490x490_q85_crop_subsampling-2_upscale.png","type":"image\/png"}],"twitter_card":"summary_large_image","twitter_misc":{"Dur\u00e9e de lecture estim\u00e9e":"1 minute"},"schema":{"@context":"https:\/\/schema.org","@graph":[{"@type":"WebPage","@id":"https:\/\/geoclimate.ge\/fr\/produit\/wind-vane-thies-compact-pot\/","url":"https:\/\/geoclimate.ge\/fr\/produit\/wind-vane-thies-compact-pot\/","name":"Girouette Thies Compact POT - GeoClimate.ge","isPartOf":{"@id":"https:\/\/geoclimate.ge\/#website"},"primaryImageOfPage":{"@id":"https:\/\/geoclimate.ge\/fr\/produit\/wind-vane-thies-compact-pot\/#primaryimage"},"image":{"@id":"https:\/\/geoclimate.ge\/fr\/produit\/wind-vane-thies-compact-pot\/#primaryimage"},"thumbnailUrl":"https:\/\/geoclimate.ge\/wp-content\/uploads\/2025\/05\/windvane-thies-compact.png__490x490_q85_crop_subsampling-2_upscale.png","datePublished":"2025-05-10T19:25:36+00:00","dateModified":"2025-05-10T19:29:16+00:00","breadcrumb":{"@id":"https:\/\/geoclimate.ge\/fr\/produit\/wind-vane-thies-compact-pot\/#breadcrumb"},"inLanguage":"fr-FR","potentialAction":[{"@type":"ReadAction","target":["https:\/\/geoclimate.ge\/fr\/produit\/wind-vane-thies-compact-pot\/"]}]},{"@type":"ImageObject","inLanguage":"fr-FR","@id":"https:\/\/geoclimate.ge\/fr\/produit\/wind-vane-thies-compact-pot\/#primaryimage","url":"https:\/\/geoclimate.ge\/wp-content\/uploads\/2025\/05\/windvane-thies-compact.png__490x490_q85_crop_subsampling-2_upscale.png","contentUrl":"https:\/\/geoclimate.ge\/wp-content\/uploads\/2025\/05\/windvane-thies-compact.png__490x490_q85_crop_subsampling-2_upscale.png","width":490,"height":490},{"@type":"BreadcrumbList","@id":"https:\/\/geoclimate.ge\/fr\/produit\/wind-vane-thies-compact-pot\/#breadcrumb","itemListElement":[{"@type":"ListItem","position":1,"name":"Home","item":"https:\/\/geoclimate.ge\/fr\/"},{"@type":"ListItem","position":2,"name":"Products","item":"https:\/\/geoclimate.ge\/fr\/products\/"},{"@type":"ListItem","position":3,"name":"Girouette Thies Compact POT"}]},{"@type":"WebSite","@id":"https:\/\/geoclimate.ge\/#website","url":"https:\/\/geoclimate.ge\/","name":"GeoClimate","description":"","publisher":{"@id":"https:\/\/geoclimate.ge\/#organization"},"potentialAction":[{"@type":"SearchAction","target":{"@type":"EntryPoint","urlTemplate":"https:\/\/geoclimate.ge\/?s={search_term_string}"},"query-input":{"@type":"PropertyValueSpecification","valueRequired":true,"valueName":"search_term_string"}}],"inLanguage":"fr-FR"},{"@type":"Organization","@id":"https:\/\/geoclimate.ge\/#organization","name":"GeoClimate","url":"https:\/\/geoclimate.ge\/","logo":{"@type":"ImageObject","inLanguage":"fr-FR","@id":"https:\/\/geoclimate.ge\/#\/schema\/logo\/image\/","url":"https:\/\/geoclimate.ge\/wp-content\/uploads\/2026\/03\/geoclimate-SEO.png","contentUrl":"https:\/\/geoclimate.ge\/wp-content\/uploads\/2026\/03\/geoclimate-SEO.png","width":1536,"height":1024,"caption":"GeoClimate"},"image":{"@id":"https:\/\/geoclimate.ge\/#\/schema\/logo\/image\/"}}]}},"_links":{"self":[{"href":"https:\/\/geoclimate.ge\/fr\/wp-json\/wp\/v2\/product\/30939","targetHints":{"allow":["GET"]}}],"collection":[{"href":"https:\/\/geoclimate.ge\/fr\/wp-json\/wp\/v2\/product"}],"about":[{"href":"https:\/\/geoclimate.ge\/fr\/wp-json\/wp\/v2\/types\/product"}],"wp:featuredmedia":[{"embeddable":true,"href":"https:\/\/geoclimate.ge\/fr\/wp-json\/wp\/v2\/media\/30934"}],"wp:attachment":[{"href":"https:\/\/geoclimate.ge\/fr\/wp-json\/wp\/v2\/media?parent=30939"}],"wp:term":[{"taxonomy":"product_brand","embeddable":true,"href":"https:\/\/geoclimate.ge\/fr\/wp-json\/wp\/v2\/product_brand?post=30939"},{"taxonomy":"product_cat","embeddable":true,"href":"https:\/\/geoclimate.ge\/fr\/wp-json\/wp\/v2\/product_cat?post=30939"},{"taxonomy":"product_tag","embeddable":true,"href":"https:\/\/geoclimate.ge\/fr\/wp-json\/wp\/v2\/product_tag?post=30939"}],"curies":[{"name":"wp","href":"https:\/\/api.w.org\/{rel}","templated":true}]}}