{"id":30952,"date":"2025-05-10T23:32:40","date_gmt":"2025-05-10T19:32:40","guid":{"rendered":"https:\/\/airsystems.ge\/shop\/product\/wind-vane-thies-first-class-tmr\/"},"modified":"2025-05-10T23:35:25","modified_gmt":"2025-05-10T19:35:25","slug":"wind-vane-thies-first-class-tmr","status":"publish","type":"product","link":"https:\/\/geoclimate.ge\/fr\/produit\/wind-vane-thies-first-class-tmr\/","title":{"rendered":"Girouette Thies Compact POT"},"content":{"rendered":"<p>Transmetteur potentiom\u00e9trique de direction du vent<br \/>\nPlage compl\u00e8te 0 &#8230; 360\u00b0<br \/>\nPotentiom\u00e8tre haute qualit\u00e9 0 &#8230; 2 k\u03a9<\/p>\n<p>Principe de mesure<\/p>\n<p>Un potentiom\u00e8tre convertit la valeur physique en un signal de sortie analogique. \u00c0 z\u00e9ro, le transducteur doit franchir la transition nord, entre les limites de z\u00e9ro et 2 k\u03a9.<\/p>\n<p>Le conditionnement du signal de direction du vent et le traitement des donn\u00e9es de tous les syst\u00e8mes d&rsquo;acquisition de donn\u00e9es Ammonit prennent en compte cette particularit\u00e9.<\/p>\n<p>La girouette peut \u00eatre \u00e9quip\u00e9e d&rsquo;un syst\u00e8me de chauffage \u00e0 r\u00e9gulation \u00e9lectronique afin d&rsquo;\u00e9viter la formation de glace sur les paliers. Pour utiliser ce chauffage, le c\u00e2ble de raccordement doit comporter des conducteurs suppl\u00e9mentaires et une alimentation \u00e9lectrique suffisante (raccordement secteur) doit \u00eatre pr\u00e9vue.<\/p>\n<table border=\"1\" width=\"662\" cellspacing=\"1\" cellpadding=\"1\">\n<thead>\n<tr>\n<th scope=\"col\"><span style=\"font-weight: 400;\">Characteristic<\/span><\/th>\n<th scope=\"col\"><span style=\"font-weight: 400;\">Description \/ Value<\/span><\/th>\n<\/tr>\n<\/thead>\n<tbody>\n<tr>\n<td>Measurement principle<\/td>\n<td>Magnetic<\/td>\n<\/tr>\n<tr>\n<td>Measurement range<\/td>\n<td>0 &#8230; 360\u00b0<\/td>\n<\/tr>\n<tr>\n<td>Accuracy<\/td>\n<td>\u00b1 0.75\u00b0<\/td>\n<\/tr>\n<tr>\n<td>Resolution<\/td>\n<td>0.35\u00b0<\/td>\n<\/tr>\n<tr>\n<td>Survival speed<\/td>\n<td>max. 85 m\/s, 30 min<\/td>\n<\/tr>\n<tr>\n<td>Starting threshold<\/td>\n<td>&lt; 0.5 m\/s at 10\u00b0 amplitude (acc. to ASTM D 5366-96)<br \/>\n&lt; 0.2 m\/s at 90\u00b0 amplitude (acc. to VDI 3786 Part 2)<\/td>\n<\/tr>\n<tr>\n<td>Delay distance<\/td>\n<td>&lt; 1.8 m (acc. to ASTM D 5366-96)<\/td>\n<\/tr>\n<tr>\n<td>Damping ratio<\/td>\n<td>D &gt; 0.3 (acc. to ASTM D 5366-96)<\/td>\n<\/tr>\n<tr>\n<td>Quality factor<\/td>\n<td>K &gt; 1<\/td>\n<\/tr>\n<tr>\n<td>Output<\/td>\n<td>10-bit serial-synchronous (compatible with Ammonit Meteo-40 data loggers)<\/td>\n<\/tr>\n<tr>\n<td>Operating voltage<\/td>\n<td>3.3 &#8230; 42 VDC<\/td>\n<\/tr>\n<tr>\n<td>Operating voltage heating<\/td>\n<td>24 V DC\/AC, 45 &#8230; 65 Hz (galvanically isolated from housing), max. 25 W<\/td>\n<\/tr>\n<tr>\n<td>Current Consumption @ 12 V DC<\/td>\n<td>2.5 mA (without heating)<\/td>\n<\/tr>\n<tr>\n<td>Ambient temperature<\/td>\n<td>-50 &#8230; +80 \u00b0C<\/td>\n<\/tr>\n<tr>\n<td>Connection<\/td>\n<td>8-pole plug connection for shielded cable in the shaft<\/td>\n<\/tr>\n<tr>\n<td>Mounting<\/td>\n<td>Mounting on mast 1\u201d (DIN EN 10255; 1\u201d= \u00d8 33.4 mm)<br \/>\n1 \u00bd\u201d with separate adapter (optional)<\/td>\n<\/tr>\n<tr>\n<td>Material<\/td>\n<td>Aluminum<\/td>\n<\/tr>\n<tr>\n<td>Type of ball bearings<\/td>\n<td>Metallic ball bearings<\/td>\n<\/tr>\n<tr>\n<td>Weight<\/td>\n<td>approx. 0.7 kg<\/td>\n<\/tr>\n<tr>\n<td>Protection<\/td>\n<td>IP 55<\/td>\n<\/tr>\n<tr>\n<td>Manufacturer<\/td>\n<td>Thies<\/td>\n<\/tr>\n<\/tbody>\n<\/table>\n","protected":false},"excerpt":{"rendered":"<h3>R\u00e9f\u00e9rence<\/h3>\n<p>S21110H<\/p>\n","protected":false},"featured_media":30947,"template":"","meta":[],"product_brand":[],"product_cat":[1415,1335,1427],"product_tag":[],"class_list":{"0":"post-30952","1":"product","2":"type-product","3":"status-publish","4":"has-post-thumbnail","6":"product_cat-capteur-de-vent","7":"product_cat-energies-renouvelables-mesure-de-lenergie-eolienne-et-solaire-fr","8":"product_cat-girouettes","10":"first","11":"instock","12":"shipping-taxable","13":"product-type-simple"},"yoast_head":"<!-- This site is optimized with the Yoast SEO plugin v27.1.1 - https:\/\/yoast.com\/product\/yoast-seo-wordpress\/ -->\n<title>Girouette Thies Compact POT - GeoClimate.ge<\/title>\n<meta name=\"robots\" content=\"index, follow, max-snippet:-1, max-image-preview:large, max-video-preview:-1\" \/>\n<link rel=\"canonical\" href=\"https:\/\/geoclimate.ge\/fr\/produit\/wind-vane-thies-first-class-tmr\/\" \/>\n<meta property=\"og:locale\" content=\"fr_FR\" \/>\n<meta property=\"og:type\" content=\"article\" \/>\n<meta property=\"og:title\" content=\"Girouette Thies Compact POT - GeoClimate.ge\" \/>\n<meta property=\"og:description\" content=\"R\u00e9f\u00e9rence S21110H\" \/>\n<meta property=\"og:url\" content=\"https:\/\/geoclimate.ge\/fr\/produit\/wind-vane-thies-first-class-tmr\/\" \/>\n<meta property=\"og:site_name\" content=\"GeoClimate.ge\" \/>\n<meta property=\"article:modified_time\" content=\"2025-05-10T19:35:25+00:00\" \/>\n<meta property=\"og:image\" content=\"https:\/\/geoclimate.ge\/wp-content\/uploads\/2025\/05\/windvane-thies-firstclass-1.png__490x490_q85_crop_subsampling-2_upscale-1.png\" \/>\n\t<meta property=\"og:image:width\" content=\"490\" \/>\n\t<meta property=\"og:image:height\" content=\"490\" \/>\n\t<meta property=\"og:image:type\" content=\"image\/png\" \/>\n<meta name=\"twitter:card\" content=\"summary_large_image\" \/>\n<meta name=\"twitter:label1\" content=\"Dur\u00e9e de lecture estim\u00e9e\" \/>\n\t<meta name=\"twitter:data1\" content=\"1 minute\" \/>\n<script type=\"application\/ld+json\" class=\"yoast-schema-graph\">{\"@context\":\"https:\/\/schema.org\",\"@graph\":[{\"@type\":\"WebPage\",\"@id\":\"https:\/\/geoclimate.ge\/fr\/produit\/wind-vane-thies-first-class-tmr\/\",\"url\":\"https:\/\/geoclimate.ge\/fr\/produit\/wind-vane-thies-first-class-tmr\/\",\"name\":\"Girouette Thies Compact POT - GeoClimate.ge\",\"isPartOf\":{\"@id\":\"https:\/\/geoclimate.ge\/#website\"},\"primaryImageOfPage\":{\"@id\":\"https:\/\/geoclimate.ge\/fr\/produit\/wind-vane-thies-first-class-tmr\/#primaryimage\"},\"image\":{\"@id\":\"https:\/\/geoclimate.ge\/fr\/produit\/wind-vane-thies-first-class-tmr\/#primaryimage\"},\"thumbnailUrl\":\"https:\/\/geoclimate.ge\/wp-content\/uploads\/2025\/05\/windvane-thies-firstclass-1.png__490x490_q85_crop_subsampling-2_upscale-1.png\",\"datePublished\":\"2025-05-10T19:32:40+00:00\",\"dateModified\":\"2025-05-10T19:35:25+00:00\",\"breadcrumb\":{\"@id\":\"https:\/\/geoclimate.ge\/fr\/produit\/wind-vane-thies-first-class-tmr\/#breadcrumb\"},\"inLanguage\":\"fr-FR\",\"potentialAction\":[{\"@type\":\"ReadAction\",\"target\":[\"https:\/\/geoclimate.ge\/fr\/produit\/wind-vane-thies-first-class-tmr\/\"]}]},{\"@type\":\"ImageObject\",\"inLanguage\":\"fr-FR\",\"@id\":\"https:\/\/geoclimate.ge\/fr\/produit\/wind-vane-thies-first-class-tmr\/#primaryimage\",\"url\":\"https:\/\/geoclimate.ge\/wp-content\/uploads\/2025\/05\/windvane-thies-firstclass-1.png__490x490_q85_crop_subsampling-2_upscale-1.png\",\"contentUrl\":\"https:\/\/geoclimate.ge\/wp-content\/uploads\/2025\/05\/windvane-thies-firstclass-1.png__490x490_q85_crop_subsampling-2_upscale-1.png\",\"width\":490,\"height\":490},{\"@type\":\"BreadcrumbList\",\"@id\":\"https:\/\/geoclimate.ge\/fr\/produit\/wind-vane-thies-first-class-tmr\/#breadcrumb\",\"itemListElement\":[{\"@type\":\"ListItem\",\"position\":1,\"name\":\"Home\",\"item\":\"https:\/\/geoclimate.ge\/fr\/\"},{\"@type\":\"ListItem\",\"position\":2,\"name\":\"Products\",\"item\":\"https:\/\/geoclimate.ge\/fr\/products\/\"},{\"@type\":\"ListItem\",\"position\":3,\"name\":\"Girouette Thies Compact POT\"}]},{\"@type\":\"WebSite\",\"@id\":\"https:\/\/geoclimate.ge\/#website\",\"url\":\"https:\/\/geoclimate.ge\/\",\"name\":\"GeoClimate\",\"description\":\"\",\"publisher\":{\"@id\":\"https:\/\/geoclimate.ge\/#organization\"},\"potentialAction\":[{\"@type\":\"SearchAction\",\"target\":{\"@type\":\"EntryPoint\",\"urlTemplate\":\"https:\/\/geoclimate.ge\/?s={search_term_string}\"},\"query-input\":{\"@type\":\"PropertyValueSpecification\",\"valueRequired\":true,\"valueName\":\"search_term_string\"}}],\"inLanguage\":\"fr-FR\"},{\"@type\":\"Organization\",\"@id\":\"https:\/\/geoclimate.ge\/#organization\",\"name\":\"GeoClimate\",\"url\":\"https:\/\/geoclimate.ge\/\",\"logo\":{\"@type\":\"ImageObject\",\"inLanguage\":\"fr-FR\",\"@id\":\"https:\/\/geoclimate.ge\/#\/schema\/logo\/image\/\",\"url\":\"https:\/\/geoclimate.ge\/wp-content\/uploads\/2026\/03\/geoclimate-SEO.png\",\"contentUrl\":\"https:\/\/geoclimate.ge\/wp-content\/uploads\/2026\/03\/geoclimate-SEO.png\",\"width\":1536,\"height\":1024,\"caption\":\"GeoClimate\"},\"image\":{\"@id\":\"https:\/\/geoclimate.ge\/#\/schema\/logo\/image\/\"}}]}<\/script>\n<!-- \/ Yoast SEO plugin. -->","yoast_head_json":{"title":"Girouette Thies Compact POT - GeoClimate.ge","robots":{"index":"index","follow":"follow","max-snippet":"max-snippet:-1","max-image-preview":"max-image-preview:large","max-video-preview":"max-video-preview:-1"},"canonical":"https:\/\/geoclimate.ge\/fr\/produit\/wind-vane-thies-first-class-tmr\/","og_locale":"fr_FR","og_type":"article","og_title":"Girouette Thies Compact POT - GeoClimate.ge","og_description":"R\u00e9f\u00e9rence S21110H","og_url":"https:\/\/geoclimate.ge\/fr\/produit\/wind-vane-thies-first-class-tmr\/","og_site_name":"GeoClimate.ge","article_modified_time":"2025-05-10T19:35:25+00:00","og_image":[{"width":490,"height":490,"url":"https:\/\/geoclimate.ge\/wp-content\/uploads\/2025\/05\/windvane-thies-firstclass-1.png__490x490_q85_crop_subsampling-2_upscale-1.png","type":"image\/png"}],"twitter_card":"summary_large_image","twitter_misc":{"Dur\u00e9e de lecture estim\u00e9e":"1 minute"},"schema":{"@context":"https:\/\/schema.org","@graph":[{"@type":"WebPage","@id":"https:\/\/geoclimate.ge\/fr\/produit\/wind-vane-thies-first-class-tmr\/","url":"https:\/\/geoclimate.ge\/fr\/produit\/wind-vane-thies-first-class-tmr\/","name":"Girouette Thies Compact POT - GeoClimate.ge","isPartOf":{"@id":"https:\/\/geoclimate.ge\/#website"},"primaryImageOfPage":{"@id":"https:\/\/geoclimate.ge\/fr\/produit\/wind-vane-thies-first-class-tmr\/#primaryimage"},"image":{"@id":"https:\/\/geoclimate.ge\/fr\/produit\/wind-vane-thies-first-class-tmr\/#primaryimage"},"thumbnailUrl":"https:\/\/geoclimate.ge\/wp-content\/uploads\/2025\/05\/windvane-thies-firstclass-1.png__490x490_q85_crop_subsampling-2_upscale-1.png","datePublished":"2025-05-10T19:32:40+00:00","dateModified":"2025-05-10T19:35:25+00:00","breadcrumb":{"@id":"https:\/\/geoclimate.ge\/fr\/produit\/wind-vane-thies-first-class-tmr\/#breadcrumb"},"inLanguage":"fr-FR","potentialAction":[{"@type":"ReadAction","target":["https:\/\/geoclimate.ge\/fr\/produit\/wind-vane-thies-first-class-tmr\/"]}]},{"@type":"ImageObject","inLanguage":"fr-FR","@id":"https:\/\/geoclimate.ge\/fr\/produit\/wind-vane-thies-first-class-tmr\/#primaryimage","url":"https:\/\/geoclimate.ge\/wp-content\/uploads\/2025\/05\/windvane-thies-firstclass-1.png__490x490_q85_crop_subsampling-2_upscale-1.png","contentUrl":"https:\/\/geoclimate.ge\/wp-content\/uploads\/2025\/05\/windvane-thies-firstclass-1.png__490x490_q85_crop_subsampling-2_upscale-1.png","width":490,"height":490},{"@type":"BreadcrumbList","@id":"https:\/\/geoclimate.ge\/fr\/produit\/wind-vane-thies-first-class-tmr\/#breadcrumb","itemListElement":[{"@type":"ListItem","position":1,"name":"Home","item":"https:\/\/geoclimate.ge\/fr\/"},{"@type":"ListItem","position":2,"name":"Products","item":"https:\/\/geoclimate.ge\/fr\/products\/"},{"@type":"ListItem","position":3,"name":"Girouette Thies Compact POT"}]},{"@type":"WebSite","@id":"https:\/\/geoclimate.ge\/#website","url":"https:\/\/geoclimate.ge\/","name":"GeoClimate","description":"","publisher":{"@id":"https:\/\/geoclimate.ge\/#organization"},"potentialAction":[{"@type":"SearchAction","target":{"@type":"EntryPoint","urlTemplate":"https:\/\/geoclimate.ge\/?s={search_term_string}"},"query-input":{"@type":"PropertyValueSpecification","valueRequired":true,"valueName":"search_term_string"}}],"inLanguage":"fr-FR"},{"@type":"Organization","@id":"https:\/\/geoclimate.ge\/#organization","name":"GeoClimate","url":"https:\/\/geoclimate.ge\/","logo":{"@type":"ImageObject","inLanguage":"fr-FR","@id":"https:\/\/geoclimate.ge\/#\/schema\/logo\/image\/","url":"https:\/\/geoclimate.ge\/wp-content\/uploads\/2026\/03\/geoclimate-SEO.png","contentUrl":"https:\/\/geoclimate.ge\/wp-content\/uploads\/2026\/03\/geoclimate-SEO.png","width":1536,"height":1024,"caption":"GeoClimate"},"image":{"@id":"https:\/\/geoclimate.ge\/#\/schema\/logo\/image\/"}}]}},"_links":{"self":[{"href":"https:\/\/geoclimate.ge\/fr\/wp-json\/wp\/v2\/product\/30952","targetHints":{"allow":["GET"]}}],"collection":[{"href":"https:\/\/geoclimate.ge\/fr\/wp-json\/wp\/v2\/product"}],"about":[{"href":"https:\/\/geoclimate.ge\/fr\/wp-json\/wp\/v2\/types\/product"}],"wp:featuredmedia":[{"embeddable":true,"href":"https:\/\/geoclimate.ge\/fr\/wp-json\/wp\/v2\/media\/30947"}],"wp:attachment":[{"href":"https:\/\/geoclimate.ge\/fr\/wp-json\/wp\/v2\/media?parent=30952"}],"wp:term":[{"taxonomy":"product_brand","embeddable":true,"href":"https:\/\/geoclimate.ge\/fr\/wp-json\/wp\/v2\/product_brand?post=30952"},{"taxonomy":"product_cat","embeddable":true,"href":"https:\/\/geoclimate.ge\/fr\/wp-json\/wp\/v2\/product_cat?post=30952"},{"taxonomy":"product_tag","embeddable":true,"href":"https:\/\/geoclimate.ge\/fr\/wp-json\/wp\/v2\/product_tag?post=30952"}],"curies":[{"name":"wp","href":"https:\/\/api.w.org\/{rel}","templated":true}]}}