{"id":31049,"date":"2025-05-11T11:55:18","date_gmt":"2025-05-11T07:55:18","guid":{"rendered":"https:\/\/airsystems.ge\/shop\/product\/air-pressure-sensor-vaisala-ptb110\/"},"modified":"2025-05-11T12:09:52","modified_gmt":"2025-05-11T08:09:52","slug":"air-pressure-sensor-vaisala-ptb110","status":"publish","type":"product","link":"https:\/\/geoclimate.ge\/fr\/produit\/air-pressure-sensor-vaisala-ptb110\/","title":{"rendered":"Capteur de pression atmosph\u00e9rique Vaisala PTB110"},"content":{"rendered":"<ul>\n<li>Pr\u00e9cision \u00b10,3 hPa \u00e0 +20 \u00b0C<br \/>\nLivr\u00e9 avec certificat d&rsquo;\u00e9talonnage CEI 17025<br \/>\nMesures pr\u00e9cises de la pression atmosph\u00e9rique \u00e0 temp\u00e9rature ambiante et<br \/>\nSurveillance de la pression ambiante sur une large plage de temp\u00e9ratures<\/p>\n<p><strong>Technologie Vaisala BAROCAP\u00ae<\/strong><\/p>\n<p>Le capteur de pression atmosph\u00e9rique PTB110 utilise le capteur Vaisala BAROCAP\u00ae, un capteur de pression absolue capacitif au silicium d\u00e9velopp\u00e9 par Vaisala pour les applications de mesure de la pression atmosph\u00e9rique. Ce capteur allie les excellentes caract\u00e9ristiques d&rsquo;\u00e9lasticit\u00e9 et de stabilit\u00e9 m\u00e9canique du silicium monocristallin au principe de d\u00e9tection capacitif \u00e9prouv\u00e9.<\/p>\n<p><strong>Pr\u00e9cision et stabilit\u00e9<\/strong><\/p>\n<p>L&rsquo;excellente stabilit\u00e9 \u00e0 long terme du capteur de pression atmosph\u00e9rique minimise, voire supprime, le besoin de r\u00e9glage sur site dans de nombreuses applications.<\/p>\n<p><strong>Applications<\/strong><\/p>\n<p>Le PTB110 convient \u00e0 de nombreuses applications, telles que la surveillance de la pression environnementale, les bou\u00e9es de mesure, les interf\u00e9rom\u00e8tres laser, ainsi que dans les domaines de l&rsquo;agriculture et de l&rsquo;hydrologie. Compact, le PTB110 est particuli\u00e8rement adapt\u00e9 aux applications d&rsquo;enregistrement de donn\u00e9es gr\u00e2ce \u00e0 sa faible consommation d&rsquo;\u00e9nergie.<\/li>\n<\/ul>\n<p>&nbsp;<\/p>\n<table border=\"1\" width=\"511\" cellspacing=\"1\" cellpadding=\"1\">\n<thead>\n<tr>\n<th scope=\"col\"><span style=\"font-weight: 400;\">Characteristic<\/span><\/th>\n<th scope=\"col\"><span style=\"font-weight: 400;\">\u00a0<\/span><\/th>\n<\/tr>\n<\/thead>\n<tbody>\n<tr>\n<td>Operating pressure<\/td>\n<td>S32100: 800 &#8230; 1100 hPa (mbar)<br \/>\nS32200: 600 &#8230; 1100 hPa (mbar)<br \/>\nS32300: 500 &#8230; 1100 hPa (mbar)<\/td>\n<\/tr>\n<tr>\n<td>Temperature range<\/td>\n<td>-40 &#8230; +60 \u00b0C<\/td>\n<\/tr>\n<tr>\n<td>Humidity range<\/td>\n<td>non-condensing<\/td>\n<\/tr>\n<tr>\n<td colspan=\"2\">Electrical data<\/td>\n<\/tr>\n<tr>\n<td>Output voltage<\/td>\n<td>0 &#8230; 5 VDC<\/td>\n<\/tr>\n<tr>\n<td>Supply voltage<\/td>\n<td>10 &#8230; 30 VDC<\/td>\n<\/tr>\n<tr>\n<td>Current consumption<\/td>\n<td>&lt; 4 mA<\/td>\n<\/tr>\n<tr>\n<td colspan=\"2\">Accuracy<\/td>\n<\/tr>\n<tr>\n<td>Total accuracy<\/td>\n<td>\u00b10.3 hPa (+15 &#8230; +25 \u00b0C)<br \/>\n\u00b10.6 hPa (\u00a0\u00a0\u00a0 0 &#8230; +40 \u00b0C)<br \/>\n\u00b11.0 hPa (-20 &#8230; +45 \u00b0C)<br \/>\n\u00b11.5 hPa (-40 &#8230; +60 \u00b0C)<\/td>\n<\/tr>\n<tr>\n<td>Repeatability<\/td>\n<td>\u00b10.03 hPa<\/td>\n<\/tr>\n<tr>\n<td>Long term stability<\/td>\n<td>\u00b10.1 hPa\/year<\/td>\n<\/tr>\n<tr>\n<td>Resolution<\/td>\n<td>0.1 hPa<\/td>\n<\/tr>\n<tr>\n<td colspan=\"2\">General<\/td>\n<\/tr>\n<tr>\n<td>Dimensions<\/td>\n<td>97.3 x 68.4 x 28.1 mm (H x W x D)<\/td>\n<\/tr>\n<tr>\n<td>Weight<\/td>\n<td>\u00a090 g<\/td>\n<\/tr>\n<tr>\n<td>Connection<\/td>\n<td>Screw terminal plug (5-pole plug)<\/td>\n<\/tr>\n<tr>\n<td>Housing cover<\/td>\n<td>ABS \/ PC lend<\/td>\n<\/tr>\n<tr>\n<td>Mounting plate<\/td>\n<td>Aluminum<\/td>\n<\/tr>\n<tr>\n<td>Housing classification<\/td>\n<td>IP 32<\/td>\n<\/tr>\n<tr>\n<td>Calibration<\/td>\n<td>IEC 17025<\/td>\n<\/tr>\n<tr>\n<td>Manufacturer<\/td>\n<td>Vaisala<\/td>\n<\/tr>\n<\/tbody>\n<\/table>\n","protected":false},"excerpt":{"rendered":"<table border=\"1\" width=\"500\" cellspacing=\"1\" cellpadding=\"1\">\n<thead>\n<tr>\n<th scope=\"col\">R\u00e9f\u00e9rence<\/th>\n<th scope=\"col\"><\/th>\n<th scope=\"col\"><\/th>\n<\/tr>\n<\/thead>\n<tbody>\n<tr>\n<td>S32100<\/td>\n<td>PTB 110.3A<\/td>\n<td>800 &#8230; 1100 hPa<\/td>\n<\/tr>\n<tr>\n<td>S32200<\/td>\n<td>PTB 110.2A<\/td>\n<td>600 &#8230; 1100 hPa<\/td>\n<\/tr>\n<tr>\n<td>S32300<\/td>\n<td>PTB 110.1A<\/td>\n<td>500 &#8230; 1100 hPa<\/td>\n<\/tr>\n<\/tbody>\n<\/table>\n","protected":false},"featured_media":31044,"template":"","meta":[],"product_brand":[],"product_cat":[1440,1415,1335],"product_tag":[],"class_list":{"0":"post-31049","1":"product","2":"type-product","3":"status-publish","4":"has-post-thumbnail","6":"product_cat-air-pressure-sensors-fr-capteur-de-vent","7":"product_cat-capteur-de-vent","8":"product_cat-energies-renouvelables-mesure-de-lenergie-eolienne-et-solaire-fr","10":"first","11":"instock","12":"shipping-taxable","13":"product-type-simple"},"yoast_head":"<!-- This site is optimized with the Yoast SEO plugin v27.1.1 - https:\/\/yoast.com\/product\/yoast-seo-wordpress\/ -->\n<title>Capteur de pression atmosph\u00e9rique Vaisala PTB110 - GeoClimate.ge<\/title>\n<meta name=\"robots\" content=\"index, follow, max-snippet:-1, max-image-preview:large, max-video-preview:-1\" \/>\n<link rel=\"canonical\" href=\"https:\/\/geoclimate.ge\/fr\/produit\/air-pressure-sensor-vaisala-ptb110\/\" \/>\n<meta property=\"og:locale\" content=\"fr_FR\" \/>\n<meta property=\"og:type\" content=\"article\" \/>\n<meta property=\"og:title\" content=\"Capteur de pression atmosph\u00e9rique Vaisala PTB110 - GeoClimate.ge\" \/>\n<meta property=\"og:description\" content=\"R\u00e9f\u00e9rence       S32100 PTB 110.3A 800 ... 1100 hPa   S32200 PTB 110.2A 600 ... 1100 hPa   S32300 PTB 110.1A 500 ... 1100 hPa\" \/>\n<meta property=\"og:url\" content=\"https:\/\/geoclimate.ge\/fr\/produit\/air-pressure-sensor-vaisala-ptb110\/\" \/>\n<meta property=\"og:site_name\" content=\"GeoClimate.ge\" \/>\n<meta property=\"article:modified_time\" content=\"2025-05-11T08:09:52+00:00\" \/>\n<meta property=\"og:image\" content=\"https:\/\/geoclimate.ge\/wp-content\/uploads\/2025\/05\/Air-Pressure-Sensor-Vaisala-PTB110.jpg\" \/>\n\t<meta property=\"og:image:width\" content=\"490\" \/>\n\t<meta property=\"og:image:height\" content=\"490\" \/>\n\t<meta property=\"og:image:type\" content=\"image\/jpeg\" \/>\n<meta name=\"twitter:card\" content=\"summary_large_image\" \/>\n<meta name=\"twitter:label1\" content=\"Dur\u00e9e de lecture estim\u00e9e\" \/>\n\t<meta name=\"twitter:data1\" content=\"1 minute\" \/>\n<script type=\"application\/ld+json\" class=\"yoast-schema-graph\">{\"@context\":\"https:\/\/schema.org\",\"@graph\":[{\"@type\":\"WebPage\",\"@id\":\"https:\/\/geoclimate.ge\/fr\/produit\/air-pressure-sensor-vaisala-ptb110\/\",\"url\":\"https:\/\/geoclimate.ge\/fr\/produit\/air-pressure-sensor-vaisala-ptb110\/\",\"name\":\"Capteur de pression atmosph\u00e9rique Vaisala PTB110 - GeoClimate.ge\",\"isPartOf\":{\"@id\":\"https:\/\/geoclimate.ge\/#website\"},\"primaryImageOfPage\":{\"@id\":\"https:\/\/geoclimate.ge\/fr\/produit\/air-pressure-sensor-vaisala-ptb110\/#primaryimage\"},\"image\":{\"@id\":\"https:\/\/geoclimate.ge\/fr\/produit\/air-pressure-sensor-vaisala-ptb110\/#primaryimage\"},\"thumbnailUrl\":\"https:\/\/geoclimate.ge\/wp-content\/uploads\/2025\/05\/Air-Pressure-Sensor-Vaisala-PTB110.jpg\",\"datePublished\":\"2025-05-11T07:55:18+00:00\",\"dateModified\":\"2025-05-11T08:09:52+00:00\",\"breadcrumb\":{\"@id\":\"https:\/\/geoclimate.ge\/fr\/produit\/air-pressure-sensor-vaisala-ptb110\/#breadcrumb\"},\"inLanguage\":\"fr-FR\",\"potentialAction\":[{\"@type\":\"ReadAction\",\"target\":[\"https:\/\/geoclimate.ge\/fr\/produit\/air-pressure-sensor-vaisala-ptb110\/\"]}]},{\"@type\":\"ImageObject\",\"inLanguage\":\"fr-FR\",\"@id\":\"https:\/\/geoclimate.ge\/fr\/produit\/air-pressure-sensor-vaisala-ptb110\/#primaryimage\",\"url\":\"https:\/\/geoclimate.ge\/wp-content\/uploads\/2025\/05\/Air-Pressure-Sensor-Vaisala-PTB110.jpg\",\"contentUrl\":\"https:\/\/geoclimate.ge\/wp-content\/uploads\/2025\/05\/Air-Pressure-Sensor-Vaisala-PTB110.jpg\",\"width\":490,\"height\":490},{\"@type\":\"BreadcrumbList\",\"@id\":\"https:\/\/geoclimate.ge\/fr\/produit\/air-pressure-sensor-vaisala-ptb110\/#breadcrumb\",\"itemListElement\":[{\"@type\":\"ListItem\",\"position\":1,\"name\":\"Home\",\"item\":\"https:\/\/geoclimate.ge\/fr\/\"},{\"@type\":\"ListItem\",\"position\":2,\"name\":\"Products\",\"item\":\"https:\/\/geoclimate.ge\/fr\/products\/\"},{\"@type\":\"ListItem\",\"position\":3,\"name\":\"Capteur de pression atmosph\u00e9rique Vaisala PTB110\"}]},{\"@type\":\"WebSite\",\"@id\":\"https:\/\/geoclimate.ge\/#website\",\"url\":\"https:\/\/geoclimate.ge\/\",\"name\":\"GeoClimate\",\"description\":\"\",\"publisher\":{\"@id\":\"https:\/\/geoclimate.ge\/#organization\"},\"potentialAction\":[{\"@type\":\"SearchAction\",\"target\":{\"@type\":\"EntryPoint\",\"urlTemplate\":\"https:\/\/geoclimate.ge\/?s={search_term_string}\"},\"query-input\":{\"@type\":\"PropertyValueSpecification\",\"valueRequired\":true,\"valueName\":\"search_term_string\"}}],\"inLanguage\":\"fr-FR\"},{\"@type\":\"Organization\",\"@id\":\"https:\/\/geoclimate.ge\/#organization\",\"name\":\"GeoClimate\",\"url\":\"https:\/\/geoclimate.ge\/\",\"logo\":{\"@type\":\"ImageObject\",\"inLanguage\":\"fr-FR\",\"@id\":\"https:\/\/geoclimate.ge\/#\/schema\/logo\/image\/\",\"url\":\"https:\/\/geoclimate.ge\/wp-content\/uploads\/2026\/03\/geoclimate-SEO.png\",\"contentUrl\":\"https:\/\/geoclimate.ge\/wp-content\/uploads\/2026\/03\/geoclimate-SEO.png\",\"width\":1536,\"height\":1024,\"caption\":\"GeoClimate\"},\"image\":{\"@id\":\"https:\/\/geoclimate.ge\/#\/schema\/logo\/image\/\"}}]}<\/script>\n<!-- \/ Yoast SEO plugin. -->","yoast_head_json":{"title":"Capteur de pression atmosph\u00e9rique Vaisala PTB110 - GeoClimate.ge","robots":{"index":"index","follow":"follow","max-snippet":"max-snippet:-1","max-image-preview":"max-image-preview:large","max-video-preview":"max-video-preview:-1"},"canonical":"https:\/\/geoclimate.ge\/fr\/produit\/air-pressure-sensor-vaisala-ptb110\/","og_locale":"fr_FR","og_type":"article","og_title":"Capteur de pression atmosph\u00e9rique Vaisala PTB110 - GeoClimate.ge","og_description":"R\u00e9f\u00e9rence       S32100 PTB 110.3A 800 ... 1100 hPa   S32200 PTB 110.2A 600 ... 1100 hPa   S32300 PTB 110.1A 500 ... 1100 hPa","og_url":"https:\/\/geoclimate.ge\/fr\/produit\/air-pressure-sensor-vaisala-ptb110\/","og_site_name":"GeoClimate.ge","article_modified_time":"2025-05-11T08:09:52+00:00","og_image":[{"width":490,"height":490,"url":"https:\/\/geoclimate.ge\/wp-content\/uploads\/2025\/05\/Air-Pressure-Sensor-Vaisala-PTB110.jpg","type":"image\/jpeg"}],"twitter_card":"summary_large_image","twitter_misc":{"Dur\u00e9e de lecture estim\u00e9e":"1 minute"},"schema":{"@context":"https:\/\/schema.org","@graph":[{"@type":"WebPage","@id":"https:\/\/geoclimate.ge\/fr\/produit\/air-pressure-sensor-vaisala-ptb110\/","url":"https:\/\/geoclimate.ge\/fr\/produit\/air-pressure-sensor-vaisala-ptb110\/","name":"Capteur de pression atmosph\u00e9rique Vaisala PTB110 - GeoClimate.ge","isPartOf":{"@id":"https:\/\/geoclimate.ge\/#website"},"primaryImageOfPage":{"@id":"https:\/\/geoclimate.ge\/fr\/produit\/air-pressure-sensor-vaisala-ptb110\/#primaryimage"},"image":{"@id":"https:\/\/geoclimate.ge\/fr\/produit\/air-pressure-sensor-vaisala-ptb110\/#primaryimage"},"thumbnailUrl":"https:\/\/geoclimate.ge\/wp-content\/uploads\/2025\/05\/Air-Pressure-Sensor-Vaisala-PTB110.jpg","datePublished":"2025-05-11T07:55:18+00:00","dateModified":"2025-05-11T08:09:52+00:00","breadcrumb":{"@id":"https:\/\/geoclimate.ge\/fr\/produit\/air-pressure-sensor-vaisala-ptb110\/#breadcrumb"},"inLanguage":"fr-FR","potentialAction":[{"@type":"ReadAction","target":["https:\/\/geoclimate.ge\/fr\/produit\/air-pressure-sensor-vaisala-ptb110\/"]}]},{"@type":"ImageObject","inLanguage":"fr-FR","@id":"https:\/\/geoclimate.ge\/fr\/produit\/air-pressure-sensor-vaisala-ptb110\/#primaryimage","url":"https:\/\/geoclimate.ge\/wp-content\/uploads\/2025\/05\/Air-Pressure-Sensor-Vaisala-PTB110.jpg","contentUrl":"https:\/\/geoclimate.ge\/wp-content\/uploads\/2025\/05\/Air-Pressure-Sensor-Vaisala-PTB110.jpg","width":490,"height":490},{"@type":"BreadcrumbList","@id":"https:\/\/geoclimate.ge\/fr\/produit\/air-pressure-sensor-vaisala-ptb110\/#breadcrumb","itemListElement":[{"@type":"ListItem","position":1,"name":"Home","item":"https:\/\/geoclimate.ge\/fr\/"},{"@type":"ListItem","position":2,"name":"Products","item":"https:\/\/geoclimate.ge\/fr\/products\/"},{"@type":"ListItem","position":3,"name":"Capteur de pression atmosph\u00e9rique Vaisala PTB110"}]},{"@type":"WebSite","@id":"https:\/\/geoclimate.ge\/#website","url":"https:\/\/geoclimate.ge\/","name":"GeoClimate","description":"","publisher":{"@id":"https:\/\/geoclimate.ge\/#organization"},"potentialAction":[{"@type":"SearchAction","target":{"@type":"EntryPoint","urlTemplate":"https:\/\/geoclimate.ge\/?s={search_term_string}"},"query-input":{"@type":"PropertyValueSpecification","valueRequired":true,"valueName":"search_term_string"}}],"inLanguage":"fr-FR"},{"@type":"Organization","@id":"https:\/\/geoclimate.ge\/#organization","name":"GeoClimate","url":"https:\/\/geoclimate.ge\/","logo":{"@type":"ImageObject","inLanguage":"fr-FR","@id":"https:\/\/geoclimate.ge\/#\/schema\/logo\/image\/","url":"https:\/\/geoclimate.ge\/wp-content\/uploads\/2026\/03\/geoclimate-SEO.png","contentUrl":"https:\/\/geoclimate.ge\/wp-content\/uploads\/2026\/03\/geoclimate-SEO.png","width":1536,"height":1024,"caption":"GeoClimate"},"image":{"@id":"https:\/\/geoclimate.ge\/#\/schema\/logo\/image\/"}}]}},"_links":{"self":[{"href":"https:\/\/geoclimate.ge\/fr\/wp-json\/wp\/v2\/product\/31049","targetHints":{"allow":["GET"]}}],"collection":[{"href":"https:\/\/geoclimate.ge\/fr\/wp-json\/wp\/v2\/product"}],"about":[{"href":"https:\/\/geoclimate.ge\/fr\/wp-json\/wp\/v2\/types\/product"}],"wp:featuredmedia":[{"embeddable":true,"href":"https:\/\/geoclimate.ge\/fr\/wp-json\/wp\/v2\/media\/31044"}],"wp:attachment":[{"href":"https:\/\/geoclimate.ge\/fr\/wp-json\/wp\/v2\/media?parent=31049"}],"wp:term":[{"taxonomy":"product_brand","embeddable":true,"href":"https:\/\/geoclimate.ge\/fr\/wp-json\/wp\/v2\/product_brand?post=31049"},{"taxonomy":"product_cat","embeddable":true,"href":"https:\/\/geoclimate.ge\/fr\/wp-json\/wp\/v2\/product_cat?post=31049"},{"taxonomy":"product_tag","embeddable":true,"href":"https:\/\/geoclimate.ge\/fr\/wp-json\/wp\/v2\/product_tag?post=31049"}],"curies":[{"name":"wp","href":"https:\/\/api.w.org\/{rel}","templated":true}]}}