{"id":31103,"date":"2025-05-11T12:38:34","date_gmt":"2025-05-11T08:38:34","guid":{"rendered":"https:\/\/airsystems.ge\/shop\/product\/precipitation-sensorthies\/"},"modified":"2025-05-11T12:40:31","modified_gmt":"2025-05-11T08:40:31","slug":"precipitation-sensorthies","status":"publish","type":"product","link":"https:\/\/geoclimate.ge\/fr\/produit\/precipitation-sensorthies\/","title":{"rendered":"Capteur de pr\u00e9cipitations Thies"},"content":{"rendered":"<div class=\"appBody\">\n<div class=\"productDetail appContainer container\">\n<div id=\"productTabContent\" class=\"tab-content\">\n<div id=\"product-details\" class=\"tab-pane fade show active\" role=\"tabpanel\" aria-labelledby=\"product-details-tab\">\n<p>Le capteur de pr\u00e9cipitations Thies transmet des signaux pour d\u00e9terminer le d\u00e9but et la fin des pr\u00e9cipitations, ainsi que leur dur\u00e9e.<\/p>\n<\/div>\n<\/div>\n<\/div>\n<\/div>\n<div class=\"container\">\n<table border=\"1\" width=\"554\" cellspacing=\"1\" cellpadding=\"1\">\n<thead>\n<tr>\n<th scope=\"col\">Charateristic<\/th>\n<th scope=\"col\">Desciption \/ Value<\/th>\n<\/tr>\n<\/thead>\n<tbody>\n<tr>\n<td>Collector surface<\/td>\n<td>200 cm\u00b2<\/td>\n<\/tr>\n<tr>\n<td>Resolution<\/td>\n<td>0.1 mm per tipping-bucket pulse<\/td>\n<\/tr>\n<tr>\n<td>Measuring range<\/td>\n<td>0 &#8230;11 mm\/min<\/td>\n<\/tr>\n<tr>\n<td>Accuracy output<br \/>\n1 within the range of 0 &#8230; 11 mm\/min<\/td>\n<td>\u00a0\u00b13 %<br \/>\n(tested under laboratory conditions with distilled water)<\/td>\n<\/tr>\n<tr>\n<td>Measuring principle<\/td>\n<td>tipping-bucket<\/td>\n<\/tr>\n<tr>\n<td>Ambient temperature<\/td>\n<td>\u00a00 &#8230; +60 \u00b0C (without heating),<br \/>\n-25 &#8230; +60 \u00b0C (with heating)<\/td>\n<\/tr>\n<tr>\n<td colspan=\"2\"><strong>Output signal 1 (Reed contact with linearization)<\/strong><\/td>\n<\/tr>\n<tr>\n<td>\u00a0 Pulse length<\/td>\n<td>\u00a0125 ms<\/td>\n<\/tr>\n<tr>\n<td>\u00a0 Tipping-bucket frequency<\/td>\n<td>0 &#8230; 2 Hz<\/td>\n<\/tr>\n<tr>\n<td>\u00a0 Operating voltage<\/td>\n<td>5 VDC<\/td>\n<\/tr>\n<tr>\n<td colspan=\"2\"><strong>Output signal 2\u00a0\u00a0 \u00a0<\/strong><\/td>\n<\/tr>\n<tr>\n<td>\u00a0 Pulse length<\/td>\n<td>50 ms<\/td>\n<\/tr>\n<tr>\n<td>\u00a0 Pulse frequency<\/td>\n<td>0 &#8230; 2 Hz<\/td>\n<\/tr>\n<tr>\n<td>\u00a0 Contact load<\/td>\n<td>max. 0.5 W<\/td>\n<\/tr>\n<tr>\n<td>\u00a0 Contact voltage (Vcc)<\/td>\n<td>max. 42 V<\/td>\n<\/tr>\n<tr>\n<td>Heating<\/td>\n<td>24 VAC\/DC; 48.5 W<\/td>\n<\/tr>\n<tr>\n<td>Montage<\/td>\n<td>onto mast tube \u00d8 50 mm<\/td>\n<\/tr>\n<tr>\n<td>Weight<\/td>\n<td>3.3 kg<\/td>\n<\/tr>\n<tr>\n<td>Manufacturer<\/td>\n<td>Thies<\/td>\n<\/tr>\n<tr>\n<td>Accessories<\/td>\n<td>Module M83200 or M83570<\/td>\n<\/tr>\n<\/tbody>\n<\/table>\n<\/div>\n","protected":false},"excerpt":{"rendered":"<h3>R\u00e9f\u00e9rence<\/h3>\n<p>S71100 \/ S71100H<\/p>\n","protected":false},"featured_media":31098,"template":"","meta":[],"product_brand":[],"product_cat":[1446,1415,1335],"product_tag":[],"class_list":{"0":"post-31103","1":"product","2":"type-product","3":"status-publish","4":"has-post-thumbnail","6":"product_cat-capteur-de-precipitations","7":"product_cat-capteur-de-vent","8":"product_cat-energies-renouvelables-mesure-de-lenergie-eolienne-et-solaire-fr","10":"first","11":"instock","12":"shipping-taxable","13":"product-type-simple"},"yoast_head":"<!-- This site is optimized with the Yoast SEO plugin v27.1.1 - https:\/\/yoast.com\/product\/yoast-seo-wordpress\/ -->\n<title>Capteur de pr\u00e9cipitations Thies - GeoClimate.ge<\/title>\n<meta name=\"robots\" content=\"index, follow, max-snippet:-1, max-image-preview:large, max-video-preview:-1\" \/>\n<link rel=\"canonical\" href=\"https:\/\/geoclimate.ge\/fr\/produit\/precipitation-sensorthies\/\" \/>\n<meta property=\"og:locale\" content=\"fr_FR\" \/>\n<meta property=\"og:type\" content=\"article\" \/>\n<meta property=\"og:title\" content=\"Capteur de pr\u00e9cipitations Thies - GeoClimate.ge\" \/>\n<meta property=\"og:description\" content=\"R\u00e9f\u00e9rence S71100 \/ S71100H\" \/>\n<meta property=\"og:url\" content=\"https:\/\/geoclimate.ge\/fr\/produit\/precipitation-sensorthies\/\" \/>\n<meta property=\"og:site_name\" content=\"GeoClimate.ge\" \/>\n<meta property=\"article:modified_time\" content=\"2025-05-11T08:40:31+00:00\" \/>\n<meta property=\"og:image\" content=\"https:\/\/geoclimate.ge\/wp-content\/uploads\/2025\/05\/thies_precipitation_sensor_s71100-h.jpg__490x490_q85_crop_subsampling-2_upscale.jpg\" \/>\n\t<meta property=\"og:image:width\" content=\"490\" \/>\n\t<meta property=\"og:image:height\" content=\"490\" \/>\n\t<meta property=\"og:image:type\" content=\"image\/jpeg\" \/>\n<meta name=\"twitter:card\" content=\"summary_large_image\" \/>\n<meta name=\"twitter:label1\" content=\"Dur\u00e9e de lecture estim\u00e9e\" \/>\n\t<meta name=\"twitter:data1\" content=\"1 minute\" \/>\n<script type=\"application\/ld+json\" class=\"yoast-schema-graph\">{\"@context\":\"https:\/\/schema.org\",\"@graph\":[{\"@type\":\"WebPage\",\"@id\":\"https:\/\/geoclimate.ge\/fr\/produit\/precipitation-sensorthies\/\",\"url\":\"https:\/\/geoclimate.ge\/fr\/produit\/precipitation-sensorthies\/\",\"name\":\"Capteur de pr\u00e9cipitations Thies - GeoClimate.ge\",\"isPartOf\":{\"@id\":\"https:\/\/geoclimate.ge\/#website\"},\"primaryImageOfPage\":{\"@id\":\"https:\/\/geoclimate.ge\/fr\/produit\/precipitation-sensorthies\/#primaryimage\"},\"image\":{\"@id\":\"https:\/\/geoclimate.ge\/fr\/produit\/precipitation-sensorthies\/#primaryimage\"},\"thumbnailUrl\":\"https:\/\/geoclimate.ge\/wp-content\/uploads\/2025\/05\/thies_precipitation_sensor_s71100-h.jpg__490x490_q85_crop_subsampling-2_upscale.jpg\",\"datePublished\":\"2025-05-11T08:38:34+00:00\",\"dateModified\":\"2025-05-11T08:40:31+00:00\",\"breadcrumb\":{\"@id\":\"https:\/\/geoclimate.ge\/fr\/produit\/precipitation-sensorthies\/#breadcrumb\"},\"inLanguage\":\"fr-FR\",\"potentialAction\":[{\"@type\":\"ReadAction\",\"target\":[\"https:\/\/geoclimate.ge\/fr\/produit\/precipitation-sensorthies\/\"]}]},{\"@type\":\"ImageObject\",\"inLanguage\":\"fr-FR\",\"@id\":\"https:\/\/geoclimate.ge\/fr\/produit\/precipitation-sensorthies\/#primaryimage\",\"url\":\"https:\/\/geoclimate.ge\/wp-content\/uploads\/2025\/05\/thies_precipitation_sensor_s71100-h.jpg__490x490_q85_crop_subsampling-2_upscale.jpg\",\"contentUrl\":\"https:\/\/geoclimate.ge\/wp-content\/uploads\/2025\/05\/thies_precipitation_sensor_s71100-h.jpg__490x490_q85_crop_subsampling-2_upscale.jpg\",\"width\":490,\"height\":490},{\"@type\":\"BreadcrumbList\",\"@id\":\"https:\/\/geoclimate.ge\/fr\/produit\/precipitation-sensorthies\/#breadcrumb\",\"itemListElement\":[{\"@type\":\"ListItem\",\"position\":1,\"name\":\"Home\",\"item\":\"https:\/\/geoclimate.ge\/fr\/\"},{\"@type\":\"ListItem\",\"position\":2,\"name\":\"Products\",\"item\":\"https:\/\/geoclimate.ge\/fr\/products\/\"},{\"@type\":\"ListItem\",\"position\":3,\"name\":\"Capteur de pr\u00e9cipitations Thies\"}]},{\"@type\":\"WebSite\",\"@id\":\"https:\/\/geoclimate.ge\/#website\",\"url\":\"https:\/\/geoclimate.ge\/\",\"name\":\"GeoClimate\",\"description\":\"\",\"publisher\":{\"@id\":\"https:\/\/geoclimate.ge\/#organization\"},\"potentialAction\":[{\"@type\":\"SearchAction\",\"target\":{\"@type\":\"EntryPoint\",\"urlTemplate\":\"https:\/\/geoclimate.ge\/?s={search_term_string}\"},\"query-input\":{\"@type\":\"PropertyValueSpecification\",\"valueRequired\":true,\"valueName\":\"search_term_string\"}}],\"inLanguage\":\"fr-FR\"},{\"@type\":\"Organization\",\"@id\":\"https:\/\/geoclimate.ge\/#organization\",\"name\":\"GeoClimate\",\"url\":\"https:\/\/geoclimate.ge\/\",\"logo\":{\"@type\":\"ImageObject\",\"inLanguage\":\"fr-FR\",\"@id\":\"https:\/\/geoclimate.ge\/#\/schema\/logo\/image\/\",\"url\":\"https:\/\/geoclimate.ge\/wp-content\/uploads\/2026\/03\/geoclimate-SEO.png\",\"contentUrl\":\"https:\/\/geoclimate.ge\/wp-content\/uploads\/2026\/03\/geoclimate-SEO.png\",\"width\":1536,\"height\":1024,\"caption\":\"GeoClimate\"},\"image\":{\"@id\":\"https:\/\/geoclimate.ge\/#\/schema\/logo\/image\/\"}}]}<\/script>\n<!-- \/ Yoast SEO plugin. -->","yoast_head_json":{"title":"Capteur de pr\u00e9cipitations Thies - GeoClimate.ge","robots":{"index":"index","follow":"follow","max-snippet":"max-snippet:-1","max-image-preview":"max-image-preview:large","max-video-preview":"max-video-preview:-1"},"canonical":"https:\/\/geoclimate.ge\/fr\/produit\/precipitation-sensorthies\/","og_locale":"fr_FR","og_type":"article","og_title":"Capteur de pr\u00e9cipitations Thies - GeoClimate.ge","og_description":"R\u00e9f\u00e9rence S71100 \/ S71100H","og_url":"https:\/\/geoclimate.ge\/fr\/produit\/precipitation-sensorthies\/","og_site_name":"GeoClimate.ge","article_modified_time":"2025-05-11T08:40:31+00:00","og_image":[{"width":490,"height":490,"url":"https:\/\/geoclimate.ge\/wp-content\/uploads\/2025\/05\/thies_precipitation_sensor_s71100-h.jpg__490x490_q85_crop_subsampling-2_upscale.jpg","type":"image\/jpeg"}],"twitter_card":"summary_large_image","twitter_misc":{"Dur\u00e9e de lecture estim\u00e9e":"1 minute"},"schema":{"@context":"https:\/\/schema.org","@graph":[{"@type":"WebPage","@id":"https:\/\/geoclimate.ge\/fr\/produit\/precipitation-sensorthies\/","url":"https:\/\/geoclimate.ge\/fr\/produit\/precipitation-sensorthies\/","name":"Capteur de pr\u00e9cipitations Thies - GeoClimate.ge","isPartOf":{"@id":"https:\/\/geoclimate.ge\/#website"},"primaryImageOfPage":{"@id":"https:\/\/geoclimate.ge\/fr\/produit\/precipitation-sensorthies\/#primaryimage"},"image":{"@id":"https:\/\/geoclimate.ge\/fr\/produit\/precipitation-sensorthies\/#primaryimage"},"thumbnailUrl":"https:\/\/geoclimate.ge\/wp-content\/uploads\/2025\/05\/thies_precipitation_sensor_s71100-h.jpg__490x490_q85_crop_subsampling-2_upscale.jpg","datePublished":"2025-05-11T08:38:34+00:00","dateModified":"2025-05-11T08:40:31+00:00","breadcrumb":{"@id":"https:\/\/geoclimate.ge\/fr\/produit\/precipitation-sensorthies\/#breadcrumb"},"inLanguage":"fr-FR","potentialAction":[{"@type":"ReadAction","target":["https:\/\/geoclimate.ge\/fr\/produit\/precipitation-sensorthies\/"]}]},{"@type":"ImageObject","inLanguage":"fr-FR","@id":"https:\/\/geoclimate.ge\/fr\/produit\/precipitation-sensorthies\/#primaryimage","url":"https:\/\/geoclimate.ge\/wp-content\/uploads\/2025\/05\/thies_precipitation_sensor_s71100-h.jpg__490x490_q85_crop_subsampling-2_upscale.jpg","contentUrl":"https:\/\/geoclimate.ge\/wp-content\/uploads\/2025\/05\/thies_precipitation_sensor_s71100-h.jpg__490x490_q85_crop_subsampling-2_upscale.jpg","width":490,"height":490},{"@type":"BreadcrumbList","@id":"https:\/\/geoclimate.ge\/fr\/produit\/precipitation-sensorthies\/#breadcrumb","itemListElement":[{"@type":"ListItem","position":1,"name":"Home","item":"https:\/\/geoclimate.ge\/fr\/"},{"@type":"ListItem","position":2,"name":"Products","item":"https:\/\/geoclimate.ge\/fr\/products\/"},{"@type":"ListItem","position":3,"name":"Capteur de pr\u00e9cipitations Thies"}]},{"@type":"WebSite","@id":"https:\/\/geoclimate.ge\/#website","url":"https:\/\/geoclimate.ge\/","name":"GeoClimate","description":"","publisher":{"@id":"https:\/\/geoclimate.ge\/#organization"},"potentialAction":[{"@type":"SearchAction","target":{"@type":"EntryPoint","urlTemplate":"https:\/\/geoclimate.ge\/?s={search_term_string}"},"query-input":{"@type":"PropertyValueSpecification","valueRequired":true,"valueName":"search_term_string"}}],"inLanguage":"fr-FR"},{"@type":"Organization","@id":"https:\/\/geoclimate.ge\/#organization","name":"GeoClimate","url":"https:\/\/geoclimate.ge\/","logo":{"@type":"ImageObject","inLanguage":"fr-FR","@id":"https:\/\/geoclimate.ge\/#\/schema\/logo\/image\/","url":"https:\/\/geoclimate.ge\/wp-content\/uploads\/2026\/03\/geoclimate-SEO.png","contentUrl":"https:\/\/geoclimate.ge\/wp-content\/uploads\/2026\/03\/geoclimate-SEO.png","width":1536,"height":1024,"caption":"GeoClimate"},"image":{"@id":"https:\/\/geoclimate.ge\/#\/schema\/logo\/image\/"}}]}},"_links":{"self":[{"href":"https:\/\/geoclimate.ge\/fr\/wp-json\/wp\/v2\/product\/31103","targetHints":{"allow":["GET"]}}],"collection":[{"href":"https:\/\/geoclimate.ge\/fr\/wp-json\/wp\/v2\/product"}],"about":[{"href":"https:\/\/geoclimate.ge\/fr\/wp-json\/wp\/v2\/types\/product"}],"wp:featuredmedia":[{"embeddable":true,"href":"https:\/\/geoclimate.ge\/fr\/wp-json\/wp\/v2\/media\/31098"}],"wp:attachment":[{"href":"https:\/\/geoclimate.ge\/fr\/wp-json\/wp\/v2\/media?parent=31103"}],"wp:term":[{"taxonomy":"product_brand","embeddable":true,"href":"https:\/\/geoclimate.ge\/fr\/wp-json\/wp\/v2\/product_brand?post=31103"},{"taxonomy":"product_cat","embeddable":true,"href":"https:\/\/geoclimate.ge\/fr\/wp-json\/wp\/v2\/product_cat?post=31103"},{"taxonomy":"product_tag","embeddable":true,"href":"https:\/\/geoclimate.ge\/fr\/wp-json\/wp\/v2\/product_tag?post=31103"}],"curies":[{"name":"wp","href":"https:\/\/api.w.org\/{rel}","templated":true}]}}