{"id":31214,"date":"2025-05-11T16:03:02","date_gmt":"2025-05-11T12:03:02","guid":{"rendered":"https:\/\/airsystems.ge\/shop\/product\/ultrasonic-anemometer-thies-3d-heating-in-arms-and-sensor-head\/"},"modified":"2025-05-11T16:13:04","modified_gmt":"2025-05-11T12:13:04","slug":"ultrasonic-anemometer-thies-3d-heating-in-arms-and-sensor-head","status":"publish","type":"product","link":"https:\/\/geoclimate.ge\/fr\/produit\/ultrasonic-anemometer-thies-3d-heating-in-arms-and-sensor-head\/","title":{"rendered":"An\u00e9mom\u00e8tre \u00e0 ultrasons Thies 3D &#8211; Chauffage des bras et de la t\u00eate de capteur"},"content":{"rendered":"<p>L&rsquo;an\u00e9mom\u00e8tre \u00e0 ultrasons 3D est con\u00e7u pour mesurer les composantes horizontales et verticales de la vitesse et de la direction du vent, ainsi que la temp\u00e9rature virtuelle acoustique en 3 dimensions. Il est compos\u00e9 de 6 transformateurs ultrasonores, dispos\u00e9s deux \u00e0 deux, face \u00e0 face et distants de 200 mm. Les trois voies de mesure r\u00e9sultantes sont verticales. Les transformateurs font office d&rsquo;\u00e9metteurs et de r\u00e9cepteurs acoustiques.<\/p>\n<p>Par rapport aux an\u00e9mom\u00e8tres \u00e0 coupelles, le principe de mesure permet une mesure sans inertie de variables \u00e0 \u00e9volution rapide avec une pr\u00e9cision et une exactitude maximales. Il est particuli\u00e8rement adapt\u00e9 \u00e0 la mesure des rafales et des valeurs de pointe. La pr\u00e9cision obtenue lors de la mesure de la temp\u00e9rature de l&rsquo;air (temp\u00e9rature virtuelle acoustique) surpasse celle des m\u00e9thodes classiques, o\u00f9 les capteurs de temp\u00e9rature sont utilis\u00e9s avec un \u00e9cran de protection contre les intemp\u00e9ries et les rayonnements, apr\u00e8s correction de l&rsquo;influence de l&rsquo;humidit\u00e9 li\u00e9e \u00e0 certaines conditions m\u00e9t\u00e9orologiques.<\/p>\n<p>Cet an\u00e9mom\u00e8tre, sans entretien et inusable, ne n\u00e9cessite aucun r\u00e9\u00e9talonnage et est \u00e9quip\u00e9 d&rsquo;un syst\u00e8me de chauffage pour un fonctionnement hivernal, m\u00eame dans des conditions extr\u00eames.<\/p>\n<p>Tous les calculs sont effectu\u00e9s par un processeur de signal num\u00e9rique (DSP) haute performance, avec une pr\u00e9cision de 32 bits, pendant le temps de propagation des signaux ultrasonores. L&rsquo;instrument offre des fonctions statistiques compl\u00e8tes, telles que la moyenne glissante, l&rsquo;\u00e9cart type, la covariance, etc., s\u00e9lectionnables via l&rsquo;interface num\u00e9rique. La moyenne glissante peut \u00eatre d\u00e9finie au choix sous forme vectorielle ou scalaire, identique ou diff\u00e9rente pour chaque param\u00e8tre.<\/p>\n<p><strong>Chauffage<\/strong><\/p>\n<p>Pour de nombreuses applications, la production continue de donn\u00e9es de mesure fiables sur la vitesse et la direction du vent est indispensable au syst\u00e8me de mesure, m\u00eame dans des conditions m\u00e9t\u00e9orologiques extr\u00eames telles que le givrage. L&rsquo;Ultrasonic est \u00e9quip\u00e9 d&rsquo;un syst\u00e8me de chauffage sophistiqu\u00e9. Ce syst\u00e8me maintient efficacement \u00e0 une temp\u00e9rature sup\u00e9rieure \u00e0 +5 \u00b0C toutes les surfaces ext\u00e9rieures susceptibles de perturber l&rsquo;acquisition des valeurs de mesure en cas de formation de givre.<\/p>\n<p>Les bras de mesure, ainsi que le transducteur ultrasonique et le bo\u00eetier, font \u00e9galement partie des surfaces ext\u00e9rieures chauff\u00e9es, selon le mod\u00e8le. L&rsquo;Utrasonic est capable de g\u00e9n\u00e9rer des donn\u00e9es de mesure d&rsquo;une grande pr\u00e9cision, m\u00eame \u00e0 l&rsquo;\u00e9tat non chauff\u00e9, \u00e0 des temp\u00e9ratures inf\u00e9rieures \u00e0 \u201340 \u00b0C. La qualit\u00e9 des donn\u00e9es de mesure ne d\u00e9pend pas de la temp\u00e9rature. Le chauffage est uniquement n\u00e9cessaire pour \u00e9viter la formation de glace sur la structure de l&rsquo;instrument, \u00e9vitant ainsi toute d\u00e9faillance lors de l&rsquo;acquisition des valeurs de mesure.<\/p>\n<table border=\"1\" width=\"662\" cellspacing=\"1\" cellpadding=\"1\">\n<thead>\n<tr>\n<th colspan=\"2\" scope=\"col\"><span style=\"font-weight: 400;\">Wind Speed<\/span><\/th>\n<\/tr>\n<\/thead>\n<tbody>\n<tr>\n<td>Measuring range<\/td>\n<td>0 &#8230; 85 m\/s (measures up to 99.99 m\/s + output); Scaling of analog output selectable<br \/>\nStarting threshold: 0.01 m\/s<\/td>\n<\/tr>\n<tr>\n<td>Accuracy<\/td>\n<td>\u2264 5 m\/s: \u00b1 0.1 m\/s rms (root mean square over 360\u00b0)<br \/>\n&gt; 5 m\/s &#8230; \u2264 35 m\/s: \u00b1 1% rms of measured value (root mean square over 360\u00b0)<br \/>\n&gt; 35 m\/s &#8230; \u2264 65 m\/s: \u00b1 2% rms of measured value (root mean square over 360\u00b0)<br \/>\n&gt; 65 m\/s &#8230; \u2264 85 m\/s: \u00b1 3% rms of measured value (root mean square over 360\u00b0)<\/td>\n<\/tr>\n<tr>\n<td>Resolution<\/td>\n<td>0.1 m\/s (telegrams No. 1 to 4)<br \/>\n0.01 m\/s (telegrams No. 5 to 12 and user-defined)<\/td>\n<\/tr>\n<tr>\n<th colspan=\"2\"><span style=\"font-weight: 400;\">Wind Direction<\/span><\/th>\n<\/tr>\n<tr>\n<td>Measuring range<\/td>\n<td>Azimuth: 0 &#8230; 360\u00b0\u00a0\u00a0\u00a0\u00a0\u00a0\u00a0\u00a0\u00a0\u00a0\u00a0\u00a0 Elevation: -90\u00b0 &#8230; 90\u00b0<\/td>\n<\/tr>\n<tr>\n<td>Accuracy<\/td>\n<td>\u00b1 1\u00b0 with wind velocity &gt; 1 m\/s \u2264 35 m\/s<br \/>\n\u00b1 2\u00b0 with wind velocity &gt; 35 m\/s \u2264 65 m\/s<br \/>\n\u00b1 4\u00b0 with wind velocity &gt; 65 m\/s \u2264 85 m\/s<\/td>\n<\/tr>\n<tr>\n<td>Resolution<\/td>\n<td>1\u00b0 (telegrams No. 1 to 4)<br \/>\n&lt; 1\u00b0 (telegrams No. 5 to 12 and user-defined)<\/td>\n<\/tr>\n<tr>\n<th colspan=\"2\"><span style=\"font-weight: 400;\">Acoustic Virtual Temperature<\/span><\/th>\n<\/tr>\n<tr>\n<td>Measuring range<\/td>\n<td>-40 &#8230; +70\u00b0C (not specified, but useful measuring range: -75 &#8230; +75\u00b0C)<\/td>\n<\/tr>\n<tr>\n<td>Accuracy<\/td>\n<td>\u00b1 0.5 K<\/td>\n<\/tr>\n<tr>\n<td>Resolution<\/td>\n<td>0.1 K (in telegrams No. 1 to 5)<\/td>\n<\/tr>\n<tr>\n<th colspan=\"2\"><span style=\"font-weight: 400;\">Data Output Digital<\/span><\/th>\n<\/tr>\n<tr>\n<td>Interface<\/td>\n<td>RS485 \/ RS422<\/td>\n<\/tr>\n<tr>\n<td>Baud rate<\/td>\n<td>1200 to 921600 adjustable<\/td>\n<\/tr>\n<tr>\n<td>Output<\/td>\n<td>Instantaneous values, wind speed \/ direction and acoustic virtual temp.<br \/>\nSliding mean values 0.5 sec to 100 min freely selectable<\/td>\n<\/tr>\n<tr>\n<td>Output rate<\/td>\n<td>1 per 1 msec to 1 per 60 sec., adjustable in msec steps<\/td>\n<\/tr>\n<tr>\n<td>Status identification<\/td>\n<td>Heating, measurement path failure, \u0394T path temperatures<\/td>\n<\/tr>\n<tr>\n<th colspan=\"2\"><span style=\"font-weight: 400;\">Data Output Analog<\/span><\/th>\n<\/tr>\n<tr>\n<td>Electr. output<\/td>\n<td>0 &#8230; 20 mA \/ 0 &#8230; 10 V or 4 &#8230; 20 mA \/ 2 &#8230; 10 V for wind vectors X, Y and Z<\/td>\n<\/tr>\n<tr>\n<td>Output<\/td>\n<td>Wind vectors X, Y and Z, Instantaneous values, sliding mean values 0.5 sec to 100 min freely selectable<\/td>\n<\/tr>\n<tr>\n<td>Output rate<\/td>\n<td>Updating rate 0.1 &#8230; 100 Hz<\/td>\n<\/tr>\n<tr>\n<td>Resolution<\/td>\n<td>16 bit<\/td>\n<\/tr>\n<tr>\n<th colspan=\"2\"><span style=\"font-weight: 400;\">Analog Inputs<\/span><\/th>\n<\/tr>\n<tr>\n<td>Input number<\/td>\n<td>Up to 5 analog inputs possible. (3x standard, 2x add. configurable acc. to manu.)<\/td>\n<\/tr>\n<tr>\n<td>Input resolution<\/td>\n<td>16 bit<\/td>\n<\/tr>\n<tr>\n<td>Sampling rate<\/td>\n<td>0.1 &#8230; 100 Hz per channel<\/td>\n<\/tr>\n<tr>\n<td>Input range<\/td>\n<td>0 &#8230; 10 V<\/td>\n<\/tr>\n<tr>\n<td>Data processing<\/td>\n<td>Output of measured values in user-specific telegram<\/td>\n<\/tr>\n<tr>\n<td>Accuracy<\/td>\n<td>\u00b1 1%\u00a0 of meas. value in the range -40 &#8230; +70\u00b0C<\/td>\n<\/tr>\n<tr>\n<td>Linearity, integral<\/td>\n<td>INL: type &lt; 6LSB<\/td>\n<\/tr>\n<tr>\n<td>Effective low-noise bits<\/td>\n<td>Type 14 bit (at DC-supply for avoiding of dynamic cross-talk in the connection line)<\/td>\n<\/tr>\n<tr>\n<th colspan=\"2\"><span style=\"font-weight: 400;\">General<\/span><\/th>\n<\/tr>\n<tr>\n<td>Temperature range<\/td>\n<td>Oper. temperature: -40 &#8230; +70\u00b0C; Storage: -50 &#8230; +80\u00b0C; with heating up to -75\u00b0C<\/td>\n<\/tr>\n<tr>\n<td>Internal measuring rate<\/td>\n<td>Up to 285 complete measurement sequences per second at 20\u00b0C<\/td>\n<\/tr>\n<tr>\n<td>Operating voltage<br \/>\nS83100H<br \/>\nS83300H<\/td>\n<td>Power supply electronics: 8 &#8230; 78 VDC, 1.5 VA, max. 2.5 VA<br \/>\nPower supply electronics + heating: 24 V AC\/DC \u00b1 15%: typ. 150 VA<br \/>\nPower supply electronics + heating: 48 V AC\/DC \u00b1 15%: typ. 360 VA<\/td>\n<\/tr>\n<tr>\n<td>EMC<\/td>\n<td>EN 55022: 1998 class B; EN 55024: 1998; EN 61326:1997; A3:2003<\/td>\n<\/tr>\n<tr>\n<td>Electr. connection<\/td>\n<td>8-pole plug<\/td>\n<\/tr>\n<tr>\n<td>Manufacturer<\/td>\n<td>Thies<\/td>\n<\/tr>\n<\/tbody>\n<\/table>\n","protected":false},"excerpt":{"rendered":"<p><strong>Num\u00e9ro de commande<\/strong><br \/>\nS83100H<\/p>\n<p>Classifi\u00e9 selon la norme CEI 61400-12-1:2017<br \/>\nMesure de la direction et de la vitesse du vent en 3 dimensions X, Y et Z<br \/>\nMesure en temps r\u00e9el<br \/>\nPr\u00e9cision maximale, sans entretien et chauffable<br \/>\nSorties et entr\u00e9es num\u00e9riques\/analogiques<\/p>\n","protected":false},"featured_media":31196,"template":"","meta":[],"product_brand":[],"product_cat":[1452,1415,1335],"product_tag":[],"class_list":{"0":"post-31214","1":"product","2":"type-product","3":"status-publish","4":"has-post-thumbnail","6":"product_cat-anemometre-a-ultrasons","7":"product_cat-capteur-de-vent","8":"product_cat-energies-renouvelables-mesure-de-lenergie-eolienne-et-solaire-fr","10":"first","11":"instock","12":"shipping-taxable","13":"product-type-simple"},"yoast_head":"<!-- This site is optimized with the Yoast SEO plugin v27.1.1 - https:\/\/yoast.com\/product\/yoast-seo-wordpress\/ -->\n<title>An\u00e9mom\u00e8tre \u00e0 ultrasons Thies 3D - Chauffage des bras et de la t\u00eate de capteur - GeoClimate.ge<\/title>\n<meta name=\"robots\" content=\"index, follow, max-snippet:-1, max-image-preview:large, max-video-preview:-1\" \/>\n<link rel=\"canonical\" href=\"https:\/\/geoclimate.ge\/fr\/produit\/ultrasonic-anemometer-thies-3d-heating-in-arms-and-sensor-head\/\" \/>\n<meta property=\"og:locale\" content=\"fr_FR\" \/>\n<meta property=\"og:type\" content=\"article\" \/>\n<meta property=\"og:title\" content=\"An\u00e9mom\u00e8tre \u00e0 ultrasons Thies 3D - Chauffage des bras et de la t\u00eate de capteur - GeoClimate.ge\" \/>\n<meta property=\"og:description\" content=\"Num\u00e9ro de commande S83100H  Classifi\u00e9 selon la norme CEI 61400-12-1:2017 Mesure de la direction et de la vitesse du vent en 3 dimensions X, Y et Z Mesure en temps r\u00e9el Pr\u00e9cision maximale, sans entretien et chauffable Sorties et entr\u00e9es num\u00e9riques\/analogiques\" \/>\n<meta property=\"og:url\" content=\"https:\/\/geoclimate.ge\/fr\/produit\/ultrasonic-anemometer-thies-3d-heating-in-arms-and-sensor-head\/\" \/>\n<meta property=\"og:site_name\" content=\"GeoClimate.ge\" \/>\n<meta property=\"article:modified_time\" content=\"2025-05-11T12:13:04+00:00\" \/>\n<meta property=\"og:image\" content=\"https:\/\/geoclimate.ge\/wp-content\/uploads\/2025\/05\/ultrasonic-thies-3d.png__490x490_q85_crop_subsampling-2_upscale-1.png\" \/>\n\t<meta property=\"og:image:width\" content=\"490\" \/>\n\t<meta property=\"og:image:height\" content=\"490\" \/>\n\t<meta property=\"og:image:type\" content=\"image\/png\" \/>\n<meta name=\"twitter:card\" content=\"summary_large_image\" \/>\n<meta name=\"twitter:label1\" content=\"Dur\u00e9e de lecture estim\u00e9e\" \/>\n\t<meta name=\"twitter:data1\" content=\"4 minutes\" \/>\n<script type=\"application\/ld+json\" class=\"yoast-schema-graph\">{\"@context\":\"https:\/\/schema.org\",\"@graph\":[{\"@type\":\"WebPage\",\"@id\":\"https:\/\/geoclimate.ge\/fr\/produit\/ultrasonic-anemometer-thies-3d-heating-in-arms-and-sensor-head\/\",\"url\":\"https:\/\/geoclimate.ge\/fr\/produit\/ultrasonic-anemometer-thies-3d-heating-in-arms-and-sensor-head\/\",\"name\":\"An\u00e9mom\u00e8tre \u00e0 ultrasons Thies 3D - Chauffage des bras et de la t\u00eate de capteur - GeoClimate.ge\",\"isPartOf\":{\"@id\":\"https:\/\/geoclimate.ge\/#website\"},\"primaryImageOfPage\":{\"@id\":\"https:\/\/geoclimate.ge\/fr\/produit\/ultrasonic-anemometer-thies-3d-heating-in-arms-and-sensor-head\/#primaryimage\"},\"image\":{\"@id\":\"https:\/\/geoclimate.ge\/fr\/produit\/ultrasonic-anemometer-thies-3d-heating-in-arms-and-sensor-head\/#primaryimage\"},\"thumbnailUrl\":\"https:\/\/geoclimate.ge\/wp-content\/uploads\/2025\/05\/ultrasonic-thies-3d.png__490x490_q85_crop_subsampling-2_upscale-1.png\",\"datePublished\":\"2025-05-11T12:03:02+00:00\",\"dateModified\":\"2025-05-11T12:13:04+00:00\",\"breadcrumb\":{\"@id\":\"https:\/\/geoclimate.ge\/fr\/produit\/ultrasonic-anemometer-thies-3d-heating-in-arms-and-sensor-head\/#breadcrumb\"},\"inLanguage\":\"fr-FR\",\"potentialAction\":[{\"@type\":\"ReadAction\",\"target\":[\"https:\/\/geoclimate.ge\/fr\/produit\/ultrasonic-anemometer-thies-3d-heating-in-arms-and-sensor-head\/\"]}]},{\"@type\":\"ImageObject\",\"inLanguage\":\"fr-FR\",\"@id\":\"https:\/\/geoclimate.ge\/fr\/produit\/ultrasonic-anemometer-thies-3d-heating-in-arms-and-sensor-head\/#primaryimage\",\"url\":\"https:\/\/geoclimate.ge\/wp-content\/uploads\/2025\/05\/ultrasonic-thies-3d.png__490x490_q85_crop_subsampling-2_upscale-1.png\",\"contentUrl\":\"https:\/\/geoclimate.ge\/wp-content\/uploads\/2025\/05\/ultrasonic-thies-3d.png__490x490_q85_crop_subsampling-2_upscale-1.png\",\"width\":490,\"height\":490},{\"@type\":\"BreadcrumbList\",\"@id\":\"https:\/\/geoclimate.ge\/fr\/produit\/ultrasonic-anemometer-thies-3d-heating-in-arms-and-sensor-head\/#breadcrumb\",\"itemListElement\":[{\"@type\":\"ListItem\",\"position\":1,\"name\":\"Home\",\"item\":\"https:\/\/geoclimate.ge\/fr\/\"},{\"@type\":\"ListItem\",\"position\":2,\"name\":\"Products\",\"item\":\"https:\/\/geoclimate.ge\/fr\/products\/\"},{\"@type\":\"ListItem\",\"position\":3,\"name\":\"An\u00e9mom\u00e8tre \u00e0 ultrasons Thies 3D &#8211; Chauffage des bras et de la t\u00eate de capteur\"}]},{\"@type\":\"WebSite\",\"@id\":\"https:\/\/geoclimate.ge\/#website\",\"url\":\"https:\/\/geoclimate.ge\/\",\"name\":\"GeoClimate\",\"description\":\"\",\"publisher\":{\"@id\":\"https:\/\/geoclimate.ge\/#organization\"},\"potentialAction\":[{\"@type\":\"SearchAction\",\"target\":{\"@type\":\"EntryPoint\",\"urlTemplate\":\"https:\/\/geoclimate.ge\/?s={search_term_string}\"},\"query-input\":{\"@type\":\"PropertyValueSpecification\",\"valueRequired\":true,\"valueName\":\"search_term_string\"}}],\"inLanguage\":\"fr-FR\"},{\"@type\":\"Organization\",\"@id\":\"https:\/\/geoclimate.ge\/#organization\",\"name\":\"GeoClimate\",\"url\":\"https:\/\/geoclimate.ge\/\",\"logo\":{\"@type\":\"ImageObject\",\"inLanguage\":\"fr-FR\",\"@id\":\"https:\/\/geoclimate.ge\/#\/schema\/logo\/image\/\",\"url\":\"https:\/\/geoclimate.ge\/wp-content\/uploads\/2026\/03\/geoclimate-SEO.png\",\"contentUrl\":\"https:\/\/geoclimate.ge\/wp-content\/uploads\/2026\/03\/geoclimate-SEO.png\",\"width\":1536,\"height\":1024,\"caption\":\"GeoClimate\"},\"image\":{\"@id\":\"https:\/\/geoclimate.ge\/#\/schema\/logo\/image\/\"}}]}<\/script>\n<!-- \/ Yoast SEO plugin. -->","yoast_head_json":{"title":"An\u00e9mom\u00e8tre \u00e0 ultrasons Thies 3D - Chauffage des bras et de la t\u00eate de capteur - GeoClimate.ge","robots":{"index":"index","follow":"follow","max-snippet":"max-snippet:-1","max-image-preview":"max-image-preview:large","max-video-preview":"max-video-preview:-1"},"canonical":"https:\/\/geoclimate.ge\/fr\/produit\/ultrasonic-anemometer-thies-3d-heating-in-arms-and-sensor-head\/","og_locale":"fr_FR","og_type":"article","og_title":"An\u00e9mom\u00e8tre \u00e0 ultrasons Thies 3D - Chauffage des bras et de la t\u00eate de capteur - GeoClimate.ge","og_description":"Num\u00e9ro de commande S83100H  Classifi\u00e9 selon la norme CEI 61400-12-1:2017 Mesure de la direction et de la vitesse du vent en 3 dimensions X, Y et Z Mesure en temps r\u00e9el Pr\u00e9cision maximale, sans entretien et chauffable Sorties et entr\u00e9es num\u00e9riques\/analogiques","og_url":"https:\/\/geoclimate.ge\/fr\/produit\/ultrasonic-anemometer-thies-3d-heating-in-arms-and-sensor-head\/","og_site_name":"GeoClimate.ge","article_modified_time":"2025-05-11T12:13:04+00:00","og_image":[{"width":490,"height":490,"url":"https:\/\/geoclimate.ge\/wp-content\/uploads\/2025\/05\/ultrasonic-thies-3d.png__490x490_q85_crop_subsampling-2_upscale-1.png","type":"image\/png"}],"twitter_card":"summary_large_image","twitter_misc":{"Dur\u00e9e de lecture estim\u00e9e":"4 minutes"},"schema":{"@context":"https:\/\/schema.org","@graph":[{"@type":"WebPage","@id":"https:\/\/geoclimate.ge\/fr\/produit\/ultrasonic-anemometer-thies-3d-heating-in-arms-and-sensor-head\/","url":"https:\/\/geoclimate.ge\/fr\/produit\/ultrasonic-anemometer-thies-3d-heating-in-arms-and-sensor-head\/","name":"An\u00e9mom\u00e8tre \u00e0 ultrasons Thies 3D - Chauffage des bras et de la t\u00eate de capteur - GeoClimate.ge","isPartOf":{"@id":"https:\/\/geoclimate.ge\/#website"},"primaryImageOfPage":{"@id":"https:\/\/geoclimate.ge\/fr\/produit\/ultrasonic-anemometer-thies-3d-heating-in-arms-and-sensor-head\/#primaryimage"},"image":{"@id":"https:\/\/geoclimate.ge\/fr\/produit\/ultrasonic-anemometer-thies-3d-heating-in-arms-and-sensor-head\/#primaryimage"},"thumbnailUrl":"https:\/\/geoclimate.ge\/wp-content\/uploads\/2025\/05\/ultrasonic-thies-3d.png__490x490_q85_crop_subsampling-2_upscale-1.png","datePublished":"2025-05-11T12:03:02+00:00","dateModified":"2025-05-11T12:13:04+00:00","breadcrumb":{"@id":"https:\/\/geoclimate.ge\/fr\/produit\/ultrasonic-anemometer-thies-3d-heating-in-arms-and-sensor-head\/#breadcrumb"},"inLanguage":"fr-FR","potentialAction":[{"@type":"ReadAction","target":["https:\/\/geoclimate.ge\/fr\/produit\/ultrasonic-anemometer-thies-3d-heating-in-arms-and-sensor-head\/"]}]},{"@type":"ImageObject","inLanguage":"fr-FR","@id":"https:\/\/geoclimate.ge\/fr\/produit\/ultrasonic-anemometer-thies-3d-heating-in-arms-and-sensor-head\/#primaryimage","url":"https:\/\/geoclimate.ge\/wp-content\/uploads\/2025\/05\/ultrasonic-thies-3d.png__490x490_q85_crop_subsampling-2_upscale-1.png","contentUrl":"https:\/\/geoclimate.ge\/wp-content\/uploads\/2025\/05\/ultrasonic-thies-3d.png__490x490_q85_crop_subsampling-2_upscale-1.png","width":490,"height":490},{"@type":"BreadcrumbList","@id":"https:\/\/geoclimate.ge\/fr\/produit\/ultrasonic-anemometer-thies-3d-heating-in-arms-and-sensor-head\/#breadcrumb","itemListElement":[{"@type":"ListItem","position":1,"name":"Home","item":"https:\/\/geoclimate.ge\/fr\/"},{"@type":"ListItem","position":2,"name":"Products","item":"https:\/\/geoclimate.ge\/fr\/products\/"},{"@type":"ListItem","position":3,"name":"An\u00e9mom\u00e8tre \u00e0 ultrasons Thies 3D &#8211; Chauffage des bras et de la t\u00eate de capteur"}]},{"@type":"WebSite","@id":"https:\/\/geoclimate.ge\/#website","url":"https:\/\/geoclimate.ge\/","name":"GeoClimate","description":"","publisher":{"@id":"https:\/\/geoclimate.ge\/#organization"},"potentialAction":[{"@type":"SearchAction","target":{"@type":"EntryPoint","urlTemplate":"https:\/\/geoclimate.ge\/?s={search_term_string}"},"query-input":{"@type":"PropertyValueSpecification","valueRequired":true,"valueName":"search_term_string"}}],"inLanguage":"fr-FR"},{"@type":"Organization","@id":"https:\/\/geoclimate.ge\/#organization","name":"GeoClimate","url":"https:\/\/geoclimate.ge\/","logo":{"@type":"ImageObject","inLanguage":"fr-FR","@id":"https:\/\/geoclimate.ge\/#\/schema\/logo\/image\/","url":"https:\/\/geoclimate.ge\/wp-content\/uploads\/2026\/03\/geoclimate-SEO.png","contentUrl":"https:\/\/geoclimate.ge\/wp-content\/uploads\/2026\/03\/geoclimate-SEO.png","width":1536,"height":1024,"caption":"GeoClimate"},"image":{"@id":"https:\/\/geoclimate.ge\/#\/schema\/logo\/image\/"}}]}},"_links":{"self":[{"href":"https:\/\/geoclimate.ge\/fr\/wp-json\/wp\/v2\/product\/31214","targetHints":{"allow":["GET"]}}],"collection":[{"href":"https:\/\/geoclimate.ge\/fr\/wp-json\/wp\/v2\/product"}],"about":[{"href":"https:\/\/geoclimate.ge\/fr\/wp-json\/wp\/v2\/types\/product"}],"wp:featuredmedia":[{"embeddable":true,"href":"https:\/\/geoclimate.ge\/fr\/wp-json\/wp\/v2\/media\/31196"}],"wp:attachment":[{"href":"https:\/\/geoclimate.ge\/fr\/wp-json\/wp\/v2\/media?parent=31214"}],"wp:term":[{"taxonomy":"product_brand","embeddable":true,"href":"https:\/\/geoclimate.ge\/fr\/wp-json\/wp\/v2\/product_brand?post=31214"},{"taxonomy":"product_cat","embeddable":true,"href":"https:\/\/geoclimate.ge\/fr\/wp-json\/wp\/v2\/product_cat?post=31214"},{"taxonomy":"product_tag","embeddable":true,"href":"https:\/\/geoclimate.ge\/fr\/wp-json\/wp\/v2\/product_tag?post=31214"}],"curies":[{"name":"wp","href":"https:\/\/api.w.org\/{rel}","templated":true}]}}