{"id":31536,"date":"2025-05-14T23:15:24","date_gmt":"2025-05-14T19:15:24","guid":{"rendered":"https:\/\/airsystems.ge\/shop\/product\/solar-monitoring-station-eko-ms-90\/"},"modified":"2025-05-14T23:24:34","modified_gmt":"2025-05-14T19:24:34","slug":"solar-monitoring-station-eko-ms-90","status":"publish","type":"product","link":"https:\/\/geoclimate.ge\/fr\/produit\/solar-monitoring-station-eko-ms-90\/","title":{"rendered":"Station de surveillance solaire EKO MS-90+"},"content":{"rendered":"<p>La station de surveillance solaire EKO MS-90+ est un syst\u00e8me \u00e9conomique combinant le capteur DNI EKO MS-90 et le pyranom\u00e8tre EKO MS-80S pour les donn\u00e9es DNI, GHI et DHI sans suiveur solaire.<\/p>\n<p>Ces deux instruments sont connect\u00e9s via l&rsquo;interface de traitement Modbus EKO C-Box \u00e0 un r\u00e9cepteur GPS et \u00e0 une unit\u00e9 de traitement.<\/p>\n<p>La station mesure avec pr\u00e9cision le DNI et le GHI et calcule l&rsquo;irradiance diffuse (DHI) \u00e0 partir des donn\u00e9es de mesure et de la position du soleil.<\/p>\n<p>L&rsquo;EKO C-Box est livr\u00e9e avec un c\u00e2ble de 10 m, tandis que le capteur est \u00e9quip\u00e9 d&rsquo;un c\u00e2ble de 1,5 m pour se connecter \u00e0 la C-Box.<\/p>\n<p>La station fournit un signal de sortie num\u00e9rique (RS-485 Modbus RTU) et se connecte facilement \u00e0 divers syst\u00e8mes d&rsquo;acquisition de donn\u00e9es pour les projets d&rsquo;\u00e9nergie solaire et les stations m\u00e9t\u00e9orologiques (enregistreurs de donn\u00e9es, onduleurs, SCADA, etc.). Elle peut \u00e9galement \u00eatre connect\u00e9e \u00e0 un PC. Le capteur DNI EKO MS-90 offre une large r\u00e9ponse spectrale (300-2500 nm) et est \u00e9talonn\u00e9 en ext\u00e9rieur avec un pyrh\u00e9liom\u00e8tre.<\/p>\n<p><img decoding=\"async\" class=\"img-fluid\" src=\"https:\/\/www.ammonit.com\/media\/filer_public_thumbnails\/filer_public\/c8\/41\/c8417e66-d3b3-438e-b60a-af073db3f1fd\/solar_monitoring_station_eko_ms-90_s64190_overview.png__297x163_q85_subsampling-2.png\" alt=\"\" \/><\/p>\n<p>&nbsp;<\/p>\n<h2>Interface de traitement Modbus C-Box EKO<\/h2>\n<p><img decoding=\"async\" class=\"img-fluid\" src=\"https:\/\/www.ammonit.com\/media\/filer_public_thumbnails\/filer_public\/1a\/8b\/1a8be5e8-fa90-4742-9aac-9cd41c1645cb\/c-box_modbus_processing_interface-front_-_kopie.png__133x95_q85_subsampling-2.png\" alt=\"\" \/><\/p>\n<p>L&rsquo;interface de traitement Modbus C-Box offre diff\u00e9rentes fonctions pour le contr\u00f4le et le traitement des donn\u00e9es de diff\u00e9rents capteurs EKO.<\/p>\n<p>Combin\u00e9e au capteur DNI EKO MS-90, la sortie puls\u00e9e peut \u00eatre convertie en tension continue ou en signal RS-485 Modbus RTU. Un pyranom\u00e8tre suppl\u00e9mentaire et un r\u00e9cepteur GPS en option permettent de configurer un syst\u00e8me cl\u00e9 en main pour mesurer les valeurs DNI, GHI et DHI via Modbus.<\/p>\n<p>Ce dispositif d\u00e9tecte et convertit les pics de tension analogiques de sortie du capteur DNI EKO MS-90 correspondant \u00e0 la valeur DNI. Il transmet et re\u00e7oit ensuite les donn\u00e9es via une communication s\u00e9rie.<\/p>\n<p>Compatible avec la communication RS-485, il est possible de le connecter \u00e0 des dispositifs de surveillance photovolta\u00efque dot\u00e9s de cette fonction. En r\u00e9glant la sensibilit\u00e9 du pyranom\u00e8tre sur le convertisseur de signal, le signal de tension de sortie peut \u00eatre converti en irradiation solaire.<\/p>\n<p>Le convertisseur de signal est int\u00e9gr\u00e9 dans un bo\u00eetier IP65 pour une installation en ext\u00e9rieur. Les param\u00e8tres de mesure et de communication peuvent \u00eatre modifi\u00e9s \u00e0 l&rsquo;aide du logiciel de configuration.<\/p>\n<h2>Capteur DNI EKO MS-90<\/h2>\n<p><img decoding=\"async\" class=\"img-fluid\" src=\"https:\/\/www.ammonit.com\/media\/filer_public_thumbnails\/filer_public\/77\/1b\/771b5413-3e5f-4b2b-8e0b-b5526c43bc88\/eko-ms-90_-_kopie.jpg__80x80_q85_subsampling-2.jpg\" alt=\"\" \/><\/p>\n<p>Le capteur DNI EKO MS-90 mesure l&rsquo;irradiation normale directe (DNI) sans suiveur solaire.<\/p>\n<p>Il est \u00e9quip\u00e9 d&rsquo;un miroir rotatif qui r\u00e9fl\u00e9chit uniquement le rayonnement solaire sur un d\u00e9tecteur thermique.<\/p>\n<p>Le capteur DNI EKO MS-90 peut \u00eatre utilis\u00e9 avec n&rsquo;importe quel pyranom\u00e8tre pour mesurer l&rsquo;irradiation normale directe et l&rsquo;irradiation horizontale globale (GHI). Il est ainsi possible de calculer l&rsquo;irradiation horizontale diffuse (DHI).<\/p>\n<h2>Solar Monitoring Station EKO MS-90+<\/h2>\n<table border=\"1\" width=\"631\" cellspacing=\"1\" cellpadding=\"1\">\n<thead>\n<tr>\n<th scope=\"col\">Characteristic<\/th>\n<th scope=\"col\">Description<\/th>\n<\/tr>\n<\/thead>\n<tbody>\n<tr>\n<td>Classification<\/td>\n<td>ISO 9060:2018<br \/>\nClass C (DNI) + Class A (GHI, DHI)<\/td>\n<\/tr>\n<tr>\n<td>Output<\/td>\n<td>DNI, GHI, DHI (RS-485 Modbus RTU)<\/td>\n<\/tr>\n<tr>\n<td>Temperature response<br \/>\n-20\u00b0C \u2026 +40\u00b0C<\/td>\n<td>\u00b1 5 %<\/td>\n<\/tr>\n<tr>\n<td>Non-linearity<\/td>\n<td>\u00b1 2.5 %<\/td>\n<\/tr>\n<tr>\n<td>Operating temperature range<\/td>\n<td>-20 \u2026 +50 \u00b0C<\/td>\n<\/tr>\n<tr>\n<td>Wavelength range<\/td>\n<td>300 &#8211; 2500 nm (50% points)<\/td>\n<\/tr>\n<tr>\n<td>Power supply<\/td>\n<td>10.5 &#8211; 12.5 VDC<\/td>\n<\/tr>\n<tr>\n<td>Dimensions mm<\/td>\n<td>350 (W) x 250 (L) x 200 (H) incl. optional base plate)<\/td>\n<\/tr>\n<tr>\n<td>Weight<\/td>\n<td>2.5 kg<\/td>\n<\/tr>\n<tr>\n<td>Ingress protection<\/td>\n<td>IP 67<\/td>\n<\/tr>\n<tr>\n<td>Cable length<\/td>\n<td>10 m<\/td>\n<\/tr>\n<tr>\n<td>Geographic application<\/td>\n<td>Lattitude (-58\u00ba \u2026 +58\u00ba ) \/ Longitude (0\u00ba &#8212; +360\u00ba)<\/td>\n<\/tr>\n<tr>\n<td>Power consumption<\/td>\n<td>&lt; 6 W<\/td>\n<\/tr>\n<tr>\n<td>Warranty<\/td>\n<td>5 years<\/td>\n<\/tr>\n<tr>\n<td>Manufacturer<\/td>\n<td>EKO Instruments<\/td>\n<\/tr>\n<\/tbody>\n<\/table>\n<h2>C-Box Modbus Processing interface EKO<\/h2>\n<table border=\"1\" width=\"614\" cellspacing=\"1\" cellpadding=\"1\">\n<thead>\n<tr>\n<th scope=\"col\">Characteristic<\/th>\n<th colspan=\"2\" scope=\"col\">Description<\/th>\n<\/tr>\n<tr>\n<td>Communication interface<\/td>\n<td colspan=\"2\">RS-485 Modbus RTU<\/td>\n<\/tr>\n<tr>\n<td>Channels<\/td>\n<td colspan=\"2\">2 units<\/td>\n<\/tr>\n<tr>\n<td>Functions<\/td>\n<td colspan=\"2\">DNI, GHI, DHI processing<\/td>\n<\/tr>\n<tr>\n<td>Operating temperature range<\/td>\n<td colspan=\"2\">-40 \u2026 +80 \u00b0C<\/td>\n<\/tr>\n<tr>\n<td>Voltage range<\/td>\n<td colspan=\"2\">12 V<\/td>\n<\/tr>\n<tr>\n<td>Power consumption<\/td>\n<td colspan=\"2\">&lt; 1 W<\/td>\n<\/tr>\n<tr>\n<td>Average Power Consumption<\/td>\n<td colspan=\"2\">0.5 W<\/td>\n<\/tr>\n<tr>\n<td>Power Supply<\/td>\n<td colspan=\"2\">12 VDC \u00b1 10%\u00a0 (Note: Supply voltage critical for MS-90)<\/td>\n<\/tr>\n<tr>\n<td>Protection<\/td>\n<td colspan=\"2\">IP 65<\/td>\n<\/tr>\n<tr>\n<td>Dimension (W x L x H)<\/td>\n<td colspan=\"2\">125 x 60 x 80 mm<\/td>\n<\/tr>\n<tr>\n<td>Weight (without cable)<\/td>\n<td colspan=\"2\">0.5 kg<\/td>\n<\/tr>\n<tr>\n<td rowspan=\"2\">Input Signals<\/td>\n<td>EKO MS-90 DNI sensor<\/td>\n<td>Analog pulse 0 .. 2 V<\/td>\n<\/tr>\n<tr>\n<td>EKO MS-80S pyranometer<\/td>\n<td>RS-485 Modbus RTU<\/td>\n<\/tr>\n<tr>\n<td>Warranty<\/td>\n<td colspan=\"2\">5 years<\/td>\n<\/tr>\n<tr>\n<td>Manufacturer<\/td>\n<td colspan=\"2\">EKO Instruments<\/td>\n<\/tr>\n<tr>\n<td>C-Box system Specification<\/td>\n<td colspan=\"2\"><\/td>\n<\/tr>\n<tr>\n<td rowspan=\"2\">Input parameters<\/td>\n<td>EKO MS-90 DNI sensor<\/td>\n<td>DNI<\/td>\n<\/tr>\n<tr>\n<td>EKO MS-80S pyranometer<\/td>\n<td>GHI<\/td>\n<\/tr>\n<tr>\n<td>Output parameters<\/td>\n<td colspan=\"2\">DNI \/ GHI \/ DHI<br \/>\n(Meta data T, RH, Tilt, Long \/ Lat position, Solar Position, Time)<\/td>\n<\/tr>\n<tr>\n<td>Sampling<\/td>\n<td colspan=\"2\">1 s (15 s DNI)<\/td>\n<\/tr>\n<tr>\n<td>Irradiance range DNI (Measured)<\/td>\n<td colspan=\"2\">120 \u2026 1600 W\/m\u00b2<\/td>\n<\/tr>\n<tr>\n<td>Irradiance range GHI (Measured)<\/td>\n<td colspan=\"2\">0 \u2026 1600 W\/m\u00b2<\/td>\n<\/tr>\n<tr>\n<td>Irradiance range DHI (Calculated)<\/td>\n<td colspan=\"2\">0 \u2026 500 W\/m\u00b2<br \/>\n(DHI = GHI when DNI &lt; 120 W\/m\u00b2)<\/td>\n<\/tr>\n<\/thead>\n<\/table>\n<h2>DNI Sensor EKO MS-90<\/h2>\n<table border=\"1\" width=\"609\" cellspacing=\"1\" cellpadding=\"1\">\n<thead>\n<tr>\n<th scope=\"col\"><span style=\"font-weight: 400;\">Characteristic<\/span><\/th>\n<th scope=\"col\"><span style=\"font-weight: 400;\">Description<\/span><\/th>\n<\/tr>\n<\/thead>\n<tbody>\n<tr>\n<td>Classification<\/td>\n<td>ISO 9060:2018<\/td>\n<\/tr>\n<tr>\n<td>Sensitivity<\/td>\n<td>1.785 \u00b5V\/W\/m\u00b2<\/td>\n<\/tr>\n<tr>\n<td>Spectral range<\/td>\n<td>300 \u2026 2700 nm<\/td>\n<\/tr>\n<tr>\n<td>Operating temperature<\/td>\n<td>-20 &#8230; +50 \u00b0C<\/td>\n<\/tr>\n<tr>\n<td>Power supply<\/td>\n<td>10.5 \u2026 12.5 V DC<\/td>\n<\/tr>\n<tr>\n<td>Output<\/td>\n<td>0 &#8211; 2V (Pulse)<\/td>\n<\/tr>\n<tr>\n<td>Non-linearity<\/td>\n<td>\u00b12.5 %<\/td>\n<\/tr>\n<tr>\n<td>Wavelength range<\/td>\n<td>300 &#8211; 2500 nm (50% points)<\/td>\n<\/tr>\n<tr>\n<td>Geographic application<\/td>\n<td>Lattitude (-58\u00ba to 58\u00ba ) \/ Longitude (0\u00ba to 360\u00ba)<\/td>\n<\/tr>\n<tr>\n<td>Power consumption<\/td>\n<td>&lt; 5 W<\/td>\n<\/tr>\n<tr>\n<td>Protection<\/td>\n<td>IP67<\/td>\n<\/tr>\n<tr>\n<td>Dimension (W x L x H)<\/td>\n<td>350 x 250 x 200 mm (incl. optional base plate)<\/td>\n<\/tr>\n<tr>\n<td>Weight (without cable)<\/td>\n<td>2.5 kg<\/td>\n<\/tr>\n<tr>\n<td>Cable length<\/td>\n<td>10 m<\/td>\n<\/tr>\n<tr>\n<td><\/td>\n<td><\/td>\n<\/tr>\n<tr>\n<td>Options<\/td>\n<td><\/td>\n<\/tr>\n<tr>\n<td>Cable length<\/td>\n<td>20 \/ 30 \/ 50 m<\/td>\n<\/tr>\n<tr>\n<td>Base plate<\/td>\n<td>350 x 250 \/ levelling feet mm<\/td>\n<\/tr>\n<tr>\n<td>Power supply<\/td>\n<td>100 to 240 VAC \/ 12VDC \/ 200 x 140 x 80 mm \/ 2.5 kg<\/td>\n<\/tr>\n<tr>\n<td><\/td>\n<td><\/td>\n<\/tr>\n<tr>\n<td>Warranty<\/td>\n<td>5 years<\/td>\n<\/tr>\n<tr>\n<td>Manufacturer<\/td>\n<td>EKO Instruments<\/td>\n<\/tr>\n<\/tbody>\n<\/table>\n","protected":false},"excerpt":{"rendered":"<p><strong>R\u00e9f\u00e9rence de commande<\/strong><br \/>\nS64190<\/p>\n","protected":false},"featured_media":31519,"template":"","meta":[],"product_brand":[],"product_cat":[1470,1335,1482],"product_tag":[],"class_list":{"0":"post-31536","1":"product","2":"type-product","3":"status-publish","4":"has-post-thumbnail","6":"product_cat-capteur-solaire","7":"product_cat-energies-renouvelables-mesure-de-lenergie-eolienne-et-solaire-fr","8":"product_cat-systeme-de-suivi-du-soleil","10":"first","11":"instock","12":"shipping-taxable","13":"product-type-simple"},"yoast_head":"<!-- This site is optimized with the Yoast SEO plugin v27.1.1 - https:\/\/yoast.com\/product\/yoast-seo-wordpress\/ -->\n<title>Station de surveillance solaire EKO MS-90+ - GeoClimate.ge<\/title>\n<meta name=\"robots\" content=\"index, follow, max-snippet:-1, max-image-preview:large, max-video-preview:-1\" \/>\n<link rel=\"canonical\" href=\"https:\/\/geoclimate.ge\/fr\/produit\/solar-monitoring-station-eko-ms-90\/\" \/>\n<meta property=\"og:locale\" content=\"fr_FR\" \/>\n<meta property=\"og:type\" content=\"article\" \/>\n<meta property=\"og:title\" content=\"Station de surveillance solaire EKO MS-90+ - GeoClimate.ge\" \/>\n<meta property=\"og:description\" content=\"R\u00e9f\u00e9rence de commande S64190\" \/>\n<meta property=\"og:url\" content=\"https:\/\/geoclimate.ge\/fr\/produit\/solar-monitoring-station-eko-ms-90\/\" \/>\n<meta property=\"og:site_name\" content=\"GeoClimate.ge\" \/>\n<meta property=\"article:modified_time\" content=\"2025-05-14T19:24:34+00:00\" \/>\n<meta property=\"og:image\" content=\"https:\/\/geoclimate.ge\/wp-content\/uploads\/2025\/05\/eko-ms90.png__490x490_q85_crop_subsampling-2_upscale.jpg\" \/>\n\t<meta property=\"og:image:width\" content=\"490\" \/>\n\t<meta property=\"og:image:height\" content=\"490\" \/>\n\t<meta property=\"og:image:type\" content=\"image\/jpeg\" \/>\n<meta name=\"twitter:card\" content=\"summary_large_image\" \/>\n<meta name=\"twitter:label1\" content=\"Dur\u00e9e de lecture estim\u00e9e\" \/>\n\t<meta name=\"twitter:data1\" content=\"4 minutes\" \/>\n<script type=\"application\/ld+json\" class=\"yoast-schema-graph\">{\"@context\":\"https:\/\/schema.org\",\"@graph\":[{\"@type\":\"WebPage\",\"@id\":\"https:\/\/geoclimate.ge\/fr\/produit\/solar-monitoring-station-eko-ms-90\/\",\"url\":\"https:\/\/geoclimate.ge\/fr\/produit\/solar-monitoring-station-eko-ms-90\/\",\"name\":\"Station de surveillance solaire EKO MS-90+ - GeoClimate.ge\",\"isPartOf\":{\"@id\":\"https:\/\/geoclimate.ge\/#website\"},\"primaryImageOfPage\":{\"@id\":\"https:\/\/geoclimate.ge\/fr\/produit\/solar-monitoring-station-eko-ms-90\/#primaryimage\"},\"image\":{\"@id\":\"https:\/\/geoclimate.ge\/fr\/produit\/solar-monitoring-station-eko-ms-90\/#primaryimage\"},\"thumbnailUrl\":\"https:\/\/geoclimate.ge\/wp-content\/uploads\/2025\/05\/eko-ms90.png__490x490_q85_crop_subsampling-2_upscale.jpg\",\"datePublished\":\"2025-05-14T19:15:24+00:00\",\"dateModified\":\"2025-05-14T19:24:34+00:00\",\"breadcrumb\":{\"@id\":\"https:\/\/geoclimate.ge\/fr\/produit\/solar-monitoring-station-eko-ms-90\/#breadcrumb\"},\"inLanguage\":\"fr-FR\",\"potentialAction\":[{\"@type\":\"ReadAction\",\"target\":[\"https:\/\/geoclimate.ge\/fr\/produit\/solar-monitoring-station-eko-ms-90\/\"]}]},{\"@type\":\"ImageObject\",\"inLanguage\":\"fr-FR\",\"@id\":\"https:\/\/geoclimate.ge\/fr\/produit\/solar-monitoring-station-eko-ms-90\/#primaryimage\",\"url\":\"https:\/\/geoclimate.ge\/wp-content\/uploads\/2025\/05\/eko-ms90.png__490x490_q85_crop_subsampling-2_upscale.jpg\",\"contentUrl\":\"https:\/\/geoclimate.ge\/wp-content\/uploads\/2025\/05\/eko-ms90.png__490x490_q85_crop_subsampling-2_upscale.jpg\",\"width\":490,\"height\":490},{\"@type\":\"BreadcrumbList\",\"@id\":\"https:\/\/geoclimate.ge\/fr\/produit\/solar-monitoring-station-eko-ms-90\/#breadcrumb\",\"itemListElement\":[{\"@type\":\"ListItem\",\"position\":1,\"name\":\"Home\",\"item\":\"https:\/\/geoclimate.ge\/fr\/\"},{\"@type\":\"ListItem\",\"position\":2,\"name\":\"Products\",\"item\":\"https:\/\/geoclimate.ge\/fr\/products\/\"},{\"@type\":\"ListItem\",\"position\":3,\"name\":\"Station de surveillance solaire EKO MS-90+\"}]},{\"@type\":\"WebSite\",\"@id\":\"https:\/\/geoclimate.ge\/#website\",\"url\":\"https:\/\/geoclimate.ge\/\",\"name\":\"GeoClimate\",\"description\":\"\",\"publisher\":{\"@id\":\"https:\/\/geoclimate.ge\/#organization\"},\"potentialAction\":[{\"@type\":\"SearchAction\",\"target\":{\"@type\":\"EntryPoint\",\"urlTemplate\":\"https:\/\/geoclimate.ge\/?s={search_term_string}\"},\"query-input\":{\"@type\":\"PropertyValueSpecification\",\"valueRequired\":true,\"valueName\":\"search_term_string\"}}],\"inLanguage\":\"fr-FR\"},{\"@type\":\"Organization\",\"@id\":\"https:\/\/geoclimate.ge\/#organization\",\"name\":\"GeoClimate\",\"url\":\"https:\/\/geoclimate.ge\/\",\"logo\":{\"@type\":\"ImageObject\",\"inLanguage\":\"fr-FR\",\"@id\":\"https:\/\/geoclimate.ge\/#\/schema\/logo\/image\/\",\"url\":\"https:\/\/geoclimate.ge\/wp-content\/uploads\/2026\/03\/geoclimate-SEO.png\",\"contentUrl\":\"https:\/\/geoclimate.ge\/wp-content\/uploads\/2026\/03\/geoclimate-SEO.png\",\"width\":1536,\"height\":1024,\"caption\":\"GeoClimate\"},\"image\":{\"@id\":\"https:\/\/geoclimate.ge\/#\/schema\/logo\/image\/\"}}]}<\/script>\n<!-- \/ Yoast SEO plugin. -->","yoast_head_json":{"title":"Station de surveillance solaire EKO MS-90+ - GeoClimate.ge","robots":{"index":"index","follow":"follow","max-snippet":"max-snippet:-1","max-image-preview":"max-image-preview:large","max-video-preview":"max-video-preview:-1"},"canonical":"https:\/\/geoclimate.ge\/fr\/produit\/solar-monitoring-station-eko-ms-90\/","og_locale":"fr_FR","og_type":"article","og_title":"Station de surveillance solaire EKO MS-90+ - GeoClimate.ge","og_description":"R\u00e9f\u00e9rence de commande S64190","og_url":"https:\/\/geoclimate.ge\/fr\/produit\/solar-monitoring-station-eko-ms-90\/","og_site_name":"GeoClimate.ge","article_modified_time":"2025-05-14T19:24:34+00:00","og_image":[{"width":490,"height":490,"url":"https:\/\/geoclimate.ge\/wp-content\/uploads\/2025\/05\/eko-ms90.png__490x490_q85_crop_subsampling-2_upscale.jpg","type":"image\/jpeg"}],"twitter_card":"summary_large_image","twitter_misc":{"Dur\u00e9e de lecture estim\u00e9e":"4 minutes"},"schema":{"@context":"https:\/\/schema.org","@graph":[{"@type":"WebPage","@id":"https:\/\/geoclimate.ge\/fr\/produit\/solar-monitoring-station-eko-ms-90\/","url":"https:\/\/geoclimate.ge\/fr\/produit\/solar-monitoring-station-eko-ms-90\/","name":"Station de surveillance solaire EKO MS-90+ - GeoClimate.ge","isPartOf":{"@id":"https:\/\/geoclimate.ge\/#website"},"primaryImageOfPage":{"@id":"https:\/\/geoclimate.ge\/fr\/produit\/solar-monitoring-station-eko-ms-90\/#primaryimage"},"image":{"@id":"https:\/\/geoclimate.ge\/fr\/produit\/solar-monitoring-station-eko-ms-90\/#primaryimage"},"thumbnailUrl":"https:\/\/geoclimate.ge\/wp-content\/uploads\/2025\/05\/eko-ms90.png__490x490_q85_crop_subsampling-2_upscale.jpg","datePublished":"2025-05-14T19:15:24+00:00","dateModified":"2025-05-14T19:24:34+00:00","breadcrumb":{"@id":"https:\/\/geoclimate.ge\/fr\/produit\/solar-monitoring-station-eko-ms-90\/#breadcrumb"},"inLanguage":"fr-FR","potentialAction":[{"@type":"ReadAction","target":["https:\/\/geoclimate.ge\/fr\/produit\/solar-monitoring-station-eko-ms-90\/"]}]},{"@type":"ImageObject","inLanguage":"fr-FR","@id":"https:\/\/geoclimate.ge\/fr\/produit\/solar-monitoring-station-eko-ms-90\/#primaryimage","url":"https:\/\/geoclimate.ge\/wp-content\/uploads\/2025\/05\/eko-ms90.png__490x490_q85_crop_subsampling-2_upscale.jpg","contentUrl":"https:\/\/geoclimate.ge\/wp-content\/uploads\/2025\/05\/eko-ms90.png__490x490_q85_crop_subsampling-2_upscale.jpg","width":490,"height":490},{"@type":"BreadcrumbList","@id":"https:\/\/geoclimate.ge\/fr\/produit\/solar-monitoring-station-eko-ms-90\/#breadcrumb","itemListElement":[{"@type":"ListItem","position":1,"name":"Home","item":"https:\/\/geoclimate.ge\/fr\/"},{"@type":"ListItem","position":2,"name":"Products","item":"https:\/\/geoclimate.ge\/fr\/products\/"},{"@type":"ListItem","position":3,"name":"Station de surveillance solaire EKO MS-90+"}]},{"@type":"WebSite","@id":"https:\/\/geoclimate.ge\/#website","url":"https:\/\/geoclimate.ge\/","name":"GeoClimate","description":"","publisher":{"@id":"https:\/\/geoclimate.ge\/#organization"},"potentialAction":[{"@type":"SearchAction","target":{"@type":"EntryPoint","urlTemplate":"https:\/\/geoclimate.ge\/?s={search_term_string}"},"query-input":{"@type":"PropertyValueSpecification","valueRequired":true,"valueName":"search_term_string"}}],"inLanguage":"fr-FR"},{"@type":"Organization","@id":"https:\/\/geoclimate.ge\/#organization","name":"GeoClimate","url":"https:\/\/geoclimate.ge\/","logo":{"@type":"ImageObject","inLanguage":"fr-FR","@id":"https:\/\/geoclimate.ge\/#\/schema\/logo\/image\/","url":"https:\/\/geoclimate.ge\/wp-content\/uploads\/2026\/03\/geoclimate-SEO.png","contentUrl":"https:\/\/geoclimate.ge\/wp-content\/uploads\/2026\/03\/geoclimate-SEO.png","width":1536,"height":1024,"caption":"GeoClimate"},"image":{"@id":"https:\/\/geoclimate.ge\/#\/schema\/logo\/image\/"}}]}},"_links":{"self":[{"href":"https:\/\/geoclimate.ge\/fr\/wp-json\/wp\/v2\/product\/31536","targetHints":{"allow":["GET"]}}],"collection":[{"href":"https:\/\/geoclimate.ge\/fr\/wp-json\/wp\/v2\/product"}],"about":[{"href":"https:\/\/geoclimate.ge\/fr\/wp-json\/wp\/v2\/types\/product"}],"wp:featuredmedia":[{"embeddable":true,"href":"https:\/\/geoclimate.ge\/fr\/wp-json\/wp\/v2\/media\/31519"}],"wp:attachment":[{"href":"https:\/\/geoclimate.ge\/fr\/wp-json\/wp\/v2\/media?parent=31536"}],"wp:term":[{"taxonomy":"product_brand","embeddable":true,"href":"https:\/\/geoclimate.ge\/fr\/wp-json\/wp\/v2\/product_brand?post=31536"},{"taxonomy":"product_cat","embeddable":true,"href":"https:\/\/geoclimate.ge\/fr\/wp-json\/wp\/v2\/product_cat?post=31536"},{"taxonomy":"product_tag","embeddable":true,"href":"https:\/\/geoclimate.ge\/fr\/wp-json\/wp\/v2\/product_tag?post=31536"}],"curies":[{"name":"wp","href":"https:\/\/api.w.org\/{rel}","templated":true}]}}