{"id":31669,"date":"2025-05-17T13:47:14","date_gmt":"2025-05-17T09:47:14","guid":{"rendered":"https:\/\/airsystems.ge\/shop\/product\/meteolaser-lidar\/"},"modified":"2025-05-17T14:02:09","modified_gmt":"2025-05-17T10:02:09","slug":"meteolaser-lidar","status":"publish","type":"product","link":"https:\/\/geoclimate.ge\/fr\/produit\/meteolaser-lidar\/","title":{"rendered":"MeteoLaser LiDAR"},"content":{"rendered":"<h3>Mesure mobile pour une large gamme d&rsquo;applications<\/h3>\n<p>Le MeteoLaser LiDAR mesure avec pr\u00e9cision la vitesse et la direction horizontales et verticales du vent jusqu&rsquo;\u00e0 300 m\u00e8tres. Il mesure la pression, la temp\u00e9rature et l&rsquo;humidit\u00e9 gr\u00e2ce au module de capteur PTH.<\/p>\n<p>Le MeteoLaser LiDAR peut \u00eatre utilis\u00e9<\/p>\n<p>pour l&rsquo;\u00e9valuation des ressources \u00e9oliennes,<br \/>\nle micro-implantation de parcs \u00e9oliens,<br \/>\nl&rsquo;\u00e9valuation de la performance \u00e9nerg\u00e9tique des \u00e9oliennes,<br \/>\nla surveillance des parcs \u00e9oliens,<br \/>\nles syst\u00e8mes de mesure \u00e9olienne offshore et autres applications n\u00e9cessitant des mesures mobiles du vent.<\/p>\n<p><img decoding=\"async\" class=\"img-fluid\" src=\"https:\/\/www.ammonit.com\/media\/filer_public_thumbnails\/filer_public\/6a\/f7\/6af7b75e-718d-4e4d-ba5f-b07522134b53\/ammonit_meteolaser_v2_principle.jpg__510x383_q85_subsampling-2.jpg\" alt=\"\" \/><\/p>\n<table border=\"1\" width=\"497\" cellspacing=\"1\" cellpadding=\"1\">\n<tbody>\n<tr>\n<td>Size<\/td>\n<td>\u00a0Length x width x height<\/td>\n<\/tr>\n<tr>\n<td>without packaging<\/td>\n<td>390 x 390 x 340 mm<\/td>\n<\/tr>\n<tr>\n<td>with packaging<\/td>\n<td>600 x 600 x 600 mm<\/td>\n<\/tr>\n<tr>\n<td>Weight<\/td>\n<td><\/td>\n<\/tr>\n<tr>\n<td>without packaging<\/td>\n<td>32 kg<\/td>\n<\/tr>\n<tr>\n<td>with packaging<\/td>\n<td>60 kg<\/td>\n<\/tr>\n<\/tbody>\n<\/table>\n<p>&nbsp;<\/p>\n<table border=\"1\" cellspacing=\"1\" cellpadding=\"1\">\n<thead>\n<tr>\n<th scope=\"col\">Type of LiDAR<\/th>\n<th scope=\"col\">Pulsed Doppler LiDAR<\/th>\n<\/tr>\n<\/thead>\n<tbody>\n<tr>\n<td>Number of laser beams<\/td>\n<td>4 laser beams (N, E, S, W)<\/td>\n<\/tr>\n<tr>\n<td>Angle of laser beam<\/td>\n<td>28\u00b0 to vertical<\/td>\n<\/tr>\n<tr>\n<td>Measurement range<\/td>\n<td>40 to 300 m<\/td>\n<\/tr>\n<tr>\n<td>Measurement heights<\/td>\n<td>12 heights<\/td>\n<\/tr>\n<tr>\n<td>Measurement cycle duration<\/td>\n<td>~0,8 s per beam,<br \/>\n~3,2 s for 4 beams<\/td>\n<\/tr>\n<tr>\n<td>Accuracy horizontal wind speed<\/td>\n<td>0.1 m\/s *<\/td>\n<\/tr>\n<tr>\n<td>Wind speed range<\/td>\n<td>0 to 80 m\/s<\/td>\n<\/tr>\n<tr>\n<td>Accuracy wind direction<\/td>\n<td>1\u00b0 *<\/td>\n<\/tr>\n<tr>\n<td>Power supply requirements<\/td>\n<td>18 to 32 V DC \/<br \/>\n93 to 263 V AC (50-60 Hz)<\/td>\n<\/tr>\n<tr>\n<td>Power consumption<\/td>\n<td>LiDAR alone: 30 W<br \/>\nWith cooling: 35 W<br \/>\nWith heating: 50-70 W<\/td>\n<\/tr>\n<tr>\n<td>Operating temperature range<\/td>\n<td>-40\u00b0 C to 60\u00b0 C<\/td>\n<\/tr>\n<tr>\n<td>Humidity range<\/td>\n<td>-0 % to 100 % RH<br \/>\n(non-sourced)<\/td>\n<\/tr>\n<tr>\n<td>Protection level<\/td>\n<td>IP 67<\/td>\n<\/tr>\n<tr>\n<td>Eye safety standard<\/td>\n<td>Class 1M IEC\/EN 60825-1<\/td>\n<\/tr>\n<tr>\n<td>Hardware interface<\/td>\n<td>4G-Router, Ethernet,<br \/>\nLaptop connection, USB for<br \/>\nGPS-tracking<\/td>\n<\/tr>\n<tr>\n<td>Data format (compressed)<\/td>\n<td>10 minutes files CSV files<br \/>\n1 second data CSV files<\/td>\n<\/tr>\n<tr>\n<td>Size of memory<\/td>\n<td>100 GB available for CSV files<\/td>\n<\/tr>\n<tr>\n<td>User interface for remote access<\/td>\n<td>Web application over AmmonitConnect<br \/>\n(SSH reverse Tunnel)<\/td>\n<\/tr>\n<tr>\n<td>Data transfer protocols<\/td>\n<td>Emails, FTP and SCP,<br \/>\nSFTP from AmmonitOR<\/td>\n<\/tr>\n<tr>\n<td>Data cloud<\/td>\n<td>AmmonitOR Data Cloud<\/td>\n<\/tr>\n<tr>\n<td>Factory report against<br \/>\ngolden LiDAR<\/td>\n<td>Included for free<\/td>\n<\/tr>\n<tr>\n<td>IEC 61400-12-1 verification<\/td>\n<td>Available for purchase<\/td>\n<\/tr>\n<tr>\n<td>IEC 61400-12-1 classification<br \/>\nMeteoLaser Version 1<\/td>\n<td>Available<\/td>\n<\/tr>\n<\/tbody>\n<\/table>\n<p>*depending on environmental conditions, see classification report<\/p>\n","protected":false},"excerpt":{"rendered":"<p><strong>R\u00e9f\u00e9rence de commande<\/strong><br \/>\nS97210<\/p>\n","protected":false},"featured_media":31678,"template":"","meta":[],"product_brand":[],"product_cat":[1335,1509,1512],"product_tag":[],"class_list":{"0":"post-31669","1":"product","2":"type-product","3":"status-publish","4":"has-post-thumbnail","6":"product_cat-energies-renouvelables-mesure-de-lenergie-eolienne-et-solaire-fr","7":"product_cat-lidar-fr-2","8":"product_cat-lidar-sensing-teledetection-fr","10":"first","11":"instock","12":"shipping-taxable","13":"product-type-simple"},"yoast_head":"<!-- This site is optimized with the Yoast SEO plugin v27.1.1 - https:\/\/yoast.com\/product\/yoast-seo-wordpress\/ -->\n<title>MeteoLaser LiDAR - GeoClimate.ge<\/title>\n<meta name=\"robots\" content=\"index, follow, max-snippet:-1, max-image-preview:large, max-video-preview:-1\" \/>\n<link rel=\"canonical\" href=\"https:\/\/geoclimate.ge\/fr\/produit\/meteolaser-lidar\/\" \/>\n<meta property=\"og:locale\" content=\"fr_FR\" \/>\n<meta property=\"og:type\" content=\"article\" \/>\n<meta property=\"og:title\" content=\"MeteoLaser LiDAR - GeoClimate.ge\" \/>\n<meta property=\"og:description\" content=\"R\u00e9f\u00e9rence de commande S97210\" \/>\n<meta property=\"og:url\" content=\"https:\/\/geoclimate.ge\/fr\/produit\/meteolaser-lidar\/\" \/>\n<meta property=\"og:site_name\" content=\"GeoClimate.ge\" \/>\n<meta property=\"article:modified_time\" content=\"2025-05-17T10:02:09+00:00\" \/>\n<meta property=\"og:image\" content=\"https:\/\/geoclimate.ge\/wp-content\/uploads\/2025\/05\/new_meteolaser_2022_with_logo.jpg__490x490_q85_crop_subsampling-2_upscale.jpg\" \/>\n\t<meta property=\"og:image:width\" content=\"490\" \/>\n\t<meta property=\"og:image:height\" content=\"490\" \/>\n\t<meta property=\"og:image:type\" content=\"image\/jpeg\" \/>\n<meta name=\"twitter:card\" content=\"summary_large_image\" \/>\n<meta name=\"twitter:label1\" content=\"Dur\u00e9e de lecture estim\u00e9e\" \/>\n\t<meta name=\"twitter:data1\" content=\"1 minute\" \/>\n<script type=\"application\/ld+json\" class=\"yoast-schema-graph\">{\"@context\":\"https:\/\/schema.org\",\"@graph\":[{\"@type\":\"WebPage\",\"@id\":\"https:\/\/geoclimate.ge\/fr\/produit\/meteolaser-lidar\/\",\"url\":\"https:\/\/geoclimate.ge\/fr\/produit\/meteolaser-lidar\/\",\"name\":\"MeteoLaser LiDAR - GeoClimate.ge\",\"isPartOf\":{\"@id\":\"https:\/\/geoclimate.ge\/#website\"},\"primaryImageOfPage\":{\"@id\":\"https:\/\/geoclimate.ge\/fr\/produit\/meteolaser-lidar\/#primaryimage\"},\"image\":{\"@id\":\"https:\/\/geoclimate.ge\/fr\/produit\/meteolaser-lidar\/#primaryimage\"},\"thumbnailUrl\":\"https:\/\/geoclimate.ge\/wp-content\/uploads\/2025\/05\/new_meteolaser_2022_with_logo.jpg__490x490_q85_crop_subsampling-2_upscale.jpg\",\"datePublished\":\"2025-05-17T09:47:14+00:00\",\"dateModified\":\"2025-05-17T10:02:09+00:00\",\"breadcrumb\":{\"@id\":\"https:\/\/geoclimate.ge\/fr\/produit\/meteolaser-lidar\/#breadcrumb\"},\"inLanguage\":\"fr-FR\",\"potentialAction\":[{\"@type\":\"ReadAction\",\"target\":[\"https:\/\/geoclimate.ge\/fr\/produit\/meteolaser-lidar\/\"]}]},{\"@type\":\"ImageObject\",\"inLanguage\":\"fr-FR\",\"@id\":\"https:\/\/geoclimate.ge\/fr\/produit\/meteolaser-lidar\/#primaryimage\",\"url\":\"https:\/\/geoclimate.ge\/wp-content\/uploads\/2025\/05\/new_meteolaser_2022_with_logo.jpg__490x490_q85_crop_subsampling-2_upscale.jpg\",\"contentUrl\":\"https:\/\/geoclimate.ge\/wp-content\/uploads\/2025\/05\/new_meteolaser_2022_with_logo.jpg__490x490_q85_crop_subsampling-2_upscale.jpg\",\"width\":490,\"height\":490},{\"@type\":\"BreadcrumbList\",\"@id\":\"https:\/\/geoclimate.ge\/fr\/produit\/meteolaser-lidar\/#breadcrumb\",\"itemListElement\":[{\"@type\":\"ListItem\",\"position\":1,\"name\":\"Home\",\"item\":\"https:\/\/geoclimate.ge\/fr\/\"},{\"@type\":\"ListItem\",\"position\":2,\"name\":\"Products\",\"item\":\"https:\/\/geoclimate.ge\/fr\/products\/\"},{\"@type\":\"ListItem\",\"position\":3,\"name\":\"MeteoLaser LiDAR\"}]},{\"@type\":\"WebSite\",\"@id\":\"https:\/\/geoclimate.ge\/#website\",\"url\":\"https:\/\/geoclimate.ge\/\",\"name\":\"GeoClimate\",\"description\":\"\",\"publisher\":{\"@id\":\"https:\/\/geoclimate.ge\/#organization\"},\"potentialAction\":[{\"@type\":\"SearchAction\",\"target\":{\"@type\":\"EntryPoint\",\"urlTemplate\":\"https:\/\/geoclimate.ge\/?s={search_term_string}\"},\"query-input\":{\"@type\":\"PropertyValueSpecification\",\"valueRequired\":true,\"valueName\":\"search_term_string\"}}],\"inLanguage\":\"fr-FR\"},{\"@type\":\"Organization\",\"@id\":\"https:\/\/geoclimate.ge\/#organization\",\"name\":\"GeoClimate\",\"url\":\"https:\/\/geoclimate.ge\/\",\"logo\":{\"@type\":\"ImageObject\",\"inLanguage\":\"fr-FR\",\"@id\":\"https:\/\/geoclimate.ge\/#\/schema\/logo\/image\/\",\"url\":\"https:\/\/geoclimate.ge\/wp-content\/uploads\/2026\/03\/geoclimate-SEO.png\",\"contentUrl\":\"https:\/\/geoclimate.ge\/wp-content\/uploads\/2026\/03\/geoclimate-SEO.png\",\"width\":1536,\"height\":1024,\"caption\":\"GeoClimate\"},\"image\":{\"@id\":\"https:\/\/geoclimate.ge\/#\/schema\/logo\/image\/\"}}]}<\/script>\n<!-- \/ Yoast SEO plugin. -->","yoast_head_json":{"title":"MeteoLaser LiDAR - GeoClimate.ge","robots":{"index":"index","follow":"follow","max-snippet":"max-snippet:-1","max-image-preview":"max-image-preview:large","max-video-preview":"max-video-preview:-1"},"canonical":"https:\/\/geoclimate.ge\/fr\/produit\/meteolaser-lidar\/","og_locale":"fr_FR","og_type":"article","og_title":"MeteoLaser LiDAR - GeoClimate.ge","og_description":"R\u00e9f\u00e9rence de commande S97210","og_url":"https:\/\/geoclimate.ge\/fr\/produit\/meteolaser-lidar\/","og_site_name":"GeoClimate.ge","article_modified_time":"2025-05-17T10:02:09+00:00","og_image":[{"width":490,"height":490,"url":"https:\/\/geoclimate.ge\/wp-content\/uploads\/2025\/05\/new_meteolaser_2022_with_logo.jpg__490x490_q85_crop_subsampling-2_upscale.jpg","type":"image\/jpeg"}],"twitter_card":"summary_large_image","twitter_misc":{"Dur\u00e9e de lecture estim\u00e9e":"1 minute"},"schema":{"@context":"https:\/\/schema.org","@graph":[{"@type":"WebPage","@id":"https:\/\/geoclimate.ge\/fr\/produit\/meteolaser-lidar\/","url":"https:\/\/geoclimate.ge\/fr\/produit\/meteolaser-lidar\/","name":"MeteoLaser LiDAR - GeoClimate.ge","isPartOf":{"@id":"https:\/\/geoclimate.ge\/#website"},"primaryImageOfPage":{"@id":"https:\/\/geoclimate.ge\/fr\/produit\/meteolaser-lidar\/#primaryimage"},"image":{"@id":"https:\/\/geoclimate.ge\/fr\/produit\/meteolaser-lidar\/#primaryimage"},"thumbnailUrl":"https:\/\/geoclimate.ge\/wp-content\/uploads\/2025\/05\/new_meteolaser_2022_with_logo.jpg__490x490_q85_crop_subsampling-2_upscale.jpg","datePublished":"2025-05-17T09:47:14+00:00","dateModified":"2025-05-17T10:02:09+00:00","breadcrumb":{"@id":"https:\/\/geoclimate.ge\/fr\/produit\/meteolaser-lidar\/#breadcrumb"},"inLanguage":"fr-FR","potentialAction":[{"@type":"ReadAction","target":["https:\/\/geoclimate.ge\/fr\/produit\/meteolaser-lidar\/"]}]},{"@type":"ImageObject","inLanguage":"fr-FR","@id":"https:\/\/geoclimate.ge\/fr\/produit\/meteolaser-lidar\/#primaryimage","url":"https:\/\/geoclimate.ge\/wp-content\/uploads\/2025\/05\/new_meteolaser_2022_with_logo.jpg__490x490_q85_crop_subsampling-2_upscale.jpg","contentUrl":"https:\/\/geoclimate.ge\/wp-content\/uploads\/2025\/05\/new_meteolaser_2022_with_logo.jpg__490x490_q85_crop_subsampling-2_upscale.jpg","width":490,"height":490},{"@type":"BreadcrumbList","@id":"https:\/\/geoclimate.ge\/fr\/produit\/meteolaser-lidar\/#breadcrumb","itemListElement":[{"@type":"ListItem","position":1,"name":"Home","item":"https:\/\/geoclimate.ge\/fr\/"},{"@type":"ListItem","position":2,"name":"Products","item":"https:\/\/geoclimate.ge\/fr\/products\/"},{"@type":"ListItem","position":3,"name":"MeteoLaser LiDAR"}]},{"@type":"WebSite","@id":"https:\/\/geoclimate.ge\/#website","url":"https:\/\/geoclimate.ge\/","name":"GeoClimate","description":"","publisher":{"@id":"https:\/\/geoclimate.ge\/#organization"},"potentialAction":[{"@type":"SearchAction","target":{"@type":"EntryPoint","urlTemplate":"https:\/\/geoclimate.ge\/?s={search_term_string}"},"query-input":{"@type":"PropertyValueSpecification","valueRequired":true,"valueName":"search_term_string"}}],"inLanguage":"fr-FR"},{"@type":"Organization","@id":"https:\/\/geoclimate.ge\/#organization","name":"GeoClimate","url":"https:\/\/geoclimate.ge\/","logo":{"@type":"ImageObject","inLanguage":"fr-FR","@id":"https:\/\/geoclimate.ge\/#\/schema\/logo\/image\/","url":"https:\/\/geoclimate.ge\/wp-content\/uploads\/2026\/03\/geoclimate-SEO.png","contentUrl":"https:\/\/geoclimate.ge\/wp-content\/uploads\/2026\/03\/geoclimate-SEO.png","width":1536,"height":1024,"caption":"GeoClimate"},"image":{"@id":"https:\/\/geoclimate.ge\/#\/schema\/logo\/image\/"}}]}},"_links":{"self":[{"href":"https:\/\/geoclimate.ge\/fr\/wp-json\/wp\/v2\/product\/31669","targetHints":{"allow":["GET"]}}],"collection":[{"href":"https:\/\/geoclimate.ge\/fr\/wp-json\/wp\/v2\/product"}],"about":[{"href":"https:\/\/geoclimate.ge\/fr\/wp-json\/wp\/v2\/types\/product"}],"wp:featuredmedia":[{"embeddable":true,"href":"https:\/\/geoclimate.ge\/fr\/wp-json\/wp\/v2\/media\/31678"}],"wp:attachment":[{"href":"https:\/\/geoclimate.ge\/fr\/wp-json\/wp\/v2\/media?parent=31669"}],"wp:term":[{"taxonomy":"product_brand","embeddable":true,"href":"https:\/\/geoclimate.ge\/fr\/wp-json\/wp\/v2\/product_brand?post=31669"},{"taxonomy":"product_cat","embeddable":true,"href":"https:\/\/geoclimate.ge\/fr\/wp-json\/wp\/v2\/product_cat?post=31669"},{"taxonomy":"product_tag","embeddable":true,"href":"https:\/\/geoclimate.ge\/fr\/wp-json\/wp\/v2\/product_tag?post=31669"}],"curies":[{"name":"wp","href":"https:\/\/api.w.org\/{rel}","templated":true}]}}