{"id":31716,"date":"2025-05-17T17:08:12","date_gmt":"2025-05-17T13:08:12","guid":{"rendered":"https:\/\/airsystems.ge\/shop\/product\/solar-and-fuel-cell-power-supply-trailer\/"},"modified":"2025-05-17T17:12:52","modified_gmt":"2025-05-17T13:12:52","slug":"solar-and-fuel-cell-power-supply-trailer","status":"publish","type":"product","link":"https:\/\/geoclimate.ge\/fr\/produit\/solar-and-fuel-cell-power-supply-trailer\/","title":{"rendered":"Alimentation solaire et pile \u00e0 combustible pour remorque"},"content":{"rendered":"<ul>\n<li>Alimentation solaire et pile \u00e0 combustible pour LiDAR install\u00e9e dans une remorque<br \/>\nSolution hybride combinant une pile \u00e0 combustible de 125 W et des modules solaires de 1050 W avec des batteries 24 V de 440 Ah<br \/>\nEmplacement pour LiDAR dans la remorque<\/li>\n<\/ul>\n<p>Ce syst\u00e8me d&rsquo;alimentation autonome est sp\u00e9cialement con\u00e7u pour alimenter et h\u00e9berger un LiDAR. Il est recommand\u00e9 pour tous les climats, \u00e0 l&rsquo;exception des conditions arctiques avec peu d&rsquo;ensoleillement. Il associe une puissante pile \u00e0 combustible EFOY Pro au m\u00e9thanol \u00e0 trois modules solaires. Il est \u00e9quip\u00e9 de deux cartouches de 28 litres.<\/p>\n<p>Un modem Netbiter est install\u00e9 pour surveiller et contr\u00f4ler la pile \u00e0 combustible EFOY Pro. Il envoie les donn\u00e9es actuelles du syst\u00e8me \u00e0 l&rsquo;interface web. La fr\u00e9quence est configurable via l&rsquo;interface web. Des alarmes, telles que le niveau de carburant bas ou la tension de batterie faible, peuvent \u00eatre configur\u00e9es. Le syst\u00e8me informe automatiquement par e-mail ou SMS en cas de d\u00e9clenchement d&rsquo;alarme.<\/p>\n<p>La remorque est con\u00e7ue pour accueillir un dispositif LiDAR. Elle est compatible avec la plupart des LiDAR du march\u00e9, tels que MeteoLaser, ZX et Windcube. Elle est dot\u00e9e d&rsquo;une trappe amovible sur le dessus pour le faisceau laser.<\/p>\n<p>Sur les sites tr\u00e8s isol\u00e9s, la remorque peut \u00eatre d\u00e9plac\u00e9e par h\u00e9licopt\u00e8re \u00e0 l&rsquo;aide de sangles ou de supports de levage (en option).<\/p>\n<table border=\"1\" width=\"689\" cellspacing=\"1\" cellpadding=\"1\">\n<thead>\n<tr>\n<th scope=\"col\">Characteristic<\/th>\n<th scope=\"col\">Description<\/th>\n<\/tr>\n<\/thead>\n<tbody>\n<tr>\n<td>DC Power supply for LiDAR<\/td>\n<td>24 V DC power supply installed in flight case<\/td>\n<\/tr>\n<tr>\n<td>Power consumption range<\/td>\n<td>30 &#8211; 90 W<\/td>\n<\/tr>\n<tr>\n<td>Power supply for the LiDAR<\/td>\n<td>24 V DC with stabilized DC\/DC converter<\/td>\n<\/tr>\n<tr>\n<td>Battery bank<\/td>\n<td>440 Ah \/ 24 V\u00a0 (4 x 220 Ah 12 V AGN)<br \/>\nWeight: 280 kg<br \/>\nBattery guard<br \/>\nNote: Battery bank can easily be removed for transport by helicopter.<\/td>\n<\/tr>\n<tr>\n<td>Solar supply<\/td>\n<td>3 modules @ 350 W \/ 24 V (Total: 1050 W)<br \/>\nSolar panels wattage may deviate by \u00b110%.<br \/>\nBlue Solar MPPT 150\/35 solar charger<\/td>\n<\/tr>\n<tr>\n<td><\/td>\n<td>Switch for battery bank &amp; solar panels<\/td>\n<\/tr>\n<tr>\n<td>Remote control<\/td>\n<td>WEB based monitoring &amp; control system (Interface) from Netbiter via GSM-2-GPIO modem (quad-band) including antenna<\/td>\n<\/tr>\n<tr>\n<td><\/td>\n<td>Remote control of power supply (on &amp; off)<\/td>\n<\/tr>\n<tr>\n<td>Extra AC power supply (for Laptop) as an option<\/td>\n<td>24-375 W inverter<\/td>\n<\/tr>\n<\/tbody>\n<\/table>\n<p>&nbsp;<\/p>\n<table border=\"1\" width=\"689\" cellspacing=\"1\" cellpadding=\"1\">\n<thead>\n<tr>\n<th colspan=\"2\" scope=\"col\">Fuel cell<\/th>\n<\/tr>\n<tr>\n<td>Type<\/td>\n<td>EFOY Pro 2800 125 W<\/td>\n<\/tr>\n<tr>\n<td>Power output<\/td>\n<td>125 W<\/td>\n<\/tr>\n<tr>\n<td>Nominal voltage<\/td>\n<td>24 V<\/td>\n<\/tr>\n<tr>\n<td>Nominal Methanol consumption<\/td>\n<td>0.9 liters\/kWh<\/td>\n<\/tr>\n<tr>\n<td>Classification of Methanol<\/td>\n<td>Index: 603-00100-X;\u00a0 EINECS, ELINCS, NLP: 200-659-6; CAS 67-56-1<\/td>\n<\/tr>\n<tr>\n<td>Fuel cell cartridge<\/td>\n<td>2x 28 liters Methanol, M28 cartridge (2 x M28 adapter)<\/td>\n<\/tr>\n<tr>\n<td>Fuel cell cartridge capacity<\/td>\n<td>62.2 kWh @ 56 liters Methanol<\/td>\n<\/tr>\n<\/thead>\n<\/table>\n<p>&nbsp;<\/p>\n<table border=\"1\" width=\"689\" cellspacing=\"1\" cellpadding=\"1\">\n<thead>\n<tr>\n<th colspan=\"2\" scope=\"col\">Information on ingredients &#8211; Fuel cartridge M28<\/th>\n<\/tr>\n<tr>\n<td>Methanol<\/td>\n<td>Substance for which an EU exposure limit value applies<\/td>\n<\/tr>\n<tr>\n<td>Registration number (REACH)<\/td>\n<td>&#8212;<\/td>\n<\/tr>\n<tr>\n<td>Index<\/td>\n<td>603-001-00-X<\/td>\n<\/tr>\n<tr>\n<td>ENIECS, ELINCS, NLP<\/td>\n<td>200-659-6<\/td>\n<\/tr>\n<tr>\n<td>CAS<\/td>\n<td>67-56-1<\/td>\n<\/tr>\n<tr>\n<td>Classification acc. to Directive 67\/548\/EEC<\/td>\n<td>Highly flammable, F, R11<br \/>\nToxic, T, R23\/24\/25<br \/>\nToxic, T, R39\/23\/24\/25<\/td>\n<\/tr>\n<tr>\n<td>Classification acc. to Regulation (EC) 1272\/2008 (CLP)<\/td>\n<td>Flam. Liq. 2, H225<br \/>\nAcute Tox. 3, H331<br \/>\nAcute Tox. 3, H311<br \/>\nAcute Tox. 3, H301<br \/>\nSTOT SE 1, H370<\/td>\n<\/tr>\n<\/thead>\n<\/table>\n<p>&nbsp;<\/p>\n<table border=\"1\" width=\"689\" cellspacing=\"1\" cellpadding=\"1\">\n<thead>\n<tr>\n<th colspan=\"2\" scope=\"col\"><span style=\"font-weight: 400;\">Trailer adapted for the LiDAR<\/span><\/th>\n<\/tr>\n<tr>\n<td>Equipment<\/td>\n<td>Roof hatch<br \/>\nBracket for LiDAR<br \/>\nWater Drain<\/td>\n<\/tr>\n<tr>\n<td>Accessories<\/td>\n<td>4 x support legs with flanges<br \/>\nManual fire extinguisher<br \/>\nSpare wheel<br \/>\nManual &amp; documentation<\/td>\n<\/tr>\n<tr>\n<td>Operating temperature<\/td>\n<td>0 &#8230; 35 \u00b0C<\/td>\n<\/tr>\n<tr>\n<td>Total dimensions<\/td>\n<td>3.78 m x 1.81 m x 2.11 m (length x width x height)<\/td>\n<\/tr>\n<tr>\n<td>Total weight<\/td>\n<td>approx. 850 kg<\/td>\n<\/tr>\n<tr>\n<td>Manufacturer of Trailer<\/td>\n<td>Humbaur (Germany)<\/td>\n<\/tr>\n<\/thead>\n<\/table>\n","protected":false},"excerpt":{"rendered":"<h3>R\u00e9f\u00e9rence<\/h3>\n<p>M58602<\/p>\n","protected":false},"featured_media":31712,"template":"","meta":[],"product_brand":[],"product_cat":[1335,1512,1518],"product_tag":[],"class_list":{"0":"post-31716","1":"product","2":"type-product","3":"status-publish","4":"has-post-thumbnail","6":"product_cat-energies-renouvelables-mesure-de-lenergie-eolienne-et-solaire-fr","7":"product_cat-lidar-sensing-teledetection-fr","8":"product_cat-solutions-energetiques","10":"first","11":"instock","12":"shipping-taxable","13":"product-type-simple"},"yoast_head":"<!-- This site is optimized with the Yoast SEO plugin v27.1.1 - https:\/\/yoast.com\/product\/yoast-seo-wordpress\/ -->\n<title>Alimentation solaire et pile \u00e0 combustible pour remorque - GeoClimate.ge<\/title>\n<meta name=\"robots\" content=\"index, follow, max-snippet:-1, max-image-preview:large, max-video-preview:-1\" \/>\n<link rel=\"canonical\" href=\"https:\/\/geoclimate.ge\/fr\/produit\/solar-and-fuel-cell-power-supply-trailer\/\" \/>\n<meta property=\"og:locale\" content=\"fr_FR\" \/>\n<meta property=\"og:type\" content=\"article\" \/>\n<meta property=\"og:title\" content=\"Alimentation solaire et pile \u00e0 combustible pour remorque - GeoClimate.ge\" \/>\n<meta property=\"og:description\" content=\"R\u00e9f\u00e9rence M58602\" \/>\n<meta property=\"og:url\" content=\"https:\/\/geoclimate.ge\/fr\/produit\/solar-and-fuel-cell-power-supply-trailer\/\" \/>\n<meta property=\"og:site_name\" content=\"GeoClimate.ge\" \/>\n<meta property=\"article:modified_time\" content=\"2025-05-17T13:12:52+00:00\" \/>\n<meta property=\"og:image\" content=\"https:\/\/geoclimate.ge\/wp-content\/uploads\/2025\/05\/fuel_cell_power_supply_trailer_system_m58602.jpg__490x490_q85_crop_subsampling-2_upscale.jpg\" \/>\n\t<meta property=\"og:image:width\" content=\"490\" \/>\n\t<meta property=\"og:image:height\" content=\"490\" \/>\n\t<meta property=\"og:image:type\" content=\"image\/jpeg\" \/>\n<meta name=\"twitter:card\" content=\"summary_large_image\" \/>\n<meta name=\"twitter:label1\" content=\"Dur\u00e9e de lecture estim\u00e9e\" \/>\n\t<meta name=\"twitter:data1\" content=\"3 minutes\" \/>\n<script type=\"application\/ld+json\" class=\"yoast-schema-graph\">{\"@context\":\"https:\/\/schema.org\",\"@graph\":[{\"@type\":\"WebPage\",\"@id\":\"https:\/\/geoclimate.ge\/fr\/produit\/solar-and-fuel-cell-power-supply-trailer\/\",\"url\":\"https:\/\/geoclimate.ge\/fr\/produit\/solar-and-fuel-cell-power-supply-trailer\/\",\"name\":\"Alimentation solaire et pile \u00e0 combustible pour remorque - GeoClimate.ge\",\"isPartOf\":{\"@id\":\"https:\/\/geoclimate.ge\/#website\"},\"primaryImageOfPage\":{\"@id\":\"https:\/\/geoclimate.ge\/fr\/produit\/solar-and-fuel-cell-power-supply-trailer\/#primaryimage\"},\"image\":{\"@id\":\"https:\/\/geoclimate.ge\/fr\/produit\/solar-and-fuel-cell-power-supply-trailer\/#primaryimage\"},\"thumbnailUrl\":\"https:\/\/geoclimate.ge\/wp-content\/uploads\/2025\/05\/fuel_cell_power_supply_trailer_system_m58602.jpg__490x490_q85_crop_subsampling-2_upscale.jpg\",\"datePublished\":\"2025-05-17T13:08:12+00:00\",\"dateModified\":\"2025-05-17T13:12:52+00:00\",\"breadcrumb\":{\"@id\":\"https:\/\/geoclimate.ge\/fr\/produit\/solar-and-fuel-cell-power-supply-trailer\/#breadcrumb\"},\"inLanguage\":\"fr-FR\",\"potentialAction\":[{\"@type\":\"ReadAction\",\"target\":[\"https:\/\/geoclimate.ge\/fr\/produit\/solar-and-fuel-cell-power-supply-trailer\/\"]}]},{\"@type\":\"ImageObject\",\"inLanguage\":\"fr-FR\",\"@id\":\"https:\/\/geoclimate.ge\/fr\/produit\/solar-and-fuel-cell-power-supply-trailer\/#primaryimage\",\"url\":\"https:\/\/geoclimate.ge\/wp-content\/uploads\/2025\/05\/fuel_cell_power_supply_trailer_system_m58602.jpg__490x490_q85_crop_subsampling-2_upscale.jpg\",\"contentUrl\":\"https:\/\/geoclimate.ge\/wp-content\/uploads\/2025\/05\/fuel_cell_power_supply_trailer_system_m58602.jpg__490x490_q85_crop_subsampling-2_upscale.jpg\",\"width\":490,\"height\":490},{\"@type\":\"BreadcrumbList\",\"@id\":\"https:\/\/geoclimate.ge\/fr\/produit\/solar-and-fuel-cell-power-supply-trailer\/#breadcrumb\",\"itemListElement\":[{\"@type\":\"ListItem\",\"position\":1,\"name\":\"Home\",\"item\":\"https:\/\/geoclimate.ge\/fr\/\"},{\"@type\":\"ListItem\",\"position\":2,\"name\":\"Products\",\"item\":\"https:\/\/geoclimate.ge\/fr\/products\/\"},{\"@type\":\"ListItem\",\"position\":3,\"name\":\"Alimentation solaire et pile \u00e0 combustible pour remorque\"}]},{\"@type\":\"WebSite\",\"@id\":\"https:\/\/geoclimate.ge\/#website\",\"url\":\"https:\/\/geoclimate.ge\/\",\"name\":\"GeoClimate\",\"description\":\"\",\"publisher\":{\"@id\":\"https:\/\/geoclimate.ge\/#organization\"},\"potentialAction\":[{\"@type\":\"SearchAction\",\"target\":{\"@type\":\"EntryPoint\",\"urlTemplate\":\"https:\/\/geoclimate.ge\/?s={search_term_string}\"},\"query-input\":{\"@type\":\"PropertyValueSpecification\",\"valueRequired\":true,\"valueName\":\"search_term_string\"}}],\"inLanguage\":\"fr-FR\"},{\"@type\":\"Organization\",\"@id\":\"https:\/\/geoclimate.ge\/#organization\",\"name\":\"GeoClimate\",\"url\":\"https:\/\/geoclimate.ge\/\",\"logo\":{\"@type\":\"ImageObject\",\"inLanguage\":\"fr-FR\",\"@id\":\"https:\/\/geoclimate.ge\/#\/schema\/logo\/image\/\",\"url\":\"https:\/\/geoclimate.ge\/wp-content\/uploads\/2026\/03\/geoclimate-SEO.png\",\"contentUrl\":\"https:\/\/geoclimate.ge\/wp-content\/uploads\/2026\/03\/geoclimate-SEO.png\",\"width\":1536,\"height\":1024,\"caption\":\"GeoClimate\"},\"image\":{\"@id\":\"https:\/\/geoclimate.ge\/#\/schema\/logo\/image\/\"}}]}<\/script>\n<!-- \/ Yoast SEO plugin. -->","yoast_head_json":{"title":"Alimentation solaire et pile \u00e0 combustible pour remorque - GeoClimate.ge","robots":{"index":"index","follow":"follow","max-snippet":"max-snippet:-1","max-image-preview":"max-image-preview:large","max-video-preview":"max-video-preview:-1"},"canonical":"https:\/\/geoclimate.ge\/fr\/produit\/solar-and-fuel-cell-power-supply-trailer\/","og_locale":"fr_FR","og_type":"article","og_title":"Alimentation solaire et pile \u00e0 combustible pour remorque - GeoClimate.ge","og_description":"R\u00e9f\u00e9rence M58602","og_url":"https:\/\/geoclimate.ge\/fr\/produit\/solar-and-fuel-cell-power-supply-trailer\/","og_site_name":"GeoClimate.ge","article_modified_time":"2025-05-17T13:12:52+00:00","og_image":[{"width":490,"height":490,"url":"https:\/\/geoclimate.ge\/wp-content\/uploads\/2025\/05\/fuel_cell_power_supply_trailer_system_m58602.jpg__490x490_q85_crop_subsampling-2_upscale.jpg","type":"image\/jpeg"}],"twitter_card":"summary_large_image","twitter_misc":{"Dur\u00e9e de lecture estim\u00e9e":"3 minutes"},"schema":{"@context":"https:\/\/schema.org","@graph":[{"@type":"WebPage","@id":"https:\/\/geoclimate.ge\/fr\/produit\/solar-and-fuel-cell-power-supply-trailer\/","url":"https:\/\/geoclimate.ge\/fr\/produit\/solar-and-fuel-cell-power-supply-trailer\/","name":"Alimentation solaire et pile \u00e0 combustible pour remorque - GeoClimate.ge","isPartOf":{"@id":"https:\/\/geoclimate.ge\/#website"},"primaryImageOfPage":{"@id":"https:\/\/geoclimate.ge\/fr\/produit\/solar-and-fuel-cell-power-supply-trailer\/#primaryimage"},"image":{"@id":"https:\/\/geoclimate.ge\/fr\/produit\/solar-and-fuel-cell-power-supply-trailer\/#primaryimage"},"thumbnailUrl":"https:\/\/geoclimate.ge\/wp-content\/uploads\/2025\/05\/fuel_cell_power_supply_trailer_system_m58602.jpg__490x490_q85_crop_subsampling-2_upscale.jpg","datePublished":"2025-05-17T13:08:12+00:00","dateModified":"2025-05-17T13:12:52+00:00","breadcrumb":{"@id":"https:\/\/geoclimate.ge\/fr\/produit\/solar-and-fuel-cell-power-supply-trailer\/#breadcrumb"},"inLanguage":"fr-FR","potentialAction":[{"@type":"ReadAction","target":["https:\/\/geoclimate.ge\/fr\/produit\/solar-and-fuel-cell-power-supply-trailer\/"]}]},{"@type":"ImageObject","inLanguage":"fr-FR","@id":"https:\/\/geoclimate.ge\/fr\/produit\/solar-and-fuel-cell-power-supply-trailer\/#primaryimage","url":"https:\/\/geoclimate.ge\/wp-content\/uploads\/2025\/05\/fuel_cell_power_supply_trailer_system_m58602.jpg__490x490_q85_crop_subsampling-2_upscale.jpg","contentUrl":"https:\/\/geoclimate.ge\/wp-content\/uploads\/2025\/05\/fuel_cell_power_supply_trailer_system_m58602.jpg__490x490_q85_crop_subsampling-2_upscale.jpg","width":490,"height":490},{"@type":"BreadcrumbList","@id":"https:\/\/geoclimate.ge\/fr\/produit\/solar-and-fuel-cell-power-supply-trailer\/#breadcrumb","itemListElement":[{"@type":"ListItem","position":1,"name":"Home","item":"https:\/\/geoclimate.ge\/fr\/"},{"@type":"ListItem","position":2,"name":"Products","item":"https:\/\/geoclimate.ge\/fr\/products\/"},{"@type":"ListItem","position":3,"name":"Alimentation solaire et pile \u00e0 combustible pour remorque"}]},{"@type":"WebSite","@id":"https:\/\/geoclimate.ge\/#website","url":"https:\/\/geoclimate.ge\/","name":"GeoClimate","description":"","publisher":{"@id":"https:\/\/geoclimate.ge\/#organization"},"potentialAction":[{"@type":"SearchAction","target":{"@type":"EntryPoint","urlTemplate":"https:\/\/geoclimate.ge\/?s={search_term_string}"},"query-input":{"@type":"PropertyValueSpecification","valueRequired":true,"valueName":"search_term_string"}}],"inLanguage":"fr-FR"},{"@type":"Organization","@id":"https:\/\/geoclimate.ge\/#organization","name":"GeoClimate","url":"https:\/\/geoclimate.ge\/","logo":{"@type":"ImageObject","inLanguage":"fr-FR","@id":"https:\/\/geoclimate.ge\/#\/schema\/logo\/image\/","url":"https:\/\/geoclimate.ge\/wp-content\/uploads\/2026\/03\/geoclimate-SEO.png","contentUrl":"https:\/\/geoclimate.ge\/wp-content\/uploads\/2026\/03\/geoclimate-SEO.png","width":1536,"height":1024,"caption":"GeoClimate"},"image":{"@id":"https:\/\/geoclimate.ge\/#\/schema\/logo\/image\/"}}]}},"_links":{"self":[{"href":"https:\/\/geoclimate.ge\/fr\/wp-json\/wp\/v2\/product\/31716","targetHints":{"allow":["GET"]}}],"collection":[{"href":"https:\/\/geoclimate.ge\/fr\/wp-json\/wp\/v2\/product"}],"about":[{"href":"https:\/\/geoclimate.ge\/fr\/wp-json\/wp\/v2\/types\/product"}],"wp:featuredmedia":[{"embeddable":true,"href":"https:\/\/geoclimate.ge\/fr\/wp-json\/wp\/v2\/media\/31712"}],"wp:attachment":[{"href":"https:\/\/geoclimate.ge\/fr\/wp-json\/wp\/v2\/media?parent=31716"}],"wp:term":[{"taxonomy":"product_brand","embeddable":true,"href":"https:\/\/geoclimate.ge\/fr\/wp-json\/wp\/v2\/product_brand?post=31716"},{"taxonomy":"product_cat","embeddable":true,"href":"https:\/\/geoclimate.ge\/fr\/wp-json\/wp\/v2\/product_cat?post=31716"},{"taxonomy":"product_tag","embeddable":true,"href":"https:\/\/geoclimate.ge\/fr\/wp-json\/wp\/v2\/product_tag?post=31716"}],"curies":[{"name":"wp","href":"https:\/\/api.w.org\/{rel}","templated":true}]}}