{"id":31749,"date":"2025-05-17T17:58:54","date_gmt":"2025-05-17T13:58:54","guid":{"rendered":"https:\/\/airsystems.ge\/shop\/product\/meteo-40l-plus\/"},"modified":"2025-05-17T18:06:47","modified_gmt":"2025-05-17T14:06:47","slug":"meteo-40l-plus","status":"publish","type":"product","link":"https:\/\/geoclimate.ge\/fr\/produit\/meteo-40l-plus\/","title":{"rendered":"Enregistreur de donn\u00e9es Meteo-40L plus"},"content":{"rendered":"<p>Applications\u00a0:<br \/>\n\u00c9valuation des ressources \u00e9oliennes<\/p>\n<p>Mesures de performance \u00e9nerg\u00e9tique<\/p>\n<p>Surveillance de parcs \u00e9oliens \/ SCADA<\/p>\n<p>Mesure du vent en climat froid<\/p>\n<p>\u00c9valuation des ressources solaires<\/p>\n<p>Mesure de l&rsquo;encrassement<\/p>\n<p>Surveillance de parcs solaires \/ SCADA<\/p>\n<p>Capacit\u00e9 dynamique de ligne<\/p>\n<p>Conforme \u00e0 la norme CEI 61400-12-1:2017<br \/>\nConfiguration conviviale via une interface web s\u00e9curis\u00e9e<br \/>\nDiff\u00e9rentes entr\u00e9es et sorties pour diff\u00e9rents objectifs de mesure<br \/>\nNouveaut\u00e9s\u00a0:<\/p>\n<p>Modems LTE et 4G, par exemple PLS8-E et bien d&rsquo;autres.<br \/>\nInterface web et messagerie\u00a0: TLS 1.1, 1.2 et 1.3 pris en charge.<br \/>\nL&rsquo;administrateur peut cr\u00e9er ou supprimer de nouveaux utilisateurs.<br \/>\nLes utilisateurs pr\u00e9d\u00e9finis peuvent \u00eatre supprim\u00e9s.<br \/>\nLatence r\u00e9duite dans les syst\u00e8mes SCADA gr\u00e2ce \u00e0 des protocoles Modbus RTU et TCP plus rapides.<br \/>\nDerni\u00e8re version de Linux et derni\u00e8res versions de biblioth\u00e8ques de s\u00e9curit\u00e9 telles que SSL, SSH, SFTP, SCP, https, etc.<br \/>\nLes donn\u00e9es peuvent \u00eatre envoy\u00e9es via FTPS, ce qui facilite l&rsquo;acc\u00e8s au chiffrement standard.<\/p>\n<table border=\"1\" width=\"594\" cellspacing=\"1\" cellpadding=\"1\">\n<thead>\n<tr>\n<th colspan=\"3\" rowspan=\"1\" scope=\"col\"><span style=\"font-weight: 400;\">Meteo-40L plus<\/span><\/th>\n<th scope=\"col\"><span style=\"font-weight: 400;\">\u00a0Description\u00a0 \/ Device<\/span><\/th>\n<\/tr>\n<\/thead>\n<tbody>\n<tr>\n<td><\/td>\n<td>Order Number<\/td>\n<td>M31020<\/td>\n<td><\/td>\n<\/tr>\n<tr>\n<td colspan=\"1\" rowspan=\"5\">Input Channels<\/td>\n<td>Pulse Counters<\/td>\n<td>12<\/td>\n<td>Anemometers, precipitation sensors<\/td>\n<\/tr>\n<tr>\n<td>Digital Serial\u00a0 (Status)<\/td>\n<td>\u00a08<\/td>\n<td>Wind vanes serial, precipitation monitors, ext. activation<\/td>\n<\/tr>\n<tr>\n<td>Analog Voltage<\/td>\n<td>\u00a012<\/p>\n<p>\u00b1 0.1 V, \u00b1 1 V, \u00b1 10 V<br \/>\n16 bit<\/td>\n<td>Air pressure, temperature, humidity sensors, pot. wind vanes, pyranometers, pyrheliometers<\/td>\n<\/tr>\n<tr>\n<td>Analog Current<\/td>\n<td>\u00a02<\/p>\n<p>\u00b1 1 mA, \u00b1 10 mA,<br \/>\n\u00b1 100 mA<br \/>\n16 bit<\/td>\n<td>Sensors with DC output, e.g., temperature humidity sensor (0 &#8230; 20 mA)<\/td>\n<\/tr>\n<tr>\n<td>RS485 (M)<\/td>\n<td>(1) RS485 Master for up to 8 smart sensors<\/td>\n<td>Ultrasonic anemometers and smart sensors<\/td>\n<\/tr>\n<tr>\n<td colspan=\"1\" rowspan=\"3\">Output Channels<\/td>\n<td>RS485 (S)<\/td>\n<td>(1) RS485 Slave<\/td>\n<td>SCADA monitoring software<\/td>\n<\/tr>\n<tr>\n<td>\u00a05V | Switches<\/td>\n<td>8<\/td>\n<td>Sensor supply, relay for modem, heating supply<\/td>\n<\/tr>\n<tr>\n<td>Current Source<\/td>\n<td>2<\/td>\n<td>\u00a0Pt1000, Pt100<\/td>\n<\/tr>\n<tr>\n<td colspan=\"1\" rowspan=\"5\">Connectivity<\/td>\n<td>\u00a0USB<\/td>\n<td>(2) USB-A host<br \/>\n(1) USB-B device<\/td>\n<td>PC, modem, memory stick, WiFi, GPS, web cam<\/td>\n<\/tr>\n<tr>\n<td>Ethernet<\/td>\n<td>\u00a0(1) Ethernet<\/td>\n<td>Router, SAT-Modem, LAN and SCADA output<\/td>\n<\/tr>\n<tr>\n<td>Data transfer<\/td>\n<td colspan=\"2\" rowspan=\"1\">Email, FTP, SCP, SFTP, FTPS, Datacopy on USB-Stick, SCADA<\/td>\n<\/tr>\n<tr>\n<td>Data cloud<\/td>\n<td>SCP to AmmonitOR<\/td>\n<td>https:\/\/or.ammonit.com<\/td>\n<\/tr>\n<tr>\n<td>Remote control<\/td>\n<td>SSH reverse tunnel through AmmonitConnect Server<\/td>\n<td>https:\/\/&lt;serialnumber&gt;.connect.ammonit.com\/<\/td>\n<\/tr>\n<tr>\n<td colspan=\"1\" rowspan=\"2\">Storage Size<\/td>\n<td>Source Data<br \/>\n(1-sec data)<\/td>\n<td>\u00a02 GB<\/td>\n<td><\/td>\n<\/tr>\n<tr>\n<td>\u00a0CSV Data<br \/>\n(10-min data)<\/td>\n<td>\u00a0&gt; 50 MB<\/td>\n<td><\/td>\n<\/tr>\n<tr>\n<td><\/td>\n<td>Display &amp; Keys<\/td>\n<td colspan=\"2\" rowspan=\"1\">\u00a0(20 x 4) LC display with backlight, five keys<\/td>\n<\/tr>\n<tr>\n<td><\/td>\n<td>Power Supply<\/td>\n<td colspan=\"2\" rowspan=\"1\">9 &#8230; 36 VDC<\/td>\n<\/tr>\n<tr>\n<td><\/td>\n<td>Operat. temperature<\/td>\n<td colspan=\"2\" rowspan=\"1\">\u00a0-40 &#8230; +65 \u00b0C<\/td>\n<\/tr>\n<tr>\n<td><\/td>\n<td>Protection (Housing)<\/td>\n<td colspan=\"2\" rowspan=\"1\">IP65<\/td>\n<\/tr>\n<tr>\n<td><\/td>\n<td>Housing Dimensions<\/td>\n<td colspan=\"2\" rowspan=\"1\">260 x 194 x 50 mm<\/td>\n<\/tr>\n<tr>\n<td><\/td>\n<td>Weight<\/td>\n<td colspan=\"2\" rowspan=\"1\">950 g<\/td>\n<\/tr>\n<tr>\n<td><\/td>\n<td>Accessories<\/td>\n<td colspan=\"2\" rowspan=\"1\">External modules, plug connector, mounting kit, steel cabinet<\/td>\n<\/tr>\n<\/tbody>\n<\/table>\n","protected":false},"excerpt":{"rendered":"<p><strong>R\u00e9f\u00e9rence de commande<\/strong><br \/>\nM31020<\/p>\n","protected":false},"featured_media":31743,"template":"","meta":[],"product_brand":[],"product_cat":[1530],"product_tag":[],"class_list":{"0":"post-31749","1":"product","2":"type-product","3":"status-publish","4":"has-post-thumbnail","6":"product_cat-enregistreur-de-donnees-meteo-40l-plus","8":"first","9":"instock","10":"shipping-taxable","11":"product-type-simple"},"yoast_head":"<!-- This site is optimized with the Yoast SEO plugin v27.1.1 - https:\/\/yoast.com\/product\/yoast-seo-wordpress\/ -->\n<title>Enregistreur de donn\u00e9es Meteo-40L plus - GeoClimate.ge<\/title>\n<meta name=\"robots\" content=\"index, follow, max-snippet:-1, max-image-preview:large, max-video-preview:-1\" \/>\n<link rel=\"canonical\" href=\"https:\/\/geoclimate.ge\/fr\/produit\/meteo-40l-plus\/\" \/>\n<meta property=\"og:locale\" content=\"fr_FR\" \/>\n<meta property=\"og:type\" content=\"article\" \/>\n<meta property=\"og:title\" content=\"Enregistreur de donn\u00e9es Meteo-40L plus - GeoClimate.ge\" \/>\n<meta property=\"og:description\" content=\"R\u00e9f\u00e9rence de commande M31020\" \/>\n<meta property=\"og:url\" content=\"https:\/\/geoclimate.ge\/fr\/produit\/meteo-40l-plus\/\" \/>\n<meta property=\"og:site_name\" content=\"GeoClimate.ge\" \/>\n<meta property=\"article:modified_time\" content=\"2025-05-17T14:06:47+00:00\" \/>\n<meta property=\"og:image\" content=\"https:\/\/geoclimate.ge\/wp-content\/uploads\/2025\/05\/datalogger-ammonit-meteo40.jpg__490x490_q85_crop_subsampling-2_upscale-1.jpg\" \/>\n\t<meta property=\"og:image:width\" content=\"490\" \/>\n\t<meta property=\"og:image:height\" content=\"490\" \/>\n\t<meta property=\"og:image:type\" content=\"image\/jpeg\" \/>\n<meta name=\"twitter:card\" content=\"summary_large_image\" \/>\n<meta name=\"twitter:label1\" content=\"Dur\u00e9e de lecture estim\u00e9e\" \/>\n\t<meta name=\"twitter:data1\" content=\"2 minutes\" \/>\n<script type=\"application\/ld+json\" class=\"yoast-schema-graph\">{\"@context\":\"https:\/\/schema.org\",\"@graph\":[{\"@type\":\"WebPage\",\"@id\":\"https:\/\/geoclimate.ge\/fr\/produit\/meteo-40l-plus\/\",\"url\":\"https:\/\/geoclimate.ge\/fr\/produit\/meteo-40l-plus\/\",\"name\":\"Enregistreur de donn\u00e9es Meteo-40L plus - GeoClimate.ge\",\"isPartOf\":{\"@id\":\"https:\/\/geoclimate.ge\/#website\"},\"primaryImageOfPage\":{\"@id\":\"https:\/\/geoclimate.ge\/fr\/produit\/meteo-40l-plus\/#primaryimage\"},\"image\":{\"@id\":\"https:\/\/geoclimate.ge\/fr\/produit\/meteo-40l-plus\/#primaryimage\"},\"thumbnailUrl\":\"https:\/\/geoclimate.ge\/wp-content\/uploads\/2025\/05\/datalogger-ammonit-meteo40.jpg__490x490_q85_crop_subsampling-2_upscale-1.jpg\",\"datePublished\":\"2025-05-17T13:58:54+00:00\",\"dateModified\":\"2025-05-17T14:06:47+00:00\",\"breadcrumb\":{\"@id\":\"https:\/\/geoclimate.ge\/fr\/produit\/meteo-40l-plus\/#breadcrumb\"},\"inLanguage\":\"fr-FR\",\"potentialAction\":[{\"@type\":\"ReadAction\",\"target\":[\"https:\/\/geoclimate.ge\/fr\/produit\/meteo-40l-plus\/\"]}]},{\"@type\":\"ImageObject\",\"inLanguage\":\"fr-FR\",\"@id\":\"https:\/\/geoclimate.ge\/fr\/produit\/meteo-40l-plus\/#primaryimage\",\"url\":\"https:\/\/geoclimate.ge\/wp-content\/uploads\/2025\/05\/datalogger-ammonit-meteo40.jpg__490x490_q85_crop_subsampling-2_upscale-1.jpg\",\"contentUrl\":\"https:\/\/geoclimate.ge\/wp-content\/uploads\/2025\/05\/datalogger-ammonit-meteo40.jpg__490x490_q85_crop_subsampling-2_upscale-1.jpg\",\"width\":490,\"height\":490},{\"@type\":\"BreadcrumbList\",\"@id\":\"https:\/\/geoclimate.ge\/fr\/produit\/meteo-40l-plus\/#breadcrumb\",\"itemListElement\":[{\"@type\":\"ListItem\",\"position\":1,\"name\":\"Home\",\"item\":\"https:\/\/geoclimate.ge\/fr\/\"},{\"@type\":\"ListItem\",\"position\":2,\"name\":\"Products\",\"item\":\"https:\/\/geoclimate.ge\/fr\/products\/\"},{\"@type\":\"ListItem\",\"position\":3,\"name\":\"Enregistreur de donn\u00e9es Meteo-40L plus\"}]},{\"@type\":\"WebSite\",\"@id\":\"https:\/\/geoclimate.ge\/#website\",\"url\":\"https:\/\/geoclimate.ge\/\",\"name\":\"GeoClimate\",\"description\":\"\",\"publisher\":{\"@id\":\"https:\/\/geoclimate.ge\/#organization\"},\"potentialAction\":[{\"@type\":\"SearchAction\",\"target\":{\"@type\":\"EntryPoint\",\"urlTemplate\":\"https:\/\/geoclimate.ge\/?s={search_term_string}\"},\"query-input\":{\"@type\":\"PropertyValueSpecification\",\"valueRequired\":true,\"valueName\":\"search_term_string\"}}],\"inLanguage\":\"fr-FR\"},{\"@type\":\"Organization\",\"@id\":\"https:\/\/geoclimate.ge\/#organization\",\"name\":\"GeoClimate\",\"url\":\"https:\/\/geoclimate.ge\/\",\"logo\":{\"@type\":\"ImageObject\",\"inLanguage\":\"fr-FR\",\"@id\":\"https:\/\/geoclimate.ge\/#\/schema\/logo\/image\/\",\"url\":\"https:\/\/geoclimate.ge\/wp-content\/uploads\/2026\/03\/geoclimate-SEO.png\",\"contentUrl\":\"https:\/\/geoclimate.ge\/wp-content\/uploads\/2026\/03\/geoclimate-SEO.png\",\"width\":1536,\"height\":1024,\"caption\":\"GeoClimate\"},\"image\":{\"@id\":\"https:\/\/geoclimate.ge\/#\/schema\/logo\/image\/\"}}]}<\/script>\n<!-- \/ Yoast SEO plugin. -->","yoast_head_json":{"title":"Enregistreur de donn\u00e9es Meteo-40L plus - GeoClimate.ge","robots":{"index":"index","follow":"follow","max-snippet":"max-snippet:-1","max-image-preview":"max-image-preview:large","max-video-preview":"max-video-preview:-1"},"canonical":"https:\/\/geoclimate.ge\/fr\/produit\/meteo-40l-plus\/","og_locale":"fr_FR","og_type":"article","og_title":"Enregistreur de donn\u00e9es Meteo-40L plus - GeoClimate.ge","og_description":"R\u00e9f\u00e9rence de commande M31020","og_url":"https:\/\/geoclimate.ge\/fr\/produit\/meteo-40l-plus\/","og_site_name":"GeoClimate.ge","article_modified_time":"2025-05-17T14:06:47+00:00","og_image":[{"width":490,"height":490,"url":"https:\/\/geoclimate.ge\/wp-content\/uploads\/2025\/05\/datalogger-ammonit-meteo40.jpg__490x490_q85_crop_subsampling-2_upscale-1.jpg","type":"image\/jpeg"}],"twitter_card":"summary_large_image","twitter_misc":{"Dur\u00e9e de lecture estim\u00e9e":"2 minutes"},"schema":{"@context":"https:\/\/schema.org","@graph":[{"@type":"WebPage","@id":"https:\/\/geoclimate.ge\/fr\/produit\/meteo-40l-plus\/","url":"https:\/\/geoclimate.ge\/fr\/produit\/meteo-40l-plus\/","name":"Enregistreur de donn\u00e9es Meteo-40L plus - GeoClimate.ge","isPartOf":{"@id":"https:\/\/geoclimate.ge\/#website"},"primaryImageOfPage":{"@id":"https:\/\/geoclimate.ge\/fr\/produit\/meteo-40l-plus\/#primaryimage"},"image":{"@id":"https:\/\/geoclimate.ge\/fr\/produit\/meteo-40l-plus\/#primaryimage"},"thumbnailUrl":"https:\/\/geoclimate.ge\/wp-content\/uploads\/2025\/05\/datalogger-ammonit-meteo40.jpg__490x490_q85_crop_subsampling-2_upscale-1.jpg","datePublished":"2025-05-17T13:58:54+00:00","dateModified":"2025-05-17T14:06:47+00:00","breadcrumb":{"@id":"https:\/\/geoclimate.ge\/fr\/produit\/meteo-40l-plus\/#breadcrumb"},"inLanguage":"fr-FR","potentialAction":[{"@type":"ReadAction","target":["https:\/\/geoclimate.ge\/fr\/produit\/meteo-40l-plus\/"]}]},{"@type":"ImageObject","inLanguage":"fr-FR","@id":"https:\/\/geoclimate.ge\/fr\/produit\/meteo-40l-plus\/#primaryimage","url":"https:\/\/geoclimate.ge\/wp-content\/uploads\/2025\/05\/datalogger-ammonit-meteo40.jpg__490x490_q85_crop_subsampling-2_upscale-1.jpg","contentUrl":"https:\/\/geoclimate.ge\/wp-content\/uploads\/2025\/05\/datalogger-ammonit-meteo40.jpg__490x490_q85_crop_subsampling-2_upscale-1.jpg","width":490,"height":490},{"@type":"BreadcrumbList","@id":"https:\/\/geoclimate.ge\/fr\/produit\/meteo-40l-plus\/#breadcrumb","itemListElement":[{"@type":"ListItem","position":1,"name":"Home","item":"https:\/\/geoclimate.ge\/fr\/"},{"@type":"ListItem","position":2,"name":"Products","item":"https:\/\/geoclimate.ge\/fr\/products\/"},{"@type":"ListItem","position":3,"name":"Enregistreur de donn\u00e9es Meteo-40L plus"}]},{"@type":"WebSite","@id":"https:\/\/geoclimate.ge\/#website","url":"https:\/\/geoclimate.ge\/","name":"GeoClimate","description":"","publisher":{"@id":"https:\/\/geoclimate.ge\/#organization"},"potentialAction":[{"@type":"SearchAction","target":{"@type":"EntryPoint","urlTemplate":"https:\/\/geoclimate.ge\/?s={search_term_string}"},"query-input":{"@type":"PropertyValueSpecification","valueRequired":true,"valueName":"search_term_string"}}],"inLanguage":"fr-FR"},{"@type":"Organization","@id":"https:\/\/geoclimate.ge\/#organization","name":"GeoClimate","url":"https:\/\/geoclimate.ge\/","logo":{"@type":"ImageObject","inLanguage":"fr-FR","@id":"https:\/\/geoclimate.ge\/#\/schema\/logo\/image\/","url":"https:\/\/geoclimate.ge\/wp-content\/uploads\/2026\/03\/geoclimate-SEO.png","contentUrl":"https:\/\/geoclimate.ge\/wp-content\/uploads\/2026\/03\/geoclimate-SEO.png","width":1536,"height":1024,"caption":"GeoClimate"},"image":{"@id":"https:\/\/geoclimate.ge\/#\/schema\/logo\/image\/"}}]}},"_links":{"self":[{"href":"https:\/\/geoclimate.ge\/fr\/wp-json\/wp\/v2\/product\/31749","targetHints":{"allow":["GET"]}}],"collection":[{"href":"https:\/\/geoclimate.ge\/fr\/wp-json\/wp\/v2\/product"}],"about":[{"href":"https:\/\/geoclimate.ge\/fr\/wp-json\/wp\/v2\/types\/product"}],"wp:featuredmedia":[{"embeddable":true,"href":"https:\/\/geoclimate.ge\/fr\/wp-json\/wp\/v2\/media\/31743"}],"wp:attachment":[{"href":"https:\/\/geoclimate.ge\/fr\/wp-json\/wp\/v2\/media?parent=31749"}],"wp:term":[{"taxonomy":"product_brand","embeddable":true,"href":"https:\/\/geoclimate.ge\/fr\/wp-json\/wp\/v2\/product_brand?post=31749"},{"taxonomy":"product_cat","embeddable":true,"href":"https:\/\/geoclimate.ge\/fr\/wp-json\/wp\/v2\/product_cat?post=31749"},{"taxonomy":"product_tag","embeddable":true,"href":"https:\/\/geoclimate.ge\/fr\/wp-json\/wp\/v2\/product_tag?post=31749"}],"curies":[{"name":"wp","href":"https:\/\/api.w.org\/{rel}","templated":true}]}}