{"id":31845,"date":"2025-05-17T23:24:10","date_gmt":"2025-05-17T19:24:10","guid":{"rendered":"https:\/\/airsystems.ge\/shop\/product\/module-for-10-ports-rs-485-2-wire-5v-output-isolated-repeater\/"},"modified":"2025-05-17T23:25:48","modified_gmt":"2025-05-17T19:25:48","slug":"module-for-10-ports-rs-485-2-wire-5v-output-isolated-repeater","status":"publish","type":"product","link":"https:\/\/geoclimate.ge\/fr\/produit\/module-for-10-ports-rs-485-2-wire-5v-output-isolated-repeater\/","title":{"rendered":"Module 10 ports, RS-485 2 fils, sortie 5 V + r\u00e9p\u00e9teur isol\u00e9"},"content":{"rendered":"<ul>\n<li>Le module M83575 d&rsquo;Ammonit comprend deux modules con\u00e7us pour assurer une transmission de donn\u00e9es stable sur des connexions RS-485 2 fils entre l&rsquo;enregistreur de donn\u00e9es Meteo-40 et diff\u00e9rents capteurs\u00a0:M83570 Module de polarisation pour RS-485 (semi-duplex, r\u00e9glage de la tension de polarisation sur les lignes de donn\u00e9es conform\u00e9ment \u00e0 la sp\u00e9cification RS-485)<br \/>\nM84100 R\u00e9p\u00e9teur d&rsquo;isolation I-7510 pour RS-485 (semi-duplex, protection contre les surtensions, isolation galvanique entre le capteur et l&rsquo;enregistreur de donn\u00e9es)<\/li>\n<\/ul>\n","protected":false},"excerpt":{"rendered":"<h3>R\u00e9f\u00e9rence<\/h3>\n<p>M83575<\/p>\n","protected":false},"featured_media":31838,"template":"","meta":[],"product_brand":[],"product_cat":[1542,1335,1548],"product_tag":[],"class_list":{"0":"post-31845","1":"product","2":"type-product","3":"status-publish","4":"has-post-thumbnail","6":"product_cat-accessoires-pour-enregistreurs-de-donnees","7":"product_cat-energies-renouvelables-mesure-de-lenergie-eolienne-et-solaire-fr","8":"product_cat-modules-fr-accessoires-pour-enregistreurs-de-donnees","10":"first","11":"instock","12":"shipping-taxable","13":"product-type-simple"},"yoast_head":"<!-- This site is optimized with the Yoast SEO plugin v27.1.1 - https:\/\/yoast.com\/product\/yoast-seo-wordpress\/ -->\n<title>Module 10 ports, RS-485 2 fils, sortie 5 V + r\u00e9p\u00e9teur isol\u00e9 - GeoClimate.ge<\/title>\n<meta name=\"robots\" content=\"index, follow, max-snippet:-1, max-image-preview:large, max-video-preview:-1\" \/>\n<link rel=\"canonical\" href=\"https:\/\/geoclimate.ge\/fr\/produit\/module-for-10-ports-rs-485-2-wire-5v-output-isolated-repeater\/\" \/>\n<meta property=\"og:locale\" content=\"fr_FR\" \/>\n<meta property=\"og:type\" content=\"article\" \/>\n<meta property=\"og:title\" content=\"Module 10 ports, RS-485 2 fils, sortie 5 V + r\u00e9p\u00e9teur isol\u00e9 - GeoClimate.ge\" \/>\n<meta property=\"og:description\" content=\"R\u00e9f\u00e9rence M83575\" \/>\n<meta property=\"og:url\" content=\"https:\/\/geoclimate.ge\/fr\/produit\/module-for-10-ports-rs-485-2-wire-5v-output-isolated-repeater\/\" \/>\n<meta property=\"og:site_name\" content=\"GeoClimate.ge\" \/>\n<meta property=\"article:modified_time\" content=\"2025-05-17T19:25:48+00:00\" \/>\n<meta property=\"og:image\" content=\"https:\/\/geoclimate.ge\/wp-content\/uploads\/2025\/05\/module-ammonit.jpg__490x490_q85_crop_subsampling-2_upscale.jpg\" \/>\n\t<meta property=\"og:image:width\" content=\"490\" \/>\n\t<meta property=\"og:image:height\" content=\"490\" \/>\n\t<meta property=\"og:image:type\" content=\"image\/jpeg\" \/>\n<meta name=\"twitter:card\" content=\"summary_large_image\" \/>\n<script type=\"application\/ld+json\" class=\"yoast-schema-graph\">{\"@context\":\"https:\/\/schema.org\",\"@graph\":[{\"@type\":\"WebPage\",\"@id\":\"https:\/\/geoclimate.ge\/fr\/produit\/module-for-10-ports-rs-485-2-wire-5v-output-isolated-repeater\/\",\"url\":\"https:\/\/geoclimate.ge\/fr\/produit\/module-for-10-ports-rs-485-2-wire-5v-output-isolated-repeater\/\",\"name\":\"Module 10 ports, RS-485 2 fils, sortie 5 V + r\u00e9p\u00e9teur isol\u00e9 - GeoClimate.ge\",\"isPartOf\":{\"@id\":\"https:\/\/geoclimate.ge\/#website\"},\"primaryImageOfPage\":{\"@id\":\"https:\/\/geoclimate.ge\/fr\/produit\/module-for-10-ports-rs-485-2-wire-5v-output-isolated-repeater\/#primaryimage\"},\"image\":{\"@id\":\"https:\/\/geoclimate.ge\/fr\/produit\/module-for-10-ports-rs-485-2-wire-5v-output-isolated-repeater\/#primaryimage\"},\"thumbnailUrl\":\"https:\/\/geoclimate.ge\/wp-content\/uploads\/2025\/05\/module-ammonit.jpg__490x490_q85_crop_subsampling-2_upscale.jpg\",\"datePublished\":\"2025-05-17T19:24:10+00:00\",\"dateModified\":\"2025-05-17T19:25:48+00:00\",\"breadcrumb\":{\"@id\":\"https:\/\/geoclimate.ge\/fr\/produit\/module-for-10-ports-rs-485-2-wire-5v-output-isolated-repeater\/#breadcrumb\"},\"inLanguage\":\"fr-FR\",\"potentialAction\":[{\"@type\":\"ReadAction\",\"target\":[\"https:\/\/geoclimate.ge\/fr\/produit\/module-for-10-ports-rs-485-2-wire-5v-output-isolated-repeater\/\"]}]},{\"@type\":\"ImageObject\",\"inLanguage\":\"fr-FR\",\"@id\":\"https:\/\/geoclimate.ge\/fr\/produit\/module-for-10-ports-rs-485-2-wire-5v-output-isolated-repeater\/#primaryimage\",\"url\":\"https:\/\/geoclimate.ge\/wp-content\/uploads\/2025\/05\/module-ammonit.jpg__490x490_q85_crop_subsampling-2_upscale.jpg\",\"contentUrl\":\"https:\/\/geoclimate.ge\/wp-content\/uploads\/2025\/05\/module-ammonit.jpg__490x490_q85_crop_subsampling-2_upscale.jpg\",\"width\":490,\"height\":490},{\"@type\":\"BreadcrumbList\",\"@id\":\"https:\/\/geoclimate.ge\/fr\/produit\/module-for-10-ports-rs-485-2-wire-5v-output-isolated-repeater\/#breadcrumb\",\"itemListElement\":[{\"@type\":\"ListItem\",\"position\":1,\"name\":\"Home\",\"item\":\"https:\/\/geoclimate.ge\/fr\/\"},{\"@type\":\"ListItem\",\"position\":2,\"name\":\"Products\",\"item\":\"https:\/\/geoclimate.ge\/fr\/products\/\"},{\"@type\":\"ListItem\",\"position\":3,\"name\":\"Module 10 ports, RS-485 2 fils, sortie 5 V + r\u00e9p\u00e9teur isol\u00e9\"}]},{\"@type\":\"WebSite\",\"@id\":\"https:\/\/geoclimate.ge\/#website\",\"url\":\"https:\/\/geoclimate.ge\/\",\"name\":\"GeoClimate\",\"description\":\"\",\"publisher\":{\"@id\":\"https:\/\/geoclimate.ge\/#organization\"},\"potentialAction\":[{\"@type\":\"SearchAction\",\"target\":{\"@type\":\"EntryPoint\",\"urlTemplate\":\"https:\/\/geoclimate.ge\/?s={search_term_string}\"},\"query-input\":{\"@type\":\"PropertyValueSpecification\",\"valueRequired\":true,\"valueName\":\"search_term_string\"}}],\"inLanguage\":\"fr-FR\"},{\"@type\":\"Organization\",\"@id\":\"https:\/\/geoclimate.ge\/#organization\",\"name\":\"GeoClimate\",\"url\":\"https:\/\/geoclimate.ge\/\",\"logo\":{\"@type\":\"ImageObject\",\"inLanguage\":\"fr-FR\",\"@id\":\"https:\/\/geoclimate.ge\/#\/schema\/logo\/image\/\",\"url\":\"https:\/\/geoclimate.ge\/wp-content\/uploads\/2026\/03\/geoclimate-SEO.png\",\"contentUrl\":\"https:\/\/geoclimate.ge\/wp-content\/uploads\/2026\/03\/geoclimate-SEO.png\",\"width\":1536,\"height\":1024,\"caption\":\"GeoClimate\"},\"image\":{\"@id\":\"https:\/\/geoclimate.ge\/#\/schema\/logo\/image\/\"}}]}<\/script>\n<!-- \/ Yoast SEO plugin. -->","yoast_head_json":{"title":"Module 10 ports, RS-485 2 fils, sortie 5 V + r\u00e9p\u00e9teur isol\u00e9 - GeoClimate.ge","robots":{"index":"index","follow":"follow","max-snippet":"max-snippet:-1","max-image-preview":"max-image-preview:large","max-video-preview":"max-video-preview:-1"},"canonical":"https:\/\/geoclimate.ge\/fr\/produit\/module-for-10-ports-rs-485-2-wire-5v-output-isolated-repeater\/","og_locale":"fr_FR","og_type":"article","og_title":"Module 10 ports, RS-485 2 fils, sortie 5 V + r\u00e9p\u00e9teur isol\u00e9 - GeoClimate.ge","og_description":"R\u00e9f\u00e9rence M83575","og_url":"https:\/\/geoclimate.ge\/fr\/produit\/module-for-10-ports-rs-485-2-wire-5v-output-isolated-repeater\/","og_site_name":"GeoClimate.ge","article_modified_time":"2025-05-17T19:25:48+00:00","og_image":[{"width":490,"height":490,"url":"https:\/\/geoclimate.ge\/wp-content\/uploads\/2025\/05\/module-ammonit.jpg__490x490_q85_crop_subsampling-2_upscale.jpg","type":"image\/jpeg"}],"twitter_card":"summary_large_image","schema":{"@context":"https:\/\/schema.org","@graph":[{"@type":"WebPage","@id":"https:\/\/geoclimate.ge\/fr\/produit\/module-for-10-ports-rs-485-2-wire-5v-output-isolated-repeater\/","url":"https:\/\/geoclimate.ge\/fr\/produit\/module-for-10-ports-rs-485-2-wire-5v-output-isolated-repeater\/","name":"Module 10 ports, RS-485 2 fils, sortie 5 V + r\u00e9p\u00e9teur isol\u00e9 - GeoClimate.ge","isPartOf":{"@id":"https:\/\/geoclimate.ge\/#website"},"primaryImageOfPage":{"@id":"https:\/\/geoclimate.ge\/fr\/produit\/module-for-10-ports-rs-485-2-wire-5v-output-isolated-repeater\/#primaryimage"},"image":{"@id":"https:\/\/geoclimate.ge\/fr\/produit\/module-for-10-ports-rs-485-2-wire-5v-output-isolated-repeater\/#primaryimage"},"thumbnailUrl":"https:\/\/geoclimate.ge\/wp-content\/uploads\/2025\/05\/module-ammonit.jpg__490x490_q85_crop_subsampling-2_upscale.jpg","datePublished":"2025-05-17T19:24:10+00:00","dateModified":"2025-05-17T19:25:48+00:00","breadcrumb":{"@id":"https:\/\/geoclimate.ge\/fr\/produit\/module-for-10-ports-rs-485-2-wire-5v-output-isolated-repeater\/#breadcrumb"},"inLanguage":"fr-FR","potentialAction":[{"@type":"ReadAction","target":["https:\/\/geoclimate.ge\/fr\/produit\/module-for-10-ports-rs-485-2-wire-5v-output-isolated-repeater\/"]}]},{"@type":"ImageObject","inLanguage":"fr-FR","@id":"https:\/\/geoclimate.ge\/fr\/produit\/module-for-10-ports-rs-485-2-wire-5v-output-isolated-repeater\/#primaryimage","url":"https:\/\/geoclimate.ge\/wp-content\/uploads\/2025\/05\/module-ammonit.jpg__490x490_q85_crop_subsampling-2_upscale.jpg","contentUrl":"https:\/\/geoclimate.ge\/wp-content\/uploads\/2025\/05\/module-ammonit.jpg__490x490_q85_crop_subsampling-2_upscale.jpg","width":490,"height":490},{"@type":"BreadcrumbList","@id":"https:\/\/geoclimate.ge\/fr\/produit\/module-for-10-ports-rs-485-2-wire-5v-output-isolated-repeater\/#breadcrumb","itemListElement":[{"@type":"ListItem","position":1,"name":"Home","item":"https:\/\/geoclimate.ge\/fr\/"},{"@type":"ListItem","position":2,"name":"Products","item":"https:\/\/geoclimate.ge\/fr\/products\/"},{"@type":"ListItem","position":3,"name":"Module 10 ports, RS-485 2 fils, sortie 5 V + r\u00e9p\u00e9teur isol\u00e9"}]},{"@type":"WebSite","@id":"https:\/\/geoclimate.ge\/#website","url":"https:\/\/geoclimate.ge\/","name":"GeoClimate","description":"","publisher":{"@id":"https:\/\/geoclimate.ge\/#organization"},"potentialAction":[{"@type":"SearchAction","target":{"@type":"EntryPoint","urlTemplate":"https:\/\/geoclimate.ge\/?s={search_term_string}"},"query-input":{"@type":"PropertyValueSpecification","valueRequired":true,"valueName":"search_term_string"}}],"inLanguage":"fr-FR"},{"@type":"Organization","@id":"https:\/\/geoclimate.ge\/#organization","name":"GeoClimate","url":"https:\/\/geoclimate.ge\/","logo":{"@type":"ImageObject","inLanguage":"fr-FR","@id":"https:\/\/geoclimate.ge\/#\/schema\/logo\/image\/","url":"https:\/\/geoclimate.ge\/wp-content\/uploads\/2026\/03\/geoclimate-SEO.png","contentUrl":"https:\/\/geoclimate.ge\/wp-content\/uploads\/2026\/03\/geoclimate-SEO.png","width":1536,"height":1024,"caption":"GeoClimate"},"image":{"@id":"https:\/\/geoclimate.ge\/#\/schema\/logo\/image\/"}}]}},"_links":{"self":[{"href":"https:\/\/geoclimate.ge\/fr\/wp-json\/wp\/v2\/product\/31845","targetHints":{"allow":["GET"]}}],"collection":[{"href":"https:\/\/geoclimate.ge\/fr\/wp-json\/wp\/v2\/product"}],"about":[{"href":"https:\/\/geoclimate.ge\/fr\/wp-json\/wp\/v2\/types\/product"}],"wp:featuredmedia":[{"embeddable":true,"href":"https:\/\/geoclimate.ge\/fr\/wp-json\/wp\/v2\/media\/31838"}],"wp:attachment":[{"href":"https:\/\/geoclimate.ge\/fr\/wp-json\/wp\/v2\/media?parent=31845"}],"wp:term":[{"taxonomy":"product_brand","embeddable":true,"href":"https:\/\/geoclimate.ge\/fr\/wp-json\/wp\/v2\/product_brand?post=31845"},{"taxonomy":"product_cat","embeddable":true,"href":"https:\/\/geoclimate.ge\/fr\/wp-json\/wp\/v2\/product_cat?post=31845"},{"taxonomy":"product_tag","embeddable":true,"href":"https:\/\/geoclimate.ge\/fr\/wp-json\/wp\/v2\/product_tag?post=31845"}],"curies":[{"name":"wp","href":"https:\/\/api.w.org\/{rel}","templated":true}]}}