{"id":31859,"date":"2025-05-17T23:28:32","date_gmt":"2025-05-17T19:28:32","guid":{"rendered":"https:\/\/airsystems.ge\/shop\/product\/module-for-10-ports-rs-485-2-wire-5v-output\/"},"modified":"2025-05-17T23:30:19","modified_gmt":"2025-05-17T19:30:19","slug":"module-for-10-ports-rs-485-2-wire-5v-output","status":"publish","type":"product","link":"https:\/\/geoclimate.ge\/fr\/produit\/module-for-10-ports-rs-485-2-wire-5v-output\/","title":{"rendered":"Module 10 ports, RS-485 2 fils, sortie 5 V"},"content":{"rendered":"<p>Le module M83575 d&rsquo;Ammonit comprend deux modules con\u00e7us pour assurer une transmission de donn\u00e9es stable sur des connexions RS-485 2 fils entre l&rsquo;enregistreur de donn\u00e9es Meteo-40 et diff\u00e9rents capteurs\u00a0:<\/p>\n<p>M83570 Module de polarisation pour RS-485 (semi-duplex, r\u00e9glage de la tension de polarisation sur les lignes de donn\u00e9es conform\u00e9ment \u00e0 la sp\u00e9cification RS-485)<br \/>\nM84100 R\u00e9p\u00e9teur d&rsquo;isolation I-7510 pour RS-485 (semi-duplex, protection contre les surtensions, isolation galvanique entre le capteur et l&rsquo;enregistreur de donn\u00e9es)<\/p>\n<table border=\"1\" width=\"562\" cellspacing=\"1\" cellpadding=\"1\">\n<thead>\n<tr>\n<th colspan=\"5\" scope=\"col\">Electrical characteristics (Default settings)<\/th>\n<\/tr>\n<\/thead>\n<tbody>\n<tr>\n<td>Parameter<\/td>\n<td>Pin \/ Ports<\/td>\n<td>Min<\/td>\n<td>Typical<\/td>\n<td>Max<\/td>\n<\/tr>\n<tr>\n<td>Supply voltage (DC)<br \/>\nQuiescent current<\/td>\n<td>14<\/td>\n<td>9 V<br \/>\n6 mA<\/td>\n<td><\/td>\n<td>32 V<\/td>\n<\/tr>\n<tr>\n<td>Output (5 V DC) (\u03d1 = 25\u00b0C)<\/td>\n<td>15<\/td>\n<td>5 V<br \/>\n110 mA<\/td>\n<td><\/td>\n<td>5.3 V<br \/>\n130 mA<\/td>\n<\/tr>\n<tr>\n<td>Low current limit to ground<br \/>\nPull-up resistor<\/td>\n<td>8, 12, 16<\/td>\n<td>0.97 mA<\/td>\n<td>1 mA<br \/>\n5.1 k\u03a9<\/td>\n<td>1.05 mA<\/td>\n<\/tr>\n<tr>\n<td>High current limit to ground<\/td>\n<td>9, 10, 11<\/td>\n<td>10.5 mA<\/td>\n<td>10 mA<\/td>\n<td>11.4 mA<\/td>\n<\/tr>\n<tr>\n<td>Pull-down resistor<\/td>\n<td>1, 5<\/td>\n<td>9900 \u03a9<\/td>\n<td>10 k\u03a9<\/td>\n<td>10100 \u03a9<\/td>\n<\/tr>\n<tr>\n<td>Configurable ports (open)<\/td>\n<td>5, 6<\/td>\n<td><\/td>\n<td><\/td>\n<td><\/td>\n<\/tr>\n<tr>\n<td>RS485: TxD+\/RxD+, B+<br \/>\nRS485: TxD-\/RxD-,\u00a0 A-<\/td>\n<td>3<br \/>\n4<\/td>\n<td><\/td>\n<td><\/td>\n<td><\/td>\n<\/tr>\n<tr>\n<td>RS485 Bus termination<\/td>\n<td>3, 4 (Jumper 120 \u03a9)<\/td>\n<td><\/td>\n<td>120 \u03a9<\/td>\n<td><\/td>\n<\/tr>\n<tr>\n<td>RS485 Biasing<\/td>\n<td>Jumper V+, Jumper V-<\/td>\n<td><\/td>\n<td>680 \u03a9<\/td>\n<td><\/td>\n<\/tr>\n<tr>\n<td>Ground<\/td>\n<td>2, 13<\/td>\n<td><\/td>\n<td><\/td>\n<td><\/td>\n<\/tr>\n<tr>\n<td>Operating temperature<\/td>\n<td><\/td>\n<td>-40\u00b0C<\/td>\n<td><\/td>\n<td>+75\u00b0C<\/td>\n<\/tr>\n<tr>\n<td colspan=\"5\">Fuse T0.8A (time lag, slow-blow): 5 x 20 mm<\/td>\n<\/tr>\n<\/tbody>\n<\/table>\n<p>Housing dimension (width x height x depth): 22.5 x 110 x 115 mm<br \/>\nMounting on DIN-rail (35 x 7.5 mm)<br \/>\nTerminal: wire cross section from 0.25 to 1.5 mm\u00b2<\/p>\n","protected":false},"excerpt":{"rendered":"<h3>R\u00e9f\u00e9rence<\/h3>\n<p>M83570<\/p>\n","protected":false},"featured_media":31854,"template":"","meta":[],"product_brand":[],"product_cat":[1542,1335,1548],"product_tag":[],"class_list":{"0":"post-31859","1":"product","2":"type-product","3":"status-publish","4":"has-post-thumbnail","6":"product_cat-accessoires-pour-enregistreurs-de-donnees","7":"product_cat-energies-renouvelables-mesure-de-lenergie-eolienne-et-solaire-fr","8":"product_cat-modules-fr-accessoires-pour-enregistreurs-de-donnees","10":"first","11":"instock","12":"shipping-taxable","13":"product-type-simple"},"yoast_head":"<!-- This site is optimized with the Yoast SEO plugin v27.1.1 - https:\/\/yoast.com\/product\/yoast-seo-wordpress\/ -->\n<title>Module 10 ports, RS-485 2 fils, sortie 5 V - GeoClimate.ge<\/title>\n<meta name=\"robots\" content=\"index, follow, max-snippet:-1, max-image-preview:large, max-video-preview:-1\" \/>\n<link rel=\"canonical\" href=\"https:\/\/geoclimate.ge\/fr\/produit\/module-for-10-ports-rs-485-2-wire-5v-output\/\" \/>\n<meta property=\"og:locale\" content=\"fr_FR\" \/>\n<meta property=\"og:type\" content=\"article\" \/>\n<meta property=\"og:title\" content=\"Module 10 ports, RS-485 2 fils, sortie 5 V - GeoClimate.ge\" \/>\n<meta property=\"og:description\" content=\"R\u00e9f\u00e9rence M83570\" \/>\n<meta property=\"og:url\" content=\"https:\/\/geoclimate.ge\/fr\/produit\/module-for-10-ports-rs-485-2-wire-5v-output\/\" \/>\n<meta property=\"og:site_name\" content=\"GeoClimate.ge\" \/>\n<meta property=\"article:modified_time\" content=\"2025-05-17T19:30:19+00:00\" \/>\n<meta property=\"og:image\" content=\"https:\/\/geoclimate.ge\/wp-content\/uploads\/2025\/05\/module-ammonit.jpg__490x490_q85_crop_subsampling-2_upscale-1.jpg\" \/>\n\t<meta property=\"og:image:width\" content=\"490\" \/>\n\t<meta property=\"og:image:height\" content=\"490\" \/>\n\t<meta property=\"og:image:type\" content=\"image\/jpeg\" \/>\n<meta name=\"twitter:card\" content=\"summary_large_image\" \/>\n<meta name=\"twitter:label1\" content=\"Dur\u00e9e de lecture estim\u00e9e\" \/>\n\t<meta name=\"twitter:data1\" content=\"1 minute\" \/>\n<script type=\"application\/ld+json\" class=\"yoast-schema-graph\">{\"@context\":\"https:\/\/schema.org\",\"@graph\":[{\"@type\":\"WebPage\",\"@id\":\"https:\/\/geoclimate.ge\/fr\/produit\/module-for-10-ports-rs-485-2-wire-5v-output\/\",\"url\":\"https:\/\/geoclimate.ge\/fr\/produit\/module-for-10-ports-rs-485-2-wire-5v-output\/\",\"name\":\"Module 10 ports, RS-485 2 fils, sortie 5 V - GeoClimate.ge\",\"isPartOf\":{\"@id\":\"https:\/\/geoclimate.ge\/#website\"},\"primaryImageOfPage\":{\"@id\":\"https:\/\/geoclimate.ge\/fr\/produit\/module-for-10-ports-rs-485-2-wire-5v-output\/#primaryimage\"},\"image\":{\"@id\":\"https:\/\/geoclimate.ge\/fr\/produit\/module-for-10-ports-rs-485-2-wire-5v-output\/#primaryimage\"},\"thumbnailUrl\":\"https:\/\/geoclimate.ge\/wp-content\/uploads\/2025\/05\/module-ammonit.jpg__490x490_q85_crop_subsampling-2_upscale-1.jpg\",\"datePublished\":\"2025-05-17T19:28:32+00:00\",\"dateModified\":\"2025-05-17T19:30:19+00:00\",\"breadcrumb\":{\"@id\":\"https:\/\/geoclimate.ge\/fr\/produit\/module-for-10-ports-rs-485-2-wire-5v-output\/#breadcrumb\"},\"inLanguage\":\"fr-FR\",\"potentialAction\":[{\"@type\":\"ReadAction\",\"target\":[\"https:\/\/geoclimate.ge\/fr\/produit\/module-for-10-ports-rs-485-2-wire-5v-output\/\"]}]},{\"@type\":\"ImageObject\",\"inLanguage\":\"fr-FR\",\"@id\":\"https:\/\/geoclimate.ge\/fr\/produit\/module-for-10-ports-rs-485-2-wire-5v-output\/#primaryimage\",\"url\":\"https:\/\/geoclimate.ge\/wp-content\/uploads\/2025\/05\/module-ammonit.jpg__490x490_q85_crop_subsampling-2_upscale-1.jpg\",\"contentUrl\":\"https:\/\/geoclimate.ge\/wp-content\/uploads\/2025\/05\/module-ammonit.jpg__490x490_q85_crop_subsampling-2_upscale-1.jpg\",\"width\":490,\"height\":490},{\"@type\":\"BreadcrumbList\",\"@id\":\"https:\/\/geoclimate.ge\/fr\/produit\/module-for-10-ports-rs-485-2-wire-5v-output\/#breadcrumb\",\"itemListElement\":[{\"@type\":\"ListItem\",\"position\":1,\"name\":\"Home\",\"item\":\"https:\/\/geoclimate.ge\/fr\/\"},{\"@type\":\"ListItem\",\"position\":2,\"name\":\"Products\",\"item\":\"https:\/\/geoclimate.ge\/fr\/products\/\"},{\"@type\":\"ListItem\",\"position\":3,\"name\":\"Module 10 ports, RS-485 2 fils, sortie 5 V\"}]},{\"@type\":\"WebSite\",\"@id\":\"https:\/\/geoclimate.ge\/#website\",\"url\":\"https:\/\/geoclimate.ge\/\",\"name\":\"GeoClimate\",\"description\":\"\",\"publisher\":{\"@id\":\"https:\/\/geoclimate.ge\/#organization\"},\"potentialAction\":[{\"@type\":\"SearchAction\",\"target\":{\"@type\":\"EntryPoint\",\"urlTemplate\":\"https:\/\/geoclimate.ge\/?s={search_term_string}\"},\"query-input\":{\"@type\":\"PropertyValueSpecification\",\"valueRequired\":true,\"valueName\":\"search_term_string\"}}],\"inLanguage\":\"fr-FR\"},{\"@type\":\"Organization\",\"@id\":\"https:\/\/geoclimate.ge\/#organization\",\"name\":\"GeoClimate\",\"url\":\"https:\/\/geoclimate.ge\/\",\"logo\":{\"@type\":\"ImageObject\",\"inLanguage\":\"fr-FR\",\"@id\":\"https:\/\/geoclimate.ge\/#\/schema\/logo\/image\/\",\"url\":\"https:\/\/geoclimate.ge\/wp-content\/uploads\/2026\/03\/geoclimate-SEO.png\",\"contentUrl\":\"https:\/\/geoclimate.ge\/wp-content\/uploads\/2026\/03\/geoclimate-SEO.png\",\"width\":1536,\"height\":1024,\"caption\":\"GeoClimate\"},\"image\":{\"@id\":\"https:\/\/geoclimate.ge\/#\/schema\/logo\/image\/\"}}]}<\/script>\n<!-- \/ Yoast SEO plugin. -->","yoast_head_json":{"title":"Module 10 ports, RS-485 2 fils, sortie 5 V - GeoClimate.ge","robots":{"index":"index","follow":"follow","max-snippet":"max-snippet:-1","max-image-preview":"max-image-preview:large","max-video-preview":"max-video-preview:-1"},"canonical":"https:\/\/geoclimate.ge\/fr\/produit\/module-for-10-ports-rs-485-2-wire-5v-output\/","og_locale":"fr_FR","og_type":"article","og_title":"Module 10 ports, RS-485 2 fils, sortie 5 V - GeoClimate.ge","og_description":"R\u00e9f\u00e9rence M83570","og_url":"https:\/\/geoclimate.ge\/fr\/produit\/module-for-10-ports-rs-485-2-wire-5v-output\/","og_site_name":"GeoClimate.ge","article_modified_time":"2025-05-17T19:30:19+00:00","og_image":[{"width":490,"height":490,"url":"https:\/\/geoclimate.ge\/wp-content\/uploads\/2025\/05\/module-ammonit.jpg__490x490_q85_crop_subsampling-2_upscale-1.jpg","type":"image\/jpeg"}],"twitter_card":"summary_large_image","twitter_misc":{"Dur\u00e9e de lecture estim\u00e9e":"1 minute"},"schema":{"@context":"https:\/\/schema.org","@graph":[{"@type":"WebPage","@id":"https:\/\/geoclimate.ge\/fr\/produit\/module-for-10-ports-rs-485-2-wire-5v-output\/","url":"https:\/\/geoclimate.ge\/fr\/produit\/module-for-10-ports-rs-485-2-wire-5v-output\/","name":"Module 10 ports, RS-485 2 fils, sortie 5 V - GeoClimate.ge","isPartOf":{"@id":"https:\/\/geoclimate.ge\/#website"},"primaryImageOfPage":{"@id":"https:\/\/geoclimate.ge\/fr\/produit\/module-for-10-ports-rs-485-2-wire-5v-output\/#primaryimage"},"image":{"@id":"https:\/\/geoclimate.ge\/fr\/produit\/module-for-10-ports-rs-485-2-wire-5v-output\/#primaryimage"},"thumbnailUrl":"https:\/\/geoclimate.ge\/wp-content\/uploads\/2025\/05\/module-ammonit.jpg__490x490_q85_crop_subsampling-2_upscale-1.jpg","datePublished":"2025-05-17T19:28:32+00:00","dateModified":"2025-05-17T19:30:19+00:00","breadcrumb":{"@id":"https:\/\/geoclimate.ge\/fr\/produit\/module-for-10-ports-rs-485-2-wire-5v-output\/#breadcrumb"},"inLanguage":"fr-FR","potentialAction":[{"@type":"ReadAction","target":["https:\/\/geoclimate.ge\/fr\/produit\/module-for-10-ports-rs-485-2-wire-5v-output\/"]}]},{"@type":"ImageObject","inLanguage":"fr-FR","@id":"https:\/\/geoclimate.ge\/fr\/produit\/module-for-10-ports-rs-485-2-wire-5v-output\/#primaryimage","url":"https:\/\/geoclimate.ge\/wp-content\/uploads\/2025\/05\/module-ammonit.jpg__490x490_q85_crop_subsampling-2_upscale-1.jpg","contentUrl":"https:\/\/geoclimate.ge\/wp-content\/uploads\/2025\/05\/module-ammonit.jpg__490x490_q85_crop_subsampling-2_upscale-1.jpg","width":490,"height":490},{"@type":"BreadcrumbList","@id":"https:\/\/geoclimate.ge\/fr\/produit\/module-for-10-ports-rs-485-2-wire-5v-output\/#breadcrumb","itemListElement":[{"@type":"ListItem","position":1,"name":"Home","item":"https:\/\/geoclimate.ge\/fr\/"},{"@type":"ListItem","position":2,"name":"Products","item":"https:\/\/geoclimate.ge\/fr\/products\/"},{"@type":"ListItem","position":3,"name":"Module 10 ports, RS-485 2 fils, sortie 5 V"}]},{"@type":"WebSite","@id":"https:\/\/geoclimate.ge\/#website","url":"https:\/\/geoclimate.ge\/","name":"GeoClimate","description":"","publisher":{"@id":"https:\/\/geoclimate.ge\/#organization"},"potentialAction":[{"@type":"SearchAction","target":{"@type":"EntryPoint","urlTemplate":"https:\/\/geoclimate.ge\/?s={search_term_string}"},"query-input":{"@type":"PropertyValueSpecification","valueRequired":true,"valueName":"search_term_string"}}],"inLanguage":"fr-FR"},{"@type":"Organization","@id":"https:\/\/geoclimate.ge\/#organization","name":"GeoClimate","url":"https:\/\/geoclimate.ge\/","logo":{"@type":"ImageObject","inLanguage":"fr-FR","@id":"https:\/\/geoclimate.ge\/#\/schema\/logo\/image\/","url":"https:\/\/geoclimate.ge\/wp-content\/uploads\/2026\/03\/geoclimate-SEO.png","contentUrl":"https:\/\/geoclimate.ge\/wp-content\/uploads\/2026\/03\/geoclimate-SEO.png","width":1536,"height":1024,"caption":"GeoClimate"},"image":{"@id":"https:\/\/geoclimate.ge\/#\/schema\/logo\/image\/"}}]}},"_links":{"self":[{"href":"https:\/\/geoclimate.ge\/fr\/wp-json\/wp\/v2\/product\/31859","targetHints":{"allow":["GET"]}}],"collection":[{"href":"https:\/\/geoclimate.ge\/fr\/wp-json\/wp\/v2\/product"}],"about":[{"href":"https:\/\/geoclimate.ge\/fr\/wp-json\/wp\/v2\/types\/product"}],"wp:featuredmedia":[{"embeddable":true,"href":"https:\/\/geoclimate.ge\/fr\/wp-json\/wp\/v2\/media\/31854"}],"wp:attachment":[{"href":"https:\/\/geoclimate.ge\/fr\/wp-json\/wp\/v2\/media?parent=31859"}],"wp:term":[{"taxonomy":"product_brand","embeddable":true,"href":"https:\/\/geoclimate.ge\/fr\/wp-json\/wp\/v2\/product_brand?post=31859"},{"taxonomy":"product_cat","embeddable":true,"href":"https:\/\/geoclimate.ge\/fr\/wp-json\/wp\/v2\/product_cat?post=31859"},{"taxonomy":"product_tag","embeddable":true,"href":"https:\/\/geoclimate.ge\/fr\/wp-json\/wp\/v2\/product_tag?post=31859"}],"curies":[{"name":"wp","href":"https:\/\/api.w.org\/{rel}","templated":true}]}}