{"id":31905,"date":"2025-04-23T22:30:56","date_gmt":"2025-04-23T18:30:56","guid":{"rendered":"https:\/\/airsystems.ge\/shop\/product\/electrical-design\/"},"modified":"2025-05-20T12:44:03","modified_gmt":"2025-05-20T08:44:03","slug":"electrical-design","status":"publish","type":"product","link":"https:\/\/geoclimate.ge\/fr\/produit\/electrical-design\/","title":{"rendered":"Conception \u00e9lectrique"},"content":{"rendered":"","protected":false},"excerpt":{"rendered":"<p>La conception \u00e9lectrique implique la planification, la cr\u00e9ation, les tests ou la supervision du d\u00e9veloppement et de l&rsquo;installation d&rsquo;\u00e9quipements \u00e9lectriques, notamment les \u00e9quipements d&rsquo;\u00e9clairage, les syst\u00e8mes d&rsquo;alimentation, la distribution d&rsquo;\u00e9nergie, les syst\u00e8mes de s\u00e9curit\u00e9 incendie et de s\u00e9curit\u00e9 des personnes, les composants \u00e9lectroniques et les infrastructures de communication voix et donn\u00e9es.<\/p>\n","protected":false},"featured_media":31913,"template":"","meta":[],"product_brand":[],"product_cat":[1559,1319],"product_tag":[],"class_list":{"0":"post-31905","1":"product","2":"type-product","3":"status-publish","4":"has-post-thumbnail","6":"product_cat-conception-electrique","7":"product_cat-planification-de-la-conception-mep","9":"first","10":"instock","11":"shipping-taxable","12":"product-type-simple"},"yoast_head":"<!-- This site is optimized with the Yoast SEO plugin v27.1.1 - https:\/\/yoast.com\/product\/yoast-seo-wordpress\/ -->\n<title>Conception \u00e9lectrique - GeoClimate.ge<\/title>\n<meta name=\"robots\" content=\"index, follow, max-snippet:-1, max-image-preview:large, max-video-preview:-1\" \/>\n<link rel=\"canonical\" href=\"https:\/\/geoclimate.ge\/fr\/produit\/electrical-design\/\" \/>\n<meta property=\"og:locale\" content=\"fr_FR\" \/>\n<meta property=\"og:type\" content=\"article\" \/>\n<meta property=\"og:title\" content=\"Conception \u00e9lectrique - GeoClimate.ge\" \/>\n<meta property=\"og:description\" content=\"La conception \u00e9lectrique implique la planification, la cr\u00e9ation, les tests ou la supervision du d\u00e9veloppement et de l&#039;installation d&#039;\u00e9quipements \u00e9lectriques, notamment les \u00e9quipements d&#039;\u00e9clairage, les syst\u00e8mes d&#039;alimentation, la distribution d&#039;\u00e9nergie, les syst\u00e8mes de s\u00e9curit\u00e9 incendie et de s\u00e9curit\u00e9 des personnes, les composants \u00e9lectroniques et les infrastructures de communication voix et donn\u00e9es.\" \/>\n<meta property=\"og:url\" content=\"https:\/\/geoclimate.ge\/fr\/produit\/electrical-design\/\" \/>\n<meta property=\"og:site_name\" content=\"GeoClimate.ge\" \/>\n<meta property=\"article:modified_time\" content=\"2025-05-20T08:44:03+00:00\" \/>\n<meta property=\"og:image\" content=\"https:\/\/geoclimate.ge\/wp-content\/uploads\/2025\/04\/Four-Electrical-Software-for-Design-and-Analysis-of-Switchgear-in-the-Grid-for-Electrical-Engineers-and-Students.jpg\" \/>\n\t<meta property=\"og:image:width\" content=\"750\" \/>\n\t<meta property=\"og:image:height\" content=\"423\" \/>\n\t<meta property=\"og:image:type\" content=\"image\/jpeg\" \/>\n<meta name=\"twitter:card\" content=\"summary_large_image\" \/>\n<script type=\"application\/ld+json\" class=\"yoast-schema-graph\">{\"@context\":\"https:\/\/schema.org\",\"@graph\":[{\"@type\":\"WebPage\",\"@id\":\"https:\/\/geoclimate.ge\/fr\/produit\/electrical-design\/\",\"url\":\"https:\/\/geoclimate.ge\/fr\/produit\/electrical-design\/\",\"name\":\"Conception \u00e9lectrique - GeoClimate.ge\",\"isPartOf\":{\"@id\":\"https:\/\/geoclimate.ge\/#website\"},\"primaryImageOfPage\":{\"@id\":\"https:\/\/geoclimate.ge\/fr\/produit\/electrical-design\/#primaryimage\"},\"image\":{\"@id\":\"https:\/\/geoclimate.ge\/fr\/produit\/electrical-design\/#primaryimage\"},\"thumbnailUrl\":\"https:\/\/geoclimate.ge\/wp-content\/uploads\/2025\/04\/Four-Electrical-Software-for-Design-and-Analysis-of-Switchgear-in-the-Grid-for-Electrical-Engineers-and-Students.jpg\",\"datePublished\":\"2025-04-23T18:30:56+00:00\",\"dateModified\":\"2025-05-20T08:44:03+00:00\",\"breadcrumb\":{\"@id\":\"https:\/\/geoclimate.ge\/fr\/produit\/electrical-design\/#breadcrumb\"},\"inLanguage\":\"fr-FR\",\"potentialAction\":[{\"@type\":\"ReadAction\",\"target\":[\"https:\/\/geoclimate.ge\/fr\/produit\/electrical-design\/\"]}]},{\"@type\":\"ImageObject\",\"inLanguage\":\"fr-FR\",\"@id\":\"https:\/\/geoclimate.ge\/fr\/produit\/electrical-design\/#primaryimage\",\"url\":\"https:\/\/geoclimate.ge\/wp-content\/uploads\/2025\/04\/Four-Electrical-Software-for-Design-and-Analysis-of-Switchgear-in-the-Grid-for-Electrical-Engineers-and-Students.jpg\",\"contentUrl\":\"https:\/\/geoclimate.ge\/wp-content\/uploads\/2025\/04\/Four-Electrical-Software-for-Design-and-Analysis-of-Switchgear-in-the-Grid-for-Electrical-Engineers-and-Students.jpg\",\"width\":750,\"height\":423},{\"@type\":\"BreadcrumbList\",\"@id\":\"https:\/\/geoclimate.ge\/fr\/produit\/electrical-design\/#breadcrumb\",\"itemListElement\":[{\"@type\":\"ListItem\",\"position\":1,\"name\":\"Home\",\"item\":\"https:\/\/geoclimate.ge\/fr\/\"},{\"@type\":\"ListItem\",\"position\":2,\"name\":\"Products\",\"item\":\"https:\/\/geoclimate.ge\/fr\/products\/\"},{\"@type\":\"ListItem\",\"position\":3,\"name\":\"Conception \u00e9lectrique\"}]},{\"@type\":\"WebSite\",\"@id\":\"https:\/\/geoclimate.ge\/#website\",\"url\":\"https:\/\/geoclimate.ge\/\",\"name\":\"GeoClimate\",\"description\":\"\",\"publisher\":{\"@id\":\"https:\/\/geoclimate.ge\/#organization\"},\"potentialAction\":[{\"@type\":\"SearchAction\",\"target\":{\"@type\":\"EntryPoint\",\"urlTemplate\":\"https:\/\/geoclimate.ge\/?s={search_term_string}\"},\"query-input\":{\"@type\":\"PropertyValueSpecification\",\"valueRequired\":true,\"valueName\":\"search_term_string\"}}],\"inLanguage\":\"fr-FR\"},{\"@type\":\"Organization\",\"@id\":\"https:\/\/geoclimate.ge\/#organization\",\"name\":\"GeoClimate\",\"url\":\"https:\/\/geoclimate.ge\/\",\"logo\":{\"@type\":\"ImageObject\",\"inLanguage\":\"fr-FR\",\"@id\":\"https:\/\/geoclimate.ge\/#\/schema\/logo\/image\/\",\"url\":\"https:\/\/geoclimate.ge\/wp-content\/uploads\/2026\/03\/geoclimate-SEO.png\",\"contentUrl\":\"https:\/\/geoclimate.ge\/wp-content\/uploads\/2026\/03\/geoclimate-SEO.png\",\"width\":1536,\"height\":1024,\"caption\":\"GeoClimate\"},\"image\":{\"@id\":\"https:\/\/geoclimate.ge\/#\/schema\/logo\/image\/\"}}]}<\/script>\n<!-- \/ Yoast SEO plugin. -->","yoast_head_json":{"title":"Conception \u00e9lectrique - GeoClimate.ge","robots":{"index":"index","follow":"follow","max-snippet":"max-snippet:-1","max-image-preview":"max-image-preview:large","max-video-preview":"max-video-preview:-1"},"canonical":"https:\/\/geoclimate.ge\/fr\/produit\/electrical-design\/","og_locale":"fr_FR","og_type":"article","og_title":"Conception \u00e9lectrique - GeoClimate.ge","og_description":"La conception \u00e9lectrique implique la planification, la cr\u00e9ation, les tests ou la supervision du d\u00e9veloppement et de l'installation d'\u00e9quipements \u00e9lectriques, notamment les \u00e9quipements d'\u00e9clairage, les syst\u00e8mes d'alimentation, la distribution d'\u00e9nergie, les syst\u00e8mes de s\u00e9curit\u00e9 incendie et de s\u00e9curit\u00e9 des personnes, les composants \u00e9lectroniques et les infrastructures de communication voix et donn\u00e9es.","og_url":"https:\/\/geoclimate.ge\/fr\/produit\/electrical-design\/","og_site_name":"GeoClimate.ge","article_modified_time":"2025-05-20T08:44:03+00:00","og_image":[{"width":750,"height":423,"url":"https:\/\/geoclimate.ge\/wp-content\/uploads\/2025\/04\/Four-Electrical-Software-for-Design-and-Analysis-of-Switchgear-in-the-Grid-for-Electrical-Engineers-and-Students.jpg","type":"image\/jpeg"}],"twitter_card":"summary_large_image","schema":{"@context":"https:\/\/schema.org","@graph":[{"@type":"WebPage","@id":"https:\/\/geoclimate.ge\/fr\/produit\/electrical-design\/","url":"https:\/\/geoclimate.ge\/fr\/produit\/electrical-design\/","name":"Conception \u00e9lectrique - GeoClimate.ge","isPartOf":{"@id":"https:\/\/geoclimate.ge\/#website"},"primaryImageOfPage":{"@id":"https:\/\/geoclimate.ge\/fr\/produit\/electrical-design\/#primaryimage"},"image":{"@id":"https:\/\/geoclimate.ge\/fr\/produit\/electrical-design\/#primaryimage"},"thumbnailUrl":"https:\/\/geoclimate.ge\/wp-content\/uploads\/2025\/04\/Four-Electrical-Software-for-Design-and-Analysis-of-Switchgear-in-the-Grid-for-Electrical-Engineers-and-Students.jpg","datePublished":"2025-04-23T18:30:56+00:00","dateModified":"2025-05-20T08:44:03+00:00","breadcrumb":{"@id":"https:\/\/geoclimate.ge\/fr\/produit\/electrical-design\/#breadcrumb"},"inLanguage":"fr-FR","potentialAction":[{"@type":"ReadAction","target":["https:\/\/geoclimate.ge\/fr\/produit\/electrical-design\/"]}]},{"@type":"ImageObject","inLanguage":"fr-FR","@id":"https:\/\/geoclimate.ge\/fr\/produit\/electrical-design\/#primaryimage","url":"https:\/\/geoclimate.ge\/wp-content\/uploads\/2025\/04\/Four-Electrical-Software-for-Design-and-Analysis-of-Switchgear-in-the-Grid-for-Electrical-Engineers-and-Students.jpg","contentUrl":"https:\/\/geoclimate.ge\/wp-content\/uploads\/2025\/04\/Four-Electrical-Software-for-Design-and-Analysis-of-Switchgear-in-the-Grid-for-Electrical-Engineers-and-Students.jpg","width":750,"height":423},{"@type":"BreadcrumbList","@id":"https:\/\/geoclimate.ge\/fr\/produit\/electrical-design\/#breadcrumb","itemListElement":[{"@type":"ListItem","position":1,"name":"Home","item":"https:\/\/geoclimate.ge\/fr\/"},{"@type":"ListItem","position":2,"name":"Products","item":"https:\/\/geoclimate.ge\/fr\/products\/"},{"@type":"ListItem","position":3,"name":"Conception \u00e9lectrique"}]},{"@type":"WebSite","@id":"https:\/\/geoclimate.ge\/#website","url":"https:\/\/geoclimate.ge\/","name":"GeoClimate","description":"","publisher":{"@id":"https:\/\/geoclimate.ge\/#organization"},"potentialAction":[{"@type":"SearchAction","target":{"@type":"EntryPoint","urlTemplate":"https:\/\/geoclimate.ge\/?s={search_term_string}"},"query-input":{"@type":"PropertyValueSpecification","valueRequired":true,"valueName":"search_term_string"}}],"inLanguage":"fr-FR"},{"@type":"Organization","@id":"https:\/\/geoclimate.ge\/#organization","name":"GeoClimate","url":"https:\/\/geoclimate.ge\/","logo":{"@type":"ImageObject","inLanguage":"fr-FR","@id":"https:\/\/geoclimate.ge\/#\/schema\/logo\/image\/","url":"https:\/\/geoclimate.ge\/wp-content\/uploads\/2026\/03\/geoclimate-SEO.png","contentUrl":"https:\/\/geoclimate.ge\/wp-content\/uploads\/2026\/03\/geoclimate-SEO.png","width":1536,"height":1024,"caption":"GeoClimate"},"image":{"@id":"https:\/\/geoclimate.ge\/#\/schema\/logo\/image\/"}}]}},"_links":{"self":[{"href":"https:\/\/geoclimate.ge\/fr\/wp-json\/wp\/v2\/product\/31905","targetHints":{"allow":["GET"]}}],"collection":[{"href":"https:\/\/geoclimate.ge\/fr\/wp-json\/wp\/v2\/product"}],"about":[{"href":"https:\/\/geoclimate.ge\/fr\/wp-json\/wp\/v2\/types\/product"}],"wp:featuredmedia":[{"embeddable":true,"href":"https:\/\/geoclimate.ge\/fr\/wp-json\/wp\/v2\/media\/31913"}],"wp:attachment":[{"href":"https:\/\/geoclimate.ge\/fr\/wp-json\/wp\/v2\/media?parent=31905"}],"wp:term":[{"taxonomy":"product_brand","embeddable":true,"href":"https:\/\/geoclimate.ge\/fr\/wp-json\/wp\/v2\/product_brand?post=31905"},{"taxonomy":"product_cat","embeddable":true,"href":"https:\/\/geoclimate.ge\/fr\/wp-json\/wp\/v2\/product_cat?post=31905"},{"taxonomy":"product_tag","embeddable":true,"href":"https:\/\/geoclimate.ge\/fr\/wp-json\/wp\/v2\/product_tag?post=31905"}],"curies":[{"name":"wp","href":"https:\/\/api.w.org\/{rel}","templated":true}]}}