{"id":31964,"date":"2025-05-20T18:30:47","date_gmt":"2025-05-20T14:30:47","guid":{"rendered":"https:\/\/airsystems.ge\/shop\/product\/steel-cabinet-c6-for-meteo-40-plus\/"},"modified":"2025-05-20T18:33:03","modified_gmt":"2025-05-20T14:33:03","slug":"steel-cabinet-c6-for-meteo-40-plus","status":"publish","type":"product","link":"https:\/\/geoclimate.ge\/fr\/produit\/steel-cabinet-c6-for-meteo-40-plus\/","title":{"rendered":"Armoire en acier C6 pour Meteo-40 plus"},"content":{"rendered":"<h3>R\u00e9f\u00e9rence de commande d\u00e9taill\u00e9e<\/h3>\n<p>M16100 Coffret en acier C6 avec bornes pour METEO-40S<br \/>\nM16200 Coffret en acier C6 pour METEO-40S, pr\u00eat \u00e0 l&#8217;emploi<br \/>\nM26150 Coffret en acier C6 avec bornes \u00ab TMR \u00bb pour METEO-40M<br \/>\nM26100 Coffret en acier C6 avec bornes \u00ab POT \u00bb pour METEO-40M<br \/>\nM26200 Coffret en acier C6 pr\u00eat \u00e0 l&#8217;emploi pour METEO-40M<br \/>\nM36150 Coffret en acier C6 avec bornes \u00ab TMR \u00bb pour METEO-40L<br \/>\nM36100 Coffret en acier C6 avec bornes \u00ab POT \u00bb pour METEO-40L<br \/>\nM36200 Coffret en acier C6 pr\u00eat \u00e0 l&#8217;emploi pour METEO-40L<\/p>\n<p>Coffrets robustes en acier pour enregistreurs de donn\u00e9es Meteo-40 et plus<br \/>\nBo\u00eetier en acier robuste et r\u00e9sistant aux intemp\u00e9ries, certifi\u00e9 CE<br \/>\nInstallation et entretien faciles<br \/>\nProtection contre les intemp\u00e9ries et la condensation vandalisme, vol<br \/>\nh\u00e9bergement de composants optionnels<\/p>\n<table border=\"1\" width=\"538\" cellspacing=\"1\" cellpadding=\"1\">\n<thead>\n<tr>\n<th scope=\"col\"><span style=\"font-weight: 400;\">Characteristic<\/span><\/th>\n<th scope=\"col\"><span style=\"font-weight: 400;\">\u00a0<\/span><\/th>\n<\/tr>\n<\/thead>\n<tbody>\n<tr>\n<td>Application<\/td>\n<td>Standard projects with Meteo-40 data loggers<\/td>\n<\/tr>\n<tr>\n<td>Dimensions [mm]<\/td>\n<td>650 x 500 x 250<\/td>\n<\/tr>\n<tr>\n<td>Weight [kg]<\/td>\n<td>approx. 22<\/td>\n<\/tr>\n<tr>\n<td>Number of drillings for cable glands<\/td>\n<td>33 x M16<br \/>\n2 x M20<br \/>\n2 x M25<br \/>\n2 x M30<\/td>\n<\/tr>\n<tr>\n<td>Attachment points<\/td>\n<td>4 x \u00d8 10.3 mm<\/td>\n<\/tr>\n<tr>\n<td>Standard equipment<\/td>\n<td>Mounting plate<br \/>\n2x pressure compensation (M40)<br \/>\nDrainage device (M50)<br \/>\nPadlock<\/td>\n<\/tr>\n<tr>\n<td>Material<\/td>\n<td>Powder coated steel sheet<\/td>\n<\/tr>\n<tr>\n<td>Protection class<\/td>\n<td>IP 65<\/td>\n<\/tr>\n<tr>\n<td>Door hinges<\/td>\n<td>Right, polyurethan-sealant<\/td>\n<\/tr>\n<\/tbody>\n<\/table>\n","protected":false},"excerpt":{"rendered":"<h3>R\u00e9f\u00e9rence de commande<\/h3>\n<p>M16100 \/ M16200 \/ M26150 \/ M26100 \/ M26200 \/ M36150 \/ M36100 \/ M36200<\/p>\n","protected":false},"featured_media":31958,"template":"","meta":[],"product_brand":[],"product_cat":[1542,1554,1335],"product_tag":[],"class_list":{"0":"post-31964","1":"product","2":"type-product","3":"status-publish","4":"has-post-thumbnail","6":"product_cat-accessoires-pour-enregistreurs-de-donnees","7":"product_cat-coffret-en-acier","8":"product_cat-energies-renouvelables-mesure-de-lenergie-eolienne-et-solaire-fr","10":"first","11":"instock","12":"shipping-taxable","13":"product-type-simple"},"yoast_head":"<!-- This site is optimized with the Yoast SEO plugin v27.1.1 - https:\/\/yoast.com\/product\/yoast-seo-wordpress\/ -->\n<title>Armoire en acier C6 pour Meteo-40 plus - GeoClimate.ge<\/title>\n<meta name=\"robots\" content=\"index, follow, max-snippet:-1, max-image-preview:large, max-video-preview:-1\" \/>\n<link rel=\"canonical\" href=\"https:\/\/geoclimate.ge\/fr\/produit\/steel-cabinet-c6-for-meteo-40-plus\/\" \/>\n<meta property=\"og:locale\" content=\"fr_FR\" \/>\n<meta property=\"og:type\" content=\"article\" \/>\n<meta property=\"og:title\" content=\"Armoire en acier C6 pour Meteo-40 plus - GeoClimate.ge\" \/>\n<meta property=\"og:description\" content=\"R\u00e9f\u00e9rence de commande M16100 \/ M16200 \/ M26150 \/ M26100 \/ M26200 \/ M36150 \/ M36100 \/ M36200\" \/>\n<meta property=\"og:url\" content=\"https:\/\/geoclimate.ge\/fr\/produit\/steel-cabinet-c6-for-meteo-40-plus\/\" \/>\n<meta property=\"og:site_name\" content=\"GeoClimate.ge\" \/>\n<meta property=\"article:modified_time\" content=\"2025-05-20T14:33:03+00:00\" \/>\n<meta property=\"og:image\" content=\"https:\/\/geoclimate.ge\/wp-content\/uploads\/2025\/05\/ammonit-steel-cabinet.jpg__490x490_q85_crop_subsampling-2_upscale-1.jpg\" \/>\n\t<meta property=\"og:image:width\" content=\"490\" \/>\n\t<meta property=\"og:image:height\" content=\"490\" \/>\n\t<meta property=\"og:image:type\" content=\"image\/jpeg\" \/>\n<meta name=\"twitter:card\" content=\"summary_large_image\" \/>\n<meta name=\"twitter:label1\" content=\"Dur\u00e9e de lecture estim\u00e9e\" \/>\n\t<meta name=\"twitter:data1\" content=\"1 minute\" \/>\n<script type=\"application\/ld+json\" class=\"yoast-schema-graph\">{\"@context\":\"https:\/\/schema.org\",\"@graph\":[{\"@type\":\"WebPage\",\"@id\":\"https:\/\/geoclimate.ge\/fr\/produit\/steel-cabinet-c6-for-meteo-40-plus\/\",\"url\":\"https:\/\/geoclimate.ge\/fr\/produit\/steel-cabinet-c6-for-meteo-40-plus\/\",\"name\":\"Armoire en acier C6 pour Meteo-40 plus - GeoClimate.ge\",\"isPartOf\":{\"@id\":\"https:\/\/geoclimate.ge\/#website\"},\"primaryImageOfPage\":{\"@id\":\"https:\/\/geoclimate.ge\/fr\/produit\/steel-cabinet-c6-for-meteo-40-plus\/#primaryimage\"},\"image\":{\"@id\":\"https:\/\/geoclimate.ge\/fr\/produit\/steel-cabinet-c6-for-meteo-40-plus\/#primaryimage\"},\"thumbnailUrl\":\"https:\/\/geoclimate.ge\/wp-content\/uploads\/2025\/05\/ammonit-steel-cabinet.jpg__490x490_q85_crop_subsampling-2_upscale-1.jpg\",\"datePublished\":\"2025-05-20T14:30:47+00:00\",\"dateModified\":\"2025-05-20T14:33:03+00:00\",\"breadcrumb\":{\"@id\":\"https:\/\/geoclimate.ge\/fr\/produit\/steel-cabinet-c6-for-meteo-40-plus\/#breadcrumb\"},\"inLanguage\":\"fr-FR\",\"potentialAction\":[{\"@type\":\"ReadAction\",\"target\":[\"https:\/\/geoclimate.ge\/fr\/produit\/steel-cabinet-c6-for-meteo-40-plus\/\"]}]},{\"@type\":\"ImageObject\",\"inLanguage\":\"fr-FR\",\"@id\":\"https:\/\/geoclimate.ge\/fr\/produit\/steel-cabinet-c6-for-meteo-40-plus\/#primaryimage\",\"url\":\"https:\/\/geoclimate.ge\/wp-content\/uploads\/2025\/05\/ammonit-steel-cabinet.jpg__490x490_q85_crop_subsampling-2_upscale-1.jpg\",\"contentUrl\":\"https:\/\/geoclimate.ge\/wp-content\/uploads\/2025\/05\/ammonit-steel-cabinet.jpg__490x490_q85_crop_subsampling-2_upscale-1.jpg\",\"width\":490,\"height\":490},{\"@type\":\"BreadcrumbList\",\"@id\":\"https:\/\/geoclimate.ge\/fr\/produit\/steel-cabinet-c6-for-meteo-40-plus\/#breadcrumb\",\"itemListElement\":[{\"@type\":\"ListItem\",\"position\":1,\"name\":\"Home\",\"item\":\"https:\/\/geoclimate.ge\/fr\/\"},{\"@type\":\"ListItem\",\"position\":2,\"name\":\"Products\",\"item\":\"https:\/\/geoclimate.ge\/fr\/products\/\"},{\"@type\":\"ListItem\",\"position\":3,\"name\":\"Armoire en acier C6 pour Meteo-40 plus\"}]},{\"@type\":\"WebSite\",\"@id\":\"https:\/\/geoclimate.ge\/#website\",\"url\":\"https:\/\/geoclimate.ge\/\",\"name\":\"GeoClimate\",\"description\":\"\",\"publisher\":{\"@id\":\"https:\/\/geoclimate.ge\/#organization\"},\"potentialAction\":[{\"@type\":\"SearchAction\",\"target\":{\"@type\":\"EntryPoint\",\"urlTemplate\":\"https:\/\/geoclimate.ge\/?s={search_term_string}\"},\"query-input\":{\"@type\":\"PropertyValueSpecification\",\"valueRequired\":true,\"valueName\":\"search_term_string\"}}],\"inLanguage\":\"fr-FR\"},{\"@type\":\"Organization\",\"@id\":\"https:\/\/geoclimate.ge\/#organization\",\"name\":\"GeoClimate\",\"url\":\"https:\/\/geoclimate.ge\/\",\"logo\":{\"@type\":\"ImageObject\",\"inLanguage\":\"fr-FR\",\"@id\":\"https:\/\/geoclimate.ge\/#\/schema\/logo\/image\/\",\"url\":\"https:\/\/geoclimate.ge\/wp-content\/uploads\/2026\/03\/geoclimate-SEO.png\",\"contentUrl\":\"https:\/\/geoclimate.ge\/wp-content\/uploads\/2026\/03\/geoclimate-SEO.png\",\"width\":1536,\"height\":1024,\"caption\":\"GeoClimate\"},\"image\":{\"@id\":\"https:\/\/geoclimate.ge\/#\/schema\/logo\/image\/\"}}]}<\/script>\n<!-- \/ Yoast SEO plugin. -->","yoast_head_json":{"title":"Armoire en acier C6 pour Meteo-40 plus - GeoClimate.ge","robots":{"index":"index","follow":"follow","max-snippet":"max-snippet:-1","max-image-preview":"max-image-preview:large","max-video-preview":"max-video-preview:-1"},"canonical":"https:\/\/geoclimate.ge\/fr\/produit\/steel-cabinet-c6-for-meteo-40-plus\/","og_locale":"fr_FR","og_type":"article","og_title":"Armoire en acier C6 pour Meteo-40 plus - GeoClimate.ge","og_description":"R\u00e9f\u00e9rence de commande M16100 \/ M16200 \/ M26150 \/ M26100 \/ M26200 \/ M36150 \/ M36100 \/ M36200","og_url":"https:\/\/geoclimate.ge\/fr\/produit\/steel-cabinet-c6-for-meteo-40-plus\/","og_site_name":"GeoClimate.ge","article_modified_time":"2025-05-20T14:33:03+00:00","og_image":[{"width":490,"height":490,"url":"https:\/\/geoclimate.ge\/wp-content\/uploads\/2025\/05\/ammonit-steel-cabinet.jpg__490x490_q85_crop_subsampling-2_upscale-1.jpg","type":"image\/jpeg"}],"twitter_card":"summary_large_image","twitter_misc":{"Dur\u00e9e de lecture estim\u00e9e":"1 minute"},"schema":{"@context":"https:\/\/schema.org","@graph":[{"@type":"WebPage","@id":"https:\/\/geoclimate.ge\/fr\/produit\/steel-cabinet-c6-for-meteo-40-plus\/","url":"https:\/\/geoclimate.ge\/fr\/produit\/steel-cabinet-c6-for-meteo-40-plus\/","name":"Armoire en acier C6 pour Meteo-40 plus - GeoClimate.ge","isPartOf":{"@id":"https:\/\/geoclimate.ge\/#website"},"primaryImageOfPage":{"@id":"https:\/\/geoclimate.ge\/fr\/produit\/steel-cabinet-c6-for-meteo-40-plus\/#primaryimage"},"image":{"@id":"https:\/\/geoclimate.ge\/fr\/produit\/steel-cabinet-c6-for-meteo-40-plus\/#primaryimage"},"thumbnailUrl":"https:\/\/geoclimate.ge\/wp-content\/uploads\/2025\/05\/ammonit-steel-cabinet.jpg__490x490_q85_crop_subsampling-2_upscale-1.jpg","datePublished":"2025-05-20T14:30:47+00:00","dateModified":"2025-05-20T14:33:03+00:00","breadcrumb":{"@id":"https:\/\/geoclimate.ge\/fr\/produit\/steel-cabinet-c6-for-meteo-40-plus\/#breadcrumb"},"inLanguage":"fr-FR","potentialAction":[{"@type":"ReadAction","target":["https:\/\/geoclimate.ge\/fr\/produit\/steel-cabinet-c6-for-meteo-40-plus\/"]}]},{"@type":"ImageObject","inLanguage":"fr-FR","@id":"https:\/\/geoclimate.ge\/fr\/produit\/steel-cabinet-c6-for-meteo-40-plus\/#primaryimage","url":"https:\/\/geoclimate.ge\/wp-content\/uploads\/2025\/05\/ammonit-steel-cabinet.jpg__490x490_q85_crop_subsampling-2_upscale-1.jpg","contentUrl":"https:\/\/geoclimate.ge\/wp-content\/uploads\/2025\/05\/ammonit-steel-cabinet.jpg__490x490_q85_crop_subsampling-2_upscale-1.jpg","width":490,"height":490},{"@type":"BreadcrumbList","@id":"https:\/\/geoclimate.ge\/fr\/produit\/steel-cabinet-c6-for-meteo-40-plus\/#breadcrumb","itemListElement":[{"@type":"ListItem","position":1,"name":"Home","item":"https:\/\/geoclimate.ge\/fr\/"},{"@type":"ListItem","position":2,"name":"Products","item":"https:\/\/geoclimate.ge\/fr\/products\/"},{"@type":"ListItem","position":3,"name":"Armoire en acier C6 pour Meteo-40 plus"}]},{"@type":"WebSite","@id":"https:\/\/geoclimate.ge\/#website","url":"https:\/\/geoclimate.ge\/","name":"GeoClimate","description":"","publisher":{"@id":"https:\/\/geoclimate.ge\/#organization"},"potentialAction":[{"@type":"SearchAction","target":{"@type":"EntryPoint","urlTemplate":"https:\/\/geoclimate.ge\/?s={search_term_string}"},"query-input":{"@type":"PropertyValueSpecification","valueRequired":true,"valueName":"search_term_string"}}],"inLanguage":"fr-FR"},{"@type":"Organization","@id":"https:\/\/geoclimate.ge\/#organization","name":"GeoClimate","url":"https:\/\/geoclimate.ge\/","logo":{"@type":"ImageObject","inLanguage":"fr-FR","@id":"https:\/\/geoclimate.ge\/#\/schema\/logo\/image\/","url":"https:\/\/geoclimate.ge\/wp-content\/uploads\/2026\/03\/geoclimate-SEO.png","contentUrl":"https:\/\/geoclimate.ge\/wp-content\/uploads\/2026\/03\/geoclimate-SEO.png","width":1536,"height":1024,"caption":"GeoClimate"},"image":{"@id":"https:\/\/geoclimate.ge\/#\/schema\/logo\/image\/"}}]}},"_links":{"self":[{"href":"https:\/\/geoclimate.ge\/fr\/wp-json\/wp\/v2\/product\/31964","targetHints":{"allow":["GET"]}}],"collection":[{"href":"https:\/\/geoclimate.ge\/fr\/wp-json\/wp\/v2\/product"}],"about":[{"href":"https:\/\/geoclimate.ge\/fr\/wp-json\/wp\/v2\/types\/product"}],"wp:featuredmedia":[{"embeddable":true,"href":"https:\/\/geoclimate.ge\/fr\/wp-json\/wp\/v2\/media\/31958"}],"wp:attachment":[{"href":"https:\/\/geoclimate.ge\/fr\/wp-json\/wp\/v2\/media?parent=31964"}],"wp:term":[{"taxonomy":"product_brand","embeddable":true,"href":"https:\/\/geoclimate.ge\/fr\/wp-json\/wp\/v2\/product_brand?post=31964"},{"taxonomy":"product_cat","embeddable":true,"href":"https:\/\/geoclimate.ge\/fr\/wp-json\/wp\/v2\/product_cat?post=31964"},{"taxonomy":"product_tag","embeddable":true,"href":"https:\/\/geoclimate.ge\/fr\/wp-json\/wp\/v2\/product_tag?post=31964"}],"curies":[{"name":"wp","href":"https:\/\/api.w.org\/{rel}","templated":true}]}}