{"id":32083,"date":"2025-05-20T19:34:28","date_gmt":"2025-05-20T15:34:28","guid":{"rendered":"https:\/\/airsystems.ge\/shop\/product\/bat-detector-sm4bat\/"},"modified":"2025-05-20T19:37:24","modified_gmt":"2025-05-20T15:37:24","slug":"bat-detector-sm4bat","status":"publish","type":"product","link":"https:\/\/geoclimate.ge\/fr\/produit\/bat-detector-sm4bat\/","title":{"rendered":"D\u00e9tecteur de batterie SM4BAT"},"content":{"rendered":"<p>Surveillance acoustique p\u00e9riodique, saisonni\u00e8re ou \u00e0 long terme des chauves-souris<\/p>\n<p>L\u00e9ger, portable et enti\u00e8rement r\u00e9sistant aux intemp\u00e9ries<br \/>\nFacile \u00e0 installer et \u00e0 utiliser gr\u00e2ce \u00e0 son d\u00e9marrage rapide pratique<br \/>\nInt\u00e9gration ais\u00e9e aux syst\u00e8mes SCADA gr\u00e2ce \u00e0 l&rsquo;enregistreur de donn\u00e9es Ammonit Meteo-40<\/p>\n<p>Le SM4BAT est un enregistreur audio programmable et r\u00e9sistant aux intemp\u00e9ries, con\u00e7u pour la surveillance bioacoustique p\u00e9riodique, saisonni\u00e8re et \u00e0 long terme de la faune sauvage dans presque toutes les conditions environnementales. Vous pouvez programmer des enregistrements quotidiens pour r\u00e9pondre \u00e0 divers besoins, notamment des heures de lever et de coucher du soleil, des cycles de fonctionnement sp\u00e9cifiques avec des modes d&rsquo;enregistrement marche\/arr\u00eat, et une surveillance continue jour et nuit.<\/p>\n<p>Le SM4BAT optimise l&rsquo;autonomie de la batterie et la capacit\u00e9 m\u00e9moire pour des enregistrements prolong\u00e9s. Gr\u00e2ce aux emplacements m\u00e9moire et aux piles alcalines neuves, une utilisation typique peut enregistrer jusqu&rsquo;\u00e0 650 heures sur plusieurs mois.<br \/>\nFabriqu\u00e9 en polycarbonate robuste, le SM4BAT est deux fois plus l\u00e9ger et plus compact que le SM3BAT. Le support de montage int\u00e9gr\u00e9 et le couvercle de s\u00e9curit\u00e9 r\u00e9sistant aux intemp\u00e9ries maintiennent l&rsquo;appareil en s\u00e9curit\u00e9 et au sec dans les environnements les plus exigeants.<\/p>\n<p>Pour une prise en main rapide, le SM4BAT est dot\u00e9 d&rsquo;un tout nouveau menu de d\u00e9marrage rapide et d&rsquo;un planificateur intuitifs. Utilisez les programmes int\u00e9gr\u00e9s ou personnalisez-les selon vos besoins d&rsquo;enregistrement.<\/p>\n<p>&nbsp;<\/p>\n<table border=\"1\" width=\"594\" cellspacing=\"1\" cellpadding=\"1\">\n<thead>\n<tr>\n<th scope=\"col\"><span style=\"font-weight: 400;\">Characteristic<\/span><\/th>\n<th scope=\"col\"><span style=\"font-weight: 400;\">Description<\/span><\/th>\n<\/tr>\n<\/thead>\n<tbody>\n<tr>\n<td>Recording Channels<\/td>\n<td>2<\/td>\n<\/tr>\n<tr>\n<td>Recording Technologies<\/td>\n<td>16-bit PCM .wav<\/td>\n<\/tr>\n<tr>\n<td colspan=\"2\">Audio<\/td>\n<\/tr>\n<tr>\n<td>Amplifier Gain<\/td>\n<td>Preamp: 0 dB or 26 dB, Amplifier: 0 dB \u2026 59.5 dB in 0.5 dB steps<\/td>\n<\/tr>\n<tr>\n<td>Noise Floor<\/td>\n<td>-93 dBV, A-Weighted (@0 dB gain, HPF disabled)<\/td>\n<\/tr>\n<tr>\n<td>High Pass Filter<\/td>\n<td>220 Hz or 1 kHz<\/td>\n<\/tr>\n<tr>\n<td>Sample Rates [kHz]<\/td>\n<td>8, 12, 16, 22, 05, 24, 32, 44.1, 48, 96<\/td>\n<\/tr>\n<tr>\n<td>Microphone, internal<\/td>\n<td>Sensitivity: -35 \u00b14 dB (0 dB=1V\/pa@1kHz)<\/td>\n<\/tr>\n<tr>\n<td>Microphone, external (SMM-A2)<\/td>\n<td>Sensitivity: -9 \u00b14 dB (0 dB=1V\/pa@1kHz)<\/td>\n<\/tr>\n<tr>\n<td colspan=\"2\">Accessories<\/td>\n<\/tr>\n<tr>\n<td>Memory<\/td>\n<td>Class 4 or faster SDHC and SDXC (no reformat required),<br \/>\nup to 32 GB SDHC or up to 512 GB SDXC per slot<\/td>\n<\/tr>\n<tr>\n<td>Adapter<\/td>\n<td>Adapter RS-232 to RS-485 (optional:M88010)<\/td>\n<\/tr>\n<tr>\n<td>Optional<\/td>\n<td>Y-cable for external supply and RS-232<\/td>\n<\/tr>\n<tr>\n<td>Integrated<\/td>\n<td>RS-232 UART<\/td>\n<\/tr>\n<tr>\n<td>Bandrate<\/td>\n<td>19 200 or 38 400 automatically<br \/>\n8N1<\/td>\n<\/tr>\n<tr>\n<td colspan=\"2\">Supply<\/td>\n<\/tr>\n<tr>\n<td>Power Supply<\/td>\n<td>External: 5 \u2013 17 VDC<br \/>\nInternal: 4 standard D size disposable alkaline batteries<br \/>\nClock Backup Bat.: 3.0 VDC lithium CR2032<\/td>\n<\/tr>\n<tr>\n<td>Power Consumption<\/td>\n<td>Recording: 100 \u2013 180 mW, Sleeping: 1.8 mW<\/td>\n<\/tr>\n<tr>\n<td>Operating Temperature<\/td>\n<td>-20 \u00b0C to 85 \u00b0C<\/td>\n<\/tr>\n<tr>\n<td>Dimension<\/td>\n<td>218 mm x 152 mm x 78 mm (L x W x H)<\/td>\n<\/tr>\n<tr>\n<td>Weight with 4 D batteries<\/td>\n<td>1.3 kg<\/td>\n<\/tr>\n<tr>\n<td>Manufacturer<\/td>\n<td>Wildlife Acoustics, Inc.<\/td>\n<\/tr>\n<\/tbody>\n<\/table>\n","protected":false},"excerpt":{"rendered":"<h3>R\u00e9f\u00e9rence<\/h3>\n<p>SB1110<\/p>\n","protected":false},"featured_media":32072,"template":"","meta":[],"product_brand":[],"product_cat":[1542,1582,1335],"product_tag":[],"class_list":{"0":"post-32083","1":"product","2":"type-product","3":"status-publish","4":"has-post-thumbnail","6":"product_cat-accessoires-pour-enregistreurs-de-donnees","7":"product_cat-detection-de-batterie","8":"product_cat-energies-renouvelables-mesure-de-lenergie-eolienne-et-solaire-fr","10":"first","11":"instock","12":"shipping-taxable","13":"product-type-simple"},"yoast_head":"<!-- This site is optimized with the Yoast SEO plugin v27.1.1 - https:\/\/yoast.com\/product\/yoast-seo-wordpress\/ -->\n<title>D\u00e9tecteur de batterie SM4BAT - GeoClimate.ge<\/title>\n<meta name=\"robots\" content=\"index, follow, max-snippet:-1, max-image-preview:large, max-video-preview:-1\" \/>\n<link rel=\"canonical\" href=\"https:\/\/geoclimate.ge\/fr\/produit\/bat-detector-sm4bat\/\" \/>\n<meta property=\"og:locale\" content=\"fr_FR\" \/>\n<meta property=\"og:type\" content=\"article\" \/>\n<meta property=\"og:title\" content=\"D\u00e9tecteur de batterie SM4BAT - GeoClimate.ge\" \/>\n<meta property=\"og:description\" content=\"R\u00e9f\u00e9rence SB1110\" \/>\n<meta property=\"og:url\" content=\"https:\/\/geoclimate.ge\/fr\/produit\/bat-detector-sm4bat\/\" \/>\n<meta property=\"og:site_name\" content=\"GeoClimate.ge\" \/>\n<meta property=\"article:modified_time\" content=\"2025-05-20T15:37:24+00:00\" \/>\n<meta property=\"og:image\" content=\"https:\/\/geoclimate.ge\/wp-content\/uploads\/2025\/05\/sm4-bat-fs-photo.png__490x490_q85_crop_subsampling-2_upscale.png\" \/>\n\t<meta property=\"og:image:width\" content=\"490\" \/>\n\t<meta property=\"og:image:height\" content=\"490\" \/>\n\t<meta property=\"og:image:type\" content=\"image\/png\" \/>\n<meta name=\"twitter:card\" content=\"summary_large_image\" \/>\n<meta name=\"twitter:label1\" content=\"Dur\u00e9e de lecture estim\u00e9e\" \/>\n\t<meta name=\"twitter:data1\" content=\"2 minutes\" \/>\n<script type=\"application\/ld+json\" class=\"yoast-schema-graph\">{\"@context\":\"https:\/\/schema.org\",\"@graph\":[{\"@type\":\"WebPage\",\"@id\":\"https:\/\/geoclimate.ge\/fr\/produit\/bat-detector-sm4bat\/\",\"url\":\"https:\/\/geoclimate.ge\/fr\/produit\/bat-detector-sm4bat\/\",\"name\":\"D\u00e9tecteur de batterie SM4BAT - GeoClimate.ge\",\"isPartOf\":{\"@id\":\"https:\/\/geoclimate.ge\/#website\"},\"primaryImageOfPage\":{\"@id\":\"https:\/\/geoclimate.ge\/fr\/produit\/bat-detector-sm4bat\/#primaryimage\"},\"image\":{\"@id\":\"https:\/\/geoclimate.ge\/fr\/produit\/bat-detector-sm4bat\/#primaryimage\"},\"thumbnailUrl\":\"https:\/\/geoclimate.ge\/wp-content\/uploads\/2025\/05\/sm4-bat-fs-photo.png__490x490_q85_crop_subsampling-2_upscale.png\",\"datePublished\":\"2025-05-20T15:34:28+00:00\",\"dateModified\":\"2025-05-20T15:37:24+00:00\",\"breadcrumb\":{\"@id\":\"https:\/\/geoclimate.ge\/fr\/produit\/bat-detector-sm4bat\/#breadcrumb\"},\"inLanguage\":\"fr-FR\",\"potentialAction\":[{\"@type\":\"ReadAction\",\"target\":[\"https:\/\/geoclimate.ge\/fr\/produit\/bat-detector-sm4bat\/\"]}]},{\"@type\":\"ImageObject\",\"inLanguage\":\"fr-FR\",\"@id\":\"https:\/\/geoclimate.ge\/fr\/produit\/bat-detector-sm4bat\/#primaryimage\",\"url\":\"https:\/\/geoclimate.ge\/wp-content\/uploads\/2025\/05\/sm4-bat-fs-photo.png__490x490_q85_crop_subsampling-2_upscale.png\",\"contentUrl\":\"https:\/\/geoclimate.ge\/wp-content\/uploads\/2025\/05\/sm4-bat-fs-photo.png__490x490_q85_crop_subsampling-2_upscale.png\",\"width\":490,\"height\":490},{\"@type\":\"BreadcrumbList\",\"@id\":\"https:\/\/geoclimate.ge\/fr\/produit\/bat-detector-sm4bat\/#breadcrumb\",\"itemListElement\":[{\"@type\":\"ListItem\",\"position\":1,\"name\":\"Home\",\"item\":\"https:\/\/geoclimate.ge\/fr\/\"},{\"@type\":\"ListItem\",\"position\":2,\"name\":\"Products\",\"item\":\"https:\/\/geoclimate.ge\/fr\/products\/\"},{\"@type\":\"ListItem\",\"position\":3,\"name\":\"D\u00e9tecteur de batterie SM4BAT\"}]},{\"@type\":\"WebSite\",\"@id\":\"https:\/\/geoclimate.ge\/#website\",\"url\":\"https:\/\/geoclimate.ge\/\",\"name\":\"GeoClimate\",\"description\":\"\",\"publisher\":{\"@id\":\"https:\/\/geoclimate.ge\/#organization\"},\"potentialAction\":[{\"@type\":\"SearchAction\",\"target\":{\"@type\":\"EntryPoint\",\"urlTemplate\":\"https:\/\/geoclimate.ge\/?s={search_term_string}\"},\"query-input\":{\"@type\":\"PropertyValueSpecification\",\"valueRequired\":true,\"valueName\":\"search_term_string\"}}],\"inLanguage\":\"fr-FR\"},{\"@type\":\"Organization\",\"@id\":\"https:\/\/geoclimate.ge\/#organization\",\"name\":\"GeoClimate\",\"url\":\"https:\/\/geoclimate.ge\/\",\"logo\":{\"@type\":\"ImageObject\",\"inLanguage\":\"fr-FR\",\"@id\":\"https:\/\/geoclimate.ge\/#\/schema\/logo\/image\/\",\"url\":\"https:\/\/geoclimate.ge\/wp-content\/uploads\/2026\/03\/geoclimate-SEO.png\",\"contentUrl\":\"https:\/\/geoclimate.ge\/wp-content\/uploads\/2026\/03\/geoclimate-SEO.png\",\"width\":1536,\"height\":1024,\"caption\":\"GeoClimate\"},\"image\":{\"@id\":\"https:\/\/geoclimate.ge\/#\/schema\/logo\/image\/\"}}]}<\/script>\n<!-- \/ Yoast SEO plugin. -->","yoast_head_json":{"title":"D\u00e9tecteur de batterie SM4BAT - GeoClimate.ge","robots":{"index":"index","follow":"follow","max-snippet":"max-snippet:-1","max-image-preview":"max-image-preview:large","max-video-preview":"max-video-preview:-1"},"canonical":"https:\/\/geoclimate.ge\/fr\/produit\/bat-detector-sm4bat\/","og_locale":"fr_FR","og_type":"article","og_title":"D\u00e9tecteur de batterie SM4BAT - GeoClimate.ge","og_description":"R\u00e9f\u00e9rence SB1110","og_url":"https:\/\/geoclimate.ge\/fr\/produit\/bat-detector-sm4bat\/","og_site_name":"GeoClimate.ge","article_modified_time":"2025-05-20T15:37:24+00:00","og_image":[{"width":490,"height":490,"url":"https:\/\/geoclimate.ge\/wp-content\/uploads\/2025\/05\/sm4-bat-fs-photo.png__490x490_q85_crop_subsampling-2_upscale.png","type":"image\/png"}],"twitter_card":"summary_large_image","twitter_misc":{"Dur\u00e9e de lecture estim\u00e9e":"2 minutes"},"schema":{"@context":"https:\/\/schema.org","@graph":[{"@type":"WebPage","@id":"https:\/\/geoclimate.ge\/fr\/produit\/bat-detector-sm4bat\/","url":"https:\/\/geoclimate.ge\/fr\/produit\/bat-detector-sm4bat\/","name":"D\u00e9tecteur de batterie SM4BAT - GeoClimate.ge","isPartOf":{"@id":"https:\/\/geoclimate.ge\/#website"},"primaryImageOfPage":{"@id":"https:\/\/geoclimate.ge\/fr\/produit\/bat-detector-sm4bat\/#primaryimage"},"image":{"@id":"https:\/\/geoclimate.ge\/fr\/produit\/bat-detector-sm4bat\/#primaryimage"},"thumbnailUrl":"https:\/\/geoclimate.ge\/wp-content\/uploads\/2025\/05\/sm4-bat-fs-photo.png__490x490_q85_crop_subsampling-2_upscale.png","datePublished":"2025-05-20T15:34:28+00:00","dateModified":"2025-05-20T15:37:24+00:00","breadcrumb":{"@id":"https:\/\/geoclimate.ge\/fr\/produit\/bat-detector-sm4bat\/#breadcrumb"},"inLanguage":"fr-FR","potentialAction":[{"@type":"ReadAction","target":["https:\/\/geoclimate.ge\/fr\/produit\/bat-detector-sm4bat\/"]}]},{"@type":"ImageObject","inLanguage":"fr-FR","@id":"https:\/\/geoclimate.ge\/fr\/produit\/bat-detector-sm4bat\/#primaryimage","url":"https:\/\/geoclimate.ge\/wp-content\/uploads\/2025\/05\/sm4-bat-fs-photo.png__490x490_q85_crop_subsampling-2_upscale.png","contentUrl":"https:\/\/geoclimate.ge\/wp-content\/uploads\/2025\/05\/sm4-bat-fs-photo.png__490x490_q85_crop_subsampling-2_upscale.png","width":490,"height":490},{"@type":"BreadcrumbList","@id":"https:\/\/geoclimate.ge\/fr\/produit\/bat-detector-sm4bat\/#breadcrumb","itemListElement":[{"@type":"ListItem","position":1,"name":"Home","item":"https:\/\/geoclimate.ge\/fr\/"},{"@type":"ListItem","position":2,"name":"Products","item":"https:\/\/geoclimate.ge\/fr\/products\/"},{"@type":"ListItem","position":3,"name":"D\u00e9tecteur de batterie SM4BAT"}]},{"@type":"WebSite","@id":"https:\/\/geoclimate.ge\/#website","url":"https:\/\/geoclimate.ge\/","name":"GeoClimate","description":"","publisher":{"@id":"https:\/\/geoclimate.ge\/#organization"},"potentialAction":[{"@type":"SearchAction","target":{"@type":"EntryPoint","urlTemplate":"https:\/\/geoclimate.ge\/?s={search_term_string}"},"query-input":{"@type":"PropertyValueSpecification","valueRequired":true,"valueName":"search_term_string"}}],"inLanguage":"fr-FR"},{"@type":"Organization","@id":"https:\/\/geoclimate.ge\/#organization","name":"GeoClimate","url":"https:\/\/geoclimate.ge\/","logo":{"@type":"ImageObject","inLanguage":"fr-FR","@id":"https:\/\/geoclimate.ge\/#\/schema\/logo\/image\/","url":"https:\/\/geoclimate.ge\/wp-content\/uploads\/2026\/03\/geoclimate-SEO.png","contentUrl":"https:\/\/geoclimate.ge\/wp-content\/uploads\/2026\/03\/geoclimate-SEO.png","width":1536,"height":1024,"caption":"GeoClimate"},"image":{"@id":"https:\/\/geoclimate.ge\/#\/schema\/logo\/image\/"}}]}},"_links":{"self":[{"href":"https:\/\/geoclimate.ge\/fr\/wp-json\/wp\/v2\/product\/32083","targetHints":{"allow":["GET"]}}],"collection":[{"href":"https:\/\/geoclimate.ge\/fr\/wp-json\/wp\/v2\/product"}],"about":[{"href":"https:\/\/geoclimate.ge\/fr\/wp-json\/wp\/v2\/types\/product"}],"wp:featuredmedia":[{"embeddable":true,"href":"https:\/\/geoclimate.ge\/fr\/wp-json\/wp\/v2\/media\/32072"}],"wp:attachment":[{"href":"https:\/\/geoclimate.ge\/fr\/wp-json\/wp\/v2\/media?parent=32083"}],"wp:term":[{"taxonomy":"product_brand","embeddable":true,"href":"https:\/\/geoclimate.ge\/fr\/wp-json\/wp\/v2\/product_brand?post=32083"},{"taxonomy":"product_cat","embeddable":true,"href":"https:\/\/geoclimate.ge\/fr\/wp-json\/wp\/v2\/product_cat?post=32083"},{"taxonomy":"product_tag","embeddable":true,"href":"https:\/\/geoclimate.ge\/fr\/wp-json\/wp\/v2\/product_tag?post=32083"}],"curies":[{"name":"wp","href":"https:\/\/api.w.org\/{rel}","templated":true}]}}