{"id":32123,"date":"2025-05-20T19:55:44","date_gmt":"2025-05-20T15:55:44","guid":{"rendered":"https:\/\/airsystems.ge\/shop\/product\/overvoltage-protection-module-for-solar-supply\/"},"modified":"2025-05-20T19:58:34","modified_gmt":"2025-05-20T15:58:34","slug":"overvoltage-protection-module-for-solar-supply","status":"publish","type":"product","link":"https:\/\/geoclimate.ge\/fr\/produit\/overvoltage-protection-module-for-solar-supply\/","title":{"rendered":"Module de protection contre les surtensions pour alimentation solaire"},"content":{"rendered":"<ul>\n<li>Parafoudre hautes performances pour alimentation basse tension de 24 V CC nominal<br \/>\nAvec filtre passe-bas int\u00e9gr\u00e9<br \/>\nC\u00f4t\u00e9s prot\u00e9g\u00e9 et non prot\u00e9g\u00e9 strictement s\u00e9par\u00e9s<br \/>\nProtection contre les surtensions longitudinales et transversales<br \/>\nCourant de d\u00e9charge nominal \u00e9lev\u00e9 de 10 x 20 kA (8\/20 \u03bcs)<br \/>\nCourant de service jusqu&rsquo;\u00e0 6 A CC ou CA<br \/>\nMontage direct sur plaque de montage ou par encliquetage sur rail DIN 35 mm (EN 50022)<br \/>\nEx\u00e9cution sans entretien<\/li>\n<\/ul>\n<table border=\"1\" width=\"594\" cellspacing=\"1\" cellpadding=\"1\">\n<thead>\n<tr>\n<th scope=\"col\"><span style=\"font-weight: 400;\">Characteristic<\/span><\/th>\n<th scope=\"col\"><span style=\"font-weight: 400;\">Description \/ Value<\/span><\/th>\n<\/tr>\n<\/thead>\n<tbody>\n<tr>\n<td>Rated voltage<\/td>\n<td>UC = 24 V DC \/ 17 AC<\/td>\n<\/tr>\n<tr>\n<td>Max. operating voltage<\/td>\n<td>Umax = 27 V DC \/ 20 V AC<\/td>\n<\/tr>\n<tr>\n<td>Max. operating current<\/td>\n<td>Imax = 6A<\/td>\n<\/tr>\n<tr>\n<td>Protection level line-ground at 1kV\/\u00b5s and Isn<\/td>\n<td>URes \u2264 800 V<\/td>\n<\/tr>\n<tr>\n<td>Protection level line-line typ. at 1kV\/\u00b5s and Isn<\/td>\n<td>URes = 37\/55<\/td>\n<\/tr>\n<tr>\n<td>Nominal impulse discharge current (10x at 8\/20 \u00b5s)<\/td>\n<td>Isn = 20 kA<\/td>\n<\/tr>\n<tr>\n<td>Operating temperature range<\/td>\n<td>-25 &#8230; +85 \u00b0C<\/td>\n<\/tr>\n<tr>\n<td>Manufacturer<\/td>\n<td>Leutron<\/td>\n<\/tr>\n<\/tbody>\n<\/table>\n","protected":false},"excerpt":{"rendered":"<h3>R\u00e9f\u00e9rence<\/h3>\n<p>M81220<\/p>\n","protected":false},"featured_media":32110,"template":"","meta":[],"product_brand":[],"product_cat":[1542,1335,1594],"product_tag":[],"class_list":{"0":"post-32123","1":"product","2":"type-product","3":"status-publish","4":"has-post-thumbnail","6":"product_cat-accessoires-pour-enregistreurs-de-donnees","7":"product_cat-energies-renouvelables-mesure-de-lenergie-eolienne-et-solaire-fr","8":"product_cat-modules-de-protection-contre-les-surtensions","10":"first","11":"instock","12":"shipping-taxable","13":"product-type-simple"},"yoast_head":"<!-- This site is optimized with the Yoast SEO plugin v27.1.1 - https:\/\/yoast.com\/product\/yoast-seo-wordpress\/ -->\n<title>Module de protection contre les surtensions pour alimentation solaire - GeoClimate.ge<\/title>\n<meta name=\"robots\" content=\"index, follow, max-snippet:-1, max-image-preview:large, max-video-preview:-1\" \/>\n<link rel=\"canonical\" href=\"https:\/\/geoclimate.ge\/fr\/produit\/overvoltage-protection-module-for-solar-supply\/\" \/>\n<meta property=\"og:locale\" content=\"fr_FR\" \/>\n<meta property=\"og:type\" content=\"article\" \/>\n<meta property=\"og:title\" content=\"Module de protection contre les surtensions pour alimentation solaire - GeoClimate.ge\" \/>\n<meta property=\"og:description\" content=\"R\u00e9f\u00e9rence M81220\" \/>\n<meta property=\"og:url\" content=\"https:\/\/geoclimate.ge\/fr\/produit\/overvoltage-protection-module-for-solar-supply\/\" \/>\n<meta property=\"og:site_name\" content=\"GeoClimate.ge\" \/>\n<meta property=\"article:modified_time\" content=\"2025-05-20T15:58:34+00:00\" \/>\n<meta property=\"og:image\" content=\"https:\/\/geoclimate.ge\/wp-content\/uploads\/2025\/05\/ovp-leutron-enerpro-24tr.png__490x490_q85_crop_subsampling-2_upscale.png\" \/>\n\t<meta property=\"og:image:width\" content=\"490\" \/>\n\t<meta property=\"og:image:height\" content=\"490\" \/>\n\t<meta property=\"og:image:type\" content=\"image\/png\" \/>\n<meta name=\"twitter:card\" content=\"summary_large_image\" \/>\n<meta name=\"twitter:label1\" content=\"Dur\u00e9e de lecture estim\u00e9e\" \/>\n\t<meta name=\"twitter:data1\" content=\"1 minute\" \/>\n<script type=\"application\/ld+json\" class=\"yoast-schema-graph\">{\"@context\":\"https:\/\/schema.org\",\"@graph\":[{\"@type\":\"WebPage\",\"@id\":\"https:\/\/geoclimate.ge\/fr\/produit\/overvoltage-protection-module-for-solar-supply\/\",\"url\":\"https:\/\/geoclimate.ge\/fr\/produit\/overvoltage-protection-module-for-solar-supply\/\",\"name\":\"Module de protection contre les surtensions pour alimentation solaire - GeoClimate.ge\",\"isPartOf\":{\"@id\":\"https:\/\/geoclimate.ge\/#website\"},\"primaryImageOfPage\":{\"@id\":\"https:\/\/geoclimate.ge\/fr\/produit\/overvoltage-protection-module-for-solar-supply\/#primaryimage\"},\"image\":{\"@id\":\"https:\/\/geoclimate.ge\/fr\/produit\/overvoltage-protection-module-for-solar-supply\/#primaryimage\"},\"thumbnailUrl\":\"https:\/\/geoclimate.ge\/wp-content\/uploads\/2025\/05\/ovp-leutron-enerpro-24tr.png__490x490_q85_crop_subsampling-2_upscale.png\",\"datePublished\":\"2025-05-20T15:55:44+00:00\",\"dateModified\":\"2025-05-20T15:58:34+00:00\",\"breadcrumb\":{\"@id\":\"https:\/\/geoclimate.ge\/fr\/produit\/overvoltage-protection-module-for-solar-supply\/#breadcrumb\"},\"inLanguage\":\"fr-FR\",\"potentialAction\":[{\"@type\":\"ReadAction\",\"target\":[\"https:\/\/geoclimate.ge\/fr\/produit\/overvoltage-protection-module-for-solar-supply\/\"]}]},{\"@type\":\"ImageObject\",\"inLanguage\":\"fr-FR\",\"@id\":\"https:\/\/geoclimate.ge\/fr\/produit\/overvoltage-protection-module-for-solar-supply\/#primaryimage\",\"url\":\"https:\/\/geoclimate.ge\/wp-content\/uploads\/2025\/05\/ovp-leutron-enerpro-24tr.png__490x490_q85_crop_subsampling-2_upscale.png\",\"contentUrl\":\"https:\/\/geoclimate.ge\/wp-content\/uploads\/2025\/05\/ovp-leutron-enerpro-24tr.png__490x490_q85_crop_subsampling-2_upscale.png\",\"width\":490,\"height\":490},{\"@type\":\"BreadcrumbList\",\"@id\":\"https:\/\/geoclimate.ge\/fr\/produit\/overvoltage-protection-module-for-solar-supply\/#breadcrumb\",\"itemListElement\":[{\"@type\":\"ListItem\",\"position\":1,\"name\":\"Home\",\"item\":\"https:\/\/geoclimate.ge\/fr\/\"},{\"@type\":\"ListItem\",\"position\":2,\"name\":\"Products\",\"item\":\"https:\/\/geoclimate.ge\/fr\/products\/\"},{\"@type\":\"ListItem\",\"position\":3,\"name\":\"Module de protection contre les surtensions pour alimentation solaire\"}]},{\"@type\":\"WebSite\",\"@id\":\"https:\/\/geoclimate.ge\/#website\",\"url\":\"https:\/\/geoclimate.ge\/\",\"name\":\"GeoClimate\",\"description\":\"\",\"publisher\":{\"@id\":\"https:\/\/geoclimate.ge\/#organization\"},\"potentialAction\":[{\"@type\":\"SearchAction\",\"target\":{\"@type\":\"EntryPoint\",\"urlTemplate\":\"https:\/\/geoclimate.ge\/?s={search_term_string}\"},\"query-input\":{\"@type\":\"PropertyValueSpecification\",\"valueRequired\":true,\"valueName\":\"search_term_string\"}}],\"inLanguage\":\"fr-FR\"},{\"@type\":\"Organization\",\"@id\":\"https:\/\/geoclimate.ge\/#organization\",\"name\":\"GeoClimate\",\"url\":\"https:\/\/geoclimate.ge\/\",\"logo\":{\"@type\":\"ImageObject\",\"inLanguage\":\"fr-FR\",\"@id\":\"https:\/\/geoclimate.ge\/#\/schema\/logo\/image\/\",\"url\":\"https:\/\/geoclimate.ge\/wp-content\/uploads\/2026\/03\/geoclimate-SEO.png\",\"contentUrl\":\"https:\/\/geoclimate.ge\/wp-content\/uploads\/2026\/03\/geoclimate-SEO.png\",\"width\":1536,\"height\":1024,\"caption\":\"GeoClimate\"},\"image\":{\"@id\":\"https:\/\/geoclimate.ge\/#\/schema\/logo\/image\/\"}}]}<\/script>\n<!-- \/ Yoast SEO plugin. -->","yoast_head_json":{"title":"Module de protection contre les surtensions pour alimentation solaire - GeoClimate.ge","robots":{"index":"index","follow":"follow","max-snippet":"max-snippet:-1","max-image-preview":"max-image-preview:large","max-video-preview":"max-video-preview:-1"},"canonical":"https:\/\/geoclimate.ge\/fr\/produit\/overvoltage-protection-module-for-solar-supply\/","og_locale":"fr_FR","og_type":"article","og_title":"Module de protection contre les surtensions pour alimentation solaire - GeoClimate.ge","og_description":"R\u00e9f\u00e9rence M81220","og_url":"https:\/\/geoclimate.ge\/fr\/produit\/overvoltage-protection-module-for-solar-supply\/","og_site_name":"GeoClimate.ge","article_modified_time":"2025-05-20T15:58:34+00:00","og_image":[{"width":490,"height":490,"url":"https:\/\/geoclimate.ge\/wp-content\/uploads\/2025\/05\/ovp-leutron-enerpro-24tr.png__490x490_q85_crop_subsampling-2_upscale.png","type":"image\/png"}],"twitter_card":"summary_large_image","twitter_misc":{"Dur\u00e9e de lecture estim\u00e9e":"1 minute"},"schema":{"@context":"https:\/\/schema.org","@graph":[{"@type":"WebPage","@id":"https:\/\/geoclimate.ge\/fr\/produit\/overvoltage-protection-module-for-solar-supply\/","url":"https:\/\/geoclimate.ge\/fr\/produit\/overvoltage-protection-module-for-solar-supply\/","name":"Module de protection contre les surtensions pour alimentation solaire - GeoClimate.ge","isPartOf":{"@id":"https:\/\/geoclimate.ge\/#website"},"primaryImageOfPage":{"@id":"https:\/\/geoclimate.ge\/fr\/produit\/overvoltage-protection-module-for-solar-supply\/#primaryimage"},"image":{"@id":"https:\/\/geoclimate.ge\/fr\/produit\/overvoltage-protection-module-for-solar-supply\/#primaryimage"},"thumbnailUrl":"https:\/\/geoclimate.ge\/wp-content\/uploads\/2025\/05\/ovp-leutron-enerpro-24tr.png__490x490_q85_crop_subsampling-2_upscale.png","datePublished":"2025-05-20T15:55:44+00:00","dateModified":"2025-05-20T15:58:34+00:00","breadcrumb":{"@id":"https:\/\/geoclimate.ge\/fr\/produit\/overvoltage-protection-module-for-solar-supply\/#breadcrumb"},"inLanguage":"fr-FR","potentialAction":[{"@type":"ReadAction","target":["https:\/\/geoclimate.ge\/fr\/produit\/overvoltage-protection-module-for-solar-supply\/"]}]},{"@type":"ImageObject","inLanguage":"fr-FR","@id":"https:\/\/geoclimate.ge\/fr\/produit\/overvoltage-protection-module-for-solar-supply\/#primaryimage","url":"https:\/\/geoclimate.ge\/wp-content\/uploads\/2025\/05\/ovp-leutron-enerpro-24tr.png__490x490_q85_crop_subsampling-2_upscale.png","contentUrl":"https:\/\/geoclimate.ge\/wp-content\/uploads\/2025\/05\/ovp-leutron-enerpro-24tr.png__490x490_q85_crop_subsampling-2_upscale.png","width":490,"height":490},{"@type":"BreadcrumbList","@id":"https:\/\/geoclimate.ge\/fr\/produit\/overvoltage-protection-module-for-solar-supply\/#breadcrumb","itemListElement":[{"@type":"ListItem","position":1,"name":"Home","item":"https:\/\/geoclimate.ge\/fr\/"},{"@type":"ListItem","position":2,"name":"Products","item":"https:\/\/geoclimate.ge\/fr\/products\/"},{"@type":"ListItem","position":3,"name":"Module de protection contre les surtensions pour alimentation solaire"}]},{"@type":"WebSite","@id":"https:\/\/geoclimate.ge\/#website","url":"https:\/\/geoclimate.ge\/","name":"GeoClimate","description":"","publisher":{"@id":"https:\/\/geoclimate.ge\/#organization"},"potentialAction":[{"@type":"SearchAction","target":{"@type":"EntryPoint","urlTemplate":"https:\/\/geoclimate.ge\/?s={search_term_string}"},"query-input":{"@type":"PropertyValueSpecification","valueRequired":true,"valueName":"search_term_string"}}],"inLanguage":"fr-FR"},{"@type":"Organization","@id":"https:\/\/geoclimate.ge\/#organization","name":"GeoClimate","url":"https:\/\/geoclimate.ge\/","logo":{"@type":"ImageObject","inLanguage":"fr-FR","@id":"https:\/\/geoclimate.ge\/#\/schema\/logo\/image\/","url":"https:\/\/geoclimate.ge\/wp-content\/uploads\/2026\/03\/geoclimate-SEO.png","contentUrl":"https:\/\/geoclimate.ge\/wp-content\/uploads\/2026\/03\/geoclimate-SEO.png","width":1536,"height":1024,"caption":"GeoClimate"},"image":{"@id":"https:\/\/geoclimate.ge\/#\/schema\/logo\/image\/"}}]}},"_links":{"self":[{"href":"https:\/\/geoclimate.ge\/fr\/wp-json\/wp\/v2\/product\/32123","targetHints":{"allow":["GET"]}}],"collection":[{"href":"https:\/\/geoclimate.ge\/fr\/wp-json\/wp\/v2\/product"}],"about":[{"href":"https:\/\/geoclimate.ge\/fr\/wp-json\/wp\/v2\/types\/product"}],"wp:featuredmedia":[{"embeddable":true,"href":"https:\/\/geoclimate.ge\/fr\/wp-json\/wp\/v2\/media\/32110"}],"wp:attachment":[{"href":"https:\/\/geoclimate.ge\/fr\/wp-json\/wp\/v2\/media?parent=32123"}],"wp:term":[{"taxonomy":"product_brand","embeddable":true,"href":"https:\/\/geoclimate.ge\/fr\/wp-json\/wp\/v2\/product_brand?post=32123"},{"taxonomy":"product_cat","embeddable":true,"href":"https:\/\/geoclimate.ge\/fr\/wp-json\/wp\/v2\/product_cat?post=32123"},{"taxonomy":"product_tag","embeddable":true,"href":"https:\/\/geoclimate.ge\/fr\/wp-json\/wp\/v2\/product_tag?post=32123"}],"curies":[{"name":"wp","href":"https:\/\/api.w.org\/{rel}","templated":true}]}}