{"id":32229,"date":"2025-05-21T11:01:04","date_gmt":"2025-05-21T07:01:04","guid":{"rendered":"https:\/\/airsystems.ge\/shop\/product\/overvoltage-protection-citel-dla2-24d3\/"},"modified":"2025-05-21T11:03:06","modified_gmt":"2025-05-21T07:03:06","slug":"overvoltage-protection-citel-dla2-24d3","status":"publish","type":"product","link":"https:\/\/geoclimate.ge\/fr\/produit\/overvoltage-protection-citel-dla2-24d3\/","title":{"rendered":"Protection contre les surtensions Citel DLA2-24D3"},"content":{"rendered":"<p>Parafoudre de donn\u00e9es enfichable sur rail DIN 2 paires<br \/>\nConformit\u00e9 aux normes\u00a0: CEI 61643-21 \/ EN 61643-21<br \/>\nTechnologie\u00a0: GDT + diode de blocage<br \/>\nR\u00e9seau\u00a0: 4 &#8230; 20 mA<br \/>\nTension de service CC max.: 28\u00a0VDC<br \/>\nCourant de d\u00e9charge max.: 5\u00a0kA<br \/>\nDescription<br \/>\nLe DLA prot\u00e8ge les technologies de l&rsquo;information et de la communication, les \u00e9quipements de t\u00e9l\u00e9communication et les syst\u00e8mes informatiques contre les effets de la foudre et les surtensions.<\/p>\n<p>Le circuit \u00e9lectrique du DLA est compos\u00e9 d&rsquo;une combinaison de tubes \u00e0 d\u00e9charge \u00e0 gaz hautes performances et de diodes \u00e0 commutation rapide pour une capacit\u00e9 de d\u00e9charge \u00e9lev\u00e9e et un temps de r\u00e9ponse rapide.<\/p>\n<p>La connexion du blindage est \u00e9galement mise \u00e0 la terre par un tube \u00e0 d\u00e9charge \u00e0 gaz. La mise \u00e0 la terre s&rsquo;effectue facilement via le rail DIN. Lorsque le module enfichable est d\u00e9branch\u00e9, le signal de transmission n&rsquo;est pas interrompu.<\/p>\n<p>&nbsp;<\/p>\n<table border=\"1\" cellspacing=\"1\" cellpadding=\"1\">\n<thead>\n<tr>\n<th scope=\"col\"><span style=\"font-weight: 400;\">Characteristic<\/span><\/th>\n<th colspan=\"2\" rowspan=\"1\" scope=\"col\"><span style=\"font-weight: 400;\">Description \/ Value<\/span><\/th>\n<\/tr>\n<\/thead>\n<tbody>\n<tr>\n<td>Nominal line voltage<\/td>\n<td>Un<\/td>\n<td>24 V<\/td>\n<\/tr>\n<tr>\n<td>Max. DC operating voltage<\/td>\n<td>Uc<\/td>\n<td>28 V DC<\/td>\n<\/tr>\n<tr>\n<td>Max. discharge current<br \/>\nmax. withstand @ 8\/20 \u03bcs by pole<\/td>\n<td>Imax<\/td>\n<td>20 kA<\/td>\n<\/tr>\n<tr>\n<td>Protection level<br \/>\nFollowing the test category C3 (IEC61643-21) &#8211; Line\/Line<\/td>\n<td>Up<\/td>\n<td>40 V<\/td>\n<\/tr>\n<tr>\n<td>Nominal discharge current<br \/>\nC2 Category<\/td>\n<td>In<\/td>\n<td>5 kA<\/td>\n<\/tr>\n<tr>\n<td>Operating and storage temperature<\/td>\n<td colspan=\"2\" rowspan=\"1\">-40 &#8230; +85 \u00b0C<\/td>\n<\/tr>\n<tr>\n<td>Protection rating<\/td>\n<td colspan=\"2\" rowspan=\"1\">IP 20<\/td>\n<\/tr>\n<tr>\n<td>Manufacturer<\/td>\n<td colspan=\"2\" rowspan=\"1\">Citel<\/td>\n<\/tr>\n<\/tbody>\n<\/table>\n","protected":false},"excerpt":{"rendered":"<h3>R\u00e9f\u00e9rence<\/h3>\n<p>M81125.7\/M50010M<\/p>\n","protected":false},"featured_media":32200,"template":"","meta":[],"product_brand":[],"product_cat":[1542,1335,1594],"product_tag":[],"class_list":{"0":"post-32229","1":"product","2":"type-product","3":"status-publish","4":"has-post-thumbnail","6":"product_cat-accessoires-pour-enregistreurs-de-donnees","7":"product_cat-energies-renouvelables-mesure-de-lenergie-eolienne-et-solaire-fr","8":"product_cat-modules-de-protection-contre-les-surtensions","10":"first","11":"instock","12":"shipping-taxable","13":"product-type-simple"},"yoast_head":"<!-- This site is optimized with the Yoast SEO plugin v27.1.1 - https:\/\/yoast.com\/product\/yoast-seo-wordpress\/ -->\n<title>Protection contre les surtensions Citel DLA2-24D3 - GeoClimate.ge<\/title>\n<meta name=\"robots\" content=\"index, follow, max-snippet:-1, max-image-preview:large, max-video-preview:-1\" \/>\n<link rel=\"canonical\" href=\"https:\/\/geoclimate.ge\/fr\/produit\/overvoltage-protection-citel-dla2-24d3\/\" \/>\n<meta property=\"og:locale\" content=\"fr_FR\" \/>\n<meta property=\"og:type\" content=\"article\" \/>\n<meta property=\"og:title\" content=\"Protection contre les surtensions Citel DLA2-24D3 - GeoClimate.ge\" \/>\n<meta property=\"og:description\" content=\"R\u00e9f\u00e9rence M81125.7\/M50010M\" \/>\n<meta property=\"og:url\" content=\"https:\/\/geoclimate.ge\/fr\/produit\/overvoltage-protection-citel-dla2-24d3\/\" \/>\n<meta property=\"og:site_name\" content=\"GeoClimate.ge\" \/>\n<meta property=\"article:modified_time\" content=\"2025-05-21T07:03:06+00:00\" \/>\n<meta property=\"og:image\" content=\"https:\/\/geoclimate.ge\/wp-content\/uploads\/2025\/05\/dla2-24d3_pic.png__490x490_q85_crop_subsampling-2_upscale.png\" \/>\n\t<meta property=\"og:image:width\" content=\"490\" \/>\n\t<meta property=\"og:image:height\" content=\"490\" \/>\n\t<meta property=\"og:image:type\" content=\"image\/png\" \/>\n<meta name=\"twitter:card\" content=\"summary_large_image\" \/>\n<meta name=\"twitter:label1\" content=\"Dur\u00e9e de lecture estim\u00e9e\" \/>\n\t<meta name=\"twitter:data1\" content=\"1 minute\" \/>\n<script type=\"application\/ld+json\" class=\"yoast-schema-graph\">{\"@context\":\"https:\/\/schema.org\",\"@graph\":[{\"@type\":\"WebPage\",\"@id\":\"https:\/\/geoclimate.ge\/fr\/produit\/overvoltage-protection-citel-dla2-24d3\/\",\"url\":\"https:\/\/geoclimate.ge\/fr\/produit\/overvoltage-protection-citel-dla2-24d3\/\",\"name\":\"Protection contre les surtensions Citel DLA2-24D3 - GeoClimate.ge\",\"isPartOf\":{\"@id\":\"https:\/\/geoclimate.ge\/#website\"},\"primaryImageOfPage\":{\"@id\":\"https:\/\/geoclimate.ge\/fr\/produit\/overvoltage-protection-citel-dla2-24d3\/#primaryimage\"},\"image\":{\"@id\":\"https:\/\/geoclimate.ge\/fr\/produit\/overvoltage-protection-citel-dla2-24d3\/#primaryimage\"},\"thumbnailUrl\":\"https:\/\/geoclimate.ge\/wp-content\/uploads\/2025\/05\/dla2-24d3_pic.png__490x490_q85_crop_subsampling-2_upscale.png\",\"datePublished\":\"2025-05-21T07:01:04+00:00\",\"dateModified\":\"2025-05-21T07:03:06+00:00\",\"breadcrumb\":{\"@id\":\"https:\/\/geoclimate.ge\/fr\/produit\/overvoltage-protection-citel-dla2-24d3\/#breadcrumb\"},\"inLanguage\":\"fr-FR\",\"potentialAction\":[{\"@type\":\"ReadAction\",\"target\":[\"https:\/\/geoclimate.ge\/fr\/produit\/overvoltage-protection-citel-dla2-24d3\/\"]}]},{\"@type\":\"ImageObject\",\"inLanguage\":\"fr-FR\",\"@id\":\"https:\/\/geoclimate.ge\/fr\/produit\/overvoltage-protection-citel-dla2-24d3\/#primaryimage\",\"url\":\"https:\/\/geoclimate.ge\/wp-content\/uploads\/2025\/05\/dla2-24d3_pic.png__490x490_q85_crop_subsampling-2_upscale.png\",\"contentUrl\":\"https:\/\/geoclimate.ge\/wp-content\/uploads\/2025\/05\/dla2-24d3_pic.png__490x490_q85_crop_subsampling-2_upscale.png\",\"width\":490,\"height\":490},{\"@type\":\"BreadcrumbList\",\"@id\":\"https:\/\/geoclimate.ge\/fr\/produit\/overvoltage-protection-citel-dla2-24d3\/#breadcrumb\",\"itemListElement\":[{\"@type\":\"ListItem\",\"position\":1,\"name\":\"Home\",\"item\":\"https:\/\/geoclimate.ge\/fr\/\"},{\"@type\":\"ListItem\",\"position\":2,\"name\":\"Products\",\"item\":\"https:\/\/geoclimate.ge\/fr\/products\/\"},{\"@type\":\"ListItem\",\"position\":3,\"name\":\"Protection contre les surtensions Citel DLA2-24D3\"}]},{\"@type\":\"WebSite\",\"@id\":\"https:\/\/geoclimate.ge\/#website\",\"url\":\"https:\/\/geoclimate.ge\/\",\"name\":\"GeoClimate\",\"description\":\"\",\"publisher\":{\"@id\":\"https:\/\/geoclimate.ge\/#organization\"},\"potentialAction\":[{\"@type\":\"SearchAction\",\"target\":{\"@type\":\"EntryPoint\",\"urlTemplate\":\"https:\/\/geoclimate.ge\/?s={search_term_string}\"},\"query-input\":{\"@type\":\"PropertyValueSpecification\",\"valueRequired\":true,\"valueName\":\"search_term_string\"}}],\"inLanguage\":\"fr-FR\"},{\"@type\":\"Organization\",\"@id\":\"https:\/\/geoclimate.ge\/#organization\",\"name\":\"GeoClimate\",\"url\":\"https:\/\/geoclimate.ge\/\",\"logo\":{\"@type\":\"ImageObject\",\"inLanguage\":\"fr-FR\",\"@id\":\"https:\/\/geoclimate.ge\/#\/schema\/logo\/image\/\",\"url\":\"https:\/\/geoclimate.ge\/wp-content\/uploads\/2026\/03\/geoclimate-SEO.png\",\"contentUrl\":\"https:\/\/geoclimate.ge\/wp-content\/uploads\/2026\/03\/geoclimate-SEO.png\",\"width\":1536,\"height\":1024,\"caption\":\"GeoClimate\"},\"image\":{\"@id\":\"https:\/\/geoclimate.ge\/#\/schema\/logo\/image\/\"}}]}<\/script>\n<!-- \/ Yoast SEO plugin. -->","yoast_head_json":{"title":"Protection contre les surtensions Citel DLA2-24D3 - GeoClimate.ge","robots":{"index":"index","follow":"follow","max-snippet":"max-snippet:-1","max-image-preview":"max-image-preview:large","max-video-preview":"max-video-preview:-1"},"canonical":"https:\/\/geoclimate.ge\/fr\/produit\/overvoltage-protection-citel-dla2-24d3\/","og_locale":"fr_FR","og_type":"article","og_title":"Protection contre les surtensions Citel DLA2-24D3 - GeoClimate.ge","og_description":"R\u00e9f\u00e9rence M81125.7\/M50010M","og_url":"https:\/\/geoclimate.ge\/fr\/produit\/overvoltage-protection-citel-dla2-24d3\/","og_site_name":"GeoClimate.ge","article_modified_time":"2025-05-21T07:03:06+00:00","og_image":[{"width":490,"height":490,"url":"https:\/\/geoclimate.ge\/wp-content\/uploads\/2025\/05\/dla2-24d3_pic.png__490x490_q85_crop_subsampling-2_upscale.png","type":"image\/png"}],"twitter_card":"summary_large_image","twitter_misc":{"Dur\u00e9e de lecture estim\u00e9e":"1 minute"},"schema":{"@context":"https:\/\/schema.org","@graph":[{"@type":"WebPage","@id":"https:\/\/geoclimate.ge\/fr\/produit\/overvoltage-protection-citel-dla2-24d3\/","url":"https:\/\/geoclimate.ge\/fr\/produit\/overvoltage-protection-citel-dla2-24d3\/","name":"Protection contre les surtensions Citel DLA2-24D3 - GeoClimate.ge","isPartOf":{"@id":"https:\/\/geoclimate.ge\/#website"},"primaryImageOfPage":{"@id":"https:\/\/geoclimate.ge\/fr\/produit\/overvoltage-protection-citel-dla2-24d3\/#primaryimage"},"image":{"@id":"https:\/\/geoclimate.ge\/fr\/produit\/overvoltage-protection-citel-dla2-24d3\/#primaryimage"},"thumbnailUrl":"https:\/\/geoclimate.ge\/wp-content\/uploads\/2025\/05\/dla2-24d3_pic.png__490x490_q85_crop_subsampling-2_upscale.png","datePublished":"2025-05-21T07:01:04+00:00","dateModified":"2025-05-21T07:03:06+00:00","breadcrumb":{"@id":"https:\/\/geoclimate.ge\/fr\/produit\/overvoltage-protection-citel-dla2-24d3\/#breadcrumb"},"inLanguage":"fr-FR","potentialAction":[{"@type":"ReadAction","target":["https:\/\/geoclimate.ge\/fr\/produit\/overvoltage-protection-citel-dla2-24d3\/"]}]},{"@type":"ImageObject","inLanguage":"fr-FR","@id":"https:\/\/geoclimate.ge\/fr\/produit\/overvoltage-protection-citel-dla2-24d3\/#primaryimage","url":"https:\/\/geoclimate.ge\/wp-content\/uploads\/2025\/05\/dla2-24d3_pic.png__490x490_q85_crop_subsampling-2_upscale.png","contentUrl":"https:\/\/geoclimate.ge\/wp-content\/uploads\/2025\/05\/dla2-24d3_pic.png__490x490_q85_crop_subsampling-2_upscale.png","width":490,"height":490},{"@type":"BreadcrumbList","@id":"https:\/\/geoclimate.ge\/fr\/produit\/overvoltage-protection-citel-dla2-24d3\/#breadcrumb","itemListElement":[{"@type":"ListItem","position":1,"name":"Home","item":"https:\/\/geoclimate.ge\/fr\/"},{"@type":"ListItem","position":2,"name":"Products","item":"https:\/\/geoclimate.ge\/fr\/products\/"},{"@type":"ListItem","position":3,"name":"Protection contre les surtensions Citel DLA2-24D3"}]},{"@type":"WebSite","@id":"https:\/\/geoclimate.ge\/#website","url":"https:\/\/geoclimate.ge\/","name":"GeoClimate","description":"","publisher":{"@id":"https:\/\/geoclimate.ge\/#organization"},"potentialAction":[{"@type":"SearchAction","target":{"@type":"EntryPoint","urlTemplate":"https:\/\/geoclimate.ge\/?s={search_term_string}"},"query-input":{"@type":"PropertyValueSpecification","valueRequired":true,"valueName":"search_term_string"}}],"inLanguage":"fr-FR"},{"@type":"Organization","@id":"https:\/\/geoclimate.ge\/#organization","name":"GeoClimate","url":"https:\/\/geoclimate.ge\/","logo":{"@type":"ImageObject","inLanguage":"fr-FR","@id":"https:\/\/geoclimate.ge\/#\/schema\/logo\/image\/","url":"https:\/\/geoclimate.ge\/wp-content\/uploads\/2026\/03\/geoclimate-SEO.png","contentUrl":"https:\/\/geoclimate.ge\/wp-content\/uploads\/2026\/03\/geoclimate-SEO.png","width":1536,"height":1024,"caption":"GeoClimate"},"image":{"@id":"https:\/\/geoclimate.ge\/#\/schema\/logo\/image\/"}}]}},"_links":{"self":[{"href":"https:\/\/geoclimate.ge\/fr\/wp-json\/wp\/v2\/product\/32229","targetHints":{"allow":["GET"]}}],"collection":[{"href":"https:\/\/geoclimate.ge\/fr\/wp-json\/wp\/v2\/product"}],"about":[{"href":"https:\/\/geoclimate.ge\/fr\/wp-json\/wp\/v2\/types\/product"}],"wp:featuredmedia":[{"embeddable":true,"href":"https:\/\/geoclimate.ge\/fr\/wp-json\/wp\/v2\/media\/32200"}],"wp:attachment":[{"href":"https:\/\/geoclimate.ge\/fr\/wp-json\/wp\/v2\/media?parent=32229"}],"wp:term":[{"taxonomy":"product_brand","embeddable":true,"href":"https:\/\/geoclimate.ge\/fr\/wp-json\/wp\/v2\/product_brand?post=32229"},{"taxonomy":"product_cat","embeddable":true,"href":"https:\/\/geoclimate.ge\/fr\/wp-json\/wp\/v2\/product_cat?post=32229"},{"taxonomy":"product_tag","embeddable":true,"href":"https:\/\/geoclimate.ge\/fr\/wp-json\/wp\/v2\/product_tag?post=32229"}],"curies":[{"name":"wp","href":"https:\/\/api.w.org\/{rel}","templated":true}]}}