{"id":32270,"date":"2025-05-21T11:26:27","date_gmt":"2025-05-21T07:26:27","guid":{"rendered":"https:\/\/airsystems.ge\/shop\/product\/obstacle-light-carmanah-ol800\/"},"modified":"2025-05-21T11:28:12","modified_gmt":"2025-05-21T07:28:12","slug":"obstacle-light-carmanah-ol800","status":"publish","type":"product","link":"https:\/\/geoclimate.ge\/fr\/produit\/obstacle-light-carmanah-ol800\/","title":{"rendered":"Balise d&rsquo;obstacle Carmanah OL800"},"content":{"rendered":"<ul>\n<li>Vendu avec les syst\u00e8mes de mesure complets uniquement<br \/>\nBalise d&rsquo;obstacle solaire \u00e0 LED basse intensit\u00e9, facile \u00e0 installer<br \/>\nConforme aux exigences de l&rsquo;OACI relatives aux balisages lumineux d&rsquo;obstacle basse intensit\u00e9 de type A et de type B, conform\u00e9ment \u00e0 l&rsquo;Annexe 14 de l&rsquo;OACI, Volume 1, 5e \u00e9dition, juillet 2009 et 6e \u00e9dition, juillet 2013 (rouge).<br \/>\nConforme \u00e0 la norme L-810, conform\u00e9ment \u00e0 la circulaire consultative AC 150\/5345-43G de la FAA du 26\/09\/2012 (rouge).<\/li>\n<\/ul>\n<table border=\"1\" width=\"594\" cellspacing=\"1\" cellpadding=\"1\">\n<thead>\n<tr>\n<th scope=\"col\">Characteristic<\/th>\n<th scope=\"col\">Description \/ Value<\/th>\n<\/tr>\n<\/thead>\n<tbody>\n<tr>\n<td>Optical<\/td>\n<td>\n<ul>\n<li>High powered LEDs meet IES LM-80 lumen maintenance consistent photometrics for life of product<\/li>\n<li>FAA: Meets Obstruction Light Type L-810 as per FAA Advisory Circular AC 150\/5345-43G 09\/26\/12 (Red.)<\/li>\n<li>Complies with ICAO Low-Intensity Obstacle Light Type A &amp; B &#8211; Annex 14, 5th Edition, July 2009 (Red.) and 6th Edition, July 2013 (Red.)<\/li>\n<li>Meets requirements for CASA 10 cd (Part 139, Vol. 2)<\/li>\n<li>ICAO, SAE25050 (FAA) and FAA EB 67 compliant chromaticity: Red, Green, White and Yellow<\/li>\n<li>Steady-on and 250+ flash patterns<\/li>\n<\/ul>\n<\/td>\n<\/tr>\n<tr>\n<td>Energy collection<\/td>\n<td>Best in-class high efficiency solar cells with blocking diodes<br \/>\nMaximum power point tracking with temperature compensation (MPPT-TC)<\/td>\n<\/tr>\n<tr>\n<td>Energy storage<\/td>\n<td>EnerSys CYCLON pure-lead VRLA AGM battery -65 &#8230; +80\u00b0C manufacturers operating range<br \/>\nOn-board battery status; optional port for battery charging<br \/>\nDesigned for 5 year battery life, replaceable and recyclable<\/td>\n<\/tr>\n<tr>\n<td>Energy Management System (EMS)<\/td>\n<td>Intelligent, microprocessor<br \/>\nOn-board diagnostics and data logger<\/td>\n<\/tr>\n<tr>\n<td>Automatic Light Control (ALC)<\/td>\n<td>Adjusts output intensity in response to unusually low amounts of sunlight to ensure continued operation<\/td>\n<\/tr>\n<tr>\n<td>Programming<\/td>\n<td>Programmable with optional infrared programmer or va integrated 4-character LED display<\/td>\n<\/tr>\n<tr>\n<td>GPS synchronisation<\/td>\n<td>Optional GPS enables two or more lights to flash in unison<\/td>\n<\/tr>\n<tr>\n<td>Construction<\/td>\n<td>Premium grade UV-resistant, polycarbonate lens\/head<br \/>\nPolycarbonat\/polysiloxane co-polymer base<br \/>\nEnvironmentally friendly, durable powder coated aluminium chassis<br \/>\nThermoplastic gaskets<br \/>\nWaterproof, vented battery compartment<\/td>\n<\/tr>\n<tr>\n<td>Operating temperature<\/td>\n<td>-30 &#8230; +50\u00b0C (optimal); -40 &#8230; +80\u00b0C (maximum)<\/td>\n<\/tr>\n<tr>\n<td>Mounting<\/td>\n<td>3 or 4, 7.87\u201d (200 mm) bolt circle mounting pattern<\/td>\n<\/tr>\n<tr>\n<td>Wind load<\/td>\n<td>70 m\/s<\/td>\n<\/tr>\n<tr>\n<td>Ice load<\/td>\n<td>22 kg\/m\u00b2<\/td>\n<\/tr>\n<tr>\n<td>Weight<\/td>\n<td>10.2 kg<\/td>\n<\/tr>\n<tr>\n<td>Manufacturer<\/td>\n<td>Carmanah Technologies<\/td>\n<\/tr>\n<\/tbody>\n<\/table>\n","protected":false},"excerpt":{"rendered":"<h3>R\u00e9f\u00e9rence<\/h3>\n<p>M91210<\/p>\n","protected":false},"featured_media":32259,"template":"","meta":[],"product_brand":[],"product_cat":[1542,1335,1600],"product_tag":[],"class_list":{"0":"post-32270","1":"product","2":"type-product","3":"status-publish","4":"has-post-thumbnail","6":"product_cat-accessoires-pour-enregistreurs-de-donnees","7":"product_cat-energies-renouvelables-mesure-de-lenergie-eolienne-et-solaire-fr","8":"product_cat-feux-dobstacles","10":"first","11":"instock","12":"shipping-taxable","13":"product-type-simple"},"yoast_head":"<!-- This site is optimized with the Yoast SEO plugin v27.1.1 - https:\/\/yoast.com\/product\/yoast-seo-wordpress\/ -->\n<title>Balise d&#039;obstacle Carmanah OL800 - GeoClimate.ge<\/title>\n<meta name=\"robots\" content=\"index, follow, max-snippet:-1, max-image-preview:large, max-video-preview:-1\" \/>\n<link rel=\"canonical\" href=\"https:\/\/geoclimate.ge\/fr\/produit\/obstacle-light-carmanah-ol800\/\" \/>\n<meta property=\"og:locale\" content=\"fr_FR\" \/>\n<meta property=\"og:type\" content=\"article\" \/>\n<meta property=\"og:title\" content=\"Balise d&#039;obstacle Carmanah OL800 - GeoClimate.ge\" \/>\n<meta property=\"og:description\" content=\"R\u00e9f\u00e9rence M91210\" \/>\n<meta property=\"og:url\" content=\"https:\/\/geoclimate.ge\/fr\/produit\/obstacle-light-carmanah-ol800\/\" \/>\n<meta property=\"og:site_name\" content=\"GeoClimate.ge\" \/>\n<meta property=\"article:modified_time\" content=\"2025-05-21T07:28:12+00:00\" \/>\n<meta property=\"og:image\" content=\"https:\/\/geoclimate.ge\/wp-content\/uploads\/2025\/05\/obstaclelight-carmanah-ol800.png__490x490_q85_crop_subsampling-2_upscale.png\" \/>\n\t<meta property=\"og:image:width\" content=\"490\" \/>\n\t<meta property=\"og:image:height\" content=\"490\" \/>\n\t<meta property=\"og:image:type\" content=\"image\/png\" \/>\n<meta name=\"twitter:card\" content=\"summary_large_image\" \/>\n<meta name=\"twitter:label1\" content=\"Dur\u00e9e de lecture estim\u00e9e\" \/>\n\t<meta name=\"twitter:data1\" content=\"2 minutes\" \/>\n<script type=\"application\/ld+json\" class=\"yoast-schema-graph\">{\"@context\":\"https:\/\/schema.org\",\"@graph\":[{\"@type\":\"WebPage\",\"@id\":\"https:\/\/geoclimate.ge\/fr\/produit\/obstacle-light-carmanah-ol800\/\",\"url\":\"https:\/\/geoclimate.ge\/fr\/produit\/obstacle-light-carmanah-ol800\/\",\"name\":\"Balise d'obstacle Carmanah OL800 - GeoClimate.ge\",\"isPartOf\":{\"@id\":\"https:\/\/geoclimate.ge\/#website\"},\"primaryImageOfPage\":{\"@id\":\"https:\/\/geoclimate.ge\/fr\/produit\/obstacle-light-carmanah-ol800\/#primaryimage\"},\"image\":{\"@id\":\"https:\/\/geoclimate.ge\/fr\/produit\/obstacle-light-carmanah-ol800\/#primaryimage\"},\"thumbnailUrl\":\"https:\/\/geoclimate.ge\/wp-content\/uploads\/2025\/05\/obstaclelight-carmanah-ol800.png__490x490_q85_crop_subsampling-2_upscale.png\",\"datePublished\":\"2025-05-21T07:26:27+00:00\",\"dateModified\":\"2025-05-21T07:28:12+00:00\",\"breadcrumb\":{\"@id\":\"https:\/\/geoclimate.ge\/fr\/produit\/obstacle-light-carmanah-ol800\/#breadcrumb\"},\"inLanguage\":\"fr-FR\",\"potentialAction\":[{\"@type\":\"ReadAction\",\"target\":[\"https:\/\/geoclimate.ge\/fr\/produit\/obstacle-light-carmanah-ol800\/\"]}]},{\"@type\":\"ImageObject\",\"inLanguage\":\"fr-FR\",\"@id\":\"https:\/\/geoclimate.ge\/fr\/produit\/obstacle-light-carmanah-ol800\/#primaryimage\",\"url\":\"https:\/\/geoclimate.ge\/wp-content\/uploads\/2025\/05\/obstaclelight-carmanah-ol800.png__490x490_q85_crop_subsampling-2_upscale.png\",\"contentUrl\":\"https:\/\/geoclimate.ge\/wp-content\/uploads\/2025\/05\/obstaclelight-carmanah-ol800.png__490x490_q85_crop_subsampling-2_upscale.png\",\"width\":490,\"height\":490},{\"@type\":\"BreadcrumbList\",\"@id\":\"https:\/\/geoclimate.ge\/fr\/produit\/obstacle-light-carmanah-ol800\/#breadcrumb\",\"itemListElement\":[{\"@type\":\"ListItem\",\"position\":1,\"name\":\"Home\",\"item\":\"https:\/\/geoclimate.ge\/fr\/\"},{\"@type\":\"ListItem\",\"position\":2,\"name\":\"Products\",\"item\":\"https:\/\/geoclimate.ge\/fr\/products\/\"},{\"@type\":\"ListItem\",\"position\":3,\"name\":\"Balise d&#8217;obstacle Carmanah OL800\"}]},{\"@type\":\"WebSite\",\"@id\":\"https:\/\/geoclimate.ge\/#website\",\"url\":\"https:\/\/geoclimate.ge\/\",\"name\":\"GeoClimate\",\"description\":\"\",\"publisher\":{\"@id\":\"https:\/\/geoclimate.ge\/#organization\"},\"potentialAction\":[{\"@type\":\"SearchAction\",\"target\":{\"@type\":\"EntryPoint\",\"urlTemplate\":\"https:\/\/geoclimate.ge\/?s={search_term_string}\"},\"query-input\":{\"@type\":\"PropertyValueSpecification\",\"valueRequired\":true,\"valueName\":\"search_term_string\"}}],\"inLanguage\":\"fr-FR\"},{\"@type\":\"Organization\",\"@id\":\"https:\/\/geoclimate.ge\/#organization\",\"name\":\"GeoClimate\",\"url\":\"https:\/\/geoclimate.ge\/\",\"logo\":{\"@type\":\"ImageObject\",\"inLanguage\":\"fr-FR\",\"@id\":\"https:\/\/geoclimate.ge\/#\/schema\/logo\/image\/\",\"url\":\"https:\/\/geoclimate.ge\/wp-content\/uploads\/2026\/03\/geoclimate-SEO.png\",\"contentUrl\":\"https:\/\/geoclimate.ge\/wp-content\/uploads\/2026\/03\/geoclimate-SEO.png\",\"width\":1536,\"height\":1024,\"caption\":\"GeoClimate\"},\"image\":{\"@id\":\"https:\/\/geoclimate.ge\/#\/schema\/logo\/image\/\"}}]}<\/script>\n<!-- \/ Yoast SEO plugin. -->","yoast_head_json":{"title":"Balise d'obstacle Carmanah OL800 - GeoClimate.ge","robots":{"index":"index","follow":"follow","max-snippet":"max-snippet:-1","max-image-preview":"max-image-preview:large","max-video-preview":"max-video-preview:-1"},"canonical":"https:\/\/geoclimate.ge\/fr\/produit\/obstacle-light-carmanah-ol800\/","og_locale":"fr_FR","og_type":"article","og_title":"Balise d'obstacle Carmanah OL800 - GeoClimate.ge","og_description":"R\u00e9f\u00e9rence M91210","og_url":"https:\/\/geoclimate.ge\/fr\/produit\/obstacle-light-carmanah-ol800\/","og_site_name":"GeoClimate.ge","article_modified_time":"2025-05-21T07:28:12+00:00","og_image":[{"width":490,"height":490,"url":"https:\/\/geoclimate.ge\/wp-content\/uploads\/2025\/05\/obstaclelight-carmanah-ol800.png__490x490_q85_crop_subsampling-2_upscale.png","type":"image\/png"}],"twitter_card":"summary_large_image","twitter_misc":{"Dur\u00e9e de lecture estim\u00e9e":"2 minutes"},"schema":{"@context":"https:\/\/schema.org","@graph":[{"@type":"WebPage","@id":"https:\/\/geoclimate.ge\/fr\/produit\/obstacle-light-carmanah-ol800\/","url":"https:\/\/geoclimate.ge\/fr\/produit\/obstacle-light-carmanah-ol800\/","name":"Balise d'obstacle Carmanah OL800 - GeoClimate.ge","isPartOf":{"@id":"https:\/\/geoclimate.ge\/#website"},"primaryImageOfPage":{"@id":"https:\/\/geoclimate.ge\/fr\/produit\/obstacle-light-carmanah-ol800\/#primaryimage"},"image":{"@id":"https:\/\/geoclimate.ge\/fr\/produit\/obstacle-light-carmanah-ol800\/#primaryimage"},"thumbnailUrl":"https:\/\/geoclimate.ge\/wp-content\/uploads\/2025\/05\/obstaclelight-carmanah-ol800.png__490x490_q85_crop_subsampling-2_upscale.png","datePublished":"2025-05-21T07:26:27+00:00","dateModified":"2025-05-21T07:28:12+00:00","breadcrumb":{"@id":"https:\/\/geoclimate.ge\/fr\/produit\/obstacle-light-carmanah-ol800\/#breadcrumb"},"inLanguage":"fr-FR","potentialAction":[{"@type":"ReadAction","target":["https:\/\/geoclimate.ge\/fr\/produit\/obstacle-light-carmanah-ol800\/"]}]},{"@type":"ImageObject","inLanguage":"fr-FR","@id":"https:\/\/geoclimate.ge\/fr\/produit\/obstacle-light-carmanah-ol800\/#primaryimage","url":"https:\/\/geoclimate.ge\/wp-content\/uploads\/2025\/05\/obstaclelight-carmanah-ol800.png__490x490_q85_crop_subsampling-2_upscale.png","contentUrl":"https:\/\/geoclimate.ge\/wp-content\/uploads\/2025\/05\/obstaclelight-carmanah-ol800.png__490x490_q85_crop_subsampling-2_upscale.png","width":490,"height":490},{"@type":"BreadcrumbList","@id":"https:\/\/geoclimate.ge\/fr\/produit\/obstacle-light-carmanah-ol800\/#breadcrumb","itemListElement":[{"@type":"ListItem","position":1,"name":"Home","item":"https:\/\/geoclimate.ge\/fr\/"},{"@type":"ListItem","position":2,"name":"Products","item":"https:\/\/geoclimate.ge\/fr\/products\/"},{"@type":"ListItem","position":3,"name":"Balise d&#8217;obstacle Carmanah OL800"}]},{"@type":"WebSite","@id":"https:\/\/geoclimate.ge\/#website","url":"https:\/\/geoclimate.ge\/","name":"GeoClimate","description":"","publisher":{"@id":"https:\/\/geoclimate.ge\/#organization"},"potentialAction":[{"@type":"SearchAction","target":{"@type":"EntryPoint","urlTemplate":"https:\/\/geoclimate.ge\/?s={search_term_string}"},"query-input":{"@type":"PropertyValueSpecification","valueRequired":true,"valueName":"search_term_string"}}],"inLanguage":"fr-FR"},{"@type":"Organization","@id":"https:\/\/geoclimate.ge\/#organization","name":"GeoClimate","url":"https:\/\/geoclimate.ge\/","logo":{"@type":"ImageObject","inLanguage":"fr-FR","@id":"https:\/\/geoclimate.ge\/#\/schema\/logo\/image\/","url":"https:\/\/geoclimate.ge\/wp-content\/uploads\/2026\/03\/geoclimate-SEO.png","contentUrl":"https:\/\/geoclimate.ge\/wp-content\/uploads\/2026\/03\/geoclimate-SEO.png","width":1536,"height":1024,"caption":"GeoClimate"},"image":{"@id":"https:\/\/geoclimate.ge\/#\/schema\/logo\/image\/"}}]}},"_links":{"self":[{"href":"https:\/\/geoclimate.ge\/fr\/wp-json\/wp\/v2\/product\/32270","targetHints":{"allow":["GET"]}}],"collection":[{"href":"https:\/\/geoclimate.ge\/fr\/wp-json\/wp\/v2\/product"}],"about":[{"href":"https:\/\/geoclimate.ge\/fr\/wp-json\/wp\/v2\/types\/product"}],"wp:featuredmedia":[{"embeddable":true,"href":"https:\/\/geoclimate.ge\/fr\/wp-json\/wp\/v2\/media\/32259"}],"wp:attachment":[{"href":"https:\/\/geoclimate.ge\/fr\/wp-json\/wp\/v2\/media?parent=32270"}],"wp:term":[{"taxonomy":"product_brand","embeddable":true,"href":"https:\/\/geoclimate.ge\/fr\/wp-json\/wp\/v2\/product_brand?post=32270"},{"taxonomy":"product_cat","embeddable":true,"href":"https:\/\/geoclimate.ge\/fr\/wp-json\/wp\/v2\/product_cat?post=32270"},{"taxonomy":"product_tag","embeddable":true,"href":"https:\/\/geoclimate.ge\/fr\/wp-json\/wp\/v2\/product_tag?post=32270"}],"curies":[{"name":"wp","href":"https:\/\/api.w.org\/{rel}","templated":true}]}}