{"id":32363,"date":"2025-05-21T12:40:16","date_gmt":"2025-05-21T08:40:16","guid":{"rendered":"https:\/\/airsystems.ge\/shop\/product\/modem_mc90-global-m71600_m76600\/"},"modified":"2025-05-21T12:42:27","modified_gmt":"2025-05-21T08:42:27","slug":"modem_mc90-global-m71600_m76600","status":"publish","type":"product","link":"https:\/\/geoclimate.ge\/fr\/produit\/modem_mc90-global-m71600_m76600\/","title":{"rendered":"Modem_MC90 Global M71600_M76600"},"content":{"rendered":"<p>Modem global LTE\/WCDMA\/GSM (bandes 19\/7\/4)<br \/>\nConnexion USB \u00e0 Meteo-42 ou Meteo-40 Plus<br \/>\nAlimentation USB ind\u00e9pendante pour la r\u00e9initialisation mat\u00e9rielle du modem<br \/>\nGPS int\u00e9gr\u00e9<br \/>\nLe MC90 est un modem cellulaire global LTE Cat 4 optimis\u00e9 pour les applications M2M et IoT.<br \/>\nR\u00e9trocompatible avec les normes EDGE et GSM\/GPRS, il peut m\u00eame \u00eatre connect\u00e9 dans les zones d\u00e9pourvues de 4G ou 3G.<br \/>\nLes commandes AT permettent d&rsquo;envoyer et de recevoir des SMS ainsi que des donn\u00e9es directement via FTP(S), HTTP(S) et MQTT.<\/p>\n<p>&nbsp;<\/p>\n<table border=\"1\" width=\"595\" cellspacing=\"1\" cellpadding=\"1\">\n<thead>\n<tr>\n<th scope=\"col\">Characteristic<\/th>\n<th scope=\"col\">Description \/ Value<\/th>\n<\/tr>\n<\/thead>\n<tbody>\n<tr>\n<td><strong>Mobile network features<\/strong><\/td>\n<td><\/td>\n<\/tr>\n<tr>\n<td>Supported networks<\/td>\n<td>LTE-FDD: B1\/B2\/B3\/B4\/B5\/B7\/B8\/B12\/B13\/B18\/B19\/B20\/B25\/B26\/B28<br \/>\nLTE-TDD: B38\/B39\/B40\/B41<br \/>\nWCDMA: B1\/B2\/B4\/B5\/B6\/B8\/B19<br \/>\nGSM: B2\/B3\/B5\/B8<\/td>\n<\/tr>\n<tr>\n<td><\/td>\n<td>IoT\/M2M-optimized LTE Cat 4 data terminal<\/td>\n<\/tr>\n<tr>\n<td><\/td>\n<td>Quectel EG25-G module integrated<\/td>\n<\/tr>\n<tr>\n<td><\/td>\n<td>Worldwide LTE, UMTS\/HSPA(+) and GSM\/GPRS\/EDGE coverage<\/td>\n<\/tr>\n<tr>\n<td><strong>Power<\/strong><\/td>\n<td><\/td>\n<\/tr>\n<tr>\n<td>Supply Voltage<\/td>\n<td>6 V to 30 V DC (min. 12 W guaranteed output power of power supply)<\/td>\n<\/tr>\n<tr>\n<td>Electrical connection<\/td>\n<td>RJ12 port pinout<\/td>\n<\/tr>\n<tr>\n<td><strong>Ports and interfaces<\/strong><\/td>\n<td><\/td>\n<\/tr>\n<tr>\n<td>DE-9 female<\/td>\n<td>Connected to internal RS-232 module<\/td>\n<\/tr>\n<tr>\n<td>RJ12 (Power)<\/td>\n<td>For power supply and connected to internal RS-232 module<\/td>\n<\/tr>\n<tr>\n<td>SMA female GSM<\/td>\n<td>For GSM antenna<\/td>\n<\/tr>\n<tr>\n<td>SMA female GNSS<\/td>\n<td>For GNSS antenna<\/td>\n<\/tr>\n<tr>\n<td>USB B<\/td>\n<td>Only for data connection (not suitable for power supply)<\/td>\n<\/tr>\n<tr>\n<td>SIM card slot<\/td>\n<td>Push-push mechanism<\/td>\n<\/tr>\n<tr>\n<td><strong>Antennas<\/strong><\/td>\n<td><\/td>\n<\/tr>\n<tr>\n<td>LTE\/UMTS antenna interface<\/td>\n<td>SMA<\/td>\n<\/tr>\n<tr>\n<td>Impedance<\/td>\n<td>50 \u03a9<\/td>\n<\/tr>\n<\/tbody>\n<\/table>\n<p>&nbsp;<\/p>\n<table border=\"1\" width=\"595\" cellspacing=\"1\" cellpadding=\"1\">\n<thead>\n<tr>\n<th scope=\"col\"><span style=\"font-weight: 400;\">General<\/span><\/th>\n<th scope=\"col\"><span style=\"font-weight: 400;\">\u00a0<\/span><\/th>\n<\/tr>\n<\/thead>\n<tbody>\n<tr>\n<td>Operational temperature<\/td>\n<td>-35\u00b0C &#8230; +75\u00b0C<\/td>\n<\/tr>\n<tr>\n<td>Dimensions (W x H x D)<\/td>\n<td>74 x 33 x 65 mm<\/td>\n<\/tr>\n<tr>\n<td>Weight<\/td>\n<td>ca. 90 g<\/td>\n<\/tr>\n<tr>\n<td>Protection class<\/td>\n<td>IP20<\/td>\n<\/tr>\n<tr>\n<td>Mounting<\/td>\n<td>Tabletop \/ DIN rail (with optional mounting kit)<\/td>\n<\/tr>\n<\/tbody>\n<\/table>\n","protected":false},"excerpt":{"rendered":"<h3>R\u00e9f\u00e9rence<\/h3>\n<p>M71600\/M76600\/M76600M<\/p>\n","protected":false},"featured_media":32352,"template":"","meta":[],"product_brand":[],"product_cat":[1542,1335,1606],"product_tag":[],"class_list":{"0":"post-32363","1":"product","2":"type-product","3":"status-publish","4":"has-post-thumbnail","6":"product_cat-accessoires-pour-enregistreurs-de-donnees","7":"product_cat-energies-renouvelables-mesure-de-lenergie-eolienne-et-solaire-fr","8":"product_cat-systemes-de-communication","10":"first","11":"instock","12":"shipping-taxable","13":"product-type-simple"},"yoast_head":"<!-- This site is optimized with the Yoast SEO plugin v27.1.1 - https:\/\/yoast.com\/product\/yoast-seo-wordpress\/ -->\n<title>Modem_MC90 Global M71600_M76600 - GeoClimate.ge<\/title>\n<meta name=\"robots\" content=\"index, follow, max-snippet:-1, max-image-preview:large, max-video-preview:-1\" \/>\n<link rel=\"canonical\" href=\"https:\/\/geoclimate.ge\/fr\/produit\/modem_mc90-global-m71600_m76600\/\" \/>\n<meta property=\"og:locale\" content=\"fr_FR\" \/>\n<meta property=\"og:type\" content=\"article\" \/>\n<meta property=\"og:title\" content=\"Modem_MC90 Global M71600_M76600 - GeoClimate.ge\" \/>\n<meta property=\"og:description\" content=\"R\u00e9f\u00e9rence M71600\/M76600\/M76600M\" \/>\n<meta property=\"og:url\" content=\"https:\/\/geoclimate.ge\/fr\/produit\/modem_mc90-global-m71600_m76600\/\" \/>\n<meta property=\"og:site_name\" content=\"GeoClimate.ge\" \/>\n<meta property=\"article:modified_time\" content=\"2025-05-21T08:42:27+00:00\" \/>\n<meta property=\"og:image\" content=\"https:\/\/geoclimate.ge\/wp-content\/uploads\/2025\/05\/mc90_pic.png__490x490_q85_crop_subsampling-2_upscale.png\" \/>\n\t<meta property=\"og:image:width\" content=\"490\" \/>\n\t<meta property=\"og:image:height\" content=\"490\" \/>\n\t<meta property=\"og:image:type\" content=\"image\/png\" \/>\n<meta name=\"twitter:card\" content=\"summary_large_image\" \/>\n<meta name=\"twitter:label1\" content=\"Dur\u00e9e de lecture estim\u00e9e\" \/>\n\t<meta name=\"twitter:data1\" content=\"1 minute\" \/>\n<script type=\"application\/ld+json\" class=\"yoast-schema-graph\">{\"@context\":\"https:\/\/schema.org\",\"@graph\":[{\"@type\":\"WebPage\",\"@id\":\"https:\/\/geoclimate.ge\/fr\/produit\/modem_mc90-global-m71600_m76600\/\",\"url\":\"https:\/\/geoclimate.ge\/fr\/produit\/modem_mc90-global-m71600_m76600\/\",\"name\":\"Modem_MC90 Global M71600_M76600 - GeoClimate.ge\",\"isPartOf\":{\"@id\":\"https:\/\/geoclimate.ge\/#website\"},\"primaryImageOfPage\":{\"@id\":\"https:\/\/geoclimate.ge\/fr\/produit\/modem_mc90-global-m71600_m76600\/#primaryimage\"},\"image\":{\"@id\":\"https:\/\/geoclimate.ge\/fr\/produit\/modem_mc90-global-m71600_m76600\/#primaryimage\"},\"thumbnailUrl\":\"https:\/\/geoclimate.ge\/wp-content\/uploads\/2025\/05\/mc90_pic.png__490x490_q85_crop_subsampling-2_upscale.png\",\"datePublished\":\"2025-05-21T08:40:16+00:00\",\"dateModified\":\"2025-05-21T08:42:27+00:00\",\"breadcrumb\":{\"@id\":\"https:\/\/geoclimate.ge\/fr\/produit\/modem_mc90-global-m71600_m76600\/#breadcrumb\"},\"inLanguage\":\"fr-FR\",\"potentialAction\":[{\"@type\":\"ReadAction\",\"target\":[\"https:\/\/geoclimate.ge\/fr\/produit\/modem_mc90-global-m71600_m76600\/\"]}]},{\"@type\":\"ImageObject\",\"inLanguage\":\"fr-FR\",\"@id\":\"https:\/\/geoclimate.ge\/fr\/produit\/modem_mc90-global-m71600_m76600\/#primaryimage\",\"url\":\"https:\/\/geoclimate.ge\/wp-content\/uploads\/2025\/05\/mc90_pic.png__490x490_q85_crop_subsampling-2_upscale.png\",\"contentUrl\":\"https:\/\/geoclimate.ge\/wp-content\/uploads\/2025\/05\/mc90_pic.png__490x490_q85_crop_subsampling-2_upscale.png\",\"width\":490,\"height\":490},{\"@type\":\"BreadcrumbList\",\"@id\":\"https:\/\/geoclimate.ge\/fr\/produit\/modem_mc90-global-m71600_m76600\/#breadcrumb\",\"itemListElement\":[{\"@type\":\"ListItem\",\"position\":1,\"name\":\"Home\",\"item\":\"https:\/\/geoclimate.ge\/fr\/\"},{\"@type\":\"ListItem\",\"position\":2,\"name\":\"Products\",\"item\":\"https:\/\/geoclimate.ge\/fr\/products\/\"},{\"@type\":\"ListItem\",\"position\":3,\"name\":\"Modem_MC90 Global M71600_M76600\"}]},{\"@type\":\"WebSite\",\"@id\":\"https:\/\/geoclimate.ge\/#website\",\"url\":\"https:\/\/geoclimate.ge\/\",\"name\":\"GeoClimate\",\"description\":\"\",\"publisher\":{\"@id\":\"https:\/\/geoclimate.ge\/#organization\"},\"potentialAction\":[{\"@type\":\"SearchAction\",\"target\":{\"@type\":\"EntryPoint\",\"urlTemplate\":\"https:\/\/geoclimate.ge\/?s={search_term_string}\"},\"query-input\":{\"@type\":\"PropertyValueSpecification\",\"valueRequired\":true,\"valueName\":\"search_term_string\"}}],\"inLanguage\":\"fr-FR\"},{\"@type\":\"Organization\",\"@id\":\"https:\/\/geoclimate.ge\/#organization\",\"name\":\"GeoClimate\",\"url\":\"https:\/\/geoclimate.ge\/\",\"logo\":{\"@type\":\"ImageObject\",\"inLanguage\":\"fr-FR\",\"@id\":\"https:\/\/geoclimate.ge\/#\/schema\/logo\/image\/\",\"url\":\"https:\/\/geoclimate.ge\/wp-content\/uploads\/2026\/03\/geoclimate-SEO.png\",\"contentUrl\":\"https:\/\/geoclimate.ge\/wp-content\/uploads\/2026\/03\/geoclimate-SEO.png\",\"width\":1536,\"height\":1024,\"caption\":\"GeoClimate\"},\"image\":{\"@id\":\"https:\/\/geoclimate.ge\/#\/schema\/logo\/image\/\"}}]}<\/script>\n<!-- \/ Yoast SEO plugin. -->","yoast_head_json":{"title":"Modem_MC90 Global M71600_M76600 - GeoClimate.ge","robots":{"index":"index","follow":"follow","max-snippet":"max-snippet:-1","max-image-preview":"max-image-preview:large","max-video-preview":"max-video-preview:-1"},"canonical":"https:\/\/geoclimate.ge\/fr\/produit\/modem_mc90-global-m71600_m76600\/","og_locale":"fr_FR","og_type":"article","og_title":"Modem_MC90 Global M71600_M76600 - GeoClimate.ge","og_description":"R\u00e9f\u00e9rence M71600\/M76600\/M76600M","og_url":"https:\/\/geoclimate.ge\/fr\/produit\/modem_mc90-global-m71600_m76600\/","og_site_name":"GeoClimate.ge","article_modified_time":"2025-05-21T08:42:27+00:00","og_image":[{"width":490,"height":490,"url":"https:\/\/geoclimate.ge\/wp-content\/uploads\/2025\/05\/mc90_pic.png__490x490_q85_crop_subsampling-2_upscale.png","type":"image\/png"}],"twitter_card":"summary_large_image","twitter_misc":{"Dur\u00e9e de lecture estim\u00e9e":"1 minute"},"schema":{"@context":"https:\/\/schema.org","@graph":[{"@type":"WebPage","@id":"https:\/\/geoclimate.ge\/fr\/produit\/modem_mc90-global-m71600_m76600\/","url":"https:\/\/geoclimate.ge\/fr\/produit\/modem_mc90-global-m71600_m76600\/","name":"Modem_MC90 Global M71600_M76600 - GeoClimate.ge","isPartOf":{"@id":"https:\/\/geoclimate.ge\/#website"},"primaryImageOfPage":{"@id":"https:\/\/geoclimate.ge\/fr\/produit\/modem_mc90-global-m71600_m76600\/#primaryimage"},"image":{"@id":"https:\/\/geoclimate.ge\/fr\/produit\/modem_mc90-global-m71600_m76600\/#primaryimage"},"thumbnailUrl":"https:\/\/geoclimate.ge\/wp-content\/uploads\/2025\/05\/mc90_pic.png__490x490_q85_crop_subsampling-2_upscale.png","datePublished":"2025-05-21T08:40:16+00:00","dateModified":"2025-05-21T08:42:27+00:00","breadcrumb":{"@id":"https:\/\/geoclimate.ge\/fr\/produit\/modem_mc90-global-m71600_m76600\/#breadcrumb"},"inLanguage":"fr-FR","potentialAction":[{"@type":"ReadAction","target":["https:\/\/geoclimate.ge\/fr\/produit\/modem_mc90-global-m71600_m76600\/"]}]},{"@type":"ImageObject","inLanguage":"fr-FR","@id":"https:\/\/geoclimate.ge\/fr\/produit\/modem_mc90-global-m71600_m76600\/#primaryimage","url":"https:\/\/geoclimate.ge\/wp-content\/uploads\/2025\/05\/mc90_pic.png__490x490_q85_crop_subsampling-2_upscale.png","contentUrl":"https:\/\/geoclimate.ge\/wp-content\/uploads\/2025\/05\/mc90_pic.png__490x490_q85_crop_subsampling-2_upscale.png","width":490,"height":490},{"@type":"BreadcrumbList","@id":"https:\/\/geoclimate.ge\/fr\/produit\/modem_mc90-global-m71600_m76600\/#breadcrumb","itemListElement":[{"@type":"ListItem","position":1,"name":"Home","item":"https:\/\/geoclimate.ge\/fr\/"},{"@type":"ListItem","position":2,"name":"Products","item":"https:\/\/geoclimate.ge\/fr\/products\/"},{"@type":"ListItem","position":3,"name":"Modem_MC90 Global M71600_M76600"}]},{"@type":"WebSite","@id":"https:\/\/geoclimate.ge\/#website","url":"https:\/\/geoclimate.ge\/","name":"GeoClimate","description":"","publisher":{"@id":"https:\/\/geoclimate.ge\/#organization"},"potentialAction":[{"@type":"SearchAction","target":{"@type":"EntryPoint","urlTemplate":"https:\/\/geoclimate.ge\/?s={search_term_string}"},"query-input":{"@type":"PropertyValueSpecification","valueRequired":true,"valueName":"search_term_string"}}],"inLanguage":"fr-FR"},{"@type":"Organization","@id":"https:\/\/geoclimate.ge\/#organization","name":"GeoClimate","url":"https:\/\/geoclimate.ge\/","logo":{"@type":"ImageObject","inLanguage":"fr-FR","@id":"https:\/\/geoclimate.ge\/#\/schema\/logo\/image\/","url":"https:\/\/geoclimate.ge\/wp-content\/uploads\/2026\/03\/geoclimate-SEO.png","contentUrl":"https:\/\/geoclimate.ge\/wp-content\/uploads\/2026\/03\/geoclimate-SEO.png","width":1536,"height":1024,"caption":"GeoClimate"},"image":{"@id":"https:\/\/geoclimate.ge\/#\/schema\/logo\/image\/"}}]}},"_links":{"self":[{"href":"https:\/\/geoclimate.ge\/fr\/wp-json\/wp\/v2\/product\/32363","targetHints":{"allow":["GET"]}}],"collection":[{"href":"https:\/\/geoclimate.ge\/fr\/wp-json\/wp\/v2\/product"}],"about":[{"href":"https:\/\/geoclimate.ge\/fr\/wp-json\/wp\/v2\/types\/product"}],"wp:featuredmedia":[{"embeddable":true,"href":"https:\/\/geoclimate.ge\/fr\/wp-json\/wp\/v2\/media\/32352"}],"wp:attachment":[{"href":"https:\/\/geoclimate.ge\/fr\/wp-json\/wp\/v2\/media?parent=32363"}],"wp:term":[{"taxonomy":"product_brand","embeddable":true,"href":"https:\/\/geoclimate.ge\/fr\/wp-json\/wp\/v2\/product_brand?post=32363"},{"taxonomy":"product_cat","embeddable":true,"href":"https:\/\/geoclimate.ge\/fr\/wp-json\/wp\/v2\/product_cat?post=32363"},{"taxonomy":"product_tag","embeddable":true,"href":"https:\/\/geoclimate.ge\/fr\/wp-json\/wp\/v2\/product_tag?post=32363"}],"curies":[{"name":"wp","href":"https:\/\/api.w.org\/{rel}","templated":true}]}}