{"id":32395,"date":"2025-05-23T19:51:57","date_gmt":"2025-05-23T15:51:57","guid":{"rendered":"https:\/\/airsystems.ge\/shop\/product\/radial-dry-coolers-drc\/"},"modified":"2025-05-23T19:54:04","modified_gmt":"2025-05-23T15:54:04","slug":"radial-dry-coolers-drc","status":"publish","type":"product","link":"https:\/\/geoclimate.ge\/fr\/produit\/radial-dry-coolers-drc\/","title":{"rendered":"A\u00e9ror\u00e9frig\u00e9rants radiaux (DRC) Radial Dry Coolers (DRC)"},"content":{"rendered":"<p><a class=\"elementor-button elementor-button-link elementor-size-sm\" href=\"https:\/\/www.enextechnologies.com\/wp-content\/uploads\/2024\/08\/Radial-Dry-cooler-DRC_ENG.pdf\" target=\"_blank\" rel=\"noopener\"><span class=\"elementor-button-content-wrapper\"><span class=\"elementor-button-text\">BROCHURE<\/span><\/span><\/a><\/p>\n","protected":false},"excerpt":{"rendered":"<div class=\"elementor-element elementor-element-6799186e elementor-widget elementor-widget-heading\" data-id=\"6799186e\" data-element_type=\"widget\" data-widget_type=\"heading.default\">\n<div class=\"elementor-widget-container\">\n<div class=\"elementor-heading-title elementor-size-default\">\n<p>DRC<br \/>\nLes a\u00e9ror\u00e9frig\u00e9rants Kobol sont con\u00e7us pour fonctionner avec du glycol, de l&rsquo;eau et d&rsquo;autres r\u00e9frig\u00e9rants, et peuvent \u00e9galement \u00eatre utilis\u00e9s en combinaison avec des refroidisseurs. Ils remplacent les tours de refroidissement et n\u00e9cessitent tr\u00e8s peu d&rsquo;entretien, tout en \u00e9liminant le risque de contamination bact\u00e9rienne de l&rsquo;air ou de l&rsquo;eau par la l\u00e9gionellose, \u00e0 l&rsquo;int\u00e9rieur des syst\u00e8mes de climatisation. Notre large gamme d&rsquo;a\u00e9ror\u00e9frig\u00e9rants condenseurs comprend 433 mod\u00e8les, offrant des puissances frigorifiques allant de 10 kW \u00e0 875 kW.<\/p>\n<p>Notre nouvelle gamme d&rsquo;a\u00e9ror\u00e9frig\u00e9rants radiaux comprend 27 mod\u00e8les con\u00e7us pour les applications de refroidissement commercial, avec des puissances allant de 47 kW \u00e0 265 kW. Chaque mod\u00e8le peut \u00eatre adapt\u00e9 aux besoins de refroidissement de chaque installation. Les mod\u00e8les sont \u00e9quip\u00e9s en usine de ventilateurs EC.<\/p>\n<\/div>\n<\/div>\n<\/div>\n","protected":false},"featured_media":32378,"template":"","meta":[],"product_brand":[],"product_cat":[682,1612],"product_tag":[],"class_list":{"0":"post-32395","1":"product","2":"type-product","3":"status-publish","4":"has-post-thumbnail","6":"product_cat-climatiseurs-fr-industriels","7":"product_cat-refroidisseur-sec","9":"first","10":"instock","11":"shipping-taxable","12":"product-type-simple"},"yoast_head":"<!-- This site is optimized with the Yoast SEO plugin v27.1.1 - https:\/\/yoast.com\/product\/yoast-seo-wordpress\/ -->\n<title>A\u00e9ror\u00e9frig\u00e9rants radiaux (DRC) Radial Dry Coolers (DRC) - GeoClimate.ge<\/title>\n<meta name=\"robots\" content=\"index, follow, max-snippet:-1, max-image-preview:large, max-video-preview:-1\" \/>\n<link rel=\"canonical\" href=\"https:\/\/geoclimate.ge\/fr\/produit\/radial-dry-coolers-drc\/\" \/>\n<meta property=\"og:locale\" content=\"fr_FR\" \/>\n<meta property=\"og:type\" content=\"article\" \/>\n<meta property=\"og:title\" content=\"A\u00e9ror\u00e9frig\u00e9rants radiaux (DRC) Radial Dry Coolers (DRC) - GeoClimate.ge\" \/>\n<meta property=\"og:description\" content=\"DRC Les a\u00e9ror\u00e9frig\u00e9rants Kobol sont con\u00e7us pour fonctionner avec du glycol, de l&#039;eau et d&#039;autres r\u00e9frig\u00e9rants, et peuvent \u00e9galement \u00eatre utilis\u00e9s en combinaison avec des refroidisseurs. Ils remplacent les tours de refroidissement et n\u00e9cessitent tr\u00e8s peu d&#039;entretien, tout en \u00e9liminant le risque de contamination bact\u00e9rienne de l&#039;air ou de l&#039;eau par la l\u00e9gionellose, \u00e0 l&#039;int\u00e9rieur des syst\u00e8mes de climatisation. Notre large gamme d&#039;a\u00e9ror\u00e9frig\u00e9rants condenseurs comprend 433 mod\u00e8les, offrant des puissances frigorifiques allant de 10 kW \u00e0 875 kW.  Notre nouvelle gamme d&#039;a\u00e9ror\u00e9frig\u00e9rants radiaux comprend 27 mod\u00e8les con\u00e7us pour les applications de refroidissement commercial, avec des puissances allant de 47 kW \u00e0 265 kW. Chaque mod\u00e8le peut \u00eatre adapt\u00e9 aux besoins de refroidissement de chaque installation. Les mod\u00e8les sont \u00e9quip\u00e9s en usine de ventilateurs EC.\" \/>\n<meta property=\"og:url\" content=\"https:\/\/geoclimate.ge\/fr\/produit\/radial-dry-coolers-drc\/\" \/>\n<meta property=\"og:site_name\" content=\"GeoClimate.ge\" \/>\n<meta property=\"article:modified_time\" content=\"2025-05-23T15:54:04+00:00\" \/>\n<meta property=\"og:image\" content=\"https:\/\/geoclimate.ge\/wp-content\/uploads\/2025\/05\/drycooler_radial_main.png\" \/>\n\t<meta property=\"og:image:width\" content=\"829\" \/>\n\t<meta property=\"og:image:height\" content=\"609\" \/>\n\t<meta property=\"og:image:type\" content=\"image\/png\" \/>\n<meta name=\"twitter:card\" content=\"summary_large_image\" \/>\n<script type=\"application\/ld+json\" class=\"yoast-schema-graph\">{\"@context\":\"https:\/\/schema.org\",\"@graph\":[{\"@type\":\"WebPage\",\"@id\":\"https:\/\/geoclimate.ge\/fr\/produit\/radial-dry-coolers-drc\/\",\"url\":\"https:\/\/geoclimate.ge\/fr\/produit\/radial-dry-coolers-drc\/\",\"name\":\"A\u00e9ror\u00e9frig\u00e9rants radiaux (DRC) Radial Dry Coolers (DRC) - GeoClimate.ge\",\"isPartOf\":{\"@id\":\"https:\/\/geoclimate.ge\/#website\"},\"primaryImageOfPage\":{\"@id\":\"https:\/\/geoclimate.ge\/fr\/produit\/radial-dry-coolers-drc\/#primaryimage\"},\"image\":{\"@id\":\"https:\/\/geoclimate.ge\/fr\/produit\/radial-dry-coolers-drc\/#primaryimage\"},\"thumbnailUrl\":\"https:\/\/geoclimate.ge\/wp-content\/uploads\/2025\/05\/drycooler_radial_main.png\",\"datePublished\":\"2025-05-23T15:51:57+00:00\",\"dateModified\":\"2025-05-23T15:54:04+00:00\",\"breadcrumb\":{\"@id\":\"https:\/\/geoclimate.ge\/fr\/produit\/radial-dry-coolers-drc\/#breadcrumb\"},\"inLanguage\":\"fr-FR\",\"potentialAction\":[{\"@type\":\"ReadAction\",\"target\":[\"https:\/\/geoclimate.ge\/fr\/produit\/radial-dry-coolers-drc\/\"]}]},{\"@type\":\"ImageObject\",\"inLanguage\":\"fr-FR\",\"@id\":\"https:\/\/geoclimate.ge\/fr\/produit\/radial-dry-coolers-drc\/#primaryimage\",\"url\":\"https:\/\/geoclimate.ge\/wp-content\/uploads\/2025\/05\/drycooler_radial_main.png\",\"contentUrl\":\"https:\/\/geoclimate.ge\/wp-content\/uploads\/2025\/05\/drycooler_radial_main.png\",\"width\":829,\"height\":609},{\"@type\":\"BreadcrumbList\",\"@id\":\"https:\/\/geoclimate.ge\/fr\/produit\/radial-dry-coolers-drc\/#breadcrumb\",\"itemListElement\":[{\"@type\":\"ListItem\",\"position\":1,\"name\":\"Home\",\"item\":\"https:\/\/geoclimate.ge\/fr\/\"},{\"@type\":\"ListItem\",\"position\":2,\"name\":\"Products\",\"item\":\"https:\/\/geoclimate.ge\/fr\/products\/\"},{\"@type\":\"ListItem\",\"position\":3,\"name\":\"A\u00e9ror\u00e9frig\u00e9rants radiaux (DRC) Radial Dry Coolers (DRC)\"}]},{\"@type\":\"WebSite\",\"@id\":\"https:\/\/geoclimate.ge\/#website\",\"url\":\"https:\/\/geoclimate.ge\/\",\"name\":\"GeoClimate\",\"description\":\"\",\"publisher\":{\"@id\":\"https:\/\/geoclimate.ge\/#organization\"},\"potentialAction\":[{\"@type\":\"SearchAction\",\"target\":{\"@type\":\"EntryPoint\",\"urlTemplate\":\"https:\/\/geoclimate.ge\/?s={search_term_string}\"},\"query-input\":{\"@type\":\"PropertyValueSpecification\",\"valueRequired\":true,\"valueName\":\"search_term_string\"}}],\"inLanguage\":\"fr-FR\"},{\"@type\":\"Organization\",\"@id\":\"https:\/\/geoclimate.ge\/#organization\",\"name\":\"GeoClimate\",\"url\":\"https:\/\/geoclimate.ge\/\",\"logo\":{\"@type\":\"ImageObject\",\"inLanguage\":\"fr-FR\",\"@id\":\"https:\/\/geoclimate.ge\/#\/schema\/logo\/image\/\",\"url\":\"https:\/\/geoclimate.ge\/wp-content\/uploads\/2026\/03\/geoclimate-SEO.png\",\"contentUrl\":\"https:\/\/geoclimate.ge\/wp-content\/uploads\/2026\/03\/geoclimate-SEO.png\",\"width\":1536,\"height\":1024,\"caption\":\"GeoClimate\"},\"image\":{\"@id\":\"https:\/\/geoclimate.ge\/#\/schema\/logo\/image\/\"}}]}<\/script>\n<!-- \/ Yoast SEO plugin. -->","yoast_head_json":{"title":"A\u00e9ror\u00e9frig\u00e9rants radiaux (DRC) Radial Dry Coolers (DRC) - GeoClimate.ge","robots":{"index":"index","follow":"follow","max-snippet":"max-snippet:-1","max-image-preview":"max-image-preview:large","max-video-preview":"max-video-preview:-1"},"canonical":"https:\/\/geoclimate.ge\/fr\/produit\/radial-dry-coolers-drc\/","og_locale":"fr_FR","og_type":"article","og_title":"A\u00e9ror\u00e9frig\u00e9rants radiaux (DRC) Radial Dry Coolers (DRC) - GeoClimate.ge","og_description":"DRC Les a\u00e9ror\u00e9frig\u00e9rants Kobol sont con\u00e7us pour fonctionner avec du glycol, de l'eau et d'autres r\u00e9frig\u00e9rants, et peuvent \u00e9galement \u00eatre utilis\u00e9s en combinaison avec des refroidisseurs. Ils remplacent les tours de refroidissement et n\u00e9cessitent tr\u00e8s peu d'entretien, tout en \u00e9liminant le risque de contamination bact\u00e9rienne de l'air ou de l'eau par la l\u00e9gionellose, \u00e0 l'int\u00e9rieur des syst\u00e8mes de climatisation. Notre large gamme d'a\u00e9ror\u00e9frig\u00e9rants condenseurs comprend 433 mod\u00e8les, offrant des puissances frigorifiques allant de 10 kW \u00e0 875 kW.  Notre nouvelle gamme d'a\u00e9ror\u00e9frig\u00e9rants radiaux comprend 27 mod\u00e8les con\u00e7us pour les applications de refroidissement commercial, avec des puissances allant de 47 kW \u00e0 265 kW. Chaque mod\u00e8le peut \u00eatre adapt\u00e9 aux besoins de refroidissement de chaque installation. Les mod\u00e8les sont \u00e9quip\u00e9s en usine de ventilateurs EC.","og_url":"https:\/\/geoclimate.ge\/fr\/produit\/radial-dry-coolers-drc\/","og_site_name":"GeoClimate.ge","article_modified_time":"2025-05-23T15:54:04+00:00","og_image":[{"width":829,"height":609,"url":"https:\/\/geoclimate.ge\/wp-content\/uploads\/2025\/05\/drycooler_radial_main.png","type":"image\/png"}],"twitter_card":"summary_large_image","schema":{"@context":"https:\/\/schema.org","@graph":[{"@type":"WebPage","@id":"https:\/\/geoclimate.ge\/fr\/produit\/radial-dry-coolers-drc\/","url":"https:\/\/geoclimate.ge\/fr\/produit\/radial-dry-coolers-drc\/","name":"A\u00e9ror\u00e9frig\u00e9rants radiaux (DRC) Radial Dry Coolers (DRC) - GeoClimate.ge","isPartOf":{"@id":"https:\/\/geoclimate.ge\/#website"},"primaryImageOfPage":{"@id":"https:\/\/geoclimate.ge\/fr\/produit\/radial-dry-coolers-drc\/#primaryimage"},"image":{"@id":"https:\/\/geoclimate.ge\/fr\/produit\/radial-dry-coolers-drc\/#primaryimage"},"thumbnailUrl":"https:\/\/geoclimate.ge\/wp-content\/uploads\/2025\/05\/drycooler_radial_main.png","datePublished":"2025-05-23T15:51:57+00:00","dateModified":"2025-05-23T15:54:04+00:00","breadcrumb":{"@id":"https:\/\/geoclimate.ge\/fr\/produit\/radial-dry-coolers-drc\/#breadcrumb"},"inLanguage":"fr-FR","potentialAction":[{"@type":"ReadAction","target":["https:\/\/geoclimate.ge\/fr\/produit\/radial-dry-coolers-drc\/"]}]},{"@type":"ImageObject","inLanguage":"fr-FR","@id":"https:\/\/geoclimate.ge\/fr\/produit\/radial-dry-coolers-drc\/#primaryimage","url":"https:\/\/geoclimate.ge\/wp-content\/uploads\/2025\/05\/drycooler_radial_main.png","contentUrl":"https:\/\/geoclimate.ge\/wp-content\/uploads\/2025\/05\/drycooler_radial_main.png","width":829,"height":609},{"@type":"BreadcrumbList","@id":"https:\/\/geoclimate.ge\/fr\/produit\/radial-dry-coolers-drc\/#breadcrumb","itemListElement":[{"@type":"ListItem","position":1,"name":"Home","item":"https:\/\/geoclimate.ge\/fr\/"},{"@type":"ListItem","position":2,"name":"Products","item":"https:\/\/geoclimate.ge\/fr\/products\/"},{"@type":"ListItem","position":3,"name":"A\u00e9ror\u00e9frig\u00e9rants radiaux (DRC) Radial Dry Coolers (DRC)"}]},{"@type":"WebSite","@id":"https:\/\/geoclimate.ge\/#website","url":"https:\/\/geoclimate.ge\/","name":"GeoClimate","description":"","publisher":{"@id":"https:\/\/geoclimate.ge\/#organization"},"potentialAction":[{"@type":"SearchAction","target":{"@type":"EntryPoint","urlTemplate":"https:\/\/geoclimate.ge\/?s={search_term_string}"},"query-input":{"@type":"PropertyValueSpecification","valueRequired":true,"valueName":"search_term_string"}}],"inLanguage":"fr-FR"},{"@type":"Organization","@id":"https:\/\/geoclimate.ge\/#organization","name":"GeoClimate","url":"https:\/\/geoclimate.ge\/","logo":{"@type":"ImageObject","inLanguage":"fr-FR","@id":"https:\/\/geoclimate.ge\/#\/schema\/logo\/image\/","url":"https:\/\/geoclimate.ge\/wp-content\/uploads\/2026\/03\/geoclimate-SEO.png","contentUrl":"https:\/\/geoclimate.ge\/wp-content\/uploads\/2026\/03\/geoclimate-SEO.png","width":1536,"height":1024,"caption":"GeoClimate"},"image":{"@id":"https:\/\/geoclimate.ge\/#\/schema\/logo\/image\/"}}]}},"_links":{"self":[{"href":"https:\/\/geoclimate.ge\/fr\/wp-json\/wp\/v2\/product\/32395","targetHints":{"allow":["GET"]}}],"collection":[{"href":"https:\/\/geoclimate.ge\/fr\/wp-json\/wp\/v2\/product"}],"about":[{"href":"https:\/\/geoclimate.ge\/fr\/wp-json\/wp\/v2\/types\/product"}],"wp:featuredmedia":[{"embeddable":true,"href":"https:\/\/geoclimate.ge\/fr\/wp-json\/wp\/v2\/media\/32378"}],"wp:attachment":[{"href":"https:\/\/geoclimate.ge\/fr\/wp-json\/wp\/v2\/media?parent=32395"}],"wp:term":[{"taxonomy":"product_brand","embeddable":true,"href":"https:\/\/geoclimate.ge\/fr\/wp-json\/wp\/v2\/product_brand?post=32395"},{"taxonomy":"product_cat","embeddable":true,"href":"https:\/\/geoclimate.ge\/fr\/wp-json\/wp\/v2\/product_cat?post=32395"},{"taxonomy":"product_tag","embeddable":true,"href":"https:\/\/geoclimate.ge\/fr\/wp-json\/wp\/v2\/product_tag?post=32395"}],"curies":[{"name":"wp","href":"https:\/\/api.w.org\/{rel}","templated":true}]}}