{"id":32446,"date":"2025-05-23T20:08:34","date_gmt":"2025-05-23T16:08:34","guid":{"rendered":"https:\/\/airsystems.ge\/shop\/product\/flat-dry-coolers-d-series-flat-dry-coolers-with-axial-fans-for-outdoor-use\/"},"modified":"2025-05-23T20:10:44","modified_gmt":"2025-05-23T16:10:44","slug":"flat-dry-coolers-d-series-flat-dry-coolers-with-axial-fans-for-outdoor-use","status":"publish","type":"product","link":"https:\/\/geoclimate.ge\/fr\/produit\/flat-dry-coolers-d-series-flat-dry-coolers-with-axial-fans-for-outdoor-use\/","title":{"rendered":"A\u00e9ror\u00e9frig\u00e9rants plats S\u00e9rie D\u00a0: A\u00e9ror\u00e9frig\u00e9rants plats avec ventilateurs axiaux pour une utilisation en ext\u00e9rieur"},"content":{"rendered":"<p><a class=\"elementor-button elementor-button-link elementor-size-sm\" href=\"https:\/\/www.enextechnologies.com\/wp-content\/uploads\/2025\/04\/Brochure-FLAT-DRY-COOLER_EN_0325.pdf\" target=\"_blank\" rel=\"noopener\"><span class=\"elementor-button-content-wrapper\"><span class=\"elementor-button-text\">BROCHURE<\/span><\/span><\/a><\/p>\n","protected":false},"excerpt":{"rendered":"<p>Puissance frigorifique de 10 kW \u00e0 1\u00a0215 kW<\/p>\n<p>Les a\u00e9ror\u00e9frig\u00e9rants plats avec ventilateurs axiaux sont adapt\u00e9s aux applications ext\u00e9rieures et utilisent du r\u00e9frig\u00e9rant R718 et des saumures hautement durables. Ils sont configurables pour un faible niveau sonore et des capacit\u00e9s parfaitement adapt\u00e9es aux exigences du syst\u00e8me. Compar\u00e9s aux tours de refroidissement et aux syst\u00e8mes humides, nos a\u00e9ror\u00e9frig\u00e9rants plats n\u00e9cessitent peu d&rsquo;entretien et sont tr\u00e8s efficaces pour pr\u00e9venir la contamination par les l\u00e9gionelles.<\/p>\n<p>CARACT\u00c9RISTIQUES<\/p>\n<p>Batterie \u00e0 ailettes\u00a0: Tubes en cuivre de \u00d8\u00a012\u00a0mm et ailettes turbulentes en aluminium. Con\u00e7u avec un syst\u00e8me de suspension flottante permettant de suspendre la batterie pour \u00e9viter les fuites.<\/p>\n<p>Ventilateurs\u00a0: \u00c9quip\u00e9s de s\u00e9rie de moteurs de ventilateur EC \u00e0 rotor externe (380-480\u00a0V III 50\/60\u00a0Hz) conformes \u00e0 la directive ErP, \u00d8\u00a0450, 630, 800 et 910\u00a0mm.<\/p>\n<p>Carrosserie\u00a0: Acier galvanis\u00e9 peint \u00e9poxy-polyester, soumis \u00e0 un traitement thermique \u00e0 180\u00a0\u00b0C, lui conf\u00e9rant une haute protection contre la corrosion, m\u00eame dans des conditions environnementales extr\u00eames.<\/p>\n<p>Pression de conception\u00a0: PS = 16\u00a0bar, PT = 23\u00a0bar.<\/p>\n","protected":false},"featured_media":32441,"template":"","meta":[],"product_brand":[],"product_cat":[682,1612],"product_tag":[],"class_list":{"0":"post-32446","1":"product","2":"type-product","3":"status-publish","4":"has-post-thumbnail","6":"product_cat-climatiseurs-fr-industriels","7":"product_cat-refroidisseur-sec","9":"first","10":"instock","11":"shipping-taxable","12":"product-type-simple"},"yoast_head":"<!-- This site is optimized with the Yoast SEO plugin v27.1.1 - https:\/\/yoast.com\/product\/yoast-seo-wordpress\/ -->\n<title>A\u00e9ror\u00e9frig\u00e9rants plats S\u00e9rie D\u00a0: A\u00e9ror\u00e9frig\u00e9rants plats avec ventilateurs axiaux pour une utilisation en ext\u00e9rieur - GeoClimate.ge<\/title>\n<meta name=\"robots\" content=\"index, follow, max-snippet:-1, max-image-preview:large, max-video-preview:-1\" \/>\n<link rel=\"canonical\" href=\"https:\/\/geoclimate.ge\/fr\/produit\/flat-dry-coolers-d-series-flat-dry-coolers-with-axial-fans-for-outdoor-use\/\" \/>\n<meta property=\"og:locale\" content=\"fr_FR\" \/>\n<meta property=\"og:type\" content=\"article\" \/>\n<meta property=\"og:title\" content=\"A\u00e9ror\u00e9frig\u00e9rants plats S\u00e9rie D\u00a0: A\u00e9ror\u00e9frig\u00e9rants plats avec ventilateurs axiaux pour une utilisation en ext\u00e9rieur - GeoClimate.ge\" \/>\n<meta property=\"og:description\" content=\"Puissance frigorifique de 10 kW \u00e0 1\u00a0215 kW  Les a\u00e9ror\u00e9frig\u00e9rants plats avec ventilateurs axiaux sont adapt\u00e9s aux applications ext\u00e9rieures et utilisent du r\u00e9frig\u00e9rant R718 et des saumures hautement durables. Ils sont configurables pour un faible niveau sonore et des capacit\u00e9s parfaitement adapt\u00e9es aux exigences du syst\u00e8me. Compar\u00e9s aux tours de refroidissement et aux syst\u00e8mes humides, nos a\u00e9ror\u00e9frig\u00e9rants plats n\u00e9cessitent peu d&#039;entretien et sont tr\u00e8s efficaces pour pr\u00e9venir la contamination par les l\u00e9gionelles.  CARACT\u00c9RISTIQUES  Batterie \u00e0 ailettes\u00a0: Tubes en cuivre de \u00d8\u00a012\u00a0mm et ailettes turbulentes en aluminium. Con\u00e7u avec un syst\u00e8me de suspension flottante permettant de suspendre la batterie pour \u00e9viter les fuites.  Ventilateurs\u00a0: \u00c9quip\u00e9s de s\u00e9rie de moteurs de ventilateur EC \u00e0 rotor externe (380-480\u00a0V III 50\/60\u00a0Hz) conformes \u00e0 la directive ErP, \u00d8\u00a0450, 630, 800 et 910\u00a0mm.  Carrosserie\u00a0: Acier galvanis\u00e9 peint \u00e9poxy-polyester, soumis \u00e0 un traitement thermique \u00e0 180\u00a0\u00b0C, lui conf\u00e9rant une haute protection contre la corrosion, m\u00eame dans des conditions environnementales extr\u00eames.  Pression de conception\u00a0: PS = 16\u00a0bar, PT = 23\u00a0bar.\" \/>\n<meta property=\"og:url\" content=\"https:\/\/geoclimate.ge\/fr\/produit\/flat-dry-coolers-d-series-flat-dry-coolers-with-axial-fans-for-outdoor-use\/\" \/>\n<meta property=\"og:site_name\" content=\"GeoClimate.ge\" \/>\n<meta property=\"article:modified_time\" content=\"2025-05-23T16:10:44+00:00\" \/>\n<meta property=\"og:image\" content=\"https:\/\/geoclimate.ge\/wp-content\/uploads\/2025\/05\/dry-flat.983.png\" \/>\n\t<meta property=\"og:image:width\" content=\"1280\" \/>\n\t<meta property=\"og:image:height\" content=\"1111\" \/>\n\t<meta property=\"og:image:type\" content=\"image\/png\" \/>\n<meta name=\"twitter:card\" content=\"summary_large_image\" \/>\n<script type=\"application\/ld+json\" class=\"yoast-schema-graph\">{\"@context\":\"https:\/\/schema.org\",\"@graph\":[{\"@type\":\"WebPage\",\"@id\":\"https:\/\/geoclimate.ge\/fr\/produit\/flat-dry-coolers-d-series-flat-dry-coolers-with-axial-fans-for-outdoor-use\/\",\"url\":\"https:\/\/geoclimate.ge\/fr\/produit\/flat-dry-coolers-d-series-flat-dry-coolers-with-axial-fans-for-outdoor-use\/\",\"name\":\"A\u00e9ror\u00e9frig\u00e9rants plats S\u00e9rie D\u00a0: A\u00e9ror\u00e9frig\u00e9rants plats avec ventilateurs axiaux pour une utilisation en ext\u00e9rieur - GeoClimate.ge\",\"isPartOf\":{\"@id\":\"https:\/\/geoclimate.ge\/#website\"},\"primaryImageOfPage\":{\"@id\":\"https:\/\/geoclimate.ge\/fr\/produit\/flat-dry-coolers-d-series-flat-dry-coolers-with-axial-fans-for-outdoor-use\/#primaryimage\"},\"image\":{\"@id\":\"https:\/\/geoclimate.ge\/fr\/produit\/flat-dry-coolers-d-series-flat-dry-coolers-with-axial-fans-for-outdoor-use\/#primaryimage\"},\"thumbnailUrl\":\"https:\/\/geoclimate.ge\/wp-content\/uploads\/2025\/05\/dry-flat.983.png\",\"datePublished\":\"2025-05-23T16:08:34+00:00\",\"dateModified\":\"2025-05-23T16:10:44+00:00\",\"breadcrumb\":{\"@id\":\"https:\/\/geoclimate.ge\/fr\/produit\/flat-dry-coolers-d-series-flat-dry-coolers-with-axial-fans-for-outdoor-use\/#breadcrumb\"},\"inLanguage\":\"fr-FR\",\"potentialAction\":[{\"@type\":\"ReadAction\",\"target\":[\"https:\/\/geoclimate.ge\/fr\/produit\/flat-dry-coolers-d-series-flat-dry-coolers-with-axial-fans-for-outdoor-use\/\"]}]},{\"@type\":\"ImageObject\",\"inLanguage\":\"fr-FR\",\"@id\":\"https:\/\/geoclimate.ge\/fr\/produit\/flat-dry-coolers-d-series-flat-dry-coolers-with-axial-fans-for-outdoor-use\/#primaryimage\",\"url\":\"https:\/\/geoclimate.ge\/wp-content\/uploads\/2025\/05\/dry-flat.983.png\",\"contentUrl\":\"https:\/\/geoclimate.ge\/wp-content\/uploads\/2025\/05\/dry-flat.983.png\",\"width\":1280,\"height\":1111},{\"@type\":\"BreadcrumbList\",\"@id\":\"https:\/\/geoclimate.ge\/fr\/produit\/flat-dry-coolers-d-series-flat-dry-coolers-with-axial-fans-for-outdoor-use\/#breadcrumb\",\"itemListElement\":[{\"@type\":\"ListItem\",\"position\":1,\"name\":\"Home\",\"item\":\"https:\/\/geoclimate.ge\/fr\/\"},{\"@type\":\"ListItem\",\"position\":2,\"name\":\"Products\",\"item\":\"https:\/\/geoclimate.ge\/fr\/products\/\"},{\"@type\":\"ListItem\",\"position\":3,\"name\":\"A\u00e9ror\u00e9frig\u00e9rants plats S\u00e9rie D\u00a0: A\u00e9ror\u00e9frig\u00e9rants plats avec ventilateurs axiaux pour une utilisation en ext\u00e9rieur\"}]},{\"@type\":\"WebSite\",\"@id\":\"https:\/\/geoclimate.ge\/#website\",\"url\":\"https:\/\/geoclimate.ge\/\",\"name\":\"GeoClimate\",\"description\":\"\",\"publisher\":{\"@id\":\"https:\/\/geoclimate.ge\/#organization\"},\"potentialAction\":[{\"@type\":\"SearchAction\",\"target\":{\"@type\":\"EntryPoint\",\"urlTemplate\":\"https:\/\/geoclimate.ge\/?s={search_term_string}\"},\"query-input\":{\"@type\":\"PropertyValueSpecification\",\"valueRequired\":true,\"valueName\":\"search_term_string\"}}],\"inLanguage\":\"fr-FR\"},{\"@type\":\"Organization\",\"@id\":\"https:\/\/geoclimate.ge\/#organization\",\"name\":\"GeoClimate\",\"url\":\"https:\/\/geoclimate.ge\/\",\"logo\":{\"@type\":\"ImageObject\",\"inLanguage\":\"fr-FR\",\"@id\":\"https:\/\/geoclimate.ge\/#\/schema\/logo\/image\/\",\"url\":\"https:\/\/geoclimate.ge\/wp-content\/uploads\/2026\/03\/geoclimate-SEO.png\",\"contentUrl\":\"https:\/\/geoclimate.ge\/wp-content\/uploads\/2026\/03\/geoclimate-SEO.png\",\"width\":1536,\"height\":1024,\"caption\":\"GeoClimate\"},\"image\":{\"@id\":\"https:\/\/geoclimate.ge\/#\/schema\/logo\/image\/\"}}]}<\/script>\n<!-- \/ Yoast SEO plugin. -->","yoast_head_json":{"title":"A\u00e9ror\u00e9frig\u00e9rants plats S\u00e9rie D\u00a0: A\u00e9ror\u00e9frig\u00e9rants plats avec ventilateurs axiaux pour une utilisation en ext\u00e9rieur - GeoClimate.ge","robots":{"index":"index","follow":"follow","max-snippet":"max-snippet:-1","max-image-preview":"max-image-preview:large","max-video-preview":"max-video-preview:-1"},"canonical":"https:\/\/geoclimate.ge\/fr\/produit\/flat-dry-coolers-d-series-flat-dry-coolers-with-axial-fans-for-outdoor-use\/","og_locale":"fr_FR","og_type":"article","og_title":"A\u00e9ror\u00e9frig\u00e9rants plats S\u00e9rie D\u00a0: A\u00e9ror\u00e9frig\u00e9rants plats avec ventilateurs axiaux pour une utilisation en ext\u00e9rieur - GeoClimate.ge","og_description":"Puissance frigorifique de 10 kW \u00e0 1\u00a0215 kW  Les a\u00e9ror\u00e9frig\u00e9rants plats avec ventilateurs axiaux sont adapt\u00e9s aux applications ext\u00e9rieures et utilisent du r\u00e9frig\u00e9rant R718 et des saumures hautement durables. Ils sont configurables pour un faible niveau sonore et des capacit\u00e9s parfaitement adapt\u00e9es aux exigences du syst\u00e8me. Compar\u00e9s aux tours de refroidissement et aux syst\u00e8mes humides, nos a\u00e9ror\u00e9frig\u00e9rants plats n\u00e9cessitent peu d'entretien et sont tr\u00e8s efficaces pour pr\u00e9venir la contamination par les l\u00e9gionelles.  CARACT\u00c9RISTIQUES  Batterie \u00e0 ailettes\u00a0: Tubes en cuivre de \u00d8\u00a012\u00a0mm et ailettes turbulentes en aluminium. Con\u00e7u avec un syst\u00e8me de suspension flottante permettant de suspendre la batterie pour \u00e9viter les fuites.  Ventilateurs\u00a0: \u00c9quip\u00e9s de s\u00e9rie de moteurs de ventilateur EC \u00e0 rotor externe (380-480\u00a0V III 50\/60\u00a0Hz) conformes \u00e0 la directive ErP, \u00d8\u00a0450, 630, 800 et 910\u00a0mm.  Carrosserie\u00a0: Acier galvanis\u00e9 peint \u00e9poxy-polyester, soumis \u00e0 un traitement thermique \u00e0 180\u00a0\u00b0C, lui conf\u00e9rant une haute protection contre la corrosion, m\u00eame dans des conditions environnementales extr\u00eames.  Pression de conception\u00a0: PS = 16\u00a0bar, PT = 23\u00a0bar.","og_url":"https:\/\/geoclimate.ge\/fr\/produit\/flat-dry-coolers-d-series-flat-dry-coolers-with-axial-fans-for-outdoor-use\/","og_site_name":"GeoClimate.ge","article_modified_time":"2025-05-23T16:10:44+00:00","og_image":[{"width":1280,"height":1111,"url":"https:\/\/geoclimate.ge\/wp-content\/uploads\/2025\/05\/dry-flat.983.png","type":"image\/png"}],"twitter_card":"summary_large_image","schema":{"@context":"https:\/\/schema.org","@graph":[{"@type":"WebPage","@id":"https:\/\/geoclimate.ge\/fr\/produit\/flat-dry-coolers-d-series-flat-dry-coolers-with-axial-fans-for-outdoor-use\/","url":"https:\/\/geoclimate.ge\/fr\/produit\/flat-dry-coolers-d-series-flat-dry-coolers-with-axial-fans-for-outdoor-use\/","name":"A\u00e9ror\u00e9frig\u00e9rants plats S\u00e9rie D\u00a0: A\u00e9ror\u00e9frig\u00e9rants plats avec ventilateurs axiaux pour une utilisation en ext\u00e9rieur - GeoClimate.ge","isPartOf":{"@id":"https:\/\/geoclimate.ge\/#website"},"primaryImageOfPage":{"@id":"https:\/\/geoclimate.ge\/fr\/produit\/flat-dry-coolers-d-series-flat-dry-coolers-with-axial-fans-for-outdoor-use\/#primaryimage"},"image":{"@id":"https:\/\/geoclimate.ge\/fr\/produit\/flat-dry-coolers-d-series-flat-dry-coolers-with-axial-fans-for-outdoor-use\/#primaryimage"},"thumbnailUrl":"https:\/\/geoclimate.ge\/wp-content\/uploads\/2025\/05\/dry-flat.983.png","datePublished":"2025-05-23T16:08:34+00:00","dateModified":"2025-05-23T16:10:44+00:00","breadcrumb":{"@id":"https:\/\/geoclimate.ge\/fr\/produit\/flat-dry-coolers-d-series-flat-dry-coolers-with-axial-fans-for-outdoor-use\/#breadcrumb"},"inLanguage":"fr-FR","potentialAction":[{"@type":"ReadAction","target":["https:\/\/geoclimate.ge\/fr\/produit\/flat-dry-coolers-d-series-flat-dry-coolers-with-axial-fans-for-outdoor-use\/"]}]},{"@type":"ImageObject","inLanguage":"fr-FR","@id":"https:\/\/geoclimate.ge\/fr\/produit\/flat-dry-coolers-d-series-flat-dry-coolers-with-axial-fans-for-outdoor-use\/#primaryimage","url":"https:\/\/geoclimate.ge\/wp-content\/uploads\/2025\/05\/dry-flat.983.png","contentUrl":"https:\/\/geoclimate.ge\/wp-content\/uploads\/2025\/05\/dry-flat.983.png","width":1280,"height":1111},{"@type":"BreadcrumbList","@id":"https:\/\/geoclimate.ge\/fr\/produit\/flat-dry-coolers-d-series-flat-dry-coolers-with-axial-fans-for-outdoor-use\/#breadcrumb","itemListElement":[{"@type":"ListItem","position":1,"name":"Home","item":"https:\/\/geoclimate.ge\/fr\/"},{"@type":"ListItem","position":2,"name":"Products","item":"https:\/\/geoclimate.ge\/fr\/products\/"},{"@type":"ListItem","position":3,"name":"A\u00e9ror\u00e9frig\u00e9rants plats S\u00e9rie D\u00a0: A\u00e9ror\u00e9frig\u00e9rants plats avec ventilateurs axiaux pour une utilisation en ext\u00e9rieur"}]},{"@type":"WebSite","@id":"https:\/\/geoclimate.ge\/#website","url":"https:\/\/geoclimate.ge\/","name":"GeoClimate","description":"","publisher":{"@id":"https:\/\/geoclimate.ge\/#organization"},"potentialAction":[{"@type":"SearchAction","target":{"@type":"EntryPoint","urlTemplate":"https:\/\/geoclimate.ge\/?s={search_term_string}"},"query-input":{"@type":"PropertyValueSpecification","valueRequired":true,"valueName":"search_term_string"}}],"inLanguage":"fr-FR"},{"@type":"Organization","@id":"https:\/\/geoclimate.ge\/#organization","name":"GeoClimate","url":"https:\/\/geoclimate.ge\/","logo":{"@type":"ImageObject","inLanguage":"fr-FR","@id":"https:\/\/geoclimate.ge\/#\/schema\/logo\/image\/","url":"https:\/\/geoclimate.ge\/wp-content\/uploads\/2026\/03\/geoclimate-SEO.png","contentUrl":"https:\/\/geoclimate.ge\/wp-content\/uploads\/2026\/03\/geoclimate-SEO.png","width":1536,"height":1024,"caption":"GeoClimate"},"image":{"@id":"https:\/\/geoclimate.ge\/#\/schema\/logo\/image\/"}}]}},"_links":{"self":[{"href":"https:\/\/geoclimate.ge\/fr\/wp-json\/wp\/v2\/product\/32446","targetHints":{"allow":["GET"]}}],"collection":[{"href":"https:\/\/geoclimate.ge\/fr\/wp-json\/wp\/v2\/product"}],"about":[{"href":"https:\/\/geoclimate.ge\/fr\/wp-json\/wp\/v2\/types\/product"}],"wp:featuredmedia":[{"embeddable":true,"href":"https:\/\/geoclimate.ge\/fr\/wp-json\/wp\/v2\/media\/32441"}],"wp:attachment":[{"href":"https:\/\/geoclimate.ge\/fr\/wp-json\/wp\/v2\/media?parent=32446"}],"wp:term":[{"taxonomy":"product_brand","embeddable":true,"href":"https:\/\/geoclimate.ge\/fr\/wp-json\/wp\/v2\/product_brand?post=32446"},{"taxonomy":"product_cat","embeddable":true,"href":"https:\/\/geoclimate.ge\/fr\/wp-json\/wp\/v2\/product_cat?post=32446"},{"taxonomy":"product_tag","embeddable":true,"href":"https:\/\/geoclimate.ge\/fr\/wp-json\/wp\/v2\/product_tag?post=32446"}],"curies":[{"name":"wp","href":"https:\/\/api.w.org\/{rel}","templated":true}]}}