{"id":32494,"date":"2025-05-23T20:53:41","date_gmt":"2025-05-23T16:53:41","guid":{"rendered":"https:\/\/airsystems.ge\/shop\/product\/outdoor-packaged-unit-ed-serie-outdoor-packaged-air-conditioning-units-air-cooled-type\/"},"modified":"2025-05-23T20:57:42","modified_gmt":"2025-05-23T16:57:42","slug":"outdoor-packaged-unit-ed-serie-outdoor-packaged-air-conditioning-units-air-cooled-type","status":"publish","type":"product","link":"https:\/\/geoclimate.ge\/fr\/produit\/outdoor-packaged-unit-ed-serie-outdoor-packaged-air-conditioning-units-air-cooled-type\/","title":{"rendered":"Unit\u00e9 ext\u00e9rieure monobloc \u2013 S\u00e9rie ED Climatiseurs ext\u00e9rieurs monoblocs \u00e0 condensation par air, -20 \u00b0C \u00e0 +45 \u00b0C"},"content":{"rendered":"<p><a class=\"elementor-button elementor-button-link elementor-size-sm\" href=\"https:\/\/www.enextechnologies.com\/wp-content\/uploads\/2024\/08\/ED-SERIE_ENG.pdf\" target=\"_blank\" rel=\"noopener\"><span class=\"elementor-button-content-wrapper\"><span class=\"elementor-button-text\">BROCHURE<\/span><\/span><\/a><\/p>\n","protected":false},"excerpt":{"rendered":"<div class=\"elementor-element elementor-element-391e72ec elementor-widget elementor-widget-theme-post-content\" data-id=\"391e72ec\" data-element_type=\"widget\" data-widget_type=\"theme-post-content.default\">\n<div class=\"elementor-widget-container\">\n<p>Puissance frigorifique de 6,3 kW \u00e0 17,2 kW<\/p>\n<p>Climatiseurs ext\u00e9rieurs monoblocs \u00e0 condensation par air, id\u00e9aux pour les installations en int\u00e9rieur, les abris pour stations de base radio et les centres de traitement de donn\u00e9es. L&rsquo;air de refroidissement est extrait par le haut et dirig\u00e9 vers le bas.<\/p>\n<p>Caract\u00e9ristiques principales<\/p>\n<p>Ch\u00e2ssis et panneaux en acier galvanis\u00e9<br \/>\nBatterie de condenseurs \u00e0 microcanaux aluminium-aluminium<br \/>\nVentilateurs de la section d&rsquo;\u00e9vaporation type EC, 48 Vcc<br \/>\nVitesse des ventilateurs de la section de condensation variable en fonction de la pression de condensation<br \/>\nSur demande\u00a0: carte Ethernet, port s\u00e9rie RS232\/485, SNMP et Web<\/p>\n<\/div>\n<\/div>\n","protected":false},"featured_media":32488,"template":"","meta":[],"product_brand":[],"product_cat":[1618,682],"product_tag":[],"class_list":{"0":"post-32494","1":"product","2":"type-product","3":"status-publish","4":"has-post-thumbnail","6":"product_cat-climatiseur-industriel-monobloc","7":"product_cat-climatiseurs-fr-industriels","9":"first","10":"instock","11":"shipping-taxable","12":"product-type-simple"},"yoast_head":"<!-- This site is optimized with the Yoast SEO plugin v27.1.1 - https:\/\/yoast.com\/product\/yoast-seo-wordpress\/ -->\n<title>Unit\u00e9 ext\u00e9rieure monobloc \u2013 S\u00e9rie ED Climatiseurs ext\u00e9rieurs monoblocs \u00e0 condensation par air, -20 \u00b0C \u00e0 +45 \u00b0C - GeoClimate.ge<\/title>\n<meta name=\"robots\" content=\"index, follow, max-snippet:-1, max-image-preview:large, max-video-preview:-1\" \/>\n<link rel=\"canonical\" href=\"https:\/\/geoclimate.ge\/fr\/produit\/outdoor-packaged-unit-ed-serie-outdoor-packaged-air-conditioning-units-air-cooled-type\/\" \/>\n<meta property=\"og:locale\" content=\"fr_FR\" \/>\n<meta property=\"og:type\" content=\"article\" \/>\n<meta property=\"og:title\" content=\"Unit\u00e9 ext\u00e9rieure monobloc \u2013 S\u00e9rie ED Climatiseurs ext\u00e9rieurs monoblocs \u00e0 condensation par air, -20 \u00b0C \u00e0 +45 \u00b0C - GeoClimate.ge\" \/>\n<meta property=\"og:description\" content=\"Puissance frigorifique de 6,3 kW \u00e0 17,2 kW  Climatiseurs ext\u00e9rieurs monoblocs \u00e0 condensation par air, id\u00e9aux pour les installations en int\u00e9rieur, les abris pour stations de base radio et les centres de traitement de donn\u00e9es. L&#039;air de refroidissement est extrait par le haut et dirig\u00e9 vers le bas.  Caract\u00e9ristiques principales  Ch\u00e2ssis et panneaux en acier galvanis\u00e9 Batterie de condenseurs \u00e0 microcanaux aluminium-aluminium Ventilateurs de la section d&#039;\u00e9vaporation type EC, 48 Vcc Vitesse des ventilateurs de la section de condensation variable en fonction de la pression de condensation Sur demande\u00a0: carte Ethernet, port s\u00e9rie RS232\/485, SNMP et Web\" \/>\n<meta property=\"og:url\" content=\"https:\/\/geoclimate.ge\/fr\/produit\/outdoor-packaged-unit-ed-serie-outdoor-packaged-air-conditioning-units-air-cooled-type\/\" \/>\n<meta property=\"og:site_name\" content=\"GeoClimate.ge\" \/>\n<meta property=\"article:modified_time\" content=\"2025-05-23T16:57:42+00:00\" \/>\n<meta property=\"og:image\" content=\"https:\/\/geoclimate.ge\/wp-content\/uploads\/2025\/05\/monoblocco-da-esterno-serie-ED.png\" \/>\n\t<meta property=\"og:image:width\" content=\"2560\" \/>\n\t<meta property=\"og:image:height\" content=\"2221\" \/>\n\t<meta property=\"og:image:type\" content=\"image\/png\" \/>\n<meta name=\"twitter:card\" content=\"summary_large_image\" \/>\n<script type=\"application\/ld+json\" class=\"yoast-schema-graph\">{\"@context\":\"https:\/\/schema.org\",\"@graph\":[{\"@type\":\"WebPage\",\"@id\":\"https:\/\/geoclimate.ge\/fr\/produit\/outdoor-packaged-unit-ed-serie-outdoor-packaged-air-conditioning-units-air-cooled-type\/\",\"url\":\"https:\/\/geoclimate.ge\/fr\/produit\/outdoor-packaged-unit-ed-serie-outdoor-packaged-air-conditioning-units-air-cooled-type\/\",\"name\":\"Unit\u00e9 ext\u00e9rieure monobloc \u2013 S\u00e9rie ED Climatiseurs ext\u00e9rieurs monoblocs \u00e0 condensation par air, -20 \u00b0C \u00e0 +45 \u00b0C - GeoClimate.ge\",\"isPartOf\":{\"@id\":\"https:\/\/geoclimate.ge\/#website\"},\"primaryImageOfPage\":{\"@id\":\"https:\/\/geoclimate.ge\/fr\/produit\/outdoor-packaged-unit-ed-serie-outdoor-packaged-air-conditioning-units-air-cooled-type\/#primaryimage\"},\"image\":{\"@id\":\"https:\/\/geoclimate.ge\/fr\/produit\/outdoor-packaged-unit-ed-serie-outdoor-packaged-air-conditioning-units-air-cooled-type\/#primaryimage\"},\"thumbnailUrl\":\"https:\/\/geoclimate.ge\/wp-content\/uploads\/2025\/05\/monoblocco-da-esterno-serie-ED.png\",\"datePublished\":\"2025-05-23T16:53:41+00:00\",\"dateModified\":\"2025-05-23T16:57:42+00:00\",\"breadcrumb\":{\"@id\":\"https:\/\/geoclimate.ge\/fr\/produit\/outdoor-packaged-unit-ed-serie-outdoor-packaged-air-conditioning-units-air-cooled-type\/#breadcrumb\"},\"inLanguage\":\"fr-FR\",\"potentialAction\":[{\"@type\":\"ReadAction\",\"target\":[\"https:\/\/geoclimate.ge\/fr\/produit\/outdoor-packaged-unit-ed-serie-outdoor-packaged-air-conditioning-units-air-cooled-type\/\"]}]},{\"@type\":\"ImageObject\",\"inLanguage\":\"fr-FR\",\"@id\":\"https:\/\/geoclimate.ge\/fr\/produit\/outdoor-packaged-unit-ed-serie-outdoor-packaged-air-conditioning-units-air-cooled-type\/#primaryimage\",\"url\":\"https:\/\/geoclimate.ge\/wp-content\/uploads\/2025\/05\/monoblocco-da-esterno-serie-ED.png\",\"contentUrl\":\"https:\/\/geoclimate.ge\/wp-content\/uploads\/2025\/05\/monoblocco-da-esterno-serie-ED.png\",\"width\":2560,\"height\":2221},{\"@type\":\"BreadcrumbList\",\"@id\":\"https:\/\/geoclimate.ge\/fr\/produit\/outdoor-packaged-unit-ed-serie-outdoor-packaged-air-conditioning-units-air-cooled-type\/#breadcrumb\",\"itemListElement\":[{\"@type\":\"ListItem\",\"position\":1,\"name\":\"Home\",\"item\":\"https:\/\/geoclimate.ge\/fr\/\"},{\"@type\":\"ListItem\",\"position\":2,\"name\":\"Products\",\"item\":\"https:\/\/geoclimate.ge\/fr\/products\/\"},{\"@type\":\"ListItem\",\"position\":3,\"name\":\"Unit\u00e9 ext\u00e9rieure monobloc \u2013 S\u00e9rie ED Climatiseurs ext\u00e9rieurs monoblocs \u00e0 condensation par air, -20 \u00b0C \u00e0 +45 \u00b0C\"}]},{\"@type\":\"WebSite\",\"@id\":\"https:\/\/geoclimate.ge\/#website\",\"url\":\"https:\/\/geoclimate.ge\/\",\"name\":\"GeoClimate\",\"description\":\"\",\"publisher\":{\"@id\":\"https:\/\/geoclimate.ge\/#organization\"},\"potentialAction\":[{\"@type\":\"SearchAction\",\"target\":{\"@type\":\"EntryPoint\",\"urlTemplate\":\"https:\/\/geoclimate.ge\/?s={search_term_string}\"},\"query-input\":{\"@type\":\"PropertyValueSpecification\",\"valueRequired\":true,\"valueName\":\"search_term_string\"}}],\"inLanguage\":\"fr-FR\"},{\"@type\":\"Organization\",\"@id\":\"https:\/\/geoclimate.ge\/#organization\",\"name\":\"GeoClimate\",\"url\":\"https:\/\/geoclimate.ge\/\",\"logo\":{\"@type\":\"ImageObject\",\"inLanguage\":\"fr-FR\",\"@id\":\"https:\/\/geoclimate.ge\/#\/schema\/logo\/image\/\",\"url\":\"https:\/\/geoclimate.ge\/wp-content\/uploads\/2026\/03\/geoclimate-SEO.png\",\"contentUrl\":\"https:\/\/geoclimate.ge\/wp-content\/uploads\/2026\/03\/geoclimate-SEO.png\",\"width\":1536,\"height\":1024,\"caption\":\"GeoClimate\"},\"image\":{\"@id\":\"https:\/\/geoclimate.ge\/#\/schema\/logo\/image\/\"}}]}<\/script>\n<!-- \/ Yoast SEO plugin. -->","yoast_head_json":{"title":"Unit\u00e9 ext\u00e9rieure monobloc \u2013 S\u00e9rie ED Climatiseurs ext\u00e9rieurs monoblocs \u00e0 condensation par air, -20 \u00b0C \u00e0 +45 \u00b0C - GeoClimate.ge","robots":{"index":"index","follow":"follow","max-snippet":"max-snippet:-1","max-image-preview":"max-image-preview:large","max-video-preview":"max-video-preview:-1"},"canonical":"https:\/\/geoclimate.ge\/fr\/produit\/outdoor-packaged-unit-ed-serie-outdoor-packaged-air-conditioning-units-air-cooled-type\/","og_locale":"fr_FR","og_type":"article","og_title":"Unit\u00e9 ext\u00e9rieure monobloc \u2013 S\u00e9rie ED Climatiseurs ext\u00e9rieurs monoblocs \u00e0 condensation par air, -20 \u00b0C \u00e0 +45 \u00b0C - GeoClimate.ge","og_description":"Puissance frigorifique de 6,3 kW \u00e0 17,2 kW  Climatiseurs ext\u00e9rieurs monoblocs \u00e0 condensation par air, id\u00e9aux pour les installations en int\u00e9rieur, les abris pour stations de base radio et les centres de traitement de donn\u00e9es. L'air de refroidissement est extrait par le haut et dirig\u00e9 vers le bas.  Caract\u00e9ristiques principales  Ch\u00e2ssis et panneaux en acier galvanis\u00e9 Batterie de condenseurs \u00e0 microcanaux aluminium-aluminium Ventilateurs de la section d'\u00e9vaporation type EC, 48 Vcc Vitesse des ventilateurs de la section de condensation variable en fonction de la pression de condensation Sur demande\u00a0: carte Ethernet, port s\u00e9rie RS232\/485, SNMP et Web","og_url":"https:\/\/geoclimate.ge\/fr\/produit\/outdoor-packaged-unit-ed-serie-outdoor-packaged-air-conditioning-units-air-cooled-type\/","og_site_name":"GeoClimate.ge","article_modified_time":"2025-05-23T16:57:42+00:00","og_image":[{"width":2560,"height":2221,"url":"https:\/\/geoclimate.ge\/wp-content\/uploads\/2025\/05\/monoblocco-da-esterno-serie-ED.png","type":"image\/png"}],"twitter_card":"summary_large_image","schema":{"@context":"https:\/\/schema.org","@graph":[{"@type":"WebPage","@id":"https:\/\/geoclimate.ge\/fr\/produit\/outdoor-packaged-unit-ed-serie-outdoor-packaged-air-conditioning-units-air-cooled-type\/","url":"https:\/\/geoclimate.ge\/fr\/produit\/outdoor-packaged-unit-ed-serie-outdoor-packaged-air-conditioning-units-air-cooled-type\/","name":"Unit\u00e9 ext\u00e9rieure monobloc \u2013 S\u00e9rie ED Climatiseurs ext\u00e9rieurs monoblocs \u00e0 condensation par air, -20 \u00b0C \u00e0 +45 \u00b0C - GeoClimate.ge","isPartOf":{"@id":"https:\/\/geoclimate.ge\/#website"},"primaryImageOfPage":{"@id":"https:\/\/geoclimate.ge\/fr\/produit\/outdoor-packaged-unit-ed-serie-outdoor-packaged-air-conditioning-units-air-cooled-type\/#primaryimage"},"image":{"@id":"https:\/\/geoclimate.ge\/fr\/produit\/outdoor-packaged-unit-ed-serie-outdoor-packaged-air-conditioning-units-air-cooled-type\/#primaryimage"},"thumbnailUrl":"https:\/\/geoclimate.ge\/wp-content\/uploads\/2025\/05\/monoblocco-da-esterno-serie-ED.png","datePublished":"2025-05-23T16:53:41+00:00","dateModified":"2025-05-23T16:57:42+00:00","breadcrumb":{"@id":"https:\/\/geoclimate.ge\/fr\/produit\/outdoor-packaged-unit-ed-serie-outdoor-packaged-air-conditioning-units-air-cooled-type\/#breadcrumb"},"inLanguage":"fr-FR","potentialAction":[{"@type":"ReadAction","target":["https:\/\/geoclimate.ge\/fr\/produit\/outdoor-packaged-unit-ed-serie-outdoor-packaged-air-conditioning-units-air-cooled-type\/"]}]},{"@type":"ImageObject","inLanguage":"fr-FR","@id":"https:\/\/geoclimate.ge\/fr\/produit\/outdoor-packaged-unit-ed-serie-outdoor-packaged-air-conditioning-units-air-cooled-type\/#primaryimage","url":"https:\/\/geoclimate.ge\/wp-content\/uploads\/2025\/05\/monoblocco-da-esterno-serie-ED.png","contentUrl":"https:\/\/geoclimate.ge\/wp-content\/uploads\/2025\/05\/monoblocco-da-esterno-serie-ED.png","width":2560,"height":2221},{"@type":"BreadcrumbList","@id":"https:\/\/geoclimate.ge\/fr\/produit\/outdoor-packaged-unit-ed-serie-outdoor-packaged-air-conditioning-units-air-cooled-type\/#breadcrumb","itemListElement":[{"@type":"ListItem","position":1,"name":"Home","item":"https:\/\/geoclimate.ge\/fr\/"},{"@type":"ListItem","position":2,"name":"Products","item":"https:\/\/geoclimate.ge\/fr\/products\/"},{"@type":"ListItem","position":3,"name":"Unit\u00e9 ext\u00e9rieure monobloc \u2013 S\u00e9rie ED Climatiseurs ext\u00e9rieurs monoblocs \u00e0 condensation par air, -20 \u00b0C \u00e0 +45 \u00b0C"}]},{"@type":"WebSite","@id":"https:\/\/geoclimate.ge\/#website","url":"https:\/\/geoclimate.ge\/","name":"GeoClimate","description":"","publisher":{"@id":"https:\/\/geoclimate.ge\/#organization"},"potentialAction":[{"@type":"SearchAction","target":{"@type":"EntryPoint","urlTemplate":"https:\/\/geoclimate.ge\/?s={search_term_string}"},"query-input":{"@type":"PropertyValueSpecification","valueRequired":true,"valueName":"search_term_string"}}],"inLanguage":"fr-FR"},{"@type":"Organization","@id":"https:\/\/geoclimate.ge\/#organization","name":"GeoClimate","url":"https:\/\/geoclimate.ge\/","logo":{"@type":"ImageObject","inLanguage":"fr-FR","@id":"https:\/\/geoclimate.ge\/#\/schema\/logo\/image\/","url":"https:\/\/geoclimate.ge\/wp-content\/uploads\/2026\/03\/geoclimate-SEO.png","contentUrl":"https:\/\/geoclimate.ge\/wp-content\/uploads\/2026\/03\/geoclimate-SEO.png","width":1536,"height":1024,"caption":"GeoClimate"},"image":{"@id":"https:\/\/geoclimate.ge\/#\/schema\/logo\/image\/"}}]}},"_links":{"self":[{"href":"https:\/\/geoclimate.ge\/fr\/wp-json\/wp\/v2\/product\/32494","targetHints":{"allow":["GET"]}}],"collection":[{"href":"https:\/\/geoclimate.ge\/fr\/wp-json\/wp\/v2\/product"}],"about":[{"href":"https:\/\/geoclimate.ge\/fr\/wp-json\/wp\/v2\/types\/product"}],"wp:featuredmedia":[{"embeddable":true,"href":"https:\/\/geoclimate.ge\/fr\/wp-json\/wp\/v2\/media\/32488"}],"wp:attachment":[{"href":"https:\/\/geoclimate.ge\/fr\/wp-json\/wp\/v2\/media?parent=32494"}],"wp:term":[{"taxonomy":"product_brand","embeddable":true,"href":"https:\/\/geoclimate.ge\/fr\/wp-json\/wp\/v2\/product_brand?post=32494"},{"taxonomy":"product_cat","embeddable":true,"href":"https:\/\/geoclimate.ge\/fr\/wp-json\/wp\/v2\/product_cat?post=32494"},{"taxonomy":"product_tag","embeddable":true,"href":"https:\/\/geoclimate.ge\/fr\/wp-json\/wp\/v2\/product_tag?post=32494"}],"curies":[{"name":"wp","href":"https:\/\/api.w.org\/{rel}","templated":true}]}}