{"id":32532,"date":"2025-05-23T21:09:59","date_gmt":"2025-05-23T17:09:59","guid":{"rendered":"https:\/\/airsystems.ge\/shop\/product\/series-industrial-packaged-cus-packaged-self-cooling-air-conditioners-for-containers-or-electrical-cabins\/"},"modified":"2025-05-23T21:16:01","modified_gmt":"2025-05-23T17:16:01","slug":"series-industrial-packaged-cus-packaged-self-cooling-air-conditioners-for-containers-or-electrical-cabins","status":"publish","type":"product","link":"https:\/\/geoclimate.ge\/fr\/produit\/series-industrial-packaged-cus-packaged-self-cooling-air-conditioners-for-containers-or-electrical-cabins\/","title":{"rendered":"Climatiseurs industriels monoblocs  S\u00e9rie CUS Climatiseurs monoblocs auto-refroidissants pour conteneurs ou cabines \u00e9lectriques, de -40 \u00b0C \u00e0 +80 \u00b0C"},"content":{"rendered":"<p><a class=\"elementor-button elementor-button-link elementor-size-sm\" href=\"https:\/\/www.enextechnologies.com\/wp-content\/uploads\/2024\/08\/CUS-SERIE_ENG.pdf\" target=\"_blank\" rel=\"noopener\"><span class=\"elementor-button-content-wrapper\"><span class=\"elementor-button-text\">BROCHURE<\/span><\/span><\/a><\/p>\n","protected":false},"excerpt":{"rendered":"<p>Puissance frigorifique de 2,7 kW \u00e0 4,5 kW<\/p>\n<p>Climatiseurs monoblocs auto-refroidissants pour usage int\u00e9rieur, sp\u00e9cialement con\u00e7us pour fonctionner en environnement industriel, en pr\u00e9sence de poussi\u00e8re, de vibrations et de temp\u00e9ratures \u00e9lev\u00e9es. Id\u00e9als pour le refroidissement des tableaux \u00e9lectriques, des sous-stations \u00e9lectriques et autres.<\/p>\n<p>Caract\u00e9ristiques principales<\/p>\n<p>Ch\u00e2ssis et panneaux en acier galvanis\u00e9<br \/>\nHaute r\u00e9sistance \u00e0 la corrosion<br \/>\nR\u00e9sistance \u00e0 la poussi\u00e8re et aux vibrations<br \/>\nTableau \u00e9lectrique avec interface utilisateur externe<br \/>\nLe ventilateur de la section de condensation est r\u00e9gul\u00e9 par pressostat<br \/>\nInstallation sur murs ext\u00e9rieurs, positionnement en sac \u00e0 dos<br \/>\nPossibilit\u00e9 de gainage<\/p>\n","protected":false},"featured_media":32527,"template":"","meta":[],"product_brand":[],"product_cat":[1618,682],"product_tag":[],"class_list":{"0":"post-32532","1":"product","2":"type-product","3":"status-publish","4":"has-post-thumbnail","6":"product_cat-climatiseur-industriel-monobloc","7":"product_cat-climatiseurs-fr-industriels","9":"first","10":"instock","11":"shipping-taxable","12":"product-type-simple"},"yoast_head":"<!-- This site is optimized with the Yoast SEO plugin v27.1.1 - https:\/\/yoast.com\/product\/yoast-seo-wordpress\/ -->\n<title>Climatiseurs industriels monoblocs S\u00e9rie CUS Climatiseurs monoblocs auto-refroidissants pour conteneurs ou cabines \u00e9lectriques, de -40 \u00b0C \u00e0 +80 \u00b0C - GeoClimate.ge<\/title>\n<meta name=\"robots\" content=\"index, follow, max-snippet:-1, max-image-preview:large, max-video-preview:-1\" \/>\n<link rel=\"canonical\" href=\"https:\/\/geoclimate.ge\/fr\/produit\/series-industrial-packaged-cus-packaged-self-cooling-air-conditioners-for-containers-or-electrical-cabins\/\" \/>\n<meta property=\"og:locale\" content=\"fr_FR\" \/>\n<meta property=\"og:type\" content=\"article\" \/>\n<meta property=\"og:title\" content=\"Climatiseurs industriels monoblocs S\u00e9rie CUS Climatiseurs monoblocs auto-refroidissants pour conteneurs ou cabines \u00e9lectriques, de -40 \u00b0C \u00e0 +80 \u00b0C - GeoClimate.ge\" \/>\n<meta property=\"og:description\" content=\"Puissance frigorifique de 2,7 kW \u00e0 4,5 kW  Climatiseurs monoblocs auto-refroidissants pour usage int\u00e9rieur, sp\u00e9cialement con\u00e7us pour fonctionner en environnement industriel, en pr\u00e9sence de poussi\u00e8re, de vibrations et de temp\u00e9ratures \u00e9lev\u00e9es. Id\u00e9als pour le refroidissement des tableaux \u00e9lectriques, des sous-stations \u00e9lectriques et autres.  Caract\u00e9ristiques principales  Ch\u00e2ssis et panneaux en acier galvanis\u00e9 Haute r\u00e9sistance \u00e0 la corrosion R\u00e9sistance \u00e0 la poussi\u00e8re et aux vibrations Tableau \u00e9lectrique avec interface utilisateur externe Le ventilateur de la section de condensation est r\u00e9gul\u00e9 par pressostat Installation sur murs ext\u00e9rieurs, positionnement en sac \u00e0 dos Possibilit\u00e9 de gainage\" \/>\n<meta property=\"og:url\" content=\"https:\/\/geoclimate.ge\/fr\/produit\/series-industrial-packaged-cus-packaged-self-cooling-air-conditioners-for-containers-or-electrical-cabins\/\" \/>\n<meta property=\"og:site_name\" content=\"GeoClimate.ge\" \/>\n<meta property=\"article:modified_time\" content=\"2025-05-23T17:16:01+00:00\" \/>\n<meta property=\"og:image\" content=\"https:\/\/geoclimate.ge\/wp-content\/uploads\/2025\/05\/monoblocco-industriale-serie-CUS.png\" \/>\n\t<meta property=\"og:image:width\" content=\"2560\" \/>\n\t<meta property=\"og:image:height\" content=\"1920\" \/>\n\t<meta property=\"og:image:type\" content=\"image\/png\" \/>\n<meta name=\"twitter:card\" content=\"summary_large_image\" \/>\n<script type=\"application\/ld+json\" class=\"yoast-schema-graph\">{\"@context\":\"https:\/\/schema.org\",\"@graph\":[{\"@type\":\"WebPage\",\"@id\":\"https:\/\/geoclimate.ge\/fr\/produit\/series-industrial-packaged-cus-packaged-self-cooling-air-conditioners-for-containers-or-electrical-cabins\/\",\"url\":\"https:\/\/geoclimate.ge\/fr\/produit\/series-industrial-packaged-cus-packaged-self-cooling-air-conditioners-for-containers-or-electrical-cabins\/\",\"name\":\"Climatiseurs industriels monoblocs S\u00e9rie CUS Climatiseurs monoblocs auto-refroidissants pour conteneurs ou cabines \u00e9lectriques, de -40 \u00b0C \u00e0 +80 \u00b0C - GeoClimate.ge\",\"isPartOf\":{\"@id\":\"https:\/\/geoclimate.ge\/#website\"},\"primaryImageOfPage\":{\"@id\":\"https:\/\/geoclimate.ge\/fr\/produit\/series-industrial-packaged-cus-packaged-self-cooling-air-conditioners-for-containers-or-electrical-cabins\/#primaryimage\"},\"image\":{\"@id\":\"https:\/\/geoclimate.ge\/fr\/produit\/series-industrial-packaged-cus-packaged-self-cooling-air-conditioners-for-containers-or-electrical-cabins\/#primaryimage\"},\"thumbnailUrl\":\"https:\/\/geoclimate.ge\/wp-content\/uploads\/2025\/05\/monoblocco-industriale-serie-CUS.png\",\"datePublished\":\"2025-05-23T17:09:59+00:00\",\"dateModified\":\"2025-05-23T17:16:01+00:00\",\"breadcrumb\":{\"@id\":\"https:\/\/geoclimate.ge\/fr\/produit\/series-industrial-packaged-cus-packaged-self-cooling-air-conditioners-for-containers-or-electrical-cabins\/#breadcrumb\"},\"inLanguage\":\"fr-FR\",\"potentialAction\":[{\"@type\":\"ReadAction\",\"target\":[\"https:\/\/geoclimate.ge\/fr\/produit\/series-industrial-packaged-cus-packaged-self-cooling-air-conditioners-for-containers-or-electrical-cabins\/\"]}]},{\"@type\":\"ImageObject\",\"inLanguage\":\"fr-FR\",\"@id\":\"https:\/\/geoclimate.ge\/fr\/produit\/series-industrial-packaged-cus-packaged-self-cooling-air-conditioners-for-containers-or-electrical-cabins\/#primaryimage\",\"url\":\"https:\/\/geoclimate.ge\/wp-content\/uploads\/2025\/05\/monoblocco-industriale-serie-CUS.png\",\"contentUrl\":\"https:\/\/geoclimate.ge\/wp-content\/uploads\/2025\/05\/monoblocco-industriale-serie-CUS.png\",\"width\":2560,\"height\":1920},{\"@type\":\"BreadcrumbList\",\"@id\":\"https:\/\/geoclimate.ge\/fr\/produit\/series-industrial-packaged-cus-packaged-self-cooling-air-conditioners-for-containers-or-electrical-cabins\/#breadcrumb\",\"itemListElement\":[{\"@type\":\"ListItem\",\"position\":1,\"name\":\"Home\",\"item\":\"https:\/\/geoclimate.ge\/fr\/\"},{\"@type\":\"ListItem\",\"position\":2,\"name\":\"Products\",\"item\":\"https:\/\/geoclimate.ge\/fr\/products\/\"},{\"@type\":\"ListItem\",\"position\":3,\"name\":\"Climatiseurs industriels monoblocs S\u00e9rie CUS Climatiseurs monoblocs auto-refroidissants pour conteneurs ou cabines \u00e9lectriques, de -40 \u00b0C \u00e0 +80 \u00b0C\"}]},{\"@type\":\"WebSite\",\"@id\":\"https:\/\/geoclimate.ge\/#website\",\"url\":\"https:\/\/geoclimate.ge\/\",\"name\":\"GeoClimate\",\"description\":\"\",\"publisher\":{\"@id\":\"https:\/\/geoclimate.ge\/#organization\"},\"potentialAction\":[{\"@type\":\"SearchAction\",\"target\":{\"@type\":\"EntryPoint\",\"urlTemplate\":\"https:\/\/geoclimate.ge\/?s={search_term_string}\"},\"query-input\":{\"@type\":\"PropertyValueSpecification\",\"valueRequired\":true,\"valueName\":\"search_term_string\"}}],\"inLanguage\":\"fr-FR\"},{\"@type\":\"Organization\",\"@id\":\"https:\/\/geoclimate.ge\/#organization\",\"name\":\"GeoClimate\",\"url\":\"https:\/\/geoclimate.ge\/\",\"logo\":{\"@type\":\"ImageObject\",\"inLanguage\":\"fr-FR\",\"@id\":\"https:\/\/geoclimate.ge\/#\/schema\/logo\/image\/\",\"url\":\"https:\/\/geoclimate.ge\/wp-content\/uploads\/2026\/03\/geoclimate-SEO.png\",\"contentUrl\":\"https:\/\/geoclimate.ge\/wp-content\/uploads\/2026\/03\/geoclimate-SEO.png\",\"width\":1536,\"height\":1024,\"caption\":\"GeoClimate\"},\"image\":{\"@id\":\"https:\/\/geoclimate.ge\/#\/schema\/logo\/image\/\"}}]}<\/script>\n<!-- \/ Yoast SEO plugin. -->","yoast_head_json":{"title":"Climatiseurs industriels monoblocs S\u00e9rie CUS Climatiseurs monoblocs auto-refroidissants pour conteneurs ou cabines \u00e9lectriques, de -40 \u00b0C \u00e0 +80 \u00b0C - GeoClimate.ge","robots":{"index":"index","follow":"follow","max-snippet":"max-snippet:-1","max-image-preview":"max-image-preview:large","max-video-preview":"max-video-preview:-1"},"canonical":"https:\/\/geoclimate.ge\/fr\/produit\/series-industrial-packaged-cus-packaged-self-cooling-air-conditioners-for-containers-or-electrical-cabins\/","og_locale":"fr_FR","og_type":"article","og_title":"Climatiseurs industriels monoblocs S\u00e9rie CUS Climatiseurs monoblocs auto-refroidissants pour conteneurs ou cabines \u00e9lectriques, de -40 \u00b0C \u00e0 +80 \u00b0C - GeoClimate.ge","og_description":"Puissance frigorifique de 2,7 kW \u00e0 4,5 kW  Climatiseurs monoblocs auto-refroidissants pour usage int\u00e9rieur, sp\u00e9cialement con\u00e7us pour fonctionner en environnement industriel, en pr\u00e9sence de poussi\u00e8re, de vibrations et de temp\u00e9ratures \u00e9lev\u00e9es. Id\u00e9als pour le refroidissement des tableaux \u00e9lectriques, des sous-stations \u00e9lectriques et autres.  Caract\u00e9ristiques principales  Ch\u00e2ssis et panneaux en acier galvanis\u00e9 Haute r\u00e9sistance \u00e0 la corrosion R\u00e9sistance \u00e0 la poussi\u00e8re et aux vibrations Tableau \u00e9lectrique avec interface utilisateur externe Le ventilateur de la section de condensation est r\u00e9gul\u00e9 par pressostat Installation sur murs ext\u00e9rieurs, positionnement en sac \u00e0 dos Possibilit\u00e9 de gainage","og_url":"https:\/\/geoclimate.ge\/fr\/produit\/series-industrial-packaged-cus-packaged-self-cooling-air-conditioners-for-containers-or-electrical-cabins\/","og_site_name":"GeoClimate.ge","article_modified_time":"2025-05-23T17:16:01+00:00","og_image":[{"width":2560,"height":1920,"url":"https:\/\/geoclimate.ge\/wp-content\/uploads\/2025\/05\/monoblocco-industriale-serie-CUS.png","type":"image\/png"}],"twitter_card":"summary_large_image","schema":{"@context":"https:\/\/schema.org","@graph":[{"@type":"WebPage","@id":"https:\/\/geoclimate.ge\/fr\/produit\/series-industrial-packaged-cus-packaged-self-cooling-air-conditioners-for-containers-or-electrical-cabins\/","url":"https:\/\/geoclimate.ge\/fr\/produit\/series-industrial-packaged-cus-packaged-self-cooling-air-conditioners-for-containers-or-electrical-cabins\/","name":"Climatiseurs industriels monoblocs S\u00e9rie CUS Climatiseurs monoblocs auto-refroidissants pour conteneurs ou cabines \u00e9lectriques, de -40 \u00b0C \u00e0 +80 \u00b0C - GeoClimate.ge","isPartOf":{"@id":"https:\/\/geoclimate.ge\/#website"},"primaryImageOfPage":{"@id":"https:\/\/geoclimate.ge\/fr\/produit\/series-industrial-packaged-cus-packaged-self-cooling-air-conditioners-for-containers-or-electrical-cabins\/#primaryimage"},"image":{"@id":"https:\/\/geoclimate.ge\/fr\/produit\/series-industrial-packaged-cus-packaged-self-cooling-air-conditioners-for-containers-or-electrical-cabins\/#primaryimage"},"thumbnailUrl":"https:\/\/geoclimate.ge\/wp-content\/uploads\/2025\/05\/monoblocco-industriale-serie-CUS.png","datePublished":"2025-05-23T17:09:59+00:00","dateModified":"2025-05-23T17:16:01+00:00","breadcrumb":{"@id":"https:\/\/geoclimate.ge\/fr\/produit\/series-industrial-packaged-cus-packaged-self-cooling-air-conditioners-for-containers-or-electrical-cabins\/#breadcrumb"},"inLanguage":"fr-FR","potentialAction":[{"@type":"ReadAction","target":["https:\/\/geoclimate.ge\/fr\/produit\/series-industrial-packaged-cus-packaged-self-cooling-air-conditioners-for-containers-or-electrical-cabins\/"]}]},{"@type":"ImageObject","inLanguage":"fr-FR","@id":"https:\/\/geoclimate.ge\/fr\/produit\/series-industrial-packaged-cus-packaged-self-cooling-air-conditioners-for-containers-or-electrical-cabins\/#primaryimage","url":"https:\/\/geoclimate.ge\/wp-content\/uploads\/2025\/05\/monoblocco-industriale-serie-CUS.png","contentUrl":"https:\/\/geoclimate.ge\/wp-content\/uploads\/2025\/05\/monoblocco-industriale-serie-CUS.png","width":2560,"height":1920},{"@type":"BreadcrumbList","@id":"https:\/\/geoclimate.ge\/fr\/produit\/series-industrial-packaged-cus-packaged-self-cooling-air-conditioners-for-containers-or-electrical-cabins\/#breadcrumb","itemListElement":[{"@type":"ListItem","position":1,"name":"Home","item":"https:\/\/geoclimate.ge\/fr\/"},{"@type":"ListItem","position":2,"name":"Products","item":"https:\/\/geoclimate.ge\/fr\/products\/"},{"@type":"ListItem","position":3,"name":"Climatiseurs industriels monoblocs S\u00e9rie CUS Climatiseurs monoblocs auto-refroidissants pour conteneurs ou cabines \u00e9lectriques, de -40 \u00b0C \u00e0 +80 \u00b0C"}]},{"@type":"WebSite","@id":"https:\/\/geoclimate.ge\/#website","url":"https:\/\/geoclimate.ge\/","name":"GeoClimate","description":"","publisher":{"@id":"https:\/\/geoclimate.ge\/#organization"},"potentialAction":[{"@type":"SearchAction","target":{"@type":"EntryPoint","urlTemplate":"https:\/\/geoclimate.ge\/?s={search_term_string}"},"query-input":{"@type":"PropertyValueSpecification","valueRequired":true,"valueName":"search_term_string"}}],"inLanguage":"fr-FR"},{"@type":"Organization","@id":"https:\/\/geoclimate.ge\/#organization","name":"GeoClimate","url":"https:\/\/geoclimate.ge\/","logo":{"@type":"ImageObject","inLanguage":"fr-FR","@id":"https:\/\/geoclimate.ge\/#\/schema\/logo\/image\/","url":"https:\/\/geoclimate.ge\/wp-content\/uploads\/2026\/03\/geoclimate-SEO.png","contentUrl":"https:\/\/geoclimate.ge\/wp-content\/uploads\/2026\/03\/geoclimate-SEO.png","width":1536,"height":1024,"caption":"GeoClimate"},"image":{"@id":"https:\/\/geoclimate.ge\/#\/schema\/logo\/image\/"}}]}},"_links":{"self":[{"href":"https:\/\/geoclimate.ge\/fr\/wp-json\/wp\/v2\/product\/32532","targetHints":{"allow":["GET"]}}],"collection":[{"href":"https:\/\/geoclimate.ge\/fr\/wp-json\/wp\/v2\/product"}],"about":[{"href":"https:\/\/geoclimate.ge\/fr\/wp-json\/wp\/v2\/types\/product"}],"wp:featuredmedia":[{"embeddable":true,"href":"https:\/\/geoclimate.ge\/fr\/wp-json\/wp\/v2\/media\/32527"}],"wp:attachment":[{"href":"https:\/\/geoclimate.ge\/fr\/wp-json\/wp\/v2\/media?parent=32532"}],"wp:term":[{"taxonomy":"product_brand","embeddable":true,"href":"https:\/\/geoclimate.ge\/fr\/wp-json\/wp\/v2\/product_brand?post=32532"},{"taxonomy":"product_cat","embeddable":true,"href":"https:\/\/geoclimate.ge\/fr\/wp-json\/wp\/v2\/product_cat?post=32532"},{"taxonomy":"product_tag","embeddable":true,"href":"https:\/\/geoclimate.ge\/fr\/wp-json\/wp\/v2\/product_tag?post=32532"}],"curies":[{"name":"wp","href":"https:\/\/api.w.org\/{rel}","templated":true}]}}