{"id":32599,"date":"2025-05-23T21:39:44","date_gmt":"2025-05-23T17:39:44","guid":{"rendered":"https:\/\/airsystems.ge\/shop\/product\/industrial-air-conditioner-indoor-packaged-low-power-rr-series-rf-series-indoor-packaged-air-conditioning-units-air-cooled-type-20c-to-45c\/"},"modified":"2025-05-23T21:43:24","modified_gmt":"2025-05-23T17:43:24","slug":"industrial-air-conditioner-indoor-packaged-low-power-rr-series-rf-series-indoor-packaged-air-conditioning-units-air-cooled-type-20c-to-45c","status":"publish","type":"product","link":"https:\/\/geoclimate.ge\/fr\/produit\/industrial-air-conditioner-indoor-packaged-low-power-rr-series-rf-series-indoor-packaged-air-conditioning-units-air-cooled-type-20c-to-45c\/","title":{"rendered":"Climatiseurs int\u00e9rieurs monoblocs basse puissance \u2013 S\u00e9rie RR \/ S\u00e9rie RF Climatiseurs int\u00e9rieurs monoblocs \u00e0 condensation par air -20 \u00b0C \u00e0 +45 \u00b0C"},"content":{"rendered":"<div class=\"elementor-element elementor-element-70da8153 elementor-widget elementor-widget-theme-page-title elementor-page-title elementor-widget-heading\" data-id=\"70da8153\" data-element_type=\"widget\" data-widget_type=\"theme-page-title.default\">\n<div class=\"elementor-widget-container\"><\/div>\n<\/div>\n<div class=\"elementor-element elementor-element-391e72ec elementor-widget elementor-widget-theme-post-content\" data-id=\"391e72ec\" data-element_type=\"widget\" data-widget_type=\"theme-post-content.default\">\n<div class=\"elementor-widget-container\">\n<p><a class=\"elementor-button elementor-button-link elementor-size-sm\" href=\"https:\/\/www.enextechnologies.com\/wp-content\/uploads\/2024\/08\/RR-RF-SERIE-INTERNO_ENG.pdf\" target=\"_blank\" rel=\"noopener\"><span class=\"elementor-button-content-wrapper\"><span class=\"elementor-button-text\">BROCHURE<\/span><\/span><\/a><\/p>\n<\/div>\n<\/div>\n","protected":false},"excerpt":{"rendered":"<p>Puissance frigorifique de 1,7 kW \u00e0 4,3 kW<\/p>\n<p>Climatiseurs monoblocs \u00e0 condensation par air, adapt\u00e9s aux installations en locaux, abris pour stations radio et centres de traitement de donn\u00e9es. L&rsquo;air de refroidissement est extrait par le haut et dirig\u00e9 vers le bas.<\/p>\n<p>Caract\u00e9ristiques principales<\/p>\n<p>Ch\u00e2ssis et panneaux en acier galvanis\u00e9<br \/>\nVentilateurs pour la section d&rsquo;\u00e9vaporation (CA, 230 Vca)<br \/>\nVentilateurs pour la section de condensation (EC, 230 Vca)<br \/>\nVentilateurs pour la section de free cooling (CA, 230 Vca ou EC, 48 Vcc) (Mod\u00e8le RF uniquement)<br \/>\nSur demande\u00a0: carte Ethernet, port s\u00e9rie RS232\/485, SNMP et Web<\/p>\n","protected":false},"featured_media":32582,"template":"","meta":[],"product_brand":[],"product_cat":[1618,682],"product_tag":[],"class_list":{"0":"post-32599","1":"product","2":"type-product","3":"status-publish","4":"has-post-thumbnail","6":"product_cat-climatiseur-industriel-monobloc","7":"product_cat-climatiseurs-fr-industriels","9":"first","10":"instock","11":"shipping-taxable","12":"product-type-simple"},"yoast_head":"<!-- This site is optimized with the Yoast SEO plugin v27.1.1 - https:\/\/yoast.com\/product\/yoast-seo-wordpress\/ -->\n<title>Climatiseurs int\u00e9rieurs monoblocs basse puissance \u2013 S\u00e9rie RR \/ S\u00e9rie RF Climatiseurs int\u00e9rieurs monoblocs \u00e0 condensation par air -20 \u00b0C \u00e0 +45 \u00b0C - GeoClimate.ge<\/title>\n<meta name=\"robots\" content=\"index, follow, max-snippet:-1, max-image-preview:large, max-video-preview:-1\" \/>\n<link rel=\"canonical\" href=\"https:\/\/geoclimate.ge\/fr\/produit\/industrial-air-conditioner-indoor-packaged-low-power-rr-series-rf-series-indoor-packaged-air-conditioning-units-air-cooled-type-20c-to-45c\/\" \/>\n<meta property=\"og:locale\" content=\"fr_FR\" \/>\n<meta property=\"og:type\" content=\"article\" \/>\n<meta property=\"og:title\" content=\"Climatiseurs int\u00e9rieurs monoblocs basse puissance \u2013 S\u00e9rie RR \/ S\u00e9rie RF Climatiseurs int\u00e9rieurs monoblocs \u00e0 condensation par air -20 \u00b0C \u00e0 +45 \u00b0C - GeoClimate.ge\" \/>\n<meta property=\"og:description\" content=\"Puissance frigorifique de 1,7 kW \u00e0 4,3 kW  Climatiseurs monoblocs \u00e0 condensation par air, adapt\u00e9s aux installations en locaux, abris pour stations radio et centres de traitement de donn\u00e9es. L&#039;air de refroidissement est extrait par le haut et dirig\u00e9 vers le bas.  Caract\u00e9ristiques principales  Ch\u00e2ssis et panneaux en acier galvanis\u00e9 Ventilateurs pour la section d&#039;\u00e9vaporation (CA, 230 Vca) Ventilateurs pour la section de condensation (EC, 230 Vca) Ventilateurs pour la section de free cooling (CA, 230 Vca ou EC, 48 Vcc) (Mod\u00e8le RF uniquement) Sur demande\u00a0: carte Ethernet, port s\u00e9rie RS232\/485, SNMP et Web\" \/>\n<meta property=\"og:url\" content=\"https:\/\/geoclimate.ge\/fr\/produit\/industrial-air-conditioner-indoor-packaged-low-power-rr-series-rf-series-indoor-packaged-air-conditioning-units-air-cooled-type-20c-to-45c\/\" \/>\n<meta property=\"og:site_name\" content=\"GeoClimate.ge\" \/>\n<meta property=\"article:modified_time\" content=\"2025-05-23T17:43:24+00:00\" \/>\n<meta property=\"og:image\" content=\"https:\/\/geoclimate.ge\/wp-content\/uploads\/2025\/05\/monoblocco-da-interno-bassa-potenza-serie-RR-RF-1536x1152-1.png\" \/>\n\t<meta property=\"og:image:width\" content=\"1536\" \/>\n\t<meta property=\"og:image:height\" content=\"1152\" \/>\n\t<meta property=\"og:image:type\" content=\"image\/png\" \/>\n<meta name=\"twitter:card\" content=\"summary_large_image\" \/>\n<script type=\"application\/ld+json\" class=\"yoast-schema-graph\">{\"@context\":\"https:\/\/schema.org\",\"@graph\":[{\"@type\":\"WebPage\",\"@id\":\"https:\/\/geoclimate.ge\/fr\/produit\/industrial-air-conditioner-indoor-packaged-low-power-rr-series-rf-series-indoor-packaged-air-conditioning-units-air-cooled-type-20c-to-45c\/\",\"url\":\"https:\/\/geoclimate.ge\/fr\/produit\/industrial-air-conditioner-indoor-packaged-low-power-rr-series-rf-series-indoor-packaged-air-conditioning-units-air-cooled-type-20c-to-45c\/\",\"name\":\"Climatiseurs int\u00e9rieurs monoblocs basse puissance \u2013 S\u00e9rie RR \/ S\u00e9rie RF Climatiseurs int\u00e9rieurs monoblocs \u00e0 condensation par air -20 \u00b0C \u00e0 +45 \u00b0C - GeoClimate.ge\",\"isPartOf\":{\"@id\":\"https:\/\/geoclimate.ge\/#website\"},\"primaryImageOfPage\":{\"@id\":\"https:\/\/geoclimate.ge\/fr\/produit\/industrial-air-conditioner-indoor-packaged-low-power-rr-series-rf-series-indoor-packaged-air-conditioning-units-air-cooled-type-20c-to-45c\/#primaryimage\"},\"image\":{\"@id\":\"https:\/\/geoclimate.ge\/fr\/produit\/industrial-air-conditioner-indoor-packaged-low-power-rr-series-rf-series-indoor-packaged-air-conditioning-units-air-cooled-type-20c-to-45c\/#primaryimage\"},\"thumbnailUrl\":\"https:\/\/geoclimate.ge\/wp-content\/uploads\/2025\/05\/monoblocco-da-interno-bassa-potenza-serie-RR-RF-1536x1152-1.png\",\"datePublished\":\"2025-05-23T17:39:44+00:00\",\"dateModified\":\"2025-05-23T17:43:24+00:00\",\"breadcrumb\":{\"@id\":\"https:\/\/geoclimate.ge\/fr\/produit\/industrial-air-conditioner-indoor-packaged-low-power-rr-series-rf-series-indoor-packaged-air-conditioning-units-air-cooled-type-20c-to-45c\/#breadcrumb\"},\"inLanguage\":\"fr-FR\",\"potentialAction\":[{\"@type\":\"ReadAction\",\"target\":[\"https:\/\/geoclimate.ge\/fr\/produit\/industrial-air-conditioner-indoor-packaged-low-power-rr-series-rf-series-indoor-packaged-air-conditioning-units-air-cooled-type-20c-to-45c\/\"]}]},{\"@type\":\"ImageObject\",\"inLanguage\":\"fr-FR\",\"@id\":\"https:\/\/geoclimate.ge\/fr\/produit\/industrial-air-conditioner-indoor-packaged-low-power-rr-series-rf-series-indoor-packaged-air-conditioning-units-air-cooled-type-20c-to-45c\/#primaryimage\",\"url\":\"https:\/\/geoclimate.ge\/wp-content\/uploads\/2025\/05\/monoblocco-da-interno-bassa-potenza-serie-RR-RF-1536x1152-1.png\",\"contentUrl\":\"https:\/\/geoclimate.ge\/wp-content\/uploads\/2025\/05\/monoblocco-da-interno-bassa-potenza-serie-RR-RF-1536x1152-1.png\",\"width\":1536,\"height\":1152},{\"@type\":\"BreadcrumbList\",\"@id\":\"https:\/\/geoclimate.ge\/fr\/produit\/industrial-air-conditioner-indoor-packaged-low-power-rr-series-rf-series-indoor-packaged-air-conditioning-units-air-cooled-type-20c-to-45c\/#breadcrumb\",\"itemListElement\":[{\"@type\":\"ListItem\",\"position\":1,\"name\":\"Home\",\"item\":\"https:\/\/geoclimate.ge\/fr\/\"},{\"@type\":\"ListItem\",\"position\":2,\"name\":\"Products\",\"item\":\"https:\/\/geoclimate.ge\/fr\/products\/\"},{\"@type\":\"ListItem\",\"position\":3,\"name\":\"Climatiseurs int\u00e9rieurs monoblocs basse puissance \u2013 S\u00e9rie RR \/ S\u00e9rie RF Climatiseurs int\u00e9rieurs monoblocs \u00e0 condensation par air -20 \u00b0C \u00e0 +45 \u00b0C\"}]},{\"@type\":\"WebSite\",\"@id\":\"https:\/\/geoclimate.ge\/#website\",\"url\":\"https:\/\/geoclimate.ge\/\",\"name\":\"GeoClimate\",\"description\":\"\",\"publisher\":{\"@id\":\"https:\/\/geoclimate.ge\/#organization\"},\"potentialAction\":[{\"@type\":\"SearchAction\",\"target\":{\"@type\":\"EntryPoint\",\"urlTemplate\":\"https:\/\/geoclimate.ge\/?s={search_term_string}\"},\"query-input\":{\"@type\":\"PropertyValueSpecification\",\"valueRequired\":true,\"valueName\":\"search_term_string\"}}],\"inLanguage\":\"fr-FR\"},{\"@type\":\"Organization\",\"@id\":\"https:\/\/geoclimate.ge\/#organization\",\"name\":\"GeoClimate\",\"url\":\"https:\/\/geoclimate.ge\/\",\"logo\":{\"@type\":\"ImageObject\",\"inLanguage\":\"fr-FR\",\"@id\":\"https:\/\/geoclimate.ge\/#\/schema\/logo\/image\/\",\"url\":\"https:\/\/geoclimate.ge\/wp-content\/uploads\/2026\/03\/geoclimate-SEO.png\",\"contentUrl\":\"https:\/\/geoclimate.ge\/wp-content\/uploads\/2026\/03\/geoclimate-SEO.png\",\"width\":1536,\"height\":1024,\"caption\":\"GeoClimate\"},\"image\":{\"@id\":\"https:\/\/geoclimate.ge\/#\/schema\/logo\/image\/\"}}]}<\/script>\n<!-- \/ Yoast SEO plugin. -->","yoast_head_json":{"title":"Climatiseurs int\u00e9rieurs monoblocs basse puissance \u2013 S\u00e9rie RR \/ S\u00e9rie RF Climatiseurs int\u00e9rieurs monoblocs \u00e0 condensation par air -20 \u00b0C \u00e0 +45 \u00b0C - GeoClimate.ge","robots":{"index":"index","follow":"follow","max-snippet":"max-snippet:-1","max-image-preview":"max-image-preview:large","max-video-preview":"max-video-preview:-1"},"canonical":"https:\/\/geoclimate.ge\/fr\/produit\/industrial-air-conditioner-indoor-packaged-low-power-rr-series-rf-series-indoor-packaged-air-conditioning-units-air-cooled-type-20c-to-45c\/","og_locale":"fr_FR","og_type":"article","og_title":"Climatiseurs int\u00e9rieurs monoblocs basse puissance \u2013 S\u00e9rie RR \/ S\u00e9rie RF Climatiseurs int\u00e9rieurs monoblocs \u00e0 condensation par air -20 \u00b0C \u00e0 +45 \u00b0C - GeoClimate.ge","og_description":"Puissance frigorifique de 1,7 kW \u00e0 4,3 kW  Climatiseurs monoblocs \u00e0 condensation par air, adapt\u00e9s aux installations en locaux, abris pour stations radio et centres de traitement de donn\u00e9es. L'air de refroidissement est extrait par le haut et dirig\u00e9 vers le bas.  Caract\u00e9ristiques principales  Ch\u00e2ssis et panneaux en acier galvanis\u00e9 Ventilateurs pour la section d'\u00e9vaporation (CA, 230 Vca) Ventilateurs pour la section de condensation (EC, 230 Vca) Ventilateurs pour la section de free cooling (CA, 230 Vca ou EC, 48 Vcc) (Mod\u00e8le RF uniquement) Sur demande\u00a0: carte Ethernet, port s\u00e9rie RS232\/485, SNMP et Web","og_url":"https:\/\/geoclimate.ge\/fr\/produit\/industrial-air-conditioner-indoor-packaged-low-power-rr-series-rf-series-indoor-packaged-air-conditioning-units-air-cooled-type-20c-to-45c\/","og_site_name":"GeoClimate.ge","article_modified_time":"2025-05-23T17:43:24+00:00","og_image":[{"width":1536,"height":1152,"url":"https:\/\/geoclimate.ge\/wp-content\/uploads\/2025\/05\/monoblocco-da-interno-bassa-potenza-serie-RR-RF-1536x1152-1.png","type":"image\/png"}],"twitter_card":"summary_large_image","schema":{"@context":"https:\/\/schema.org","@graph":[{"@type":"WebPage","@id":"https:\/\/geoclimate.ge\/fr\/produit\/industrial-air-conditioner-indoor-packaged-low-power-rr-series-rf-series-indoor-packaged-air-conditioning-units-air-cooled-type-20c-to-45c\/","url":"https:\/\/geoclimate.ge\/fr\/produit\/industrial-air-conditioner-indoor-packaged-low-power-rr-series-rf-series-indoor-packaged-air-conditioning-units-air-cooled-type-20c-to-45c\/","name":"Climatiseurs int\u00e9rieurs monoblocs basse puissance \u2013 S\u00e9rie RR \/ S\u00e9rie RF Climatiseurs int\u00e9rieurs monoblocs \u00e0 condensation par air -20 \u00b0C \u00e0 +45 \u00b0C - GeoClimate.ge","isPartOf":{"@id":"https:\/\/geoclimate.ge\/#website"},"primaryImageOfPage":{"@id":"https:\/\/geoclimate.ge\/fr\/produit\/industrial-air-conditioner-indoor-packaged-low-power-rr-series-rf-series-indoor-packaged-air-conditioning-units-air-cooled-type-20c-to-45c\/#primaryimage"},"image":{"@id":"https:\/\/geoclimate.ge\/fr\/produit\/industrial-air-conditioner-indoor-packaged-low-power-rr-series-rf-series-indoor-packaged-air-conditioning-units-air-cooled-type-20c-to-45c\/#primaryimage"},"thumbnailUrl":"https:\/\/geoclimate.ge\/wp-content\/uploads\/2025\/05\/monoblocco-da-interno-bassa-potenza-serie-RR-RF-1536x1152-1.png","datePublished":"2025-05-23T17:39:44+00:00","dateModified":"2025-05-23T17:43:24+00:00","breadcrumb":{"@id":"https:\/\/geoclimate.ge\/fr\/produit\/industrial-air-conditioner-indoor-packaged-low-power-rr-series-rf-series-indoor-packaged-air-conditioning-units-air-cooled-type-20c-to-45c\/#breadcrumb"},"inLanguage":"fr-FR","potentialAction":[{"@type":"ReadAction","target":["https:\/\/geoclimate.ge\/fr\/produit\/industrial-air-conditioner-indoor-packaged-low-power-rr-series-rf-series-indoor-packaged-air-conditioning-units-air-cooled-type-20c-to-45c\/"]}]},{"@type":"ImageObject","inLanguage":"fr-FR","@id":"https:\/\/geoclimate.ge\/fr\/produit\/industrial-air-conditioner-indoor-packaged-low-power-rr-series-rf-series-indoor-packaged-air-conditioning-units-air-cooled-type-20c-to-45c\/#primaryimage","url":"https:\/\/geoclimate.ge\/wp-content\/uploads\/2025\/05\/monoblocco-da-interno-bassa-potenza-serie-RR-RF-1536x1152-1.png","contentUrl":"https:\/\/geoclimate.ge\/wp-content\/uploads\/2025\/05\/monoblocco-da-interno-bassa-potenza-serie-RR-RF-1536x1152-1.png","width":1536,"height":1152},{"@type":"BreadcrumbList","@id":"https:\/\/geoclimate.ge\/fr\/produit\/industrial-air-conditioner-indoor-packaged-low-power-rr-series-rf-series-indoor-packaged-air-conditioning-units-air-cooled-type-20c-to-45c\/#breadcrumb","itemListElement":[{"@type":"ListItem","position":1,"name":"Home","item":"https:\/\/geoclimate.ge\/fr\/"},{"@type":"ListItem","position":2,"name":"Products","item":"https:\/\/geoclimate.ge\/fr\/products\/"},{"@type":"ListItem","position":3,"name":"Climatiseurs int\u00e9rieurs monoblocs basse puissance \u2013 S\u00e9rie RR \/ S\u00e9rie RF Climatiseurs int\u00e9rieurs monoblocs \u00e0 condensation par air -20 \u00b0C \u00e0 +45 \u00b0C"}]},{"@type":"WebSite","@id":"https:\/\/geoclimate.ge\/#website","url":"https:\/\/geoclimate.ge\/","name":"GeoClimate","description":"","publisher":{"@id":"https:\/\/geoclimate.ge\/#organization"},"potentialAction":[{"@type":"SearchAction","target":{"@type":"EntryPoint","urlTemplate":"https:\/\/geoclimate.ge\/?s={search_term_string}"},"query-input":{"@type":"PropertyValueSpecification","valueRequired":true,"valueName":"search_term_string"}}],"inLanguage":"fr-FR"},{"@type":"Organization","@id":"https:\/\/geoclimate.ge\/#organization","name":"GeoClimate","url":"https:\/\/geoclimate.ge\/","logo":{"@type":"ImageObject","inLanguage":"fr-FR","@id":"https:\/\/geoclimate.ge\/#\/schema\/logo\/image\/","url":"https:\/\/geoclimate.ge\/wp-content\/uploads\/2026\/03\/geoclimate-SEO.png","contentUrl":"https:\/\/geoclimate.ge\/wp-content\/uploads\/2026\/03\/geoclimate-SEO.png","width":1536,"height":1024,"caption":"GeoClimate"},"image":{"@id":"https:\/\/geoclimate.ge\/#\/schema\/logo\/image\/"}}]}},"_links":{"self":[{"href":"https:\/\/geoclimate.ge\/fr\/wp-json\/wp\/v2\/product\/32599","targetHints":{"allow":["GET"]}}],"collection":[{"href":"https:\/\/geoclimate.ge\/fr\/wp-json\/wp\/v2\/product"}],"about":[{"href":"https:\/\/geoclimate.ge\/fr\/wp-json\/wp\/v2\/types\/product"}],"wp:featuredmedia":[{"embeddable":true,"href":"https:\/\/geoclimate.ge\/fr\/wp-json\/wp\/v2\/media\/32582"}],"wp:attachment":[{"href":"https:\/\/geoclimate.ge\/fr\/wp-json\/wp\/v2\/media?parent=32599"}],"wp:term":[{"taxonomy":"product_brand","embeddable":true,"href":"https:\/\/geoclimate.ge\/fr\/wp-json\/wp\/v2\/product_brand?post=32599"},{"taxonomy":"product_cat","embeddable":true,"href":"https:\/\/geoclimate.ge\/fr\/wp-json\/wp\/v2\/product_cat?post=32599"},{"taxonomy":"product_tag","embeddable":true,"href":"https:\/\/geoclimate.ge\/fr\/wp-json\/wp\/v2\/product_tag?post=32599"}],"curies":[{"name":"wp","href":"https:\/\/api.w.org\/{rel}","templated":true}]}}