{"id":32748,"date":"2025-05-24T16:39:20","date_gmt":"2025-05-24T12:39:20","guid":{"rendered":"https:\/\/airsystems.ge\/shop\/product\/v-shaped-condensers-kcv\/"},"modified":"2025-05-24T16:41:59","modified_gmt":"2025-05-24T12:41:59","slug":"v-shaped-condensers-kcv","status":"publish","type":"product","link":"https:\/\/geoclimate.ge\/fr\/produit\/v-shaped-condensers-kcv\/","title":{"rendered":"Condenseurs en V (KCV)"},"content":{"rendered":"<p><a class=\"elementor-button elementor-button-link elementor-size-sm\" href=\"https:\/\/www.enextechnologies.com\/wp-content\/uploads\/2024\/07\/KCV.pdf\" target=\"_blank\" rel=\"noopener\"><span class=\"elementor-button-content-wrapper\"><span class=\"elementor-button-text\">DOWNLOAD<\/span><\/span><\/a><\/p>\n","protected":false},"excerpt":{"rendered":"<div class=\"elementor-element elementor-element-6799186e elementor-widget elementor-widget-heading\" data-id=\"6799186e\" data-element_type=\"widget\" data-widget_type=\"heading.default\">\n<div class=\"elementor-widget-container\">\n<div class=\"elementor-heading-title elementor-size-default\">\n<p>KCV<br \/>\nLes condenseurs Kobol sont r\u00e9put\u00e9s pour leurs performances et leur durabilit\u00e9 exceptionnelles. Une large gamme de configurations et d&rsquo;accessoires est disponible pour r\u00e9pondre \u00e0 toutes les sp\u00e9cifications, telles que des ailettes rev\u00eatues, des moteurs de ventilateur EC, des interrupteurs, des bo\u00eetiers insonoris\u00e9s et des circuits multiples. Nous proposons 550 mod\u00e8les, dont des condenseurs centrifuges, radiaux, axiaux et en V, de 2,8 kW \u00e0 1\u00a0100 kW. Cette large gamme d&rsquo;unit\u00e9s et d&rsquo;accessoires offre une gamme compl\u00e8te r\u00e9pondant \u00e0 la plupart des besoins de l&rsquo;industrie du refroidissement.<\/p>\n<p>Les condenseurs en V offrent un faible niveau sonore, des performances \u00e9lev\u00e9es et une efficacit\u00e9 \u00e9nerg\u00e9tique \u00e9lev\u00e9e. Cette gamme comprend 90 mod\u00e8les avec des puissances allant de 112 kW \u00e0 918 kW.<\/p>\n<\/div>\n<\/div>\n<\/div>\n","protected":false},"featured_media":32730,"template":"","meta":[],"product_brand":[],"product_cat":[682,1629],"product_tag":[],"class_list":{"0":"post-32748","1":"product","2":"type-product","3":"status-publish","4":"has-post-thumbnail","6":"product_cat-climatiseurs-fr-industriels","7":"product_cat-condenseur","9":"first","10":"instock","11":"shipping-taxable","12":"product-type-simple"},"yoast_head":"<!-- This site is optimized with the Yoast SEO plugin v27.1.1 - https:\/\/yoast.com\/product\/yoast-seo-wordpress\/ -->\n<title>Condenseurs en V (KCV) - GeoClimate.ge<\/title>\n<meta name=\"robots\" content=\"index, follow, max-snippet:-1, max-image-preview:large, max-video-preview:-1\" \/>\n<link rel=\"canonical\" href=\"https:\/\/geoclimate.ge\/fr\/produit\/v-shaped-condensers-kcv\/\" \/>\n<meta property=\"og:locale\" content=\"fr_FR\" \/>\n<meta property=\"og:type\" content=\"article\" \/>\n<meta property=\"og:title\" content=\"Condenseurs en V (KCV) - GeoClimate.ge\" \/>\n<meta property=\"og:description\" content=\"KCV Les condenseurs Kobol sont r\u00e9put\u00e9s pour leurs performances et leur durabilit\u00e9 exceptionnelles. Une large gamme de configurations et d&#039;accessoires est disponible pour r\u00e9pondre \u00e0 toutes les sp\u00e9cifications, telles que des ailettes rev\u00eatues, des moteurs de ventilateur EC, des interrupteurs, des bo\u00eetiers insonoris\u00e9s et des circuits multiples. Nous proposons 550 mod\u00e8les, dont des condenseurs centrifuges, radiaux, axiaux et en V, de 2,8 kW \u00e0 1\u00a0100 kW. Cette large gamme d&#039;unit\u00e9s et d&#039;accessoires offre une gamme compl\u00e8te r\u00e9pondant \u00e0 la plupart des besoins de l&#039;industrie du refroidissement.  Les condenseurs en V offrent un faible niveau sonore, des performances \u00e9lev\u00e9es et une efficacit\u00e9 \u00e9nerg\u00e9tique \u00e9lev\u00e9e. Cette gamme comprend 90 mod\u00e8les avec des puissances allant de 112 kW \u00e0 918 kW.\" \/>\n<meta property=\"og:url\" content=\"https:\/\/geoclimate.ge\/fr\/produit\/v-shaped-condensers-kcv\/\" \/>\n<meta property=\"og:site_name\" content=\"GeoClimate.ge\" \/>\n<meta property=\"article:modified_time\" content=\"2025-05-24T12:41:59+00:00\" \/>\n<meta property=\"og:image\" content=\"https:\/\/geoclimate.ge\/wp-content\/uploads\/2025\/05\/condensador_v_lateral-1.png\" \/>\n\t<meta property=\"og:image:width\" content=\"1280\" \/>\n\t<meta property=\"og:image:height\" content=\"1179\" \/>\n\t<meta property=\"og:image:type\" content=\"image\/png\" \/>\n<meta name=\"twitter:card\" content=\"summary_large_image\" \/>\n<script type=\"application\/ld+json\" class=\"yoast-schema-graph\">{\"@context\":\"https:\/\/schema.org\",\"@graph\":[{\"@type\":\"WebPage\",\"@id\":\"https:\/\/geoclimate.ge\/fr\/produit\/v-shaped-condensers-kcv\/\",\"url\":\"https:\/\/geoclimate.ge\/fr\/produit\/v-shaped-condensers-kcv\/\",\"name\":\"Condenseurs en V (KCV) - GeoClimate.ge\",\"isPartOf\":{\"@id\":\"https:\/\/geoclimate.ge\/#website\"},\"primaryImageOfPage\":{\"@id\":\"https:\/\/geoclimate.ge\/fr\/produit\/v-shaped-condensers-kcv\/#primaryimage\"},\"image\":{\"@id\":\"https:\/\/geoclimate.ge\/fr\/produit\/v-shaped-condensers-kcv\/#primaryimage\"},\"thumbnailUrl\":\"https:\/\/geoclimate.ge\/wp-content\/uploads\/2025\/05\/condensador_v_lateral-1.png\",\"datePublished\":\"2025-05-24T12:39:20+00:00\",\"dateModified\":\"2025-05-24T12:41:59+00:00\",\"breadcrumb\":{\"@id\":\"https:\/\/geoclimate.ge\/fr\/produit\/v-shaped-condensers-kcv\/#breadcrumb\"},\"inLanguage\":\"fr-FR\",\"potentialAction\":[{\"@type\":\"ReadAction\",\"target\":[\"https:\/\/geoclimate.ge\/fr\/produit\/v-shaped-condensers-kcv\/\"]}]},{\"@type\":\"ImageObject\",\"inLanguage\":\"fr-FR\",\"@id\":\"https:\/\/geoclimate.ge\/fr\/produit\/v-shaped-condensers-kcv\/#primaryimage\",\"url\":\"https:\/\/geoclimate.ge\/wp-content\/uploads\/2025\/05\/condensador_v_lateral-1.png\",\"contentUrl\":\"https:\/\/geoclimate.ge\/wp-content\/uploads\/2025\/05\/condensador_v_lateral-1.png\",\"width\":1280,\"height\":1179},{\"@type\":\"BreadcrumbList\",\"@id\":\"https:\/\/geoclimate.ge\/fr\/produit\/v-shaped-condensers-kcv\/#breadcrumb\",\"itemListElement\":[{\"@type\":\"ListItem\",\"position\":1,\"name\":\"Home\",\"item\":\"https:\/\/geoclimate.ge\/fr\/\"},{\"@type\":\"ListItem\",\"position\":2,\"name\":\"Products\",\"item\":\"https:\/\/geoclimate.ge\/fr\/products\/\"},{\"@type\":\"ListItem\",\"position\":3,\"name\":\"Condenseurs en V (KCV)\"}]},{\"@type\":\"WebSite\",\"@id\":\"https:\/\/geoclimate.ge\/#website\",\"url\":\"https:\/\/geoclimate.ge\/\",\"name\":\"GeoClimate\",\"description\":\"\",\"publisher\":{\"@id\":\"https:\/\/geoclimate.ge\/#organization\"},\"potentialAction\":[{\"@type\":\"SearchAction\",\"target\":{\"@type\":\"EntryPoint\",\"urlTemplate\":\"https:\/\/geoclimate.ge\/?s={search_term_string}\"},\"query-input\":{\"@type\":\"PropertyValueSpecification\",\"valueRequired\":true,\"valueName\":\"search_term_string\"}}],\"inLanguage\":\"fr-FR\"},{\"@type\":\"Organization\",\"@id\":\"https:\/\/geoclimate.ge\/#organization\",\"name\":\"GeoClimate\",\"url\":\"https:\/\/geoclimate.ge\/\",\"logo\":{\"@type\":\"ImageObject\",\"inLanguage\":\"fr-FR\",\"@id\":\"https:\/\/geoclimate.ge\/#\/schema\/logo\/image\/\",\"url\":\"https:\/\/geoclimate.ge\/wp-content\/uploads\/2026\/03\/geoclimate-SEO.png\",\"contentUrl\":\"https:\/\/geoclimate.ge\/wp-content\/uploads\/2026\/03\/geoclimate-SEO.png\",\"width\":1536,\"height\":1024,\"caption\":\"GeoClimate\"},\"image\":{\"@id\":\"https:\/\/geoclimate.ge\/#\/schema\/logo\/image\/\"}}]}<\/script>\n<!-- \/ Yoast SEO plugin. -->","yoast_head_json":{"title":"Condenseurs en V (KCV) - GeoClimate.ge","robots":{"index":"index","follow":"follow","max-snippet":"max-snippet:-1","max-image-preview":"max-image-preview:large","max-video-preview":"max-video-preview:-1"},"canonical":"https:\/\/geoclimate.ge\/fr\/produit\/v-shaped-condensers-kcv\/","og_locale":"fr_FR","og_type":"article","og_title":"Condenseurs en V (KCV) - GeoClimate.ge","og_description":"KCV Les condenseurs Kobol sont r\u00e9put\u00e9s pour leurs performances et leur durabilit\u00e9 exceptionnelles. Une large gamme de configurations et d'accessoires est disponible pour r\u00e9pondre \u00e0 toutes les sp\u00e9cifications, telles que des ailettes rev\u00eatues, des moteurs de ventilateur EC, des interrupteurs, des bo\u00eetiers insonoris\u00e9s et des circuits multiples. Nous proposons 550 mod\u00e8les, dont des condenseurs centrifuges, radiaux, axiaux et en V, de 2,8 kW \u00e0 1\u00a0100 kW. Cette large gamme d'unit\u00e9s et d'accessoires offre une gamme compl\u00e8te r\u00e9pondant \u00e0 la plupart des besoins de l'industrie du refroidissement.  Les condenseurs en V offrent un faible niveau sonore, des performances \u00e9lev\u00e9es et une efficacit\u00e9 \u00e9nerg\u00e9tique \u00e9lev\u00e9e. Cette gamme comprend 90 mod\u00e8les avec des puissances allant de 112 kW \u00e0 918 kW.","og_url":"https:\/\/geoclimate.ge\/fr\/produit\/v-shaped-condensers-kcv\/","og_site_name":"GeoClimate.ge","article_modified_time":"2025-05-24T12:41:59+00:00","og_image":[{"width":1280,"height":1179,"url":"https:\/\/geoclimate.ge\/wp-content\/uploads\/2025\/05\/condensador_v_lateral-1.png","type":"image\/png"}],"twitter_card":"summary_large_image","schema":{"@context":"https:\/\/schema.org","@graph":[{"@type":"WebPage","@id":"https:\/\/geoclimate.ge\/fr\/produit\/v-shaped-condensers-kcv\/","url":"https:\/\/geoclimate.ge\/fr\/produit\/v-shaped-condensers-kcv\/","name":"Condenseurs en V (KCV) - GeoClimate.ge","isPartOf":{"@id":"https:\/\/geoclimate.ge\/#website"},"primaryImageOfPage":{"@id":"https:\/\/geoclimate.ge\/fr\/produit\/v-shaped-condensers-kcv\/#primaryimage"},"image":{"@id":"https:\/\/geoclimate.ge\/fr\/produit\/v-shaped-condensers-kcv\/#primaryimage"},"thumbnailUrl":"https:\/\/geoclimate.ge\/wp-content\/uploads\/2025\/05\/condensador_v_lateral-1.png","datePublished":"2025-05-24T12:39:20+00:00","dateModified":"2025-05-24T12:41:59+00:00","breadcrumb":{"@id":"https:\/\/geoclimate.ge\/fr\/produit\/v-shaped-condensers-kcv\/#breadcrumb"},"inLanguage":"fr-FR","potentialAction":[{"@type":"ReadAction","target":["https:\/\/geoclimate.ge\/fr\/produit\/v-shaped-condensers-kcv\/"]}]},{"@type":"ImageObject","inLanguage":"fr-FR","@id":"https:\/\/geoclimate.ge\/fr\/produit\/v-shaped-condensers-kcv\/#primaryimage","url":"https:\/\/geoclimate.ge\/wp-content\/uploads\/2025\/05\/condensador_v_lateral-1.png","contentUrl":"https:\/\/geoclimate.ge\/wp-content\/uploads\/2025\/05\/condensador_v_lateral-1.png","width":1280,"height":1179},{"@type":"BreadcrumbList","@id":"https:\/\/geoclimate.ge\/fr\/produit\/v-shaped-condensers-kcv\/#breadcrumb","itemListElement":[{"@type":"ListItem","position":1,"name":"Home","item":"https:\/\/geoclimate.ge\/fr\/"},{"@type":"ListItem","position":2,"name":"Products","item":"https:\/\/geoclimate.ge\/fr\/products\/"},{"@type":"ListItem","position":3,"name":"Condenseurs en V (KCV)"}]},{"@type":"WebSite","@id":"https:\/\/geoclimate.ge\/#website","url":"https:\/\/geoclimate.ge\/","name":"GeoClimate","description":"","publisher":{"@id":"https:\/\/geoclimate.ge\/#organization"},"potentialAction":[{"@type":"SearchAction","target":{"@type":"EntryPoint","urlTemplate":"https:\/\/geoclimate.ge\/?s={search_term_string}"},"query-input":{"@type":"PropertyValueSpecification","valueRequired":true,"valueName":"search_term_string"}}],"inLanguage":"fr-FR"},{"@type":"Organization","@id":"https:\/\/geoclimate.ge\/#organization","name":"GeoClimate","url":"https:\/\/geoclimate.ge\/","logo":{"@type":"ImageObject","inLanguage":"fr-FR","@id":"https:\/\/geoclimate.ge\/#\/schema\/logo\/image\/","url":"https:\/\/geoclimate.ge\/wp-content\/uploads\/2026\/03\/geoclimate-SEO.png","contentUrl":"https:\/\/geoclimate.ge\/wp-content\/uploads\/2026\/03\/geoclimate-SEO.png","width":1536,"height":1024,"caption":"GeoClimate"},"image":{"@id":"https:\/\/geoclimate.ge\/#\/schema\/logo\/image\/"}}]}},"_links":{"self":[{"href":"https:\/\/geoclimate.ge\/fr\/wp-json\/wp\/v2\/product\/32748","targetHints":{"allow":["GET"]}}],"collection":[{"href":"https:\/\/geoclimate.ge\/fr\/wp-json\/wp\/v2\/product"}],"about":[{"href":"https:\/\/geoclimate.ge\/fr\/wp-json\/wp\/v2\/types\/product"}],"wp:featuredmedia":[{"embeddable":true,"href":"https:\/\/geoclimate.ge\/fr\/wp-json\/wp\/v2\/media\/32730"}],"wp:attachment":[{"href":"https:\/\/geoclimate.ge\/fr\/wp-json\/wp\/v2\/media?parent=32748"}],"wp:term":[{"taxonomy":"product_brand","embeddable":true,"href":"https:\/\/geoclimate.ge\/fr\/wp-json\/wp\/v2\/product_brand?post=32748"},{"taxonomy":"product_cat","embeddable":true,"href":"https:\/\/geoclimate.ge\/fr\/wp-json\/wp\/v2\/product_cat?post=32748"},{"taxonomy":"product_tag","embeddable":true,"href":"https:\/\/geoclimate.ge\/fr\/wp-json\/wp\/v2\/product_tag?post=32748"}],"curies":[{"name":"wp","href":"https:\/\/api.w.org\/{rel}","templated":true}]}}