{"id":32777,"date":"2025-05-24T16:50:01","date_gmt":"2025-05-24T12:50:01","guid":{"rendered":"https:\/\/airsystems.ge\/shop\/product\/centrifugal-condensers-gpc-gmc-gsc\/"},"modified":"2025-05-24T16:52:06","modified_gmt":"2025-05-24T12:52:06","slug":"centrifugal-condensers-gpc-gmc-gsc","status":"publish","type":"product","link":"https:\/\/geoclimate.ge\/fr\/produit\/centrifugal-condensers-gpc-gmc-gsc\/","title":{"rendered":"Condenseurs centrifuges (GPC-GMC-GSC)"},"content":{"rendered":"<p><a class=\"elementor-button elementor-button-link elementor-size-sm\" href=\"https:\/\/www.enextechnologies.com\/wp-content\/uploads\/2024\/07\/GPC-GMC-GSC-ENGL.pdf\" target=\"_blank\" rel=\"noopener\"><span class=\"elementor-button-content-wrapper\"><span class=\"elementor-button-text\">DOWNLOAD<\/span><\/span><\/a><\/p>\n","protected":false},"excerpt":{"rendered":"<div class=\"elementor-element elementor-element-6799186e elementor-widget elementor-widget-heading\" data-id=\"6799186e\" data-element_type=\"widget\" data-widget_type=\"heading.default\">\n<div class=\"elementor-widget-container\">\n<div class=\"elementor-heading-title elementor-size-default\">\n<p>GPC\/GMC\/GSC<br \/>\nLes condenseurs Kobol sont r\u00e9put\u00e9s pour leurs performances et leur durabilit\u00e9 exceptionnelles. Une large gamme de configurations et d&rsquo;accessoires est disponible pour r\u00e9pondre \u00e0 toutes les sp\u00e9cifications, telles que des ailettes rev\u00eatues, des moteurs de ventilateur EC, des interrupteurs, des bo\u00eetiers insonoris\u00e9s et des circuits multiples. Nous proposons 550 mod\u00e8les, dont des condenseurs centrifuges, radiaux, axiaux et en V, de 2,8 kW \u00e0 1\u00a0100 kW. Cette large gamme d&rsquo;unit\u00e9s et d&rsquo;accessoires offre une gamme compl\u00e8te r\u00e9pondant \u00e0 la plupart des besoins de l&rsquo;industrie du refroidissement.<\/p>\n<p>Pour un fonctionnement silencieux et une consommation d&rsquo;\u00e9nergie minimale, nos condenseurs silencieux ont \u00e9t\u00e9 sp\u00e9cialement con\u00e7us pour les installations int\u00e9rieures raccord\u00e9es \u00e0 des conduits d&rsquo;air.<\/p>\n<\/div>\n<\/div>\n<\/div>\n","protected":false},"featured_media":32760,"template":"","meta":[],"product_brand":[],"product_cat":[682,1629],"product_tag":[],"class_list":{"0":"post-32777","1":"product","2":"type-product","3":"status-publish","4":"has-post-thumbnail","6":"product_cat-climatiseurs-fr-industriels","7":"product_cat-condenseur","9":"first","10":"instock","11":"shipping-taxable","12":"product-type-simple"},"yoast_head":"<!-- This site is optimized with the Yoast SEO plugin v27.1.1 - https:\/\/yoast.com\/product\/yoast-seo-wordpress\/ -->\n<title>Condenseurs centrifuges (GPC-GMC-GSC) - GeoClimate.ge<\/title>\n<meta name=\"robots\" content=\"index, follow, max-snippet:-1, max-image-preview:large, max-video-preview:-1\" \/>\n<link rel=\"canonical\" href=\"https:\/\/geoclimate.ge\/fr\/produit\/centrifugal-condensers-gpc-gmc-gsc\/\" \/>\n<meta property=\"og:locale\" content=\"fr_FR\" \/>\n<meta property=\"og:type\" content=\"article\" \/>\n<meta property=\"og:title\" content=\"Condenseurs centrifuges (GPC-GMC-GSC) - GeoClimate.ge\" \/>\n<meta property=\"og:description\" content=\"GPC\/GMC\/GSC Les condenseurs Kobol sont r\u00e9put\u00e9s pour leurs performances et leur durabilit\u00e9 exceptionnelles. Une large gamme de configurations et d&#039;accessoires est disponible pour r\u00e9pondre \u00e0 toutes les sp\u00e9cifications, telles que des ailettes rev\u00eatues, des moteurs de ventilateur EC, des interrupteurs, des bo\u00eetiers insonoris\u00e9s et des circuits multiples. Nous proposons 550 mod\u00e8les, dont des condenseurs centrifuges, radiaux, axiaux et en V, de 2,8 kW \u00e0 1\u00a0100 kW. Cette large gamme d&#039;unit\u00e9s et d&#039;accessoires offre une gamme compl\u00e8te r\u00e9pondant \u00e0 la plupart des besoins de l&#039;industrie du refroidissement.  Pour un fonctionnement silencieux et une consommation d&#039;\u00e9nergie minimale, nos condenseurs silencieux ont \u00e9t\u00e9 sp\u00e9cialement con\u00e7us pour les installations int\u00e9rieures raccord\u00e9es \u00e0 des conduits d&#039;air.\" \/>\n<meta property=\"og:url\" content=\"https:\/\/geoclimate.ge\/fr\/produit\/centrifugal-condensers-gpc-gmc-gsc\/\" \/>\n<meta property=\"og:site_name\" content=\"GeoClimate.ge\" \/>\n<meta property=\"article:modified_time\" content=\"2025-05-24T12:52:06+00:00\" \/>\n<meta property=\"og:image\" content=\"https:\/\/geoclimate.ge\/wp-content\/uploads\/2025\/05\/centrifugo_-main.png\" \/>\n\t<meta property=\"og:image:width\" content=\"1280\" \/>\n\t<meta property=\"og:image:height\" content=\"910\" \/>\n\t<meta property=\"og:image:type\" content=\"image\/png\" \/>\n<meta name=\"twitter:card\" content=\"summary_large_image\" \/>\n<script type=\"application\/ld+json\" class=\"yoast-schema-graph\">{\"@context\":\"https:\/\/schema.org\",\"@graph\":[{\"@type\":\"WebPage\",\"@id\":\"https:\/\/geoclimate.ge\/fr\/produit\/centrifugal-condensers-gpc-gmc-gsc\/\",\"url\":\"https:\/\/geoclimate.ge\/fr\/produit\/centrifugal-condensers-gpc-gmc-gsc\/\",\"name\":\"Condenseurs centrifuges (GPC-GMC-GSC) - GeoClimate.ge\",\"isPartOf\":{\"@id\":\"https:\/\/geoclimate.ge\/#website\"},\"primaryImageOfPage\":{\"@id\":\"https:\/\/geoclimate.ge\/fr\/produit\/centrifugal-condensers-gpc-gmc-gsc\/#primaryimage\"},\"image\":{\"@id\":\"https:\/\/geoclimate.ge\/fr\/produit\/centrifugal-condensers-gpc-gmc-gsc\/#primaryimage\"},\"thumbnailUrl\":\"https:\/\/geoclimate.ge\/wp-content\/uploads\/2025\/05\/centrifugo_-main.png\",\"datePublished\":\"2025-05-24T12:50:01+00:00\",\"dateModified\":\"2025-05-24T12:52:06+00:00\",\"breadcrumb\":{\"@id\":\"https:\/\/geoclimate.ge\/fr\/produit\/centrifugal-condensers-gpc-gmc-gsc\/#breadcrumb\"},\"inLanguage\":\"fr-FR\",\"potentialAction\":[{\"@type\":\"ReadAction\",\"target\":[\"https:\/\/geoclimate.ge\/fr\/produit\/centrifugal-condensers-gpc-gmc-gsc\/\"]}]},{\"@type\":\"ImageObject\",\"inLanguage\":\"fr-FR\",\"@id\":\"https:\/\/geoclimate.ge\/fr\/produit\/centrifugal-condensers-gpc-gmc-gsc\/#primaryimage\",\"url\":\"https:\/\/geoclimate.ge\/wp-content\/uploads\/2025\/05\/centrifugo_-main.png\",\"contentUrl\":\"https:\/\/geoclimate.ge\/wp-content\/uploads\/2025\/05\/centrifugo_-main.png\",\"width\":1280,\"height\":910},{\"@type\":\"BreadcrumbList\",\"@id\":\"https:\/\/geoclimate.ge\/fr\/produit\/centrifugal-condensers-gpc-gmc-gsc\/#breadcrumb\",\"itemListElement\":[{\"@type\":\"ListItem\",\"position\":1,\"name\":\"Home\",\"item\":\"https:\/\/geoclimate.ge\/fr\/\"},{\"@type\":\"ListItem\",\"position\":2,\"name\":\"Products\",\"item\":\"https:\/\/geoclimate.ge\/fr\/products\/\"},{\"@type\":\"ListItem\",\"position\":3,\"name\":\"Condenseurs centrifuges (GPC-GMC-GSC)\"}]},{\"@type\":\"WebSite\",\"@id\":\"https:\/\/geoclimate.ge\/#website\",\"url\":\"https:\/\/geoclimate.ge\/\",\"name\":\"GeoClimate\",\"description\":\"\",\"publisher\":{\"@id\":\"https:\/\/geoclimate.ge\/#organization\"},\"potentialAction\":[{\"@type\":\"SearchAction\",\"target\":{\"@type\":\"EntryPoint\",\"urlTemplate\":\"https:\/\/geoclimate.ge\/?s={search_term_string}\"},\"query-input\":{\"@type\":\"PropertyValueSpecification\",\"valueRequired\":true,\"valueName\":\"search_term_string\"}}],\"inLanguage\":\"fr-FR\"},{\"@type\":\"Organization\",\"@id\":\"https:\/\/geoclimate.ge\/#organization\",\"name\":\"GeoClimate\",\"url\":\"https:\/\/geoclimate.ge\/\",\"logo\":{\"@type\":\"ImageObject\",\"inLanguage\":\"fr-FR\",\"@id\":\"https:\/\/geoclimate.ge\/#\/schema\/logo\/image\/\",\"url\":\"https:\/\/geoclimate.ge\/wp-content\/uploads\/2026\/03\/geoclimate-SEO.png\",\"contentUrl\":\"https:\/\/geoclimate.ge\/wp-content\/uploads\/2026\/03\/geoclimate-SEO.png\",\"width\":1536,\"height\":1024,\"caption\":\"GeoClimate\"},\"image\":{\"@id\":\"https:\/\/geoclimate.ge\/#\/schema\/logo\/image\/\"}}]}<\/script>\n<!-- \/ Yoast SEO plugin. -->","yoast_head_json":{"title":"Condenseurs centrifuges (GPC-GMC-GSC) - GeoClimate.ge","robots":{"index":"index","follow":"follow","max-snippet":"max-snippet:-1","max-image-preview":"max-image-preview:large","max-video-preview":"max-video-preview:-1"},"canonical":"https:\/\/geoclimate.ge\/fr\/produit\/centrifugal-condensers-gpc-gmc-gsc\/","og_locale":"fr_FR","og_type":"article","og_title":"Condenseurs centrifuges (GPC-GMC-GSC) - GeoClimate.ge","og_description":"GPC\/GMC\/GSC Les condenseurs Kobol sont r\u00e9put\u00e9s pour leurs performances et leur durabilit\u00e9 exceptionnelles. Une large gamme de configurations et d'accessoires est disponible pour r\u00e9pondre \u00e0 toutes les sp\u00e9cifications, telles que des ailettes rev\u00eatues, des moteurs de ventilateur EC, des interrupteurs, des bo\u00eetiers insonoris\u00e9s et des circuits multiples. Nous proposons 550 mod\u00e8les, dont des condenseurs centrifuges, radiaux, axiaux et en V, de 2,8 kW \u00e0 1\u00a0100 kW. Cette large gamme d'unit\u00e9s et d'accessoires offre une gamme compl\u00e8te r\u00e9pondant \u00e0 la plupart des besoins de l'industrie du refroidissement.  Pour un fonctionnement silencieux et une consommation d'\u00e9nergie minimale, nos condenseurs silencieux ont \u00e9t\u00e9 sp\u00e9cialement con\u00e7us pour les installations int\u00e9rieures raccord\u00e9es \u00e0 des conduits d'air.","og_url":"https:\/\/geoclimate.ge\/fr\/produit\/centrifugal-condensers-gpc-gmc-gsc\/","og_site_name":"GeoClimate.ge","article_modified_time":"2025-05-24T12:52:06+00:00","og_image":[{"width":1280,"height":910,"url":"https:\/\/geoclimate.ge\/wp-content\/uploads\/2025\/05\/centrifugo_-main.png","type":"image\/png"}],"twitter_card":"summary_large_image","schema":{"@context":"https:\/\/schema.org","@graph":[{"@type":"WebPage","@id":"https:\/\/geoclimate.ge\/fr\/produit\/centrifugal-condensers-gpc-gmc-gsc\/","url":"https:\/\/geoclimate.ge\/fr\/produit\/centrifugal-condensers-gpc-gmc-gsc\/","name":"Condenseurs centrifuges (GPC-GMC-GSC) - GeoClimate.ge","isPartOf":{"@id":"https:\/\/geoclimate.ge\/#website"},"primaryImageOfPage":{"@id":"https:\/\/geoclimate.ge\/fr\/produit\/centrifugal-condensers-gpc-gmc-gsc\/#primaryimage"},"image":{"@id":"https:\/\/geoclimate.ge\/fr\/produit\/centrifugal-condensers-gpc-gmc-gsc\/#primaryimage"},"thumbnailUrl":"https:\/\/geoclimate.ge\/wp-content\/uploads\/2025\/05\/centrifugo_-main.png","datePublished":"2025-05-24T12:50:01+00:00","dateModified":"2025-05-24T12:52:06+00:00","breadcrumb":{"@id":"https:\/\/geoclimate.ge\/fr\/produit\/centrifugal-condensers-gpc-gmc-gsc\/#breadcrumb"},"inLanguage":"fr-FR","potentialAction":[{"@type":"ReadAction","target":["https:\/\/geoclimate.ge\/fr\/produit\/centrifugal-condensers-gpc-gmc-gsc\/"]}]},{"@type":"ImageObject","inLanguage":"fr-FR","@id":"https:\/\/geoclimate.ge\/fr\/produit\/centrifugal-condensers-gpc-gmc-gsc\/#primaryimage","url":"https:\/\/geoclimate.ge\/wp-content\/uploads\/2025\/05\/centrifugo_-main.png","contentUrl":"https:\/\/geoclimate.ge\/wp-content\/uploads\/2025\/05\/centrifugo_-main.png","width":1280,"height":910},{"@type":"BreadcrumbList","@id":"https:\/\/geoclimate.ge\/fr\/produit\/centrifugal-condensers-gpc-gmc-gsc\/#breadcrumb","itemListElement":[{"@type":"ListItem","position":1,"name":"Home","item":"https:\/\/geoclimate.ge\/fr\/"},{"@type":"ListItem","position":2,"name":"Products","item":"https:\/\/geoclimate.ge\/fr\/products\/"},{"@type":"ListItem","position":3,"name":"Condenseurs centrifuges (GPC-GMC-GSC)"}]},{"@type":"WebSite","@id":"https:\/\/geoclimate.ge\/#website","url":"https:\/\/geoclimate.ge\/","name":"GeoClimate","description":"","publisher":{"@id":"https:\/\/geoclimate.ge\/#organization"},"potentialAction":[{"@type":"SearchAction","target":{"@type":"EntryPoint","urlTemplate":"https:\/\/geoclimate.ge\/?s={search_term_string}"},"query-input":{"@type":"PropertyValueSpecification","valueRequired":true,"valueName":"search_term_string"}}],"inLanguage":"fr-FR"},{"@type":"Organization","@id":"https:\/\/geoclimate.ge\/#organization","name":"GeoClimate","url":"https:\/\/geoclimate.ge\/","logo":{"@type":"ImageObject","inLanguage":"fr-FR","@id":"https:\/\/geoclimate.ge\/#\/schema\/logo\/image\/","url":"https:\/\/geoclimate.ge\/wp-content\/uploads\/2026\/03\/geoclimate-SEO.png","contentUrl":"https:\/\/geoclimate.ge\/wp-content\/uploads\/2026\/03\/geoclimate-SEO.png","width":1536,"height":1024,"caption":"GeoClimate"},"image":{"@id":"https:\/\/geoclimate.ge\/#\/schema\/logo\/image\/"}}]}},"_links":{"self":[{"href":"https:\/\/geoclimate.ge\/fr\/wp-json\/wp\/v2\/product\/32777","targetHints":{"allow":["GET"]}}],"collection":[{"href":"https:\/\/geoclimate.ge\/fr\/wp-json\/wp\/v2\/product"}],"about":[{"href":"https:\/\/geoclimate.ge\/fr\/wp-json\/wp\/v2\/types\/product"}],"wp:featuredmedia":[{"embeddable":true,"href":"https:\/\/geoclimate.ge\/fr\/wp-json\/wp\/v2\/media\/32760"}],"wp:attachment":[{"href":"https:\/\/geoclimate.ge\/fr\/wp-json\/wp\/v2\/media?parent=32777"}],"wp:term":[{"taxonomy":"product_brand","embeddable":true,"href":"https:\/\/geoclimate.ge\/fr\/wp-json\/wp\/v2\/product_brand?post=32777"},{"taxonomy":"product_cat","embeddable":true,"href":"https:\/\/geoclimate.ge\/fr\/wp-json\/wp\/v2\/product_cat?post=32777"},{"taxonomy":"product_tag","embeddable":true,"href":"https:\/\/geoclimate.ge\/fr\/wp-json\/wp\/v2\/product_tag?post=32777"}],"curies":[{"name":"wp","href":"https:\/\/api.w.org\/{rel}","templated":true}]}}