{"id":32905,"date":"2025-05-24T17:28:03","date_gmt":"2025-05-24T13:28:03","guid":{"rendered":"https:\/\/airsystems.ge\/shop\/product\/nh3-v-shaped-condenser\/"},"modified":"2025-05-24T17:31:07","modified_gmt":"2025-05-24T13:31:07","slug":"nh3-v-shaped-condenser","status":"publish","type":"product","link":"https:\/\/geoclimate.ge\/fr\/produit\/nh3-v-shaped-condenser\/","title":{"rendered":"Condenseur NH3 en V"},"content":{"rendered":"<p><strong>Caract\u00e9ristiques<\/strong><\/p>\n<p>Mat\u00e9riau des tubes. Acier inoxydable AISI 304 (AISI 316 sur demande) ou cuivre<br \/>\nAilettes en aluminium. En option, aluminium magn\u00e9sium ou aluminium avec protection \u00e9poxy<br \/>\nVis en acier inoxydable<br \/>\nVentilateurs axiaux conformes aux normes ErP avec moteurs IP54 ou IP55, selon le mod\u00e8le\u00a0; protection moteur par thermocontacts<br \/>\nVentilateurs ind\u00e9pendants par paires pour \u00e9viter le bypass d&rsquo;air en cas d&rsquo;arr\u00eat ou de panne<br \/>\nLes unit\u00e9s sont livr\u00e9es pressuris\u00e9es et \u00e9quip\u00e9es de vannes Schrader +<\/p>\n<p><strong>Accessoires<\/strong><\/p>\n<p>Syst\u00e8me de pr\u00e9-refroidissement adiabatique et panneau de commande<br \/>\nSyst\u00e8me de pulv\u00e9risation adiabatique haute performance<br \/>\nVentilateurs axiaux EC \u00e0 commutation \u00e9lectronique<br \/>\nVentilateurs connect\u00e9s \u00e0 un bo\u00eetier externe \u00e9tanche<br \/>\nAilettes en aluminium pr\u00e9laqu\u00e9es avec protection \u00e9poxy ou aluminium magn\u00e9sium<br \/>\nCarrosserie en acier inoxydable<br \/>\nD\u00e9tecteurs de proximit\u00e9 pour les ventilateurs<br \/>\nCircuits de sous-refroidissement<br \/>\nVentilateurs repliables pour l&rsquo;inspection et le nettoyage du syst\u00e8me d&rsquo;ailettes<br \/>\nTension \u00e9lectrique sp\u00e9ciale\u00a0; ventilateurs \u00e0 60\u00a0Hz<\/p>\n<p><a class=\"elementor-button elementor-button-link elementor-size-sm\" href=\"https:\/\/www.enextechnologies.com\/wp-content\/uploads\/2024\/09\/One-Pager-NH3-V-SHAPED-CONDENSER-ENG.pdf\" target=\"_blank\" rel=\"noopener\"><span class=\"elementor-button-content-wrapper\"><span class=\"elementor-button-text\">ONE PAGER<\/span><\/span><\/a><\/p>\n","protected":false},"excerpt":{"rendered":"<div class=\"elementor-element elementor-element-70da8153 elementor-widget elementor-widget-theme-page-title elementor-page-title elementor-widget-heading\" data-id=\"70da8153\" data-element_type=\"widget\" data-widget_type=\"theme-page-title.default\">\n<div class=\"elementor-widget-container\">\n<div class=\"elementor-element elementor-element-f80f489 elementor-widget elementor-widget-heading\" data-id=\"f80f489\" data-element_type=\"widget\" data-widget_type=\"heading.default\">\n<div class=\"elementor-widget-container\">\n<div class=\"elementor-heading-title elementor-size-default\">\n<p>CAV\u00a0: Condenseur NH3 en V<br \/>\nLe condenseur \u00e0 air adiabatique en V est fabriqu\u00e9 avec des tubes en acier inoxydable et des ailettes en aluminium (Inox\/Al). Il a \u00e9t\u00e9 sp\u00e9cialement con\u00e7u pour la condensation du NH\u2083. Il peut \u00eatre fabriqu\u00e9 en Cu\/Al pour tous les autres r\u00e9frig\u00e9rants. Conception modulaire de 2 \u00e0 22 ventilateurs axiaux (\u00f8910, 1000). Pas des ailettes\u00a0: 2,1-2,3\u00a0mm.<\/p>\n<p>Con\u00e7us pour la condensation du NH\u2083, les condenseurs CAV peuvent \u00e9galement fonctionner avec une large gamme de r\u00e9frig\u00e9rants. Nos condenseurs \u00e0 air CAV robustes sont fabriqu\u00e9s en t\u00f4le galvanis\u00e9e \u00e9paisse peinte en polyester pour prot\u00e9ger l&rsquo;\u00e9quipement de la corrosion environnementale.<\/p>\n<p>La conception du circuit et le diam\u00e8tre des tubes sont optimis\u00e9s pour une perte de charge minimale, m\u00eame sur les mod\u00e8les de plus grande capacit\u00e9. Cette gamme de condenseurs standard offre une grande flexibilit\u00e9 pour des applications sur mesure.<\/p>\n<\/div>\n<\/div>\n<\/div>\n<\/div>\n<\/div>\n","protected":false},"featured_media":32899,"template":"","meta":[],"product_brand":[],"product_cat":[682,1629],"product_tag":[],"class_list":{"0":"post-32905","1":"product","2":"type-product","3":"status-publish","4":"has-post-thumbnail","6":"product_cat-climatiseurs-fr-industriels","7":"product_cat-condenseur","9":"first","10":"instock","11":"shipping-taxable","12":"product-type-simple"},"yoast_head":"<!-- This site is optimized with the Yoast SEO plugin v27.1.1 - https:\/\/yoast.com\/product\/yoast-seo-wordpress\/ -->\n<title>Condenseur NH3 en V - GeoClimate.ge<\/title>\n<meta name=\"robots\" content=\"index, follow, max-snippet:-1, max-image-preview:large, max-video-preview:-1\" \/>\n<link rel=\"canonical\" href=\"https:\/\/geoclimate.ge\/fr\/produit\/nh3-v-shaped-condenser\/\" \/>\n<meta property=\"og:locale\" content=\"fr_FR\" \/>\n<meta property=\"og:type\" content=\"article\" \/>\n<meta property=\"og:title\" content=\"Condenseur NH3 en V - GeoClimate.ge\" \/>\n<meta property=\"og:description\" content=\"CAV\u00a0: Condenseur NH3 en V Le condenseur \u00e0 air adiabatique en V est fabriqu\u00e9 avec des tubes en acier inoxydable et des ailettes en aluminium (Inox\/Al). Il a \u00e9t\u00e9 sp\u00e9cialement con\u00e7u pour la condensation du NH\u2083. Il peut \u00eatre fabriqu\u00e9 en Cu\/Al pour tous les autres r\u00e9frig\u00e9rants. Conception modulaire de 2 \u00e0 22 ventilateurs axiaux (\u00f8910, 1000). Pas des ailettes\u00a0: 2,1-2,3\u00a0mm.  Con\u00e7us pour la condensation du NH\u2083, les condenseurs CAV peuvent \u00e9galement fonctionner avec une large gamme de r\u00e9frig\u00e9rants. Nos condenseurs \u00e0 air CAV robustes sont fabriqu\u00e9s en t\u00f4le galvanis\u00e9e \u00e9paisse peinte en polyester pour prot\u00e9ger l&#039;\u00e9quipement de la corrosion environnementale.  La conception du circuit et le diam\u00e8tre des tubes sont optimis\u00e9s pour une perte de charge minimale, m\u00eame sur les mod\u00e8les de plus grande capacit\u00e9. Cette gamme de condenseurs standard offre une grande flexibilit\u00e9 pour des applications sur mesure.\" \/>\n<meta property=\"og:url\" content=\"https:\/\/geoclimate.ge\/fr\/produit\/nh3-v-shaped-condenser\/\" \/>\n<meta property=\"og:site_name\" content=\"GeoClimate.ge\" \/>\n<meta property=\"article:modified_time\" content=\"2025-05-24T13:31:07+00:00\" \/>\n<meta property=\"og:image\" content=\"https:\/\/geoclimate.ge\/wp-content\/uploads\/2025\/05\/V-shaped-Adiabatic-Air-Condensers-1.png\" \/>\n\t<meta property=\"og:image:width\" content=\"600\" \/>\n\t<meta property=\"og:image:height\" content=\"600\" \/>\n\t<meta property=\"og:image:type\" content=\"image\/png\" \/>\n<meta name=\"twitter:card\" content=\"summary_large_image\" \/>\n<meta name=\"twitter:label1\" content=\"Dur\u00e9e de lecture estim\u00e9e\" \/>\n\t<meta name=\"twitter:data1\" content=\"1 minute\" \/>\n<script type=\"application\/ld+json\" class=\"yoast-schema-graph\">{\"@context\":\"https:\/\/schema.org\",\"@graph\":[{\"@type\":\"WebPage\",\"@id\":\"https:\/\/geoclimate.ge\/fr\/produit\/nh3-v-shaped-condenser\/\",\"url\":\"https:\/\/geoclimate.ge\/fr\/produit\/nh3-v-shaped-condenser\/\",\"name\":\"Condenseur NH3 en V - GeoClimate.ge\",\"isPartOf\":{\"@id\":\"https:\/\/geoclimate.ge\/#website\"},\"primaryImageOfPage\":{\"@id\":\"https:\/\/geoclimate.ge\/fr\/produit\/nh3-v-shaped-condenser\/#primaryimage\"},\"image\":{\"@id\":\"https:\/\/geoclimate.ge\/fr\/produit\/nh3-v-shaped-condenser\/#primaryimage\"},\"thumbnailUrl\":\"https:\/\/geoclimate.ge\/wp-content\/uploads\/2025\/05\/V-shaped-Adiabatic-Air-Condensers-1.png\",\"datePublished\":\"2025-05-24T13:28:03+00:00\",\"dateModified\":\"2025-05-24T13:31:07+00:00\",\"breadcrumb\":{\"@id\":\"https:\/\/geoclimate.ge\/fr\/produit\/nh3-v-shaped-condenser\/#breadcrumb\"},\"inLanguage\":\"fr-FR\",\"potentialAction\":[{\"@type\":\"ReadAction\",\"target\":[\"https:\/\/geoclimate.ge\/fr\/produit\/nh3-v-shaped-condenser\/\"]}]},{\"@type\":\"ImageObject\",\"inLanguage\":\"fr-FR\",\"@id\":\"https:\/\/geoclimate.ge\/fr\/produit\/nh3-v-shaped-condenser\/#primaryimage\",\"url\":\"https:\/\/geoclimate.ge\/wp-content\/uploads\/2025\/05\/V-shaped-Adiabatic-Air-Condensers-1.png\",\"contentUrl\":\"https:\/\/geoclimate.ge\/wp-content\/uploads\/2025\/05\/V-shaped-Adiabatic-Air-Condensers-1.png\",\"width\":600,\"height\":600},{\"@type\":\"BreadcrumbList\",\"@id\":\"https:\/\/geoclimate.ge\/fr\/produit\/nh3-v-shaped-condenser\/#breadcrumb\",\"itemListElement\":[{\"@type\":\"ListItem\",\"position\":1,\"name\":\"Home\",\"item\":\"https:\/\/geoclimate.ge\/fr\/\"},{\"@type\":\"ListItem\",\"position\":2,\"name\":\"Products\",\"item\":\"https:\/\/geoclimate.ge\/fr\/products\/\"},{\"@type\":\"ListItem\",\"position\":3,\"name\":\"Condenseur NH3 en V\"}]},{\"@type\":\"WebSite\",\"@id\":\"https:\/\/geoclimate.ge\/#website\",\"url\":\"https:\/\/geoclimate.ge\/\",\"name\":\"GeoClimate\",\"description\":\"\",\"publisher\":{\"@id\":\"https:\/\/geoclimate.ge\/#organization\"},\"potentialAction\":[{\"@type\":\"SearchAction\",\"target\":{\"@type\":\"EntryPoint\",\"urlTemplate\":\"https:\/\/geoclimate.ge\/?s={search_term_string}\"},\"query-input\":{\"@type\":\"PropertyValueSpecification\",\"valueRequired\":true,\"valueName\":\"search_term_string\"}}],\"inLanguage\":\"fr-FR\"},{\"@type\":\"Organization\",\"@id\":\"https:\/\/geoclimate.ge\/#organization\",\"name\":\"GeoClimate\",\"url\":\"https:\/\/geoclimate.ge\/\",\"logo\":{\"@type\":\"ImageObject\",\"inLanguage\":\"fr-FR\",\"@id\":\"https:\/\/geoclimate.ge\/#\/schema\/logo\/image\/\",\"url\":\"https:\/\/geoclimate.ge\/wp-content\/uploads\/2026\/03\/geoclimate-SEO.png\",\"contentUrl\":\"https:\/\/geoclimate.ge\/wp-content\/uploads\/2026\/03\/geoclimate-SEO.png\",\"width\":1536,\"height\":1024,\"caption\":\"GeoClimate\"},\"image\":{\"@id\":\"https:\/\/geoclimate.ge\/#\/schema\/logo\/image\/\"}}]}<\/script>\n<!-- \/ Yoast SEO plugin. -->","yoast_head_json":{"title":"Condenseur NH3 en V - GeoClimate.ge","robots":{"index":"index","follow":"follow","max-snippet":"max-snippet:-1","max-image-preview":"max-image-preview:large","max-video-preview":"max-video-preview:-1"},"canonical":"https:\/\/geoclimate.ge\/fr\/produit\/nh3-v-shaped-condenser\/","og_locale":"fr_FR","og_type":"article","og_title":"Condenseur NH3 en V - GeoClimate.ge","og_description":"CAV\u00a0: Condenseur NH3 en V Le condenseur \u00e0 air adiabatique en V est fabriqu\u00e9 avec des tubes en acier inoxydable et des ailettes en aluminium (Inox\/Al). Il a \u00e9t\u00e9 sp\u00e9cialement con\u00e7u pour la condensation du NH\u2083. Il peut \u00eatre fabriqu\u00e9 en Cu\/Al pour tous les autres r\u00e9frig\u00e9rants. Conception modulaire de 2 \u00e0 22 ventilateurs axiaux (\u00f8910, 1000). Pas des ailettes\u00a0: 2,1-2,3\u00a0mm.  Con\u00e7us pour la condensation du NH\u2083, les condenseurs CAV peuvent \u00e9galement fonctionner avec une large gamme de r\u00e9frig\u00e9rants. Nos condenseurs \u00e0 air CAV robustes sont fabriqu\u00e9s en t\u00f4le galvanis\u00e9e \u00e9paisse peinte en polyester pour prot\u00e9ger l'\u00e9quipement de la corrosion environnementale.  La conception du circuit et le diam\u00e8tre des tubes sont optimis\u00e9s pour une perte de charge minimale, m\u00eame sur les mod\u00e8les de plus grande capacit\u00e9. Cette gamme de condenseurs standard offre une grande flexibilit\u00e9 pour des applications sur mesure.","og_url":"https:\/\/geoclimate.ge\/fr\/produit\/nh3-v-shaped-condenser\/","og_site_name":"GeoClimate.ge","article_modified_time":"2025-05-24T13:31:07+00:00","og_image":[{"width":600,"height":600,"url":"https:\/\/geoclimate.ge\/wp-content\/uploads\/2025\/05\/V-shaped-Adiabatic-Air-Condensers-1.png","type":"image\/png"}],"twitter_card":"summary_large_image","twitter_misc":{"Dur\u00e9e de lecture estim\u00e9e":"1 minute"},"schema":{"@context":"https:\/\/schema.org","@graph":[{"@type":"WebPage","@id":"https:\/\/geoclimate.ge\/fr\/produit\/nh3-v-shaped-condenser\/","url":"https:\/\/geoclimate.ge\/fr\/produit\/nh3-v-shaped-condenser\/","name":"Condenseur NH3 en V - GeoClimate.ge","isPartOf":{"@id":"https:\/\/geoclimate.ge\/#website"},"primaryImageOfPage":{"@id":"https:\/\/geoclimate.ge\/fr\/produit\/nh3-v-shaped-condenser\/#primaryimage"},"image":{"@id":"https:\/\/geoclimate.ge\/fr\/produit\/nh3-v-shaped-condenser\/#primaryimage"},"thumbnailUrl":"https:\/\/geoclimate.ge\/wp-content\/uploads\/2025\/05\/V-shaped-Adiabatic-Air-Condensers-1.png","datePublished":"2025-05-24T13:28:03+00:00","dateModified":"2025-05-24T13:31:07+00:00","breadcrumb":{"@id":"https:\/\/geoclimate.ge\/fr\/produit\/nh3-v-shaped-condenser\/#breadcrumb"},"inLanguage":"fr-FR","potentialAction":[{"@type":"ReadAction","target":["https:\/\/geoclimate.ge\/fr\/produit\/nh3-v-shaped-condenser\/"]}]},{"@type":"ImageObject","inLanguage":"fr-FR","@id":"https:\/\/geoclimate.ge\/fr\/produit\/nh3-v-shaped-condenser\/#primaryimage","url":"https:\/\/geoclimate.ge\/wp-content\/uploads\/2025\/05\/V-shaped-Adiabatic-Air-Condensers-1.png","contentUrl":"https:\/\/geoclimate.ge\/wp-content\/uploads\/2025\/05\/V-shaped-Adiabatic-Air-Condensers-1.png","width":600,"height":600},{"@type":"BreadcrumbList","@id":"https:\/\/geoclimate.ge\/fr\/produit\/nh3-v-shaped-condenser\/#breadcrumb","itemListElement":[{"@type":"ListItem","position":1,"name":"Home","item":"https:\/\/geoclimate.ge\/fr\/"},{"@type":"ListItem","position":2,"name":"Products","item":"https:\/\/geoclimate.ge\/fr\/products\/"},{"@type":"ListItem","position":3,"name":"Condenseur NH3 en V"}]},{"@type":"WebSite","@id":"https:\/\/geoclimate.ge\/#website","url":"https:\/\/geoclimate.ge\/","name":"GeoClimate","description":"","publisher":{"@id":"https:\/\/geoclimate.ge\/#organization"},"potentialAction":[{"@type":"SearchAction","target":{"@type":"EntryPoint","urlTemplate":"https:\/\/geoclimate.ge\/?s={search_term_string}"},"query-input":{"@type":"PropertyValueSpecification","valueRequired":true,"valueName":"search_term_string"}}],"inLanguage":"fr-FR"},{"@type":"Organization","@id":"https:\/\/geoclimate.ge\/#organization","name":"GeoClimate","url":"https:\/\/geoclimate.ge\/","logo":{"@type":"ImageObject","inLanguage":"fr-FR","@id":"https:\/\/geoclimate.ge\/#\/schema\/logo\/image\/","url":"https:\/\/geoclimate.ge\/wp-content\/uploads\/2026\/03\/geoclimate-SEO.png","contentUrl":"https:\/\/geoclimate.ge\/wp-content\/uploads\/2026\/03\/geoclimate-SEO.png","width":1536,"height":1024,"caption":"GeoClimate"},"image":{"@id":"https:\/\/geoclimate.ge\/#\/schema\/logo\/image\/"}}]}},"_links":{"self":[{"href":"https:\/\/geoclimate.ge\/fr\/wp-json\/wp\/v2\/product\/32905","targetHints":{"allow":["GET"]}}],"collection":[{"href":"https:\/\/geoclimate.ge\/fr\/wp-json\/wp\/v2\/product"}],"about":[{"href":"https:\/\/geoclimate.ge\/fr\/wp-json\/wp\/v2\/types\/product"}],"wp:featuredmedia":[{"embeddable":true,"href":"https:\/\/geoclimate.ge\/fr\/wp-json\/wp\/v2\/media\/32899"}],"wp:attachment":[{"href":"https:\/\/geoclimate.ge\/fr\/wp-json\/wp\/v2\/media?parent=32905"}],"wp:term":[{"taxonomy":"product_brand","embeddable":true,"href":"https:\/\/geoclimate.ge\/fr\/wp-json\/wp\/v2\/product_brand?post=32905"},{"taxonomy":"product_cat","embeddable":true,"href":"https:\/\/geoclimate.ge\/fr\/wp-json\/wp\/v2\/product_cat?post=32905"},{"taxonomy":"product_tag","embeddable":true,"href":"https:\/\/geoclimate.ge\/fr\/wp-json\/wp\/v2\/product_tag?post=32905"}],"curies":[{"name":"wp","href":"https:\/\/api.w.org\/{rel}","templated":true}]}}