{"id":32930,"date":"2025-05-24T17:47:23","date_gmt":"2025-05-24T13:47:23","guid":{"rendered":"https:\/\/airsystems.ge\/shop\/product\/mce-air-cooled-condensing-units-with-scroll-multiscroll-compressors-and-axial-fans\/"},"modified":"2025-05-24T17:49:11","modified_gmt":"2025-05-24T13:49:11","slug":"mce-air-cooled-condensing-units-with-scroll-multiscroll-compressors-and-axial-fans","status":"publish","type":"product","link":"https:\/\/geoclimate.ge\/fr\/produit\/mce-air-cooled-condensing-units-with-scroll-multiscroll-compressors-and-axial-fans\/","title":{"rendered":"MCE Groupes de condensation \u00e0 air avec compresseurs scroll\/multiscroll et ventilateurs axiaux"},"content":{"rendered":"","protected":false},"excerpt":{"rendered":"<p>Puissance frigorifique de 6 kW \u00e0 600 kW<\/p>\n<p>Groupes de condensation adapt\u00e9s \u00e0 une installation ext\u00e9rieure, con\u00e7us pour \u00eatre associ\u00e9s \u00e0 un \u00e9vaporateur \u00e0 d\u00e9tente directe \u00e0 distance. La technologie MULTISCROLL (avec r\u00e9gulation INVERTER en option) offre plusieurs niveaux de puissance, am\u00e9liorant ainsi le rendement \u00e0 charge partielle. Cela am\u00e9liore \u00e9galement les performances en cas d&rsquo;utilisation avec des applications \u00e0 charge tr\u00e8s variable. Le fluide frigorig\u00e8ne R410a est standard. Ils sont \u00e9galement disponibles en configuration pompe \u00e0 chaleur r\u00e9versible (PCE).<\/p>\n","protected":false},"featured_media":32925,"template":"","meta":[],"product_brand":[],"product_cat":[682,1629],"product_tag":[],"class_list":{"0":"post-32930","1":"product","2":"type-product","3":"status-publish","4":"has-post-thumbnail","6":"product_cat-climatiseurs-fr-industriels","7":"product_cat-condenseur","9":"first","10":"instock","11":"shipping-taxable","12":"product-type-simple"},"yoast_head":"<!-- This site is optimized with the Yoast SEO plugin v27.1.1 - https:\/\/yoast.com\/product\/yoast-seo-wordpress\/ -->\n<title>MCE Groupes de condensation \u00e0 air avec compresseurs scroll\/multiscroll et ventilateurs axiaux - GeoClimate.ge<\/title>\n<meta name=\"robots\" content=\"index, follow, max-snippet:-1, max-image-preview:large, max-video-preview:-1\" \/>\n<link rel=\"canonical\" href=\"https:\/\/geoclimate.ge\/fr\/produit\/mce-air-cooled-condensing-units-with-scroll-multiscroll-compressors-and-axial-fans\/\" \/>\n<meta property=\"og:locale\" content=\"fr_FR\" \/>\n<meta property=\"og:type\" content=\"article\" \/>\n<meta property=\"og:title\" content=\"MCE Groupes de condensation \u00e0 air avec compresseurs scroll\/multiscroll et ventilateurs axiaux - GeoClimate.ge\" \/>\n<meta property=\"og:description\" content=\"Puissance frigorifique de 6 kW \u00e0 600 kW  Groupes de condensation adapt\u00e9s \u00e0 une installation ext\u00e9rieure, con\u00e7us pour \u00eatre associ\u00e9s \u00e0 un \u00e9vaporateur \u00e0 d\u00e9tente directe \u00e0 distance. La technologie MULTISCROLL (avec r\u00e9gulation INVERTER en option) offre plusieurs niveaux de puissance, am\u00e9liorant ainsi le rendement \u00e0 charge partielle. Cela am\u00e9liore \u00e9galement les performances en cas d&#039;utilisation avec des applications \u00e0 charge tr\u00e8s variable. Le fluide frigorig\u00e8ne R410a est standard. Ils sont \u00e9galement disponibles en configuration pompe \u00e0 chaleur r\u00e9versible (PCE).\" \/>\n<meta property=\"og:url\" content=\"https:\/\/geoclimate.ge\/fr\/produit\/mce-air-cooled-condensing-units-with-scroll-multiscroll-compressors-and-axial-fans\/\" \/>\n<meta property=\"og:site_name\" content=\"GeoClimate.ge\" \/>\n<meta property=\"article:modified_time\" content=\"2025-05-24T13:49:11+00:00\" \/>\n<meta property=\"og:image\" content=\"https:\/\/geoclimate.ge\/wp-content\/uploads\/2025\/05\/MCE-qh2yu77ucppevbvl1idva0cm.png\" \/>\n\t<meta property=\"og:image:width\" content=\"511\" \/>\n\t<meta property=\"og:image:height\" content=\"539\" \/>\n\t<meta property=\"og:image:type\" content=\"image\/png\" \/>\n<meta name=\"twitter:card\" content=\"summary_large_image\" \/>\n<script type=\"application\/ld+json\" class=\"yoast-schema-graph\">{\"@context\":\"https:\/\/schema.org\",\"@graph\":[{\"@type\":\"WebPage\",\"@id\":\"https:\/\/geoclimate.ge\/fr\/produit\/mce-air-cooled-condensing-units-with-scroll-multiscroll-compressors-and-axial-fans\/\",\"url\":\"https:\/\/geoclimate.ge\/fr\/produit\/mce-air-cooled-condensing-units-with-scroll-multiscroll-compressors-and-axial-fans\/\",\"name\":\"MCE Groupes de condensation \u00e0 air avec compresseurs scroll\/multiscroll et ventilateurs axiaux - GeoClimate.ge\",\"isPartOf\":{\"@id\":\"https:\/\/geoclimate.ge\/#website\"},\"primaryImageOfPage\":{\"@id\":\"https:\/\/geoclimate.ge\/fr\/produit\/mce-air-cooled-condensing-units-with-scroll-multiscroll-compressors-and-axial-fans\/#primaryimage\"},\"image\":{\"@id\":\"https:\/\/geoclimate.ge\/fr\/produit\/mce-air-cooled-condensing-units-with-scroll-multiscroll-compressors-and-axial-fans\/#primaryimage\"},\"thumbnailUrl\":\"https:\/\/geoclimate.ge\/wp-content\/uploads\/2025\/05\/MCE-qh2yu77ucppevbvl1idva0cm.png\",\"datePublished\":\"2025-05-24T13:47:23+00:00\",\"dateModified\":\"2025-05-24T13:49:11+00:00\",\"breadcrumb\":{\"@id\":\"https:\/\/geoclimate.ge\/fr\/produit\/mce-air-cooled-condensing-units-with-scroll-multiscroll-compressors-and-axial-fans\/#breadcrumb\"},\"inLanguage\":\"fr-FR\",\"potentialAction\":[{\"@type\":\"ReadAction\",\"target\":[\"https:\/\/geoclimate.ge\/fr\/produit\/mce-air-cooled-condensing-units-with-scroll-multiscroll-compressors-and-axial-fans\/\"]}]},{\"@type\":\"ImageObject\",\"inLanguage\":\"fr-FR\",\"@id\":\"https:\/\/geoclimate.ge\/fr\/produit\/mce-air-cooled-condensing-units-with-scroll-multiscroll-compressors-and-axial-fans\/#primaryimage\",\"url\":\"https:\/\/geoclimate.ge\/wp-content\/uploads\/2025\/05\/MCE-qh2yu77ucppevbvl1idva0cm.png\",\"contentUrl\":\"https:\/\/geoclimate.ge\/wp-content\/uploads\/2025\/05\/MCE-qh2yu77ucppevbvl1idva0cm.png\",\"width\":511,\"height\":539},{\"@type\":\"BreadcrumbList\",\"@id\":\"https:\/\/geoclimate.ge\/fr\/produit\/mce-air-cooled-condensing-units-with-scroll-multiscroll-compressors-and-axial-fans\/#breadcrumb\",\"itemListElement\":[{\"@type\":\"ListItem\",\"position\":1,\"name\":\"Home\",\"item\":\"https:\/\/geoclimate.ge\/fr\/\"},{\"@type\":\"ListItem\",\"position\":2,\"name\":\"Products\",\"item\":\"https:\/\/geoclimate.ge\/fr\/products\/\"},{\"@type\":\"ListItem\",\"position\":3,\"name\":\"MCE Groupes de condensation \u00e0 air avec compresseurs scroll\/multiscroll et ventilateurs axiaux\"}]},{\"@type\":\"WebSite\",\"@id\":\"https:\/\/geoclimate.ge\/#website\",\"url\":\"https:\/\/geoclimate.ge\/\",\"name\":\"GeoClimate\",\"description\":\"\",\"publisher\":{\"@id\":\"https:\/\/geoclimate.ge\/#organization\"},\"potentialAction\":[{\"@type\":\"SearchAction\",\"target\":{\"@type\":\"EntryPoint\",\"urlTemplate\":\"https:\/\/geoclimate.ge\/?s={search_term_string}\"},\"query-input\":{\"@type\":\"PropertyValueSpecification\",\"valueRequired\":true,\"valueName\":\"search_term_string\"}}],\"inLanguage\":\"fr-FR\"},{\"@type\":\"Organization\",\"@id\":\"https:\/\/geoclimate.ge\/#organization\",\"name\":\"GeoClimate\",\"url\":\"https:\/\/geoclimate.ge\/\",\"logo\":{\"@type\":\"ImageObject\",\"inLanguage\":\"fr-FR\",\"@id\":\"https:\/\/geoclimate.ge\/#\/schema\/logo\/image\/\",\"url\":\"https:\/\/geoclimate.ge\/wp-content\/uploads\/2026\/03\/geoclimate-SEO.png\",\"contentUrl\":\"https:\/\/geoclimate.ge\/wp-content\/uploads\/2026\/03\/geoclimate-SEO.png\",\"width\":1536,\"height\":1024,\"caption\":\"GeoClimate\"},\"image\":{\"@id\":\"https:\/\/geoclimate.ge\/#\/schema\/logo\/image\/\"}}]}<\/script>\n<!-- \/ Yoast SEO plugin. -->","yoast_head_json":{"title":"MCE Groupes de condensation \u00e0 air avec compresseurs scroll\/multiscroll et ventilateurs axiaux - GeoClimate.ge","robots":{"index":"index","follow":"follow","max-snippet":"max-snippet:-1","max-image-preview":"max-image-preview:large","max-video-preview":"max-video-preview:-1"},"canonical":"https:\/\/geoclimate.ge\/fr\/produit\/mce-air-cooled-condensing-units-with-scroll-multiscroll-compressors-and-axial-fans\/","og_locale":"fr_FR","og_type":"article","og_title":"MCE Groupes de condensation \u00e0 air avec compresseurs scroll\/multiscroll et ventilateurs axiaux - GeoClimate.ge","og_description":"Puissance frigorifique de 6 kW \u00e0 600 kW  Groupes de condensation adapt\u00e9s \u00e0 une installation ext\u00e9rieure, con\u00e7us pour \u00eatre associ\u00e9s \u00e0 un \u00e9vaporateur \u00e0 d\u00e9tente directe \u00e0 distance. La technologie MULTISCROLL (avec r\u00e9gulation INVERTER en option) offre plusieurs niveaux de puissance, am\u00e9liorant ainsi le rendement \u00e0 charge partielle. Cela am\u00e9liore \u00e9galement les performances en cas d'utilisation avec des applications \u00e0 charge tr\u00e8s variable. Le fluide frigorig\u00e8ne R410a est standard. Ils sont \u00e9galement disponibles en configuration pompe \u00e0 chaleur r\u00e9versible (PCE).","og_url":"https:\/\/geoclimate.ge\/fr\/produit\/mce-air-cooled-condensing-units-with-scroll-multiscroll-compressors-and-axial-fans\/","og_site_name":"GeoClimate.ge","article_modified_time":"2025-05-24T13:49:11+00:00","og_image":[{"width":511,"height":539,"url":"https:\/\/geoclimate.ge\/wp-content\/uploads\/2025\/05\/MCE-qh2yu77ucppevbvl1idva0cm.png","type":"image\/png"}],"twitter_card":"summary_large_image","schema":{"@context":"https:\/\/schema.org","@graph":[{"@type":"WebPage","@id":"https:\/\/geoclimate.ge\/fr\/produit\/mce-air-cooled-condensing-units-with-scroll-multiscroll-compressors-and-axial-fans\/","url":"https:\/\/geoclimate.ge\/fr\/produit\/mce-air-cooled-condensing-units-with-scroll-multiscroll-compressors-and-axial-fans\/","name":"MCE Groupes de condensation \u00e0 air avec compresseurs scroll\/multiscroll et ventilateurs axiaux - GeoClimate.ge","isPartOf":{"@id":"https:\/\/geoclimate.ge\/#website"},"primaryImageOfPage":{"@id":"https:\/\/geoclimate.ge\/fr\/produit\/mce-air-cooled-condensing-units-with-scroll-multiscroll-compressors-and-axial-fans\/#primaryimage"},"image":{"@id":"https:\/\/geoclimate.ge\/fr\/produit\/mce-air-cooled-condensing-units-with-scroll-multiscroll-compressors-and-axial-fans\/#primaryimage"},"thumbnailUrl":"https:\/\/geoclimate.ge\/wp-content\/uploads\/2025\/05\/MCE-qh2yu77ucppevbvl1idva0cm.png","datePublished":"2025-05-24T13:47:23+00:00","dateModified":"2025-05-24T13:49:11+00:00","breadcrumb":{"@id":"https:\/\/geoclimate.ge\/fr\/produit\/mce-air-cooled-condensing-units-with-scroll-multiscroll-compressors-and-axial-fans\/#breadcrumb"},"inLanguage":"fr-FR","potentialAction":[{"@type":"ReadAction","target":["https:\/\/geoclimate.ge\/fr\/produit\/mce-air-cooled-condensing-units-with-scroll-multiscroll-compressors-and-axial-fans\/"]}]},{"@type":"ImageObject","inLanguage":"fr-FR","@id":"https:\/\/geoclimate.ge\/fr\/produit\/mce-air-cooled-condensing-units-with-scroll-multiscroll-compressors-and-axial-fans\/#primaryimage","url":"https:\/\/geoclimate.ge\/wp-content\/uploads\/2025\/05\/MCE-qh2yu77ucppevbvl1idva0cm.png","contentUrl":"https:\/\/geoclimate.ge\/wp-content\/uploads\/2025\/05\/MCE-qh2yu77ucppevbvl1idva0cm.png","width":511,"height":539},{"@type":"BreadcrumbList","@id":"https:\/\/geoclimate.ge\/fr\/produit\/mce-air-cooled-condensing-units-with-scroll-multiscroll-compressors-and-axial-fans\/#breadcrumb","itemListElement":[{"@type":"ListItem","position":1,"name":"Home","item":"https:\/\/geoclimate.ge\/fr\/"},{"@type":"ListItem","position":2,"name":"Products","item":"https:\/\/geoclimate.ge\/fr\/products\/"},{"@type":"ListItem","position":3,"name":"MCE Groupes de condensation \u00e0 air avec compresseurs scroll\/multiscroll et ventilateurs axiaux"}]},{"@type":"WebSite","@id":"https:\/\/geoclimate.ge\/#website","url":"https:\/\/geoclimate.ge\/","name":"GeoClimate","description":"","publisher":{"@id":"https:\/\/geoclimate.ge\/#organization"},"potentialAction":[{"@type":"SearchAction","target":{"@type":"EntryPoint","urlTemplate":"https:\/\/geoclimate.ge\/?s={search_term_string}"},"query-input":{"@type":"PropertyValueSpecification","valueRequired":true,"valueName":"search_term_string"}}],"inLanguage":"fr-FR"},{"@type":"Organization","@id":"https:\/\/geoclimate.ge\/#organization","name":"GeoClimate","url":"https:\/\/geoclimate.ge\/","logo":{"@type":"ImageObject","inLanguage":"fr-FR","@id":"https:\/\/geoclimate.ge\/#\/schema\/logo\/image\/","url":"https:\/\/geoclimate.ge\/wp-content\/uploads\/2026\/03\/geoclimate-SEO.png","contentUrl":"https:\/\/geoclimate.ge\/wp-content\/uploads\/2026\/03\/geoclimate-SEO.png","width":1536,"height":1024,"caption":"GeoClimate"},"image":{"@id":"https:\/\/geoclimate.ge\/#\/schema\/logo\/image\/"}}]}},"_links":{"self":[{"href":"https:\/\/geoclimate.ge\/fr\/wp-json\/wp\/v2\/product\/32930","targetHints":{"allow":["GET"]}}],"collection":[{"href":"https:\/\/geoclimate.ge\/fr\/wp-json\/wp\/v2\/product"}],"about":[{"href":"https:\/\/geoclimate.ge\/fr\/wp-json\/wp\/v2\/types\/product"}],"wp:featuredmedia":[{"embeddable":true,"href":"https:\/\/geoclimate.ge\/fr\/wp-json\/wp\/v2\/media\/32925"}],"wp:attachment":[{"href":"https:\/\/geoclimate.ge\/fr\/wp-json\/wp\/v2\/media?parent=32930"}],"wp:term":[{"taxonomy":"product_brand","embeddable":true,"href":"https:\/\/geoclimate.ge\/fr\/wp-json\/wp\/v2\/product_brand?post=32930"},{"taxonomy":"product_cat","embeddable":true,"href":"https:\/\/geoclimate.ge\/fr\/wp-json\/wp\/v2\/product_cat?post=32930"},{"taxonomy":"product_tag","embeddable":true,"href":"https:\/\/geoclimate.ge\/fr\/wp-json\/wp\/v2\/product_tag?post=32930"}],"curies":[{"name":"wp","href":"https:\/\/api.w.org\/{rel}","templated":true}]}}