{"id":32960,"date":"2025-05-25T13:48:33","date_gmt":"2025-05-25T09:48:33","guid":{"rendered":"https:\/\/airsystems.ge\/shop\/product\/industrial-cubic-evaporators-ststal\/"},"modified":"2025-05-25T13:53:32","modified_gmt":"2025-05-25T09:53:32","slug":"industrial-cubic-evaporators-ststal","status":"publish","type":"product","link":"https:\/\/geoclimate.ge\/fr\/produit\/industrial-cubic-evaporators-ststal\/","title":{"rendered":"\u00c9vaporateurs cubiques industriels (Inox\/Al)"},"content":{"rendered":"<p>Caract\u00e9ristiques<\/p>\n<p>G\u00e9om\u00e9trie des tubes. Deux g\u00e9om\u00e9tries sont disponibles\u00a0: tube 5\/8\u2033 50\u00d750 en ligne et tube 7\/8\u2033 65,43\u00d756,66 en quinconce.<br \/>\nMat\u00e9riau des tubes\u00a0: acier inoxydable AISI 304 (ou AISI 316 sur demande).<br \/>\nAilettes en aluminium. En option, elles peuvent \u00eatre en aluminium magn\u00e9sium ou en aluminium avec protection \u00e9poxy.<br \/>\nVis en acier inoxydable.<br \/>\nBo\u00eetier en aluminium thermolaqu\u00e9 blanc.<br \/>\nCouvercles lat\u00e9raux amovibles. Raccords de liquide de refroidissement facilement accessibles.<br \/>\nCuve isol\u00e9e en polyur\u00e9thane de s\u00e9rie pour \u00e9viter la condensation. Plateau enti\u00e8rement fabriqu\u00e9 en PRV (polyester renforc\u00e9 de fibres de verre), un mat\u00e9riau l\u00e9ger et r\u00e9sistant, rigide, r\u00e9sistant \u00e0 la corrosion et offrant une excellente isolation thermique, acoustique et \u00e9lectrique.<br \/>\nVentilateurs axiaux certifi\u00e9s ErP avec moteurs IP54 ou IP55, selon le mod\u00e8le\u00a0; protection moteur par thermocontacts.<br \/>\nL&rsquo;\u00e9quipement est livr\u00e9 pressuris\u00e9 et \u00e9quip\u00e9 de vannes Schrader +.<\/p>\n<p>Accessoires<\/p>\n<p>D\u00e9givrage par gaz chaud du plateau avec clapet anti-retour install\u00e9 (en option).<br \/>\nD\u00e9givrage \u00e0 eau.<br \/>\nD\u00e9givrage \u00e9lectrique du serpentin et\/ou du plateau.<br \/>\nD\u00e9givrage mixte.<br \/>\nAnneaux chauffants sur les ventilateurs.<br \/>\nRaccordement aux manchons textiles.<br \/>\nSyst\u00e8me d&rsquo;arr\u00eat.<br \/>\nStreamers de ventilateur.<br \/>\nTr\u00e9mies d&rsquo;aspiration.<br \/>\nTr\u00e9mies de refoulement avec clapets de surpression pour optimiser le d\u00e9givrage.<br \/>\nSens d&rsquo;air invers\u00e9 (ventilateurs \u00e0 turbine).<br \/>\nVentilateurs EC.<br \/>\n\u00c9tages \u00e0 clapet mixte.<br \/>\nT\u00f4les prot\u00e9g\u00e9es par \u00e9poxy.<br \/>\nCarrosserie en acier inoxydable.<br \/>\nPieds de support r\u00e9glables (pour installation au sol).<\/p>\n","protected":false},"excerpt":{"rendered":"<div class=\"elementor-element elementor-element-6799186e elementor-widget elementor-widget-heading\" data-id=\"6799186e\" data-element_type=\"widget\" data-widget_type=\"heading.default\">\n<div class=\"elementor-widget-container\">\n<div class=\"elementor-heading-title elementor-size-default\">\n<p>EC<br \/>\nLes \u00e9vaporateurs cubiques EC sont des unit\u00e9s \u00e0 haut rendement pour tous types de chambres froides. La s\u00e9rie EC est disponible en deux g\u00e9om\u00e9tries, couvrant une vaste gamme de tailles et d&rsquo;applications.<\/p>\n<p>Fabriqu\u00e9s avec des tubes en acier inoxydable et des ailettes en aluminium (Inox\/Al). Compatibles avec tous les r\u00e9frig\u00e9rants (NH\u2083, CO\u2082, glycol, HFC, etc.). Conception modulaire de 1 \u00e0 6 ventilateurs axiaux (\u00d8350, 450, 500, 560, 630, 800, 910). Pas des ailettes\u00a0: 4-4, 5-5-6-7-8-9-10-11-12\u00a0mm.<\/p>\n<p>Les \u00e9vaporateurs de la s\u00e9rie EC sont des \u00e9vaporateurs cubiques industriels \u00e0 haut rendement, sp\u00e9cialement con\u00e7us pour les syst\u00e8mes NH\u2083 noy\u00e9s (pomp\u00e9s ou gravitaires). Les \u00e9vaporateurs EC sont de construction robuste, offrent des performances \u00e9lev\u00e9es et une excellente r\u00e9sistance \u00e0 la corrosion.<\/p>\n<p>Utilisables directement dans les chambres de cong\u00e9lation, les chambres r\u00e9frig\u00e9r\u00e9es et de conservation des industries des fruits et l\u00e9gumes, du poisson et de la viande, ainsi que dans les centres de distribution de l&rsquo;industrie agroalimentaire. Cette gamme d&rsquo;\u00e9vaporateurs standard offre une grande flexibilit\u00e9 pour des applications sur mesure.<\/p>\n<\/div>\n<\/div>\n<\/div>\n","protected":false},"featured_media":32955,"template":"","meta":[],"product_brand":[],"product_cat":[682,1642],"product_tag":[],"class_list":{"0":"post-32960","1":"product","2":"type-product","3":"status-publish","4":"has-post-thumbnail","6":"product_cat-climatiseurs-fr-industriels","7":"product_cat-evaporateur","9":"first","10":"instock","11":"shipping-taxable","12":"product-type-simple"},"yoast_head":"<!-- This site is optimized with the Yoast SEO plugin v27.1.1 - https:\/\/yoast.com\/product\/yoast-seo-wordpress\/ -->\n<title>\u00c9vaporateurs cubiques industriels (Inox\/Al) - GeoClimate.ge<\/title>\n<meta name=\"robots\" content=\"index, follow, max-snippet:-1, max-image-preview:large, max-video-preview:-1\" \/>\n<link rel=\"canonical\" href=\"https:\/\/geoclimate.ge\/fr\/produit\/industrial-cubic-evaporators-ststal\/\" \/>\n<meta property=\"og:locale\" content=\"fr_FR\" \/>\n<meta property=\"og:type\" content=\"article\" \/>\n<meta property=\"og:title\" content=\"\u00c9vaporateurs cubiques industriels (Inox\/Al) - GeoClimate.ge\" \/>\n<meta property=\"og:description\" content=\"EC Les \u00e9vaporateurs cubiques EC sont des unit\u00e9s \u00e0 haut rendement pour tous types de chambres froides. La s\u00e9rie EC est disponible en deux g\u00e9om\u00e9tries, couvrant une vaste gamme de tailles et d&#039;applications.  Fabriqu\u00e9s avec des tubes en acier inoxydable et des ailettes en aluminium (Inox\/Al). Compatibles avec tous les r\u00e9frig\u00e9rants (NH\u2083, CO\u2082, glycol, HFC, etc.). Conception modulaire de 1 \u00e0 6 ventilateurs axiaux (\u00d8350, 450, 500, 560, 630, 800, 910). Pas des ailettes\u00a0: 4-4, 5-5-6-7-8-9-10-11-12\u00a0mm.  Les \u00e9vaporateurs de la s\u00e9rie EC sont des \u00e9vaporateurs cubiques industriels \u00e0 haut rendement, sp\u00e9cialement con\u00e7us pour les syst\u00e8mes NH\u2083 noy\u00e9s (pomp\u00e9s ou gravitaires). Les \u00e9vaporateurs EC sont de construction robuste, offrent des performances \u00e9lev\u00e9es et une excellente r\u00e9sistance \u00e0 la corrosion.  Utilisables directement dans les chambres de cong\u00e9lation, les chambres r\u00e9frig\u00e9r\u00e9es et de conservation des industries des fruits et l\u00e9gumes, du poisson et de la viande, ainsi que dans les centres de distribution de l&#039;industrie agroalimentaire. Cette gamme d&#039;\u00e9vaporateurs standard offre une grande flexibilit\u00e9 pour des applications sur mesure.\" \/>\n<meta property=\"og:url\" content=\"https:\/\/geoclimate.ge\/fr\/produit\/industrial-cubic-evaporators-ststal\/\" \/>\n<meta property=\"og:site_name\" content=\"GeoClimate.ge\" \/>\n<meta property=\"article:modified_time\" content=\"2025-05-25T09:53:32+00:00\" \/>\n<meta property=\"og:image\" content=\"https:\/\/geoclimate.ge\/wp-content\/uploads\/2025\/05\/Industrial-Cubic-Evaporators-StStAl-qdd9hl6pqhhsi6vouz6zbbrbgb5y3l0sig8bm9cc38.png\" \/>\n\t<meta property=\"og:image:width\" content=\"700\" \/>\n\t<meta property=\"og:image:height\" content=\"466\" \/>\n\t<meta property=\"og:image:type\" content=\"image\/png\" \/>\n<meta name=\"twitter:card\" content=\"summary_large_image\" \/>\n<meta name=\"twitter:label1\" content=\"Dur\u00e9e de lecture estim\u00e9e\" \/>\n\t<meta name=\"twitter:data1\" content=\"1 minute\" \/>\n<script type=\"application\/ld+json\" class=\"yoast-schema-graph\">{\"@context\":\"https:\/\/schema.org\",\"@graph\":[{\"@type\":\"WebPage\",\"@id\":\"https:\/\/geoclimate.ge\/fr\/produit\/industrial-cubic-evaporators-ststal\/\",\"url\":\"https:\/\/geoclimate.ge\/fr\/produit\/industrial-cubic-evaporators-ststal\/\",\"name\":\"\u00c9vaporateurs cubiques industriels (Inox\/Al) - GeoClimate.ge\",\"isPartOf\":{\"@id\":\"https:\/\/geoclimate.ge\/#website\"},\"primaryImageOfPage\":{\"@id\":\"https:\/\/geoclimate.ge\/fr\/produit\/industrial-cubic-evaporators-ststal\/#primaryimage\"},\"image\":{\"@id\":\"https:\/\/geoclimate.ge\/fr\/produit\/industrial-cubic-evaporators-ststal\/#primaryimage\"},\"thumbnailUrl\":\"https:\/\/geoclimate.ge\/wp-content\/uploads\/2025\/05\/Industrial-Cubic-Evaporators-StStAl-qdd9hl6pqhhsi6vouz6zbbrbgb5y3l0sig8bm9cc38.png\",\"datePublished\":\"2025-05-25T09:48:33+00:00\",\"dateModified\":\"2025-05-25T09:53:32+00:00\",\"breadcrumb\":{\"@id\":\"https:\/\/geoclimate.ge\/fr\/produit\/industrial-cubic-evaporators-ststal\/#breadcrumb\"},\"inLanguage\":\"fr-FR\",\"potentialAction\":[{\"@type\":\"ReadAction\",\"target\":[\"https:\/\/geoclimate.ge\/fr\/produit\/industrial-cubic-evaporators-ststal\/\"]}]},{\"@type\":\"ImageObject\",\"inLanguage\":\"fr-FR\",\"@id\":\"https:\/\/geoclimate.ge\/fr\/produit\/industrial-cubic-evaporators-ststal\/#primaryimage\",\"url\":\"https:\/\/geoclimate.ge\/wp-content\/uploads\/2025\/05\/Industrial-Cubic-Evaporators-StStAl-qdd9hl6pqhhsi6vouz6zbbrbgb5y3l0sig8bm9cc38.png\",\"contentUrl\":\"https:\/\/geoclimate.ge\/wp-content\/uploads\/2025\/05\/Industrial-Cubic-Evaporators-StStAl-qdd9hl6pqhhsi6vouz6zbbrbgb5y3l0sig8bm9cc38.png\",\"width\":700,\"height\":466},{\"@type\":\"BreadcrumbList\",\"@id\":\"https:\/\/geoclimate.ge\/fr\/produit\/industrial-cubic-evaporators-ststal\/#breadcrumb\",\"itemListElement\":[{\"@type\":\"ListItem\",\"position\":1,\"name\":\"Home\",\"item\":\"https:\/\/geoclimate.ge\/fr\/\"},{\"@type\":\"ListItem\",\"position\":2,\"name\":\"Products\",\"item\":\"https:\/\/geoclimate.ge\/fr\/products\/\"},{\"@type\":\"ListItem\",\"position\":3,\"name\":\"\u00c9vaporateurs cubiques industriels (Inox\/Al)\"}]},{\"@type\":\"WebSite\",\"@id\":\"https:\/\/geoclimate.ge\/#website\",\"url\":\"https:\/\/geoclimate.ge\/\",\"name\":\"GeoClimate\",\"description\":\"\",\"publisher\":{\"@id\":\"https:\/\/geoclimate.ge\/#organization\"},\"potentialAction\":[{\"@type\":\"SearchAction\",\"target\":{\"@type\":\"EntryPoint\",\"urlTemplate\":\"https:\/\/geoclimate.ge\/?s={search_term_string}\"},\"query-input\":{\"@type\":\"PropertyValueSpecification\",\"valueRequired\":true,\"valueName\":\"search_term_string\"}}],\"inLanguage\":\"fr-FR\"},{\"@type\":\"Organization\",\"@id\":\"https:\/\/geoclimate.ge\/#organization\",\"name\":\"GeoClimate\",\"url\":\"https:\/\/geoclimate.ge\/\",\"logo\":{\"@type\":\"ImageObject\",\"inLanguage\":\"fr-FR\",\"@id\":\"https:\/\/geoclimate.ge\/#\/schema\/logo\/image\/\",\"url\":\"https:\/\/geoclimate.ge\/wp-content\/uploads\/2026\/03\/geoclimate-SEO.png\",\"contentUrl\":\"https:\/\/geoclimate.ge\/wp-content\/uploads\/2026\/03\/geoclimate-SEO.png\",\"width\":1536,\"height\":1024,\"caption\":\"GeoClimate\"},\"image\":{\"@id\":\"https:\/\/geoclimate.ge\/#\/schema\/logo\/image\/\"}}]}<\/script>\n<!-- \/ Yoast SEO plugin. -->","yoast_head_json":{"title":"\u00c9vaporateurs cubiques industriels (Inox\/Al) - GeoClimate.ge","robots":{"index":"index","follow":"follow","max-snippet":"max-snippet:-1","max-image-preview":"max-image-preview:large","max-video-preview":"max-video-preview:-1"},"canonical":"https:\/\/geoclimate.ge\/fr\/produit\/industrial-cubic-evaporators-ststal\/","og_locale":"fr_FR","og_type":"article","og_title":"\u00c9vaporateurs cubiques industriels (Inox\/Al) - GeoClimate.ge","og_description":"EC Les \u00e9vaporateurs cubiques EC sont des unit\u00e9s \u00e0 haut rendement pour tous types de chambres froides. La s\u00e9rie EC est disponible en deux g\u00e9om\u00e9tries, couvrant une vaste gamme de tailles et d'applications.  Fabriqu\u00e9s avec des tubes en acier inoxydable et des ailettes en aluminium (Inox\/Al). Compatibles avec tous les r\u00e9frig\u00e9rants (NH\u2083, CO\u2082, glycol, HFC, etc.). Conception modulaire de 1 \u00e0 6 ventilateurs axiaux (\u00d8350, 450, 500, 560, 630, 800, 910). Pas des ailettes\u00a0: 4-4, 5-5-6-7-8-9-10-11-12\u00a0mm.  Les \u00e9vaporateurs de la s\u00e9rie EC sont des \u00e9vaporateurs cubiques industriels \u00e0 haut rendement, sp\u00e9cialement con\u00e7us pour les syst\u00e8mes NH\u2083 noy\u00e9s (pomp\u00e9s ou gravitaires). Les \u00e9vaporateurs EC sont de construction robuste, offrent des performances \u00e9lev\u00e9es et une excellente r\u00e9sistance \u00e0 la corrosion.  Utilisables directement dans les chambres de cong\u00e9lation, les chambres r\u00e9frig\u00e9r\u00e9es et de conservation des industries des fruits et l\u00e9gumes, du poisson et de la viande, ainsi que dans les centres de distribution de l'industrie agroalimentaire. Cette gamme d'\u00e9vaporateurs standard offre une grande flexibilit\u00e9 pour des applications sur mesure.","og_url":"https:\/\/geoclimate.ge\/fr\/produit\/industrial-cubic-evaporators-ststal\/","og_site_name":"GeoClimate.ge","article_modified_time":"2025-05-25T09:53:32+00:00","og_image":[{"width":700,"height":466,"url":"https:\/\/geoclimate.ge\/wp-content\/uploads\/2025\/05\/Industrial-Cubic-Evaporators-StStAl-qdd9hl6pqhhsi6vouz6zbbrbgb5y3l0sig8bm9cc38.png","type":"image\/png"}],"twitter_card":"summary_large_image","twitter_misc":{"Dur\u00e9e de lecture estim\u00e9e":"1 minute"},"schema":{"@context":"https:\/\/schema.org","@graph":[{"@type":"WebPage","@id":"https:\/\/geoclimate.ge\/fr\/produit\/industrial-cubic-evaporators-ststal\/","url":"https:\/\/geoclimate.ge\/fr\/produit\/industrial-cubic-evaporators-ststal\/","name":"\u00c9vaporateurs cubiques industriels (Inox\/Al) - GeoClimate.ge","isPartOf":{"@id":"https:\/\/geoclimate.ge\/#website"},"primaryImageOfPage":{"@id":"https:\/\/geoclimate.ge\/fr\/produit\/industrial-cubic-evaporators-ststal\/#primaryimage"},"image":{"@id":"https:\/\/geoclimate.ge\/fr\/produit\/industrial-cubic-evaporators-ststal\/#primaryimage"},"thumbnailUrl":"https:\/\/geoclimate.ge\/wp-content\/uploads\/2025\/05\/Industrial-Cubic-Evaporators-StStAl-qdd9hl6pqhhsi6vouz6zbbrbgb5y3l0sig8bm9cc38.png","datePublished":"2025-05-25T09:48:33+00:00","dateModified":"2025-05-25T09:53:32+00:00","breadcrumb":{"@id":"https:\/\/geoclimate.ge\/fr\/produit\/industrial-cubic-evaporators-ststal\/#breadcrumb"},"inLanguage":"fr-FR","potentialAction":[{"@type":"ReadAction","target":["https:\/\/geoclimate.ge\/fr\/produit\/industrial-cubic-evaporators-ststal\/"]}]},{"@type":"ImageObject","inLanguage":"fr-FR","@id":"https:\/\/geoclimate.ge\/fr\/produit\/industrial-cubic-evaporators-ststal\/#primaryimage","url":"https:\/\/geoclimate.ge\/wp-content\/uploads\/2025\/05\/Industrial-Cubic-Evaporators-StStAl-qdd9hl6pqhhsi6vouz6zbbrbgb5y3l0sig8bm9cc38.png","contentUrl":"https:\/\/geoclimate.ge\/wp-content\/uploads\/2025\/05\/Industrial-Cubic-Evaporators-StStAl-qdd9hl6pqhhsi6vouz6zbbrbgb5y3l0sig8bm9cc38.png","width":700,"height":466},{"@type":"BreadcrumbList","@id":"https:\/\/geoclimate.ge\/fr\/produit\/industrial-cubic-evaporators-ststal\/#breadcrumb","itemListElement":[{"@type":"ListItem","position":1,"name":"Home","item":"https:\/\/geoclimate.ge\/fr\/"},{"@type":"ListItem","position":2,"name":"Products","item":"https:\/\/geoclimate.ge\/fr\/products\/"},{"@type":"ListItem","position":3,"name":"\u00c9vaporateurs cubiques industriels (Inox\/Al)"}]},{"@type":"WebSite","@id":"https:\/\/geoclimate.ge\/#website","url":"https:\/\/geoclimate.ge\/","name":"GeoClimate","description":"","publisher":{"@id":"https:\/\/geoclimate.ge\/#organization"},"potentialAction":[{"@type":"SearchAction","target":{"@type":"EntryPoint","urlTemplate":"https:\/\/geoclimate.ge\/?s={search_term_string}"},"query-input":{"@type":"PropertyValueSpecification","valueRequired":true,"valueName":"search_term_string"}}],"inLanguage":"fr-FR"},{"@type":"Organization","@id":"https:\/\/geoclimate.ge\/#organization","name":"GeoClimate","url":"https:\/\/geoclimate.ge\/","logo":{"@type":"ImageObject","inLanguage":"fr-FR","@id":"https:\/\/geoclimate.ge\/#\/schema\/logo\/image\/","url":"https:\/\/geoclimate.ge\/wp-content\/uploads\/2026\/03\/geoclimate-SEO.png","contentUrl":"https:\/\/geoclimate.ge\/wp-content\/uploads\/2026\/03\/geoclimate-SEO.png","width":1536,"height":1024,"caption":"GeoClimate"},"image":{"@id":"https:\/\/geoclimate.ge\/#\/schema\/logo\/image\/"}}]}},"_links":{"self":[{"href":"https:\/\/geoclimate.ge\/fr\/wp-json\/wp\/v2\/product\/32960","targetHints":{"allow":["GET"]}}],"collection":[{"href":"https:\/\/geoclimate.ge\/fr\/wp-json\/wp\/v2\/product"}],"about":[{"href":"https:\/\/geoclimate.ge\/fr\/wp-json\/wp\/v2\/types\/product"}],"wp:featuredmedia":[{"embeddable":true,"href":"https:\/\/geoclimate.ge\/fr\/wp-json\/wp\/v2\/media\/32955"}],"wp:attachment":[{"href":"https:\/\/geoclimate.ge\/fr\/wp-json\/wp\/v2\/media?parent=32960"}],"wp:term":[{"taxonomy":"product_brand","embeddable":true,"href":"https:\/\/geoclimate.ge\/fr\/wp-json\/wp\/v2\/product_brand?post=32960"},{"taxonomy":"product_cat","embeddable":true,"href":"https:\/\/geoclimate.ge\/fr\/wp-json\/wp\/v2\/product_cat?post=32960"},{"taxonomy":"product_tag","embeddable":true,"href":"https:\/\/geoclimate.ge\/fr\/wp-json\/wp\/v2\/product_tag?post=32960"}],"curies":[{"name":"wp","href":"https:\/\/api.w.org\/{rel}","templated":true}]}}