{"id":32987,"date":"2025-05-25T14:04:43","date_gmt":"2025-05-25T10:04:43","guid":{"rendered":"https:\/\/airsystems.ge\/shop\/product\/industrial-dual-discharge-evaporators-cu-al\/"},"modified":"2025-05-25T14:08:08","modified_gmt":"2025-05-25T10:08:08","slug":"industrial-dual-discharge-evaporators-cu-al","status":"publish","type":"product","link":"https:\/\/geoclimate.ge\/fr\/produit\/industrial-dual-discharge-evaporators-cu-al\/","title":{"rendered":"\u00c9vaporateurs industriels \u00e0 double soufflage (Cu\/Al)"},"content":{"rendered":"","protected":false},"excerpt":{"rendered":"<div class=\"elementor-element elementor-element-6799186e elementor-widget elementor-widget-heading\" data-id=\"6799186e\" data-element_type=\"widget\" data-widget_type=\"heading.default\">\n<div class=\"elementor-widget-container\">\n<div class=\"elementor-heading-title elementor-size-default\">\n<p>ED<br \/>\nLes \u00e9vaporateurs industriels ENEX ont \u00e9t\u00e9 d\u00e9velopp\u00e9s pour les petites et grandes installations industrielles, offrant une puissance frigorifique de 0,7 kW \u00e0 168,5 kW. Nous proposons plus de 200 mod\u00e8les pour aider nos clients \u00e0 choisir le meilleur choix pour chaque segment de refroidissement et chaque application. Tous nos \u00e9vaporateurs utilisent des composants de haute qualit\u00e9 qui garantissent une longue dur\u00e9e de vie et des performances \u00e9lev\u00e9es en toutes circonstances. Prot\u00e9g\u00e9s contre la corrosion, ils sont disponibles en diff\u00e9rentes finitions et peuvent \u00eatre con\u00e7us pour fonctionner comme refroidisseurs de saumure avec de l&rsquo;eau glycol\u00e9e et pour les \u00e9vaporateurs au CO\u2082.<\/p>\n<p>Cette gamme de produits est con\u00e7ue pour les applications industrielles et comprend 36 mod\u00e8les pour les applications \u00e0 haute, moyenne et basse temp\u00e9rature.<\/p>\n<\/div>\n<\/div>\n<\/div>\n","protected":false},"featured_media":32982,"template":"","meta":[],"product_brand":[],"product_cat":[682,1642],"product_tag":[],"class_list":{"0":"post-32987","1":"product","2":"type-product","3":"status-publish","4":"has-post-thumbnail","6":"product_cat-climatiseurs-fr-industriels","7":"product_cat-evaporateur","9":"first","10":"instock","11":"shipping-taxable","12":"product-type-simple"},"yoast_head":"<!-- This site is optimized with the Yoast SEO plugin v27.1.1 - https:\/\/yoast.com\/product\/yoast-seo-wordpress\/ -->\n<title>\u00c9vaporateurs industriels \u00e0 double soufflage (Cu\/Al) - GeoClimate.ge<\/title>\n<meta name=\"robots\" content=\"index, follow, max-snippet:-1, max-image-preview:large, max-video-preview:-1\" \/>\n<link rel=\"canonical\" href=\"https:\/\/geoclimate.ge\/fr\/produit\/industrial-dual-discharge-evaporators-cu-al\/\" \/>\n<meta property=\"og:locale\" content=\"fr_FR\" \/>\n<meta property=\"og:type\" content=\"article\" \/>\n<meta property=\"og:title\" content=\"\u00c9vaporateurs industriels \u00e0 double soufflage (Cu\/Al) - GeoClimate.ge\" \/>\n<meta property=\"og:description\" content=\"ED Les \u00e9vaporateurs industriels ENEX ont \u00e9t\u00e9 d\u00e9velopp\u00e9s pour les petites et grandes installations industrielles, offrant une puissance frigorifique de 0,7 kW \u00e0 168,5 kW. Nous proposons plus de 200 mod\u00e8les pour aider nos clients \u00e0 choisir le meilleur choix pour chaque segment de refroidissement et chaque application. Tous nos \u00e9vaporateurs utilisent des composants de haute qualit\u00e9 qui garantissent une longue dur\u00e9e de vie et des performances \u00e9lev\u00e9es en toutes circonstances. Prot\u00e9g\u00e9s contre la corrosion, ils sont disponibles en diff\u00e9rentes finitions et peuvent \u00eatre con\u00e7us pour fonctionner comme refroidisseurs de saumure avec de l&#039;eau glycol\u00e9e et pour les \u00e9vaporateurs au CO\u2082.  Cette gamme de produits est con\u00e7ue pour les applications industrielles et comprend 36 mod\u00e8les pour les applications \u00e0 haute, moyenne et basse temp\u00e9rature.\" \/>\n<meta property=\"og:url\" content=\"https:\/\/geoclimate.ge\/fr\/produit\/industrial-dual-discharge-evaporators-cu-al\/\" \/>\n<meta property=\"og:site_name\" content=\"GeoClimate.ge\" \/>\n<meta property=\"article:modified_time\" content=\"2025-05-25T10:08:08+00:00\" \/>\n<meta property=\"og:image\" content=\"https:\/\/geoclimate.ge\/wp-content\/uploads\/2025\/05\/Industrial-Dual-Discharge-Evaporators-Cu_Al-qdd9iy2blvcp9wwoxkbkwzfacch17ueu165kknbtnq.png\" \/>\n\t<meta property=\"og:image:width\" content=\"700\" \/>\n\t<meta property=\"og:image:height\" content=\"279\" \/>\n\t<meta property=\"og:image:type\" content=\"image\/png\" \/>\n<meta name=\"twitter:card\" content=\"summary_large_image\" \/>\n<script type=\"application\/ld+json\" class=\"yoast-schema-graph\">{\"@context\":\"https:\/\/schema.org\",\"@graph\":[{\"@type\":\"WebPage\",\"@id\":\"https:\/\/geoclimate.ge\/fr\/produit\/industrial-dual-discharge-evaporators-cu-al\/\",\"url\":\"https:\/\/geoclimate.ge\/fr\/produit\/industrial-dual-discharge-evaporators-cu-al\/\",\"name\":\"\u00c9vaporateurs industriels \u00e0 double soufflage (Cu\/Al) - GeoClimate.ge\",\"isPartOf\":{\"@id\":\"https:\/\/geoclimate.ge\/#website\"},\"primaryImageOfPage\":{\"@id\":\"https:\/\/geoclimate.ge\/fr\/produit\/industrial-dual-discharge-evaporators-cu-al\/#primaryimage\"},\"image\":{\"@id\":\"https:\/\/geoclimate.ge\/fr\/produit\/industrial-dual-discharge-evaporators-cu-al\/#primaryimage\"},\"thumbnailUrl\":\"https:\/\/geoclimate.ge\/wp-content\/uploads\/2025\/05\/Industrial-Dual-Discharge-Evaporators-Cu_Al-qdd9iy2blvcp9wwoxkbkwzfacch17ueu165kknbtnq.png\",\"datePublished\":\"2025-05-25T10:04:43+00:00\",\"dateModified\":\"2025-05-25T10:08:08+00:00\",\"breadcrumb\":{\"@id\":\"https:\/\/geoclimate.ge\/fr\/produit\/industrial-dual-discharge-evaporators-cu-al\/#breadcrumb\"},\"inLanguage\":\"fr-FR\",\"potentialAction\":[{\"@type\":\"ReadAction\",\"target\":[\"https:\/\/geoclimate.ge\/fr\/produit\/industrial-dual-discharge-evaporators-cu-al\/\"]}]},{\"@type\":\"ImageObject\",\"inLanguage\":\"fr-FR\",\"@id\":\"https:\/\/geoclimate.ge\/fr\/produit\/industrial-dual-discharge-evaporators-cu-al\/#primaryimage\",\"url\":\"https:\/\/geoclimate.ge\/wp-content\/uploads\/2025\/05\/Industrial-Dual-Discharge-Evaporators-Cu_Al-qdd9iy2blvcp9wwoxkbkwzfacch17ueu165kknbtnq.png\",\"contentUrl\":\"https:\/\/geoclimate.ge\/wp-content\/uploads\/2025\/05\/Industrial-Dual-Discharge-Evaporators-Cu_Al-qdd9iy2blvcp9wwoxkbkwzfacch17ueu165kknbtnq.png\",\"width\":700,\"height\":279},{\"@type\":\"BreadcrumbList\",\"@id\":\"https:\/\/geoclimate.ge\/fr\/produit\/industrial-dual-discharge-evaporators-cu-al\/#breadcrumb\",\"itemListElement\":[{\"@type\":\"ListItem\",\"position\":1,\"name\":\"Home\",\"item\":\"https:\/\/geoclimate.ge\/fr\/\"},{\"@type\":\"ListItem\",\"position\":2,\"name\":\"Products\",\"item\":\"https:\/\/geoclimate.ge\/fr\/products\/\"},{\"@type\":\"ListItem\",\"position\":3,\"name\":\"\u00c9vaporateurs industriels \u00e0 double soufflage (Cu\/Al)\"}]},{\"@type\":\"WebSite\",\"@id\":\"https:\/\/geoclimate.ge\/#website\",\"url\":\"https:\/\/geoclimate.ge\/\",\"name\":\"GeoClimate\",\"description\":\"\",\"publisher\":{\"@id\":\"https:\/\/geoclimate.ge\/#organization\"},\"potentialAction\":[{\"@type\":\"SearchAction\",\"target\":{\"@type\":\"EntryPoint\",\"urlTemplate\":\"https:\/\/geoclimate.ge\/?s={search_term_string}\"},\"query-input\":{\"@type\":\"PropertyValueSpecification\",\"valueRequired\":true,\"valueName\":\"search_term_string\"}}],\"inLanguage\":\"fr-FR\"},{\"@type\":\"Organization\",\"@id\":\"https:\/\/geoclimate.ge\/#organization\",\"name\":\"GeoClimate\",\"url\":\"https:\/\/geoclimate.ge\/\",\"logo\":{\"@type\":\"ImageObject\",\"inLanguage\":\"fr-FR\",\"@id\":\"https:\/\/geoclimate.ge\/#\/schema\/logo\/image\/\",\"url\":\"https:\/\/geoclimate.ge\/wp-content\/uploads\/2026\/03\/geoclimate-SEO.png\",\"contentUrl\":\"https:\/\/geoclimate.ge\/wp-content\/uploads\/2026\/03\/geoclimate-SEO.png\",\"width\":1536,\"height\":1024,\"caption\":\"GeoClimate\"},\"image\":{\"@id\":\"https:\/\/geoclimate.ge\/#\/schema\/logo\/image\/\"}}]}<\/script>\n<!-- \/ Yoast SEO plugin. -->","yoast_head_json":{"title":"\u00c9vaporateurs industriels \u00e0 double soufflage (Cu\/Al) - GeoClimate.ge","robots":{"index":"index","follow":"follow","max-snippet":"max-snippet:-1","max-image-preview":"max-image-preview:large","max-video-preview":"max-video-preview:-1"},"canonical":"https:\/\/geoclimate.ge\/fr\/produit\/industrial-dual-discharge-evaporators-cu-al\/","og_locale":"fr_FR","og_type":"article","og_title":"\u00c9vaporateurs industriels \u00e0 double soufflage (Cu\/Al) - GeoClimate.ge","og_description":"ED Les \u00e9vaporateurs industriels ENEX ont \u00e9t\u00e9 d\u00e9velopp\u00e9s pour les petites et grandes installations industrielles, offrant une puissance frigorifique de 0,7 kW \u00e0 168,5 kW. Nous proposons plus de 200 mod\u00e8les pour aider nos clients \u00e0 choisir le meilleur choix pour chaque segment de refroidissement et chaque application. Tous nos \u00e9vaporateurs utilisent des composants de haute qualit\u00e9 qui garantissent une longue dur\u00e9e de vie et des performances \u00e9lev\u00e9es en toutes circonstances. Prot\u00e9g\u00e9s contre la corrosion, ils sont disponibles en diff\u00e9rentes finitions et peuvent \u00eatre con\u00e7us pour fonctionner comme refroidisseurs de saumure avec de l'eau glycol\u00e9e et pour les \u00e9vaporateurs au CO\u2082.  Cette gamme de produits est con\u00e7ue pour les applications industrielles et comprend 36 mod\u00e8les pour les applications \u00e0 haute, moyenne et basse temp\u00e9rature.","og_url":"https:\/\/geoclimate.ge\/fr\/produit\/industrial-dual-discharge-evaporators-cu-al\/","og_site_name":"GeoClimate.ge","article_modified_time":"2025-05-25T10:08:08+00:00","og_image":[{"width":700,"height":279,"url":"https:\/\/geoclimate.ge\/wp-content\/uploads\/2025\/05\/Industrial-Dual-Discharge-Evaporators-Cu_Al-qdd9iy2blvcp9wwoxkbkwzfacch17ueu165kknbtnq.png","type":"image\/png"}],"twitter_card":"summary_large_image","schema":{"@context":"https:\/\/schema.org","@graph":[{"@type":"WebPage","@id":"https:\/\/geoclimate.ge\/fr\/produit\/industrial-dual-discharge-evaporators-cu-al\/","url":"https:\/\/geoclimate.ge\/fr\/produit\/industrial-dual-discharge-evaporators-cu-al\/","name":"\u00c9vaporateurs industriels \u00e0 double soufflage (Cu\/Al) - GeoClimate.ge","isPartOf":{"@id":"https:\/\/geoclimate.ge\/#website"},"primaryImageOfPage":{"@id":"https:\/\/geoclimate.ge\/fr\/produit\/industrial-dual-discharge-evaporators-cu-al\/#primaryimage"},"image":{"@id":"https:\/\/geoclimate.ge\/fr\/produit\/industrial-dual-discharge-evaporators-cu-al\/#primaryimage"},"thumbnailUrl":"https:\/\/geoclimate.ge\/wp-content\/uploads\/2025\/05\/Industrial-Dual-Discharge-Evaporators-Cu_Al-qdd9iy2blvcp9wwoxkbkwzfacch17ueu165kknbtnq.png","datePublished":"2025-05-25T10:04:43+00:00","dateModified":"2025-05-25T10:08:08+00:00","breadcrumb":{"@id":"https:\/\/geoclimate.ge\/fr\/produit\/industrial-dual-discharge-evaporators-cu-al\/#breadcrumb"},"inLanguage":"fr-FR","potentialAction":[{"@type":"ReadAction","target":["https:\/\/geoclimate.ge\/fr\/produit\/industrial-dual-discharge-evaporators-cu-al\/"]}]},{"@type":"ImageObject","inLanguage":"fr-FR","@id":"https:\/\/geoclimate.ge\/fr\/produit\/industrial-dual-discharge-evaporators-cu-al\/#primaryimage","url":"https:\/\/geoclimate.ge\/wp-content\/uploads\/2025\/05\/Industrial-Dual-Discharge-Evaporators-Cu_Al-qdd9iy2blvcp9wwoxkbkwzfacch17ueu165kknbtnq.png","contentUrl":"https:\/\/geoclimate.ge\/wp-content\/uploads\/2025\/05\/Industrial-Dual-Discharge-Evaporators-Cu_Al-qdd9iy2blvcp9wwoxkbkwzfacch17ueu165kknbtnq.png","width":700,"height":279},{"@type":"BreadcrumbList","@id":"https:\/\/geoclimate.ge\/fr\/produit\/industrial-dual-discharge-evaporators-cu-al\/#breadcrumb","itemListElement":[{"@type":"ListItem","position":1,"name":"Home","item":"https:\/\/geoclimate.ge\/fr\/"},{"@type":"ListItem","position":2,"name":"Products","item":"https:\/\/geoclimate.ge\/fr\/products\/"},{"@type":"ListItem","position":3,"name":"\u00c9vaporateurs industriels \u00e0 double soufflage (Cu\/Al)"}]},{"@type":"WebSite","@id":"https:\/\/geoclimate.ge\/#website","url":"https:\/\/geoclimate.ge\/","name":"GeoClimate","description":"","publisher":{"@id":"https:\/\/geoclimate.ge\/#organization"},"potentialAction":[{"@type":"SearchAction","target":{"@type":"EntryPoint","urlTemplate":"https:\/\/geoclimate.ge\/?s={search_term_string}"},"query-input":{"@type":"PropertyValueSpecification","valueRequired":true,"valueName":"search_term_string"}}],"inLanguage":"fr-FR"},{"@type":"Organization","@id":"https:\/\/geoclimate.ge\/#organization","name":"GeoClimate","url":"https:\/\/geoclimate.ge\/","logo":{"@type":"ImageObject","inLanguage":"fr-FR","@id":"https:\/\/geoclimate.ge\/#\/schema\/logo\/image\/","url":"https:\/\/geoclimate.ge\/wp-content\/uploads\/2026\/03\/geoclimate-SEO.png","contentUrl":"https:\/\/geoclimate.ge\/wp-content\/uploads\/2026\/03\/geoclimate-SEO.png","width":1536,"height":1024,"caption":"GeoClimate"},"image":{"@id":"https:\/\/geoclimate.ge\/#\/schema\/logo\/image\/"}}]}},"_links":{"self":[{"href":"https:\/\/geoclimate.ge\/fr\/wp-json\/wp\/v2\/product\/32987","targetHints":{"allow":["GET"]}}],"collection":[{"href":"https:\/\/geoclimate.ge\/fr\/wp-json\/wp\/v2\/product"}],"about":[{"href":"https:\/\/geoclimate.ge\/fr\/wp-json\/wp\/v2\/types\/product"}],"wp:featuredmedia":[{"embeddable":true,"href":"https:\/\/geoclimate.ge\/fr\/wp-json\/wp\/v2\/media\/32982"}],"wp:attachment":[{"href":"https:\/\/geoclimate.ge\/fr\/wp-json\/wp\/v2\/media?parent=32987"}],"wp:term":[{"taxonomy":"product_brand","embeddable":true,"href":"https:\/\/geoclimate.ge\/fr\/wp-json\/wp\/v2\/product_brand?post=32987"},{"taxonomy":"product_cat","embeddable":true,"href":"https:\/\/geoclimate.ge\/fr\/wp-json\/wp\/v2\/product_cat?post=32987"},{"taxonomy":"product_tag","embeddable":true,"href":"https:\/\/geoclimate.ge\/fr\/wp-json\/wp\/v2\/product_tag?post=32987"}],"curies":[{"name":"wp","href":"https:\/\/api.w.org\/{rel}","templated":true}]}}