{"id":33001,"date":"2025-05-25T14:10:37","date_gmt":"2025-05-25T10:10:37","guid":{"rendered":"https:\/\/airsystems.ge\/shop\/product\/air-coolers-for-process-rooms\/"},"modified":"2025-05-25T14:14:57","modified_gmt":"2025-05-25T10:14:57","slug":"air-coolers-for-process-rooms","status":"publish","type":"product","link":"https:\/\/geoclimate.ge\/fr\/produit\/air-coolers-for-process-rooms\/","title":{"rendered":"Refroidisseurs d&rsquo;air pour salles de traitement"},"content":{"rendered":"<p><strong>Caract\u00e9ristiques<\/strong><\/p>\n<p>G\u00e9om\u00e9trie des tubes\u00a0: Tube 5\/8\u2033 50\u00d750 en ligne<br \/>\nMat\u00e9riau des tubes\u00a0: Acier inoxydable AISI 304 (ou AISI 316 sur demande)<br \/>\nAilettes en aluminium. En option, ils peuvent \u00eatre fabriqu\u00e9s en aluminium magn\u00e9sium ou en aluminium avec protection \u00e9poxy.<br \/>\nVis en acier inoxydable.<br \/>\nCarrosserie en aluminium thermolaqu\u00e9 blanc.<br \/>\nCouvercles lat\u00e9raux amovibles. Acc\u00e8s facile aux raccords de liquide de refroidissement.<br \/>\nCuve isol\u00e9e en polyur\u00e9thane de s\u00e9rie pour \u00e9viter la condensation. Cuve enti\u00e8rement en PRV (polyester renforc\u00e9 de fibres de verre), un mat\u00e9riau l\u00e9ger et r\u00e9sistant, rigide, r\u00e9sistant \u00e0 la corrosion et offrant une bonne isolation thermique, acoustique et \u00e9lectrique.<br \/>\nVentilateurs axiaux certifi\u00e9s ErP avec moteurs IP54 ou IP55, selon le mod\u00e8le\u00a0; protection moteur par thermocontacts.<br \/>\nL&rsquo;\u00e9quipement est livr\u00e9 sous pression et \u00e9quip\u00e9 de vannes Schrader +.<\/p>\n<p><strong>Accessoires<\/strong><\/p>\n<p>D\u00e9givrage par gaz chaud dans la cuve avec clapet anti-retour install\u00e9 (en option).<br \/>\nD\u00e9givrage \u00e9lectrique dans la batterie et\/ou la cuve.<br \/>\nVentilateurs EC.<br \/>\nT\u00f4les prot\u00e9g\u00e9es par \u00e9poxy.<br \/>\nCarrosserie en acier inoxydable.<\/p>\n","protected":false},"excerpt":{"rendered":"<div class=\"elementor-element elementor-element-6799186e elementor-widget elementor-widget-heading\" data-id=\"6799186e\" data-element_type=\"widget\" data-widget_type=\"heading.default\">\n<div class=\"elementor-widget-container\">\n<div class=\"elementor-heading-title elementor-size-default\">\n<p>ETF<br \/>\nLes refroidisseurs d&rsquo;air ETF pour salles de traitement garantissent l&rsquo;absence de courants d&rsquo;air directs pour les personnes travaillant dans les zones de travail ou les salles de manutention.<\/p>\n<p>Fabriqu\u00e9s en tubes d&rsquo;acier inoxydable et ailettes en aluminium (Inox\/Al). Compatibles avec tous les fluides frigorig\u00e8nes (NH\u2083, CO\u2082, glycol, HFC, etc.). Conception modulaire de 1 \u00e0 4 ventilateurs axiaux (\u00d8500, 560). Pas des ailettes\u00a0: 4-4,5-5-6-7\u00a0mm.<\/p>\n<p>Les unit\u00e9s de la s\u00e9rie ETF sont con\u00e7ues pour une installation dans des salles de travail et des couloirs de faible hauteur.<\/p>\n<p>Les refroidisseurs d&rsquo;air ETF garantissent l&rsquo;absence de flux d&rsquo;air en contact direct avec les personnes travaillant dans les salles et offrent de faibles niveaux de pression acoustique.<\/p>\n<\/div>\n<\/div>\n<\/div>\n","protected":false},"featured_media":32996,"template":"","meta":[],"product_brand":[],"product_cat":[682,1642],"product_tag":[],"class_list":{"0":"post-33001","1":"product","2":"type-product","3":"status-publish","4":"has-post-thumbnail","6":"product_cat-climatiseurs-fr-industriels","7":"product_cat-evaporateur","9":"first","10":"instock","11":"shipping-taxable","12":"product-type-simple"},"yoast_head":"<!-- This site is optimized with the Yoast SEO plugin v27.1.1 - https:\/\/yoast.com\/product\/yoast-seo-wordpress\/ -->\n<title>Refroidisseurs d&#039;air pour salles de traitement - GeoClimate.ge<\/title>\n<meta name=\"robots\" content=\"index, follow, max-snippet:-1, max-image-preview:large, max-video-preview:-1\" \/>\n<link rel=\"canonical\" href=\"https:\/\/geoclimate.ge\/fr\/produit\/air-coolers-for-process-rooms\/\" \/>\n<meta property=\"og:locale\" content=\"fr_FR\" \/>\n<meta property=\"og:type\" content=\"article\" \/>\n<meta property=\"og:title\" content=\"Refroidisseurs d&#039;air pour salles de traitement - GeoClimate.ge\" \/>\n<meta property=\"og:description\" content=\"ETF Les refroidisseurs d&#039;air ETF pour salles de traitement garantissent l&#039;absence de courants d&#039;air directs pour les personnes travaillant dans les zones de travail ou les salles de manutention.  Fabriqu\u00e9s en tubes d&#039;acier inoxydable et ailettes en aluminium (Inox\/Al). Compatibles avec tous les fluides frigorig\u00e8nes (NH\u2083, CO\u2082, glycol, HFC, etc.). Conception modulaire de 1 \u00e0 4 ventilateurs axiaux (\u00d8500, 560). Pas des ailettes\u00a0: 4-4,5-5-6-7\u00a0mm.  Les unit\u00e9s de la s\u00e9rie ETF sont con\u00e7ues pour une installation dans des salles de travail et des couloirs de faible hauteur.  Les refroidisseurs d&#039;air ETF garantissent l&#039;absence de flux d&#039;air en contact direct avec les personnes travaillant dans les salles et offrent de faibles niveaux de pression acoustique.\" \/>\n<meta property=\"og:url\" content=\"https:\/\/geoclimate.ge\/fr\/produit\/air-coolers-for-process-rooms\/\" \/>\n<meta property=\"og:site_name\" content=\"GeoClimate.ge\" \/>\n<meta property=\"article:modified_time\" content=\"2025-05-25T10:14:57+00:00\" \/>\n<meta property=\"og:image\" content=\"https:\/\/geoclimate.ge\/wp-content\/uploads\/2025\/05\/Air-Coolers-For-Process-Rooms-qdd9dvpms0f2pk9kidhyh9fv3lftqkawo3ldgyu8ms.png\" \/>\n\t<meta property=\"og:image:width\" content=\"700\" \/>\n\t<meta property=\"og:image:height\" content=\"466\" \/>\n\t<meta property=\"og:image:type\" content=\"image\/png\" \/>\n<meta name=\"twitter:card\" content=\"summary_large_image\" \/>\n<meta name=\"twitter:label1\" content=\"Dur\u00e9e de lecture estim\u00e9e\" \/>\n\t<meta name=\"twitter:data1\" content=\"1 minute\" \/>\n<script type=\"application\/ld+json\" class=\"yoast-schema-graph\">{\"@context\":\"https:\/\/schema.org\",\"@graph\":[{\"@type\":\"WebPage\",\"@id\":\"https:\/\/geoclimate.ge\/fr\/produit\/air-coolers-for-process-rooms\/\",\"url\":\"https:\/\/geoclimate.ge\/fr\/produit\/air-coolers-for-process-rooms\/\",\"name\":\"Refroidisseurs d'air pour salles de traitement - GeoClimate.ge\",\"isPartOf\":{\"@id\":\"https:\/\/geoclimate.ge\/#website\"},\"primaryImageOfPage\":{\"@id\":\"https:\/\/geoclimate.ge\/fr\/produit\/air-coolers-for-process-rooms\/#primaryimage\"},\"image\":{\"@id\":\"https:\/\/geoclimate.ge\/fr\/produit\/air-coolers-for-process-rooms\/#primaryimage\"},\"thumbnailUrl\":\"https:\/\/geoclimate.ge\/wp-content\/uploads\/2025\/05\/Air-Coolers-For-Process-Rooms-qdd9dvpms0f2pk9kidhyh9fv3lftqkawo3ldgyu8ms.png\",\"datePublished\":\"2025-05-25T10:10:37+00:00\",\"dateModified\":\"2025-05-25T10:14:57+00:00\",\"breadcrumb\":{\"@id\":\"https:\/\/geoclimate.ge\/fr\/produit\/air-coolers-for-process-rooms\/#breadcrumb\"},\"inLanguage\":\"fr-FR\",\"potentialAction\":[{\"@type\":\"ReadAction\",\"target\":[\"https:\/\/geoclimate.ge\/fr\/produit\/air-coolers-for-process-rooms\/\"]}]},{\"@type\":\"ImageObject\",\"inLanguage\":\"fr-FR\",\"@id\":\"https:\/\/geoclimate.ge\/fr\/produit\/air-coolers-for-process-rooms\/#primaryimage\",\"url\":\"https:\/\/geoclimate.ge\/wp-content\/uploads\/2025\/05\/Air-Coolers-For-Process-Rooms-qdd9dvpms0f2pk9kidhyh9fv3lftqkawo3ldgyu8ms.png\",\"contentUrl\":\"https:\/\/geoclimate.ge\/wp-content\/uploads\/2025\/05\/Air-Coolers-For-Process-Rooms-qdd9dvpms0f2pk9kidhyh9fv3lftqkawo3ldgyu8ms.png\",\"width\":700,\"height\":466},{\"@type\":\"BreadcrumbList\",\"@id\":\"https:\/\/geoclimate.ge\/fr\/produit\/air-coolers-for-process-rooms\/#breadcrumb\",\"itemListElement\":[{\"@type\":\"ListItem\",\"position\":1,\"name\":\"Home\",\"item\":\"https:\/\/geoclimate.ge\/fr\/\"},{\"@type\":\"ListItem\",\"position\":2,\"name\":\"Products\",\"item\":\"https:\/\/geoclimate.ge\/fr\/products\/\"},{\"@type\":\"ListItem\",\"position\":3,\"name\":\"Refroidisseurs d&#8217;air pour salles de traitement\"}]},{\"@type\":\"WebSite\",\"@id\":\"https:\/\/geoclimate.ge\/#website\",\"url\":\"https:\/\/geoclimate.ge\/\",\"name\":\"GeoClimate\",\"description\":\"\",\"publisher\":{\"@id\":\"https:\/\/geoclimate.ge\/#organization\"},\"potentialAction\":[{\"@type\":\"SearchAction\",\"target\":{\"@type\":\"EntryPoint\",\"urlTemplate\":\"https:\/\/geoclimate.ge\/?s={search_term_string}\"},\"query-input\":{\"@type\":\"PropertyValueSpecification\",\"valueRequired\":true,\"valueName\":\"search_term_string\"}}],\"inLanguage\":\"fr-FR\"},{\"@type\":\"Organization\",\"@id\":\"https:\/\/geoclimate.ge\/#organization\",\"name\":\"GeoClimate\",\"url\":\"https:\/\/geoclimate.ge\/\",\"logo\":{\"@type\":\"ImageObject\",\"inLanguage\":\"fr-FR\",\"@id\":\"https:\/\/geoclimate.ge\/#\/schema\/logo\/image\/\",\"url\":\"https:\/\/geoclimate.ge\/wp-content\/uploads\/2026\/03\/geoclimate-SEO.png\",\"contentUrl\":\"https:\/\/geoclimate.ge\/wp-content\/uploads\/2026\/03\/geoclimate-SEO.png\",\"width\":1536,\"height\":1024,\"caption\":\"GeoClimate\"},\"image\":{\"@id\":\"https:\/\/geoclimate.ge\/#\/schema\/logo\/image\/\"}}]}<\/script>\n<!-- \/ Yoast SEO plugin. -->","yoast_head_json":{"title":"Refroidisseurs d'air pour salles de traitement - GeoClimate.ge","robots":{"index":"index","follow":"follow","max-snippet":"max-snippet:-1","max-image-preview":"max-image-preview:large","max-video-preview":"max-video-preview:-1"},"canonical":"https:\/\/geoclimate.ge\/fr\/produit\/air-coolers-for-process-rooms\/","og_locale":"fr_FR","og_type":"article","og_title":"Refroidisseurs d'air pour salles de traitement - GeoClimate.ge","og_description":"ETF Les refroidisseurs d'air ETF pour salles de traitement garantissent l'absence de courants d'air directs pour les personnes travaillant dans les zones de travail ou les salles de manutention.  Fabriqu\u00e9s en tubes d'acier inoxydable et ailettes en aluminium (Inox\/Al). Compatibles avec tous les fluides frigorig\u00e8nes (NH\u2083, CO\u2082, glycol, HFC, etc.). Conception modulaire de 1 \u00e0 4 ventilateurs axiaux (\u00d8500, 560). Pas des ailettes\u00a0: 4-4,5-5-6-7\u00a0mm.  Les unit\u00e9s de la s\u00e9rie ETF sont con\u00e7ues pour une installation dans des salles de travail et des couloirs de faible hauteur.  Les refroidisseurs d'air ETF garantissent l'absence de flux d'air en contact direct avec les personnes travaillant dans les salles et offrent de faibles niveaux de pression acoustique.","og_url":"https:\/\/geoclimate.ge\/fr\/produit\/air-coolers-for-process-rooms\/","og_site_name":"GeoClimate.ge","article_modified_time":"2025-05-25T10:14:57+00:00","og_image":[{"width":700,"height":466,"url":"https:\/\/geoclimate.ge\/wp-content\/uploads\/2025\/05\/Air-Coolers-For-Process-Rooms-qdd9dvpms0f2pk9kidhyh9fv3lftqkawo3ldgyu8ms.png","type":"image\/png"}],"twitter_card":"summary_large_image","twitter_misc":{"Dur\u00e9e de lecture estim\u00e9e":"1 minute"},"schema":{"@context":"https:\/\/schema.org","@graph":[{"@type":"WebPage","@id":"https:\/\/geoclimate.ge\/fr\/produit\/air-coolers-for-process-rooms\/","url":"https:\/\/geoclimate.ge\/fr\/produit\/air-coolers-for-process-rooms\/","name":"Refroidisseurs d'air pour salles de traitement - GeoClimate.ge","isPartOf":{"@id":"https:\/\/geoclimate.ge\/#website"},"primaryImageOfPage":{"@id":"https:\/\/geoclimate.ge\/fr\/produit\/air-coolers-for-process-rooms\/#primaryimage"},"image":{"@id":"https:\/\/geoclimate.ge\/fr\/produit\/air-coolers-for-process-rooms\/#primaryimage"},"thumbnailUrl":"https:\/\/geoclimate.ge\/wp-content\/uploads\/2025\/05\/Air-Coolers-For-Process-Rooms-qdd9dvpms0f2pk9kidhyh9fv3lftqkawo3ldgyu8ms.png","datePublished":"2025-05-25T10:10:37+00:00","dateModified":"2025-05-25T10:14:57+00:00","breadcrumb":{"@id":"https:\/\/geoclimate.ge\/fr\/produit\/air-coolers-for-process-rooms\/#breadcrumb"},"inLanguage":"fr-FR","potentialAction":[{"@type":"ReadAction","target":["https:\/\/geoclimate.ge\/fr\/produit\/air-coolers-for-process-rooms\/"]}]},{"@type":"ImageObject","inLanguage":"fr-FR","@id":"https:\/\/geoclimate.ge\/fr\/produit\/air-coolers-for-process-rooms\/#primaryimage","url":"https:\/\/geoclimate.ge\/wp-content\/uploads\/2025\/05\/Air-Coolers-For-Process-Rooms-qdd9dvpms0f2pk9kidhyh9fv3lftqkawo3ldgyu8ms.png","contentUrl":"https:\/\/geoclimate.ge\/wp-content\/uploads\/2025\/05\/Air-Coolers-For-Process-Rooms-qdd9dvpms0f2pk9kidhyh9fv3lftqkawo3ldgyu8ms.png","width":700,"height":466},{"@type":"BreadcrumbList","@id":"https:\/\/geoclimate.ge\/fr\/produit\/air-coolers-for-process-rooms\/#breadcrumb","itemListElement":[{"@type":"ListItem","position":1,"name":"Home","item":"https:\/\/geoclimate.ge\/fr\/"},{"@type":"ListItem","position":2,"name":"Products","item":"https:\/\/geoclimate.ge\/fr\/products\/"},{"@type":"ListItem","position":3,"name":"Refroidisseurs d&#8217;air pour salles de traitement"}]},{"@type":"WebSite","@id":"https:\/\/geoclimate.ge\/#website","url":"https:\/\/geoclimate.ge\/","name":"GeoClimate","description":"","publisher":{"@id":"https:\/\/geoclimate.ge\/#organization"},"potentialAction":[{"@type":"SearchAction","target":{"@type":"EntryPoint","urlTemplate":"https:\/\/geoclimate.ge\/?s={search_term_string}"},"query-input":{"@type":"PropertyValueSpecification","valueRequired":true,"valueName":"search_term_string"}}],"inLanguage":"fr-FR"},{"@type":"Organization","@id":"https:\/\/geoclimate.ge\/#organization","name":"GeoClimate","url":"https:\/\/geoclimate.ge\/","logo":{"@type":"ImageObject","inLanguage":"fr-FR","@id":"https:\/\/geoclimate.ge\/#\/schema\/logo\/image\/","url":"https:\/\/geoclimate.ge\/wp-content\/uploads\/2026\/03\/geoclimate-SEO.png","contentUrl":"https:\/\/geoclimate.ge\/wp-content\/uploads\/2026\/03\/geoclimate-SEO.png","width":1536,"height":1024,"caption":"GeoClimate"},"image":{"@id":"https:\/\/geoclimate.ge\/#\/schema\/logo\/image\/"}}]}},"_links":{"self":[{"href":"https:\/\/geoclimate.ge\/fr\/wp-json\/wp\/v2\/product\/33001","targetHints":{"allow":["GET"]}}],"collection":[{"href":"https:\/\/geoclimate.ge\/fr\/wp-json\/wp\/v2\/product"}],"about":[{"href":"https:\/\/geoclimate.ge\/fr\/wp-json\/wp\/v2\/types\/product"}],"wp:featuredmedia":[{"embeddable":true,"href":"https:\/\/geoclimate.ge\/fr\/wp-json\/wp\/v2\/media\/32996"}],"wp:attachment":[{"href":"https:\/\/geoclimate.ge\/fr\/wp-json\/wp\/v2\/media?parent=33001"}],"wp:term":[{"taxonomy":"product_brand","embeddable":true,"href":"https:\/\/geoclimate.ge\/fr\/wp-json\/wp\/v2\/product_brand?post=33001"},{"taxonomy":"product_cat","embeddable":true,"href":"https:\/\/geoclimate.ge\/fr\/wp-json\/wp\/v2\/product_cat?post=33001"},{"taxonomy":"product_tag","embeddable":true,"href":"https:\/\/geoclimate.ge\/fr\/wp-json\/wp\/v2\/product_tag?post=33001"}],"curies":[{"name":"wp","href":"https:\/\/api.w.org\/{rel}","templated":true}]}}