{"id":33078,"date":"2025-05-25T14:38:14","date_gmt":"2025-05-25T10:38:14","guid":{"rendered":"https:\/\/airsystems.ge\/shop\/product\/shock-freezers-with-fan-frame-on-top\/"},"modified":"2025-05-25T14:48:39","modified_gmt":"2025-05-25T10:48:39","slug":"shock-freezers-with-fan-frame-on-top","status":"publish","type":"product","link":"https:\/\/geoclimate.ge\/fr\/produit\/shock-freezers-with-fan-frame-on-top\/","title":{"rendered":"\u00c9vaporateurs \u00e0 choc avec ch\u00e2ssis de ventilation sup\u00e9rieur"},"content":{"rendered":"<div class=\"elementor-element elementor-element-6799186e elementor-widget elementor-widget-heading\" data-id=\"6799186e\" data-element_type=\"widget\" data-widget_type=\"heading.default\"><\/div>\n<div class=\"elementor-element elementor-element-391e72ec elementor-widget elementor-widget-theme-post-content\" data-id=\"391e72ec\" data-element_type=\"widget\" data-widget_type=\"theme-post-content.default\">\n<div class=\"elementor-widget-container\">\n<p>Caract\u00e9ristiques<\/p>\n<p>G\u00e9om\u00e9trie du tube. Tube 7\/8\u2033 65,43 x 56,66, d\u00e9cal\u00e9 de 7\/8\u2033<br \/>\nMat\u00e9riau du tube\u00a0: Acier inoxydable AISI 304 (ou AISI 316 sur demande)<br \/>\nAilettes ondul\u00e9es en aluminium (0,25\u00a0mm d\u2019\u00e9paisseur) pour cr\u00e9er des turbulences dans l\u2019air traversant le serpentin et augmenter le transfert thermique<br \/>\nVis en acier inoxydable<br \/>\nCarrosserie en aluminium thermolaqu\u00e9 blanc<br \/>\nCuve isol\u00e9e en polyur\u00e9thane de s\u00e9rie pour \u00e9viter la condensation. Plateau enti\u00e8rement fabriqu\u00e9 en PRV (polyester renforc\u00e9 de fibres de verre), un mat\u00e9riau l\u00e9ger et r\u00e9sistant, rigide, r\u00e9sistant \u00e0 la corrosion et offrant une excellente isolation thermique, acoustique et \u00e9lectrique.<br \/>\nVentilateurs axiaux certifi\u00e9s ErP avec moteurs IP55.<br \/>\nPieds de support r\u00e9glables en hauteur.<br \/>\nL&rsquo;\u00e9quipement est livr\u00e9 pressuris\u00e9 et \u00e9quip\u00e9 de vannes Schrader.<\/p>\n<p>Accessoires<\/p>\n<p>D\u00e9givrage par gaz chaud du plateau avec clapet anti-retour install\u00e9 (en option).<br \/>\nD\u00e9givrage \u00e0 eau.<br \/>\nD\u00e9givrage \u00e9lectrique du serpentin et\/ou du plateau.<br \/>\nD\u00e9givrage mixte.<br \/>\nAnneaux chauffants sur les ventilateurs.<br \/>\nVentilateurs avec moteurs \u00e9lectriques pour une pression statique sup\u00e9rieure \u00e0 200 Pa.<br \/>\nVentilateurs 100 % r\u00e9versibles.<br \/>\nMoteurs sp\u00e9ciaux.<br \/>\nMarches \u00e0 clapet mixtes.<br \/>\nT\u00f4les prot\u00e9g\u00e9es par \u00e9poxy.<br \/>\nCarrosserie en acier inoxydable.<\/p>\n<\/div>\n<\/div>\n","protected":false},"excerpt":{"rendered":"<div class=\"elementor-element elementor-element-6799186e elementor-widget elementor-widget-heading\" data-id=\"6799186e\" data-element_type=\"widget\" data-widget_type=\"heading.default\">\n<div class=\"elementor-widget-container\">\n<div class=\"elementor-heading-title elementor-size-default\">\n<div class=\"elementor-element elementor-element-6799186e elementor-widget elementor-widget-heading\" data-id=\"6799186e\" data-element_type=\"widget\" data-widget_type=\"heading.default\">\n<div class=\"elementor-widget-container\">BTV<\/div>\n<\/div>\n<div class=\"elementor-element elementor-element-391e72ec elementor-widget elementor-widget-theme-post-content\" data-id=\"391e72ec\" data-element_type=\"widget\" data-widget_type=\"theme-post-content.default\">\n<div class=\"elementor-widget-container\">\n<p>Les \u00e9vaporateurs BTV, dot\u00e9s d&rsquo;un ch\u00e2ssis de ventilation sup\u00e9rieur et de pieds r\u00e9glables en hauteur, sont parfaits pour une large gamme d&rsquo;applications industrielles, telles que les tunnels de cong\u00e9lation statique et les cellules de refroidissement rapide.<\/p>\n<p>Fabriqu\u00e9s en tube d&rsquo;acier inoxydable et ailettes en aluminium (Inox\/Al). Compatibles avec tous les fluides frigorig\u00e8nes (NH\u2083, CO\u2082, glycol, HFC, etc.). Conception modulaire de 1 \u00e0 6 ventilateurs axiaux (\u00d8800, 900). Pas des ailettes\u00a0: 7-10-12\u00a0mm.<\/p>\n<p>Les \u00e9vaporateurs de la s\u00e9rie BTV sont des unit\u00e9s industrielles pour installation au sol. Ils offrent un rendement \u00e9lev\u00e9 et sont sp\u00e9cialement con\u00e7us pour les syst\u00e8mes noy\u00e9s au NH\u2083 ou au CO\u2082 (pomp\u00e9s ou gravitaires). Nos \u00e9changeurs robustes offrent des performances \u00e9lev\u00e9es et une excellente r\u00e9sistance \u00e0 la corrosion.<\/p>\n<p>La s\u00e9rie BTV comprend des \u00e9vaporateurs offrant une grande flexibilit\u00e9 pour des applications sur mesure.<\/p>\n<\/div>\n<\/div>\n<\/div>\n<\/div>\n<\/div>\n","protected":false},"featured_media":33073,"template":"","meta":[],"product_brand":[],"product_cat":[682,1642],"product_tag":[],"class_list":{"0":"post-33078","1":"product","2":"type-product","3":"status-publish","4":"has-post-thumbnail","6":"product_cat-climatiseurs-fr-industriels","7":"product_cat-evaporateur","9":"first","10":"instock","11":"shipping-taxable","12":"product-type-simple"},"yoast_head":"<!-- This site is optimized with the Yoast SEO plugin v27.1.1 - https:\/\/yoast.com\/product\/yoast-seo-wordpress\/ -->\n<title>\u00c9vaporateurs \u00e0 choc avec ch\u00e2ssis de ventilation sup\u00e9rieur - GeoClimate.ge<\/title>\n<meta name=\"robots\" content=\"index, follow, max-snippet:-1, max-image-preview:large, max-video-preview:-1\" \/>\n<link rel=\"canonical\" href=\"https:\/\/geoclimate.ge\/fr\/produit\/shock-freezers-with-fan-frame-on-top\/\" \/>\n<meta property=\"og:locale\" content=\"fr_FR\" \/>\n<meta property=\"og:type\" content=\"article\" \/>\n<meta property=\"og:title\" content=\"\u00c9vaporateurs \u00e0 choc avec ch\u00e2ssis de ventilation sup\u00e9rieur - GeoClimate.ge\" \/>\n<meta property=\"og:description\" content=\"BTV     Les \u00e9vaporateurs BTV, dot\u00e9s d&#039;un ch\u00e2ssis de ventilation sup\u00e9rieur et de pieds r\u00e9glables en hauteur, sont parfaits pour une large gamme d&#039;applications industrielles, telles que les tunnels de cong\u00e9lation statique et les cellules de refroidissement rapide.  Fabriqu\u00e9s en tube d&#039;acier inoxydable et ailettes en aluminium (Inox\/Al). Compatibles avec tous les fluides frigorig\u00e8nes (NH\u2083, CO\u2082, glycol, HFC, etc.). Conception modulaire de 1 \u00e0 6 ventilateurs axiaux (\u00d8800, 900). Pas des ailettes\u00a0: 7-10-12\u00a0mm.  Les \u00e9vaporateurs de la s\u00e9rie BTV sont des unit\u00e9s industrielles pour installation au sol. Ils offrent un rendement \u00e9lev\u00e9 et sont sp\u00e9cialement con\u00e7us pour les syst\u00e8mes noy\u00e9s au NH\u2083 ou au CO\u2082 (pomp\u00e9s ou gravitaires). Nos \u00e9changeurs robustes offrent des performances \u00e9lev\u00e9es et une excellente r\u00e9sistance \u00e0 la corrosion.  La s\u00e9rie BTV comprend des \u00e9vaporateurs offrant une grande flexibilit\u00e9 pour des applications sur mesure.\" \/>\n<meta property=\"og:url\" content=\"https:\/\/geoclimate.ge\/fr\/produit\/shock-freezers-with-fan-frame-on-top\/\" \/>\n<meta property=\"og:site_name\" content=\"GeoClimate.ge\" \/>\n<meta property=\"article:modified_time\" content=\"2025-05-25T10:48:39+00:00\" \/>\n<meta property=\"og:image\" content=\"https:\/\/geoclimate.ge\/wp-content\/uploads\/2025\/05\/Shock-Freezers-With-Fan-Frame-On-Top_senzal-qdd9i23t5i4yb67446i9k7hm58ujy4vykrz298n8z8.png\" \/>\n\t<meta property=\"og:image:width\" content=\"700\" \/>\n\t<meta property=\"og:image:height\" content=\"466\" \/>\n\t<meta property=\"og:image:type\" content=\"image\/png\" \/>\n<meta name=\"twitter:card\" content=\"summary_large_image\" \/>\n<meta name=\"twitter:label1\" content=\"Dur\u00e9e de lecture estim\u00e9e\" \/>\n\t<meta name=\"twitter:data1\" content=\"1 minute\" \/>\n<script type=\"application\/ld+json\" class=\"yoast-schema-graph\">{\"@context\":\"https:\/\/schema.org\",\"@graph\":[{\"@type\":\"WebPage\",\"@id\":\"https:\/\/geoclimate.ge\/fr\/produit\/shock-freezers-with-fan-frame-on-top\/\",\"url\":\"https:\/\/geoclimate.ge\/fr\/produit\/shock-freezers-with-fan-frame-on-top\/\",\"name\":\"\u00c9vaporateurs \u00e0 choc avec ch\u00e2ssis de ventilation sup\u00e9rieur - GeoClimate.ge\",\"isPartOf\":{\"@id\":\"https:\/\/geoclimate.ge\/#website\"},\"primaryImageOfPage\":{\"@id\":\"https:\/\/geoclimate.ge\/fr\/produit\/shock-freezers-with-fan-frame-on-top\/#primaryimage\"},\"image\":{\"@id\":\"https:\/\/geoclimate.ge\/fr\/produit\/shock-freezers-with-fan-frame-on-top\/#primaryimage\"},\"thumbnailUrl\":\"https:\/\/geoclimate.ge\/wp-content\/uploads\/2025\/05\/Shock-Freezers-With-Fan-Frame-On-Top_senzal-qdd9i23t5i4yb67446i9k7hm58ujy4vykrz298n8z8.png\",\"datePublished\":\"2025-05-25T10:38:14+00:00\",\"dateModified\":\"2025-05-25T10:48:39+00:00\",\"breadcrumb\":{\"@id\":\"https:\/\/geoclimate.ge\/fr\/produit\/shock-freezers-with-fan-frame-on-top\/#breadcrumb\"},\"inLanguage\":\"fr-FR\",\"potentialAction\":[{\"@type\":\"ReadAction\",\"target\":[\"https:\/\/geoclimate.ge\/fr\/produit\/shock-freezers-with-fan-frame-on-top\/\"]}]},{\"@type\":\"ImageObject\",\"inLanguage\":\"fr-FR\",\"@id\":\"https:\/\/geoclimate.ge\/fr\/produit\/shock-freezers-with-fan-frame-on-top\/#primaryimage\",\"url\":\"https:\/\/geoclimate.ge\/wp-content\/uploads\/2025\/05\/Shock-Freezers-With-Fan-Frame-On-Top_senzal-qdd9i23t5i4yb67446i9k7hm58ujy4vykrz298n8z8.png\",\"contentUrl\":\"https:\/\/geoclimate.ge\/wp-content\/uploads\/2025\/05\/Shock-Freezers-With-Fan-Frame-On-Top_senzal-qdd9i23t5i4yb67446i9k7hm58ujy4vykrz298n8z8.png\",\"width\":700,\"height\":466},{\"@type\":\"BreadcrumbList\",\"@id\":\"https:\/\/geoclimate.ge\/fr\/produit\/shock-freezers-with-fan-frame-on-top\/#breadcrumb\",\"itemListElement\":[{\"@type\":\"ListItem\",\"position\":1,\"name\":\"Home\",\"item\":\"https:\/\/geoclimate.ge\/fr\/\"},{\"@type\":\"ListItem\",\"position\":2,\"name\":\"Products\",\"item\":\"https:\/\/geoclimate.ge\/fr\/products\/\"},{\"@type\":\"ListItem\",\"position\":3,\"name\":\"\u00c9vaporateurs \u00e0 choc avec ch\u00e2ssis de ventilation sup\u00e9rieur\"}]},{\"@type\":\"WebSite\",\"@id\":\"https:\/\/geoclimate.ge\/#website\",\"url\":\"https:\/\/geoclimate.ge\/\",\"name\":\"GeoClimate\",\"description\":\"\",\"publisher\":{\"@id\":\"https:\/\/geoclimate.ge\/#organization\"},\"potentialAction\":[{\"@type\":\"SearchAction\",\"target\":{\"@type\":\"EntryPoint\",\"urlTemplate\":\"https:\/\/geoclimate.ge\/?s={search_term_string}\"},\"query-input\":{\"@type\":\"PropertyValueSpecification\",\"valueRequired\":true,\"valueName\":\"search_term_string\"}}],\"inLanguage\":\"fr-FR\"},{\"@type\":\"Organization\",\"@id\":\"https:\/\/geoclimate.ge\/#organization\",\"name\":\"GeoClimate\",\"url\":\"https:\/\/geoclimate.ge\/\",\"logo\":{\"@type\":\"ImageObject\",\"inLanguage\":\"fr-FR\",\"@id\":\"https:\/\/geoclimate.ge\/#\/schema\/logo\/image\/\",\"url\":\"https:\/\/geoclimate.ge\/wp-content\/uploads\/2026\/03\/geoclimate-SEO.png\",\"contentUrl\":\"https:\/\/geoclimate.ge\/wp-content\/uploads\/2026\/03\/geoclimate-SEO.png\",\"width\":1536,\"height\":1024,\"caption\":\"GeoClimate\"},\"image\":{\"@id\":\"https:\/\/geoclimate.ge\/#\/schema\/logo\/image\/\"}}]}<\/script>\n<!-- \/ Yoast SEO plugin. -->","yoast_head_json":{"title":"\u00c9vaporateurs \u00e0 choc avec ch\u00e2ssis de ventilation sup\u00e9rieur - GeoClimate.ge","robots":{"index":"index","follow":"follow","max-snippet":"max-snippet:-1","max-image-preview":"max-image-preview:large","max-video-preview":"max-video-preview:-1"},"canonical":"https:\/\/geoclimate.ge\/fr\/produit\/shock-freezers-with-fan-frame-on-top\/","og_locale":"fr_FR","og_type":"article","og_title":"\u00c9vaporateurs \u00e0 choc avec ch\u00e2ssis de ventilation sup\u00e9rieur - GeoClimate.ge","og_description":"BTV     Les \u00e9vaporateurs BTV, dot\u00e9s d'un ch\u00e2ssis de ventilation sup\u00e9rieur et de pieds r\u00e9glables en hauteur, sont parfaits pour une large gamme d'applications industrielles, telles que les tunnels de cong\u00e9lation statique et les cellules de refroidissement rapide.  Fabriqu\u00e9s en tube d'acier inoxydable et ailettes en aluminium (Inox\/Al). Compatibles avec tous les fluides frigorig\u00e8nes (NH\u2083, CO\u2082, glycol, HFC, etc.). Conception modulaire de 1 \u00e0 6 ventilateurs axiaux (\u00d8800, 900). Pas des ailettes\u00a0: 7-10-12\u00a0mm.  Les \u00e9vaporateurs de la s\u00e9rie BTV sont des unit\u00e9s industrielles pour installation au sol. Ils offrent un rendement \u00e9lev\u00e9 et sont sp\u00e9cialement con\u00e7us pour les syst\u00e8mes noy\u00e9s au NH\u2083 ou au CO\u2082 (pomp\u00e9s ou gravitaires). Nos \u00e9changeurs robustes offrent des performances \u00e9lev\u00e9es et une excellente r\u00e9sistance \u00e0 la corrosion.  La s\u00e9rie BTV comprend des \u00e9vaporateurs offrant une grande flexibilit\u00e9 pour des applications sur mesure.","og_url":"https:\/\/geoclimate.ge\/fr\/produit\/shock-freezers-with-fan-frame-on-top\/","og_site_name":"GeoClimate.ge","article_modified_time":"2025-05-25T10:48:39+00:00","og_image":[{"width":700,"height":466,"url":"https:\/\/geoclimate.ge\/wp-content\/uploads\/2025\/05\/Shock-Freezers-With-Fan-Frame-On-Top_senzal-qdd9i23t5i4yb67446i9k7hm58ujy4vykrz298n8z8.png","type":"image\/png"}],"twitter_card":"summary_large_image","twitter_misc":{"Dur\u00e9e de lecture estim\u00e9e":"1 minute"},"schema":{"@context":"https:\/\/schema.org","@graph":[{"@type":"WebPage","@id":"https:\/\/geoclimate.ge\/fr\/produit\/shock-freezers-with-fan-frame-on-top\/","url":"https:\/\/geoclimate.ge\/fr\/produit\/shock-freezers-with-fan-frame-on-top\/","name":"\u00c9vaporateurs \u00e0 choc avec ch\u00e2ssis de ventilation sup\u00e9rieur - GeoClimate.ge","isPartOf":{"@id":"https:\/\/geoclimate.ge\/#website"},"primaryImageOfPage":{"@id":"https:\/\/geoclimate.ge\/fr\/produit\/shock-freezers-with-fan-frame-on-top\/#primaryimage"},"image":{"@id":"https:\/\/geoclimate.ge\/fr\/produit\/shock-freezers-with-fan-frame-on-top\/#primaryimage"},"thumbnailUrl":"https:\/\/geoclimate.ge\/wp-content\/uploads\/2025\/05\/Shock-Freezers-With-Fan-Frame-On-Top_senzal-qdd9i23t5i4yb67446i9k7hm58ujy4vykrz298n8z8.png","datePublished":"2025-05-25T10:38:14+00:00","dateModified":"2025-05-25T10:48:39+00:00","breadcrumb":{"@id":"https:\/\/geoclimate.ge\/fr\/produit\/shock-freezers-with-fan-frame-on-top\/#breadcrumb"},"inLanguage":"fr-FR","potentialAction":[{"@type":"ReadAction","target":["https:\/\/geoclimate.ge\/fr\/produit\/shock-freezers-with-fan-frame-on-top\/"]}]},{"@type":"ImageObject","inLanguage":"fr-FR","@id":"https:\/\/geoclimate.ge\/fr\/produit\/shock-freezers-with-fan-frame-on-top\/#primaryimage","url":"https:\/\/geoclimate.ge\/wp-content\/uploads\/2025\/05\/Shock-Freezers-With-Fan-Frame-On-Top_senzal-qdd9i23t5i4yb67446i9k7hm58ujy4vykrz298n8z8.png","contentUrl":"https:\/\/geoclimate.ge\/wp-content\/uploads\/2025\/05\/Shock-Freezers-With-Fan-Frame-On-Top_senzal-qdd9i23t5i4yb67446i9k7hm58ujy4vykrz298n8z8.png","width":700,"height":466},{"@type":"BreadcrumbList","@id":"https:\/\/geoclimate.ge\/fr\/produit\/shock-freezers-with-fan-frame-on-top\/#breadcrumb","itemListElement":[{"@type":"ListItem","position":1,"name":"Home","item":"https:\/\/geoclimate.ge\/fr\/"},{"@type":"ListItem","position":2,"name":"Products","item":"https:\/\/geoclimate.ge\/fr\/products\/"},{"@type":"ListItem","position":3,"name":"\u00c9vaporateurs \u00e0 choc avec ch\u00e2ssis de ventilation sup\u00e9rieur"}]},{"@type":"WebSite","@id":"https:\/\/geoclimate.ge\/#website","url":"https:\/\/geoclimate.ge\/","name":"GeoClimate","description":"","publisher":{"@id":"https:\/\/geoclimate.ge\/#organization"},"potentialAction":[{"@type":"SearchAction","target":{"@type":"EntryPoint","urlTemplate":"https:\/\/geoclimate.ge\/?s={search_term_string}"},"query-input":{"@type":"PropertyValueSpecification","valueRequired":true,"valueName":"search_term_string"}}],"inLanguage":"fr-FR"},{"@type":"Organization","@id":"https:\/\/geoclimate.ge\/#organization","name":"GeoClimate","url":"https:\/\/geoclimate.ge\/","logo":{"@type":"ImageObject","inLanguage":"fr-FR","@id":"https:\/\/geoclimate.ge\/#\/schema\/logo\/image\/","url":"https:\/\/geoclimate.ge\/wp-content\/uploads\/2026\/03\/geoclimate-SEO.png","contentUrl":"https:\/\/geoclimate.ge\/wp-content\/uploads\/2026\/03\/geoclimate-SEO.png","width":1536,"height":1024,"caption":"GeoClimate"},"image":{"@id":"https:\/\/geoclimate.ge\/#\/schema\/logo\/image\/"}}]}},"_links":{"self":[{"href":"https:\/\/geoclimate.ge\/fr\/wp-json\/wp\/v2\/product\/33078","targetHints":{"allow":["GET"]}}],"collection":[{"href":"https:\/\/geoclimate.ge\/fr\/wp-json\/wp\/v2\/product"}],"about":[{"href":"https:\/\/geoclimate.ge\/fr\/wp-json\/wp\/v2\/types\/product"}],"wp:featuredmedia":[{"embeddable":true,"href":"https:\/\/geoclimate.ge\/fr\/wp-json\/wp\/v2\/media\/33073"}],"wp:attachment":[{"href":"https:\/\/geoclimate.ge\/fr\/wp-json\/wp\/v2\/media?parent=33078"}],"wp:term":[{"taxonomy":"product_brand","embeddable":true,"href":"https:\/\/geoclimate.ge\/fr\/wp-json\/wp\/v2\/product_brand?post=33078"},{"taxonomy":"product_cat","embeddable":true,"href":"https:\/\/geoclimate.ge\/fr\/wp-json\/wp\/v2\/product_cat?post=33078"},{"taxonomy":"product_tag","embeddable":true,"href":"https:\/\/geoclimate.ge\/fr\/wp-json\/wp\/v2\/product_tag?post=33078"}],"curies":[{"name":"wp","href":"https:\/\/api.w.org\/{rel}","templated":true}]}}