{"id":33091,"date":"2025-05-25T14:53:42","date_gmt":"2025-05-25T10:53:42","guid":{"rendered":"https:\/\/airsystems.ge\/shop\/product\/evaporators-for-spiral-freezing-tunnels\/"},"modified":"2025-05-25T14:56:49","modified_gmt":"2025-05-25T10:56:49","slug":"evaporators-for-spiral-freezing-tunnels","status":"publish","type":"product","link":"https:\/\/geoclimate.ge\/fr\/produit\/evaporators-for-spiral-freezing-tunnels\/","title":{"rendered":"\u00c9vaporateurs pour tunnels de surg\u00e9lation en spirale"},"content":{"rendered":"<div class=\"elementor-element elementor-element-6799186e elementor-widget elementor-widget-heading\" data-id=\"6799186e\" data-element_type=\"widget\" data-widget_type=\"heading.default\">\n<div class=\"elementor-widget-container\">\n<p>Caract\u00e9ristiques<\/p>\n<p>G\u00e9om\u00e9trie du tube\u00a0: Tube 7\/8\u2033 65,43 x 56,66 en quinconce<br \/>\nMat\u00e9riau du tube. Acier inoxydable AISI 304 (ou AISI 316 sur demande)<br \/>\nAilettes ondul\u00e9es en aluminium (0,25 mm d&rsquo;\u00e9paisseur) pour turbulencer l&rsquo;air traversant la batterie et augmenter le transfert thermique<br \/>\nVis en acier inoxydable<br \/>\nCarrosserie en aluminium thermolaqu\u00e9 blanc<br \/>\nCouvercles lat\u00e9raux amovibles. Acc\u00e8s facile aux raccords de liquide de refroidissement<br \/>\nVentilateurs axiaux compatibles ErP avec moteurs IP55<br \/>\nL&rsquo;\u00e9quipement est livr\u00e9 pressuris\u00e9 et \u00e9quip\u00e9 de vannes Schrader +<\/p>\n<p>Accessoires<\/p>\n<p>D\u00e9givrage par gaz chaud dans le bac avec clapet anti-retour install\u00e9 (en option)<br \/>\nD\u00e9givrage \u00e0 eau<br \/>\nD\u00e9givrage \u00e9lectrique dans la batterie et\/ou le bac<br \/>\nD\u00e9givrage mixte<br \/>\nAnneaux chauffants sur les ventilateurs<br \/>\nVentilateurs avec moteurs \u00e9lectriques pour ESP sup\u00e9rieure \u00e0 200 Pa<br \/>\nMoteurs sp\u00e9ciaux<br \/>\nPaliers de volets mixtes<br \/>\nT\u00f4les prot\u00e9g\u00e9es par \u00e9poxy<br \/>\nCarrosserie en acier inoxydable<br \/>\nBac isol\u00e9 en polyur\u00e9thane<br \/>\nPied de support r\u00e9glable en hauteur<\/p>\n<\/div>\n<\/div>\n","protected":false},"excerpt":{"rendered":"<div class=\"elementor-element elementor-element-6799186e elementor-widget elementor-widget-heading\" data-id=\"6799186e\" data-element_type=\"widget\" data-widget_type=\"heading.default\">\n<div class=\"elementor-widget-container\">\n<div class=\"elementor-heading-title elementor-size-default\">\n<p>BF<br \/>\nLes \u00e9vaporateurs EF sont des unit\u00e9s industrielles sp\u00e9cialement con\u00e7ues pour \u00eatre install\u00e9es dans des tunnels de surg\u00e9lation en spirale et, plus g\u00e9n\u00e9ralement, pour la surg\u00e9lation rapide des produits alimentaires. Ils sont hautement personnalisables.<\/p>\n<p>Fabriqu\u00e9s avec un tube en acier inoxydable et des ailettes en aluminium (Inox\/Al). Compatibles avec tous les fluides frigorig\u00e8nes (NH\u2083, CO\u2082, glycol, HFC, etc.). Conception modulaire de 2 \u00e0 15 ventilateurs axiaux (\u00d8800, 900). Pas des ailettes\u00a0: 7-10-12\u00a0mm.<\/p>\n<\/div>\n<\/div>\n<\/div>\n","protected":false},"featured_media":33086,"template":"","meta":[],"product_brand":[],"product_cat":[682,1642],"product_tag":[],"class_list":{"0":"post-33091","1":"product","2":"type-product","3":"status-publish","4":"has-post-thumbnail","6":"product_cat-climatiseurs-fr-industriels","7":"product_cat-evaporateur","9":"first","10":"instock","11":"shipping-taxable","12":"product-type-simple"},"yoast_head":"<!-- This site is optimized with the Yoast SEO plugin v27.1.1 - https:\/\/yoast.com\/product\/yoast-seo-wordpress\/ -->\n<title>\u00c9vaporateurs pour tunnels de surg\u00e9lation en spirale - GeoClimate.ge<\/title>\n<meta name=\"robots\" content=\"index, follow, max-snippet:-1, max-image-preview:large, max-video-preview:-1\" \/>\n<link rel=\"canonical\" href=\"https:\/\/geoclimate.ge\/fr\/produit\/evaporators-for-spiral-freezing-tunnels\/\" \/>\n<meta property=\"og:locale\" content=\"fr_FR\" \/>\n<meta property=\"og:type\" content=\"article\" \/>\n<meta property=\"og:title\" content=\"\u00c9vaporateurs pour tunnels de surg\u00e9lation en spirale - GeoClimate.ge\" \/>\n<meta property=\"og:description\" content=\"BF Les \u00e9vaporateurs EF sont des unit\u00e9s industrielles sp\u00e9cialement con\u00e7ues pour \u00eatre install\u00e9es dans des tunnels de surg\u00e9lation en spirale et, plus g\u00e9n\u00e9ralement, pour la surg\u00e9lation rapide des produits alimentaires. Ils sont hautement personnalisables.  Fabriqu\u00e9s avec un tube en acier inoxydable et des ailettes en aluminium (Inox\/Al). Compatibles avec tous les fluides frigorig\u00e8nes (NH\u2083, CO\u2082, glycol, HFC, etc.). Conception modulaire de 2 \u00e0 15 ventilateurs axiaux (\u00d8800, 900). Pas des ailettes\u00a0: 7-10-12\u00a0mm.\" \/>\n<meta property=\"og:url\" content=\"https:\/\/geoclimate.ge\/fr\/produit\/evaporators-for-spiral-freezing-tunnels\/\" \/>\n<meta property=\"og:site_name\" content=\"GeoClimate.ge\" \/>\n<meta property=\"article:modified_time\" content=\"2025-05-25T10:56:49+00:00\" \/>\n<meta property=\"og:image\" content=\"https:\/\/geoclimate.ge\/wp-content\/uploads\/2025\/05\/Evaporators-For-Spiral-Freezing-Tunnels_senzal-qdd9guv8f4hrh3xx4ntfdieetiro424b2tyq6ifcxg.png\" \/>\n\t<meta property=\"og:image:width\" content=\"700\" \/>\n\t<meta property=\"og:image:height\" content=\"466\" \/>\n\t<meta property=\"og:image:type\" content=\"image\/png\" \/>\n<meta name=\"twitter:card\" content=\"summary_large_image\" \/>\n<meta name=\"twitter:label1\" content=\"Dur\u00e9e de lecture estim\u00e9e\" \/>\n\t<meta name=\"twitter:data1\" content=\"1 minute\" \/>\n<script type=\"application\/ld+json\" class=\"yoast-schema-graph\">{\"@context\":\"https:\/\/schema.org\",\"@graph\":[{\"@type\":\"WebPage\",\"@id\":\"https:\/\/geoclimate.ge\/fr\/produit\/evaporators-for-spiral-freezing-tunnels\/\",\"url\":\"https:\/\/geoclimate.ge\/fr\/produit\/evaporators-for-spiral-freezing-tunnels\/\",\"name\":\"\u00c9vaporateurs pour tunnels de surg\u00e9lation en spirale - GeoClimate.ge\",\"isPartOf\":{\"@id\":\"https:\/\/geoclimate.ge\/#website\"},\"primaryImageOfPage\":{\"@id\":\"https:\/\/geoclimate.ge\/fr\/produit\/evaporators-for-spiral-freezing-tunnels\/#primaryimage\"},\"image\":{\"@id\":\"https:\/\/geoclimate.ge\/fr\/produit\/evaporators-for-spiral-freezing-tunnels\/#primaryimage\"},\"thumbnailUrl\":\"https:\/\/geoclimate.ge\/wp-content\/uploads\/2025\/05\/Evaporators-For-Spiral-Freezing-Tunnels_senzal-qdd9guv8f4hrh3xx4ntfdieetiro424b2tyq6ifcxg.png\",\"datePublished\":\"2025-05-25T10:53:42+00:00\",\"dateModified\":\"2025-05-25T10:56:49+00:00\",\"breadcrumb\":{\"@id\":\"https:\/\/geoclimate.ge\/fr\/produit\/evaporators-for-spiral-freezing-tunnels\/#breadcrumb\"},\"inLanguage\":\"fr-FR\",\"potentialAction\":[{\"@type\":\"ReadAction\",\"target\":[\"https:\/\/geoclimate.ge\/fr\/produit\/evaporators-for-spiral-freezing-tunnels\/\"]}]},{\"@type\":\"ImageObject\",\"inLanguage\":\"fr-FR\",\"@id\":\"https:\/\/geoclimate.ge\/fr\/produit\/evaporators-for-spiral-freezing-tunnels\/#primaryimage\",\"url\":\"https:\/\/geoclimate.ge\/wp-content\/uploads\/2025\/05\/Evaporators-For-Spiral-Freezing-Tunnels_senzal-qdd9guv8f4hrh3xx4ntfdieetiro424b2tyq6ifcxg.png\",\"contentUrl\":\"https:\/\/geoclimate.ge\/wp-content\/uploads\/2025\/05\/Evaporators-For-Spiral-Freezing-Tunnels_senzal-qdd9guv8f4hrh3xx4ntfdieetiro424b2tyq6ifcxg.png\",\"width\":700,\"height\":466},{\"@type\":\"BreadcrumbList\",\"@id\":\"https:\/\/geoclimate.ge\/fr\/produit\/evaporators-for-spiral-freezing-tunnels\/#breadcrumb\",\"itemListElement\":[{\"@type\":\"ListItem\",\"position\":1,\"name\":\"Home\",\"item\":\"https:\/\/geoclimate.ge\/fr\/\"},{\"@type\":\"ListItem\",\"position\":2,\"name\":\"Products\",\"item\":\"https:\/\/geoclimate.ge\/fr\/products\/\"},{\"@type\":\"ListItem\",\"position\":3,\"name\":\"\u00c9vaporateurs pour tunnels de surg\u00e9lation en spirale\"}]},{\"@type\":\"WebSite\",\"@id\":\"https:\/\/geoclimate.ge\/#website\",\"url\":\"https:\/\/geoclimate.ge\/\",\"name\":\"GeoClimate\",\"description\":\"\",\"publisher\":{\"@id\":\"https:\/\/geoclimate.ge\/#organization\"},\"potentialAction\":[{\"@type\":\"SearchAction\",\"target\":{\"@type\":\"EntryPoint\",\"urlTemplate\":\"https:\/\/geoclimate.ge\/?s={search_term_string}\"},\"query-input\":{\"@type\":\"PropertyValueSpecification\",\"valueRequired\":true,\"valueName\":\"search_term_string\"}}],\"inLanguage\":\"fr-FR\"},{\"@type\":\"Organization\",\"@id\":\"https:\/\/geoclimate.ge\/#organization\",\"name\":\"GeoClimate\",\"url\":\"https:\/\/geoclimate.ge\/\",\"logo\":{\"@type\":\"ImageObject\",\"inLanguage\":\"fr-FR\",\"@id\":\"https:\/\/geoclimate.ge\/#\/schema\/logo\/image\/\",\"url\":\"https:\/\/geoclimate.ge\/wp-content\/uploads\/2026\/03\/geoclimate-SEO.png\",\"contentUrl\":\"https:\/\/geoclimate.ge\/wp-content\/uploads\/2026\/03\/geoclimate-SEO.png\",\"width\":1536,\"height\":1024,\"caption\":\"GeoClimate\"},\"image\":{\"@id\":\"https:\/\/geoclimate.ge\/#\/schema\/logo\/image\/\"}}]}<\/script>\n<!-- \/ Yoast SEO plugin. -->","yoast_head_json":{"title":"\u00c9vaporateurs pour tunnels de surg\u00e9lation en spirale - GeoClimate.ge","robots":{"index":"index","follow":"follow","max-snippet":"max-snippet:-1","max-image-preview":"max-image-preview:large","max-video-preview":"max-video-preview:-1"},"canonical":"https:\/\/geoclimate.ge\/fr\/produit\/evaporators-for-spiral-freezing-tunnels\/","og_locale":"fr_FR","og_type":"article","og_title":"\u00c9vaporateurs pour tunnels de surg\u00e9lation en spirale - GeoClimate.ge","og_description":"BF Les \u00e9vaporateurs EF sont des unit\u00e9s industrielles sp\u00e9cialement con\u00e7ues pour \u00eatre install\u00e9es dans des tunnels de surg\u00e9lation en spirale et, plus g\u00e9n\u00e9ralement, pour la surg\u00e9lation rapide des produits alimentaires. Ils sont hautement personnalisables.  Fabriqu\u00e9s avec un tube en acier inoxydable et des ailettes en aluminium (Inox\/Al). Compatibles avec tous les fluides frigorig\u00e8nes (NH\u2083, CO\u2082, glycol, HFC, etc.). Conception modulaire de 2 \u00e0 15 ventilateurs axiaux (\u00d8800, 900). Pas des ailettes\u00a0: 7-10-12\u00a0mm.","og_url":"https:\/\/geoclimate.ge\/fr\/produit\/evaporators-for-spiral-freezing-tunnels\/","og_site_name":"GeoClimate.ge","article_modified_time":"2025-05-25T10:56:49+00:00","og_image":[{"width":700,"height":466,"url":"https:\/\/geoclimate.ge\/wp-content\/uploads\/2025\/05\/Evaporators-For-Spiral-Freezing-Tunnels_senzal-qdd9guv8f4hrh3xx4ntfdieetiro424b2tyq6ifcxg.png","type":"image\/png"}],"twitter_card":"summary_large_image","twitter_misc":{"Dur\u00e9e de lecture estim\u00e9e":"1 minute"},"schema":{"@context":"https:\/\/schema.org","@graph":[{"@type":"WebPage","@id":"https:\/\/geoclimate.ge\/fr\/produit\/evaporators-for-spiral-freezing-tunnels\/","url":"https:\/\/geoclimate.ge\/fr\/produit\/evaporators-for-spiral-freezing-tunnels\/","name":"\u00c9vaporateurs pour tunnels de surg\u00e9lation en spirale - GeoClimate.ge","isPartOf":{"@id":"https:\/\/geoclimate.ge\/#website"},"primaryImageOfPage":{"@id":"https:\/\/geoclimate.ge\/fr\/produit\/evaporators-for-spiral-freezing-tunnels\/#primaryimage"},"image":{"@id":"https:\/\/geoclimate.ge\/fr\/produit\/evaporators-for-spiral-freezing-tunnels\/#primaryimage"},"thumbnailUrl":"https:\/\/geoclimate.ge\/wp-content\/uploads\/2025\/05\/Evaporators-For-Spiral-Freezing-Tunnels_senzal-qdd9guv8f4hrh3xx4ntfdieetiro424b2tyq6ifcxg.png","datePublished":"2025-05-25T10:53:42+00:00","dateModified":"2025-05-25T10:56:49+00:00","breadcrumb":{"@id":"https:\/\/geoclimate.ge\/fr\/produit\/evaporators-for-spiral-freezing-tunnels\/#breadcrumb"},"inLanguage":"fr-FR","potentialAction":[{"@type":"ReadAction","target":["https:\/\/geoclimate.ge\/fr\/produit\/evaporators-for-spiral-freezing-tunnels\/"]}]},{"@type":"ImageObject","inLanguage":"fr-FR","@id":"https:\/\/geoclimate.ge\/fr\/produit\/evaporators-for-spiral-freezing-tunnels\/#primaryimage","url":"https:\/\/geoclimate.ge\/wp-content\/uploads\/2025\/05\/Evaporators-For-Spiral-Freezing-Tunnels_senzal-qdd9guv8f4hrh3xx4ntfdieetiro424b2tyq6ifcxg.png","contentUrl":"https:\/\/geoclimate.ge\/wp-content\/uploads\/2025\/05\/Evaporators-For-Spiral-Freezing-Tunnels_senzal-qdd9guv8f4hrh3xx4ntfdieetiro424b2tyq6ifcxg.png","width":700,"height":466},{"@type":"BreadcrumbList","@id":"https:\/\/geoclimate.ge\/fr\/produit\/evaporators-for-spiral-freezing-tunnels\/#breadcrumb","itemListElement":[{"@type":"ListItem","position":1,"name":"Home","item":"https:\/\/geoclimate.ge\/fr\/"},{"@type":"ListItem","position":2,"name":"Products","item":"https:\/\/geoclimate.ge\/fr\/products\/"},{"@type":"ListItem","position":3,"name":"\u00c9vaporateurs pour tunnels de surg\u00e9lation en spirale"}]},{"@type":"WebSite","@id":"https:\/\/geoclimate.ge\/#website","url":"https:\/\/geoclimate.ge\/","name":"GeoClimate","description":"","publisher":{"@id":"https:\/\/geoclimate.ge\/#organization"},"potentialAction":[{"@type":"SearchAction","target":{"@type":"EntryPoint","urlTemplate":"https:\/\/geoclimate.ge\/?s={search_term_string}"},"query-input":{"@type":"PropertyValueSpecification","valueRequired":true,"valueName":"search_term_string"}}],"inLanguage":"fr-FR"},{"@type":"Organization","@id":"https:\/\/geoclimate.ge\/#organization","name":"GeoClimate","url":"https:\/\/geoclimate.ge\/","logo":{"@type":"ImageObject","inLanguage":"fr-FR","@id":"https:\/\/geoclimate.ge\/#\/schema\/logo\/image\/","url":"https:\/\/geoclimate.ge\/wp-content\/uploads\/2026\/03\/geoclimate-SEO.png","contentUrl":"https:\/\/geoclimate.ge\/wp-content\/uploads\/2026\/03\/geoclimate-SEO.png","width":1536,"height":1024,"caption":"GeoClimate"},"image":{"@id":"https:\/\/geoclimate.ge\/#\/schema\/logo\/image\/"}}]}},"_links":{"self":[{"href":"https:\/\/geoclimate.ge\/fr\/wp-json\/wp\/v2\/product\/33091","targetHints":{"allow":["GET"]}}],"collection":[{"href":"https:\/\/geoclimate.ge\/fr\/wp-json\/wp\/v2\/product"}],"about":[{"href":"https:\/\/geoclimate.ge\/fr\/wp-json\/wp\/v2\/types\/product"}],"wp:featuredmedia":[{"embeddable":true,"href":"https:\/\/geoclimate.ge\/fr\/wp-json\/wp\/v2\/media\/33086"}],"wp:attachment":[{"href":"https:\/\/geoclimate.ge\/fr\/wp-json\/wp\/v2\/media?parent=33091"}],"wp:term":[{"taxonomy":"product_brand","embeddable":true,"href":"https:\/\/geoclimate.ge\/fr\/wp-json\/wp\/v2\/product_brand?post=33091"},{"taxonomy":"product_cat","embeddable":true,"href":"https:\/\/geoclimate.ge\/fr\/wp-json\/wp\/v2\/product_cat?post=33091"},{"taxonomy":"product_tag","embeddable":true,"href":"https:\/\/geoclimate.ge\/fr\/wp-json\/wp\/v2\/product_tag?post=33091"}],"curies":[{"name":"wp","href":"https:\/\/api.w.org\/{rel}","templated":true}]}}