{"id":33105,"date":"2025-05-25T15:03:26","date_gmt":"2025-05-25T11:03:26","guid":{"rendered":"https:\/\/airsystems.ge\/shop\/product\/evaporators-for-static-tunnels\/"},"modified":"2025-05-25T15:07:33","modified_gmt":"2025-05-25T11:07:33","slug":"evaporators-for-static-tunnels","status":"publish","type":"product","link":"https:\/\/geoclimate.ge\/fr\/produit\/evaporators-for-static-tunnels\/","title":{"rendered":"\u00c9vaporateurs pour tunnels statiques"},"content":{"rendered":"<div class=\"elementor-element elementor-element-70da8153 elementor-widget elementor-widget-theme-page-title elementor-page-title elementor-widget-heading\" data-id=\"70da8153\" data-element_type=\"widget\" data-widget_type=\"theme-page-title.default\">\n<div class=\"elementor-widget-container\">\n<p><strong>Caract\u00e9ristiques<\/strong><\/p>\n<p>G\u00e9om\u00e9trie du tube\u00a0: Tube 5\/8\u2033 50\u00d750 en ligne<br \/>\nMat\u00e9riau du tube\u00a0: Acier inoxydable AISI 304 (ou AISI 316 sur demande)<br \/>\nAilettes ondul\u00e9es en aluminium (0,25\u00a0mm d\u2019\u00e9paisseur) pour turbulencer l\u2019air traversant le serpentin et augmenter le transfert thermique<br \/>\nVis en acier inoxydable<br \/>\nCarrosserie en aluminium thermolaqu\u00e9 blanc<br \/>\nPanneaux lat\u00e9raux amovibles. Acc\u00e8s facile aux raccords de liquide de refroidissement<br \/>\nCuve isol\u00e9e en polyur\u00e9thane de s\u00e9rie pour \u00e9viter la condensation. Cuve enti\u00e8rement fabriqu\u00e9e en PRV (polyester renforc\u00e9 de fibres de verre), un mat\u00e9riau l\u00e9ger et r\u00e9sistant, rigide, r\u00e9sistant \u00e0 la corrosion et offrant une excellente isolation thermique, acoustique et \u00e9lectrique.<br \/>\nVentilateurs axiaux \u00e0 rotor externe avec moteurs IP54<br \/>\nPieds de support r\u00e9glables en hauteur<br \/>\nL&rsquo;\u00e9quipement est livr\u00e9 pressuris\u00e9 et \u00e9quip\u00e9 de valves Schrader +.<\/p>\n<p><strong>Accessoires<\/strong><\/p>\n<p>D\u00e9givrage par gaz chaud dans la cuve avec clapet anti-retour install\u00e9 (en option)<br \/>\nD\u00e9givrage \u00e0 eau<br \/>\nD\u00e9givrage \u00e9lectrique dans la batterie et\/ou la cuve<br \/>\nD\u00e9givrage mixte<br \/>\nAnneaux chauffants sur les ventilateurs<br \/>\nVentilateurs avec moteurs \u00e9lectriques pour ESP sup\u00e9rieure \u00e0 200 Pa<br \/>\nMoteurs sp\u00e9ciaux<br \/>\nMarches \u00e0 clapet mixtes<br \/>\nT\u00f4les prot\u00e9g\u00e9es par \u00e9poxy<br \/>\nCarrosserie en acier inoxydable<\/p>\n<\/div>\n<\/div>\n","protected":false},"excerpt":{"rendered":"<div class=\"elementor-element elementor-element-70da8153 elementor-widget elementor-widget-theme-page-title elementor-page-title elementor-widget-heading\" data-id=\"70da8153\" data-element_type=\"widget\" data-widget_type=\"theme-page-title.default\">\n<div class=\"elementor-widget-container\">\n<p>SBF<br \/>\nLes \u00e9vaporateurs SBF sont destin\u00e9s \u00e0 \u00eatre install\u00e9s dans des tunnels statiques de petite et moyenne taille, notamment pour la cong\u00e9lation rapide du pain sur chariots ou applications similaires.<\/p>\n<p>Fabriqu\u00e9s avec un tube en acier inoxydable et des ailettes en aluminium (Inox\/Al). Compatibles avec tous les fluides frigorig\u00e8nes (NH\u2083, CO\u2082, glycol, HFC, etc.). Conception modulaire de 2 \u00e0 8 ventilateurs axiaux (\u00d8630). Pas des ailettes\u00a0: 7-9-10-11-12\u00a0mm.<\/p>\n<\/div>\n<\/div>\n","protected":false},"featured_media":33100,"template":"","meta":[],"product_brand":[],"product_cat":[682,1642],"product_tag":[],"class_list":{"0":"post-33105","1":"product","2":"type-product","3":"status-publish","4":"has-post-thumbnail","6":"product_cat-climatiseurs-fr-industriels","7":"product_cat-evaporateur","9":"first","10":"instock","11":"shipping-taxable","12":"product-type-simple"},"yoast_head":"<!-- This site is optimized with the Yoast SEO plugin v27.1.1 - https:\/\/yoast.com\/product\/yoast-seo-wordpress\/ -->\n<title>\u00c9vaporateurs pour tunnels statiques - GeoClimate.ge<\/title>\n<meta name=\"robots\" content=\"index, follow, max-snippet:-1, max-image-preview:large, max-video-preview:-1\" \/>\n<link rel=\"canonical\" href=\"https:\/\/geoclimate.ge\/fr\/produit\/evaporators-for-static-tunnels\/\" \/>\n<meta property=\"og:locale\" content=\"fr_FR\" \/>\n<meta property=\"og:type\" content=\"article\" \/>\n<meta property=\"og:title\" content=\"\u00c9vaporateurs pour tunnels statiques - GeoClimate.ge\" \/>\n<meta property=\"og:description\" content=\"SBF Les \u00e9vaporateurs SBF sont destin\u00e9s \u00e0 \u00eatre install\u00e9s dans des tunnels statiques de petite et moyenne taille, notamment pour la cong\u00e9lation rapide du pain sur chariots ou applications similaires.  Fabriqu\u00e9s avec un tube en acier inoxydable et des ailettes en aluminium (Inox\/Al). Compatibles avec tous les fluides frigorig\u00e8nes (NH\u2083, CO\u2082, glycol, HFC, etc.). Conception modulaire de 2 \u00e0 8 ventilateurs axiaux (\u00d8630). Pas des ailettes\u00a0: 7-9-10-11-12\u00a0mm.\" \/>\n<meta property=\"og:url\" content=\"https:\/\/geoclimate.ge\/fr\/produit\/evaporators-for-static-tunnels\/\" \/>\n<meta property=\"og:site_name\" content=\"GeoClimate.ge\" \/>\n<meta property=\"article:modified_time\" content=\"2025-05-25T11:07:33+00:00\" \/>\n<meta property=\"og:image\" content=\"https:\/\/geoclimate.ge\/wp-content\/uploads\/2025\/05\/Evaporators-For-Static-Tunnels-qdd9h1g3qyqrqdod28ntcyqmz7v8lxuffqj4jg5lpw.png\" \/>\n\t<meta property=\"og:image:width\" content=\"700\" \/>\n\t<meta property=\"og:image:height\" content=\"466\" \/>\n\t<meta property=\"og:image:type\" content=\"image\/png\" \/>\n<meta name=\"twitter:card\" content=\"summary_large_image\" \/>\n<meta name=\"twitter:label1\" content=\"Dur\u00e9e de lecture estim\u00e9e\" \/>\n\t<meta name=\"twitter:data1\" content=\"1 minute\" \/>\n<script type=\"application\/ld+json\" class=\"yoast-schema-graph\">{\"@context\":\"https:\/\/schema.org\",\"@graph\":[{\"@type\":\"WebPage\",\"@id\":\"https:\/\/geoclimate.ge\/fr\/produit\/evaporators-for-static-tunnels\/\",\"url\":\"https:\/\/geoclimate.ge\/fr\/produit\/evaporators-for-static-tunnels\/\",\"name\":\"\u00c9vaporateurs pour tunnels statiques - GeoClimate.ge\",\"isPartOf\":{\"@id\":\"https:\/\/geoclimate.ge\/#website\"},\"primaryImageOfPage\":{\"@id\":\"https:\/\/geoclimate.ge\/fr\/produit\/evaporators-for-static-tunnels\/#primaryimage\"},\"image\":{\"@id\":\"https:\/\/geoclimate.ge\/fr\/produit\/evaporators-for-static-tunnels\/#primaryimage\"},\"thumbnailUrl\":\"https:\/\/geoclimate.ge\/wp-content\/uploads\/2025\/05\/Evaporators-For-Static-Tunnels-qdd9h1g3qyqrqdod28ntcyqmz7v8lxuffqj4jg5lpw.png\",\"datePublished\":\"2025-05-25T11:03:26+00:00\",\"dateModified\":\"2025-05-25T11:07:33+00:00\",\"breadcrumb\":{\"@id\":\"https:\/\/geoclimate.ge\/fr\/produit\/evaporators-for-static-tunnels\/#breadcrumb\"},\"inLanguage\":\"fr-FR\",\"potentialAction\":[{\"@type\":\"ReadAction\",\"target\":[\"https:\/\/geoclimate.ge\/fr\/produit\/evaporators-for-static-tunnels\/\"]}]},{\"@type\":\"ImageObject\",\"inLanguage\":\"fr-FR\",\"@id\":\"https:\/\/geoclimate.ge\/fr\/produit\/evaporators-for-static-tunnels\/#primaryimage\",\"url\":\"https:\/\/geoclimate.ge\/wp-content\/uploads\/2025\/05\/Evaporators-For-Static-Tunnels-qdd9h1g3qyqrqdod28ntcyqmz7v8lxuffqj4jg5lpw.png\",\"contentUrl\":\"https:\/\/geoclimate.ge\/wp-content\/uploads\/2025\/05\/Evaporators-For-Static-Tunnels-qdd9h1g3qyqrqdod28ntcyqmz7v8lxuffqj4jg5lpw.png\",\"width\":700,\"height\":466},{\"@type\":\"BreadcrumbList\",\"@id\":\"https:\/\/geoclimate.ge\/fr\/produit\/evaporators-for-static-tunnels\/#breadcrumb\",\"itemListElement\":[{\"@type\":\"ListItem\",\"position\":1,\"name\":\"Home\",\"item\":\"https:\/\/geoclimate.ge\/fr\/\"},{\"@type\":\"ListItem\",\"position\":2,\"name\":\"Products\",\"item\":\"https:\/\/geoclimate.ge\/fr\/products\/\"},{\"@type\":\"ListItem\",\"position\":3,\"name\":\"\u00c9vaporateurs pour tunnels statiques\"}]},{\"@type\":\"WebSite\",\"@id\":\"https:\/\/geoclimate.ge\/#website\",\"url\":\"https:\/\/geoclimate.ge\/\",\"name\":\"GeoClimate\",\"description\":\"\",\"publisher\":{\"@id\":\"https:\/\/geoclimate.ge\/#organization\"},\"potentialAction\":[{\"@type\":\"SearchAction\",\"target\":{\"@type\":\"EntryPoint\",\"urlTemplate\":\"https:\/\/geoclimate.ge\/?s={search_term_string}\"},\"query-input\":{\"@type\":\"PropertyValueSpecification\",\"valueRequired\":true,\"valueName\":\"search_term_string\"}}],\"inLanguage\":\"fr-FR\"},{\"@type\":\"Organization\",\"@id\":\"https:\/\/geoclimate.ge\/#organization\",\"name\":\"GeoClimate\",\"url\":\"https:\/\/geoclimate.ge\/\",\"logo\":{\"@type\":\"ImageObject\",\"inLanguage\":\"fr-FR\",\"@id\":\"https:\/\/geoclimate.ge\/#\/schema\/logo\/image\/\",\"url\":\"https:\/\/geoclimate.ge\/wp-content\/uploads\/2026\/03\/geoclimate-SEO.png\",\"contentUrl\":\"https:\/\/geoclimate.ge\/wp-content\/uploads\/2026\/03\/geoclimate-SEO.png\",\"width\":1536,\"height\":1024,\"caption\":\"GeoClimate\"},\"image\":{\"@id\":\"https:\/\/geoclimate.ge\/#\/schema\/logo\/image\/\"}}]}<\/script>\n<!-- \/ Yoast SEO plugin. -->","yoast_head_json":{"title":"\u00c9vaporateurs pour tunnels statiques - GeoClimate.ge","robots":{"index":"index","follow":"follow","max-snippet":"max-snippet:-1","max-image-preview":"max-image-preview:large","max-video-preview":"max-video-preview:-1"},"canonical":"https:\/\/geoclimate.ge\/fr\/produit\/evaporators-for-static-tunnels\/","og_locale":"fr_FR","og_type":"article","og_title":"\u00c9vaporateurs pour tunnels statiques - GeoClimate.ge","og_description":"SBF Les \u00e9vaporateurs SBF sont destin\u00e9s \u00e0 \u00eatre install\u00e9s dans des tunnels statiques de petite et moyenne taille, notamment pour la cong\u00e9lation rapide du pain sur chariots ou applications similaires.  Fabriqu\u00e9s avec un tube en acier inoxydable et des ailettes en aluminium (Inox\/Al). Compatibles avec tous les fluides frigorig\u00e8nes (NH\u2083, CO\u2082, glycol, HFC, etc.). Conception modulaire de 2 \u00e0 8 ventilateurs axiaux (\u00d8630). Pas des ailettes\u00a0: 7-9-10-11-12\u00a0mm.","og_url":"https:\/\/geoclimate.ge\/fr\/produit\/evaporators-for-static-tunnels\/","og_site_name":"GeoClimate.ge","article_modified_time":"2025-05-25T11:07:33+00:00","og_image":[{"width":700,"height":466,"url":"https:\/\/geoclimate.ge\/wp-content\/uploads\/2025\/05\/Evaporators-For-Static-Tunnels-qdd9h1g3qyqrqdod28ntcyqmz7v8lxuffqj4jg5lpw.png","type":"image\/png"}],"twitter_card":"summary_large_image","twitter_misc":{"Dur\u00e9e de lecture estim\u00e9e":"1 minute"},"schema":{"@context":"https:\/\/schema.org","@graph":[{"@type":"WebPage","@id":"https:\/\/geoclimate.ge\/fr\/produit\/evaporators-for-static-tunnels\/","url":"https:\/\/geoclimate.ge\/fr\/produit\/evaporators-for-static-tunnels\/","name":"\u00c9vaporateurs pour tunnels statiques - GeoClimate.ge","isPartOf":{"@id":"https:\/\/geoclimate.ge\/#website"},"primaryImageOfPage":{"@id":"https:\/\/geoclimate.ge\/fr\/produit\/evaporators-for-static-tunnels\/#primaryimage"},"image":{"@id":"https:\/\/geoclimate.ge\/fr\/produit\/evaporators-for-static-tunnels\/#primaryimage"},"thumbnailUrl":"https:\/\/geoclimate.ge\/wp-content\/uploads\/2025\/05\/Evaporators-For-Static-Tunnels-qdd9h1g3qyqrqdod28ntcyqmz7v8lxuffqj4jg5lpw.png","datePublished":"2025-05-25T11:03:26+00:00","dateModified":"2025-05-25T11:07:33+00:00","breadcrumb":{"@id":"https:\/\/geoclimate.ge\/fr\/produit\/evaporators-for-static-tunnels\/#breadcrumb"},"inLanguage":"fr-FR","potentialAction":[{"@type":"ReadAction","target":["https:\/\/geoclimate.ge\/fr\/produit\/evaporators-for-static-tunnels\/"]}]},{"@type":"ImageObject","inLanguage":"fr-FR","@id":"https:\/\/geoclimate.ge\/fr\/produit\/evaporators-for-static-tunnels\/#primaryimage","url":"https:\/\/geoclimate.ge\/wp-content\/uploads\/2025\/05\/Evaporators-For-Static-Tunnels-qdd9h1g3qyqrqdod28ntcyqmz7v8lxuffqj4jg5lpw.png","contentUrl":"https:\/\/geoclimate.ge\/wp-content\/uploads\/2025\/05\/Evaporators-For-Static-Tunnels-qdd9h1g3qyqrqdod28ntcyqmz7v8lxuffqj4jg5lpw.png","width":700,"height":466},{"@type":"BreadcrumbList","@id":"https:\/\/geoclimate.ge\/fr\/produit\/evaporators-for-static-tunnels\/#breadcrumb","itemListElement":[{"@type":"ListItem","position":1,"name":"Home","item":"https:\/\/geoclimate.ge\/fr\/"},{"@type":"ListItem","position":2,"name":"Products","item":"https:\/\/geoclimate.ge\/fr\/products\/"},{"@type":"ListItem","position":3,"name":"\u00c9vaporateurs pour tunnels statiques"}]},{"@type":"WebSite","@id":"https:\/\/geoclimate.ge\/#website","url":"https:\/\/geoclimate.ge\/","name":"GeoClimate","description":"","publisher":{"@id":"https:\/\/geoclimate.ge\/#organization"},"potentialAction":[{"@type":"SearchAction","target":{"@type":"EntryPoint","urlTemplate":"https:\/\/geoclimate.ge\/?s={search_term_string}"},"query-input":{"@type":"PropertyValueSpecification","valueRequired":true,"valueName":"search_term_string"}}],"inLanguage":"fr-FR"},{"@type":"Organization","@id":"https:\/\/geoclimate.ge\/#organization","name":"GeoClimate","url":"https:\/\/geoclimate.ge\/","logo":{"@type":"ImageObject","inLanguage":"fr-FR","@id":"https:\/\/geoclimate.ge\/#\/schema\/logo\/image\/","url":"https:\/\/geoclimate.ge\/wp-content\/uploads\/2026\/03\/geoclimate-SEO.png","contentUrl":"https:\/\/geoclimate.ge\/wp-content\/uploads\/2026\/03\/geoclimate-SEO.png","width":1536,"height":1024,"caption":"GeoClimate"},"image":{"@id":"https:\/\/geoclimate.ge\/#\/schema\/logo\/image\/"}}]}},"_links":{"self":[{"href":"https:\/\/geoclimate.ge\/fr\/wp-json\/wp\/v2\/product\/33105","targetHints":{"allow":["GET"]}}],"collection":[{"href":"https:\/\/geoclimate.ge\/fr\/wp-json\/wp\/v2\/product"}],"about":[{"href":"https:\/\/geoclimate.ge\/fr\/wp-json\/wp\/v2\/types\/product"}],"wp:featuredmedia":[{"embeddable":true,"href":"https:\/\/geoclimate.ge\/fr\/wp-json\/wp\/v2\/media\/33100"}],"wp:attachment":[{"href":"https:\/\/geoclimate.ge\/fr\/wp-json\/wp\/v2\/media?parent=33105"}],"wp:term":[{"taxonomy":"product_brand","embeddable":true,"href":"https:\/\/geoclimate.ge\/fr\/wp-json\/wp\/v2\/product_brand?post=33105"},{"taxonomy":"product_cat","embeddable":true,"href":"https:\/\/geoclimate.ge\/fr\/wp-json\/wp\/v2\/product_cat?post=33105"},{"taxonomy":"product_tag","embeddable":true,"href":"https:\/\/geoclimate.ge\/fr\/wp-json\/wp\/v2\/product_tag?post=33105"}],"curies":[{"name":"wp","href":"https:\/\/api.w.org\/{rel}","templated":true}]}}