{"id":33237,"date":"2025-05-25T15:44:04","date_gmt":"2025-05-25T11:44:04","guid":{"rendered":"https:\/\/airsystems.ge\/shop\/product\/dual-discharge\/"},"modified":"2025-05-25T15:46:26","modified_gmt":"2025-05-25T11:46:26","slug":"dual-discharge","status":"publish","type":"product","link":"https:\/\/geoclimate.ge\/fr\/produit\/dual-discharge\/","title":{"rendered":"Double d\u00e9charge"},"content":{"rendered":"<div id=\"page\" class=\"site\">\n<div id=\"content\" class=\"site-content\" data-mobile-menu-resolution=\"868\">\n<div class=\"elementor elementor-15803 elementor-location-single post-14804 product type-product status-publish has-post-thumbnail hentry\" data-elementor-type=\"single-post\" data-elementor-id=\"15803\" data-elementor-post-type=\"elementor_library\">\n<div class=\"elementor-element elementor-element-4182285c e-con-full e-flex e-con e-parent e-lazyloaded\" data-id=\"4182285c\" data-element_type=\"container\">\n<div class=\"elementor-element elementor-element-27029276 e-con-full e-flex e-con e-child\" data-id=\"27029276\" data-element_type=\"container\">\n<div class=\"elementor-element elementor-element-427e8a79 e-flex e-con-boxed e-con e-child\" data-id=\"427e8a79\" data-element_type=\"container\">\n<div class=\"e-con-inner\">\n<div class=\"elementor-element elementor-element-6e19ed90 hidebutton mc-bl elementor-align-left elementor-widget elementor-widget-button\" data-id=\"6e19ed90\" data-element_type=\"widget\" data-widget_type=\"button.default\">\n<div class=\"elementor-widget-container\">\n<div class=\"elementor-button-wrapper\"><a class=\"elementor-button elementor-button-link elementor-size-sm\" href=\"https:\/\/www.enextechnologies.com\/wp-content\/uploads\/2024\/08\/XR-XC.pdf\" target=\"_blank\" rel=\"noopener\"><span class=\"elementor-button-content-wrapper\"><span class=\"elementor-button-text\">DOWNLOAD<\/span><\/span><\/a><\/div>\n<\/div>\n<\/div>\n<\/div>\n<\/div>\n<\/div>\n<\/div>\n<\/div>\n<\/div>\n<\/div>\n","protected":false},"excerpt":{"rendered":"<div class=\"elementor-element elementor-element-f80f489 elementor-widget elementor-widget-heading\" data-id=\"f80f489\" data-element_type=\"widget\" data-widget_type=\"heading.default\">\n<div class=\"elementor-widget-container\">\n<div class=\"elementor-heading-title elementor-size-default\">\n<p>XR &#8211; XC &#8211; \u00c9vaporateur \u00e0 double d\u00e9charge<br \/>\nXR &#8211; XC<br \/>\nLes \u00e9vaporateurs Kobol ont \u00e9t\u00e9 d\u00e9velopp\u00e9s pour les petites installations comme pour les installations industrielles, garantissant une puissance frigorifique de 0,7 kW \u00e0 168,5 kW. Nous proposons plus de 200 mod\u00e8les pour aider nos clients \u00e0 choisir le meilleur choix pour chaque segment de refroidissement et chaque application. Tous nos \u00e9vaporateurs utilisent des composants de haute qualit\u00e9 qui garantissent une longue dur\u00e9e de vie et des performances \u00e9lev\u00e9es en toutes circonstances. Prot\u00e9g\u00e9s contre la corrosion, ils sont disponibles en diff\u00e9rentes finitions et peuvent \u00eatre con\u00e7us pour fonctionner comme refroidisseurs de saumure avec de l&rsquo;eau glycol\u00e9e et pour les \u00e9vaporateurs au CO\u2082.<\/p>\n<p>Notre gamme \u00e0 double d\u00e9charge est con\u00e7ue pour les applications de refroidissement et de cong\u00e9lation. Elle comprend 12 mod\u00e8les \u00e9quip\u00e9s de ventilateurs \u00e0 deux vitesses, offrant un syst\u00e8me plus confortable et des \u00e9conomies d&rsquo;\u00e9nergie.<\/p>\n<\/div>\n<\/div>\n<\/div>\n","protected":false},"featured_media":33220,"template":"","meta":[],"product_brand":[],"product_cat":[682,1642],"product_tag":[],"class_list":{"0":"post-33237","1":"product","2":"type-product","3":"status-publish","4":"has-post-thumbnail","6":"product_cat-climatiseurs-fr-industriels","7":"product_cat-evaporateur","9":"first","10":"instock","11":"shipping-taxable","12":"product-type-simple"},"yoast_head":"<!-- This site is optimized with the Yoast SEO plugin v27.1.1 - https:\/\/yoast.com\/product\/yoast-seo-wordpress\/ -->\n<title>Double d\u00e9charge - GeoClimate.ge<\/title>\n<meta name=\"robots\" content=\"index, follow, max-snippet:-1, max-image-preview:large, max-video-preview:-1\" \/>\n<link rel=\"canonical\" href=\"https:\/\/geoclimate.ge\/fr\/produit\/dual-discharge\/\" \/>\n<meta property=\"og:locale\" content=\"fr_FR\" \/>\n<meta property=\"og:type\" content=\"article\" \/>\n<meta property=\"og:title\" content=\"Double d\u00e9charge - GeoClimate.ge\" \/>\n<meta property=\"og:description\" content=\"XR - XC - \u00c9vaporateur \u00e0 double d\u00e9charge XR - XC Les \u00e9vaporateurs Kobol ont \u00e9t\u00e9 d\u00e9velopp\u00e9s pour les petites installations comme pour les installations industrielles, garantissant une puissance frigorifique de 0,7 kW \u00e0 168,5 kW. Nous proposons plus de 200 mod\u00e8les pour aider nos clients \u00e0 choisir le meilleur choix pour chaque segment de refroidissement et chaque application. Tous nos \u00e9vaporateurs utilisent des composants de haute qualit\u00e9 qui garantissent une longue dur\u00e9e de vie et des performances \u00e9lev\u00e9es en toutes circonstances. Prot\u00e9g\u00e9s contre la corrosion, ils sont disponibles en diff\u00e9rentes finitions et peuvent \u00eatre con\u00e7us pour fonctionner comme refroidisseurs de saumure avec de l&#039;eau glycol\u00e9e et pour les \u00e9vaporateurs au CO\u2082.  Notre gamme \u00e0 double d\u00e9charge est con\u00e7ue pour les applications de refroidissement et de cong\u00e9lation. Elle comprend 12 mod\u00e8les \u00e9quip\u00e9s de ventilateurs \u00e0 deux vitesses, offrant un syst\u00e8me plus confortable et des \u00e9conomies d&#039;\u00e9nergie.\" \/>\n<meta property=\"og:url\" content=\"https:\/\/geoclimate.ge\/fr\/produit\/dual-discharge\/\" \/>\n<meta property=\"og:site_name\" content=\"GeoClimate.ge\" \/>\n<meta property=\"article:modified_time\" content=\"2025-05-25T11:46:26+00:00\" \/>\n<meta property=\"og:image\" content=\"https:\/\/geoclimate.ge\/wp-content\/uploads\/2025\/05\/doble_flujo_main.png\" \/>\n\t<meta property=\"og:image:width\" content=\"1280\" \/>\n\t<meta property=\"og:image:height\" content=\"508\" \/>\n\t<meta property=\"og:image:type\" content=\"image\/png\" \/>\n<meta name=\"twitter:card\" content=\"summary_large_image\" \/>\n<script type=\"application\/ld+json\" class=\"yoast-schema-graph\">{\"@context\":\"https:\/\/schema.org\",\"@graph\":[{\"@type\":\"WebPage\",\"@id\":\"https:\/\/geoclimate.ge\/fr\/produit\/dual-discharge\/\",\"url\":\"https:\/\/geoclimate.ge\/fr\/produit\/dual-discharge\/\",\"name\":\"Double d\u00e9charge - GeoClimate.ge\",\"isPartOf\":{\"@id\":\"https:\/\/geoclimate.ge\/#website\"},\"primaryImageOfPage\":{\"@id\":\"https:\/\/geoclimate.ge\/fr\/produit\/dual-discharge\/#primaryimage\"},\"image\":{\"@id\":\"https:\/\/geoclimate.ge\/fr\/produit\/dual-discharge\/#primaryimage\"},\"thumbnailUrl\":\"https:\/\/geoclimate.ge\/wp-content\/uploads\/2025\/05\/doble_flujo_main.png\",\"datePublished\":\"2025-05-25T11:44:04+00:00\",\"dateModified\":\"2025-05-25T11:46:26+00:00\",\"breadcrumb\":{\"@id\":\"https:\/\/geoclimate.ge\/fr\/produit\/dual-discharge\/#breadcrumb\"},\"inLanguage\":\"fr-FR\",\"potentialAction\":[{\"@type\":\"ReadAction\",\"target\":[\"https:\/\/geoclimate.ge\/fr\/produit\/dual-discharge\/\"]}]},{\"@type\":\"ImageObject\",\"inLanguage\":\"fr-FR\",\"@id\":\"https:\/\/geoclimate.ge\/fr\/produit\/dual-discharge\/#primaryimage\",\"url\":\"https:\/\/geoclimate.ge\/wp-content\/uploads\/2025\/05\/doble_flujo_main.png\",\"contentUrl\":\"https:\/\/geoclimate.ge\/wp-content\/uploads\/2025\/05\/doble_flujo_main.png\",\"width\":1280,\"height\":508},{\"@type\":\"BreadcrumbList\",\"@id\":\"https:\/\/geoclimate.ge\/fr\/produit\/dual-discharge\/#breadcrumb\",\"itemListElement\":[{\"@type\":\"ListItem\",\"position\":1,\"name\":\"Home\",\"item\":\"https:\/\/geoclimate.ge\/fr\/\"},{\"@type\":\"ListItem\",\"position\":2,\"name\":\"Products\",\"item\":\"https:\/\/geoclimate.ge\/fr\/products\/\"},{\"@type\":\"ListItem\",\"position\":3,\"name\":\"Double d\u00e9charge\"}]},{\"@type\":\"WebSite\",\"@id\":\"https:\/\/geoclimate.ge\/#website\",\"url\":\"https:\/\/geoclimate.ge\/\",\"name\":\"GeoClimate\",\"description\":\"\",\"publisher\":{\"@id\":\"https:\/\/geoclimate.ge\/#organization\"},\"potentialAction\":[{\"@type\":\"SearchAction\",\"target\":{\"@type\":\"EntryPoint\",\"urlTemplate\":\"https:\/\/geoclimate.ge\/?s={search_term_string}\"},\"query-input\":{\"@type\":\"PropertyValueSpecification\",\"valueRequired\":true,\"valueName\":\"search_term_string\"}}],\"inLanguage\":\"fr-FR\"},{\"@type\":\"Organization\",\"@id\":\"https:\/\/geoclimate.ge\/#organization\",\"name\":\"GeoClimate\",\"url\":\"https:\/\/geoclimate.ge\/\",\"logo\":{\"@type\":\"ImageObject\",\"inLanguage\":\"fr-FR\",\"@id\":\"https:\/\/geoclimate.ge\/#\/schema\/logo\/image\/\",\"url\":\"https:\/\/geoclimate.ge\/wp-content\/uploads\/2026\/03\/geoclimate-SEO.png\",\"contentUrl\":\"https:\/\/geoclimate.ge\/wp-content\/uploads\/2026\/03\/geoclimate-SEO.png\",\"width\":1536,\"height\":1024,\"caption\":\"GeoClimate\"},\"image\":{\"@id\":\"https:\/\/geoclimate.ge\/#\/schema\/logo\/image\/\"}}]}<\/script>\n<!-- \/ Yoast SEO plugin. -->","yoast_head_json":{"title":"Double d\u00e9charge - GeoClimate.ge","robots":{"index":"index","follow":"follow","max-snippet":"max-snippet:-1","max-image-preview":"max-image-preview:large","max-video-preview":"max-video-preview:-1"},"canonical":"https:\/\/geoclimate.ge\/fr\/produit\/dual-discharge\/","og_locale":"fr_FR","og_type":"article","og_title":"Double d\u00e9charge - GeoClimate.ge","og_description":"XR - XC - \u00c9vaporateur \u00e0 double d\u00e9charge XR - XC Les \u00e9vaporateurs Kobol ont \u00e9t\u00e9 d\u00e9velopp\u00e9s pour les petites installations comme pour les installations industrielles, garantissant une puissance frigorifique de 0,7 kW \u00e0 168,5 kW. Nous proposons plus de 200 mod\u00e8les pour aider nos clients \u00e0 choisir le meilleur choix pour chaque segment de refroidissement et chaque application. Tous nos \u00e9vaporateurs utilisent des composants de haute qualit\u00e9 qui garantissent une longue dur\u00e9e de vie et des performances \u00e9lev\u00e9es en toutes circonstances. Prot\u00e9g\u00e9s contre la corrosion, ils sont disponibles en diff\u00e9rentes finitions et peuvent \u00eatre con\u00e7us pour fonctionner comme refroidisseurs de saumure avec de l'eau glycol\u00e9e et pour les \u00e9vaporateurs au CO\u2082.  Notre gamme \u00e0 double d\u00e9charge est con\u00e7ue pour les applications de refroidissement et de cong\u00e9lation. Elle comprend 12 mod\u00e8les \u00e9quip\u00e9s de ventilateurs \u00e0 deux vitesses, offrant un syst\u00e8me plus confortable et des \u00e9conomies d'\u00e9nergie.","og_url":"https:\/\/geoclimate.ge\/fr\/produit\/dual-discharge\/","og_site_name":"GeoClimate.ge","article_modified_time":"2025-05-25T11:46:26+00:00","og_image":[{"width":1280,"height":508,"url":"https:\/\/geoclimate.ge\/wp-content\/uploads\/2025\/05\/doble_flujo_main.png","type":"image\/png"}],"twitter_card":"summary_large_image","schema":{"@context":"https:\/\/schema.org","@graph":[{"@type":"WebPage","@id":"https:\/\/geoclimate.ge\/fr\/produit\/dual-discharge\/","url":"https:\/\/geoclimate.ge\/fr\/produit\/dual-discharge\/","name":"Double d\u00e9charge - GeoClimate.ge","isPartOf":{"@id":"https:\/\/geoclimate.ge\/#website"},"primaryImageOfPage":{"@id":"https:\/\/geoclimate.ge\/fr\/produit\/dual-discharge\/#primaryimage"},"image":{"@id":"https:\/\/geoclimate.ge\/fr\/produit\/dual-discharge\/#primaryimage"},"thumbnailUrl":"https:\/\/geoclimate.ge\/wp-content\/uploads\/2025\/05\/doble_flujo_main.png","datePublished":"2025-05-25T11:44:04+00:00","dateModified":"2025-05-25T11:46:26+00:00","breadcrumb":{"@id":"https:\/\/geoclimate.ge\/fr\/produit\/dual-discharge\/#breadcrumb"},"inLanguage":"fr-FR","potentialAction":[{"@type":"ReadAction","target":["https:\/\/geoclimate.ge\/fr\/produit\/dual-discharge\/"]}]},{"@type":"ImageObject","inLanguage":"fr-FR","@id":"https:\/\/geoclimate.ge\/fr\/produit\/dual-discharge\/#primaryimage","url":"https:\/\/geoclimate.ge\/wp-content\/uploads\/2025\/05\/doble_flujo_main.png","contentUrl":"https:\/\/geoclimate.ge\/wp-content\/uploads\/2025\/05\/doble_flujo_main.png","width":1280,"height":508},{"@type":"BreadcrumbList","@id":"https:\/\/geoclimate.ge\/fr\/produit\/dual-discharge\/#breadcrumb","itemListElement":[{"@type":"ListItem","position":1,"name":"Home","item":"https:\/\/geoclimate.ge\/fr\/"},{"@type":"ListItem","position":2,"name":"Products","item":"https:\/\/geoclimate.ge\/fr\/products\/"},{"@type":"ListItem","position":3,"name":"Double d\u00e9charge"}]},{"@type":"WebSite","@id":"https:\/\/geoclimate.ge\/#website","url":"https:\/\/geoclimate.ge\/","name":"GeoClimate","description":"","publisher":{"@id":"https:\/\/geoclimate.ge\/#organization"},"potentialAction":[{"@type":"SearchAction","target":{"@type":"EntryPoint","urlTemplate":"https:\/\/geoclimate.ge\/?s={search_term_string}"},"query-input":{"@type":"PropertyValueSpecification","valueRequired":true,"valueName":"search_term_string"}}],"inLanguage":"fr-FR"},{"@type":"Organization","@id":"https:\/\/geoclimate.ge\/#organization","name":"GeoClimate","url":"https:\/\/geoclimate.ge\/","logo":{"@type":"ImageObject","inLanguage":"fr-FR","@id":"https:\/\/geoclimate.ge\/#\/schema\/logo\/image\/","url":"https:\/\/geoclimate.ge\/wp-content\/uploads\/2026\/03\/geoclimate-SEO.png","contentUrl":"https:\/\/geoclimate.ge\/wp-content\/uploads\/2026\/03\/geoclimate-SEO.png","width":1536,"height":1024,"caption":"GeoClimate"},"image":{"@id":"https:\/\/geoclimate.ge\/#\/schema\/logo\/image\/"}}]}},"_links":{"self":[{"href":"https:\/\/geoclimate.ge\/fr\/wp-json\/wp\/v2\/product\/33237","targetHints":{"allow":["GET"]}}],"collection":[{"href":"https:\/\/geoclimate.ge\/fr\/wp-json\/wp\/v2\/product"}],"about":[{"href":"https:\/\/geoclimate.ge\/fr\/wp-json\/wp\/v2\/types\/product"}],"wp:featuredmedia":[{"embeddable":true,"href":"https:\/\/geoclimate.ge\/fr\/wp-json\/wp\/v2\/media\/33220"}],"wp:attachment":[{"href":"https:\/\/geoclimate.ge\/fr\/wp-json\/wp\/v2\/media?parent=33237"}],"wp:term":[{"taxonomy":"product_brand","embeddable":true,"href":"https:\/\/geoclimate.ge\/fr\/wp-json\/wp\/v2\/product_brand?post=33237"},{"taxonomy":"product_cat","embeddable":true,"href":"https:\/\/geoclimate.ge\/fr\/wp-json\/wp\/v2\/product_cat?post=33237"},{"taxonomy":"product_tag","embeddable":true,"href":"https:\/\/geoclimate.ge\/fr\/wp-json\/wp\/v2\/product_tag?post=33237"}],"curies":[{"name":"wp","href":"https:\/\/api.w.org\/{rel}","templated":true}]}}