{"id":33300,"date":"2025-05-25T16:10:09","date_gmt":"2025-05-25T12:10:09","guid":{"rendered":"https:\/\/airsystems.ge\/shop\/product\/cubic-compact-unit-cooler\/"},"modified":"2025-05-25T16:11:54","modified_gmt":"2025-05-25T12:11:54","slug":"cubic-compact-unit-cooler","status":"publish","type":"product","link":"https:\/\/geoclimate.ge\/fr\/produit\/cubic-compact-unit-cooler\/","title":{"rendered":"\u00c9vaporateur cubique compact"},"content":{"rendered":"<div id=\"page\" class=\"site\">\n<div id=\"content\" class=\"site-content\" data-mobile-menu-resolution=\"868\">\n<div class=\"elementor elementor-15803 elementor-location-single post-17708 product type-product status-publish has-post-thumbnail hentry\" data-elementor-type=\"single-post\" data-elementor-id=\"15803\" data-elementor-post-type=\"elementor_library\">\n<div class=\"elementor-element elementor-element-4182285c e-con-full e-flex e-con e-parent e-lazyloaded\" data-id=\"4182285c\" data-element_type=\"container\">\n<div class=\"elementor-element elementor-element-27029276 e-con-full e-flex e-con e-child\" data-id=\"27029276\" data-element_type=\"container\">\n<div class=\"elementor-element elementor-element-427e8a79 e-flex e-con-boxed e-con e-child\" data-id=\"427e8a79\" data-element_type=\"container\">\n<div class=\"e-con-inner\">\n<div class=\"elementor-element elementor-element-6e19ed90 hidebutton mc-bl elementor-align-left elementor-widget elementor-widget-button\" data-id=\"6e19ed90\" data-element_type=\"widget\" data-widget_type=\"button.default\">\n<div class=\"elementor-widget-container\">\n<div class=\"elementor-button-wrapper\"><a class=\"elementor-button elementor-button-link elementor-size-sm\" href=\"https:\/\/www.enextechnologies.com\/wp-content\/uploads\/2024\/09\/One-Pager-CUBIC-UNIT-COOLER-OC-BC-ENG.pdf\" target=\"_blank\" rel=\"noopener\"><span class=\"elementor-button-content-wrapper\"><span class=\"elementor-button-text\">ONE PAGER<\/span><\/span><\/a><\/div>\n<\/div>\n<\/div>\n<div class=\"elementor-element elementor-element-13f5f820 hidebutton mc-bl elementor-align-left elementor-widget elementor-widget-button\" data-id=\"13f5f820\" data-element_type=\"widget\" data-widget_type=\"button.default\">\n<div class=\"elementor-widget-container\">\n<div class=\"elementor-button-wrapper\"><\/div>\n<\/div>\n<\/div>\n<div class=\"elementor-element elementor-element-269c3349 hidebutton mc-bl elementor-align-left elementor-widget elementor-widget-button\" data-id=\"269c3349\" data-element_type=\"widget\" data-widget_type=\"button.default\">\n<div class=\"elementor-widget-container\">\n<div class=\"elementor-button-wrapper\"><\/div>\n<\/div>\n<\/div>\n<div class=\"elementor-element elementor-element-650600af hidebutton mc-bl elementor-align-left elementor-widget elementor-widget-button\" data-id=\"650600af\" data-element_type=\"widget\" data-widget_type=\"button.default\">\n<div class=\"elementor-widget-container\">\n<div class=\"elementor-button-wrapper\"><\/div>\n<\/div>\n<\/div>\n<div class=\"elementor-element elementor-element-31c5280e hidebutton mc-bl elementor-align-left elementor-widget elementor-widget-button\" data-id=\"31c5280e\" data-element_type=\"widget\" data-widget_type=\"button.default\">\n<div class=\"elementor-widget-container\">\n<div class=\"elementor-button-wrapper\"><\/div>\n<\/div>\n<\/div>\n<\/div>\n<\/div>\n<\/div>\n<\/div>\n<\/div>\n<\/div>\n<\/div>\n<div class=\"clb-popup container-loading custom-popup hidden\">\n<div class=\"close-bar\"><\/div>\n<div class=\"clb-popup-holder\"><\/div>\n<\/div>\n<div class=\"wpc-filters-overlay\"><\/div>\n","protected":false},"excerpt":{"rendered":"<div class=\"elementor-element elementor-element-f80f489 elementor-widget elementor-widget-heading\" data-id=\"f80f489\" data-element_type=\"widget\" data-widget_type=\"heading.default\">\n<div class=\"elementor-widget-container\">\n<div class=\"elementor-heading-title elementor-size-default\">\n<p>OC \/ BC\u00a0: \u00c9vaporateurs cubiques de CO2 et de saumure<br \/>\nOC<br \/>\nLes unit\u00e9s cubiques ENEX sont id\u00e9ales pour les chambres froides de petite et moyenne taille, pour les applications de refroidissement et de cong\u00e9lation. Elles peuvent \u00eatre utilis\u00e9es avec un syst\u00e8me \u00e0 d\u00e9tente directe R744 hautement durable ou une boucle de saumure.<\/p>\n<p>CARACT\u00c9RISTIQUES<\/p>\n<p>Batterie \u00e0 ailettes\u00a0: Tubes en cuivre rainur\u00e9s (\u00d8 3\/8&Prime;) et ailettes en aluminium ondul\u00e9, fabriqu\u00e9es selon les sp\u00e9cifications CUPROCLIMA\u00ae<br \/>\nVentilateurs\u00a0: Moteurs de ventilateur AC de s\u00e9rie<br \/>\nMoteurs axiaux monophas\u00e9s (230\u00a0V I 50\/60\u00a0Hz)<br \/>\nConformes \u00e0 la directive ErP. \u00d8 250\/350\u00a0mm<br \/>\nCarrosserie\u00a0: Aluminium pr\u00e9laqu\u00e9, pour une protection \u00e9lev\u00e9e contre la corrosion, m\u00eame dans des conditions environnementales extr\u00eames. Conforme aux normes d&rsquo;hygi\u00e8ne alimentaire les plus strictes<br \/>\nPression de conception\u00a0: PS = 60-80\u00a0bars PT = 86-115\u00a0bars<\/p>\n<\/div>\n<\/div>\n<\/div>\n","protected":false},"featured_media":33295,"template":"","meta":[],"product_brand":[],"product_cat":[682,1642],"product_tag":[],"class_list":{"0":"post-33300","1":"product","2":"type-product","3":"status-publish","4":"has-post-thumbnail","6":"product_cat-climatiseurs-fr-industriels","7":"product_cat-evaporateur","9":"first","10":"instock","11":"shipping-taxable","12":"product-type-simple"},"yoast_head":"<!-- This site is optimized with the Yoast SEO plugin v27.1.1 - https:\/\/yoast.com\/product\/yoast-seo-wordpress\/ -->\n<title>\u00c9vaporateur cubique compact - GeoClimate.ge<\/title>\n<meta name=\"robots\" content=\"index, follow, max-snippet:-1, max-image-preview:large, max-video-preview:-1\" \/>\n<link rel=\"canonical\" href=\"https:\/\/geoclimate.ge\/fr\/produit\/cubic-compact-unit-cooler\/\" \/>\n<meta property=\"og:locale\" content=\"fr_FR\" \/>\n<meta property=\"og:type\" content=\"article\" \/>\n<meta property=\"og:title\" content=\"\u00c9vaporateur cubique compact - GeoClimate.ge\" \/>\n<meta property=\"og:description\" content=\"OC \/ BC\u00a0: \u00c9vaporateurs cubiques de CO2 et de saumure OC Les unit\u00e9s cubiques ENEX sont id\u00e9ales pour les chambres froides de petite et moyenne taille, pour les applications de refroidissement et de cong\u00e9lation. Elles peuvent \u00eatre utilis\u00e9es avec un syst\u00e8me \u00e0 d\u00e9tente directe R744 hautement durable ou une boucle de saumure.  CARACT\u00c9RISTIQUES  Batterie \u00e0 ailettes\u00a0: Tubes en cuivre rainur\u00e9s (\u00d8 3\/8&quot;) et ailettes en aluminium ondul\u00e9, fabriqu\u00e9es selon les sp\u00e9cifications CUPROCLIMA\u00ae Ventilateurs\u00a0: Moteurs de ventilateur AC de s\u00e9rie Moteurs axiaux monophas\u00e9s (230\u00a0V I 50\/60\u00a0Hz) Conformes \u00e0 la directive ErP. \u00d8 250\/350\u00a0mm Carrosserie\u00a0: Aluminium pr\u00e9laqu\u00e9, pour une protection \u00e9lev\u00e9e contre la corrosion, m\u00eame dans des conditions environnementales extr\u00eames. Conforme aux normes d&#039;hygi\u00e8ne alimentaire les plus strictes Pression de conception\u00a0: PS = 60-80\u00a0bars PT = 86-115\u00a0bars\" \/>\n<meta property=\"og:url\" content=\"https:\/\/geoclimate.ge\/fr\/produit\/cubic-compact-unit-cooler\/\" \/>\n<meta property=\"og:site_name\" content=\"GeoClimate.ge\" \/>\n<meta property=\"article:modified_time\" content=\"2025-05-25T12:11:54+00:00\" \/>\n<meta property=\"og:image\" content=\"https:\/\/geoclimate.ge\/wp-content\/uploads\/2025\/05\/PS_cubic-compact.jpg\" \/>\n\t<meta property=\"og:image:width\" content=\"818\" \/>\n\t<meta property=\"og:image:height\" content=\"550\" \/>\n\t<meta property=\"og:image:type\" content=\"image\/jpeg\" \/>\n<meta name=\"twitter:card\" content=\"summary_large_image\" \/>\n<script type=\"application\/ld+json\" class=\"yoast-schema-graph\">{\"@context\":\"https:\/\/schema.org\",\"@graph\":[{\"@type\":\"WebPage\",\"@id\":\"https:\/\/geoclimate.ge\/fr\/produit\/cubic-compact-unit-cooler\/\",\"url\":\"https:\/\/geoclimate.ge\/fr\/produit\/cubic-compact-unit-cooler\/\",\"name\":\"\u00c9vaporateur cubique compact - GeoClimate.ge\",\"isPartOf\":{\"@id\":\"https:\/\/geoclimate.ge\/#website\"},\"primaryImageOfPage\":{\"@id\":\"https:\/\/geoclimate.ge\/fr\/produit\/cubic-compact-unit-cooler\/#primaryimage\"},\"image\":{\"@id\":\"https:\/\/geoclimate.ge\/fr\/produit\/cubic-compact-unit-cooler\/#primaryimage\"},\"thumbnailUrl\":\"https:\/\/geoclimate.ge\/wp-content\/uploads\/2025\/05\/PS_cubic-compact.jpg\",\"datePublished\":\"2025-05-25T12:10:09+00:00\",\"dateModified\":\"2025-05-25T12:11:54+00:00\",\"breadcrumb\":{\"@id\":\"https:\/\/geoclimate.ge\/fr\/produit\/cubic-compact-unit-cooler\/#breadcrumb\"},\"inLanguage\":\"fr-FR\",\"potentialAction\":[{\"@type\":\"ReadAction\",\"target\":[\"https:\/\/geoclimate.ge\/fr\/produit\/cubic-compact-unit-cooler\/\"]}]},{\"@type\":\"ImageObject\",\"inLanguage\":\"fr-FR\",\"@id\":\"https:\/\/geoclimate.ge\/fr\/produit\/cubic-compact-unit-cooler\/#primaryimage\",\"url\":\"https:\/\/geoclimate.ge\/wp-content\/uploads\/2025\/05\/PS_cubic-compact.jpg\",\"contentUrl\":\"https:\/\/geoclimate.ge\/wp-content\/uploads\/2025\/05\/PS_cubic-compact.jpg\",\"width\":818,\"height\":550},{\"@type\":\"BreadcrumbList\",\"@id\":\"https:\/\/geoclimate.ge\/fr\/produit\/cubic-compact-unit-cooler\/#breadcrumb\",\"itemListElement\":[{\"@type\":\"ListItem\",\"position\":1,\"name\":\"Home\",\"item\":\"https:\/\/geoclimate.ge\/fr\/\"},{\"@type\":\"ListItem\",\"position\":2,\"name\":\"Products\",\"item\":\"https:\/\/geoclimate.ge\/fr\/products\/\"},{\"@type\":\"ListItem\",\"position\":3,\"name\":\"\u00c9vaporateur cubique compact\"}]},{\"@type\":\"WebSite\",\"@id\":\"https:\/\/geoclimate.ge\/#website\",\"url\":\"https:\/\/geoclimate.ge\/\",\"name\":\"GeoClimate\",\"description\":\"\",\"publisher\":{\"@id\":\"https:\/\/geoclimate.ge\/#organization\"},\"potentialAction\":[{\"@type\":\"SearchAction\",\"target\":{\"@type\":\"EntryPoint\",\"urlTemplate\":\"https:\/\/geoclimate.ge\/?s={search_term_string}\"},\"query-input\":{\"@type\":\"PropertyValueSpecification\",\"valueRequired\":true,\"valueName\":\"search_term_string\"}}],\"inLanguage\":\"fr-FR\"},{\"@type\":\"Organization\",\"@id\":\"https:\/\/geoclimate.ge\/#organization\",\"name\":\"GeoClimate\",\"url\":\"https:\/\/geoclimate.ge\/\",\"logo\":{\"@type\":\"ImageObject\",\"inLanguage\":\"fr-FR\",\"@id\":\"https:\/\/geoclimate.ge\/#\/schema\/logo\/image\/\",\"url\":\"https:\/\/geoclimate.ge\/wp-content\/uploads\/2026\/03\/geoclimate-SEO.png\",\"contentUrl\":\"https:\/\/geoclimate.ge\/wp-content\/uploads\/2026\/03\/geoclimate-SEO.png\",\"width\":1536,\"height\":1024,\"caption\":\"GeoClimate\"},\"image\":{\"@id\":\"https:\/\/geoclimate.ge\/#\/schema\/logo\/image\/\"}}]}<\/script>\n<!-- \/ Yoast SEO plugin. -->","yoast_head_json":{"title":"\u00c9vaporateur cubique compact - GeoClimate.ge","robots":{"index":"index","follow":"follow","max-snippet":"max-snippet:-1","max-image-preview":"max-image-preview:large","max-video-preview":"max-video-preview:-1"},"canonical":"https:\/\/geoclimate.ge\/fr\/produit\/cubic-compact-unit-cooler\/","og_locale":"fr_FR","og_type":"article","og_title":"\u00c9vaporateur cubique compact - GeoClimate.ge","og_description":"OC \/ BC\u00a0: \u00c9vaporateurs cubiques de CO2 et de saumure OC Les unit\u00e9s cubiques ENEX sont id\u00e9ales pour les chambres froides de petite et moyenne taille, pour les applications de refroidissement et de cong\u00e9lation. Elles peuvent \u00eatre utilis\u00e9es avec un syst\u00e8me \u00e0 d\u00e9tente directe R744 hautement durable ou une boucle de saumure.  CARACT\u00c9RISTIQUES  Batterie \u00e0 ailettes\u00a0: Tubes en cuivre rainur\u00e9s (\u00d8 3\/8\") et ailettes en aluminium ondul\u00e9, fabriqu\u00e9es selon les sp\u00e9cifications CUPROCLIMA\u00ae Ventilateurs\u00a0: Moteurs de ventilateur AC de s\u00e9rie Moteurs axiaux monophas\u00e9s (230\u00a0V I 50\/60\u00a0Hz) Conformes \u00e0 la directive ErP. \u00d8 250\/350\u00a0mm Carrosserie\u00a0: Aluminium pr\u00e9laqu\u00e9, pour une protection \u00e9lev\u00e9e contre la corrosion, m\u00eame dans des conditions environnementales extr\u00eames. Conforme aux normes d'hygi\u00e8ne alimentaire les plus strictes Pression de conception\u00a0: PS = 60-80\u00a0bars PT = 86-115\u00a0bars","og_url":"https:\/\/geoclimate.ge\/fr\/produit\/cubic-compact-unit-cooler\/","og_site_name":"GeoClimate.ge","article_modified_time":"2025-05-25T12:11:54+00:00","og_image":[{"width":818,"height":550,"url":"https:\/\/geoclimate.ge\/wp-content\/uploads\/2025\/05\/PS_cubic-compact.jpg","type":"image\/jpeg"}],"twitter_card":"summary_large_image","schema":{"@context":"https:\/\/schema.org","@graph":[{"@type":"WebPage","@id":"https:\/\/geoclimate.ge\/fr\/produit\/cubic-compact-unit-cooler\/","url":"https:\/\/geoclimate.ge\/fr\/produit\/cubic-compact-unit-cooler\/","name":"\u00c9vaporateur cubique compact - GeoClimate.ge","isPartOf":{"@id":"https:\/\/geoclimate.ge\/#website"},"primaryImageOfPage":{"@id":"https:\/\/geoclimate.ge\/fr\/produit\/cubic-compact-unit-cooler\/#primaryimage"},"image":{"@id":"https:\/\/geoclimate.ge\/fr\/produit\/cubic-compact-unit-cooler\/#primaryimage"},"thumbnailUrl":"https:\/\/geoclimate.ge\/wp-content\/uploads\/2025\/05\/PS_cubic-compact.jpg","datePublished":"2025-05-25T12:10:09+00:00","dateModified":"2025-05-25T12:11:54+00:00","breadcrumb":{"@id":"https:\/\/geoclimate.ge\/fr\/produit\/cubic-compact-unit-cooler\/#breadcrumb"},"inLanguage":"fr-FR","potentialAction":[{"@type":"ReadAction","target":["https:\/\/geoclimate.ge\/fr\/produit\/cubic-compact-unit-cooler\/"]}]},{"@type":"ImageObject","inLanguage":"fr-FR","@id":"https:\/\/geoclimate.ge\/fr\/produit\/cubic-compact-unit-cooler\/#primaryimage","url":"https:\/\/geoclimate.ge\/wp-content\/uploads\/2025\/05\/PS_cubic-compact.jpg","contentUrl":"https:\/\/geoclimate.ge\/wp-content\/uploads\/2025\/05\/PS_cubic-compact.jpg","width":818,"height":550},{"@type":"BreadcrumbList","@id":"https:\/\/geoclimate.ge\/fr\/produit\/cubic-compact-unit-cooler\/#breadcrumb","itemListElement":[{"@type":"ListItem","position":1,"name":"Home","item":"https:\/\/geoclimate.ge\/fr\/"},{"@type":"ListItem","position":2,"name":"Products","item":"https:\/\/geoclimate.ge\/fr\/products\/"},{"@type":"ListItem","position":3,"name":"\u00c9vaporateur cubique compact"}]},{"@type":"WebSite","@id":"https:\/\/geoclimate.ge\/#website","url":"https:\/\/geoclimate.ge\/","name":"GeoClimate","description":"","publisher":{"@id":"https:\/\/geoclimate.ge\/#organization"},"potentialAction":[{"@type":"SearchAction","target":{"@type":"EntryPoint","urlTemplate":"https:\/\/geoclimate.ge\/?s={search_term_string}"},"query-input":{"@type":"PropertyValueSpecification","valueRequired":true,"valueName":"search_term_string"}}],"inLanguage":"fr-FR"},{"@type":"Organization","@id":"https:\/\/geoclimate.ge\/#organization","name":"GeoClimate","url":"https:\/\/geoclimate.ge\/","logo":{"@type":"ImageObject","inLanguage":"fr-FR","@id":"https:\/\/geoclimate.ge\/#\/schema\/logo\/image\/","url":"https:\/\/geoclimate.ge\/wp-content\/uploads\/2026\/03\/geoclimate-SEO.png","contentUrl":"https:\/\/geoclimate.ge\/wp-content\/uploads\/2026\/03\/geoclimate-SEO.png","width":1536,"height":1024,"caption":"GeoClimate"},"image":{"@id":"https:\/\/geoclimate.ge\/#\/schema\/logo\/image\/"}}]}},"_links":{"self":[{"href":"https:\/\/geoclimate.ge\/fr\/wp-json\/wp\/v2\/product\/33300","targetHints":{"allow":["GET"]}}],"collection":[{"href":"https:\/\/geoclimate.ge\/fr\/wp-json\/wp\/v2\/product"}],"about":[{"href":"https:\/\/geoclimate.ge\/fr\/wp-json\/wp\/v2\/types\/product"}],"wp:featuredmedia":[{"embeddable":true,"href":"https:\/\/geoclimate.ge\/fr\/wp-json\/wp\/v2\/media\/33295"}],"wp:attachment":[{"href":"https:\/\/geoclimate.ge\/fr\/wp-json\/wp\/v2\/media?parent=33300"}],"wp:term":[{"taxonomy":"product_brand","embeddable":true,"href":"https:\/\/geoclimate.ge\/fr\/wp-json\/wp\/v2\/product_brand?post=33300"},{"taxonomy":"product_cat","embeddable":true,"href":"https:\/\/geoclimate.ge\/fr\/wp-json\/wp\/v2\/product_cat?post=33300"},{"taxonomy":"product_tag","embeddable":true,"href":"https:\/\/geoclimate.ge\/fr\/wp-json\/wp\/v2\/product_tag?post=33300"}],"curies":[{"name":"wp","href":"https:\/\/api.w.org\/{rel}","templated":true}]}}