{"id":33327,"date":"2025-05-25T16:19:42","date_gmt":"2025-05-25T12:19:42","guid":{"rendered":"https:\/\/airsystems.ge\/shop\/product\/cubic-unit-cooler-oc-bc-cubic-co2-and-brine-unit-coolers\/"},"modified":"2025-05-25T16:21:35","modified_gmt":"2025-05-25T12:21:35","slug":"cubic-unit-cooler-oc-bc-cubic-co2-and-brine-unit-coolers","status":"publish","type":"product","link":"https:\/\/geoclimate.ge\/fr\/produit\/cubic-unit-cooler-oc-bc-cubic-co2-and-brine-unit-coolers\/","title":{"rendered":"\u00c9vaporateur cubique  OC\/BC\u00a0: \u00c9vaporateurs cubiques de CO2 et de saumure"},"content":{"rendered":"","protected":false},"excerpt":{"rendered":"<div class=\"elementor-element elementor-element-f80f489 elementor-widget elementor-widget-heading\" data-id=\"f80f489\" data-element_type=\"widget\" data-widget_type=\"heading.default\">\n<div class=\"elementor-widget-container\">\n<div class=\"elementor-heading-title elementor-size-default\">\n<p>Puissance frigorifique de 2 kW \u00e0 20 kW<\/p>\n<p>Les unit\u00e9s cubiques ENEX sont id\u00e9ales pour les chambres froides de petite et moyenne taille, pour les applications de refroidissement et de cong\u00e9lation. Elles peuvent \u00eatre utilis\u00e9es avec un syst\u00e8me \u00e0 d\u00e9tente directe R744 hautement durable ou une boucle de saumure.<\/p>\n<p>Caract\u00e9ristiques<\/p>\n<p>Batterie \u00e0 ailettes\u00a0: Construite avec des tubes en cuivre rainur\u00e9s (\u00d8 3\/8&Prime;) et des ailettes en aluminium ondul\u00e9, fabriqu\u00e9es selon les sp\u00e9cifications CUPROCLIMA\u00ae<br \/>\nVentilateurs\u00a0: \u00c9quip\u00e9s de s\u00e9rie de moteurs de ventilateur AC.<br \/>\nMoteurs axiaux monophas\u00e9s (230 V I 50\/60 Hz)<br \/>\nConformes \u00e0 la directive ErP. \u00d8 250\/350 mm<br \/>\nCarrosserie\u00a0: Aluminium pr\u00e9laqu\u00e9, pour une protection \u00e9lev\u00e9e contre la corrosion, m\u00eame dans des conditions environnementales extr\u00eames. Carrosserie conforme aux normes d&rsquo;hygi\u00e8ne alimentaire les plus strictes.<br \/>\nPression de conception\u00a0: PS = 60-80 bar PT = 86-115 bar<\/p>\n<\/div>\n<\/div>\n<\/div>\n","protected":false},"featured_media":33321,"template":"","meta":[],"product_brand":[],"product_cat":[682,1642],"product_tag":[],"class_list":{"0":"post-33327","1":"product","2":"type-product","3":"status-publish","4":"has-post-thumbnail","6":"product_cat-climatiseurs-fr-industriels","7":"product_cat-evaporateur","9":"first","10":"instock","11":"shipping-taxable","12":"product-type-simple"},"yoast_head":"<!-- This site is optimized with the Yoast SEO plugin v27.1.1 - https:\/\/yoast.com\/product\/yoast-seo-wordpress\/ -->\n<title>\u00c9vaporateur cubique OC\/BC\u00a0: \u00c9vaporateurs cubiques de CO2 et de saumure - GeoClimate.ge<\/title>\n<meta name=\"robots\" content=\"index, follow, max-snippet:-1, max-image-preview:large, max-video-preview:-1\" \/>\n<link rel=\"canonical\" href=\"https:\/\/geoclimate.ge\/fr\/produit\/cubic-unit-cooler-oc-bc-cubic-co2-and-brine-unit-coolers\/\" \/>\n<meta property=\"og:locale\" content=\"fr_FR\" \/>\n<meta property=\"og:type\" content=\"article\" \/>\n<meta property=\"og:title\" content=\"\u00c9vaporateur cubique OC\/BC\u00a0: \u00c9vaporateurs cubiques de CO2 et de saumure - GeoClimate.ge\" \/>\n<meta property=\"og:description\" content=\"Puissance frigorifique de 2 kW \u00e0 20 kW  Les unit\u00e9s cubiques ENEX sont id\u00e9ales pour les chambres froides de petite et moyenne taille, pour les applications de refroidissement et de cong\u00e9lation. Elles peuvent \u00eatre utilis\u00e9es avec un syst\u00e8me \u00e0 d\u00e9tente directe R744 hautement durable ou une boucle de saumure.  Caract\u00e9ristiques  Batterie \u00e0 ailettes\u00a0: Construite avec des tubes en cuivre rainur\u00e9s (\u00d8 3\/8&quot;) et des ailettes en aluminium ondul\u00e9, fabriqu\u00e9es selon les sp\u00e9cifications CUPROCLIMA\u00ae Ventilateurs\u00a0: \u00c9quip\u00e9s de s\u00e9rie de moteurs de ventilateur AC. Moteurs axiaux monophas\u00e9s (230 V I 50\/60 Hz) Conformes \u00e0 la directive ErP. \u00d8 250\/350 mm Carrosserie\u00a0: Aluminium pr\u00e9laqu\u00e9, pour une protection \u00e9lev\u00e9e contre la corrosion, m\u00eame dans des conditions environnementales extr\u00eames. Carrosserie conforme aux normes d&#039;hygi\u00e8ne alimentaire les plus strictes. Pression de conception\u00a0: PS = 60-80 bar PT = 86-115 bar\" \/>\n<meta property=\"og:url\" content=\"https:\/\/geoclimate.ge\/fr\/produit\/cubic-unit-cooler-oc-bc-cubic-co2-and-brine-unit-coolers\/\" \/>\n<meta property=\"og:site_name\" content=\"GeoClimate.ge\" \/>\n<meta property=\"article:modified_time\" content=\"2025-05-25T12:21:35+00:00\" \/>\n<meta property=\"og:image\" content=\"https:\/\/geoclimate.ge\/wp-content\/uploads\/2025\/05\/CUBIC-UNIT-COOLER-scaled.png\" \/>\n\t<meta property=\"og:image:width\" content=\"2560\" \/>\n\t<meta property=\"og:image:height\" content=\"1706\" \/>\n\t<meta property=\"og:image:type\" content=\"image\/png\" \/>\n<meta name=\"twitter:card\" content=\"summary_large_image\" \/>\n<script type=\"application\/ld+json\" class=\"yoast-schema-graph\">{\"@context\":\"https:\/\/schema.org\",\"@graph\":[{\"@type\":\"WebPage\",\"@id\":\"https:\/\/geoclimate.ge\/fr\/produit\/cubic-unit-cooler-oc-bc-cubic-co2-and-brine-unit-coolers\/\",\"url\":\"https:\/\/geoclimate.ge\/fr\/produit\/cubic-unit-cooler-oc-bc-cubic-co2-and-brine-unit-coolers\/\",\"name\":\"\u00c9vaporateur cubique OC\/BC\u00a0: \u00c9vaporateurs cubiques de CO2 et de saumure - GeoClimate.ge\",\"isPartOf\":{\"@id\":\"https:\/\/geoclimate.ge\/#website\"},\"primaryImageOfPage\":{\"@id\":\"https:\/\/geoclimate.ge\/fr\/produit\/cubic-unit-cooler-oc-bc-cubic-co2-and-brine-unit-coolers\/#primaryimage\"},\"image\":{\"@id\":\"https:\/\/geoclimate.ge\/fr\/produit\/cubic-unit-cooler-oc-bc-cubic-co2-and-brine-unit-coolers\/#primaryimage\"},\"thumbnailUrl\":\"https:\/\/geoclimate.ge\/wp-content\/uploads\/2025\/05\/CUBIC-UNIT-COOLER-scaled.png\",\"datePublished\":\"2025-05-25T12:19:42+00:00\",\"dateModified\":\"2025-05-25T12:21:35+00:00\",\"breadcrumb\":{\"@id\":\"https:\/\/geoclimate.ge\/fr\/produit\/cubic-unit-cooler-oc-bc-cubic-co2-and-brine-unit-coolers\/#breadcrumb\"},\"inLanguage\":\"fr-FR\",\"potentialAction\":[{\"@type\":\"ReadAction\",\"target\":[\"https:\/\/geoclimate.ge\/fr\/produit\/cubic-unit-cooler-oc-bc-cubic-co2-and-brine-unit-coolers\/\"]}]},{\"@type\":\"ImageObject\",\"inLanguage\":\"fr-FR\",\"@id\":\"https:\/\/geoclimate.ge\/fr\/produit\/cubic-unit-cooler-oc-bc-cubic-co2-and-brine-unit-coolers\/#primaryimage\",\"url\":\"https:\/\/geoclimate.ge\/wp-content\/uploads\/2025\/05\/CUBIC-UNIT-COOLER-scaled.png\",\"contentUrl\":\"https:\/\/geoclimate.ge\/wp-content\/uploads\/2025\/05\/CUBIC-UNIT-COOLER-scaled.png\",\"width\":2560,\"height\":1706},{\"@type\":\"BreadcrumbList\",\"@id\":\"https:\/\/geoclimate.ge\/fr\/produit\/cubic-unit-cooler-oc-bc-cubic-co2-and-brine-unit-coolers\/#breadcrumb\",\"itemListElement\":[{\"@type\":\"ListItem\",\"position\":1,\"name\":\"Home\",\"item\":\"https:\/\/geoclimate.ge\/fr\/\"},{\"@type\":\"ListItem\",\"position\":2,\"name\":\"Products\",\"item\":\"https:\/\/geoclimate.ge\/fr\/products\/\"},{\"@type\":\"ListItem\",\"position\":3,\"name\":\"\u00c9vaporateur cubique OC\/BC\u00a0: \u00c9vaporateurs cubiques de CO2 et de saumure\"}]},{\"@type\":\"WebSite\",\"@id\":\"https:\/\/geoclimate.ge\/#website\",\"url\":\"https:\/\/geoclimate.ge\/\",\"name\":\"GeoClimate\",\"description\":\"\",\"publisher\":{\"@id\":\"https:\/\/geoclimate.ge\/#organization\"},\"potentialAction\":[{\"@type\":\"SearchAction\",\"target\":{\"@type\":\"EntryPoint\",\"urlTemplate\":\"https:\/\/geoclimate.ge\/?s={search_term_string}\"},\"query-input\":{\"@type\":\"PropertyValueSpecification\",\"valueRequired\":true,\"valueName\":\"search_term_string\"}}],\"inLanguage\":\"fr-FR\"},{\"@type\":\"Organization\",\"@id\":\"https:\/\/geoclimate.ge\/#organization\",\"name\":\"GeoClimate\",\"url\":\"https:\/\/geoclimate.ge\/\",\"logo\":{\"@type\":\"ImageObject\",\"inLanguage\":\"fr-FR\",\"@id\":\"https:\/\/geoclimate.ge\/#\/schema\/logo\/image\/\",\"url\":\"https:\/\/geoclimate.ge\/wp-content\/uploads\/2026\/03\/geoclimate-SEO.png\",\"contentUrl\":\"https:\/\/geoclimate.ge\/wp-content\/uploads\/2026\/03\/geoclimate-SEO.png\",\"width\":1536,\"height\":1024,\"caption\":\"GeoClimate\"},\"image\":{\"@id\":\"https:\/\/geoclimate.ge\/#\/schema\/logo\/image\/\"}}]}<\/script>\n<!-- \/ Yoast SEO plugin. -->","yoast_head_json":{"title":"\u00c9vaporateur cubique OC\/BC\u00a0: \u00c9vaporateurs cubiques de CO2 et de saumure - GeoClimate.ge","robots":{"index":"index","follow":"follow","max-snippet":"max-snippet:-1","max-image-preview":"max-image-preview:large","max-video-preview":"max-video-preview:-1"},"canonical":"https:\/\/geoclimate.ge\/fr\/produit\/cubic-unit-cooler-oc-bc-cubic-co2-and-brine-unit-coolers\/","og_locale":"fr_FR","og_type":"article","og_title":"\u00c9vaporateur cubique OC\/BC\u00a0: \u00c9vaporateurs cubiques de CO2 et de saumure - GeoClimate.ge","og_description":"Puissance frigorifique de 2 kW \u00e0 20 kW  Les unit\u00e9s cubiques ENEX sont id\u00e9ales pour les chambres froides de petite et moyenne taille, pour les applications de refroidissement et de cong\u00e9lation. Elles peuvent \u00eatre utilis\u00e9es avec un syst\u00e8me \u00e0 d\u00e9tente directe R744 hautement durable ou une boucle de saumure.  Caract\u00e9ristiques  Batterie \u00e0 ailettes\u00a0: Construite avec des tubes en cuivre rainur\u00e9s (\u00d8 3\/8\") et des ailettes en aluminium ondul\u00e9, fabriqu\u00e9es selon les sp\u00e9cifications CUPROCLIMA\u00ae Ventilateurs\u00a0: \u00c9quip\u00e9s de s\u00e9rie de moteurs de ventilateur AC. Moteurs axiaux monophas\u00e9s (230 V I 50\/60 Hz) Conformes \u00e0 la directive ErP. \u00d8 250\/350 mm Carrosserie\u00a0: Aluminium pr\u00e9laqu\u00e9, pour une protection \u00e9lev\u00e9e contre la corrosion, m\u00eame dans des conditions environnementales extr\u00eames. Carrosserie conforme aux normes d'hygi\u00e8ne alimentaire les plus strictes. Pression de conception\u00a0: PS = 60-80 bar PT = 86-115 bar","og_url":"https:\/\/geoclimate.ge\/fr\/produit\/cubic-unit-cooler-oc-bc-cubic-co2-and-brine-unit-coolers\/","og_site_name":"GeoClimate.ge","article_modified_time":"2025-05-25T12:21:35+00:00","og_image":[{"width":2560,"height":1706,"url":"https:\/\/geoclimate.ge\/wp-content\/uploads\/2025\/05\/CUBIC-UNIT-COOLER-scaled.png","type":"image\/png"}],"twitter_card":"summary_large_image","schema":{"@context":"https:\/\/schema.org","@graph":[{"@type":"WebPage","@id":"https:\/\/geoclimate.ge\/fr\/produit\/cubic-unit-cooler-oc-bc-cubic-co2-and-brine-unit-coolers\/","url":"https:\/\/geoclimate.ge\/fr\/produit\/cubic-unit-cooler-oc-bc-cubic-co2-and-brine-unit-coolers\/","name":"\u00c9vaporateur cubique OC\/BC\u00a0: \u00c9vaporateurs cubiques de CO2 et de saumure - GeoClimate.ge","isPartOf":{"@id":"https:\/\/geoclimate.ge\/#website"},"primaryImageOfPage":{"@id":"https:\/\/geoclimate.ge\/fr\/produit\/cubic-unit-cooler-oc-bc-cubic-co2-and-brine-unit-coolers\/#primaryimage"},"image":{"@id":"https:\/\/geoclimate.ge\/fr\/produit\/cubic-unit-cooler-oc-bc-cubic-co2-and-brine-unit-coolers\/#primaryimage"},"thumbnailUrl":"https:\/\/geoclimate.ge\/wp-content\/uploads\/2025\/05\/CUBIC-UNIT-COOLER-scaled.png","datePublished":"2025-05-25T12:19:42+00:00","dateModified":"2025-05-25T12:21:35+00:00","breadcrumb":{"@id":"https:\/\/geoclimate.ge\/fr\/produit\/cubic-unit-cooler-oc-bc-cubic-co2-and-brine-unit-coolers\/#breadcrumb"},"inLanguage":"fr-FR","potentialAction":[{"@type":"ReadAction","target":["https:\/\/geoclimate.ge\/fr\/produit\/cubic-unit-cooler-oc-bc-cubic-co2-and-brine-unit-coolers\/"]}]},{"@type":"ImageObject","inLanguage":"fr-FR","@id":"https:\/\/geoclimate.ge\/fr\/produit\/cubic-unit-cooler-oc-bc-cubic-co2-and-brine-unit-coolers\/#primaryimage","url":"https:\/\/geoclimate.ge\/wp-content\/uploads\/2025\/05\/CUBIC-UNIT-COOLER-scaled.png","contentUrl":"https:\/\/geoclimate.ge\/wp-content\/uploads\/2025\/05\/CUBIC-UNIT-COOLER-scaled.png","width":2560,"height":1706},{"@type":"BreadcrumbList","@id":"https:\/\/geoclimate.ge\/fr\/produit\/cubic-unit-cooler-oc-bc-cubic-co2-and-brine-unit-coolers\/#breadcrumb","itemListElement":[{"@type":"ListItem","position":1,"name":"Home","item":"https:\/\/geoclimate.ge\/fr\/"},{"@type":"ListItem","position":2,"name":"Products","item":"https:\/\/geoclimate.ge\/fr\/products\/"},{"@type":"ListItem","position":3,"name":"\u00c9vaporateur cubique OC\/BC\u00a0: \u00c9vaporateurs cubiques de CO2 et de saumure"}]},{"@type":"WebSite","@id":"https:\/\/geoclimate.ge\/#website","url":"https:\/\/geoclimate.ge\/","name":"GeoClimate","description":"","publisher":{"@id":"https:\/\/geoclimate.ge\/#organization"},"potentialAction":[{"@type":"SearchAction","target":{"@type":"EntryPoint","urlTemplate":"https:\/\/geoclimate.ge\/?s={search_term_string}"},"query-input":{"@type":"PropertyValueSpecification","valueRequired":true,"valueName":"search_term_string"}}],"inLanguage":"fr-FR"},{"@type":"Organization","@id":"https:\/\/geoclimate.ge\/#organization","name":"GeoClimate","url":"https:\/\/geoclimate.ge\/","logo":{"@type":"ImageObject","inLanguage":"fr-FR","@id":"https:\/\/geoclimate.ge\/#\/schema\/logo\/image\/","url":"https:\/\/geoclimate.ge\/wp-content\/uploads\/2026\/03\/geoclimate-SEO.png","contentUrl":"https:\/\/geoclimate.ge\/wp-content\/uploads\/2026\/03\/geoclimate-SEO.png","width":1536,"height":1024,"caption":"GeoClimate"},"image":{"@id":"https:\/\/geoclimate.ge\/#\/schema\/logo\/image\/"}}]}},"_links":{"self":[{"href":"https:\/\/geoclimate.ge\/fr\/wp-json\/wp\/v2\/product\/33327","targetHints":{"allow":["GET"]}}],"collection":[{"href":"https:\/\/geoclimate.ge\/fr\/wp-json\/wp\/v2\/product"}],"about":[{"href":"https:\/\/geoclimate.ge\/fr\/wp-json\/wp\/v2\/types\/product"}],"wp:featuredmedia":[{"embeddable":true,"href":"https:\/\/geoclimate.ge\/fr\/wp-json\/wp\/v2\/media\/33321"}],"wp:attachment":[{"href":"https:\/\/geoclimate.ge\/fr\/wp-json\/wp\/v2\/media?parent=33327"}],"wp:term":[{"taxonomy":"product_brand","embeddable":true,"href":"https:\/\/geoclimate.ge\/fr\/wp-json\/wp\/v2\/product_brand?post=33327"},{"taxonomy":"product_cat","embeddable":true,"href":"https:\/\/geoclimate.ge\/fr\/wp-json\/wp\/v2\/product_cat?post=33327"},{"taxonomy":"product_tag","embeddable":true,"href":"https:\/\/geoclimate.ge\/fr\/wp-json\/wp\/v2\/product_tag?post=33327"}],"curies":[{"name":"wp","href":"https:\/\/api.w.org\/{rel}","templated":true}]}}