{"id":33354,"date":"2025-05-25T16:29:37","date_gmt":"2025-05-25T12:29:37","guid":{"rendered":"https:\/\/airsystems.ge\/shop\/product\/nh3-dual-discharge-unit-cooler\/"},"modified":"2025-05-25T16:32:07","modified_gmt":"2025-05-25T12:32:07","slug":"nh3-dual-discharge-unit-cooler","status":"publish","type":"product","link":"https:\/\/geoclimate.ge\/fr\/produit\/nh3-dual-discharge-unit-cooler\/","title":{"rendered":"\u00c9vaporateur double flux NH3"},"content":{"rendered":"<div class=\"elementor-element elementor-element-391e72ec elementor-widget elementor-widget-theme-post-content\" data-id=\"391e72ec\" data-element_type=\"widget\" data-widget_type=\"theme-post-content.default\">\n<div class=\"elementor-widget-container\">\n<p>Caract\u00e9ristiques<\/p>\n<p>G\u00e9om\u00e9trie des tubes. Deux g\u00e9om\u00e9tries disponibles\u00a0: tube 5\/8\u2033 50\u00d750 en ligne et tube 7\/8\u2033 65,43\u00d756,66 en quinconce.<br \/>\nMat\u00e9riau des tubes\u00a0: Acier inoxydable AISI 304 (ou AISI 316 sur demande).<br \/>\nAilettes en aluminium. En option, elles peuvent \u00eatre en aluminium magn\u00e9sium ou en aluminium avec protection \u00e9poxy.<br \/>\nVis en acier inoxydable.<br \/>\nCarrosserie en aluminium thermolaqu\u00e9 blanc.<br \/>\nCouvercles lat\u00e9raux amovibles. Acc\u00e8s facile aux raccords de liquide de refroidissement.<br \/>\nBac isol\u00e9 en polyur\u00e9thane de s\u00e9rie pour \u00e9viter la condensation. Plateau enti\u00e8rement fabriqu\u00e9 en PRV (polyester renforc\u00e9 de fibres de verre), un mat\u00e9riau l\u00e9ger et r\u00e9sistant, rigide, r\u00e9sistant \u00e0 la corrosion et offrant une bonne isolation thermique, acoustique et \u00e9lectrique.<br \/>\nVentilateurs axiaux certifi\u00e9s ErP avec moteurs IP54 ou IP55, selon le mod\u00e8le\u00a0; protection moteur par thermocontacts.<br \/>\nL&rsquo;\u00e9quipement est livr\u00e9 pressuris\u00e9 et \u00e9quip\u00e9 de vannes Schrader +.<\/p>\n<p>Accessoires<\/p>\n<p>D\u00e9givrage par gaz chaud du plateau avec clapet anti-retour install\u00e9 (en option).<br \/>\nD\u00e9givrage \u00e0 eau.<br \/>\nD\u00e9givrage \u00e9lectrique de la batterie et\/ou du plateau.<br \/>\nD\u00e9givrage mixte.<br \/>\nAnneaux chauffants sur les ventilateurs.<br \/>\nMoteurs sp\u00e9ciaux.<br \/>\nVentilateurs EC.<br \/>\nMarches \u00e0 clapet mixtes.<br \/>\nT\u00f4les prot\u00e9g\u00e9es par \u00e9poxy.<br \/>\nCarrosserie en acier inoxydable.<br \/>\nPieds de support r\u00e9glables (pour installation sur rails).<\/p>\n<\/div>\n<\/div>\n<div class=\"elementor-element elementor-element-427e8a79 e-flex e-con-boxed e-con e-child\" data-id=\"427e8a79\" data-element_type=\"container\">\n<div class=\"e-con-inner\">\n<div class=\"elementor-element elementor-element-6e19ed90 hidebutton mc-bl elementor-align-left elementor-widget elementor-widget-button\" data-id=\"6e19ed90\" data-element_type=\"widget\" data-widget_type=\"button.default\">\n<div class=\"elementor-widget-container\">\n<div class=\"elementor-button-wrapper\"><a class=\"elementor-button elementor-button-link elementor-size-sm\" href=\"https:\/\/www.enextechnologies.com\/wp-content\/uploads\/2024\/09\/One-Pager-NH3-DUAL-DISCHARGE-UNIT-COOLER-ED-ENG.pdf\" target=\"_blank\" rel=\"noopener\"><span class=\"elementor-button-content-wrapper\"><span class=\"elementor-button-text\">ONE PAGER<\/span><\/span><\/a><\/div>\n<\/div>\n<\/div>\n<\/div>\n<\/div>\n","protected":false},"excerpt":{"rendered":"<div class=\"elementor-element elementor-element-f80f489 elementor-widget elementor-widget-heading\" data-id=\"f80f489\" data-element_type=\"widget\" data-widget_type=\"heading.default\">\n<div class=\"elementor-widget-container\">\n<div class=\"elementor-heading-title elementor-size-default\">\n<p>ED\u00a0: \u00c9vaporateurs double flux NH3 et saumure<br \/>\nLes \u00e9vaporateurs double flux ED distribuent l&rsquo;air pour assurer un refroidissement homog\u00e8ne dans toute la chambre, sans cr\u00e9er de courants d&rsquo;air. La s\u00e9rie ED est con\u00e7ue pour une installation dans des chambres ou des couloirs (pi\u00e8ces longues), o\u00f9 une distribution d&rsquo;air uniforme est essentielle.<\/p>\n<p>Fabriqu\u00e9 en tubes d&rsquo;acier inoxydable et ailettes en aluminium (Inox\/Al). Compatible avec tous les fluides frigorig\u00e8nes (NH\u2083, CO\u2082, glycol, HFC, etc.). Conception modulaire de 1 \u00e0 5 ventilateurs axiaux (\u00d8\u00a0350, 450, 500, 560, 630). Pas des ailettes\u00a0: 4-4,5-5-6-7-8-9-10-11-12\u00a0mm.<\/p>\n<p>Les \u00e9vaporateurs de la s\u00e9rie ED sont des \u00e9vaporateurs industriels double flux, sp\u00e9cialement con\u00e7us pour les syst\u00e8mes NH\u2083 noy\u00e9s (pomp\u00e9s ou gravitaires). La construction robuste de nos \u00e9vaporateurs ED offre des performances \u00e9lev\u00e9es et une grande r\u00e9sistance \u00e0 la corrosion.<\/p>\n<p>Convient directement aux chambres de cong\u00e9lation, de r\u00e9frig\u00e9ration et de conservation des industries des fruits et l\u00e9gumes, du poisson et de la viande, ainsi qu&rsquo;aux centres de distribution agroalimentaire. Gamme d&rsquo;\u00e9vaporateurs standard offrant une grande flexibilit\u00e9 pour des applications sur mesure.<\/p>\n<\/div>\n<\/div>\n<\/div>\n","protected":false},"featured_media":33349,"template":"","meta":[],"product_brand":[],"product_cat":[682,1642],"product_tag":[],"class_list":{"0":"post-33354","1":"product","2":"type-product","3":"status-publish","4":"has-post-thumbnail","6":"product_cat-climatiseurs-fr-industriels","7":"product_cat-evaporateur","9":"first","10":"instock","11":"shipping-taxable","12":"product-type-simple"},"yoast_head":"<!-- This site is optimized with the Yoast SEO plugin v27.1.1 - https:\/\/yoast.com\/product\/yoast-seo-wordpress\/ -->\n<title>\u00c9vaporateur double flux NH3 - GeoClimate.ge<\/title>\n<meta name=\"robots\" content=\"index, follow, max-snippet:-1, max-image-preview:large, max-video-preview:-1\" \/>\n<link rel=\"canonical\" href=\"https:\/\/geoclimate.ge\/fr\/produit\/nh3-dual-discharge-unit-cooler\/\" \/>\n<meta property=\"og:locale\" content=\"fr_FR\" \/>\n<meta property=\"og:type\" content=\"article\" \/>\n<meta property=\"og:title\" content=\"\u00c9vaporateur double flux NH3 - GeoClimate.ge\" \/>\n<meta property=\"og:description\" content=\"ED\u00a0: \u00c9vaporateurs double flux NH3 et saumure Les \u00e9vaporateurs double flux ED distribuent l&#039;air pour assurer un refroidissement homog\u00e8ne dans toute la chambre, sans cr\u00e9er de courants d&#039;air. La s\u00e9rie ED est con\u00e7ue pour une installation dans des chambres ou des couloirs (pi\u00e8ces longues), o\u00f9 une distribution d&#039;air uniforme est essentielle.  Fabriqu\u00e9 en tubes d&#039;acier inoxydable et ailettes en aluminium (Inox\/Al). Compatible avec tous les fluides frigorig\u00e8nes (NH\u2083, CO\u2082, glycol, HFC, etc.). Conception modulaire de 1 \u00e0 5 ventilateurs axiaux (\u00d8\u00a0350, 450, 500, 560, 630). Pas des ailettes\u00a0: 4-4,5-5-6-7-8-9-10-11-12\u00a0mm.  Les \u00e9vaporateurs de la s\u00e9rie ED sont des \u00e9vaporateurs industriels double flux, sp\u00e9cialement con\u00e7us pour les syst\u00e8mes NH\u2083 noy\u00e9s (pomp\u00e9s ou gravitaires). La construction robuste de nos \u00e9vaporateurs ED offre des performances \u00e9lev\u00e9es et une grande r\u00e9sistance \u00e0 la corrosion.  Convient directement aux chambres de cong\u00e9lation, de r\u00e9frig\u00e9ration et de conservation des industries des fruits et l\u00e9gumes, du poisson et de la viande, ainsi qu&#039;aux centres de distribution agroalimentaire. Gamme d&#039;\u00e9vaporateurs standard offrant une grande flexibilit\u00e9 pour des applications sur mesure.\" \/>\n<meta property=\"og:url\" content=\"https:\/\/geoclimate.ge\/fr\/produit\/nh3-dual-discharge-unit-cooler\/\" \/>\n<meta property=\"og:site_name\" content=\"GeoClimate.ge\" \/>\n<meta property=\"article:modified_time\" content=\"2025-05-25T12:32:07+00:00\" \/>\n<meta property=\"og:image\" content=\"https:\/\/geoclimate.ge\/wp-content\/uploads\/2025\/05\/Industrial-Dual-Discharge-Evaporators-StStAl_senzal-qdd9iplrwd14df8zaynxsjk4zvmqakh900a795oeno.png\" \/>\n\t<meta property=\"og:image:width\" content=\"700\" \/>\n\t<meta property=\"og:image:height\" content=\"466\" \/>\n\t<meta property=\"og:image:type\" content=\"image\/png\" \/>\n<meta name=\"twitter:card\" content=\"summary_large_image\" \/>\n<meta name=\"twitter:label1\" content=\"Dur\u00e9e de lecture estim\u00e9e\" \/>\n\t<meta name=\"twitter:data1\" content=\"1 minute\" \/>\n<script type=\"application\/ld+json\" class=\"yoast-schema-graph\">{\"@context\":\"https:\/\/schema.org\",\"@graph\":[{\"@type\":\"WebPage\",\"@id\":\"https:\/\/geoclimate.ge\/fr\/produit\/nh3-dual-discharge-unit-cooler\/\",\"url\":\"https:\/\/geoclimate.ge\/fr\/produit\/nh3-dual-discharge-unit-cooler\/\",\"name\":\"\u00c9vaporateur double flux NH3 - GeoClimate.ge\",\"isPartOf\":{\"@id\":\"https:\/\/geoclimate.ge\/#website\"},\"primaryImageOfPage\":{\"@id\":\"https:\/\/geoclimate.ge\/fr\/produit\/nh3-dual-discharge-unit-cooler\/#primaryimage\"},\"image\":{\"@id\":\"https:\/\/geoclimate.ge\/fr\/produit\/nh3-dual-discharge-unit-cooler\/#primaryimage\"},\"thumbnailUrl\":\"https:\/\/geoclimate.ge\/wp-content\/uploads\/2025\/05\/Industrial-Dual-Discharge-Evaporators-StStAl_senzal-qdd9iplrwd14df8zaynxsjk4zvmqakh900a795oeno.png\",\"datePublished\":\"2025-05-25T12:29:37+00:00\",\"dateModified\":\"2025-05-25T12:32:07+00:00\",\"breadcrumb\":{\"@id\":\"https:\/\/geoclimate.ge\/fr\/produit\/nh3-dual-discharge-unit-cooler\/#breadcrumb\"},\"inLanguage\":\"fr-FR\",\"potentialAction\":[{\"@type\":\"ReadAction\",\"target\":[\"https:\/\/geoclimate.ge\/fr\/produit\/nh3-dual-discharge-unit-cooler\/\"]}]},{\"@type\":\"ImageObject\",\"inLanguage\":\"fr-FR\",\"@id\":\"https:\/\/geoclimate.ge\/fr\/produit\/nh3-dual-discharge-unit-cooler\/#primaryimage\",\"url\":\"https:\/\/geoclimate.ge\/wp-content\/uploads\/2025\/05\/Industrial-Dual-Discharge-Evaporators-StStAl_senzal-qdd9iplrwd14df8zaynxsjk4zvmqakh900a795oeno.png\",\"contentUrl\":\"https:\/\/geoclimate.ge\/wp-content\/uploads\/2025\/05\/Industrial-Dual-Discharge-Evaporators-StStAl_senzal-qdd9iplrwd14df8zaynxsjk4zvmqakh900a795oeno.png\",\"width\":700,\"height\":466},{\"@type\":\"BreadcrumbList\",\"@id\":\"https:\/\/geoclimate.ge\/fr\/produit\/nh3-dual-discharge-unit-cooler\/#breadcrumb\",\"itemListElement\":[{\"@type\":\"ListItem\",\"position\":1,\"name\":\"Home\",\"item\":\"https:\/\/geoclimate.ge\/fr\/\"},{\"@type\":\"ListItem\",\"position\":2,\"name\":\"Products\",\"item\":\"https:\/\/geoclimate.ge\/fr\/products\/\"},{\"@type\":\"ListItem\",\"position\":3,\"name\":\"\u00c9vaporateur double flux NH3\"}]},{\"@type\":\"WebSite\",\"@id\":\"https:\/\/geoclimate.ge\/#website\",\"url\":\"https:\/\/geoclimate.ge\/\",\"name\":\"GeoClimate\",\"description\":\"\",\"publisher\":{\"@id\":\"https:\/\/geoclimate.ge\/#organization\"},\"potentialAction\":[{\"@type\":\"SearchAction\",\"target\":{\"@type\":\"EntryPoint\",\"urlTemplate\":\"https:\/\/geoclimate.ge\/?s={search_term_string}\"},\"query-input\":{\"@type\":\"PropertyValueSpecification\",\"valueRequired\":true,\"valueName\":\"search_term_string\"}}],\"inLanguage\":\"fr-FR\"},{\"@type\":\"Organization\",\"@id\":\"https:\/\/geoclimate.ge\/#organization\",\"name\":\"GeoClimate\",\"url\":\"https:\/\/geoclimate.ge\/\",\"logo\":{\"@type\":\"ImageObject\",\"inLanguage\":\"fr-FR\",\"@id\":\"https:\/\/geoclimate.ge\/#\/schema\/logo\/image\/\",\"url\":\"https:\/\/geoclimate.ge\/wp-content\/uploads\/2026\/03\/geoclimate-SEO.png\",\"contentUrl\":\"https:\/\/geoclimate.ge\/wp-content\/uploads\/2026\/03\/geoclimate-SEO.png\",\"width\":1536,\"height\":1024,\"caption\":\"GeoClimate\"},\"image\":{\"@id\":\"https:\/\/geoclimate.ge\/#\/schema\/logo\/image\/\"}}]}<\/script>\n<!-- \/ Yoast SEO plugin. -->","yoast_head_json":{"title":"\u00c9vaporateur double flux NH3 - GeoClimate.ge","robots":{"index":"index","follow":"follow","max-snippet":"max-snippet:-1","max-image-preview":"max-image-preview:large","max-video-preview":"max-video-preview:-1"},"canonical":"https:\/\/geoclimate.ge\/fr\/produit\/nh3-dual-discharge-unit-cooler\/","og_locale":"fr_FR","og_type":"article","og_title":"\u00c9vaporateur double flux NH3 - GeoClimate.ge","og_description":"ED\u00a0: \u00c9vaporateurs double flux NH3 et saumure Les \u00e9vaporateurs double flux ED distribuent l'air pour assurer un refroidissement homog\u00e8ne dans toute la chambre, sans cr\u00e9er de courants d'air. La s\u00e9rie ED est con\u00e7ue pour une installation dans des chambres ou des couloirs (pi\u00e8ces longues), o\u00f9 une distribution d'air uniforme est essentielle.  Fabriqu\u00e9 en tubes d'acier inoxydable et ailettes en aluminium (Inox\/Al). Compatible avec tous les fluides frigorig\u00e8nes (NH\u2083, CO\u2082, glycol, HFC, etc.). Conception modulaire de 1 \u00e0 5 ventilateurs axiaux (\u00d8\u00a0350, 450, 500, 560, 630). Pas des ailettes\u00a0: 4-4,5-5-6-7-8-9-10-11-12\u00a0mm.  Les \u00e9vaporateurs de la s\u00e9rie ED sont des \u00e9vaporateurs industriels double flux, sp\u00e9cialement con\u00e7us pour les syst\u00e8mes NH\u2083 noy\u00e9s (pomp\u00e9s ou gravitaires). La construction robuste de nos \u00e9vaporateurs ED offre des performances \u00e9lev\u00e9es et une grande r\u00e9sistance \u00e0 la corrosion.  Convient directement aux chambres de cong\u00e9lation, de r\u00e9frig\u00e9ration et de conservation des industries des fruits et l\u00e9gumes, du poisson et de la viande, ainsi qu'aux centres de distribution agroalimentaire. Gamme d'\u00e9vaporateurs standard offrant une grande flexibilit\u00e9 pour des applications sur mesure.","og_url":"https:\/\/geoclimate.ge\/fr\/produit\/nh3-dual-discharge-unit-cooler\/","og_site_name":"GeoClimate.ge","article_modified_time":"2025-05-25T12:32:07+00:00","og_image":[{"width":700,"height":466,"url":"https:\/\/geoclimate.ge\/wp-content\/uploads\/2025\/05\/Industrial-Dual-Discharge-Evaporators-StStAl_senzal-qdd9iplrwd14df8zaynxsjk4zvmqakh900a795oeno.png","type":"image\/png"}],"twitter_card":"summary_large_image","twitter_misc":{"Dur\u00e9e de lecture estim\u00e9e":"1 minute"},"schema":{"@context":"https:\/\/schema.org","@graph":[{"@type":"WebPage","@id":"https:\/\/geoclimate.ge\/fr\/produit\/nh3-dual-discharge-unit-cooler\/","url":"https:\/\/geoclimate.ge\/fr\/produit\/nh3-dual-discharge-unit-cooler\/","name":"\u00c9vaporateur double flux NH3 - GeoClimate.ge","isPartOf":{"@id":"https:\/\/geoclimate.ge\/#website"},"primaryImageOfPage":{"@id":"https:\/\/geoclimate.ge\/fr\/produit\/nh3-dual-discharge-unit-cooler\/#primaryimage"},"image":{"@id":"https:\/\/geoclimate.ge\/fr\/produit\/nh3-dual-discharge-unit-cooler\/#primaryimage"},"thumbnailUrl":"https:\/\/geoclimate.ge\/wp-content\/uploads\/2025\/05\/Industrial-Dual-Discharge-Evaporators-StStAl_senzal-qdd9iplrwd14df8zaynxsjk4zvmqakh900a795oeno.png","datePublished":"2025-05-25T12:29:37+00:00","dateModified":"2025-05-25T12:32:07+00:00","breadcrumb":{"@id":"https:\/\/geoclimate.ge\/fr\/produit\/nh3-dual-discharge-unit-cooler\/#breadcrumb"},"inLanguage":"fr-FR","potentialAction":[{"@type":"ReadAction","target":["https:\/\/geoclimate.ge\/fr\/produit\/nh3-dual-discharge-unit-cooler\/"]}]},{"@type":"ImageObject","inLanguage":"fr-FR","@id":"https:\/\/geoclimate.ge\/fr\/produit\/nh3-dual-discharge-unit-cooler\/#primaryimage","url":"https:\/\/geoclimate.ge\/wp-content\/uploads\/2025\/05\/Industrial-Dual-Discharge-Evaporators-StStAl_senzal-qdd9iplrwd14df8zaynxsjk4zvmqakh900a795oeno.png","contentUrl":"https:\/\/geoclimate.ge\/wp-content\/uploads\/2025\/05\/Industrial-Dual-Discharge-Evaporators-StStAl_senzal-qdd9iplrwd14df8zaynxsjk4zvmqakh900a795oeno.png","width":700,"height":466},{"@type":"BreadcrumbList","@id":"https:\/\/geoclimate.ge\/fr\/produit\/nh3-dual-discharge-unit-cooler\/#breadcrumb","itemListElement":[{"@type":"ListItem","position":1,"name":"Home","item":"https:\/\/geoclimate.ge\/fr\/"},{"@type":"ListItem","position":2,"name":"Products","item":"https:\/\/geoclimate.ge\/fr\/products\/"},{"@type":"ListItem","position":3,"name":"\u00c9vaporateur double flux NH3"}]},{"@type":"WebSite","@id":"https:\/\/geoclimate.ge\/#website","url":"https:\/\/geoclimate.ge\/","name":"GeoClimate","description":"","publisher":{"@id":"https:\/\/geoclimate.ge\/#organization"},"potentialAction":[{"@type":"SearchAction","target":{"@type":"EntryPoint","urlTemplate":"https:\/\/geoclimate.ge\/?s={search_term_string}"},"query-input":{"@type":"PropertyValueSpecification","valueRequired":true,"valueName":"search_term_string"}}],"inLanguage":"fr-FR"},{"@type":"Organization","@id":"https:\/\/geoclimate.ge\/#organization","name":"GeoClimate","url":"https:\/\/geoclimate.ge\/","logo":{"@type":"ImageObject","inLanguage":"fr-FR","@id":"https:\/\/geoclimate.ge\/#\/schema\/logo\/image\/","url":"https:\/\/geoclimate.ge\/wp-content\/uploads\/2026\/03\/geoclimate-SEO.png","contentUrl":"https:\/\/geoclimate.ge\/wp-content\/uploads\/2026\/03\/geoclimate-SEO.png","width":1536,"height":1024,"caption":"GeoClimate"},"image":{"@id":"https:\/\/geoclimate.ge\/#\/schema\/logo\/image\/"}}]}},"_links":{"self":[{"href":"https:\/\/geoclimate.ge\/fr\/wp-json\/wp\/v2\/product\/33354","targetHints":{"allow":["GET"]}}],"collection":[{"href":"https:\/\/geoclimate.ge\/fr\/wp-json\/wp\/v2\/product"}],"about":[{"href":"https:\/\/geoclimate.ge\/fr\/wp-json\/wp\/v2\/types\/product"}],"wp:featuredmedia":[{"embeddable":true,"href":"https:\/\/geoclimate.ge\/fr\/wp-json\/wp\/v2\/media\/33349"}],"wp:attachment":[{"href":"https:\/\/geoclimate.ge\/fr\/wp-json\/wp\/v2\/media?parent=33354"}],"wp:term":[{"taxonomy":"product_brand","embeddable":true,"href":"https:\/\/geoclimate.ge\/fr\/wp-json\/wp\/v2\/product_brand?post=33354"},{"taxonomy":"product_cat","embeddable":true,"href":"https:\/\/geoclimate.ge\/fr\/wp-json\/wp\/v2\/product_cat?post=33354"},{"taxonomy":"product_tag","embeddable":true,"href":"https:\/\/geoclimate.ge\/fr\/wp-json\/wp\/v2\/product_tag?post=33354"}],"curies":[{"name":"wp","href":"https:\/\/api.w.org\/{rel}","templated":true}]}}