{"id":33393,"date":"2025-05-25T16:48:48","date_gmt":"2025-05-25T12:48:48","guid":{"rendered":"https:\/\/airsystems.ge\/shop\/product\/mee-n-kc-kr-motoevaporating-units-with-scroll-compressors\/"},"modified":"2025-05-25T16:49:52","modified_gmt":"2025-05-25T12:49:52","slug":"mee-n-kc-kr-motoevaporating-units-with-scroll-compressors","status":"publish","type":"product","link":"https:\/\/geoclimate.ge\/fr\/produit\/mee-n-kc-kr-motoevaporating-units-with-scroll-compressors\/","title":{"rendered":"MEE N Kc\/Kr Moto\u00e9vaporateurs avec compresseurs Scroll"},"content":{"rendered":"","protected":false},"excerpt":{"rendered":"<p>Puissance frigorifique de 47 kW \u00e0 416 kW<\/p>\n<p>Les unit\u00e9s de moto\u00e9vaporateurs refroidies par eau ou r\u00e9versibles de la s\u00e9rie MEE N sont con\u00e7ues pour une installation int\u00e9rieure et conviennent particuli\u00e8rement aux syst\u00e8mes de climatisation de petite et moyenne taille pour diverses applications, comme les immeubles collectifs et les applications commerciales. Un anneau d&rsquo;eau est \u00e9galement disponible pour la dissipation thermique. Elles sont toutes disponibles avec un ou deux circuits de refroidissement. Extr\u00eamement compactes, elles offrent un acc\u00e8s facile pour les op\u00e9rations de maintenance, qu&rsquo;elles soient courantes ou exceptionnelles. Gr\u00e2ce \u00e0 leurs dimensions compactes (largeur de 750 mm pour l&rsquo;ensemble de la gamme) et aux nombreuses options disponibles, ces unit\u00e9s sont particuli\u00e8rement faciles \u00e0 installer, m\u00eame dans les espaces r\u00e9duits, sans travaux de construction.<\/p>\n","protected":false},"featured_media":33388,"template":"","meta":[],"product_brand":[],"product_cat":[682,1642],"product_tag":[],"class_list":{"0":"post-33393","1":"product","2":"type-product","3":"status-publish","4":"has-post-thumbnail","6":"product_cat-climatiseurs-fr-industriels","7":"product_cat-evaporateur","9":"first","10":"instock","11":"shipping-taxable","12":"product-type-simple"},"yoast_head":"<!-- This site is optimized with the Yoast SEO plugin v27.1.1 - https:\/\/yoast.com\/product\/yoast-seo-wordpress\/ -->\n<title>MEE N Kc\/Kr Moto\u00e9vaporateurs avec compresseurs Scroll - GeoClimate.ge<\/title>\n<meta name=\"robots\" content=\"index, follow, max-snippet:-1, max-image-preview:large, max-video-preview:-1\" \/>\n<link rel=\"canonical\" href=\"https:\/\/geoclimate.ge\/fr\/produit\/mee-n-kc-kr-motoevaporating-units-with-scroll-compressors\/\" \/>\n<meta property=\"og:locale\" content=\"fr_FR\" \/>\n<meta property=\"og:type\" content=\"article\" \/>\n<meta property=\"og:title\" content=\"MEE N Kc\/Kr Moto\u00e9vaporateurs avec compresseurs Scroll - GeoClimate.ge\" \/>\n<meta property=\"og:description\" content=\"Puissance frigorifique de 47 kW \u00e0 416 kW  Les unit\u00e9s de moto\u00e9vaporateurs refroidies par eau ou r\u00e9versibles de la s\u00e9rie MEE N sont con\u00e7ues pour une installation int\u00e9rieure et conviennent particuli\u00e8rement aux syst\u00e8mes de climatisation de petite et moyenne taille pour diverses applications, comme les immeubles collectifs et les applications commerciales. Un anneau d&#039;eau est \u00e9galement disponible pour la dissipation thermique. Elles sont toutes disponibles avec un ou deux circuits de refroidissement. Extr\u00eamement compactes, elles offrent un acc\u00e8s facile pour les op\u00e9rations de maintenance, qu&#039;elles soient courantes ou exceptionnelles. Gr\u00e2ce \u00e0 leurs dimensions compactes (largeur de 750 mm pour l&#039;ensemble de la gamme) et aux nombreuses options disponibles, ces unit\u00e9s sont particuli\u00e8rement faciles \u00e0 installer, m\u00eame dans les espaces r\u00e9duits, sans travaux de construction.\" \/>\n<meta property=\"og:url\" content=\"https:\/\/geoclimate.ge\/fr\/produit\/mee-n-kc-kr-motoevaporating-units-with-scroll-compressors\/\" \/>\n<meta property=\"og:site_name\" content=\"GeoClimate.ge\" \/>\n<meta property=\"article:modified_time\" content=\"2025-05-25T12:49:52+00:00\" \/>\n<meta property=\"og:image\" content=\"https:\/\/geoclimate.ge\/wp-content\/uploads\/2025\/05\/RWE-N-Kc-Kr-scaled.png\" \/>\n\t<meta property=\"og:image:width\" content=\"2560\" \/>\n\t<meta property=\"og:image:height\" content=\"2193\" \/>\n\t<meta property=\"og:image:type\" content=\"image\/png\" \/>\n<meta name=\"twitter:card\" content=\"summary_large_image\" \/>\n<script type=\"application\/ld+json\" class=\"yoast-schema-graph\">{\"@context\":\"https:\/\/schema.org\",\"@graph\":[{\"@type\":\"WebPage\",\"@id\":\"https:\/\/geoclimate.ge\/fr\/produit\/mee-n-kc-kr-motoevaporating-units-with-scroll-compressors\/\",\"url\":\"https:\/\/geoclimate.ge\/fr\/produit\/mee-n-kc-kr-motoevaporating-units-with-scroll-compressors\/\",\"name\":\"MEE N Kc\/Kr Moto\u00e9vaporateurs avec compresseurs Scroll - GeoClimate.ge\",\"isPartOf\":{\"@id\":\"https:\/\/geoclimate.ge\/#website\"},\"primaryImageOfPage\":{\"@id\":\"https:\/\/geoclimate.ge\/fr\/produit\/mee-n-kc-kr-motoevaporating-units-with-scroll-compressors\/#primaryimage\"},\"image\":{\"@id\":\"https:\/\/geoclimate.ge\/fr\/produit\/mee-n-kc-kr-motoevaporating-units-with-scroll-compressors\/#primaryimage\"},\"thumbnailUrl\":\"https:\/\/geoclimate.ge\/wp-content\/uploads\/2025\/05\/RWE-N-Kc-Kr-scaled.png\",\"datePublished\":\"2025-05-25T12:48:48+00:00\",\"dateModified\":\"2025-05-25T12:49:52+00:00\",\"breadcrumb\":{\"@id\":\"https:\/\/geoclimate.ge\/fr\/produit\/mee-n-kc-kr-motoevaporating-units-with-scroll-compressors\/#breadcrumb\"},\"inLanguage\":\"fr-FR\",\"potentialAction\":[{\"@type\":\"ReadAction\",\"target\":[\"https:\/\/geoclimate.ge\/fr\/produit\/mee-n-kc-kr-motoevaporating-units-with-scroll-compressors\/\"]}]},{\"@type\":\"ImageObject\",\"inLanguage\":\"fr-FR\",\"@id\":\"https:\/\/geoclimate.ge\/fr\/produit\/mee-n-kc-kr-motoevaporating-units-with-scroll-compressors\/#primaryimage\",\"url\":\"https:\/\/geoclimate.ge\/wp-content\/uploads\/2025\/05\/RWE-N-Kc-Kr-scaled.png\",\"contentUrl\":\"https:\/\/geoclimate.ge\/wp-content\/uploads\/2025\/05\/RWE-N-Kc-Kr-scaled.png\",\"width\":2560,\"height\":2193},{\"@type\":\"BreadcrumbList\",\"@id\":\"https:\/\/geoclimate.ge\/fr\/produit\/mee-n-kc-kr-motoevaporating-units-with-scroll-compressors\/#breadcrumb\",\"itemListElement\":[{\"@type\":\"ListItem\",\"position\":1,\"name\":\"Home\",\"item\":\"https:\/\/geoclimate.ge\/fr\/\"},{\"@type\":\"ListItem\",\"position\":2,\"name\":\"Products\",\"item\":\"https:\/\/geoclimate.ge\/fr\/products\/\"},{\"@type\":\"ListItem\",\"position\":3,\"name\":\"MEE N Kc\/Kr Moto\u00e9vaporateurs avec compresseurs Scroll\"}]},{\"@type\":\"WebSite\",\"@id\":\"https:\/\/geoclimate.ge\/#website\",\"url\":\"https:\/\/geoclimate.ge\/\",\"name\":\"GeoClimate\",\"description\":\"\",\"publisher\":{\"@id\":\"https:\/\/geoclimate.ge\/#organization\"},\"potentialAction\":[{\"@type\":\"SearchAction\",\"target\":{\"@type\":\"EntryPoint\",\"urlTemplate\":\"https:\/\/geoclimate.ge\/?s={search_term_string}\"},\"query-input\":{\"@type\":\"PropertyValueSpecification\",\"valueRequired\":true,\"valueName\":\"search_term_string\"}}],\"inLanguage\":\"fr-FR\"},{\"@type\":\"Organization\",\"@id\":\"https:\/\/geoclimate.ge\/#organization\",\"name\":\"GeoClimate\",\"url\":\"https:\/\/geoclimate.ge\/\",\"logo\":{\"@type\":\"ImageObject\",\"inLanguage\":\"fr-FR\",\"@id\":\"https:\/\/geoclimate.ge\/#\/schema\/logo\/image\/\",\"url\":\"https:\/\/geoclimate.ge\/wp-content\/uploads\/2026\/03\/geoclimate-SEO.png\",\"contentUrl\":\"https:\/\/geoclimate.ge\/wp-content\/uploads\/2026\/03\/geoclimate-SEO.png\",\"width\":1536,\"height\":1024,\"caption\":\"GeoClimate\"},\"image\":{\"@id\":\"https:\/\/geoclimate.ge\/#\/schema\/logo\/image\/\"}}]}<\/script>\n<!-- \/ Yoast SEO plugin. -->","yoast_head_json":{"title":"MEE N Kc\/Kr Moto\u00e9vaporateurs avec compresseurs Scroll - GeoClimate.ge","robots":{"index":"index","follow":"follow","max-snippet":"max-snippet:-1","max-image-preview":"max-image-preview:large","max-video-preview":"max-video-preview:-1"},"canonical":"https:\/\/geoclimate.ge\/fr\/produit\/mee-n-kc-kr-motoevaporating-units-with-scroll-compressors\/","og_locale":"fr_FR","og_type":"article","og_title":"MEE N Kc\/Kr Moto\u00e9vaporateurs avec compresseurs Scroll - GeoClimate.ge","og_description":"Puissance frigorifique de 47 kW \u00e0 416 kW  Les unit\u00e9s de moto\u00e9vaporateurs refroidies par eau ou r\u00e9versibles de la s\u00e9rie MEE N sont con\u00e7ues pour une installation int\u00e9rieure et conviennent particuli\u00e8rement aux syst\u00e8mes de climatisation de petite et moyenne taille pour diverses applications, comme les immeubles collectifs et les applications commerciales. Un anneau d'eau est \u00e9galement disponible pour la dissipation thermique. Elles sont toutes disponibles avec un ou deux circuits de refroidissement. Extr\u00eamement compactes, elles offrent un acc\u00e8s facile pour les op\u00e9rations de maintenance, qu'elles soient courantes ou exceptionnelles. Gr\u00e2ce \u00e0 leurs dimensions compactes (largeur de 750 mm pour l'ensemble de la gamme) et aux nombreuses options disponibles, ces unit\u00e9s sont particuli\u00e8rement faciles \u00e0 installer, m\u00eame dans les espaces r\u00e9duits, sans travaux de construction.","og_url":"https:\/\/geoclimate.ge\/fr\/produit\/mee-n-kc-kr-motoevaporating-units-with-scroll-compressors\/","og_site_name":"GeoClimate.ge","article_modified_time":"2025-05-25T12:49:52+00:00","og_image":[{"width":2560,"height":2193,"url":"https:\/\/geoclimate.ge\/wp-content\/uploads\/2025\/05\/RWE-N-Kc-Kr-scaled.png","type":"image\/png"}],"twitter_card":"summary_large_image","schema":{"@context":"https:\/\/schema.org","@graph":[{"@type":"WebPage","@id":"https:\/\/geoclimate.ge\/fr\/produit\/mee-n-kc-kr-motoevaporating-units-with-scroll-compressors\/","url":"https:\/\/geoclimate.ge\/fr\/produit\/mee-n-kc-kr-motoevaporating-units-with-scroll-compressors\/","name":"MEE N Kc\/Kr Moto\u00e9vaporateurs avec compresseurs Scroll - GeoClimate.ge","isPartOf":{"@id":"https:\/\/geoclimate.ge\/#website"},"primaryImageOfPage":{"@id":"https:\/\/geoclimate.ge\/fr\/produit\/mee-n-kc-kr-motoevaporating-units-with-scroll-compressors\/#primaryimage"},"image":{"@id":"https:\/\/geoclimate.ge\/fr\/produit\/mee-n-kc-kr-motoevaporating-units-with-scroll-compressors\/#primaryimage"},"thumbnailUrl":"https:\/\/geoclimate.ge\/wp-content\/uploads\/2025\/05\/RWE-N-Kc-Kr-scaled.png","datePublished":"2025-05-25T12:48:48+00:00","dateModified":"2025-05-25T12:49:52+00:00","breadcrumb":{"@id":"https:\/\/geoclimate.ge\/fr\/produit\/mee-n-kc-kr-motoevaporating-units-with-scroll-compressors\/#breadcrumb"},"inLanguage":"fr-FR","potentialAction":[{"@type":"ReadAction","target":["https:\/\/geoclimate.ge\/fr\/produit\/mee-n-kc-kr-motoevaporating-units-with-scroll-compressors\/"]}]},{"@type":"ImageObject","inLanguage":"fr-FR","@id":"https:\/\/geoclimate.ge\/fr\/produit\/mee-n-kc-kr-motoevaporating-units-with-scroll-compressors\/#primaryimage","url":"https:\/\/geoclimate.ge\/wp-content\/uploads\/2025\/05\/RWE-N-Kc-Kr-scaled.png","contentUrl":"https:\/\/geoclimate.ge\/wp-content\/uploads\/2025\/05\/RWE-N-Kc-Kr-scaled.png","width":2560,"height":2193},{"@type":"BreadcrumbList","@id":"https:\/\/geoclimate.ge\/fr\/produit\/mee-n-kc-kr-motoevaporating-units-with-scroll-compressors\/#breadcrumb","itemListElement":[{"@type":"ListItem","position":1,"name":"Home","item":"https:\/\/geoclimate.ge\/fr\/"},{"@type":"ListItem","position":2,"name":"Products","item":"https:\/\/geoclimate.ge\/fr\/products\/"},{"@type":"ListItem","position":3,"name":"MEE N Kc\/Kr Moto\u00e9vaporateurs avec compresseurs Scroll"}]},{"@type":"WebSite","@id":"https:\/\/geoclimate.ge\/#website","url":"https:\/\/geoclimate.ge\/","name":"GeoClimate","description":"","publisher":{"@id":"https:\/\/geoclimate.ge\/#organization"},"potentialAction":[{"@type":"SearchAction","target":{"@type":"EntryPoint","urlTemplate":"https:\/\/geoclimate.ge\/?s={search_term_string}"},"query-input":{"@type":"PropertyValueSpecification","valueRequired":true,"valueName":"search_term_string"}}],"inLanguage":"fr-FR"},{"@type":"Organization","@id":"https:\/\/geoclimate.ge\/#organization","name":"GeoClimate","url":"https:\/\/geoclimate.ge\/","logo":{"@type":"ImageObject","inLanguage":"fr-FR","@id":"https:\/\/geoclimate.ge\/#\/schema\/logo\/image\/","url":"https:\/\/geoclimate.ge\/wp-content\/uploads\/2026\/03\/geoclimate-SEO.png","contentUrl":"https:\/\/geoclimate.ge\/wp-content\/uploads\/2026\/03\/geoclimate-SEO.png","width":1536,"height":1024,"caption":"GeoClimate"},"image":{"@id":"https:\/\/geoclimate.ge\/#\/schema\/logo\/image\/"}}]}},"_links":{"self":[{"href":"https:\/\/geoclimate.ge\/fr\/wp-json\/wp\/v2\/product\/33393","targetHints":{"allow":["GET"]}}],"collection":[{"href":"https:\/\/geoclimate.ge\/fr\/wp-json\/wp\/v2\/product"}],"about":[{"href":"https:\/\/geoclimate.ge\/fr\/wp-json\/wp\/v2\/types\/product"}],"wp:featuredmedia":[{"embeddable":true,"href":"https:\/\/geoclimate.ge\/fr\/wp-json\/wp\/v2\/media\/33388"}],"wp:attachment":[{"href":"https:\/\/geoclimate.ge\/fr\/wp-json\/wp\/v2\/media?parent=33393"}],"wp:term":[{"taxonomy":"product_brand","embeddable":true,"href":"https:\/\/geoclimate.ge\/fr\/wp-json\/wp\/v2\/product_brand?post=33393"},{"taxonomy":"product_cat","embeddable":true,"href":"https:\/\/geoclimate.ge\/fr\/wp-json\/wp\/v2\/product_cat?post=33393"},{"taxonomy":"product_tag","embeddable":true,"href":"https:\/\/geoclimate.ge\/fr\/wp-json\/wp\/v2\/product_tag?post=33393"}],"curies":[{"name":"wp","href":"https:\/\/api.w.org\/{rel}","templated":true}]}}